{"id":1979,"date":"2025-11-23T15:23:50","date_gmt":"2025-11-23T15:23:50","guid":{"rendered":"https:\/\/panwinjet.com\/?post_type=product&#038;p=1979"},"modified":"2025-11-23T15:23:50","modified_gmt":"2025-11-23T15:23:50","slug":"500bar-excellent-quality-hydro-jetting-pressured-pump-blasting-aluminum-cement-concrete-building-formwork-self-rotary-monro-mvt-style-f4-nozzles","status":"publish","type":"product","link":"https:\/\/panwinjet.com\/es\/producto\/500bar-excellent-quality-hydro-jetting-pressured-pump-blasting-aluminum-cement-concrete-building-formwork-self-rotary-monro-mvt-style-f4-nozzles\/","title":{"rendered":"Bomba de chorro de agua a presi\u00f3n de 500 bar de excelente calidad para granallado de aluminio, cemento, hormig\u00f3n, encofrados de construcci\u00f3n, boquillas autorrotativas estilo monro MVT F4"},"content":{"rendered":"<p>Estas boquillas autorrotativas monro MVT estilo F4 se pueden utilizar hasta<br \/>\nUna presi\u00f3n de funcionamiento de 500 bar y cinco roscas de conexi\u00f3n diferentes<br \/>\nHay tipos disponibles. Dise\u00f1o compacto, di\u00e1metro del rotor 0,6 mm-2,80 mm.<br \/>\nEstas boquillas autorrotativas estilo monro MVT F4 se pueden utilizar tanto en<br \/>\nConstrucci\u00f3n de edificios y en ingenier\u00eda civil para el tratamiento de superficies y<br \/>\nlimpieza.<\/p>\n<p>Las boquillas autorrotativas monro MVT Style F4 tienen bastantes ventajas y<br \/>\nCaracter\u00edsticas superiores:<br \/>\n1: Mayores niveles de capacidad de limpieza<br \/>\n2: Calidad de chorro constante<br \/>\n3: Larga vida \u00fatil<br \/>\n4: Ligero, duradero y confiable.<br \/>\n5: F\u00e1cil de instalar y desmontar.<\/p>","protected":false},"excerpt":{"rendered":"<p>Bomba de chorro de agua a presi\u00f3n de 500 bar de excelente calidad<br \/>\nEncofrado de construcci\u00f3n de hormig\u00f3n de cemento y aluminio autogiratorio monro MVT<br \/>\nBoquillas estilo F4<\/p>\n<p>Esta bomba de chorro de agua a presi\u00f3n de 500 bar de excelente calidad<br \/>\nEncofrado de hormig\u00f3n de cemento de aluminio autorrotativo estilo monro MVT<br \/>\nLas boquillas F4 combinan la alta potencia del chorro puntual con el \u00e1rea grande<br \/>\nSalida del chorro plano. Se pueden utilizar con todas las pistolas de alta presi\u00f3n homologadas.<br \/>\naccesorios y montados sobre lanzas.<\/p>","protected":false},"featured_media":1981,"template":"","meta":[],"product_brand":[],"product_cat":[10,11,5],"product_tag":[125,126],"class_list":{"0":"post-1979","1":"product","2":"type-product","3":"status-publish","4":"has-post-thumbnail","6":"product_cat-pipeline-tube-uhp-water-blasting-cleaning-device","7":"product_cat-ship-cleaning-device","8":"product_cat-uhp-rotating-nozzles","9":"product_tag-500b-hydro-jetting-pressured-pump-blasting","10":"product_tag-monro-mvt-style-f4-nozzles","12":"first","13":"instock","14":"shipping-taxable","15":"product-type-simple"},"yoast_head":"<!-- This site is optimized with the Yoast SEO plugin v24.9 - https:\/\/yoast.com\/wordpress\/plugins\/seo\/ -->\n<title>500Bar Excellent Quality Hydro-Jetting Pressured Pump Blasting Aluminum Cement concrete Building Formwork Self-Rotary monro MVT Style F4 Nozzles - Panwin Machinery&amp;Equipment<\/title>\n<meta name=\"robots\" content=\"index, follow, max-snippet:-1, max-image-preview:large, max-video-preview:-1\" \/>\n<link rel=\"canonical\" href=\"https:\/\/panwinjet.com\/es\/producto\/500bar-excellent-quality-hydro-jetting-pressured-pump-blasting-aluminum-cement-concrete-building-formwork-self-rotary-monro-mvt-style-f4-nozzles\/\" \/>\n<meta property=\"og:locale\" content=\"es_ES\" \/>\n<meta property=\"og:type\" content=\"article\" \/>\n<meta property=\"og:title\" content=\"500Bar Excellent Quality Hydro-Jetting Pressured Pump Blasting Aluminum Cement concrete Building Formwork Self-Rotary monro MVT Style F4 Nozzles - Panwin Machinery&amp;Equipment\" \/>\n<meta property=\"og:description\" content=\"500Bar Excellent Quality Hydro-Jetting Pressured Pump Blasting Aluminum Cement concrete Building Formwork Self-Rotary monro MVT Style F4 Nozzles  This 500Bar Excellent Quality Hydro-Jetting Pressured Pump Blasting Aluminum Cement concrete Formwork Self-Rotary monro MVT Style F4 Nozzles combine the high power of the point jet with the large area output of the flat jet. They can be used with all approved high-pressure fittings and mounted on lances.\" \/>\n<meta property=\"og:url\" content=\"https:\/\/panwinjet.com\/es\/producto\/500bar-excellent-quality-hydro-jetting-pressured-pump-blasting-aluminum-cement-concrete-building-formwork-self-rotary-monro-mvt-style-f4-nozzles\/\" \/>\n<meta property=\"og:site_name\" content=\"Panwin Machinery&amp;Equipment\" \/>\n<meta property=\"og:image\" content=\"https:\/\/panwinjet.com\/wp-content\/uploads\/2025\/11\/F3-F4-MVT-500Bar-Rotary-Nozzles-Swivel-3-1.jpg\" \/>\n\t<meta property=\"og:image:width\" content=\"1080\" \/>\n\t<meta property=\"og:image:height\" content=\"1920\" \/>\n\t<meta property=\"og:image:type\" content=\"image\/jpeg\" \/>\n<meta name=\"twitter:card\" content=\"summary_large_image\" \/>\n<meta name=\"twitter:label1\" content=\"Tiempo de lectura\" \/>\n\t<meta name=\"twitter:data1\" content=\"1 minuto\" \/>\n<script type=\"application\/ld+json\" class=\"yoast-schema-graph\">{\"@context\":\"https:\/\/schema.org\",\"@graph\":[{\"@type\":\"WebPage\",\"@id\":\"https:\/\/panwinjet.com\/product\/500bar-excellent-quality-hydro-jetting-pressured-pump-blasting-aluminum-cement-concrete-building-formwork-self-rotary-monro-mvt-style-f4-nozzles\/\",\"url\":\"https:\/\/panwinjet.com\/product\/500bar-excellent-quality-hydro-jetting-pressured-pump-blasting-aluminum-cement-concrete-building-formwork-self-rotary-monro-mvt-style-f4-nozzles\/\",\"name\":\"500Bar Excellent Quality Hydro-Jetting Pressured Pump Blasting Aluminum Cement concrete Building Formwork Self-Rotary monro MVT Style F4 Nozzles - Panwin Machinery&amp;Equipment\",\"isPartOf\":{\"@id\":\"https:\/\/panwinjet.com\/#website\"},\"primaryImageOfPage\":{\"@id\":\"https:\/\/panwinjet.com\/product\/500bar-excellent-quality-hydro-jetting-pressured-pump-blasting-aluminum-cement-concrete-building-formwork-self-rotary-monro-mvt-style-f4-nozzles\/#primaryimage\"},\"image\":{\"@id\":\"https:\/\/panwinjet.com\/product\/500bar-excellent-quality-hydro-jetting-pressured-pump-blasting-aluminum-cement-concrete-building-formwork-self-rotary-monro-mvt-style-f4-nozzles\/#primaryimage\"},\"thumbnailUrl\":\"https:\/\/panwinjet.com\/wp-content\/uploads\/2025\/11\/F3-F4-MVT-500Bar-Rotary-Nozzles-Swivel-3-1.jpg\",\"datePublished\":\"2025-11-23T15:23:50+00:00\",\"breadcrumb\":{\"@id\":\"https:\/\/panwinjet.com\/product\/500bar-excellent-quality-hydro-jetting-pressured-pump-blasting-aluminum-cement-concrete-building-formwork-self-rotary-monro-mvt-style-f4-nozzles\/#breadcrumb\"},\"inLanguage\":\"es\",\"potentialAction\":[{\"@type\":\"ReadAction\",\"target\":[\"https:\/\/panwinjet.com\/product\/500bar-excellent-quality-hydro-jetting-pressured-pump-blasting-aluminum-cement-concrete-building-formwork-self-rotary-monro-mvt-style-f4-nozzles\/\"]}]},{\"@type\":\"ImageObject\",\"inLanguage\":\"es\",\"@id\":\"https:\/\/panwinjet.com\/product\/500bar-excellent-quality-hydro-jetting-pressured-pump-blasting-aluminum-cement-concrete-building-formwork-self-rotary-monro-mvt-style-f4-nozzles\/#primaryimage\",\"url\":\"https:\/\/panwinjet.com\/wp-content\/uploads\/2025\/11\/F3-F4-MVT-500Bar-Rotary-Nozzles-Swivel-3-1.jpg\",\"contentUrl\":\"https:\/\/panwinjet.com\/wp-content\/uploads\/2025\/11\/F3-F4-MVT-500Bar-Rotary-Nozzles-Swivel-3-1.jpg\",\"width\":1080,\"height\":1920},{\"@type\":\"BreadcrumbList\",\"@id\":\"https:\/\/panwinjet.com\/product\/500bar-excellent-quality-hydro-jetting-pressured-pump-blasting-aluminum-cement-concrete-building-formwork-self-rotary-monro-mvt-style-f4-nozzles\/#breadcrumb\",\"itemListElement\":[{\"@type\":\"ListItem\",\"position\":1,\"name\":\"\u9996\u9875\",\"item\":\"https:\/\/panwinjet.com\/\"},{\"@type\":\"ListItem\",\"position\":2,\"name\":\"PRODUCT\",\"item\":\"https:\/\/panwinjet.com\/product\/\"},{\"@type\":\"ListItem\",\"position\":3,\"name\":\"500Bar Excellent Quality Hydro-Jetting Pressured Pump Blasting Aluminum Cement concrete Building Formwork Self-Rotary monro MVT Style F4 Nozzles\"}]},{\"@type\":\"WebSite\",\"@id\":\"https:\/\/panwinjet.com\/#website\",\"url\":\"https:\/\/panwinjet.com\/\",\"name\":\"Panwin Machinery&amp;Equipment\",\"description\":\"Shenzhen Panwin Machinery&amp;Equipment Co.Ltd\",\"potentialAction\":[{\"@type\":\"SearchAction\",\"target\":{\"@type\":\"EntryPoint\",\"urlTemplate\":\"https:\/\/panwinjet.com\/?s={search_term_string}\"},\"query-input\":{\"@type\":\"PropertyValueSpecification\",\"valueRequired\":true,\"valueName\":\"search_term_string\"}}],\"inLanguage\":\"es\"}]}<\/script>\n<!-- \/ Yoast SEO plugin. -->","yoast_head_json":{"title":"500Bar Excellent Quality Hydro-Jetting Pressured Pump Blasting Aluminum Cement concrete Building Formwork Self-Rotary monro MVT Style F4 Nozzles - Panwin Machinery&amp;Equipment","robots":{"index":"index","follow":"follow","max-snippet":"max-snippet:-1","max-image-preview":"max-image-preview:large","max-video-preview":"max-video-preview:-1"},"canonical":"https:\/\/panwinjet.com\/es\/producto\/500bar-excellent-quality-hydro-jetting-pressured-pump-blasting-aluminum-cement-concrete-building-formwork-self-rotary-monro-mvt-style-f4-nozzles\/","og_locale":"es_ES","og_type":"article","og_title":"500Bar Excellent Quality Hydro-Jetting Pressured Pump Blasting Aluminum Cement concrete Building Formwork Self-Rotary monro MVT Style F4 Nozzles - Panwin Machinery&amp;Equipment","og_description":"500Bar Excellent Quality Hydro-Jetting Pressured Pump Blasting Aluminum Cement concrete Building Formwork Self-Rotary monro MVT Style F4 Nozzles  This 500Bar Excellent Quality Hydro-Jetting Pressured Pump Blasting Aluminum Cement concrete Formwork Self-Rotary monro MVT Style F4 Nozzles combine the high power of the point jet with the large area output of the flat jet. They can be used with all approved high-pressure fittings and mounted on lances.","og_url":"https:\/\/panwinjet.com\/es\/producto\/500bar-excellent-quality-hydro-jetting-pressured-pump-blasting-aluminum-cement-concrete-building-formwork-self-rotary-monro-mvt-style-f4-nozzles\/","og_site_name":"Panwin Machinery&amp;Equipment","og_image":[{"width":1080,"height":1920,"url":"https:\/\/panwinjet.com\/wp-content\/uploads\/2025\/11\/F3-F4-MVT-500Bar-Rotary-Nozzles-Swivel-3-1.jpg","type":"image\/jpeg"}],"twitter_card":"summary_large_image","twitter_misc":{"Tiempo de lectura":"1 minuto"},"schema":{"@context":"https:\/\/schema.org","@graph":[{"@type":"WebPage","@id":"https:\/\/panwinjet.com\/product\/500bar-excellent-quality-hydro-jetting-pressured-pump-blasting-aluminum-cement-concrete-building-formwork-self-rotary-monro-mvt-style-f4-nozzles\/","url":"https:\/\/panwinjet.com\/product\/500bar-excellent-quality-hydro-jetting-pressured-pump-blasting-aluminum-cement-concrete-building-formwork-self-rotary-monro-mvt-style-f4-nozzles\/","name":"500Bar Excellent Quality Hydro-Jetting Pressured Pump Blasting Aluminum Cement concrete Building Formwork Self-Rotary monro MVT Style F4 Nozzles - Panwin Machinery&amp;Equipment","isPartOf":{"@id":"https:\/\/panwinjet.com\/#website"},"primaryImageOfPage":{"@id":"https:\/\/panwinjet.com\/product\/500bar-excellent-quality-hydro-jetting-pressured-pump-blasting-aluminum-cement-concrete-building-formwork-self-rotary-monro-mvt-style-f4-nozzles\/#primaryimage"},"image":{"@id":"https:\/\/panwinjet.com\/product\/500bar-excellent-quality-hydro-jetting-pressured-pump-blasting-aluminum-cement-concrete-building-formwork-self-rotary-monro-mvt-style-f4-nozzles\/#primaryimage"},"thumbnailUrl":"https:\/\/panwinjet.com\/wp-content\/uploads\/2025\/11\/F3-F4-MVT-500Bar-Rotary-Nozzles-Swivel-3-1.jpg","datePublished":"2025-11-23T15:23:50+00:00","breadcrumb":{"@id":"https:\/\/panwinjet.com\/product\/500bar-excellent-quality-hydro-jetting-pressured-pump-blasting-aluminum-cement-concrete-building-formwork-self-rotary-monro-mvt-style-f4-nozzles\/#breadcrumb"},"inLanguage":"es","potentialAction":[{"@type":"ReadAction","target":["https:\/\/panwinjet.com\/product\/500bar-excellent-quality-hydro-jetting-pressured-pump-blasting-aluminum-cement-concrete-building-formwork-self-rotary-monro-mvt-style-f4-nozzles\/"]}]},{"@type":"ImageObject","inLanguage":"es","@id":"https:\/\/panwinjet.com\/product\/500bar-excellent-quality-hydro-jetting-pressured-pump-blasting-aluminum-cement-concrete-building-formwork-self-rotary-monro-mvt-style-f4-nozzles\/#primaryimage","url":"https:\/\/panwinjet.com\/wp-content\/uploads\/2025\/11\/F3-F4-MVT-500Bar-Rotary-Nozzles-Swivel-3-1.jpg","contentUrl":"https:\/\/panwinjet.com\/wp-content\/uploads\/2025\/11\/F3-F4-MVT-500Bar-Rotary-Nozzles-Swivel-3-1.jpg","width":1080,"height":1920},{"@type":"BreadcrumbList","@id":"https:\/\/panwinjet.com\/product\/500bar-excellent-quality-hydro-jetting-pressured-pump-blasting-aluminum-cement-concrete-building-formwork-self-rotary-monro-mvt-style-f4-nozzles\/#breadcrumb","itemListElement":[{"@type":"ListItem","position":1,"name":"\u9996\u9875","item":"https:\/\/panwinjet.com\/"},{"@type":"ListItem","position":2,"name":"PRODUCT","item":"https:\/\/panwinjet.com\/product\/"},{"@type":"ListItem","position":3,"name":"500Bar Excellent Quality Hydro-Jetting Pressured Pump Blasting Aluminum Cement concrete Building Formwork Self-Rotary monro MVT Style F4 Nozzles"}]},{"@type":"WebSite","@id":"https:\/\/panwinjet.com\/#website","url":"https:\/\/panwinjet.com\/","name":"Panwin Machinery&amp;Equipment","description":"Shenzhen Panwin Machinery&amp;Equipment Co.Ltd","potentialAction":[{"@type":"SearchAction","target":{"@type":"EntryPoint","urlTemplate":"https:\/\/panwinjet.com\/?s={search_term_string}"},"query-input":{"@type":"PropertyValueSpecification","valueRequired":true,"valueName":"search_term_string"}}],"inLanguage":"es"}]}},"_links":{"self":[{"href":"https:\/\/panwinjet.com\/es\/wp-json\/wp\/v2\/product\/1979","targetHints":{"allow":["GET"]}}],"collection":[{"href":"https:\/\/panwinjet.com\/es\/wp-json\/wp\/v2\/product"}],"about":[{"href":"https:\/\/panwinjet.com\/es\/wp-json\/wp\/v2\/types\/product"}],"wp:featuredmedia":[{"embeddable":true,"href":"https:\/\/panwinjet.com\/es\/wp-json\/wp\/v2\/media\/1981"}],"wp:attachment":[{"href":"https:\/\/panwinjet.com\/es\/wp-json\/wp\/v2\/media?parent=1979"}],"wp:term":[{"taxonomy":"product_brand","embeddable":true,"href":"https:\/\/panwinjet.com\/es\/wp-json\/wp\/v2\/product_brand?post=1979"},{"taxonomy":"product_cat","embeddable":true,"href":"https:\/\/panwinjet.com\/es\/wp-json\/wp\/v2\/product_cat?post=1979"},{"taxonomy":"product_tag","embeddable":true,"href":"https:\/\/panwinjet.com\/es\/wp-json\/wp\/v2\/product_tag?post=1979"}],"curies":[{"name":"wp","href":"https:\/\/api.w.org\/{rel}","templated":true}]}}