{"id":1967,"date":"2025-11-23T15:11:20","date_gmt":"2025-11-23T15:11:20","guid":{"rendered":"https:\/\/panwinjet.com\/?post_type=product&#038;p=1967"},"modified":"2025-11-23T15:12:34","modified_gmt":"2025-11-23T15:12:34","slug":"20kpsi-pressure-water-jet-blasting-paint-removal-cleaning-rotary-flat-jet-for-monro-mvt-f1-nozzles","status":"publish","type":"product","link":"https:\/\/panwinjet.com\/es\/producto\/20kpsi-pressure-water-jet-blasting-paint-removal-cleaning-rotary-flat-jet-for-monro-mvt-f1-nozzles\/","title":{"rendered":"Chorro de agua a presi\u00f3n de 20 KPSI y 1500 bar para limpieza de eliminaci\u00f3n de pintura, chorro plano rotatorio para boquillas monro MVT F1"},"content":{"rendered":"<p>Chorro de agua a presi\u00f3n de 20 KPSI y 1500 bar para limpieza de eliminaci\u00f3n de pintura, chorro plano rotatorio para boquillas monro MVT F1<br \/>\nEl chorro plano rotativo para las boquillas monro MVT F1 combina la alta potencia del chorro puntual con la amplia \u00e1rea de salida del chorro plano. Se pueden utilizar con todos los accesorios de alta presi\u00f3n homologados y montar en lanzas.<br \/>\nEstos modelos de boquillas de chorro plano rotatorio para monro MVT F1 se pueden utilizar hasta una presi\u00f3n de funcionamiento de 1500 bar y hay tres tipos de rosca de conexi\u00f3n diferentes disponibles. Dise\u00f1o compacto, di\u00e1metro del rotor: 0,60-2,0 mm para diferentes niveles de caudal, estas boquillas de chorro plano rotatorio F1 se pueden utilizar tanto en la construcci\u00f3n de edificios como en ingenier\u00eda civil para el tratamiento y limpieza de superficies.<\/p>","protected":false},"excerpt":{"rendered":"<p>El chorro de agua a presi\u00f3n de 1500 bar para limpieza de eliminaci\u00f3n de pintura con chorro plano rotatorio para boquillas monro MVT F1 tiene bastantes ventajas y caracter\u00edsticas superiores:<br \/>\n1: Mayores niveles de capacidad de limpieza<br \/>\n2: Calidad de chorro constante<br \/>\n3: Larga vida \u00fatil<br \/>\n4: Ligero, duradero y confiable.<br \/>\n5: F\u00e1cil de instalar y desmontar.<\/p>","protected":false},"featured_media":1970,"template":"","meta":[],"product_brand":[],"product_cat":[10,11,5],"product_tag":[120,119,121],"class_list":{"0":"post-1967","1":"product","2":"type-product","3":"status-publish","4":"has-post-thumbnail","6":"product_cat-pipeline-tube-uhp-water-blasting-cleaning-device","7":"product_cat-ship-cleaning-device","8":"product_cat-uhp-rotating-nozzles","9":"product_tag-20kpsi-1500bar-pressure-water-jet-blasting","10":"product_tag-monro-mvt-f1-nozzles","11":"product_tag-paint-removal-cleaning-rotary-nozzle","13":"first","14":"instock","15":"shipping-taxable","16":"product-type-simple"},"yoast_head":"<!-- This site is optimized with the Yoast SEO plugin v24.9 - https:\/\/yoast.com\/wordpress\/plugins\/seo\/ -->\n<title>20KPSI 1500Bar Pressure Water Jet Blasting Paint Removal cleaning Rotary Flat Jet for monro MVT F1 Nozzles - Panwin Machinery&amp;Equipment<\/title>\n<meta name=\"robots\" content=\"index, follow, max-snippet:-1, max-image-preview:large, max-video-preview:-1\" \/>\n<link rel=\"canonical\" href=\"https:\/\/panwinjet.com\/es\/producto\/20kpsi-pressure-water-jet-blasting-paint-removal-cleaning-rotary-flat-jet-for-monro-mvt-f1-nozzles\/\" \/>\n<meta property=\"og:locale\" content=\"es_ES\" \/>\n<meta property=\"og:type\" content=\"article\" \/>\n<meta property=\"og:title\" content=\"20KPSI 1500Bar Pressure Water Jet Blasting Paint Removal cleaning Rotary Flat Jet for monro MVT F1 Nozzles - Panwin Machinery&amp;Equipment\" \/>\n<meta property=\"og:description\" content=\"The 1500Bar Pressure Water Jet Blasting Paint Removal cleaning Rotary Flat Jet for monro MVT F1 Nozzles has quite advantages and superior Features: 1: Higher cleaning capacity levels 2: Constant jet quality 3: Long lifetime 4:Light, durable and reliable 5:Easy to install and disassemble\" \/>\n<meta property=\"og:url\" content=\"https:\/\/panwinjet.com\/es\/producto\/20kpsi-pressure-water-jet-blasting-paint-removal-cleaning-rotary-flat-jet-for-monro-mvt-f1-nozzles\/\" \/>\n<meta property=\"og:site_name\" content=\"Panwin Machinery&amp;Equipment\" \/>\n<meta property=\"article:modified_time\" content=\"2025-11-23T15:12:34+00:00\" \/>\n<meta property=\"og:image\" content=\"https:\/\/panwinjet.com\/wp-content\/uploads\/2025\/11\/F1-Monro-MVT-Nozzles.jpg\" \/>\n\t<meta property=\"og:image:width\" content=\"810\" \/>\n\t<meta property=\"og:image:height\" content=\"1080\" \/>\n\t<meta property=\"og:image:type\" content=\"image\/jpeg\" \/>\n<meta name=\"twitter:card\" content=\"summary_large_image\" \/>\n<meta name=\"twitter:label1\" content=\"Tiempo de lectura\" \/>\n\t<meta name=\"twitter:data1\" content=\"1 minuto\" \/>\n<script type=\"application\/ld+json\" class=\"yoast-schema-graph\">{\"@context\":\"https:\/\/schema.org\",\"@graph\":[{\"@type\":\"WebPage\",\"@id\":\"https:\/\/panwinjet.com\/product\/20kpsi-pressure-water-jet-blasting-paint-removal-cleaning-rotary-flat-jet-for-monro-mvt-f1-nozzles\/\",\"url\":\"https:\/\/panwinjet.com\/product\/20kpsi-pressure-water-jet-blasting-paint-removal-cleaning-rotary-flat-jet-for-monro-mvt-f1-nozzles\/\",\"name\":\"20KPSI 1500Bar Pressure Water Jet Blasting Paint Removal cleaning Rotary Flat Jet for monro MVT F1 Nozzles - Panwin Machinery&amp;Equipment\",\"isPartOf\":{\"@id\":\"https:\/\/panwinjet.com\/#website\"},\"primaryImageOfPage\":{\"@id\":\"https:\/\/panwinjet.com\/product\/20kpsi-pressure-water-jet-blasting-paint-removal-cleaning-rotary-flat-jet-for-monro-mvt-f1-nozzles\/#primaryimage\"},\"image\":{\"@id\":\"https:\/\/panwinjet.com\/product\/20kpsi-pressure-water-jet-blasting-paint-removal-cleaning-rotary-flat-jet-for-monro-mvt-f1-nozzles\/#primaryimage\"},\"thumbnailUrl\":\"https:\/\/panwinjet.com\/wp-content\/uploads\/2025\/11\/F1-Monro-MVT-Nozzles.jpg\",\"datePublished\":\"2025-11-23T15:11:20+00:00\",\"dateModified\":\"2025-11-23T15:12:34+00:00\",\"breadcrumb\":{\"@id\":\"https:\/\/panwinjet.com\/product\/20kpsi-pressure-water-jet-blasting-paint-removal-cleaning-rotary-flat-jet-for-monro-mvt-f1-nozzles\/#breadcrumb\"},\"inLanguage\":\"es\",\"potentialAction\":[{\"@type\":\"ReadAction\",\"target\":[\"https:\/\/panwinjet.com\/product\/20kpsi-pressure-water-jet-blasting-paint-removal-cleaning-rotary-flat-jet-for-monro-mvt-f1-nozzles\/\"]}]},{\"@type\":\"ImageObject\",\"inLanguage\":\"es\",\"@id\":\"https:\/\/panwinjet.com\/product\/20kpsi-pressure-water-jet-blasting-paint-removal-cleaning-rotary-flat-jet-for-monro-mvt-f1-nozzles\/#primaryimage\",\"url\":\"https:\/\/panwinjet.com\/wp-content\/uploads\/2025\/11\/F1-Monro-MVT-Nozzles.jpg\",\"contentUrl\":\"https:\/\/panwinjet.com\/wp-content\/uploads\/2025\/11\/F1-Monro-MVT-Nozzles.jpg\",\"width\":810,\"height\":1080},{\"@type\":\"BreadcrumbList\",\"@id\":\"https:\/\/panwinjet.com\/product\/20kpsi-pressure-water-jet-blasting-paint-removal-cleaning-rotary-flat-jet-for-monro-mvt-f1-nozzles\/#breadcrumb\",\"itemListElement\":[{\"@type\":\"ListItem\",\"position\":1,\"name\":\"\u9996\u9875\",\"item\":\"https:\/\/panwinjet.com\/\"},{\"@type\":\"ListItem\",\"position\":2,\"name\":\"PRODUCT\",\"item\":\"https:\/\/panwinjet.com\/product\/\"},{\"@type\":\"ListItem\",\"position\":3,\"name\":\"20KPSI 1500Bar Pressure Water Jet Blasting Paint Removal cleaning Rotary Flat Jet for monro MVT F1 Nozzles\"}]},{\"@type\":\"WebSite\",\"@id\":\"https:\/\/panwinjet.com\/#website\",\"url\":\"https:\/\/panwinjet.com\/\",\"name\":\"Panwin Machinery&amp;Equipment\",\"description\":\"Shenzhen Panwin Machinery&amp;Equipment Co.Ltd\",\"potentialAction\":[{\"@type\":\"SearchAction\",\"target\":{\"@type\":\"EntryPoint\",\"urlTemplate\":\"https:\/\/panwinjet.com\/?s={search_term_string}\"},\"query-input\":{\"@type\":\"PropertyValueSpecification\",\"valueRequired\":true,\"valueName\":\"search_term_string\"}}],\"inLanguage\":\"es\"}]}<\/script>\n<!-- \/ Yoast SEO plugin. -->","yoast_head_json":{"title":"20KPSI 1500Bar Pressure Water Jet Blasting Paint Removal cleaning Rotary Flat Jet for monro MVT F1 Nozzles - Panwin Machinery&amp;Equipment","robots":{"index":"index","follow":"follow","max-snippet":"max-snippet:-1","max-image-preview":"max-image-preview:large","max-video-preview":"max-video-preview:-1"},"canonical":"https:\/\/panwinjet.com\/es\/producto\/20kpsi-pressure-water-jet-blasting-paint-removal-cleaning-rotary-flat-jet-for-monro-mvt-f1-nozzles\/","og_locale":"es_ES","og_type":"article","og_title":"20KPSI 1500Bar Pressure Water Jet Blasting Paint Removal cleaning Rotary Flat Jet for monro MVT F1 Nozzles - Panwin Machinery&amp;Equipment","og_description":"The 1500Bar Pressure Water Jet Blasting Paint Removal cleaning Rotary Flat Jet for monro MVT F1 Nozzles has quite advantages and superior Features: 1: Higher cleaning capacity levels 2: Constant jet quality 3: Long lifetime 4:Light, durable and reliable 5:Easy to install and disassemble","og_url":"https:\/\/panwinjet.com\/es\/producto\/20kpsi-pressure-water-jet-blasting-paint-removal-cleaning-rotary-flat-jet-for-monro-mvt-f1-nozzles\/","og_site_name":"Panwin Machinery&amp;Equipment","article_modified_time":"2025-11-23T15:12:34+00:00","og_image":[{"width":810,"height":1080,"url":"https:\/\/panwinjet.com\/wp-content\/uploads\/2025\/11\/F1-Monro-MVT-Nozzles.jpg","type":"image\/jpeg"}],"twitter_card":"summary_large_image","twitter_misc":{"Tiempo de lectura":"1 minuto"},"schema":{"@context":"https:\/\/schema.org","@graph":[{"@type":"WebPage","@id":"https:\/\/panwinjet.com\/product\/20kpsi-pressure-water-jet-blasting-paint-removal-cleaning-rotary-flat-jet-for-monro-mvt-f1-nozzles\/","url":"https:\/\/panwinjet.com\/product\/20kpsi-pressure-water-jet-blasting-paint-removal-cleaning-rotary-flat-jet-for-monro-mvt-f1-nozzles\/","name":"20KPSI 1500Bar Pressure Water Jet Blasting Paint Removal cleaning Rotary Flat Jet for monro MVT F1 Nozzles - Panwin Machinery&amp;Equipment","isPartOf":{"@id":"https:\/\/panwinjet.com\/#website"},"primaryImageOfPage":{"@id":"https:\/\/panwinjet.com\/product\/20kpsi-pressure-water-jet-blasting-paint-removal-cleaning-rotary-flat-jet-for-monro-mvt-f1-nozzles\/#primaryimage"},"image":{"@id":"https:\/\/panwinjet.com\/product\/20kpsi-pressure-water-jet-blasting-paint-removal-cleaning-rotary-flat-jet-for-monro-mvt-f1-nozzles\/#primaryimage"},"thumbnailUrl":"https:\/\/panwinjet.com\/wp-content\/uploads\/2025\/11\/F1-Monro-MVT-Nozzles.jpg","datePublished":"2025-11-23T15:11:20+00:00","dateModified":"2025-11-23T15:12:34+00:00","breadcrumb":{"@id":"https:\/\/panwinjet.com\/product\/20kpsi-pressure-water-jet-blasting-paint-removal-cleaning-rotary-flat-jet-for-monro-mvt-f1-nozzles\/#breadcrumb"},"inLanguage":"es","potentialAction":[{"@type":"ReadAction","target":["https:\/\/panwinjet.com\/product\/20kpsi-pressure-water-jet-blasting-paint-removal-cleaning-rotary-flat-jet-for-monro-mvt-f1-nozzles\/"]}]},{"@type":"ImageObject","inLanguage":"es","@id":"https:\/\/panwinjet.com\/product\/20kpsi-pressure-water-jet-blasting-paint-removal-cleaning-rotary-flat-jet-for-monro-mvt-f1-nozzles\/#primaryimage","url":"https:\/\/panwinjet.com\/wp-content\/uploads\/2025\/11\/F1-Monro-MVT-Nozzles.jpg","contentUrl":"https:\/\/panwinjet.com\/wp-content\/uploads\/2025\/11\/F1-Monro-MVT-Nozzles.jpg","width":810,"height":1080},{"@type":"BreadcrumbList","@id":"https:\/\/panwinjet.com\/product\/20kpsi-pressure-water-jet-blasting-paint-removal-cleaning-rotary-flat-jet-for-monro-mvt-f1-nozzles\/#breadcrumb","itemListElement":[{"@type":"ListItem","position":1,"name":"\u9996\u9875","item":"https:\/\/panwinjet.com\/"},{"@type":"ListItem","position":2,"name":"PRODUCT","item":"https:\/\/panwinjet.com\/product\/"},{"@type":"ListItem","position":3,"name":"20KPSI 1500Bar Pressure Water Jet Blasting Paint Removal cleaning Rotary Flat Jet for monro MVT F1 Nozzles"}]},{"@type":"WebSite","@id":"https:\/\/panwinjet.com\/#website","url":"https:\/\/panwinjet.com\/","name":"Panwin Machinery&amp;Equipment","description":"Shenzhen Panwin Machinery&amp;Equipment Co.Ltd","potentialAction":[{"@type":"SearchAction","target":{"@type":"EntryPoint","urlTemplate":"https:\/\/panwinjet.com\/?s={search_term_string}"},"query-input":{"@type":"PropertyValueSpecification","valueRequired":true,"valueName":"search_term_string"}}],"inLanguage":"es"}]}},"_links":{"self":[{"href":"https:\/\/panwinjet.com\/es\/wp-json\/wp\/v2\/product\/1967","targetHints":{"allow":["GET"]}}],"collection":[{"href":"https:\/\/panwinjet.com\/es\/wp-json\/wp\/v2\/product"}],"about":[{"href":"https:\/\/panwinjet.com\/es\/wp-json\/wp\/v2\/types\/product"}],"wp:featuredmedia":[{"embeddable":true,"href":"https:\/\/panwinjet.com\/es\/wp-json\/wp\/v2\/media\/1970"}],"wp:attachment":[{"href":"https:\/\/panwinjet.com\/es\/wp-json\/wp\/v2\/media?parent=1967"}],"wp:term":[{"taxonomy":"product_brand","embeddable":true,"href":"https:\/\/panwinjet.com\/es\/wp-json\/wp\/v2\/product_brand?post=1967"},{"taxonomy":"product_cat","embeddable":true,"href":"https:\/\/panwinjet.com\/es\/wp-json\/wp\/v2\/product_cat?post=1967"},{"taxonomy":"product_tag","embeddable":true,"href":"https:\/\/panwinjet.com\/es\/wp-json\/wp\/v2\/product_tag?post=1967"}],"curies":[{"name":"wp","href":"https:\/\/api.w.org\/{rel}","templated":true}]}}