{"id":1958,"date":"2025-11-20T06:23:05","date_gmt":"2025-11-20T06:23:05","guid":{"rendered":"https:\/\/panwinjet.com\/?post_type=product&#038;p=1958"},"modified":"2025-11-20T06:23:05","modified_gmt":"2025-11-20T06:23:05","slug":"2800bar-40kpsi-hydro-blasting-water-blaster-shiphull-uhp-hydro-jetting-blasting-bypass-cartridge-53725","status":"publish","type":"product","link":"https:\/\/panwinjet.com\/es\/producto\/2800bar-40kpsi-hydro-blasting-water-blaster-shiphull-uhp-hydro-jetting-blasting-bypass-cartridge-53725\/","title":{"rendered":"Hidrochorro de 2800 bar (40 kpsi) para cascos de barcos, hidrochorro UHP, cartucho de derivaci\u00f3n - 53725"},"content":{"rendered":"<p>Caracter\u00edsticas y aplicaciones del cartucho de derivaci\u00f3n Jetstream de 40 K para chorro de agua UHP - 53725<br \/>\nEste cartucho de derivaci\u00f3n Jetstream 40K para chorro de agua UHP 53725 es un componente importante de la v\u00e1lvula de derivaci\u00f3n manual Jetstream n.\u00b0 53715. Su dise\u00f1o innovador ofrece grandes ventajas en cuanto a facilidad de mantenimiento, simplicidad de estructura y dise\u00f1o, versatilidad de conversi\u00f3n y multifuncionalidad. Este cartucho de repuesto, compatible con la pieza JST n.\u00b0 53715, presenta las siguientes caracter\u00edsticas:<br \/>\nCaracter\u00edsticas:<br \/>\n1: Servicio sencillo, tiempo de inactividad m\u00ednimo<br \/>\n2: Durabilidad prolongada<br \/>\n3: \u00c9mbolos y casquillos de \u00e9mbolo de carburo s\u00f3lido<\/p>","protected":false},"excerpt":{"rendered":"<p>Par\u00e1metros (especificaci\u00f3n) del cartucho de derivaci\u00f3n Jetstream de 40 K para chorro de agua UHP - 53725<br \/>\nEste cartucho de derivaci\u00f3n Jetstream de 40\u00a0000 W con chorro de agua UHP - 53725<br \/>\nEst\u00e1 fabricada en acero inoxidable de alta calidad. Tanto la v\u00e1lvula como el asiento est\u00e1n fabricados en acero inoxidable endurecido y recubiertos para una m\u00e1xima resistencia al desgaste y una mayor vida \u00fatil.<\/p>","protected":false},"featured_media":1963,"template":"","meta":[],"product_brand":[],"product_cat":[8,9,7,10,11],"product_tag":[116,118,117],"class_list":{"0":"post-1958","1":"product","2":"type-product","3":"status-publish","4":"has-post-thumbnail","6":"product_cat-giant-tank-cleaningcutting-device","7":"product_cat-heat-exchanger-cleaning-device","8":"product_cat-jetstream-pump-fluid-end-compatibe-parts","9":"product_cat-pipeline-tube-uhp-water-blasting-cleaning-device","10":"product_cat-ship-cleaning-device","11":"product_tag-2800bar-40kpsi-hydro-blasting","12":"product_tag-bypass-cartridge-53725","13":"product_tag-uhp-hydro-jetting-blasting","15":"first","16":"instock","17":"shipping-taxable","18":"product-type-simple"},"yoast_head":"<!-- This site is optimized with the Yoast SEO plugin v24.9 - https:\/\/yoast.com\/wordpress\/plugins\/seo\/ -->\n<title>2800Bar 40Kpsi Hydro-Blasting Water Blaster Shiphull UHP Hydro-Jetting Blasting ByPass Cartridge-53725 - Panwin Machinery&amp;Equipment<\/title>\n<meta name=\"robots\" content=\"index, follow, max-snippet:-1, max-image-preview:large, max-video-preview:-1\" \/>\n<link rel=\"canonical\" href=\"https:\/\/panwinjet.com\/es\/producto\/2800bar-40kpsi-hydro-blasting-water-blaster-shiphull-uhp-hydro-jetting-blasting-bypass-cartridge-53725\/\" \/>\n<meta property=\"og:locale\" content=\"es_ES\" \/>\n<meta property=\"og:type\" content=\"article\" \/>\n<meta property=\"og:title\" content=\"2800Bar 40Kpsi Hydro-Blasting Water Blaster Shiphull UHP Hydro-Jetting Blasting ByPass Cartridge-53725 - Panwin Machinery&amp;Equipment\" \/>\n<meta property=\"og:description\" content=\"Parameter (Specification) of UHP Water-Jetting 40K Jetstream ByPass Cartridge-53725 This UHP Water-Jetting 40K Jetstream ByPass Cartridge-53725 is made of high-quality Stainless Steel,Both the valve and seat are manufactured from hardened stainless steel and coated for maximum wear resistance and service life.\" \/>\n<meta property=\"og:url\" content=\"https:\/\/panwinjet.com\/es\/producto\/2800bar-40kpsi-hydro-blasting-water-blaster-shiphull-uhp-hydro-jetting-blasting-bypass-cartridge-53725\/\" \/>\n<meta property=\"og:site_name\" content=\"Panwin Machinery&amp;Equipment\" \/>\n<meta property=\"og:image\" content=\"https:\/\/panwinjet.com\/wp-content\/uploads\/2025\/11\/53725-40K-\u8c03\u538b\u9600\u9600\u82af5-scaled.jpg\" \/>\n\t<meta property=\"og:image:width\" content=\"2560\" \/>\n\t<meta property=\"og:image:height\" content=\"1152\" \/>\n\t<meta property=\"og:image:type\" content=\"image\/jpeg\" \/>\n<meta name=\"twitter:card\" content=\"summary_large_image\" \/>\n<meta name=\"twitter:label1\" content=\"Tiempo de lectura\" \/>\n\t<meta name=\"twitter:data1\" content=\"1 minuto\" \/>\n<script type=\"application\/ld+json\" class=\"yoast-schema-graph\">{\"@context\":\"https:\/\/schema.org\",\"@graph\":[{\"@type\":\"WebPage\",\"@id\":\"https:\/\/panwinjet.com\/product\/2800bar-40kpsi-hydro-blasting-water-blaster-shiphull-uhp-hydro-jetting-blasting-bypass-cartridge-53725\/\",\"url\":\"https:\/\/panwinjet.com\/product\/2800bar-40kpsi-hydro-blasting-water-blaster-shiphull-uhp-hydro-jetting-blasting-bypass-cartridge-53725\/\",\"name\":\"2800Bar 40Kpsi Hydro-Blasting Water Blaster Shiphull UHP Hydro-Jetting Blasting ByPass Cartridge-53725 - Panwin Machinery&amp;Equipment\",\"isPartOf\":{\"@id\":\"https:\/\/panwinjet.com\/#website\"},\"primaryImageOfPage\":{\"@id\":\"https:\/\/panwinjet.com\/product\/2800bar-40kpsi-hydro-blasting-water-blaster-shiphull-uhp-hydro-jetting-blasting-bypass-cartridge-53725\/#primaryimage\"},\"image\":{\"@id\":\"https:\/\/panwinjet.com\/product\/2800bar-40kpsi-hydro-blasting-water-blaster-shiphull-uhp-hydro-jetting-blasting-bypass-cartridge-53725\/#primaryimage\"},\"thumbnailUrl\":\"https:\/\/panwinjet.com\/wp-content\/uploads\/2025\/11\/53725-40K-\u8c03\u538b\u9600\u9600\u82af5-scaled.jpg\",\"datePublished\":\"2025-11-20T06:23:05+00:00\",\"breadcrumb\":{\"@id\":\"https:\/\/panwinjet.com\/product\/2800bar-40kpsi-hydro-blasting-water-blaster-shiphull-uhp-hydro-jetting-blasting-bypass-cartridge-53725\/#breadcrumb\"},\"inLanguage\":\"es\",\"potentialAction\":[{\"@type\":\"ReadAction\",\"target\":[\"https:\/\/panwinjet.com\/product\/2800bar-40kpsi-hydro-blasting-water-blaster-shiphull-uhp-hydro-jetting-blasting-bypass-cartridge-53725\/\"]}]},{\"@type\":\"ImageObject\",\"inLanguage\":\"es\",\"@id\":\"https:\/\/panwinjet.com\/product\/2800bar-40kpsi-hydro-blasting-water-blaster-shiphull-uhp-hydro-jetting-blasting-bypass-cartridge-53725\/#primaryimage\",\"url\":\"https:\/\/panwinjet.com\/wp-content\/uploads\/2025\/11\/53725-40K-\u8c03\u538b\u9600\u9600\u82af5-scaled.jpg\",\"contentUrl\":\"https:\/\/panwinjet.com\/wp-content\/uploads\/2025\/11\/53725-40K-\u8c03\u538b\u9600\u9600\u82af5-scaled.jpg\",\"width\":2560,\"height\":1152},{\"@type\":\"BreadcrumbList\",\"@id\":\"https:\/\/panwinjet.com\/product\/2800bar-40kpsi-hydro-blasting-water-blaster-shiphull-uhp-hydro-jetting-blasting-bypass-cartridge-53725\/#breadcrumb\",\"itemListElement\":[{\"@type\":\"ListItem\",\"position\":1,\"name\":\"\u9996\u9875\",\"item\":\"https:\/\/panwinjet.com\/\"},{\"@type\":\"ListItem\",\"position\":2,\"name\":\"PRODUCT\",\"item\":\"https:\/\/panwinjet.com\/product\/\"},{\"@type\":\"ListItem\",\"position\":3,\"name\":\"2800Bar 40Kpsi Hydro-Blasting Water Blaster Shiphull UHP Hydro-Jetting Blasting ByPass Cartridge-53725\"}]},{\"@type\":\"WebSite\",\"@id\":\"https:\/\/panwinjet.com\/#website\",\"url\":\"https:\/\/panwinjet.com\/\",\"name\":\"Panwin Machinery&amp;Equipment\",\"description\":\"Shenzhen Panwin Machinery&amp;Equipment Co.Ltd\",\"potentialAction\":[{\"@type\":\"SearchAction\",\"target\":{\"@type\":\"EntryPoint\",\"urlTemplate\":\"https:\/\/panwinjet.com\/?s={search_term_string}\"},\"query-input\":{\"@type\":\"PropertyValueSpecification\",\"valueRequired\":true,\"valueName\":\"search_term_string\"}}],\"inLanguage\":\"es\"}]}<\/script>\n<!-- \/ Yoast SEO plugin. -->","yoast_head_json":{"title":"2800Bar 40Kpsi Hydro-Blasting Water Blaster Shiphull UHP Hydro-Jetting Blasting ByPass Cartridge-53725 - Panwin Machinery&amp;Equipment","robots":{"index":"index","follow":"follow","max-snippet":"max-snippet:-1","max-image-preview":"max-image-preview:large","max-video-preview":"max-video-preview:-1"},"canonical":"https:\/\/panwinjet.com\/es\/producto\/2800bar-40kpsi-hydro-blasting-water-blaster-shiphull-uhp-hydro-jetting-blasting-bypass-cartridge-53725\/","og_locale":"es_ES","og_type":"article","og_title":"2800Bar 40Kpsi Hydro-Blasting Water Blaster Shiphull UHP Hydro-Jetting Blasting ByPass Cartridge-53725 - Panwin Machinery&amp;Equipment","og_description":"Parameter (Specification) of UHP Water-Jetting 40K Jetstream ByPass Cartridge-53725 This UHP Water-Jetting 40K Jetstream ByPass Cartridge-53725 is made of high-quality Stainless Steel,Both the valve and seat are manufactured from hardened stainless steel and coated for maximum wear resistance and service life.","og_url":"https:\/\/panwinjet.com\/es\/producto\/2800bar-40kpsi-hydro-blasting-water-blaster-shiphull-uhp-hydro-jetting-blasting-bypass-cartridge-53725\/","og_site_name":"Panwin Machinery&amp;Equipment","og_image":[{"width":2560,"height":1152,"url":"https:\/\/panwinjet.com\/wp-content\/uploads\/2025\/11\/53725-40K-\u8c03\u538b\u9600\u9600\u82af5-scaled.jpg","type":"image\/jpeg"}],"twitter_card":"summary_large_image","twitter_misc":{"Tiempo de lectura":"1 minuto"},"schema":{"@context":"https:\/\/schema.org","@graph":[{"@type":"WebPage","@id":"https:\/\/panwinjet.com\/product\/2800bar-40kpsi-hydro-blasting-water-blaster-shiphull-uhp-hydro-jetting-blasting-bypass-cartridge-53725\/","url":"https:\/\/panwinjet.com\/product\/2800bar-40kpsi-hydro-blasting-water-blaster-shiphull-uhp-hydro-jetting-blasting-bypass-cartridge-53725\/","name":"2800Bar 40Kpsi Hydro-Blasting Water Blaster Shiphull UHP Hydro-Jetting Blasting ByPass Cartridge-53725 - Panwin Machinery&amp;Equipment","isPartOf":{"@id":"https:\/\/panwinjet.com\/#website"},"primaryImageOfPage":{"@id":"https:\/\/panwinjet.com\/product\/2800bar-40kpsi-hydro-blasting-water-blaster-shiphull-uhp-hydro-jetting-blasting-bypass-cartridge-53725\/#primaryimage"},"image":{"@id":"https:\/\/panwinjet.com\/product\/2800bar-40kpsi-hydro-blasting-water-blaster-shiphull-uhp-hydro-jetting-blasting-bypass-cartridge-53725\/#primaryimage"},"thumbnailUrl":"https:\/\/panwinjet.com\/wp-content\/uploads\/2025\/11\/53725-40K-\u8c03\u538b\u9600\u9600\u82af5-scaled.jpg","datePublished":"2025-11-20T06:23:05+00:00","breadcrumb":{"@id":"https:\/\/panwinjet.com\/product\/2800bar-40kpsi-hydro-blasting-water-blaster-shiphull-uhp-hydro-jetting-blasting-bypass-cartridge-53725\/#breadcrumb"},"inLanguage":"es","potentialAction":[{"@type":"ReadAction","target":["https:\/\/panwinjet.com\/product\/2800bar-40kpsi-hydro-blasting-water-blaster-shiphull-uhp-hydro-jetting-blasting-bypass-cartridge-53725\/"]}]},{"@type":"ImageObject","inLanguage":"es","@id":"https:\/\/panwinjet.com\/product\/2800bar-40kpsi-hydro-blasting-water-blaster-shiphull-uhp-hydro-jetting-blasting-bypass-cartridge-53725\/#primaryimage","url":"https:\/\/panwinjet.com\/wp-content\/uploads\/2025\/11\/53725-40K-\u8c03\u538b\u9600\u9600\u82af5-scaled.jpg","contentUrl":"https:\/\/panwinjet.com\/wp-content\/uploads\/2025\/11\/53725-40K-\u8c03\u538b\u9600\u9600\u82af5-scaled.jpg","width":2560,"height":1152},{"@type":"BreadcrumbList","@id":"https:\/\/panwinjet.com\/product\/2800bar-40kpsi-hydro-blasting-water-blaster-shiphull-uhp-hydro-jetting-blasting-bypass-cartridge-53725\/#breadcrumb","itemListElement":[{"@type":"ListItem","position":1,"name":"\u9996\u9875","item":"https:\/\/panwinjet.com\/"},{"@type":"ListItem","position":2,"name":"PRODUCT","item":"https:\/\/panwinjet.com\/product\/"},{"@type":"ListItem","position":3,"name":"2800Bar 40Kpsi Hydro-Blasting Water Blaster Shiphull UHP Hydro-Jetting Blasting ByPass Cartridge-53725"}]},{"@type":"WebSite","@id":"https:\/\/panwinjet.com\/#website","url":"https:\/\/panwinjet.com\/","name":"Panwin Machinery&amp;Equipment","description":"Shenzhen Panwin Machinery&amp;Equipment Co.Ltd","potentialAction":[{"@type":"SearchAction","target":{"@type":"EntryPoint","urlTemplate":"https:\/\/panwinjet.com\/?s={search_term_string}"},"query-input":{"@type":"PropertyValueSpecification","valueRequired":true,"valueName":"search_term_string"}}],"inLanguage":"es"}]}},"_links":{"self":[{"href":"https:\/\/panwinjet.com\/es\/wp-json\/wp\/v2\/product\/1958","targetHints":{"allow":["GET"]}}],"collection":[{"href":"https:\/\/panwinjet.com\/es\/wp-json\/wp\/v2\/product"}],"about":[{"href":"https:\/\/panwinjet.com\/es\/wp-json\/wp\/v2\/types\/product"}],"wp:featuredmedia":[{"embeddable":true,"href":"https:\/\/panwinjet.com\/es\/wp-json\/wp\/v2\/media\/1963"}],"wp:attachment":[{"href":"https:\/\/panwinjet.com\/es\/wp-json\/wp\/v2\/media?parent=1958"}],"wp:term":[{"taxonomy":"product_brand","embeddable":true,"href":"https:\/\/panwinjet.com\/es\/wp-json\/wp\/v2\/product_brand?post=1958"},{"taxonomy":"product_cat","embeddable":true,"href":"https:\/\/panwinjet.com\/es\/wp-json\/wp\/v2\/product_cat?post=1958"},{"taxonomy":"product_tag","embeddable":true,"href":"https:\/\/panwinjet.com\/es\/wp-json\/wp\/v2\/product_tag?post=1958"}],"curies":[{"name":"wp","href":"https:\/\/api.w.org\/{rel}","templated":true}]}}