{"id":1942,"date":"2025-11-20T06:10:53","date_gmt":"2025-11-20T06:10:53","guid":{"rendered":"https:\/\/panwinjet.com\/?post_type=product&#038;p=1942"},"modified":"2025-11-20T06:10:54","modified_gmt":"2025-11-20T06:10:54","slug":"uhp-pressured-big-flow-hydro-jet-2800bar-triplex-plunger-pump-cleaning-equipment-parts-divert-cartridge-53475","status":"publish","type":"product","link":"https:\/\/panwinjet.com\/es\/producto\/uhp-pressured-big-flow-hydro-jet-2800bar-triplex-plunger-pump-cleaning-equipment-parts-divert-cartridge-53475\/","title":{"rendered":"Bomba de \u00e9mbolo triplex de gran caudal y presi\u00f3n UHP de 2800 bar para limpieza de piezas de equipos de limpieza, cartucho de desv\u00edo - 53475"},"content":{"rendered":"<p>Introducci\u00f3n del producto: Cartucho desviador de hidrojet de gran caudal y presi\u00f3n UHP de 2800 bar - 53475<\/p>\n<p>Este cartucho de desviaci\u00f3n de hidrojet de gran caudal presurizado UHP de 2800 bar-53475 es compatible con la v\u00e1lvula de desviaci\u00f3n de chorro de agua n.\u00b0 53475, es un cartucho de v\u00e1lvula f\u00e1cilmente reemplazable que permite al usuario reconstruir completamente la v\u00e1lvula en solo unos minutos.<\/p>\n<p>Par\u00e1metros (especificaci\u00f3n) del cartucho desviador de chorro de agua de gran caudal y presi\u00f3n UHP de 2800 bar - 53475<br \/>\nEste cartucho de desviaci\u00f3n de hidrojet de gran caudal presurizado UHP de 2800 bar - 53475 est\u00e1 hecho de acero inoxidable de alta calidad. Tanto la v\u00e1lvula como el asiento est\u00e1n fabricados de acero inoxidable endurecido y recubiertos para m\u00e1xima resistencia al desgaste y vida \u00fatil.<\/p>","protected":false},"excerpt":{"rendered":"<p>Bomba de \u00e9mbolo triplex de gran caudal y presi\u00f3n UHP de 2800 bar para limpieza de piezas de equipos de limpieza, cartucho de desv\u00edo - 53475<\/p>\n<p>Solicitud:<br \/>\nPiezas de repuesto para equipos de limpieza de bombas de \u00e9mbolo triplex UHP de 3000 bar para astilleros. Robot de preparaci\u00f3n de superficies para barras de pulverizaci\u00f3n Hammelmann.<br \/>\nChorro de agua a presi\u00f3n por agua para la industria del hierro, el acero y los metales<br \/>\nIngenier\u00eda mec\u00e1nica y de aparatos para hidrolavadoras de alta presi\u00f3n<br \/>\nIndustria del cemento y el hormig\u00f3n<br \/>\nLimpieza de superficies con barracuda de alta presi\u00f3n<br \/>\nPiezas para equipos de limpieza UHP Hydro Jet<br \/>\nBarras pulverizadoras de limpieza industrial<br \/>\nM\u00e1quina de hidrolavado para la industria de refinaci\u00f3n de petr\u00f3leo<br \/>\nLimpieza de superficies con chorro de agua a presi\u00f3n, limpieza de tanques y recipientes.<br \/>\nLimpieza del intercambiador de calor,<br \/>\nLimpieza de pintura de autom\u00f3viles, limpieza de la industria minera, limpieza de f\u00e1bricas de acero, etc.<br \/>\nEquipos de limpieza de alcantarillado de alta presi\u00f3n para redes de tuber\u00edas municipales de suministro de agua y drenaje;<\/p>","protected":false},"featured_media":1946,"template":"","meta":[],"product_brand":[],"product_cat":[9,7,10,11],"product_tag":[112,111,110],"class_list":{"0":"post-1942","1":"product","2":"type-product","3":"status-publish","4":"has-post-thumbnail","6":"product_cat-heat-exchanger-cleaning-device","7":"product_cat-jetstream-pump-fluid-end-compatibe-parts","8":"product_cat-pipeline-tube-uhp-water-blasting-cleaning-device","9":"product_cat-ship-cleaning-device","10":"product_tag-divert-cartridge-jetstream-53475","11":"product_tag-hydro-jet-2800bar-triplex-plunger-pump","12":"product_tag-uhp-pressured-big-flow-pump","14":"first","15":"instock","16":"shipping-taxable","17":"product-type-simple"},"yoast_head":"<!-- This site is optimized with the Yoast SEO plugin v24.9 - https:\/\/yoast.com\/wordpress\/plugins\/seo\/ -->\n<title>UHP pressured big flow hydro-jet 2800Bar triplex plunger pump cleaning equipment parts Divert Cartridge-53475 - Panwin Machinery&amp;Equipment<\/title>\n<meta name=\"robots\" content=\"index, follow, max-snippet:-1, max-image-preview:large, max-video-preview:-1\" \/>\n<link rel=\"canonical\" href=\"https:\/\/panwinjet.com\/es\/producto\/uhp-pressured-big-flow-hydro-jet-2800bar-triplex-plunger-pump-cleaning-equipment-parts-divert-cartridge-53475\/\" \/>\n<meta property=\"og:locale\" content=\"es_ES\" \/>\n<meta property=\"og:type\" content=\"article\" \/>\n<meta property=\"og:title\" content=\"UHP pressured big flow hydro-jet 2800Bar triplex plunger pump cleaning equipment parts Divert Cartridge-53475 - Panwin Machinery&amp;Equipment\" \/>\n<meta property=\"og:description\" content=\"UHP pressured big flow hydro-jet 2800Bar triplex plunger pump cleaning equipment parts Divert Cartridge-53475  Application: UHP 3000Bar UHP triplex plunger pump cleaning equipment parts Shipyard Surface preparation Robot for Hammelmann Spraying Bar Hydro Jet blaster Iron, Steel And Metal Industry high pressure waterblaster Mechanical and Apparatus Engineering Cements and Concrete Industry high pressure barracuda Surface cleaning UHP hydro Jet cleaning equipment parts Industrial Cleaning Spray Bars hydro blasting machine for petroleum refining industry Hydro Jet Surface Cleaning,Tank&amp;Vessel Cleaning, Heat Exchange Cleaning, Automotive Painting cleaning Mining industry cleaning Steel manufacture cleaning etc. High pressure sewer cleaning equipment for municipal pipe networks water supply and drainage pipelines;\" \/>\n<meta property=\"og:url\" content=\"https:\/\/panwinjet.com\/es\/producto\/uhp-pressured-big-flow-hydro-jet-2800bar-triplex-plunger-pump-cleaning-equipment-parts-divert-cartridge-53475\/\" \/>\n<meta property=\"og:site_name\" content=\"Panwin Machinery&amp;Equipment\" \/>\n<meta property=\"article:modified_time\" content=\"2025-11-20T06:10:54+00:00\" \/>\n<meta property=\"og:image\" content=\"https:\/\/panwinjet.com\/wp-content\/uploads\/2025\/11\/53475-40K-\u5206\u6d41\u9600\u9600\u82af-6-scaled.jpg\" \/>\n\t<meta property=\"og:image:width\" content=\"1152\" \/>\n\t<meta property=\"og:image:height\" content=\"2560\" \/>\n\t<meta property=\"og:image:type\" content=\"image\/jpeg\" \/>\n<meta name=\"twitter:card\" content=\"summary_large_image\" \/>\n<meta name=\"twitter:label1\" content=\"Tiempo de lectura\" \/>\n\t<meta name=\"twitter:data1\" content=\"1 minuto\" \/>\n<script type=\"application\/ld+json\" class=\"yoast-schema-graph\">{\"@context\":\"https:\/\/schema.org\",\"@graph\":[{\"@type\":\"WebPage\",\"@id\":\"https:\/\/panwinjet.com\/product\/uhp-pressured-big-flow-hydro-jet-2800bar-triplex-plunger-pump-cleaning-equipment-parts-divert-cartridge-53475\/\",\"url\":\"https:\/\/panwinjet.com\/product\/uhp-pressured-big-flow-hydro-jet-2800bar-triplex-plunger-pump-cleaning-equipment-parts-divert-cartridge-53475\/\",\"name\":\"UHP pressured big flow hydro-jet 2800Bar triplex plunger pump cleaning equipment parts Divert Cartridge-53475 - Panwin Machinery&amp;Equipment\",\"isPartOf\":{\"@id\":\"https:\/\/panwinjet.com\/#website\"},\"primaryImageOfPage\":{\"@id\":\"https:\/\/panwinjet.com\/product\/uhp-pressured-big-flow-hydro-jet-2800bar-triplex-plunger-pump-cleaning-equipment-parts-divert-cartridge-53475\/#primaryimage\"},\"image\":{\"@id\":\"https:\/\/panwinjet.com\/product\/uhp-pressured-big-flow-hydro-jet-2800bar-triplex-plunger-pump-cleaning-equipment-parts-divert-cartridge-53475\/#primaryimage\"},\"thumbnailUrl\":\"https:\/\/panwinjet.com\/wp-content\/uploads\/2025\/11\/53475-40K-\u5206\u6d41\u9600\u9600\u82af-6-scaled.jpg\",\"datePublished\":\"2025-11-20T06:10:53+00:00\",\"dateModified\":\"2025-11-20T06:10:54+00:00\",\"breadcrumb\":{\"@id\":\"https:\/\/panwinjet.com\/product\/uhp-pressured-big-flow-hydro-jet-2800bar-triplex-plunger-pump-cleaning-equipment-parts-divert-cartridge-53475\/#breadcrumb\"},\"inLanguage\":\"es\",\"potentialAction\":[{\"@type\":\"ReadAction\",\"target\":[\"https:\/\/panwinjet.com\/product\/uhp-pressured-big-flow-hydro-jet-2800bar-triplex-plunger-pump-cleaning-equipment-parts-divert-cartridge-53475\/\"]}]},{\"@type\":\"ImageObject\",\"inLanguage\":\"es\",\"@id\":\"https:\/\/panwinjet.com\/product\/uhp-pressured-big-flow-hydro-jet-2800bar-triplex-plunger-pump-cleaning-equipment-parts-divert-cartridge-53475\/#primaryimage\",\"url\":\"https:\/\/panwinjet.com\/wp-content\/uploads\/2025\/11\/53475-40K-\u5206\u6d41\u9600\u9600\u82af-6-scaled.jpg\",\"contentUrl\":\"https:\/\/panwinjet.com\/wp-content\/uploads\/2025\/11\/53475-40K-\u5206\u6d41\u9600\u9600\u82af-6-scaled.jpg\",\"width\":1152,\"height\":2560},{\"@type\":\"BreadcrumbList\",\"@id\":\"https:\/\/panwinjet.com\/product\/uhp-pressured-big-flow-hydro-jet-2800bar-triplex-plunger-pump-cleaning-equipment-parts-divert-cartridge-53475\/#breadcrumb\",\"itemListElement\":[{\"@type\":\"ListItem\",\"position\":1,\"name\":\"\u9996\u9875\",\"item\":\"https:\/\/panwinjet.com\/\"},{\"@type\":\"ListItem\",\"position\":2,\"name\":\"PRODUCT\",\"item\":\"https:\/\/panwinjet.com\/product\/\"},{\"@type\":\"ListItem\",\"position\":3,\"name\":\"UHP pressured big flow hydro-jet 2800Bar triplex plunger pump cleaning equipment parts Divert Cartridge-53475\"}]},{\"@type\":\"WebSite\",\"@id\":\"https:\/\/panwinjet.com\/#website\",\"url\":\"https:\/\/panwinjet.com\/\",\"name\":\"Panwin Machinery&amp;Equipment\",\"description\":\"Shenzhen Panwin Machinery&amp;Equipment Co.Ltd\",\"potentialAction\":[{\"@type\":\"SearchAction\",\"target\":{\"@type\":\"EntryPoint\",\"urlTemplate\":\"https:\/\/panwinjet.com\/?s={search_term_string}\"},\"query-input\":{\"@type\":\"PropertyValueSpecification\",\"valueRequired\":true,\"valueName\":\"search_term_string\"}}],\"inLanguage\":\"es\"}]}<\/script>\n<!-- \/ Yoast SEO plugin. -->","yoast_head_json":{"title":"UHP pressured big flow hydro-jet 2800Bar triplex plunger pump cleaning equipment parts Divert Cartridge-53475 - Panwin Machinery&amp;Equipment","robots":{"index":"index","follow":"follow","max-snippet":"max-snippet:-1","max-image-preview":"max-image-preview:large","max-video-preview":"max-video-preview:-1"},"canonical":"https:\/\/panwinjet.com\/es\/producto\/uhp-pressured-big-flow-hydro-jet-2800bar-triplex-plunger-pump-cleaning-equipment-parts-divert-cartridge-53475\/","og_locale":"es_ES","og_type":"article","og_title":"UHP pressured big flow hydro-jet 2800Bar triplex plunger pump cleaning equipment parts Divert Cartridge-53475 - Panwin Machinery&amp;Equipment","og_description":"UHP pressured big flow hydro-jet 2800Bar triplex plunger pump cleaning equipment parts Divert Cartridge-53475  Application: UHP 3000Bar UHP triplex plunger pump cleaning equipment parts Shipyard Surface preparation Robot for Hammelmann Spraying Bar Hydro Jet blaster Iron, Steel And Metal Industry high pressure waterblaster Mechanical and Apparatus Engineering Cements and Concrete Industry high pressure barracuda Surface cleaning UHP hydro Jet cleaning equipment parts Industrial Cleaning Spray Bars hydro blasting machine for petroleum refining industry Hydro Jet Surface Cleaning,Tank&amp;Vessel Cleaning, Heat Exchange Cleaning, Automotive Painting cleaning Mining industry cleaning Steel manufacture cleaning etc. High pressure sewer cleaning equipment for municipal pipe networks water supply and drainage pipelines;","og_url":"https:\/\/panwinjet.com\/es\/producto\/uhp-pressured-big-flow-hydro-jet-2800bar-triplex-plunger-pump-cleaning-equipment-parts-divert-cartridge-53475\/","og_site_name":"Panwin Machinery&amp;Equipment","article_modified_time":"2025-11-20T06:10:54+00:00","og_image":[{"width":1152,"height":2560,"url":"https:\/\/panwinjet.com\/wp-content\/uploads\/2025\/11\/53475-40K-\u5206\u6d41\u9600\u9600\u82af-6-scaled.jpg","type":"image\/jpeg"}],"twitter_card":"summary_large_image","twitter_misc":{"Tiempo de lectura":"1 minuto"},"schema":{"@context":"https:\/\/schema.org","@graph":[{"@type":"WebPage","@id":"https:\/\/panwinjet.com\/product\/uhp-pressured-big-flow-hydro-jet-2800bar-triplex-plunger-pump-cleaning-equipment-parts-divert-cartridge-53475\/","url":"https:\/\/panwinjet.com\/product\/uhp-pressured-big-flow-hydro-jet-2800bar-triplex-plunger-pump-cleaning-equipment-parts-divert-cartridge-53475\/","name":"UHP pressured big flow hydro-jet 2800Bar triplex plunger pump cleaning equipment parts Divert Cartridge-53475 - Panwin Machinery&amp;Equipment","isPartOf":{"@id":"https:\/\/panwinjet.com\/#website"},"primaryImageOfPage":{"@id":"https:\/\/panwinjet.com\/product\/uhp-pressured-big-flow-hydro-jet-2800bar-triplex-plunger-pump-cleaning-equipment-parts-divert-cartridge-53475\/#primaryimage"},"image":{"@id":"https:\/\/panwinjet.com\/product\/uhp-pressured-big-flow-hydro-jet-2800bar-triplex-plunger-pump-cleaning-equipment-parts-divert-cartridge-53475\/#primaryimage"},"thumbnailUrl":"https:\/\/panwinjet.com\/wp-content\/uploads\/2025\/11\/53475-40K-\u5206\u6d41\u9600\u9600\u82af-6-scaled.jpg","datePublished":"2025-11-20T06:10:53+00:00","dateModified":"2025-11-20T06:10:54+00:00","breadcrumb":{"@id":"https:\/\/panwinjet.com\/product\/uhp-pressured-big-flow-hydro-jet-2800bar-triplex-plunger-pump-cleaning-equipment-parts-divert-cartridge-53475\/#breadcrumb"},"inLanguage":"es","potentialAction":[{"@type":"ReadAction","target":["https:\/\/panwinjet.com\/product\/uhp-pressured-big-flow-hydro-jet-2800bar-triplex-plunger-pump-cleaning-equipment-parts-divert-cartridge-53475\/"]}]},{"@type":"ImageObject","inLanguage":"es","@id":"https:\/\/panwinjet.com\/product\/uhp-pressured-big-flow-hydro-jet-2800bar-triplex-plunger-pump-cleaning-equipment-parts-divert-cartridge-53475\/#primaryimage","url":"https:\/\/panwinjet.com\/wp-content\/uploads\/2025\/11\/53475-40K-\u5206\u6d41\u9600\u9600\u82af-6-scaled.jpg","contentUrl":"https:\/\/panwinjet.com\/wp-content\/uploads\/2025\/11\/53475-40K-\u5206\u6d41\u9600\u9600\u82af-6-scaled.jpg","width":1152,"height":2560},{"@type":"BreadcrumbList","@id":"https:\/\/panwinjet.com\/product\/uhp-pressured-big-flow-hydro-jet-2800bar-triplex-plunger-pump-cleaning-equipment-parts-divert-cartridge-53475\/#breadcrumb","itemListElement":[{"@type":"ListItem","position":1,"name":"\u9996\u9875","item":"https:\/\/panwinjet.com\/"},{"@type":"ListItem","position":2,"name":"PRODUCT","item":"https:\/\/panwinjet.com\/product\/"},{"@type":"ListItem","position":3,"name":"UHP pressured big flow hydro-jet 2800Bar triplex plunger pump cleaning equipment parts Divert Cartridge-53475"}]},{"@type":"WebSite","@id":"https:\/\/panwinjet.com\/#website","url":"https:\/\/panwinjet.com\/","name":"Panwin Machinery&amp;Equipment","description":"Shenzhen Panwin Machinery&amp;Equipment Co.Ltd","potentialAction":[{"@type":"SearchAction","target":{"@type":"EntryPoint","urlTemplate":"https:\/\/panwinjet.com\/?s={search_term_string}"},"query-input":{"@type":"PropertyValueSpecification","valueRequired":true,"valueName":"search_term_string"}}],"inLanguage":"es"}]}},"_links":{"self":[{"href":"https:\/\/panwinjet.com\/es\/wp-json\/wp\/v2\/product\/1942","targetHints":{"allow":["GET"]}}],"collection":[{"href":"https:\/\/panwinjet.com\/es\/wp-json\/wp\/v2\/product"}],"about":[{"href":"https:\/\/panwinjet.com\/es\/wp-json\/wp\/v2\/types\/product"}],"wp:featuredmedia":[{"embeddable":true,"href":"https:\/\/panwinjet.com\/es\/wp-json\/wp\/v2\/media\/1946"}],"wp:attachment":[{"href":"https:\/\/panwinjet.com\/es\/wp-json\/wp\/v2\/media?parent=1942"}],"wp:term":[{"taxonomy":"product_brand","embeddable":true,"href":"https:\/\/panwinjet.com\/es\/wp-json\/wp\/v2\/product_brand?post=1942"},{"taxonomy":"product_cat","embeddable":true,"href":"https:\/\/panwinjet.com\/es\/wp-json\/wp\/v2\/product_cat?post=1942"},{"taxonomy":"product_tag","embeddable":true,"href":"https:\/\/panwinjet.com\/es\/wp-json\/wp\/v2\/product_tag?post=1942"}],"curies":[{"name":"wp","href":"https:\/\/api.w.org\/{rel}","templated":true}]}}