{"id":189,"date":"2025-05-25T05:09:22","date_gmt":"2025-05-25T05:09:22","guid":{"rendered":"https:\/\/panwinjet.com\/?post_type=product&#038;p=189"},"modified":"2025-05-25T05:12:19","modified_gmt":"2025-05-25T05:12:19","slug":"38-22000psi-hydro-water-blasting-big-tube-cleaning-machine-bjv-nozzles","status":"publish","type":"product","link":"https:\/\/panwinjet.com\/es\/producto\/38-22000psi-hydro-water-blasting-big-tube-cleaning-machine-bjv-nozzles\/","title":{"rendered":"M\u00e1quina de limpieza de tubos grandes con chorro de agua a presi\u00f3n de 38-22000 psi y boquillas BJV"},"content":{"rendered":"<p><strong><b>22<\/b><\/strong><strong><b>M\u00e1quina de limpieza de tubos grandes con chorro de agua a presi\u00f3n de 000 psi y boquillas BJV<\/b><\/strong><\/p>\n<p><strong><b>1. Introducci\u00f3n del producto <\/b><\/strong><strong><b>22<\/b><\/strong><strong><b>M\u00e1quina de limpieza de tubos grandes con chorro de agua a presi\u00f3n de 000 psi y boquillas BJV<\/b><\/strong><\/p>\n<p>La m\u00e1quina de limpieza de tubos grandes con chorro de agua a presi\u00f3n de 22000 psi y boquillas BJV es una herramienta giratoria autopropulsada de 360\u00b0 dise\u00f1ada para la limpieza de tuber\u00edas de di\u00e1metro mediano a grande.<\/p>\n<p>En la limpieza de tuber\u00edas de gran di\u00e1metro, con el centralizador de jaula adecuado, tipo bola, tipo rueda, etc., las ventajas de limpieza de las boquillas BJV son distintivas e inigualables: gran capacidad de limpieza, m\u00e1xima eficiencia y seguridad.<\/p>\n<p>En Panwin ofrecemos a nuestros clientes diferentes boquillas BJV para diversos escenarios de aplicaci\u00f3n.<\/p>\n<p><strong><b>2. Par\u00e1metros del producto (especificaci\u00f3n) <\/b><\/strong>(\u4ecb\u7ecd\u4e00\u4e0b\u4ea7\u54c1\u7684\u5404\u4e2a\u89c4\u683c\u6216\u8005\u578b\u53f7,\u6750\u8d28\u7b49\u4fe1\u606f)<\/p>\n<p>La m\u00e1quina de limpieza de tubos grandes con chorro de agua a presi\u00f3n de 40000 psi y boquillas BJV est\u00e1 fabricada en acero inoxidable de alta densidad, y el material de alta calidad puede ofrecer un mejor rendimiento en los escenarios de limpieza m\u00e1s exigentes, con una presi\u00f3n de hasta 22 kpsi y un caudal de 189 lpm, con un rango de velocidad controlable de 50 a 1000 rpm; se trata de una herramienta afilada para la limpieza de tubos de gran di\u00e1metro.<\/p>\n<p>Par\u00e1metro como sigue:<\/p>\n<ol start=\"3\">\n<li><b><\/b><strong><b>Caracter\u00edsticas y aplicaciones del producto <\/b><\/strong><strong><b>22 mil<\/b><\/strong><strong><b>M\u00e1quina de limpieza de tubos grandes con chorro de agua a presi\u00f3n psi y boquillas BJV<\/b><\/strong><\/li>\n<\/ol>\n<p>La m\u00e1quina de limpieza de tuber\u00edas de gran di\u00e1metro con chorro de agua a presi\u00f3n de 22 kpsi y boquillas BJV se ha convertido en una herramienta avanzada para la limpieza de tuber\u00edas de gran di\u00e1metro por varias razones: ofrece numerosas ventajas y caracter\u00edsticas que facilitan enormemente la limpieza de tuber\u00edas de gran di\u00e1metro.<\/p>\n<p>1: Velocidad de rotaci\u00f3n controlable.<\/p>\n<p>La velocidad de rotaci\u00f3n del cabezal de la boquilla se controla mediante el sistema de frenado magn\u00e9tico del pivote.<\/p>\n<p>2: Gran caudal, potente efecto de limpieza por pulverizaci\u00f3n.<\/p>\n<p>Cabezal y boquilla giratoria de acero inoxidable con caudales de hasta 50 gpm (189 lpm). El caudal se calcula multiplicando el n\u00famero de boquillas utilizadas por el caudal.<\/p>\n<p>3: Multiinserci\u00f3n. Varias boquillas disponibles para diferentes escenarios de limpieza.<\/p>\n<p>Utilice dos, cuatro, seis o siete boquillas de la serie RM de carburo de tungsteno, de la serie RMS de zafiro o de la serie RMD de diamante sint\u00e9tico.<\/p>\n<p>4: Vida \u00fatil t\u00edpica del sello y del aceite durante m\u00e1s de 100 horas.<\/p>\n<p>5: No necesita silicona.<\/p>\n<p>6: Bajo costo de servicio.<\/p>\n<p>Coste de sustituci\u00f3n de juntas bajo y cambio r\u00e1pido, con el eje y el cartucho de la junta en una sola pieza.<\/p>\n<p>7: Ajuste de velocidad sin cambio de aceite ni derrame.<\/p>\n<p><strong><b>Solicitud:<\/b><\/strong><\/p>\n<p>Esta m\u00e1quina de limpieza de tubos grandes con chorro de agua a presi\u00f3n de 22 kpsi y boquillas BJV se puede aplicar a diversos tipos de procesos de limpieza, pero est\u00e1 dise\u00f1ada principalmente para la limpieza de tubos de gran di\u00e1metro y est\u00e1 equipada con el centralizador de jaula adecuado, estilo bola, estilo rueda, etc., lo que la convierte en una de las mejores herramientas de limpieza con chorro de agua para tuber\u00edas y tubos de gran tama\u00f1o.<\/p>\n<p><strong><b>4. Detalles del producto<\/b><\/strong><strong><b>\u00a0<\/b><\/strong><\/p>\n<p><strong><b>5. Calificaci\u00f3n del producto<\/b><\/strong><\/p>\n<ol start=\"6\">\n<li><b><\/b><strong><b>Entrega, env\u00edo y servicio de<\/b><\/strong><strong><b>22 mil<\/b><\/strong><strong><b>M\u00e1quina de limpieza de tubos grandes con chorro de agua a presi\u00f3n psi y boquillas BJV<\/b><\/strong><\/li>\n<\/ol>\n<p>La m\u00e1quina de limpieza de tubos grandes con chorro de agua a presi\u00f3n de 22 Kpsi y boquillas BJV es un art\u00edculo de tama\u00f1o mediano; el precio no incluye los gastos de env\u00edo, que dependen del m\u00e9todo de entrega: transporte a\u00e9reo, mar\u00edtimo o ferroviario.<\/p>\n<p>Para estas boquillas BJV, las embalamos en cajas de pl\u00e1stico. Para grandes cantidades, las embalamos en cajas de madera contrachapada para facilitar el transporte, y luego las colocamos en pal\u00e9s para su carga y env\u00edo. El costo del flete var\u00eda seg\u00fan la regi\u00f3n. El precio no incluye el flete ni el embalaje con estructura de madera.<\/p>\n<p><strong><b>7.<\/b><\/strong><strong><b>Preguntas frecuentes<\/b><\/strong><\/p>\n<p><strong><em><b><i>1<\/i><\/b><\/em><\/strong><strong><em><b><i>:<\/i><\/b><\/em><\/strong><strong><em><b><i>\u00bfCu\u00e1l es su cantidad m\u00ednima de pedido?<\/i><\/b><\/em><\/strong><\/p>\n<p><em><i>Para <\/i><\/em><em><i>generalmente partes <\/i><\/em><em><i>No tenemos pedido m\u00ednimo; para requisitos especiales <\/i><\/em><em><i>componente<\/i><\/em><em><i>\u00a0seg\u00fan el costo y las circunstancias especiales.<\/i><\/em><\/p>\n<p>&nbsp;<\/p>\n<p><strong><em><b><i>2<\/i><\/b><\/em><\/strong><strong><em><b><i>:<\/i><\/b><\/em><\/strong><strong><em><b><i>\u00bfQu\u00e9 condiciones de pago aceptan?<\/i><\/b><\/em><\/strong><\/p>\n<p><em><i>Para pedidos regulares de gran volumen, se requiere un anticipo de 30% T\/T y un pago de 70% T\/T antes del env\u00edo; para pedidos especiales <\/i><\/em><em><i>OEM <\/i><\/em><em><i>pedidos, 30% T\/T por adelantado 70% T\/T antes del env\u00edo; para pedidos de peque\u00f1as cantidades o muestras, 100% T\/T por adelantado.<\/i><\/em><\/p>\n<p><img decoding=\"async\" class=\"aligncenter size-full wp-image-190 lazyload\" data-src=\"https:\/\/panwinjet.com\/wp-content\/uploads\/2025\/05\/BJV-Nozzles.jpg\" alt=\"\" width=\"1200\" height=\"1402\" data-srcset=\"https:\/\/panwinjet.com\/wp-content\/uploads\/2025\/05\/BJV-Nozzles.jpg 1200w, https:\/\/panwinjet.com\/wp-content\/uploads\/2025\/05\/BJV-Nozzles-428x500.jpg 428w, https:\/\/panwinjet.com\/wp-content\/uploads\/2025\/05\/BJV-Nozzles-1027x1200.jpg 1027w, https:\/\/panwinjet.com\/wp-content\/uploads\/2025\/05\/BJV-Nozzles-257x300.jpg 257w, https:\/\/panwinjet.com\/wp-content\/uploads\/2025\/05\/BJV-Nozzles-768x897.jpg 768w, https:\/\/panwinjet.com\/wp-content\/uploads\/2025\/05\/BJV-Nozzles-64x75.jpg 64w, https:\/\/panwinjet.com\/wp-content\/uploads\/2025\/05\/BJV-Nozzles-480x561.jpg 480w, https:\/\/panwinjet.com\/wp-content\/uploads\/2025\/05\/BJV-Nozzles-800x935.jpg 800w\" data-sizes=\"(max-width:767px) 480px, (max-width:1200px) 100vw, 1200px\" src=\"data:image\/svg+xml;base64,PHN2ZyB3aWR0aD0iMSIgaGVpZ2h0PSIxIiB4bWxucz0iaHR0cDovL3d3dy53My5vcmcvMjAwMC9zdmciPjwvc3ZnPg==\" style=\"--smush-placeholder-width: 1200px; --smush-placeholder-aspect-ratio: 1200\/1402;\" \/> <img decoding=\"async\" class=\"aligncenter size-full wp-image-195 lazyload\" data-src=\"https:\/\/panwinjet.com\/wp-content\/uploads\/2025\/05\/BJV-Specification.jpg\" alt=\"\" width=\"1200\" height=\"182\" data-srcset=\"https:\/\/panwinjet.com\/wp-content\/uploads\/2025\/05\/BJV-Specification.jpg 1200w, https:\/\/panwinjet.com\/wp-content\/uploads\/2025\/05\/BJV-Specification-500x76.jpg 500w, https:\/\/panwinjet.com\/wp-content\/uploads\/2025\/05\/BJV-Specification-300x46.jpg 300w, https:\/\/panwinjet.com\/wp-content\/uploads\/2025\/05\/BJV-Specification-768x116.jpg 768w, https:\/\/panwinjet.com\/wp-content\/uploads\/2025\/05\/BJV-Specification-150x23.jpg 150w, https:\/\/panwinjet.com\/wp-content\/uploads\/2025\/05\/BJV-Specification-480x73.jpg 480w, https:\/\/panwinjet.com\/wp-content\/uploads\/2025\/05\/BJV-Specification-800x121.jpg 800w\" data-sizes=\"(max-width:767px) 480px, (max-width:1200px) 100vw, 1200px\" src=\"data:image\/svg+xml;base64,PHN2ZyB3aWR0aD0iMSIgaGVpZ2h0PSIxIiB4bWxucz0iaHR0cDovL3d3dy53My5vcmcvMjAwMC9zdmciPjwvc3ZnPg==\" style=\"--smush-placeholder-width: 1200px; --smush-placeholder-aspect-ratio: 1200\/182;\" \/> <img decoding=\"async\" class=\"aligncenter size-full wp-image-194 lazyload\" data-src=\"https:\/\/panwinjet.com\/wp-content\/uploads\/2025\/05\/BJV-Nozzles-12.jpg\" alt=\"\" width=\"1200\" height=\"1042\" data-srcset=\"https:\/\/panwinjet.com\/wp-content\/uploads\/2025\/05\/BJV-Nozzles-12.jpg 1200w, https:\/\/panwinjet.com\/wp-content\/uploads\/2025\/05\/BJV-Nozzles-12-500x434.jpg 500w, https:\/\/panwinjet.com\/wp-content\/uploads\/2025\/05\/BJV-Nozzles-12-300x261.jpg 300w, https:\/\/panwinjet.com\/wp-content\/uploads\/2025\/05\/BJV-Nozzles-12-768x667.jpg 768w, https:\/\/panwinjet.com\/wp-content\/uploads\/2025\/05\/BJV-Nozzles-12-86x75.jpg 86w, https:\/\/panwinjet.com\/wp-content\/uploads\/2025\/05\/BJV-Nozzles-12-480x417.jpg 480w, https:\/\/panwinjet.com\/wp-content\/uploads\/2025\/05\/BJV-Nozzles-12-800x695.jpg 800w\" data-sizes=\"(max-width:767px) 480px, (max-width:1200px) 100vw, 1200px\" src=\"data:image\/svg+xml;base64,PHN2ZyB3aWR0aD0iMSIgaGVpZ2h0PSIxIiB4bWxucz0iaHR0cDovL3d3dy53My5vcmcvMjAwMC9zdmciPjwvc3ZnPg==\" style=\"--smush-placeholder-width: 1200px; --smush-placeholder-aspect-ratio: 1200\/1042;\" \/> <img decoding=\"async\" class=\"aligncenter size-full wp-image-193 lazyload\" data-src=\"https:\/\/panwinjet.com\/wp-content\/uploads\/2025\/05\/BJV-Nozzles-0.jpg\" alt=\"\" width=\"1200\" height=\"661\" data-srcset=\"https:\/\/panwinjet.com\/wp-content\/uploads\/2025\/05\/BJV-Nozzles-0.jpg 1200w, https:\/\/panwinjet.com\/wp-content\/uploads\/2025\/05\/BJV-Nozzles-0-500x275.jpg 500w, https:\/\/panwinjet.com\/wp-content\/uploads\/2025\/05\/BJV-Nozzles-0-300x165.jpg 300w, https:\/\/panwinjet.com\/wp-content\/uploads\/2025\/05\/BJV-Nozzles-0-768x423.jpg 768w, https:\/\/panwinjet.com\/wp-content\/uploads\/2025\/05\/BJV-Nozzles-0-136x75.jpg 136w, https:\/\/panwinjet.com\/wp-content\/uploads\/2025\/05\/BJV-Nozzles-0-480x264.jpg 480w, https:\/\/panwinjet.com\/wp-content\/uploads\/2025\/05\/BJV-Nozzles-0-800x441.jpg 800w\" data-sizes=\"(max-width:767px) 480px, (max-width:1200px) 100vw, 1200px\" src=\"data:image\/svg+xml;base64,PHN2ZyB3aWR0aD0iMSIgaGVpZ2h0PSIxIiB4bWxucz0iaHR0cDovL3d3dy53My5vcmcvMjAwMC9zdmciPjwvc3ZnPg==\" style=\"--smush-placeholder-width: 1200px; --smush-placeholder-aspect-ratio: 1200\/661;\" \/> <img decoding=\"async\" class=\"aligncenter size-full wp-image-192 lazyload\" data-src=\"https:\/\/panwinjet.com\/wp-content\/uploads\/2025\/05\/BJV-Nozzles3.jpg\" alt=\"\" width=\"1200\" height=\"1311\" data-srcset=\"https:\/\/panwinjet.com\/wp-content\/uploads\/2025\/05\/BJV-Nozzles3.jpg 1200w, https:\/\/panwinjet.com\/wp-content\/uploads\/2025\/05\/BJV-Nozzles3-458x500.jpg 458w, https:\/\/panwinjet.com\/wp-content\/uploads\/2025\/05\/BJV-Nozzles3-1098x1200.jpg 1098w, https:\/\/panwinjet.com\/wp-content\/uploads\/2025\/05\/BJV-Nozzles3-275x300.jpg 275w, https:\/\/panwinjet.com\/wp-content\/uploads\/2025\/05\/BJV-Nozzles3-768x839.jpg 768w, https:\/\/panwinjet.com\/wp-content\/uploads\/2025\/05\/BJV-Nozzles3-69x75.jpg 69w, https:\/\/panwinjet.com\/wp-content\/uploads\/2025\/05\/BJV-Nozzles3-480x524.jpg 480w, https:\/\/panwinjet.com\/wp-content\/uploads\/2025\/05\/BJV-Nozzles3-800x874.jpg 800w\" data-sizes=\"(max-width:767px) 480px, (max-width:1200px) 100vw, 1200px\" src=\"data:image\/svg+xml;base64,PHN2ZyB3aWR0aD0iMSIgaGVpZ2h0PSIxIiB4bWxucz0iaHR0cDovL3d3dy53My5vcmcvMjAwMC9zdmciPjwvc3ZnPg==\" style=\"--smush-placeholder-width: 1200px; --smush-placeholder-aspect-ratio: 1200\/1311;\" \/> <img decoding=\"async\" class=\"aligncenter size-full wp-image-191 lazyload\" data-src=\"https:\/\/panwinjet.com\/wp-content\/uploads\/2025\/05\/BJV-Nozzles2.jpg\" alt=\"\" width=\"1200\" height=\"1439\" data-srcset=\"https:\/\/panwinjet.com\/wp-content\/uploads\/2025\/05\/BJV-Nozzles2.jpg 1200w, https:\/\/panwinjet.com\/wp-content\/uploads\/2025\/05\/BJV-Nozzles2-417x500.jpg 417w, https:\/\/panwinjet.com\/wp-content\/uploads\/2025\/05\/BJV-Nozzles2-1001x1200.jpg 1001w, https:\/\/panwinjet.com\/wp-content\/uploads\/2025\/05\/BJV-Nozzles2-250x300.jpg 250w, https:\/\/panwinjet.com\/wp-content\/uploads\/2025\/05\/BJV-Nozzles2-768x921.jpg 768w, https:\/\/panwinjet.com\/wp-content\/uploads\/2025\/05\/BJV-Nozzles2-63x75.jpg 63w, https:\/\/panwinjet.com\/wp-content\/uploads\/2025\/05\/BJV-Nozzles2-480x576.jpg 480w, https:\/\/panwinjet.com\/wp-content\/uploads\/2025\/05\/BJV-Nozzles2-800x959.jpg 800w\" data-sizes=\"(max-width:767px) 480px, (max-width:1200px) 100vw, 1200px\" src=\"data:image\/svg+xml;base64,PHN2ZyB3aWR0aD0iMSIgaGVpZ2h0PSIxIiB4bWxucz0iaHR0cDovL3d3dy53My5vcmcvMjAwMC9zdmciPjwvc3ZnPg==\" style=\"--smush-placeholder-width: 1200px; --smush-placeholder-aspect-ratio: 1200\/1439;\" \/><\/p>\n<p>&nbsp;<\/p>","protected":false},"excerpt":{"rendered":"<p>22000psi Hydro Water blasting big tube cleaning machine BJV Nozzles 1.Product Introduction of 22000psi Hydro Water blasting big tube cleaning machine BJV Nozzles The 22000psi Hydro<span class=\"excerpt-hellip\"> [\u2026]<\/span><\/p>","protected":false},"featured_media":191,"template":"","meta":[],"product_brand":[],"product_cat":[5],"product_tag":[],"class_list":{"0":"post-189","1":"product","2":"type-product","3":"status-publish","4":"has-post-thumbnail","6":"product_cat-uhp-rotating-nozzles","8":"first","9":"instock","10":"shipping-taxable","11":"product-type-external"},"yoast_head":"<!-- This site is optimized with the Yoast SEO plugin v24.9 - https:\/\/yoast.com\/wordpress\/plugins\/seo\/ -->\n<title>38-22000psi Hydro Water blasting big tube cleaning machine BJV Nozzles - Panwin Machinery&amp;Equipment<\/title>\n<meta name=\"robots\" content=\"index, follow, max-snippet:-1, max-image-preview:large, max-video-preview:-1\" \/>\n<link rel=\"canonical\" href=\"https:\/\/panwinjet.com\/es\/producto\/38-22000psi-hydro-water-blasting-big-tube-cleaning-machine-bjv-nozzles\/\" \/>\n<meta property=\"og:locale\" content=\"es_ES\" \/>\n<meta property=\"og:type\" content=\"article\" \/>\n<meta property=\"og:title\" content=\"38-22000psi Hydro Water blasting big tube cleaning machine BJV Nozzles - Panwin Machinery&amp;Equipment\" \/>\n<meta property=\"og:description\" content=\"22000psi Hydro Water blasting big tube cleaning machine BJV Nozzles 1.Product Introduction of 22000psi Hydro Water blasting big tube cleaning machine BJV Nozzles The 22000psi Hydro [\u2026]\" \/>\n<meta property=\"og:url\" content=\"https:\/\/panwinjet.com\/es\/producto\/38-22000psi-hydro-water-blasting-big-tube-cleaning-machine-bjv-nozzles\/\" \/>\n<meta property=\"og:site_name\" content=\"Panwin Machinery&amp;Equipment\" \/>\n<meta property=\"article:modified_time\" content=\"2025-05-25T05:12:19+00:00\" \/>\n<meta property=\"og:image\" content=\"https:\/\/panwinjet.com\/wp-content\/uploads\/2025\/05\/BJV-Nozzles2.jpg\" \/>\n\t<meta property=\"og:image:width\" content=\"1200\" \/>\n\t<meta property=\"og:image:height\" content=\"1439\" \/>\n\t<meta property=\"og:image:type\" content=\"image\/jpeg\" \/>\n<meta name=\"twitter:card\" content=\"summary_large_image\" \/>\n<meta name=\"twitter:label1\" content=\"Tiempo de lectura\" \/>\n\t<meta name=\"twitter:data1\" content=\"4 minutos\" \/>\n<script type=\"application\/ld+json\" class=\"yoast-schema-graph\">{\"@context\":\"https:\/\/schema.org\",\"@graph\":[{\"@type\":\"WebPage\",\"@id\":\"https:\/\/panwinjet.com\/product\/38-22000psi-hydro-water-blasting-big-tube-cleaning-machine-bjv-nozzles\/\",\"url\":\"https:\/\/panwinjet.com\/product\/38-22000psi-hydro-water-blasting-big-tube-cleaning-machine-bjv-nozzles\/\",\"name\":\"38-22000psi Hydro Water blasting big tube cleaning machine BJV Nozzles - Panwin Machinery&amp;Equipment\",\"isPartOf\":{\"@id\":\"https:\/\/panwinjet.com\/#website\"},\"primaryImageOfPage\":{\"@id\":\"https:\/\/panwinjet.com\/product\/38-22000psi-hydro-water-blasting-big-tube-cleaning-machine-bjv-nozzles\/#primaryimage\"},\"image\":{\"@id\":\"https:\/\/panwinjet.com\/product\/38-22000psi-hydro-water-blasting-big-tube-cleaning-machine-bjv-nozzles\/#primaryimage\"},\"thumbnailUrl\":\"https:\/\/panwinjet.com\/wp-content\/uploads\/2025\/05\/BJV-Nozzles2.jpg\",\"datePublished\":\"2025-05-25T05:09:22+00:00\",\"dateModified\":\"2025-05-25T05:12:19+00:00\",\"breadcrumb\":{\"@id\":\"https:\/\/panwinjet.com\/product\/38-22000psi-hydro-water-blasting-big-tube-cleaning-machine-bjv-nozzles\/#breadcrumb\"},\"inLanguage\":\"es\",\"potentialAction\":[{\"@type\":\"ReadAction\",\"target\":[\"https:\/\/panwinjet.com\/product\/38-22000psi-hydro-water-blasting-big-tube-cleaning-machine-bjv-nozzles\/\"]}]},{\"@type\":\"ImageObject\",\"inLanguage\":\"es\",\"@id\":\"https:\/\/panwinjet.com\/product\/38-22000psi-hydro-water-blasting-big-tube-cleaning-machine-bjv-nozzles\/#primaryimage\",\"url\":\"https:\/\/panwinjet.com\/wp-content\/uploads\/2025\/05\/BJV-Nozzles2.jpg\",\"contentUrl\":\"https:\/\/panwinjet.com\/wp-content\/uploads\/2025\/05\/BJV-Nozzles2.jpg\",\"width\":1200,\"height\":1439},{\"@type\":\"BreadcrumbList\",\"@id\":\"https:\/\/panwinjet.com\/product\/38-22000psi-hydro-water-blasting-big-tube-cleaning-machine-bjv-nozzles\/#breadcrumb\",\"itemListElement\":[{\"@type\":\"ListItem\",\"position\":1,\"name\":\"\u9996\u9875\",\"item\":\"https:\/\/panwinjet.com\/\"},{\"@type\":\"ListItem\",\"position\":2,\"name\":\"PRODUCT\",\"item\":\"https:\/\/panwinjet.com\/product\/\"},{\"@type\":\"ListItem\",\"position\":3,\"name\":\"38-22000psi Hydro Water blasting big tube cleaning machine BJV Nozzles\"}]},{\"@type\":\"WebSite\",\"@id\":\"https:\/\/panwinjet.com\/#website\",\"url\":\"https:\/\/panwinjet.com\/\",\"name\":\"Panwin Machinery&amp;Equipment\",\"description\":\"Shenzhen Panwin Machinery&amp;Equipment Co.Ltd\",\"potentialAction\":[{\"@type\":\"SearchAction\",\"target\":{\"@type\":\"EntryPoint\",\"urlTemplate\":\"https:\/\/panwinjet.com\/?s={search_term_string}\"},\"query-input\":{\"@type\":\"PropertyValueSpecification\",\"valueRequired\":true,\"valueName\":\"search_term_string\"}}],\"inLanguage\":\"es\"}]}<\/script>\n<!-- \/ Yoast SEO plugin. -->","yoast_head_json":{"title":"38-22000psi Hydro Water blasting big tube cleaning machine BJV Nozzles - Panwin Machinery&amp;Equipment","robots":{"index":"index","follow":"follow","max-snippet":"max-snippet:-1","max-image-preview":"max-image-preview:large","max-video-preview":"max-video-preview:-1"},"canonical":"https:\/\/panwinjet.com\/es\/producto\/38-22000psi-hydro-water-blasting-big-tube-cleaning-machine-bjv-nozzles\/","og_locale":"es_ES","og_type":"article","og_title":"38-22000psi Hydro Water blasting big tube cleaning machine BJV Nozzles - Panwin Machinery&amp;Equipment","og_description":"22000psi Hydro Water blasting big tube cleaning machine BJV Nozzles 1.Product Introduction of 22000psi Hydro Water blasting big tube cleaning machine BJV Nozzles The 22000psi Hydro [\u2026]","og_url":"https:\/\/panwinjet.com\/es\/producto\/38-22000psi-hydro-water-blasting-big-tube-cleaning-machine-bjv-nozzles\/","og_site_name":"Panwin Machinery&amp;Equipment","article_modified_time":"2025-05-25T05:12:19+00:00","og_image":[{"width":1200,"height":1439,"url":"https:\/\/panwinjet.com\/wp-content\/uploads\/2025\/05\/BJV-Nozzles2.jpg","type":"image\/jpeg"}],"twitter_card":"summary_large_image","twitter_misc":{"Tiempo de lectura":"4 minutos"},"schema":{"@context":"https:\/\/schema.org","@graph":[{"@type":"WebPage","@id":"https:\/\/panwinjet.com\/product\/38-22000psi-hydro-water-blasting-big-tube-cleaning-machine-bjv-nozzles\/","url":"https:\/\/panwinjet.com\/product\/38-22000psi-hydro-water-blasting-big-tube-cleaning-machine-bjv-nozzles\/","name":"38-22000psi Hydro Water blasting big tube cleaning machine BJV Nozzles - Panwin Machinery&amp;Equipment","isPartOf":{"@id":"https:\/\/panwinjet.com\/#website"},"primaryImageOfPage":{"@id":"https:\/\/panwinjet.com\/product\/38-22000psi-hydro-water-blasting-big-tube-cleaning-machine-bjv-nozzles\/#primaryimage"},"image":{"@id":"https:\/\/panwinjet.com\/product\/38-22000psi-hydro-water-blasting-big-tube-cleaning-machine-bjv-nozzles\/#primaryimage"},"thumbnailUrl":"https:\/\/panwinjet.com\/wp-content\/uploads\/2025\/05\/BJV-Nozzles2.jpg","datePublished":"2025-05-25T05:09:22+00:00","dateModified":"2025-05-25T05:12:19+00:00","breadcrumb":{"@id":"https:\/\/panwinjet.com\/product\/38-22000psi-hydro-water-blasting-big-tube-cleaning-machine-bjv-nozzles\/#breadcrumb"},"inLanguage":"es","potentialAction":[{"@type":"ReadAction","target":["https:\/\/panwinjet.com\/product\/38-22000psi-hydro-water-blasting-big-tube-cleaning-machine-bjv-nozzles\/"]}]},{"@type":"ImageObject","inLanguage":"es","@id":"https:\/\/panwinjet.com\/product\/38-22000psi-hydro-water-blasting-big-tube-cleaning-machine-bjv-nozzles\/#primaryimage","url":"https:\/\/panwinjet.com\/wp-content\/uploads\/2025\/05\/BJV-Nozzles2.jpg","contentUrl":"https:\/\/panwinjet.com\/wp-content\/uploads\/2025\/05\/BJV-Nozzles2.jpg","width":1200,"height":1439},{"@type":"BreadcrumbList","@id":"https:\/\/panwinjet.com\/product\/38-22000psi-hydro-water-blasting-big-tube-cleaning-machine-bjv-nozzles\/#breadcrumb","itemListElement":[{"@type":"ListItem","position":1,"name":"\u9996\u9875","item":"https:\/\/panwinjet.com\/"},{"@type":"ListItem","position":2,"name":"PRODUCT","item":"https:\/\/panwinjet.com\/product\/"},{"@type":"ListItem","position":3,"name":"38-22000psi Hydro Water blasting big tube cleaning machine BJV Nozzles"}]},{"@type":"WebSite","@id":"https:\/\/panwinjet.com\/#website","url":"https:\/\/panwinjet.com\/","name":"Panwin Machinery&amp;Equipment","description":"Shenzhen Panwin Machinery&amp;Equipment Co.Ltd","potentialAction":[{"@type":"SearchAction","target":{"@type":"EntryPoint","urlTemplate":"https:\/\/panwinjet.com\/?s={search_term_string}"},"query-input":{"@type":"PropertyValueSpecification","valueRequired":true,"valueName":"search_term_string"}}],"inLanguage":"es"}]}},"_links":{"self":[{"href":"https:\/\/panwinjet.com\/es\/wp-json\/wp\/v2\/product\/189","targetHints":{"allow":["GET"]}}],"collection":[{"href":"https:\/\/panwinjet.com\/es\/wp-json\/wp\/v2\/product"}],"about":[{"href":"https:\/\/panwinjet.com\/es\/wp-json\/wp\/v2\/types\/product"}],"wp:featuredmedia":[{"embeddable":true,"href":"https:\/\/panwinjet.com\/es\/wp-json\/wp\/v2\/media\/191"}],"wp:attachment":[{"href":"https:\/\/panwinjet.com\/es\/wp-json\/wp\/v2\/media?parent=189"}],"wp:term":[{"taxonomy":"product_brand","embeddable":true,"href":"https:\/\/panwinjet.com\/es\/wp-json\/wp\/v2\/product_brand?post=189"},{"taxonomy":"product_cat","embeddable":true,"href":"https:\/\/panwinjet.com\/es\/wp-json\/wp\/v2\/product_cat?post=189"},{"taxonomy":"product_tag","embeddable":true,"href":"https:\/\/panwinjet.com\/es\/wp-json\/wp\/v2\/product_tag?post=189"}],"curies":[{"name":"wp","href":"https:\/\/api.w.org\/{rel}","templated":true}]}}