{"id":1861,"date":"2025-11-07T12:38:28","date_gmt":"2025-11-07T12:38:28","guid":{"rendered":"https:\/\/panwinjet.com\/?post_type=product&#038;p=1861"},"modified":"2025-11-07T12:38:29","modified_gmt":"2025-11-07T12:38:29","slug":"1500bar-uhp-hydro-jetting-water-blasting-ultra-high-pressure-water-jet-blasting-cleaning-machine-triplex-pump-multi-gun-valve","status":"publish","type":"product","link":"https:\/\/panwinjet.com\/es\/producto\/1500bar-uhp-hydro-jetting-water-blasting-ultra-high-pressure-water-jet-blasting-cleaning-machine-triplex-pump-multi-gun-valve\/","title":{"rendered":"M\u00e1quina de limpieza con chorro de agua a ultra alta presi\u00f3n (UHP) de 1500 bar, bomba triplex y v\u00e1lvula multi-ca\u00f1\u00f3n."},"content":{"rendered":"<p>La m\u00e1quina de limpieza con chorro de agua a presi\u00f3n ultraalta de 1500 bar con bomba triple, pistola m\u00faltiple y v\u00e1lvula Jetstream 51785 presenta:<br \/>\nA: La configuraci\u00f3n mediante diales de ajuste con dos manos es r\u00e1pida y sencilla.<br \/>\nB: Utiliza dos cartuchos de v\u00e1lvula que se pueden reemplazar f\u00e1cilmente para reparar completamente la v\u00e1lvula en el campo en solo tres minutos<br \/>\nC: Todos los componentes que soportan presi\u00f3n son de acero inoxidable.<br \/>\nD: Base galvanizada para resistencia a la corrosi\u00f3n.<br \/>\nE: Conexiones de entrada y salida roscadas para tuber\u00eda (NPT)<br \/>\nF:Se pueden agregar v\u00e1lvulas multipistola adicionales a un sistema para aumentar a\u00fan m\u00e1s la cantidad de herramientas en funcionamiento con una sola unidad de chorro de agua.<\/p>","protected":false},"excerpt":{"rendered":"<p>M\u00e1quina de limpieza con chorro de agua a presi\u00f3n ultraalta de 1500 bar con bomba triplex.<br \/>\nV\u00e1lvula multica\u00f1\u00f3n Jetstream 51785<\/p>\n<p>Esta es una MGV (v\u00e1lvula multipistola) de chorro de agua UHP que permite que dos pistolas de chorro de agua tipo volcado funcionen de forma independiente cuando se conectan a una bomba de chorro de agua.<br \/>\nEl MGV UHP dividir\u00e1 el flujo total de la bomba entre los ca\u00f1ones y mantendr\u00e1 la presi\u00f3n del sistema cuando uno o ambos ca\u00f1ones est\u00e9n descargando.<br \/>\nEl tipo de rosca es opcional seg\u00fan los requisitos del cliente.<\/p>","protected":false},"featured_media":1862,"template":"","meta":[],"product_brand":[],"product_cat":[9,7,10,11,5],"product_tag":[98,99,100],"class_list":{"0":"post-1861","1":"product","2":"type-product","3":"status-publish","4":"has-post-thumbnail","6":"product_cat-heat-exchanger-cleaning-device","7":"product_cat-jetstream-pump-fluid-end-compatibe-parts","8":"product_cat-pipeline-tube-uhp-water-blasting-cleaning-device","9":"product_cat-ship-cleaning-device","10":"product_cat-uhp-rotating-nozzles","11":"product_tag-1500bar-uhp-hydro-jetting","12":"product_tag-multi-gun-valve-jetstream-51785","13":"product_tag-ultra-high-pressure-water-jet","15":"first","16":"instock","17":"shipping-taxable","18":"product-type-simple"},"yoast_head":"<!-- This site is optimized with the Yoast SEO plugin v24.9 - https:\/\/yoast.com\/wordpress\/plugins\/seo\/ -->\n<title>1500Bar UHP Hydro-Jetting Water Blasting Ultra-high Pressure Water Jet Blasting cleaning machine Triplex Pump Multi-Gun Valve - Panwin Machinery&amp;Equipment<\/title>\n<meta name=\"robots\" content=\"index, follow, max-snippet:-1, max-image-preview:large, max-video-preview:-1\" \/>\n<link rel=\"canonical\" href=\"https:\/\/panwinjet.com\/es\/producto\/1500bar-uhp-hydro-jetting-water-blasting-ultra-high-pressure-water-jet-blasting-cleaning-machine-triplex-pump-multi-gun-valve\/\" \/>\n<meta property=\"og:locale\" content=\"es_ES\" \/>\n<meta property=\"og:type\" content=\"article\" \/>\n<meta property=\"og:title\" content=\"1500Bar UHP Hydro-Jetting Water Blasting Ultra-high Pressure Water Jet Blasting cleaning machine Triplex Pump Multi-Gun Valve - Panwin Machinery&amp;Equipment\" \/>\n<meta property=\"og:description\" content=\"1500Bar UHP Hydro-Jetting Water Blasting Ultra-high Pressure Water Jet Blasting cleaning machine Triplex Pump Multi-Gun Valve Jetstream 51785  This is UHP Water Blasting MGV (Multi-Gun Valve) which allows two dump style waterblast guns to be operated independently when connected to one water-blaster pump. The UHP MGV will divide the pump\u2019s total flow between the guns and will maintain system pressure when either or both guns are dumping. The Thread Type is optional according to customer requirements.\" \/>\n<meta property=\"og:url\" content=\"https:\/\/panwinjet.com\/es\/producto\/1500bar-uhp-hydro-jetting-water-blasting-ultra-high-pressure-water-jet-blasting-cleaning-machine-triplex-pump-multi-gun-valve\/\" \/>\n<meta property=\"og:site_name\" content=\"Panwin Machinery&amp;Equipment\" \/>\n<meta property=\"article:modified_time\" content=\"2025-11-07T12:38:29+00:00\" \/>\n<meta property=\"og:image\" content=\"https:\/\/panwinjet.com\/wp-content\/uploads\/2025\/11\/51785-Muti-gun-Valve.png\" \/>\n\t<meta property=\"og:image:width\" content=\"755\" \/>\n\t<meta property=\"og:image:height\" content=\"521\" \/>\n\t<meta property=\"og:image:type\" content=\"image\/png\" \/>\n<meta name=\"twitter:card\" content=\"summary_large_image\" \/>\n<meta name=\"twitter:label1\" content=\"Tiempo de lectura\" \/>\n\t<meta name=\"twitter:data1\" content=\"1 minuto\" \/>\n<script type=\"application\/ld+json\" class=\"yoast-schema-graph\">{\"@context\":\"https:\/\/schema.org\",\"@graph\":[{\"@type\":\"WebPage\",\"@id\":\"https:\/\/panwinjet.com\/product\/1500bar-uhp-hydro-jetting-water-blasting-ultra-high-pressure-water-jet-blasting-cleaning-machine-triplex-pump-multi-gun-valve\/\",\"url\":\"https:\/\/panwinjet.com\/product\/1500bar-uhp-hydro-jetting-water-blasting-ultra-high-pressure-water-jet-blasting-cleaning-machine-triplex-pump-multi-gun-valve\/\",\"name\":\"1500Bar UHP Hydro-Jetting Water Blasting Ultra-high Pressure Water Jet Blasting cleaning machine Triplex Pump Multi-Gun Valve - Panwin Machinery&amp;Equipment\",\"isPartOf\":{\"@id\":\"https:\/\/panwinjet.com\/#website\"},\"primaryImageOfPage\":{\"@id\":\"https:\/\/panwinjet.com\/product\/1500bar-uhp-hydro-jetting-water-blasting-ultra-high-pressure-water-jet-blasting-cleaning-machine-triplex-pump-multi-gun-valve\/#primaryimage\"},\"image\":{\"@id\":\"https:\/\/panwinjet.com\/product\/1500bar-uhp-hydro-jetting-water-blasting-ultra-high-pressure-water-jet-blasting-cleaning-machine-triplex-pump-multi-gun-valve\/#primaryimage\"},\"thumbnailUrl\":\"https:\/\/panwinjet.com\/wp-content\/uploads\/2025\/11\/51785-Muti-gun-Valve.png\",\"datePublished\":\"2025-11-07T12:38:28+00:00\",\"dateModified\":\"2025-11-07T12:38:29+00:00\",\"breadcrumb\":{\"@id\":\"https:\/\/panwinjet.com\/product\/1500bar-uhp-hydro-jetting-water-blasting-ultra-high-pressure-water-jet-blasting-cleaning-machine-triplex-pump-multi-gun-valve\/#breadcrumb\"},\"inLanguage\":\"es\",\"potentialAction\":[{\"@type\":\"ReadAction\",\"target\":[\"https:\/\/panwinjet.com\/product\/1500bar-uhp-hydro-jetting-water-blasting-ultra-high-pressure-water-jet-blasting-cleaning-machine-triplex-pump-multi-gun-valve\/\"]}]},{\"@type\":\"ImageObject\",\"inLanguage\":\"es\",\"@id\":\"https:\/\/panwinjet.com\/product\/1500bar-uhp-hydro-jetting-water-blasting-ultra-high-pressure-water-jet-blasting-cleaning-machine-triplex-pump-multi-gun-valve\/#primaryimage\",\"url\":\"https:\/\/panwinjet.com\/wp-content\/uploads\/2025\/11\/51785-Muti-gun-Valve.png\",\"contentUrl\":\"https:\/\/panwinjet.com\/wp-content\/uploads\/2025\/11\/51785-Muti-gun-Valve.png\",\"width\":755,\"height\":521},{\"@type\":\"BreadcrumbList\",\"@id\":\"https:\/\/panwinjet.com\/product\/1500bar-uhp-hydro-jetting-water-blasting-ultra-high-pressure-water-jet-blasting-cleaning-machine-triplex-pump-multi-gun-valve\/#breadcrumb\",\"itemListElement\":[{\"@type\":\"ListItem\",\"position\":1,\"name\":\"\u9996\u9875\",\"item\":\"https:\/\/panwinjet.com\/\"},{\"@type\":\"ListItem\",\"position\":2,\"name\":\"PRODUCT\",\"item\":\"https:\/\/panwinjet.com\/product\/\"},{\"@type\":\"ListItem\",\"position\":3,\"name\":\"1500Bar UHP Hydro-Jetting Water Blasting Ultra-high Pressure Water Jet Blasting cleaning machine Triplex Pump Multi-Gun Valve\"}]},{\"@type\":\"WebSite\",\"@id\":\"https:\/\/panwinjet.com\/#website\",\"url\":\"https:\/\/panwinjet.com\/\",\"name\":\"Panwin Machinery&amp;Equipment\",\"description\":\"Shenzhen Panwin Machinery&amp;Equipment Co.Ltd\",\"potentialAction\":[{\"@type\":\"SearchAction\",\"target\":{\"@type\":\"EntryPoint\",\"urlTemplate\":\"https:\/\/panwinjet.com\/?s={search_term_string}\"},\"query-input\":{\"@type\":\"PropertyValueSpecification\",\"valueRequired\":true,\"valueName\":\"search_term_string\"}}],\"inLanguage\":\"es\"}]}<\/script>\n<!-- \/ Yoast SEO plugin. -->","yoast_head_json":{"title":"1500Bar UHP Hydro-Jetting Water Blasting Ultra-high Pressure Water Jet Blasting cleaning machine Triplex Pump Multi-Gun Valve - Panwin Machinery&amp;Equipment","robots":{"index":"index","follow":"follow","max-snippet":"max-snippet:-1","max-image-preview":"max-image-preview:large","max-video-preview":"max-video-preview:-1"},"canonical":"https:\/\/panwinjet.com\/es\/producto\/1500bar-uhp-hydro-jetting-water-blasting-ultra-high-pressure-water-jet-blasting-cleaning-machine-triplex-pump-multi-gun-valve\/","og_locale":"es_ES","og_type":"article","og_title":"1500Bar UHP Hydro-Jetting Water Blasting Ultra-high Pressure Water Jet Blasting cleaning machine Triplex Pump Multi-Gun Valve - Panwin Machinery&amp;Equipment","og_description":"1500Bar UHP Hydro-Jetting Water Blasting Ultra-high Pressure Water Jet Blasting cleaning machine Triplex Pump Multi-Gun Valve Jetstream 51785  This is UHP Water Blasting MGV (Multi-Gun Valve) which allows two dump style waterblast guns to be operated independently when connected to one water-blaster pump. The UHP MGV will divide the pump\u2019s total flow between the guns and will maintain system pressure when either or both guns are dumping. The Thread Type is optional according to customer requirements.","og_url":"https:\/\/panwinjet.com\/es\/producto\/1500bar-uhp-hydro-jetting-water-blasting-ultra-high-pressure-water-jet-blasting-cleaning-machine-triplex-pump-multi-gun-valve\/","og_site_name":"Panwin Machinery&amp;Equipment","article_modified_time":"2025-11-07T12:38:29+00:00","og_image":[{"width":755,"height":521,"url":"https:\/\/panwinjet.com\/wp-content\/uploads\/2025\/11\/51785-Muti-gun-Valve.png","type":"image\/png"}],"twitter_card":"summary_large_image","twitter_misc":{"Tiempo de lectura":"1 minuto"},"schema":{"@context":"https:\/\/schema.org","@graph":[{"@type":"WebPage","@id":"https:\/\/panwinjet.com\/product\/1500bar-uhp-hydro-jetting-water-blasting-ultra-high-pressure-water-jet-blasting-cleaning-machine-triplex-pump-multi-gun-valve\/","url":"https:\/\/panwinjet.com\/product\/1500bar-uhp-hydro-jetting-water-blasting-ultra-high-pressure-water-jet-blasting-cleaning-machine-triplex-pump-multi-gun-valve\/","name":"1500Bar UHP Hydro-Jetting Water Blasting Ultra-high Pressure Water Jet Blasting cleaning machine Triplex Pump Multi-Gun Valve - Panwin Machinery&amp;Equipment","isPartOf":{"@id":"https:\/\/panwinjet.com\/#website"},"primaryImageOfPage":{"@id":"https:\/\/panwinjet.com\/product\/1500bar-uhp-hydro-jetting-water-blasting-ultra-high-pressure-water-jet-blasting-cleaning-machine-triplex-pump-multi-gun-valve\/#primaryimage"},"image":{"@id":"https:\/\/panwinjet.com\/product\/1500bar-uhp-hydro-jetting-water-blasting-ultra-high-pressure-water-jet-blasting-cleaning-machine-triplex-pump-multi-gun-valve\/#primaryimage"},"thumbnailUrl":"https:\/\/panwinjet.com\/wp-content\/uploads\/2025\/11\/51785-Muti-gun-Valve.png","datePublished":"2025-11-07T12:38:28+00:00","dateModified":"2025-11-07T12:38:29+00:00","breadcrumb":{"@id":"https:\/\/panwinjet.com\/product\/1500bar-uhp-hydro-jetting-water-blasting-ultra-high-pressure-water-jet-blasting-cleaning-machine-triplex-pump-multi-gun-valve\/#breadcrumb"},"inLanguage":"es","potentialAction":[{"@type":"ReadAction","target":["https:\/\/panwinjet.com\/product\/1500bar-uhp-hydro-jetting-water-blasting-ultra-high-pressure-water-jet-blasting-cleaning-machine-triplex-pump-multi-gun-valve\/"]}]},{"@type":"ImageObject","inLanguage":"es","@id":"https:\/\/panwinjet.com\/product\/1500bar-uhp-hydro-jetting-water-blasting-ultra-high-pressure-water-jet-blasting-cleaning-machine-triplex-pump-multi-gun-valve\/#primaryimage","url":"https:\/\/panwinjet.com\/wp-content\/uploads\/2025\/11\/51785-Muti-gun-Valve.png","contentUrl":"https:\/\/panwinjet.com\/wp-content\/uploads\/2025\/11\/51785-Muti-gun-Valve.png","width":755,"height":521},{"@type":"BreadcrumbList","@id":"https:\/\/panwinjet.com\/product\/1500bar-uhp-hydro-jetting-water-blasting-ultra-high-pressure-water-jet-blasting-cleaning-machine-triplex-pump-multi-gun-valve\/#breadcrumb","itemListElement":[{"@type":"ListItem","position":1,"name":"\u9996\u9875","item":"https:\/\/panwinjet.com\/"},{"@type":"ListItem","position":2,"name":"PRODUCT","item":"https:\/\/panwinjet.com\/product\/"},{"@type":"ListItem","position":3,"name":"1500Bar UHP Hydro-Jetting Water Blasting Ultra-high Pressure Water Jet Blasting cleaning machine Triplex Pump Multi-Gun Valve"}]},{"@type":"WebSite","@id":"https:\/\/panwinjet.com\/#website","url":"https:\/\/panwinjet.com\/","name":"Panwin Machinery&amp;Equipment","description":"Shenzhen Panwin Machinery&amp;Equipment Co.Ltd","potentialAction":[{"@type":"SearchAction","target":{"@type":"EntryPoint","urlTemplate":"https:\/\/panwinjet.com\/?s={search_term_string}"},"query-input":{"@type":"PropertyValueSpecification","valueRequired":true,"valueName":"search_term_string"}}],"inLanguage":"es"}]}},"_links":{"self":[{"href":"https:\/\/panwinjet.com\/es\/wp-json\/wp\/v2\/product\/1861","targetHints":{"allow":["GET"]}}],"collection":[{"href":"https:\/\/panwinjet.com\/es\/wp-json\/wp\/v2\/product"}],"about":[{"href":"https:\/\/panwinjet.com\/es\/wp-json\/wp\/v2\/types\/product"}],"wp:featuredmedia":[{"embeddable":true,"href":"https:\/\/panwinjet.com\/es\/wp-json\/wp\/v2\/media\/1862"}],"wp:attachment":[{"href":"https:\/\/panwinjet.com\/es\/wp-json\/wp\/v2\/media?parent=1861"}],"wp:term":[{"taxonomy":"product_brand","embeddable":true,"href":"https:\/\/panwinjet.com\/es\/wp-json\/wp\/v2\/product_brand?post=1861"},{"taxonomy":"product_cat","embeddable":true,"href":"https:\/\/panwinjet.com\/es\/wp-json\/wp\/v2\/product_cat?post=1861"},{"taxonomy":"product_tag","embeddable":true,"href":"https:\/\/panwinjet.com\/es\/wp-json\/wp\/v2\/product_tag?post=1861"}],"curies":[{"name":"wp","href":"https:\/\/api.w.org\/{rel}","templated":true}]}}