{"id":1837,"date":"2025-11-06T06:05:50","date_gmt":"2025-11-06T06:05:50","guid":{"rendered":"https:\/\/panwinjet.com\/?post_type=product&#038;p=1837"},"modified":"2025-11-06T06:05:54","modified_gmt":"2025-11-06T06:05:54","slug":"40kpsi-hydro-jetting-uhp-water-blasting-cleaning-equipment-high-pressure-water-blaster-drain-machine-woma-pump-18mm-pump-guide-ring","status":"publish","type":"product","link":"https:\/\/panwinjet.com\/es\/producto\/40kpsi-hydro-jetting-uhp-water-blasting-cleaning-equipment-high-pressure-water-blaster-drain-machine-woma-pump-18mm-pump-guide-ring\/","title":{"rendered":"Equipo de limpieza con chorro de agua a alta presi\u00f3n UHP de 40 kpsi, m\u00e1quina de desag\u00fces con chorro de agua a alta presi\u00f3n WOMA, bomba de 18 mm, anillo gu\u00eda de bomba"},"content":{"rendered":"<p>Este equipo de limpieza con chorro de agua UHP Hydro-Jetting de 40 kpsi, m\u00e1quina de drenaje con chorro de agua de alta presi\u00f3n, anillo gu\u00eda de bomba WOMA se aplica a la bomba de presi\u00f3n de nuevo estilo WOMA, es el componente clave y el dise\u00f1o de vanguardia.<br \/>\nLa bomba se puede utilizar ampliamente en aplicaciones tales como:<br \/>\nIndustria de la construcci\u00f3n con chorro de agua a ultra alta presi\u00f3n<br \/>\nChorro de agua a presi\u00f3n por agua para la industria del hierro, el acero y los metales<br \/>\nIngenier\u00eda mec\u00e1nica y de aparatos para hidrolavadoras de alta presi\u00f3n<br \/>\nIndustria del cemento y el hormig\u00f3n<br \/>\nLimpieza de superficies con barracuda de alta presi\u00f3n<br \/>\nPiezas para equipos de limpieza UHP Hydro Jet<br \/>\nBarras pulverizadoras de limpieza industrial<br \/>\nM\u00e1quina de hidrolavado para la industria de refinaci\u00f3n de petr\u00f3leo<br \/>\nLimpieza de superficies con chorro de agua a presi\u00f3n, limpieza de tanques y recipientes.<br \/>\nLimpieza del intercambiador de calor,<br \/>\nLimpieza de pintura de autom\u00f3viles, limpieza de la industria minera, limpieza de f\u00e1bricas de acero, etc.<br \/>\nEquipos de limpieza de alcantarillado de alta presi\u00f3n para redes de tuber\u00edas municipales de suministro de agua y drenaje;<\/p>","protected":false},"excerpt":{"rendered":"<p>Equipo de limpieza con chorro de agua a alta presi\u00f3n UHP de 40 kpsi, m\u00e1quina de desag\u00fces con chorro de agua a alta presi\u00f3n WOMA, bomba de 18 mm, anillo gu\u00eda de bomba<\/p>\n<p>El equipo de limpieza por chorro de agua de 40 kpsi, la m\u00e1quina de drenaje de alta presi\u00f3n Hyro Jet de Hammelmann, el anillo gu\u00eda de la bomba WOMA UHP se ha fabricado para una amplia variedad de tareas de limpieza de superficies y se utilizan en bombas de chorro de agua de alta presi\u00f3n WOMA.<br \/>\nEst\u00e1 fabricado con acero de tungsteno de excelente calidad y con un proceso de superficie de espejo en el interior, por lo que el anillo gu\u00eda UHP WOMA tiene un rendimiento perfecto con el \u00e9mbolo.<br \/>\nEl tama\u00f1o del anillo gu\u00eda es de 47,98 x 19,10 x 16,15 mm, es totalmente adecuado para la bomba WOMA incluso supera al WOMA original.<\/p>","protected":false},"featured_media":1839,"template":"","meta":[],"product_brand":[],"product_cat":[7,11,6],"product_tag":[95,97,96],"class_list":{"0":"post-1837","1":"product","2":"type-product","3":"status-publish","4":"has-post-thumbnail","6":"product_cat-jetstream-pump-fluid-end-compatibe-parts","7":"product_cat-ship-cleaning-device","8":"product_cat-uni-valves-for-uhp-pump","9":"product_tag-40kpsi-hydro-jetting","10":"product_tag-high-pressure-water-blaster-drain","11":"product_tag-woma-pump-18mm-pump-guide-ring","13":"first","14":"instock","15":"shipping-taxable","16":"product-type-simple"},"yoast_head":"<!-- This site is optimized with the Yoast SEO plugin v24.9 - https:\/\/yoast.com\/wordpress\/plugins\/seo\/ -->\n<title>40kpsi Hydro-Jetting UHP Water Blasting cleaning equipment high pressure Water Blaster Drain machine WOMA Pump 18mm Pump guide Ring - Panwin Machinery&amp;Equipment<\/title>\n<meta name=\"robots\" content=\"index, follow, max-snippet:-1, max-image-preview:large, max-video-preview:-1\" \/>\n<link rel=\"canonical\" href=\"https:\/\/panwinjet.com\/es\/producto\/40kpsi-hydro-jetting-uhp-water-blasting-cleaning-equipment-high-pressure-water-blaster-drain-machine-woma-pump-18mm-pump-guide-ring\/\" \/>\n<meta property=\"og:locale\" content=\"es_ES\" \/>\n<meta property=\"og:type\" content=\"article\" \/>\n<meta property=\"og:title\" content=\"40kpsi Hydro-Jetting UHP Water Blasting cleaning equipment high pressure Water Blaster Drain machine WOMA Pump 18mm Pump guide Ring - Panwin Machinery&amp;Equipment\" \/>\n<meta property=\"og:description\" content=\"40kpsi Hydro-Jetting UHP Water Blasting cleaning equipment high pressure Water Blaster Drain machine WOMA Pump 18mm Pump guide Ring  The 40kpsi waterjet cleaning equipment hammelmann high pressure Hyro Jet Drain machine WOMA UHP Pump guide Ring has been made for a very wide variety of surface cleaning tasks, And they are use in WOMA high pressure water blasting pumps. It is made by the excellent quality of tungsten steel, and mirror surface process inside, so the UHP WOMA Guide Ring have perfect performance with Plunger. The size of the Guide Ring is 47.98*19.10*16.15mm, it is totally fit for WOMA pump even overpass the WOMA original.\" \/>\n<meta property=\"og:url\" content=\"https:\/\/panwinjet.com\/es\/producto\/40kpsi-hydro-jetting-uhp-water-blasting-cleaning-equipment-high-pressure-water-blaster-drain-machine-woma-pump-18mm-pump-guide-ring\/\" \/>\n<meta property=\"og:site_name\" content=\"Panwin Machinery&amp;Equipment\" \/>\n<meta property=\"article:modified_time\" content=\"2025-11-06T06:05:54+00:00\" \/>\n<meta property=\"og:image\" content=\"https:\/\/panwinjet.com\/wp-content\/uploads\/2025\/11\/2800Bar-WOMA-Guide-Ring-3-scaled.jpg\" \/>\n\t<meta property=\"og:image:width\" content=\"2560\" \/>\n\t<meta property=\"og:image:height\" content=\"1152\" \/>\n\t<meta property=\"og:image:type\" content=\"image\/jpeg\" \/>\n<meta name=\"twitter:card\" content=\"summary_large_image\" \/>\n<meta name=\"twitter:label1\" content=\"Tiempo de lectura\" \/>\n\t<meta name=\"twitter:data1\" content=\"1 minuto\" \/>\n<script type=\"application\/ld+json\" class=\"yoast-schema-graph\">{\"@context\":\"https:\/\/schema.org\",\"@graph\":[{\"@type\":\"WebPage\",\"@id\":\"https:\/\/panwinjet.com\/product\/40kpsi-hydro-jetting-uhp-water-blasting-cleaning-equipment-high-pressure-water-blaster-drain-machine-woma-pump-18mm-pump-guide-ring\/\",\"url\":\"https:\/\/panwinjet.com\/product\/40kpsi-hydro-jetting-uhp-water-blasting-cleaning-equipment-high-pressure-water-blaster-drain-machine-woma-pump-18mm-pump-guide-ring\/\",\"name\":\"40kpsi Hydro-Jetting UHP Water Blasting cleaning equipment high pressure Water Blaster Drain machine WOMA Pump 18mm Pump guide Ring - Panwin Machinery&amp;Equipment\",\"isPartOf\":{\"@id\":\"https:\/\/panwinjet.com\/#website\"},\"primaryImageOfPage\":{\"@id\":\"https:\/\/panwinjet.com\/product\/40kpsi-hydro-jetting-uhp-water-blasting-cleaning-equipment-high-pressure-water-blaster-drain-machine-woma-pump-18mm-pump-guide-ring\/#primaryimage\"},\"image\":{\"@id\":\"https:\/\/panwinjet.com\/product\/40kpsi-hydro-jetting-uhp-water-blasting-cleaning-equipment-high-pressure-water-blaster-drain-machine-woma-pump-18mm-pump-guide-ring\/#primaryimage\"},\"thumbnailUrl\":\"https:\/\/panwinjet.com\/wp-content\/uploads\/2025\/11\/2800Bar-WOMA-Guide-Ring-3-scaled.jpg\",\"datePublished\":\"2025-11-06T06:05:50+00:00\",\"dateModified\":\"2025-11-06T06:05:54+00:00\",\"breadcrumb\":{\"@id\":\"https:\/\/panwinjet.com\/product\/40kpsi-hydro-jetting-uhp-water-blasting-cleaning-equipment-high-pressure-water-blaster-drain-machine-woma-pump-18mm-pump-guide-ring\/#breadcrumb\"},\"inLanguage\":\"es\",\"potentialAction\":[{\"@type\":\"ReadAction\",\"target\":[\"https:\/\/panwinjet.com\/product\/40kpsi-hydro-jetting-uhp-water-blasting-cleaning-equipment-high-pressure-water-blaster-drain-machine-woma-pump-18mm-pump-guide-ring\/\"]}]},{\"@type\":\"ImageObject\",\"inLanguage\":\"es\",\"@id\":\"https:\/\/panwinjet.com\/product\/40kpsi-hydro-jetting-uhp-water-blasting-cleaning-equipment-high-pressure-water-blaster-drain-machine-woma-pump-18mm-pump-guide-ring\/#primaryimage\",\"url\":\"https:\/\/panwinjet.com\/wp-content\/uploads\/2025\/11\/2800Bar-WOMA-Guide-Ring-3-scaled.jpg\",\"contentUrl\":\"https:\/\/panwinjet.com\/wp-content\/uploads\/2025\/11\/2800Bar-WOMA-Guide-Ring-3-scaled.jpg\",\"width\":2560,\"height\":1152},{\"@type\":\"BreadcrumbList\",\"@id\":\"https:\/\/panwinjet.com\/product\/40kpsi-hydro-jetting-uhp-water-blasting-cleaning-equipment-high-pressure-water-blaster-drain-machine-woma-pump-18mm-pump-guide-ring\/#breadcrumb\",\"itemListElement\":[{\"@type\":\"ListItem\",\"position\":1,\"name\":\"\u9996\u9875\",\"item\":\"https:\/\/panwinjet.com\/\"},{\"@type\":\"ListItem\",\"position\":2,\"name\":\"PRODUCT\",\"item\":\"https:\/\/panwinjet.com\/product\/\"},{\"@type\":\"ListItem\",\"position\":3,\"name\":\"40kpsi Hydro-Jetting UHP Water Blasting cleaning equipment high pressure Water Blaster Drain machine WOMA Pump 18mm Pump guide Ring\"}]},{\"@type\":\"WebSite\",\"@id\":\"https:\/\/panwinjet.com\/#website\",\"url\":\"https:\/\/panwinjet.com\/\",\"name\":\"Panwin Machinery&amp;Equipment\",\"description\":\"Shenzhen Panwin Machinery&amp;Equipment Co.Ltd\",\"potentialAction\":[{\"@type\":\"SearchAction\",\"target\":{\"@type\":\"EntryPoint\",\"urlTemplate\":\"https:\/\/panwinjet.com\/?s={search_term_string}\"},\"query-input\":{\"@type\":\"PropertyValueSpecification\",\"valueRequired\":true,\"valueName\":\"search_term_string\"}}],\"inLanguage\":\"es\"}]}<\/script>\n<!-- \/ Yoast SEO plugin. -->","yoast_head_json":{"title":"40kpsi Hydro-Jetting UHP Water Blasting cleaning equipment high pressure Water Blaster Drain machine WOMA Pump 18mm Pump guide Ring - Panwin Machinery&amp;Equipment","robots":{"index":"index","follow":"follow","max-snippet":"max-snippet:-1","max-image-preview":"max-image-preview:large","max-video-preview":"max-video-preview:-1"},"canonical":"https:\/\/panwinjet.com\/es\/producto\/40kpsi-hydro-jetting-uhp-water-blasting-cleaning-equipment-high-pressure-water-blaster-drain-machine-woma-pump-18mm-pump-guide-ring\/","og_locale":"es_ES","og_type":"article","og_title":"40kpsi Hydro-Jetting UHP Water Blasting cleaning equipment high pressure Water Blaster Drain machine WOMA Pump 18mm Pump guide Ring - Panwin Machinery&amp;Equipment","og_description":"40kpsi Hydro-Jetting UHP Water Blasting cleaning equipment high pressure Water Blaster Drain machine WOMA Pump 18mm Pump guide Ring  The 40kpsi waterjet cleaning equipment hammelmann high pressure Hyro Jet Drain machine WOMA UHP Pump guide Ring has been made for a very wide variety of surface cleaning tasks, And they are use in WOMA high pressure water blasting pumps. It is made by the excellent quality of tungsten steel, and mirror surface process inside, so the UHP WOMA Guide Ring have perfect performance with Plunger. The size of the Guide Ring is 47.98*19.10*16.15mm, it is totally fit for WOMA pump even overpass the WOMA original.","og_url":"https:\/\/panwinjet.com\/es\/producto\/40kpsi-hydro-jetting-uhp-water-blasting-cleaning-equipment-high-pressure-water-blaster-drain-machine-woma-pump-18mm-pump-guide-ring\/","og_site_name":"Panwin Machinery&amp;Equipment","article_modified_time":"2025-11-06T06:05:54+00:00","og_image":[{"width":2560,"height":1152,"url":"https:\/\/panwinjet.com\/wp-content\/uploads\/2025\/11\/2800Bar-WOMA-Guide-Ring-3-scaled.jpg","type":"image\/jpeg"}],"twitter_card":"summary_large_image","twitter_misc":{"Tiempo de lectura":"1 minuto"},"schema":{"@context":"https:\/\/schema.org","@graph":[{"@type":"WebPage","@id":"https:\/\/panwinjet.com\/product\/40kpsi-hydro-jetting-uhp-water-blasting-cleaning-equipment-high-pressure-water-blaster-drain-machine-woma-pump-18mm-pump-guide-ring\/","url":"https:\/\/panwinjet.com\/product\/40kpsi-hydro-jetting-uhp-water-blasting-cleaning-equipment-high-pressure-water-blaster-drain-machine-woma-pump-18mm-pump-guide-ring\/","name":"40kpsi Hydro-Jetting UHP Water Blasting cleaning equipment high pressure Water Blaster Drain machine WOMA Pump 18mm Pump guide Ring - Panwin Machinery&amp;Equipment","isPartOf":{"@id":"https:\/\/panwinjet.com\/#website"},"primaryImageOfPage":{"@id":"https:\/\/panwinjet.com\/product\/40kpsi-hydro-jetting-uhp-water-blasting-cleaning-equipment-high-pressure-water-blaster-drain-machine-woma-pump-18mm-pump-guide-ring\/#primaryimage"},"image":{"@id":"https:\/\/panwinjet.com\/product\/40kpsi-hydro-jetting-uhp-water-blasting-cleaning-equipment-high-pressure-water-blaster-drain-machine-woma-pump-18mm-pump-guide-ring\/#primaryimage"},"thumbnailUrl":"https:\/\/panwinjet.com\/wp-content\/uploads\/2025\/11\/2800Bar-WOMA-Guide-Ring-3-scaled.jpg","datePublished":"2025-11-06T06:05:50+00:00","dateModified":"2025-11-06T06:05:54+00:00","breadcrumb":{"@id":"https:\/\/panwinjet.com\/product\/40kpsi-hydro-jetting-uhp-water-blasting-cleaning-equipment-high-pressure-water-blaster-drain-machine-woma-pump-18mm-pump-guide-ring\/#breadcrumb"},"inLanguage":"es","potentialAction":[{"@type":"ReadAction","target":["https:\/\/panwinjet.com\/product\/40kpsi-hydro-jetting-uhp-water-blasting-cleaning-equipment-high-pressure-water-blaster-drain-machine-woma-pump-18mm-pump-guide-ring\/"]}]},{"@type":"ImageObject","inLanguage":"es","@id":"https:\/\/panwinjet.com\/product\/40kpsi-hydro-jetting-uhp-water-blasting-cleaning-equipment-high-pressure-water-blaster-drain-machine-woma-pump-18mm-pump-guide-ring\/#primaryimage","url":"https:\/\/panwinjet.com\/wp-content\/uploads\/2025\/11\/2800Bar-WOMA-Guide-Ring-3-scaled.jpg","contentUrl":"https:\/\/panwinjet.com\/wp-content\/uploads\/2025\/11\/2800Bar-WOMA-Guide-Ring-3-scaled.jpg","width":2560,"height":1152},{"@type":"BreadcrumbList","@id":"https:\/\/panwinjet.com\/product\/40kpsi-hydro-jetting-uhp-water-blasting-cleaning-equipment-high-pressure-water-blaster-drain-machine-woma-pump-18mm-pump-guide-ring\/#breadcrumb","itemListElement":[{"@type":"ListItem","position":1,"name":"\u9996\u9875","item":"https:\/\/panwinjet.com\/"},{"@type":"ListItem","position":2,"name":"PRODUCT","item":"https:\/\/panwinjet.com\/product\/"},{"@type":"ListItem","position":3,"name":"40kpsi Hydro-Jetting UHP Water Blasting cleaning equipment high pressure Water Blaster Drain machine WOMA Pump 18mm Pump guide Ring"}]},{"@type":"WebSite","@id":"https:\/\/panwinjet.com\/#website","url":"https:\/\/panwinjet.com\/","name":"Panwin Machinery&amp;Equipment","description":"Shenzhen Panwin Machinery&amp;Equipment Co.Ltd","potentialAction":[{"@type":"SearchAction","target":{"@type":"EntryPoint","urlTemplate":"https:\/\/panwinjet.com\/?s={search_term_string}"},"query-input":{"@type":"PropertyValueSpecification","valueRequired":true,"valueName":"search_term_string"}}],"inLanguage":"es"}]}},"_links":{"self":[{"href":"https:\/\/panwinjet.com\/es\/wp-json\/wp\/v2\/product\/1837","targetHints":{"allow":["GET"]}}],"collection":[{"href":"https:\/\/panwinjet.com\/es\/wp-json\/wp\/v2\/product"}],"about":[{"href":"https:\/\/panwinjet.com\/es\/wp-json\/wp\/v2\/types\/product"}],"wp:featuredmedia":[{"embeddable":true,"href":"https:\/\/panwinjet.com\/es\/wp-json\/wp\/v2\/media\/1839"}],"wp:attachment":[{"href":"https:\/\/panwinjet.com\/es\/wp-json\/wp\/v2\/media?parent=1837"}],"wp:term":[{"taxonomy":"product_brand","embeddable":true,"href":"https:\/\/panwinjet.com\/es\/wp-json\/wp\/v2\/product_brand?post=1837"},{"taxonomy":"product_cat","embeddable":true,"href":"https:\/\/panwinjet.com\/es\/wp-json\/wp\/v2\/product_cat?post=1837"},{"taxonomy":"product_tag","embeddable":true,"href":"https:\/\/panwinjet.com\/es\/wp-json\/wp\/v2\/product_tag?post=1837"}],"curies":[{"name":"wp","href":"https:\/\/api.w.org\/{rel}","templated":true}]}}