{"id":1824,"date":"2025-11-06T05:24:46","date_gmt":"2025-11-06T05:24:46","guid":{"rendered":"https:\/\/panwinjet.com\/?post_type=product&#038;p=1824"},"modified":"2025-11-06T05:24:46","modified_gmt":"2025-11-06T05:24:46","slug":"uhp-40kpsi-2800bar-shipyard-surface-preparation-water-blasting-hydro-jetting-bc-self-rotary-barracuda-nozzles-seal","status":"publish","type":"product","link":"https:\/\/panwinjet.com\/es\/producto\/uhp-40kpsi-2800bar-shipyard-surface-preparation-water-blasting-hydro-jetting-bc-self-rotary-barracuda-nozzles-seal\/","title":{"rendered":"Preparaci\u00f3n de superficies en astilleros mediante chorro de agua a alta presi\u00f3n (UHP) a 40 kpsi y 2800 bar. Tambi\u00e9n se realiza el sellado con boquillas autorrotativas Barracuda de BC."},"content":{"rendered":"<p>Caracter\u00edsticas y aplicaciones del sistema UHP 40Kpsi 2800Bar para preparaci\u00f3n de superficies en astilleros, chorro de agua a presi\u00f3n reducida, hidrolavado, boquillas autorrotativas BC Barracuda y sellado.<br \/>\nLa herramienta de limpieza de superficies autorrotativa BC con chorro de agua a 40 kpsi tiene la ventaja y caracter\u00edsticas superiores de mantener un buen rendimiento en situaciones de limpieza dif\u00edciles, con las siguientes caracter\u00edsticas destacadas:<br \/>\n1: Dise\u00f1ado para condiciones de trabajo exigentes<br \/>\n2: F\u00e1cil mantenimiento en campo<br \/>\n3: No requiere aire<br \/>\n4: Mecanismo de control de velocidad<br \/>\n5: Variedad de adaptadores de boquilla disponibles<\/p>","protected":false},"excerpt":{"rendered":"<p>Preparaci\u00f3n de superficies en astilleros mediante chorro de agua a alta presi\u00f3n (UHP) a 40 kpsi y 2800 bar. Tambi\u00e9n se realiza el sellado con boquillas autorrotativas Barracuda de BC.<br \/>\n1. Introducci\u00f3n del producto: Preparaci\u00f3n de superficies en astilleros mediante chorro de agua a alta presi\u00f3n (UHP) de 40 kpsi (2800 bar) con boquillas autorrotativas Barracuda BC. Sellado.<br \/>\nLa boquilla de limpieza de superficies autorrotativa BC de 40 kpsi para chorro de agua es una boquilla avanzada en la industria de la limpieza de superficies, que ofrece una limpieza de alta eficiencia y un rendimiento estable. Con funci\u00f3n de control de velocidad y caracter\u00edsticas de f\u00e1cil mantenimiento, es ampliamente adaptable a diferentes pistolas de pulverizaci\u00f3n.<br \/>\nEn Panwin le suministramos boquillas rotativas BC de alta calidad para una limpieza eficaz de superficies; estas son las boquillas BC Barracuda con sello.<\/p>","protected":false},"featured_media":1826,"template":"","meta":[],"product_brand":[],"product_cat":[11,5],"product_tag":[91,90,89],"class_list":{"0":"post-1824","1":"product","2":"type-product","3":"status-publish","4":"has-post-thumbnail","6":"product_cat-ship-cleaning-device","7":"product_cat-uhp-rotating-nozzles","8":"product_tag-hydro-jetting-bc-self-rotary-barracuda-nozzles","9":"product_tag-shipyard-surface-preparation-water-blasting","10":"product_tag-uhp-40kpsi-2800bar","12":"first","13":"instock","14":"shipping-taxable","15":"product-type-simple"},"yoast_head":"<!-- This site is optimized with the Yoast SEO plugin v24.9 - https:\/\/yoast.com\/wordpress\/plugins\/seo\/ -->\n<title>UHP 40Kpsi 2800Bar Shipyard Surface Preparation Water blasting Hydro-Jetting BC Self-Rotary Barracuda Nozzles Seal - Panwin Machinery&amp;Equipment<\/title>\n<meta name=\"robots\" content=\"index, follow, max-snippet:-1, max-image-preview:large, max-video-preview:-1\" \/>\n<link rel=\"canonical\" href=\"https:\/\/panwinjet.com\/es\/producto\/uhp-40kpsi-2800bar-shipyard-surface-preparation-water-blasting-hydro-jetting-bc-self-rotary-barracuda-nozzles-seal\/\" \/>\n<meta property=\"og:locale\" content=\"es_ES\" \/>\n<meta property=\"og:type\" content=\"article\" \/>\n<meta property=\"og:title\" content=\"UHP 40Kpsi 2800Bar Shipyard Surface Preparation Water blasting Hydro-Jetting BC Self-Rotary Barracuda Nozzles Seal - Panwin Machinery&amp;Equipment\" \/>\n<meta property=\"og:description\" content=\"UHP 40Kpsi 2800Bar Shipyard Surface Preparation Water blasting Hydro-Jetting BC Self-Rotary Barracuda Nozzles Seal 1.Product Introduction of UHP 40Kpsi 2800Bar Shipyard Surface Preparation Water blasting Hydro-Jetting BC Self-Rotary Barracuda Nozzles Seal 40kpsi Water blasting BC Self-Rotating Surface Cleaning is an advanced surface cleaning nozzles in surface cleaning industry, it is high-efficiency cleaning and stable performance.With Speed controllable function, easy service features, it is widely adaptable with different spraying gun. We Panwin supply you the high-end quality BC Rotary nozzles for effective surface cleaning purpose, and these are the BC Barracuda Nozzles Seal\" \/>\n<meta property=\"og:url\" content=\"https:\/\/panwinjet.com\/es\/producto\/uhp-40kpsi-2800bar-shipyard-surface-preparation-water-blasting-hydro-jetting-bc-self-rotary-barracuda-nozzles-seal\/\" \/>\n<meta property=\"og:site_name\" content=\"Panwin Machinery&amp;Equipment\" \/>\n<meta property=\"og:image\" content=\"https:\/\/panwinjet.com\/wp-content\/uploads\/2025\/11\/BC-Seal-2.jpg\" \/>\n\t<meta property=\"og:image:width\" content=\"2276\" \/>\n\t<meta property=\"og:image:height\" content=\"1024\" \/>\n\t<meta property=\"og:image:type\" content=\"image\/jpeg\" \/>\n<meta name=\"twitter:card\" content=\"summary_large_image\" \/>\n<meta name=\"twitter:label1\" content=\"Tiempo de lectura\" \/>\n\t<meta name=\"twitter:data1\" content=\"1 minuto\" \/>\n<script type=\"application\/ld+json\" class=\"yoast-schema-graph\">{\"@context\":\"https:\/\/schema.org\",\"@graph\":[{\"@type\":\"WebPage\",\"@id\":\"https:\/\/panwinjet.com\/product\/uhp-40kpsi-2800bar-shipyard-surface-preparation-water-blasting-hydro-jetting-bc-self-rotary-barracuda-nozzles-seal\/\",\"url\":\"https:\/\/panwinjet.com\/product\/uhp-40kpsi-2800bar-shipyard-surface-preparation-water-blasting-hydro-jetting-bc-self-rotary-barracuda-nozzles-seal\/\",\"name\":\"UHP 40Kpsi 2800Bar Shipyard Surface Preparation Water blasting Hydro-Jetting BC Self-Rotary Barracuda Nozzles Seal - Panwin Machinery&amp;Equipment\",\"isPartOf\":{\"@id\":\"https:\/\/panwinjet.com\/#website\"},\"primaryImageOfPage\":{\"@id\":\"https:\/\/panwinjet.com\/product\/uhp-40kpsi-2800bar-shipyard-surface-preparation-water-blasting-hydro-jetting-bc-self-rotary-barracuda-nozzles-seal\/#primaryimage\"},\"image\":{\"@id\":\"https:\/\/panwinjet.com\/product\/uhp-40kpsi-2800bar-shipyard-surface-preparation-water-blasting-hydro-jetting-bc-self-rotary-barracuda-nozzles-seal\/#primaryimage\"},\"thumbnailUrl\":\"https:\/\/panwinjet.com\/wp-content\/uploads\/2025\/11\/BC-Seal-2.jpg\",\"datePublished\":\"2025-11-06T05:24:46+00:00\",\"breadcrumb\":{\"@id\":\"https:\/\/panwinjet.com\/product\/uhp-40kpsi-2800bar-shipyard-surface-preparation-water-blasting-hydro-jetting-bc-self-rotary-barracuda-nozzles-seal\/#breadcrumb\"},\"inLanguage\":\"es\",\"potentialAction\":[{\"@type\":\"ReadAction\",\"target\":[\"https:\/\/panwinjet.com\/product\/uhp-40kpsi-2800bar-shipyard-surface-preparation-water-blasting-hydro-jetting-bc-self-rotary-barracuda-nozzles-seal\/\"]}]},{\"@type\":\"ImageObject\",\"inLanguage\":\"es\",\"@id\":\"https:\/\/panwinjet.com\/product\/uhp-40kpsi-2800bar-shipyard-surface-preparation-water-blasting-hydro-jetting-bc-self-rotary-barracuda-nozzles-seal\/#primaryimage\",\"url\":\"https:\/\/panwinjet.com\/wp-content\/uploads\/2025\/11\/BC-Seal-2.jpg\",\"contentUrl\":\"https:\/\/panwinjet.com\/wp-content\/uploads\/2025\/11\/BC-Seal-2.jpg\",\"width\":2276,\"height\":1024},{\"@type\":\"BreadcrumbList\",\"@id\":\"https:\/\/panwinjet.com\/product\/uhp-40kpsi-2800bar-shipyard-surface-preparation-water-blasting-hydro-jetting-bc-self-rotary-barracuda-nozzles-seal\/#breadcrumb\",\"itemListElement\":[{\"@type\":\"ListItem\",\"position\":1,\"name\":\"\u9996\u9875\",\"item\":\"https:\/\/panwinjet.com\/\"},{\"@type\":\"ListItem\",\"position\":2,\"name\":\"PRODUCT\",\"item\":\"https:\/\/panwinjet.com\/product\/\"},{\"@type\":\"ListItem\",\"position\":3,\"name\":\"UHP 40Kpsi 2800Bar Shipyard Surface Preparation Water blasting Hydro-Jetting BC Self-Rotary Barracuda Nozzles Seal\"}]},{\"@type\":\"WebSite\",\"@id\":\"https:\/\/panwinjet.com\/#website\",\"url\":\"https:\/\/panwinjet.com\/\",\"name\":\"Panwin Machinery&amp;Equipment\",\"description\":\"Shenzhen Panwin Machinery&amp;Equipment Co.Ltd\",\"potentialAction\":[{\"@type\":\"SearchAction\",\"target\":{\"@type\":\"EntryPoint\",\"urlTemplate\":\"https:\/\/panwinjet.com\/?s={search_term_string}\"},\"query-input\":{\"@type\":\"PropertyValueSpecification\",\"valueRequired\":true,\"valueName\":\"search_term_string\"}}],\"inLanguage\":\"es\"}]}<\/script>\n<!-- \/ Yoast SEO plugin. -->","yoast_head_json":{"title":"UHP 40Kpsi 2800Bar Shipyard Surface Preparation Water blasting Hydro-Jetting BC Self-Rotary Barracuda Nozzles Seal - Panwin Machinery&amp;Equipment","robots":{"index":"index","follow":"follow","max-snippet":"max-snippet:-1","max-image-preview":"max-image-preview:large","max-video-preview":"max-video-preview:-1"},"canonical":"https:\/\/panwinjet.com\/es\/producto\/uhp-40kpsi-2800bar-shipyard-surface-preparation-water-blasting-hydro-jetting-bc-self-rotary-barracuda-nozzles-seal\/","og_locale":"es_ES","og_type":"article","og_title":"UHP 40Kpsi 2800Bar Shipyard Surface Preparation Water blasting Hydro-Jetting BC Self-Rotary Barracuda Nozzles Seal - Panwin Machinery&amp;Equipment","og_description":"UHP 40Kpsi 2800Bar Shipyard Surface Preparation Water blasting Hydro-Jetting BC Self-Rotary Barracuda Nozzles Seal 1.Product Introduction of UHP 40Kpsi 2800Bar Shipyard Surface Preparation Water blasting Hydro-Jetting BC Self-Rotary Barracuda Nozzles Seal 40kpsi Water blasting BC Self-Rotating Surface Cleaning is an advanced surface cleaning nozzles in surface cleaning industry, it is high-efficiency cleaning and stable performance.With Speed controllable function, easy service features, it is widely adaptable with different spraying gun. We Panwin supply you the high-end quality BC Rotary nozzles for effective surface cleaning purpose, and these are the BC Barracuda Nozzles Seal","og_url":"https:\/\/panwinjet.com\/es\/producto\/uhp-40kpsi-2800bar-shipyard-surface-preparation-water-blasting-hydro-jetting-bc-self-rotary-barracuda-nozzles-seal\/","og_site_name":"Panwin Machinery&amp;Equipment","og_image":[{"width":2276,"height":1024,"url":"https:\/\/panwinjet.com\/wp-content\/uploads\/2025\/11\/BC-Seal-2.jpg","type":"image\/jpeg"}],"twitter_card":"summary_large_image","twitter_misc":{"Tiempo de lectura":"1 minuto"},"schema":{"@context":"https:\/\/schema.org","@graph":[{"@type":"WebPage","@id":"https:\/\/panwinjet.com\/product\/uhp-40kpsi-2800bar-shipyard-surface-preparation-water-blasting-hydro-jetting-bc-self-rotary-barracuda-nozzles-seal\/","url":"https:\/\/panwinjet.com\/product\/uhp-40kpsi-2800bar-shipyard-surface-preparation-water-blasting-hydro-jetting-bc-self-rotary-barracuda-nozzles-seal\/","name":"UHP 40Kpsi 2800Bar Shipyard Surface Preparation Water blasting Hydro-Jetting BC Self-Rotary Barracuda Nozzles Seal - Panwin Machinery&amp;Equipment","isPartOf":{"@id":"https:\/\/panwinjet.com\/#website"},"primaryImageOfPage":{"@id":"https:\/\/panwinjet.com\/product\/uhp-40kpsi-2800bar-shipyard-surface-preparation-water-blasting-hydro-jetting-bc-self-rotary-barracuda-nozzles-seal\/#primaryimage"},"image":{"@id":"https:\/\/panwinjet.com\/product\/uhp-40kpsi-2800bar-shipyard-surface-preparation-water-blasting-hydro-jetting-bc-self-rotary-barracuda-nozzles-seal\/#primaryimage"},"thumbnailUrl":"https:\/\/panwinjet.com\/wp-content\/uploads\/2025\/11\/BC-Seal-2.jpg","datePublished":"2025-11-06T05:24:46+00:00","breadcrumb":{"@id":"https:\/\/panwinjet.com\/product\/uhp-40kpsi-2800bar-shipyard-surface-preparation-water-blasting-hydro-jetting-bc-self-rotary-barracuda-nozzles-seal\/#breadcrumb"},"inLanguage":"es","potentialAction":[{"@type":"ReadAction","target":["https:\/\/panwinjet.com\/product\/uhp-40kpsi-2800bar-shipyard-surface-preparation-water-blasting-hydro-jetting-bc-self-rotary-barracuda-nozzles-seal\/"]}]},{"@type":"ImageObject","inLanguage":"es","@id":"https:\/\/panwinjet.com\/product\/uhp-40kpsi-2800bar-shipyard-surface-preparation-water-blasting-hydro-jetting-bc-self-rotary-barracuda-nozzles-seal\/#primaryimage","url":"https:\/\/panwinjet.com\/wp-content\/uploads\/2025\/11\/BC-Seal-2.jpg","contentUrl":"https:\/\/panwinjet.com\/wp-content\/uploads\/2025\/11\/BC-Seal-2.jpg","width":2276,"height":1024},{"@type":"BreadcrumbList","@id":"https:\/\/panwinjet.com\/product\/uhp-40kpsi-2800bar-shipyard-surface-preparation-water-blasting-hydro-jetting-bc-self-rotary-barracuda-nozzles-seal\/#breadcrumb","itemListElement":[{"@type":"ListItem","position":1,"name":"\u9996\u9875","item":"https:\/\/panwinjet.com\/"},{"@type":"ListItem","position":2,"name":"PRODUCT","item":"https:\/\/panwinjet.com\/product\/"},{"@type":"ListItem","position":3,"name":"UHP 40Kpsi 2800Bar Shipyard Surface Preparation Water blasting Hydro-Jetting BC Self-Rotary Barracuda Nozzles Seal"}]},{"@type":"WebSite","@id":"https:\/\/panwinjet.com\/#website","url":"https:\/\/panwinjet.com\/","name":"Panwin Machinery&amp;Equipment","description":"Shenzhen Panwin Machinery&amp;Equipment Co.Ltd","potentialAction":[{"@type":"SearchAction","target":{"@type":"EntryPoint","urlTemplate":"https:\/\/panwinjet.com\/?s={search_term_string}"},"query-input":{"@type":"PropertyValueSpecification","valueRequired":true,"valueName":"search_term_string"}}],"inLanguage":"es"}]}},"_links":{"self":[{"href":"https:\/\/panwinjet.com\/es\/wp-json\/wp\/v2\/product\/1824","targetHints":{"allow":["GET"]}}],"collection":[{"href":"https:\/\/panwinjet.com\/es\/wp-json\/wp\/v2\/product"}],"about":[{"href":"https:\/\/panwinjet.com\/es\/wp-json\/wp\/v2\/types\/product"}],"wp:featuredmedia":[{"embeddable":true,"href":"https:\/\/panwinjet.com\/es\/wp-json\/wp\/v2\/media\/1826"}],"wp:attachment":[{"href":"https:\/\/panwinjet.com\/es\/wp-json\/wp\/v2\/media?parent=1824"}],"wp:term":[{"taxonomy":"product_brand","embeddable":true,"href":"https:\/\/panwinjet.com\/es\/wp-json\/wp\/v2\/product_brand?post=1824"},{"taxonomy":"product_cat","embeddable":true,"href":"https:\/\/panwinjet.com\/es\/wp-json\/wp\/v2\/product_cat?post=1824"},{"taxonomy":"product_tag","embeddable":true,"href":"https:\/\/panwinjet.com\/es\/wp-json\/wp\/v2\/product_tag?post=1824"}],"curies":[{"name":"wp","href":"https:\/\/api.w.org\/{rel}","templated":true}]}}