{"id":1818,"date":"2025-11-05T15:26:24","date_gmt":"2025-11-05T15:26:24","guid":{"rendered":"https:\/\/panwinjet.com\/?post_type=product&#038;p=1818"},"modified":"2025-11-05T15:26:25","modified_gmt":"2025-11-05T15:26:25","slug":"87k-uhp-water-jet-cutting-ultra-high-pressure-hydro-blasting-measuring-gauge-instruments","status":"publish","type":"product","link":"https:\/\/panwinjet.com\/es\/producto\/87k-uhp-water-jet-cutting-ultra-high-pressure-hydro-blasting-measuring-gauge-instruments\/","title":{"rendered":"Instrumentos de medici\u00f3n para corte por chorro de agua UHP de 87K y chorro de agua a ultra alta presi\u00f3n."},"content":{"rendered":"<p>Instrumentos de medici\u00f3n para corte por chorro de agua UHP de 87K y chorro de agua a ultra alta presi\u00f3n.<br \/>\nEn Panwin le vendemos el man\u00f3metro de presi\u00f3n de excelente calidad 87K para limpieza de la industria petroqu\u00edmica con chorro de agua UHP, corte por chorro de agua, hidrolavado, instrumentos de medici\u00f3n de presi\u00f3n confiables y de alta calidad para el funcionamiento seguro del cliente en el proceso de corte por chorro de agua.<\/p>\n<p>Nuestros instrumentos de medici\u00f3n de chorro de agua a ultra alta presi\u00f3n 87K UHP, rellenos de aceite de silicona, para aplicaciones de alta presi\u00f3n, fabricados de conformidad con la norma EN837-1 y las especificaciones de dise\u00f1o de seguridad.<\/p>","protected":false},"excerpt":{"rendered":"<p>Disponemos de dos tipos de man\u00f3metros UHP con di\u00e1metros de 4 y 6 pulgadas y rangos de presi\u00f3n de 0 a 87 psi (ambos en formato Psi\/MPa).<br \/>\nVersi\u00f3n de conexi\u00f3n disponible:<br \/>\nOfrecemos conexiones inferiores BSP, conexiones inferiores NPT, conexiones traseras centrales BSP, conexiones traseras centrales NPT, conexiones traseras exc\u00e9ntricas NPT, y disponemos de stock de los tipos de conexi\u00f3n m\u00e1s comunes y populares; las conexiones personalizadas especiales son opcionales.<\/p>\n<p>Solicitud:<br \/>\nLos instrumentos de medici\u00f3n para corte por chorro de agua UHP de 87K y chorro de agua a ultra alta presi\u00f3n se utilizan en unidades de potencia, bombas, m\u00e1quinas de tratamiento de agua, prensas, sobrealimentadores, turbinas, motores di\u00e9sel, sistemas qu\u00edmicos, petroqu\u00edmicos y de refrigeraci\u00f3n, as\u00ed como en m\u00e1quinas y dispositivos en los que existen presiones pulsantes o vibraciones mec\u00e1nicas.<\/p>","protected":false},"featured_media":1820,"template":"","meta":[],"product_brand":[],"product_cat":[65,9,7,11,22],"product_tag":[87,88],"class_list":{"0":"post-1818","1":"product","2":"type-product","3":"status-publish","4":"has-post-thumbnail","6":"product_cat-flow-direct-drive-pump","7":"product_cat-heat-exchanger-cleaning-device","8":"product_cat-jetstream-pump-fluid-end-compatibe-parts","9":"product_cat-ship-cleaning-device","10":"product_cat-waterjet-cutting-machine-parts","11":"product_tag-87k-uhp-water-jet-cutting","12":"product_tag-ultra-high-pressure-hydro-blasting-measuring-gauge-instruments","14":"first","15":"instock","16":"shipping-taxable","17":"product-type-simple"},"yoast_head":"<!-- This site is optimized with the Yoast SEO plugin v24.9 - https:\/\/yoast.com\/wordpress\/plugins\/seo\/ -->\n<title>87K UHP Water-Jet Cutting Ultra-high Pressure Hydro-blasting Measuring Gauge Instruments - Panwin Machinery&amp;Equipment<\/title>\n<meta name=\"robots\" content=\"index, follow, max-snippet:-1, max-image-preview:large, max-video-preview:-1\" \/>\n<link rel=\"canonical\" href=\"https:\/\/panwinjet.com\/es\/producto\/87k-uhp-water-jet-cutting-ultra-high-pressure-hydro-blasting-measuring-gauge-instruments\/\" \/>\n<meta property=\"og:locale\" content=\"es_ES\" \/>\n<meta property=\"og:type\" content=\"article\" \/>\n<meta property=\"og:title\" content=\"87K UHP Water-Jet Cutting Ultra-high Pressure Hydro-blasting Measuring Gauge Instruments - Panwin Machinery&amp;Equipment\" \/>\n<meta property=\"og:description\" content=\"We have two Type Of the UHP pressure Gauge Diameter:4inch and 6inch, pressure rate:0-87psi, both Psi Mpa. Connection Version Available: We offer the BSP bottom connection, NPT bottom connection, BSP centre back connection, NPT centre back connection, NPT eccentric back connection, and We have the common and Popular connection Type stock, special customize connection is optional.  Application: 87K UHP Water-Jet Cutting Ultra-high Pressure Hydro-blasting Measuring Gauge Instruments are used in power units, pumps, water treatment machines, presses, superchargers, turbines, Diesel engines, chemical, petrochemical and cooling systems, also in machines and devices in which pulsating pressure or mechanical vibrations are present.\" \/>\n<meta property=\"og:url\" content=\"https:\/\/panwinjet.com\/es\/producto\/87k-uhp-water-jet-cutting-ultra-high-pressure-hydro-blasting-measuring-gauge-instruments\/\" \/>\n<meta property=\"og:site_name\" content=\"Panwin Machinery&amp;Equipment\" \/>\n<meta property=\"article:modified_time\" content=\"2025-11-05T15:26:25+00:00\" \/>\n<meta property=\"og:image\" content=\"https:\/\/panwinjet.com\/wp-content\/uploads\/2025\/11\/87K-Waterjet-Cutting-Pressure-Gauge-3.jpg\" \/>\n\t<meta property=\"og:image:width\" content=\"1279\" \/>\n\t<meta property=\"og:image:height\" content=\"1706\" \/>\n\t<meta property=\"og:image:type\" content=\"image\/jpeg\" \/>\n<meta name=\"twitter:card\" content=\"summary_large_image\" \/>\n<meta name=\"twitter:label1\" content=\"Tiempo de lectura\" \/>\n\t<meta name=\"twitter:data1\" content=\"1 minuto\" \/>\n<script type=\"application\/ld+json\" class=\"yoast-schema-graph\">{\"@context\":\"https:\/\/schema.org\",\"@graph\":[{\"@type\":\"WebPage\",\"@id\":\"https:\/\/panwinjet.com\/product\/87k-uhp-water-jet-cutting-ultra-high-pressure-hydro-blasting-measuring-gauge-instruments\/\",\"url\":\"https:\/\/panwinjet.com\/product\/87k-uhp-water-jet-cutting-ultra-high-pressure-hydro-blasting-measuring-gauge-instruments\/\",\"name\":\"87K UHP Water-Jet Cutting Ultra-high Pressure Hydro-blasting Measuring Gauge Instruments - Panwin Machinery&amp;Equipment\",\"isPartOf\":{\"@id\":\"https:\/\/panwinjet.com\/#website\"},\"primaryImageOfPage\":{\"@id\":\"https:\/\/panwinjet.com\/product\/87k-uhp-water-jet-cutting-ultra-high-pressure-hydro-blasting-measuring-gauge-instruments\/#primaryimage\"},\"image\":{\"@id\":\"https:\/\/panwinjet.com\/product\/87k-uhp-water-jet-cutting-ultra-high-pressure-hydro-blasting-measuring-gauge-instruments\/#primaryimage\"},\"thumbnailUrl\":\"https:\/\/panwinjet.com\/wp-content\/uploads\/2025\/11\/87K-Waterjet-Cutting-Pressure-Gauge-3.jpg\",\"datePublished\":\"2025-11-05T15:26:24+00:00\",\"dateModified\":\"2025-11-05T15:26:25+00:00\",\"breadcrumb\":{\"@id\":\"https:\/\/panwinjet.com\/product\/87k-uhp-water-jet-cutting-ultra-high-pressure-hydro-blasting-measuring-gauge-instruments\/#breadcrumb\"},\"inLanguage\":\"es\",\"potentialAction\":[{\"@type\":\"ReadAction\",\"target\":[\"https:\/\/panwinjet.com\/product\/87k-uhp-water-jet-cutting-ultra-high-pressure-hydro-blasting-measuring-gauge-instruments\/\"]}]},{\"@type\":\"ImageObject\",\"inLanguage\":\"es\",\"@id\":\"https:\/\/panwinjet.com\/product\/87k-uhp-water-jet-cutting-ultra-high-pressure-hydro-blasting-measuring-gauge-instruments\/#primaryimage\",\"url\":\"https:\/\/panwinjet.com\/wp-content\/uploads\/2025\/11\/87K-Waterjet-Cutting-Pressure-Gauge-3.jpg\",\"contentUrl\":\"https:\/\/panwinjet.com\/wp-content\/uploads\/2025\/11\/87K-Waterjet-Cutting-Pressure-Gauge-3.jpg\",\"width\":1279,\"height\":1706},{\"@type\":\"BreadcrumbList\",\"@id\":\"https:\/\/panwinjet.com\/product\/87k-uhp-water-jet-cutting-ultra-high-pressure-hydro-blasting-measuring-gauge-instruments\/#breadcrumb\",\"itemListElement\":[{\"@type\":\"ListItem\",\"position\":1,\"name\":\"\u9996\u9875\",\"item\":\"https:\/\/panwinjet.com\/\"},{\"@type\":\"ListItem\",\"position\":2,\"name\":\"PRODUCT\",\"item\":\"https:\/\/panwinjet.com\/product\/\"},{\"@type\":\"ListItem\",\"position\":3,\"name\":\"87K UHP Water-Jet Cutting Ultra-high Pressure Hydro-blasting Measuring Gauge Instruments\"}]},{\"@type\":\"WebSite\",\"@id\":\"https:\/\/panwinjet.com\/#website\",\"url\":\"https:\/\/panwinjet.com\/\",\"name\":\"Panwin Machinery&amp;Equipment\",\"description\":\"Shenzhen Panwin Machinery&amp;Equipment Co.Ltd\",\"potentialAction\":[{\"@type\":\"SearchAction\",\"target\":{\"@type\":\"EntryPoint\",\"urlTemplate\":\"https:\/\/panwinjet.com\/?s={search_term_string}\"},\"query-input\":{\"@type\":\"PropertyValueSpecification\",\"valueRequired\":true,\"valueName\":\"search_term_string\"}}],\"inLanguage\":\"es\"}]}<\/script>\n<!-- \/ Yoast SEO plugin. -->","yoast_head_json":{"title":"87K UHP Water-Jet Cutting Ultra-high Pressure Hydro-blasting Measuring Gauge Instruments - Panwin Machinery&amp;Equipment","robots":{"index":"index","follow":"follow","max-snippet":"max-snippet:-1","max-image-preview":"max-image-preview:large","max-video-preview":"max-video-preview:-1"},"canonical":"https:\/\/panwinjet.com\/es\/producto\/87k-uhp-water-jet-cutting-ultra-high-pressure-hydro-blasting-measuring-gauge-instruments\/","og_locale":"es_ES","og_type":"article","og_title":"87K UHP Water-Jet Cutting Ultra-high Pressure Hydro-blasting Measuring Gauge Instruments - Panwin Machinery&amp;Equipment","og_description":"We have two Type Of the UHP pressure Gauge Diameter:4inch and 6inch, pressure rate:0-87psi, both Psi Mpa. Connection Version Available: We offer the BSP bottom connection, NPT bottom connection, BSP centre back connection, NPT centre back connection, NPT eccentric back connection, and We have the common and Popular connection Type stock, special customize connection is optional.  Application: 87K UHP Water-Jet Cutting Ultra-high Pressure Hydro-blasting Measuring Gauge Instruments are used in power units, pumps, water treatment machines, presses, superchargers, turbines, Diesel engines, chemical, petrochemical and cooling systems, also in machines and devices in which pulsating pressure or mechanical vibrations are present.","og_url":"https:\/\/panwinjet.com\/es\/producto\/87k-uhp-water-jet-cutting-ultra-high-pressure-hydro-blasting-measuring-gauge-instruments\/","og_site_name":"Panwin Machinery&amp;Equipment","article_modified_time":"2025-11-05T15:26:25+00:00","og_image":[{"width":1279,"height":1706,"url":"https:\/\/panwinjet.com\/wp-content\/uploads\/2025\/11\/87K-Waterjet-Cutting-Pressure-Gauge-3.jpg","type":"image\/jpeg"}],"twitter_card":"summary_large_image","twitter_misc":{"Tiempo de lectura":"1 minuto"},"schema":{"@context":"https:\/\/schema.org","@graph":[{"@type":"WebPage","@id":"https:\/\/panwinjet.com\/product\/87k-uhp-water-jet-cutting-ultra-high-pressure-hydro-blasting-measuring-gauge-instruments\/","url":"https:\/\/panwinjet.com\/product\/87k-uhp-water-jet-cutting-ultra-high-pressure-hydro-blasting-measuring-gauge-instruments\/","name":"87K UHP Water-Jet Cutting Ultra-high Pressure Hydro-blasting Measuring Gauge Instruments - Panwin Machinery&amp;Equipment","isPartOf":{"@id":"https:\/\/panwinjet.com\/#website"},"primaryImageOfPage":{"@id":"https:\/\/panwinjet.com\/product\/87k-uhp-water-jet-cutting-ultra-high-pressure-hydro-blasting-measuring-gauge-instruments\/#primaryimage"},"image":{"@id":"https:\/\/panwinjet.com\/product\/87k-uhp-water-jet-cutting-ultra-high-pressure-hydro-blasting-measuring-gauge-instruments\/#primaryimage"},"thumbnailUrl":"https:\/\/panwinjet.com\/wp-content\/uploads\/2025\/11\/87K-Waterjet-Cutting-Pressure-Gauge-3.jpg","datePublished":"2025-11-05T15:26:24+00:00","dateModified":"2025-11-05T15:26:25+00:00","breadcrumb":{"@id":"https:\/\/panwinjet.com\/product\/87k-uhp-water-jet-cutting-ultra-high-pressure-hydro-blasting-measuring-gauge-instruments\/#breadcrumb"},"inLanguage":"es","potentialAction":[{"@type":"ReadAction","target":["https:\/\/panwinjet.com\/product\/87k-uhp-water-jet-cutting-ultra-high-pressure-hydro-blasting-measuring-gauge-instruments\/"]}]},{"@type":"ImageObject","inLanguage":"es","@id":"https:\/\/panwinjet.com\/product\/87k-uhp-water-jet-cutting-ultra-high-pressure-hydro-blasting-measuring-gauge-instruments\/#primaryimage","url":"https:\/\/panwinjet.com\/wp-content\/uploads\/2025\/11\/87K-Waterjet-Cutting-Pressure-Gauge-3.jpg","contentUrl":"https:\/\/panwinjet.com\/wp-content\/uploads\/2025\/11\/87K-Waterjet-Cutting-Pressure-Gauge-3.jpg","width":1279,"height":1706},{"@type":"BreadcrumbList","@id":"https:\/\/panwinjet.com\/product\/87k-uhp-water-jet-cutting-ultra-high-pressure-hydro-blasting-measuring-gauge-instruments\/#breadcrumb","itemListElement":[{"@type":"ListItem","position":1,"name":"\u9996\u9875","item":"https:\/\/panwinjet.com\/"},{"@type":"ListItem","position":2,"name":"PRODUCT","item":"https:\/\/panwinjet.com\/product\/"},{"@type":"ListItem","position":3,"name":"87K UHP Water-Jet Cutting Ultra-high Pressure Hydro-blasting Measuring Gauge Instruments"}]},{"@type":"WebSite","@id":"https:\/\/panwinjet.com\/#website","url":"https:\/\/panwinjet.com\/","name":"Panwin Machinery&amp;Equipment","description":"Shenzhen Panwin Machinery&amp;Equipment Co.Ltd","potentialAction":[{"@type":"SearchAction","target":{"@type":"EntryPoint","urlTemplate":"https:\/\/panwinjet.com\/?s={search_term_string}"},"query-input":{"@type":"PropertyValueSpecification","valueRequired":true,"valueName":"search_term_string"}}],"inLanguage":"es"}]}},"_links":{"self":[{"href":"https:\/\/panwinjet.com\/es\/wp-json\/wp\/v2\/product\/1818","targetHints":{"allow":["GET"]}}],"collection":[{"href":"https:\/\/panwinjet.com\/es\/wp-json\/wp\/v2\/product"}],"about":[{"href":"https:\/\/panwinjet.com\/es\/wp-json\/wp\/v2\/types\/product"}],"wp:featuredmedia":[{"embeddable":true,"href":"https:\/\/panwinjet.com\/es\/wp-json\/wp\/v2\/media\/1820"}],"wp:attachment":[{"href":"https:\/\/panwinjet.com\/es\/wp-json\/wp\/v2\/media?parent=1818"}],"wp:term":[{"taxonomy":"product_brand","embeddable":true,"href":"https:\/\/panwinjet.com\/es\/wp-json\/wp\/v2\/product_brand?post=1818"},{"taxonomy":"product_cat","embeddable":true,"href":"https:\/\/panwinjet.com\/es\/wp-json\/wp\/v2\/product_cat?post=1818"},{"taxonomy":"product_tag","embeddable":true,"href":"https:\/\/panwinjet.com\/es\/wp-json\/wp\/v2\/product_tag?post=1818"}],"curies":[{"name":"wp","href":"https:\/\/api.w.org\/{rel}","templated":true}]}}