{"id":1809,"date":"2025-11-03T22:33:07","date_gmt":"2025-11-03T22:33:07","guid":{"rendered":"https:\/\/panwinjet.com\/?post_type=product&#038;p=1809"},"modified":"2025-11-03T22:33:07","modified_gmt":"2025-11-03T22:33:07","slug":"chinese-manufacturer-medium-pressure-rate-water-blasting-hydro-jet-drain-jetstream-10k-rupture-disc-holder-assembly","status":"publish","type":"product","link":"https:\/\/panwinjet.com\/es\/producto\/chinese-manufacturer-medium-pressure-rate-water-blasting-hydro-jet-drain-jetstream-10k-rupture-disc-holder-assembly\/","title":{"rendered":"Conjunto de soporte para disco de ruptura Jetstream 10K de fabricante chino para chorro de agua a presi\u00f3n media."},"content":{"rendered":"<p>Esta bomba de \u00e9mbolo triplex de chorro de agua a presi\u00f3n ultra alta, chorro de agua Jetstream 10K, conjunto de soporte de disco de ruptura, presi\u00f3n m\u00e1xima de funcionamiento es 8250 psi, la tasa de presi\u00f3n m\u00ednima es 7100 psi, el di\u00e1metro de explosi\u00f3n del disco es 12,7 mm (0,5 pulgadas), la presi\u00f3n de explosi\u00f3n es 10000 psi.<\/p>","protected":false},"excerpt":{"rendered":"<p>1. Introducci\u00f3n del producto del fabricante chino de drenaje hidrojet con chorro de agua a presi\u00f3n media Jetstream 10K Conjunto de soporte de disco de ruptura<br \/>\nEl conjunto de soporte de disco de ruptura Jetstream 10K con chorro de agua a presi\u00f3n media para industria automotriz con chorro de agua Panwin Water Jet Blasting se utiliza para proteger contra una sobrepresurizaci\u00f3n peligrosa; los discos de ruptura funcionan en un sistema de chorro de agua de manera similar a la funci\u00f3n de los fusibles en un circuito el\u00e9ctrico.<br \/>\nPortadiscos de ruptura Jetstream 10K con di\u00e1metro de soplado de 12,7 mm (1\/2 pulg.). Dispositivo de alivio primario para presiones de operaci\u00f3n de 480 a 510 bar (6900 a 7400 psi).<br \/>\nY el conjunto de soporte de disco de ruptura Jetstream 10K con drenaje hidrojet de chorro de agua Dispositivo de alivio secundario para presiones de operaci\u00f3n de 8000 a 8300 psi (550 a 600 bar).<\/p>","protected":false},"featured_media":1811,"template":"","meta":[],"product_brand":[],"product_cat":[8,7,10,11],"product_tag":[83,84],"class_list":{"0":"post-1809","1":"product","2":"type-product","3":"status-publish","4":"has-post-thumbnail","6":"product_cat-giant-tank-cleaningcutting-device","7":"product_cat-jetstream-pump-fluid-end-compatibe-parts","8":"product_cat-pipeline-tube-uhp-water-blasting-cleaning-device","9":"product_cat-ship-cleaning-device","10":"product_tag-jetstream-10k-rupture-disc-holder-assembly","11":"product_tag-pressure-rate-water-blasting-hydro-jet-equipment","13":"first","14":"instock","15":"shipping-taxable","16":"product-type-simple"},"yoast_head":"<!-- This site is optimized with the Yoast SEO plugin v24.9 - https:\/\/yoast.com\/wordpress\/plugins\/seo\/ -->\n<title>Chinese Manufacturer medium Pressure Rate Water Blasting hydro jet drain Jetstream 10K Rupture Disc Holder Assembly - Panwin Machinery&amp;Equipment<\/title>\n<meta name=\"robots\" content=\"index, follow, max-snippet:-1, max-image-preview:large, max-video-preview:-1\" \/>\n<link rel=\"canonical\" href=\"https:\/\/panwinjet.com\/es\/producto\/chinese-manufacturer-medium-pressure-rate-water-blasting-hydro-jet-drain-jetstream-10k-rupture-disc-holder-assembly\/\" \/>\n<meta property=\"og:locale\" content=\"es_ES\" \/>\n<meta property=\"og:type\" content=\"article\" \/>\n<meta property=\"og:title\" content=\"Chinese Manufacturer medium Pressure Rate Water Blasting hydro jet drain Jetstream 10K Rupture Disc Holder Assembly - Panwin Machinery&amp;Equipment\" \/>\n<meta property=\"og:description\" content=\"1.Product Introduction of Chinese Manufacturer medium Pressure Rate Water Blasting hydro jet drain Jetstream 10K Rupture Disc Holder Assembly The Panwin Water Jet Blasting automotive industry medium Pressure Rate Water Blasting hydro jet drain Jetstream 10K Rupture Disc Holder Assembly are used for protection from dangerous over-pressurization,rupture discs function in a water blast system similar to the function of fuses in an electrical circuit. The Jetstream 10K rupture disc holders with 1\/2 in. (12.7 mm) blow out diameter. Primary relief device for operating pressures from 6,900 to 7,400 psi (480 to 510 bar). And the Water Blasting hydro jet drain Jetstream 10K Rupture Disc Holder Assembly Secondary relief device for operating pressures from 8,000 to 8,300 psi (550 to 600 bar).\" \/>\n<meta property=\"og:url\" content=\"https:\/\/panwinjet.com\/es\/producto\/chinese-manufacturer-medium-pressure-rate-water-blasting-hydro-jet-drain-jetstream-10k-rupture-disc-holder-assembly\/\" \/>\n<meta property=\"og:site_name\" content=\"Panwin Machinery&amp;Equipment\" \/>\n<meta property=\"og:image\" content=\"https:\/\/panwinjet.com\/wp-content\/uploads\/2025\/11\/51035-15K-\u7206\u7834\u9600\u9600\u5ea7-1.png\" \/>\n\t<meta property=\"og:image:width\" content=\"750\" \/>\n\t<meta property=\"og:image:height\" content=\"1000\" \/>\n\t<meta property=\"og:image:type\" content=\"image\/png\" \/>\n<meta name=\"twitter:card\" content=\"summary_large_image\" \/>\n<meta name=\"twitter:label1\" content=\"Tiempo de lectura\" \/>\n\t<meta name=\"twitter:data1\" content=\"1 minuto\" \/>\n<script type=\"application\/ld+json\" class=\"yoast-schema-graph\">{\"@context\":\"https:\/\/schema.org\",\"@graph\":[{\"@type\":\"WebPage\",\"@id\":\"https:\/\/panwinjet.com\/product\/chinese-manufacturer-medium-pressure-rate-water-blasting-hydro-jet-drain-jetstream-10k-rupture-disc-holder-assembly\/\",\"url\":\"https:\/\/panwinjet.com\/product\/chinese-manufacturer-medium-pressure-rate-water-blasting-hydro-jet-drain-jetstream-10k-rupture-disc-holder-assembly\/\",\"name\":\"Chinese Manufacturer medium Pressure Rate Water Blasting hydro jet drain Jetstream 10K Rupture Disc Holder Assembly - Panwin Machinery&amp;Equipment\",\"isPartOf\":{\"@id\":\"https:\/\/panwinjet.com\/#website\"},\"primaryImageOfPage\":{\"@id\":\"https:\/\/panwinjet.com\/product\/chinese-manufacturer-medium-pressure-rate-water-blasting-hydro-jet-drain-jetstream-10k-rupture-disc-holder-assembly\/#primaryimage\"},\"image\":{\"@id\":\"https:\/\/panwinjet.com\/product\/chinese-manufacturer-medium-pressure-rate-water-blasting-hydro-jet-drain-jetstream-10k-rupture-disc-holder-assembly\/#primaryimage\"},\"thumbnailUrl\":\"https:\/\/panwinjet.com\/wp-content\/uploads\/2025\/11\/51035-15K-\u7206\u7834\u9600\u9600\u5ea7-1.png\",\"datePublished\":\"2025-11-03T22:33:07+00:00\",\"breadcrumb\":{\"@id\":\"https:\/\/panwinjet.com\/product\/chinese-manufacturer-medium-pressure-rate-water-blasting-hydro-jet-drain-jetstream-10k-rupture-disc-holder-assembly\/#breadcrumb\"},\"inLanguage\":\"es\",\"potentialAction\":[{\"@type\":\"ReadAction\",\"target\":[\"https:\/\/panwinjet.com\/product\/chinese-manufacturer-medium-pressure-rate-water-blasting-hydro-jet-drain-jetstream-10k-rupture-disc-holder-assembly\/\"]}]},{\"@type\":\"ImageObject\",\"inLanguage\":\"es\",\"@id\":\"https:\/\/panwinjet.com\/product\/chinese-manufacturer-medium-pressure-rate-water-blasting-hydro-jet-drain-jetstream-10k-rupture-disc-holder-assembly\/#primaryimage\",\"url\":\"https:\/\/panwinjet.com\/wp-content\/uploads\/2025\/11\/51035-15K-\u7206\u7834\u9600\u9600\u5ea7-1.png\",\"contentUrl\":\"https:\/\/panwinjet.com\/wp-content\/uploads\/2025\/11\/51035-15K-\u7206\u7834\u9600\u9600\u5ea7-1.png\",\"width\":750,\"height\":1000},{\"@type\":\"BreadcrumbList\",\"@id\":\"https:\/\/panwinjet.com\/product\/chinese-manufacturer-medium-pressure-rate-water-blasting-hydro-jet-drain-jetstream-10k-rupture-disc-holder-assembly\/#breadcrumb\",\"itemListElement\":[{\"@type\":\"ListItem\",\"position\":1,\"name\":\"\u9996\u9875\",\"item\":\"https:\/\/panwinjet.com\/\"},{\"@type\":\"ListItem\",\"position\":2,\"name\":\"PRODUCT\",\"item\":\"https:\/\/panwinjet.com\/product\/\"},{\"@type\":\"ListItem\",\"position\":3,\"name\":\"Chinese Manufacturer medium Pressure Rate Water Blasting hydro jet drain Jetstream 10K Rupture Disc Holder Assembly\"}]},{\"@type\":\"WebSite\",\"@id\":\"https:\/\/panwinjet.com\/#website\",\"url\":\"https:\/\/panwinjet.com\/\",\"name\":\"Panwin Machinery&amp;Equipment\",\"description\":\"Shenzhen Panwin Machinery&amp;Equipment Co.Ltd\",\"potentialAction\":[{\"@type\":\"SearchAction\",\"target\":{\"@type\":\"EntryPoint\",\"urlTemplate\":\"https:\/\/panwinjet.com\/?s={search_term_string}\"},\"query-input\":{\"@type\":\"PropertyValueSpecification\",\"valueRequired\":true,\"valueName\":\"search_term_string\"}}],\"inLanguage\":\"es\"}]}<\/script>\n<!-- \/ Yoast SEO plugin. -->","yoast_head_json":{"title":"Chinese Manufacturer medium Pressure Rate Water Blasting hydro jet drain Jetstream 10K Rupture Disc Holder Assembly - Panwin Machinery&amp;Equipment","robots":{"index":"index","follow":"follow","max-snippet":"max-snippet:-1","max-image-preview":"max-image-preview:large","max-video-preview":"max-video-preview:-1"},"canonical":"https:\/\/panwinjet.com\/es\/producto\/chinese-manufacturer-medium-pressure-rate-water-blasting-hydro-jet-drain-jetstream-10k-rupture-disc-holder-assembly\/","og_locale":"es_ES","og_type":"article","og_title":"Chinese Manufacturer medium Pressure Rate Water Blasting hydro jet drain Jetstream 10K Rupture Disc Holder Assembly - Panwin Machinery&amp;Equipment","og_description":"1.Product Introduction of Chinese Manufacturer medium Pressure Rate Water Blasting hydro jet drain Jetstream 10K Rupture Disc Holder Assembly The Panwin Water Jet Blasting automotive industry medium Pressure Rate Water Blasting hydro jet drain Jetstream 10K Rupture Disc Holder Assembly are used for protection from dangerous over-pressurization,rupture discs function in a water blast system similar to the function of fuses in an electrical circuit. The Jetstream 10K rupture disc holders with 1\/2 in. (12.7 mm) blow out diameter. Primary relief device for operating pressures from 6,900 to 7,400 psi (480 to 510 bar). And the Water Blasting hydro jet drain Jetstream 10K Rupture Disc Holder Assembly Secondary relief device for operating pressures from 8,000 to 8,300 psi (550 to 600 bar).","og_url":"https:\/\/panwinjet.com\/es\/producto\/chinese-manufacturer-medium-pressure-rate-water-blasting-hydro-jet-drain-jetstream-10k-rupture-disc-holder-assembly\/","og_site_name":"Panwin Machinery&amp;Equipment","og_image":[{"width":750,"height":1000,"url":"https:\/\/panwinjet.com\/wp-content\/uploads\/2025\/11\/51035-15K-\u7206\u7834\u9600\u9600\u5ea7-1.png","type":"image\/png"}],"twitter_card":"summary_large_image","twitter_misc":{"Tiempo de lectura":"1 minuto"},"schema":{"@context":"https:\/\/schema.org","@graph":[{"@type":"WebPage","@id":"https:\/\/panwinjet.com\/product\/chinese-manufacturer-medium-pressure-rate-water-blasting-hydro-jet-drain-jetstream-10k-rupture-disc-holder-assembly\/","url":"https:\/\/panwinjet.com\/product\/chinese-manufacturer-medium-pressure-rate-water-blasting-hydro-jet-drain-jetstream-10k-rupture-disc-holder-assembly\/","name":"Chinese Manufacturer medium Pressure Rate Water Blasting hydro jet drain Jetstream 10K Rupture Disc Holder Assembly - Panwin Machinery&amp;Equipment","isPartOf":{"@id":"https:\/\/panwinjet.com\/#website"},"primaryImageOfPage":{"@id":"https:\/\/panwinjet.com\/product\/chinese-manufacturer-medium-pressure-rate-water-blasting-hydro-jet-drain-jetstream-10k-rupture-disc-holder-assembly\/#primaryimage"},"image":{"@id":"https:\/\/panwinjet.com\/product\/chinese-manufacturer-medium-pressure-rate-water-blasting-hydro-jet-drain-jetstream-10k-rupture-disc-holder-assembly\/#primaryimage"},"thumbnailUrl":"https:\/\/panwinjet.com\/wp-content\/uploads\/2025\/11\/51035-15K-\u7206\u7834\u9600\u9600\u5ea7-1.png","datePublished":"2025-11-03T22:33:07+00:00","breadcrumb":{"@id":"https:\/\/panwinjet.com\/product\/chinese-manufacturer-medium-pressure-rate-water-blasting-hydro-jet-drain-jetstream-10k-rupture-disc-holder-assembly\/#breadcrumb"},"inLanguage":"es","potentialAction":[{"@type":"ReadAction","target":["https:\/\/panwinjet.com\/product\/chinese-manufacturer-medium-pressure-rate-water-blasting-hydro-jet-drain-jetstream-10k-rupture-disc-holder-assembly\/"]}]},{"@type":"ImageObject","inLanguage":"es","@id":"https:\/\/panwinjet.com\/product\/chinese-manufacturer-medium-pressure-rate-water-blasting-hydro-jet-drain-jetstream-10k-rupture-disc-holder-assembly\/#primaryimage","url":"https:\/\/panwinjet.com\/wp-content\/uploads\/2025\/11\/51035-15K-\u7206\u7834\u9600\u9600\u5ea7-1.png","contentUrl":"https:\/\/panwinjet.com\/wp-content\/uploads\/2025\/11\/51035-15K-\u7206\u7834\u9600\u9600\u5ea7-1.png","width":750,"height":1000},{"@type":"BreadcrumbList","@id":"https:\/\/panwinjet.com\/product\/chinese-manufacturer-medium-pressure-rate-water-blasting-hydro-jet-drain-jetstream-10k-rupture-disc-holder-assembly\/#breadcrumb","itemListElement":[{"@type":"ListItem","position":1,"name":"\u9996\u9875","item":"https:\/\/panwinjet.com\/"},{"@type":"ListItem","position":2,"name":"PRODUCT","item":"https:\/\/panwinjet.com\/product\/"},{"@type":"ListItem","position":3,"name":"Chinese Manufacturer medium Pressure Rate Water Blasting hydro jet drain Jetstream 10K Rupture Disc Holder Assembly"}]},{"@type":"WebSite","@id":"https:\/\/panwinjet.com\/#website","url":"https:\/\/panwinjet.com\/","name":"Panwin Machinery&amp;Equipment","description":"Shenzhen Panwin Machinery&amp;Equipment Co.Ltd","potentialAction":[{"@type":"SearchAction","target":{"@type":"EntryPoint","urlTemplate":"https:\/\/panwinjet.com\/?s={search_term_string}"},"query-input":{"@type":"PropertyValueSpecification","valueRequired":true,"valueName":"search_term_string"}}],"inLanguage":"es"}]}},"_links":{"self":[{"href":"https:\/\/panwinjet.com\/es\/wp-json\/wp\/v2\/product\/1809","targetHints":{"allow":["GET"]}}],"collection":[{"href":"https:\/\/panwinjet.com\/es\/wp-json\/wp\/v2\/product"}],"about":[{"href":"https:\/\/panwinjet.com\/es\/wp-json\/wp\/v2\/types\/product"}],"wp:featuredmedia":[{"embeddable":true,"href":"https:\/\/panwinjet.com\/es\/wp-json\/wp\/v2\/media\/1811"}],"wp:attachment":[{"href":"https:\/\/panwinjet.com\/es\/wp-json\/wp\/v2\/media?parent=1809"}],"wp:term":[{"taxonomy":"product_brand","embeddable":true,"href":"https:\/\/panwinjet.com\/es\/wp-json\/wp\/v2\/product_brand?post=1809"},{"taxonomy":"product_cat","embeddable":true,"href":"https:\/\/panwinjet.com\/es\/wp-json\/wp\/v2\/product_cat?post=1809"},{"taxonomy":"product_tag","embeddable":true,"href":"https:\/\/panwinjet.com\/es\/wp-json\/wp\/v2\/product_tag?post=1809"}],"curies":[{"name":"wp","href":"https:\/\/api.w.org\/{rel}","templated":true}]}}