{"id":1771,"date":"2025-11-02T06:35:04","date_gmt":"2025-11-02T06:35:04","guid":{"rendered":"https:\/\/panwinjet.com\/?post_type=product&#038;p=1771"},"modified":"2025-11-02T06:40:26","modified_gmt":"2025-11-02T06:40:26","slug":"1771","status":"publish","type":"product","link":"https:\/\/panwinjet.com\/es\/producto\/1771\/","title":{"rendered":"Robot de limpieza con chorro de agua UHP de 3000 bar para astilleros, con barra de pulverizaci\u00f3n giratoria"},"content":{"rendered":"<p>Barra de pulverizaci\u00f3n giratoria para casco de chorro de agua UHP de 3000 bar<\/p>\n<p>1; Introducci\u00f3n del producto: Barra de pulverizaci\u00f3n giratoria multifuncional para casco y orugas con chorro de agua UHP de 300 bar<br \/>\nLa barra de pulverizaci\u00f3n giratoria multifuncional con chorro de agua UHP de 3000 bar para cascos de orugas es ideal para robots de limpieza de superficies de cascos de barcos, as\u00ed como para robots de limpieza de superficies de hormig\u00f3n y cemento UHP, as\u00ed como para herramientas de limpieza. La barra de pulverizaci\u00f3n con chorro de agua UHP de 2800 bar se utiliza ampliamente en la limpieza de superficies con chorro de agua UHP, como limpiadores de suelos, veh\u00edculos de limpieza, orugas rob\u00f3ticas, etc. Ofrecemos un servicio personalizado.<\/p>\n<div style=\"width: 1220px;\" class=\"wp-video\"><video class=\"wp-video-shortcode\" id=\"video-1771-1\" width=\"1220\" height=\"686\" preload=\"metadata\" controls=\"controls\"><source type=\"video\/mp4\" src=\"https:\/\/panwinjet.com\/wp-content\/uploads\/2025\/11\/3000Bar-UHP-Water-Blaster-Hull-Crawler-Spraying-Bar-Swivel-Testing.mp4?_=1\" \/><a href=\"https:\/\/panwinjet.com\/wp-content\/uploads\/2025\/11\/3000Bar-UHP-Water-Blaster-Hull-Crawler-Spraying-Bar-Swivel-Testing.mp4\">https:\/\/panwinjet.com\/wp-content\/uploads\/2025\/11\/3000Bar-UHP-Water-Blaster-Hull-Crawler-Spraying-Bar-Swivel-Testing.mp4<\/a><\/video><\/div>","protected":false},"excerpt":{"rendered":"<p>Esta barra de pulverizaci\u00f3n giratoria de 3000 bar tiene principalmente dos formas de montaje: montaje con brida y tipo de montaje con apriete.<br \/>\nLa barra rociadora giratoria para casco con chorro de agua UHP de 3000 bar presenta:<br \/>\nA: Gran cobertura de superficie y agarre seguro<br \/>\nB: Patr\u00f3n de eliminaci\u00f3n uniforme en todo el ancho de trabajo<br \/>\nC: F\u00e1cil montaje y mantenimiento<br \/>\nD: de densidad fuerte y densa, soporta fuertes impactos al limpiar el casco del barco.<\/p>","protected":false},"featured_media":1774,"template":"","meta":[],"product_brand":[],"product_cat":[11,5],"product_tag":[78,77],"class_list":{"0":"post-1771","1":"product","2":"type-product","3":"status-publish","4":"has-post-thumbnail","6":"product_cat-ship-cleaning-device","7":"product_cat-uhp-rotating-nozzles","8":"product_tag-3000bar-uhp-water-blaster","9":"product_tag-multifunctional-hull-crawler-spraying-bar-swivel","11":"first","12":"instock","13":"shipping-taxable","14":"product-type-simple"},"yoast_head":"<!-- This site is optimized with the Yoast SEO plugin v24.9 - https:\/\/yoast.com\/wordpress\/plugins\/seo\/ -->\n<title>3000Bar UHP Water Blaster Hydro-Jetting Shipyard Hull Crawler Robot Cleaning Spraying Bar Swivel - Panwin Machinery&amp;Equipment<\/title>\n<meta name=\"robots\" content=\"index, follow, max-snippet:-1, max-image-preview:large, max-video-preview:-1\" \/>\n<link rel=\"canonical\" href=\"https:\/\/panwinjet.com\/es\/producto\/1771\/\" \/>\n<meta property=\"og:locale\" content=\"es_ES\" \/>\n<meta property=\"og:type\" content=\"article\" \/>\n<meta property=\"og:title\" content=\"3000Bar UHP Water Blaster Hydro-Jetting Shipyard Hull Crawler Robot Cleaning Spraying Bar Swivel - Panwin Machinery&amp;Equipment\" \/>\n<meta property=\"og:description\" content=\"This 3000Bar Spraying Bar Swivel mainly have two assembly way, Flange Mounting and Tightening Mounting Type. The 3000Bar UHP Water Blaster Hull Crawler Spraying Bar Swivel features: A: High area coverage and secure grip B:Uniform removal pattern across the entire working width C:Easy assembly and maintenance D: thickly strong in density endure hard Crash in Ship Hull cleaning\" \/>\n<meta property=\"og:url\" content=\"https:\/\/panwinjet.com\/es\/producto\/1771\/\" \/>\n<meta property=\"og:site_name\" content=\"Panwin Machinery&amp;Equipment\" \/>\n<meta property=\"article:modified_time\" content=\"2025-11-02T06:40:26+00:00\" \/>\n<meta property=\"og:image\" content=\"https:\/\/panwinjet.com\/wp-content\/uploads\/2025\/11\/3000Bar-UHP-Water-Blaster-Hull-Crawler-Spraying-Bar-Swivel-5-scaled.jpg\" \/>\n\t<meta property=\"og:image:width\" content=\"2560\" \/>\n\t<meta property=\"og:image:height\" content=\"1152\" \/>\n\t<meta property=\"og:image:type\" content=\"image\/jpeg\" \/>\n<meta name=\"twitter:card\" content=\"summary_large_image\" \/>\n<meta name=\"twitter:label1\" content=\"Tiempo de lectura\" \/>\n\t<meta name=\"twitter:data1\" content=\"1 minuto\" \/>\n<script type=\"application\/ld+json\" class=\"yoast-schema-graph\">{\"@context\":\"https:\/\/schema.org\",\"@graph\":[{\"@type\":\"WebPage\",\"@id\":\"https:\/\/panwinjet.com\/product\/1771\/\",\"url\":\"https:\/\/panwinjet.com\/product\/1771\/\",\"name\":\"3000Bar UHP Water Blaster Hydro-Jetting Shipyard Hull Crawler Robot Cleaning Spraying Bar Swivel - Panwin Machinery&amp;Equipment\",\"isPartOf\":{\"@id\":\"https:\/\/panwinjet.com\/#website\"},\"primaryImageOfPage\":{\"@id\":\"https:\/\/panwinjet.com\/product\/1771\/#primaryimage\"},\"image\":{\"@id\":\"https:\/\/panwinjet.com\/product\/1771\/#primaryimage\"},\"thumbnailUrl\":\"https:\/\/panwinjet.com\/wp-content\/uploads\/2025\/11\/3000Bar-UHP-Water-Blaster-Hull-Crawler-Spraying-Bar-Swivel-5-scaled.jpg\",\"datePublished\":\"2025-11-02T06:35:04+00:00\",\"dateModified\":\"2025-11-02T06:40:26+00:00\",\"breadcrumb\":{\"@id\":\"https:\/\/panwinjet.com\/product\/1771\/#breadcrumb\"},\"inLanguage\":\"es\",\"potentialAction\":[{\"@type\":\"ReadAction\",\"target\":[\"https:\/\/panwinjet.com\/product\/1771\/\"]}]},{\"@type\":\"ImageObject\",\"inLanguage\":\"es\",\"@id\":\"https:\/\/panwinjet.com\/product\/1771\/#primaryimage\",\"url\":\"https:\/\/panwinjet.com\/wp-content\/uploads\/2025\/11\/3000Bar-UHP-Water-Blaster-Hull-Crawler-Spraying-Bar-Swivel-5-scaled.jpg\",\"contentUrl\":\"https:\/\/panwinjet.com\/wp-content\/uploads\/2025\/11\/3000Bar-UHP-Water-Blaster-Hull-Crawler-Spraying-Bar-Swivel-5-scaled.jpg\",\"width\":2560,\"height\":1152},{\"@type\":\"BreadcrumbList\",\"@id\":\"https:\/\/panwinjet.com\/product\/1771\/#breadcrumb\",\"itemListElement\":[{\"@type\":\"ListItem\",\"position\":1,\"name\":\"\u9996\u9875\",\"item\":\"https:\/\/panwinjet.com\/\"},{\"@type\":\"ListItem\",\"position\":2,\"name\":\"PRODUCT\",\"item\":\"https:\/\/panwinjet.com\/product\/\"},{\"@type\":\"ListItem\",\"position\":3,\"name\":\"3000Bar UHP Water Blaster Hydro-Jetting Shipyard Hull Crawler Robot Cleaning Spraying Bar Swivel\"}]},{\"@type\":\"WebSite\",\"@id\":\"https:\/\/panwinjet.com\/#website\",\"url\":\"https:\/\/panwinjet.com\/\",\"name\":\"Panwin Machinery&amp;Equipment\",\"description\":\"Shenzhen Panwin Machinery&amp;Equipment Co.Ltd\",\"potentialAction\":[{\"@type\":\"SearchAction\",\"target\":{\"@type\":\"EntryPoint\",\"urlTemplate\":\"https:\/\/panwinjet.com\/?s={search_term_string}\"},\"query-input\":{\"@type\":\"PropertyValueSpecification\",\"valueRequired\":true,\"valueName\":\"search_term_string\"}}],\"inLanguage\":\"es\"}]}<\/script>\n<!-- \/ Yoast SEO plugin. -->","yoast_head_json":{"title":"3000Bar UHP Water Blaster Hydro-Jetting Shipyard Hull Crawler Robot Cleaning Spraying Bar Swivel - Panwin Machinery&amp;Equipment","robots":{"index":"index","follow":"follow","max-snippet":"max-snippet:-1","max-image-preview":"max-image-preview:large","max-video-preview":"max-video-preview:-1"},"canonical":"https:\/\/panwinjet.com\/es\/producto\/1771\/","og_locale":"es_ES","og_type":"article","og_title":"3000Bar UHP Water Blaster Hydro-Jetting Shipyard Hull Crawler Robot Cleaning Spraying Bar Swivel - Panwin Machinery&amp;Equipment","og_description":"This 3000Bar Spraying Bar Swivel mainly have two assembly way, Flange Mounting and Tightening Mounting Type. The 3000Bar UHP Water Blaster Hull Crawler Spraying Bar Swivel features: A: High area coverage and secure grip B:Uniform removal pattern across the entire working width C:Easy assembly and maintenance D: thickly strong in density endure hard Crash in Ship Hull cleaning","og_url":"https:\/\/panwinjet.com\/es\/producto\/1771\/","og_site_name":"Panwin Machinery&amp;Equipment","article_modified_time":"2025-11-02T06:40:26+00:00","og_image":[{"width":2560,"height":1152,"url":"https:\/\/panwinjet.com\/wp-content\/uploads\/2025\/11\/3000Bar-UHP-Water-Blaster-Hull-Crawler-Spraying-Bar-Swivel-5-scaled.jpg","type":"image\/jpeg"}],"twitter_card":"summary_large_image","twitter_misc":{"Tiempo de lectura":"1 minuto"},"schema":{"@context":"https:\/\/schema.org","@graph":[{"@type":"WebPage","@id":"https:\/\/panwinjet.com\/product\/1771\/","url":"https:\/\/panwinjet.com\/product\/1771\/","name":"3000Bar UHP Water Blaster Hydro-Jetting Shipyard Hull Crawler Robot Cleaning Spraying Bar Swivel - Panwin Machinery&amp;Equipment","isPartOf":{"@id":"https:\/\/panwinjet.com\/#website"},"primaryImageOfPage":{"@id":"https:\/\/panwinjet.com\/product\/1771\/#primaryimage"},"image":{"@id":"https:\/\/panwinjet.com\/product\/1771\/#primaryimage"},"thumbnailUrl":"https:\/\/panwinjet.com\/wp-content\/uploads\/2025\/11\/3000Bar-UHP-Water-Blaster-Hull-Crawler-Spraying-Bar-Swivel-5-scaled.jpg","datePublished":"2025-11-02T06:35:04+00:00","dateModified":"2025-11-02T06:40:26+00:00","breadcrumb":{"@id":"https:\/\/panwinjet.com\/product\/1771\/#breadcrumb"},"inLanguage":"es","potentialAction":[{"@type":"ReadAction","target":["https:\/\/panwinjet.com\/product\/1771\/"]}]},{"@type":"ImageObject","inLanguage":"es","@id":"https:\/\/panwinjet.com\/product\/1771\/#primaryimage","url":"https:\/\/panwinjet.com\/wp-content\/uploads\/2025\/11\/3000Bar-UHP-Water-Blaster-Hull-Crawler-Spraying-Bar-Swivel-5-scaled.jpg","contentUrl":"https:\/\/panwinjet.com\/wp-content\/uploads\/2025\/11\/3000Bar-UHP-Water-Blaster-Hull-Crawler-Spraying-Bar-Swivel-5-scaled.jpg","width":2560,"height":1152},{"@type":"BreadcrumbList","@id":"https:\/\/panwinjet.com\/product\/1771\/#breadcrumb","itemListElement":[{"@type":"ListItem","position":1,"name":"\u9996\u9875","item":"https:\/\/panwinjet.com\/"},{"@type":"ListItem","position":2,"name":"PRODUCT","item":"https:\/\/panwinjet.com\/product\/"},{"@type":"ListItem","position":3,"name":"3000Bar UHP Water Blaster Hydro-Jetting Shipyard Hull Crawler Robot Cleaning Spraying Bar Swivel"}]},{"@type":"WebSite","@id":"https:\/\/panwinjet.com\/#website","url":"https:\/\/panwinjet.com\/","name":"Panwin Machinery&amp;Equipment","description":"Shenzhen Panwin Machinery&amp;Equipment Co.Ltd","potentialAction":[{"@type":"SearchAction","target":{"@type":"EntryPoint","urlTemplate":"https:\/\/panwinjet.com\/?s={search_term_string}"},"query-input":{"@type":"PropertyValueSpecification","valueRequired":true,"valueName":"search_term_string"}}],"inLanguage":"es"}]}},"_links":{"self":[{"href":"https:\/\/panwinjet.com\/es\/wp-json\/wp\/v2\/product\/1771","targetHints":{"allow":["GET"]}}],"collection":[{"href":"https:\/\/panwinjet.com\/es\/wp-json\/wp\/v2\/product"}],"about":[{"href":"https:\/\/panwinjet.com\/es\/wp-json\/wp\/v2\/types\/product"}],"wp:featuredmedia":[{"embeddable":true,"href":"https:\/\/panwinjet.com\/es\/wp-json\/wp\/v2\/media\/1774"}],"wp:attachment":[{"href":"https:\/\/panwinjet.com\/es\/wp-json\/wp\/v2\/media?parent=1771"}],"wp:term":[{"taxonomy":"product_brand","embeddable":true,"href":"https:\/\/panwinjet.com\/es\/wp-json\/wp\/v2\/product_brand?post=1771"},{"taxonomy":"product_cat","embeddable":true,"href":"https:\/\/panwinjet.com\/es\/wp-json\/wp\/v2\/product_cat?post=1771"},{"taxonomy":"product_tag","embeddable":true,"href":"https:\/\/panwinjet.com\/es\/wp-json\/wp\/v2\/product_tag?post=1771"}],"curies":[{"name":"wp","href":"https:\/\/api.w.org\/{rel}","templated":true}]}}