{"id":1765,"date":"2025-11-02T06:10:23","date_gmt":"2025-11-02T06:10:23","guid":{"rendered":"https:\/\/panwinjet.com\/?post_type=product&#038;p=1765"},"modified":"2025-11-02T06:15:00","modified_gmt":"2025-11-02T06:15:00","slug":"15kpsi-uhp-pressured-big-flow-hydro-jet-1000bar-triplex-plunger-pump-cleaning-equipment-parts-jetstream-style-bapass-53920","status":"publish","type":"product","link":"https:\/\/panwinjet.com\/es\/producto\/15kpsi-uhp-pressured-big-flow-hydro-jet-1000bar-triplex-plunger-pump-cleaning-equipment-parts-jetstream-style-bapass-53920\/","title":{"rendered":"Piezas de repuesto para equipos de limpieza de bombas de \u00e9mbolo triplex de 1000 bar, hidrojet de gran caudal y presi\u00f3n UHP de 15 kpsi, estilo Jetstream BaPass 53920"},"content":{"rendered":"<p>Bomba de \u00e9mbolo triplex de gran caudal y presi\u00f3n UHP de 15 kpsi y 1000 bar para limpieza de piezas de equipos Jetstream Style BaPass 53920<\/p>\n<p>Le vendemos las piezas de equipo de limpieza de bomba de \u00e9mbolo triplex Jetstream Style 15Kpsi UHP de gran caudal y presi\u00f3n de 1000 Bar Jetstream Style BaPass 53920.<br \/>\nEste Jetstream Style ByPas 53920 de 15 Kpsi es s\u00faper resistente al desgaste y el tratamiento endurecido hace que todo el cuerpo de la v\u00e1lvula ByPass del UHP Water Blaster no solo sea resistente al desgaste y duradero, sino que tambi\u00e9n mantiene el cuerpo de la v\u00e1lvula limpio y duradero.<\/p>","protected":false},"excerpt":{"rendered":"<p><em>Caracter\u00edstica del producto y aplicaci\u00f3n de la bomba de \u00e9mbolo triplex de 1000 bar y gran caudal a presi\u00f3n UHP de 15 kpsi para limpieza de piezas de equipos Jetstream Style BaPass 53920<\/em><br \/>\nLe suministramos las piezas de equipo de limpieza de bomba de \u00e9mbolo triplex de 1000 Bar y 15 Kpsi de gran caudal con chorro de agua a presi\u00f3n UHP Jetstream Style BaPass 53920 con cartucho de derivaci\u00f3n Jetstream 15K. Las piezas n.\u00ba 50234 se utilizan para la unidad Jetstream est\u00e1ndar de extremo de fluido Jetstream 15 Kpsi, es una v\u00e1lvula de derivaci\u00f3n \u00fanica y excepcionalmente avanzada, y tiene estas caracter\u00edsticas superiores, duraderas y de excelente calidad.<\/p>","protected":false},"featured_media":1769,"template":"","meta":[],"product_brand":[],"product_cat":[8,9,7,10,11],"product_tag":[76,75],"class_list":{"0":"post-1765","1":"product","2":"type-product","3":"status-publish","4":"has-post-thumbnail","6":"product_cat-giant-tank-cleaningcutting-device","7":"product_cat-heat-exchanger-cleaning-device","8":"product_cat-jetstream-pump-fluid-end-compatibe-parts","9":"product_cat-pipeline-tube-uhp-water-blasting-cleaning-device","10":"product_cat-ship-cleaning-device","11":"product_tag-bypass-cartridge-no-50234","12":"product_tag-jetstream-style-by-pass-53920","14":"first","15":"instock","16":"shipping-taxable","17":"product-type-simple"},"yoast_head":"<!-- This site is optimized with the Yoast SEO plugin v24.9 - https:\/\/yoast.com\/wordpress\/plugins\/seo\/ -->\n<title>15Kpsi UHP pressured big flow hydro-jet 1000Bar triplex plunger pump cleaning equipment parts Jetstream Style BaPass 53920 - Panwin Machinery&amp;Equipment<\/title>\n<meta name=\"robots\" content=\"index, follow, max-snippet:-1, max-image-preview:large, max-video-preview:-1\" \/>\n<link rel=\"canonical\" href=\"https:\/\/panwinjet.com\/es\/producto\/15kpsi-uhp-pressured-big-flow-hydro-jet-1000bar-triplex-plunger-pump-cleaning-equipment-parts-jetstream-style-bapass-53920\/\" \/>\n<meta property=\"og:locale\" content=\"es_ES\" \/>\n<meta property=\"og:type\" content=\"article\" \/>\n<meta property=\"og:title\" content=\"15Kpsi UHP pressured big flow hydro-jet 1000Bar triplex plunger pump cleaning equipment parts Jetstream Style BaPass 53920 - Panwin Machinery&amp;Equipment\" \/>\n<meta property=\"og:description\" content=\"Product Feature And Application of 15Kpsi UHP pressured big flow hydro-jet 1000Bar triplex plunger pump cleaning equipment parts Jetstream Style BaPass 53920 We Supply you the 15Kpsi UHP pressured big flow hydro-jet 1000Bar triplex plunger pump cleaning equipment parts Jetstream Style BaPass 53920 with Jetstream 15K ByPass Cartridge Parts No.50234 is used for the Jetstream 15Kpsi Fluid End standard Jetstream unit, it is unique and outstandingly advanced bypass Valve, and it has these superior Durable and excellent quality features.\" \/>\n<meta property=\"og:url\" content=\"https:\/\/panwinjet.com\/es\/producto\/15kpsi-uhp-pressured-big-flow-hydro-jet-1000bar-triplex-plunger-pump-cleaning-equipment-parts-jetstream-style-bapass-53920\/\" \/>\n<meta property=\"og:site_name\" content=\"Panwin Machinery&amp;Equipment\" \/>\n<meta property=\"article:modified_time\" content=\"2025-11-02T06:15:00+00:00\" \/>\n<meta property=\"og:image\" content=\"https:\/\/panwinjet.com\/wp-content\/uploads\/2025\/11\/53920-15K-ByPass-Valve.png\" \/>\n\t<meta property=\"og:image:width\" content=\"1080\" \/>\n\t<meta property=\"og:image:height\" content=\"1920\" \/>\n\t<meta property=\"og:image:type\" content=\"image\/png\" \/>\n<meta name=\"twitter:card\" content=\"summary_large_image\" \/>\n<meta name=\"twitter:label1\" content=\"Tiempo de lectura\" \/>\n\t<meta name=\"twitter:data1\" content=\"1 minuto\" \/>\n<script type=\"application\/ld+json\" class=\"yoast-schema-graph\">{\"@context\":\"https:\/\/schema.org\",\"@graph\":[{\"@type\":\"WebPage\",\"@id\":\"https:\/\/panwinjet.com\/product\/15kpsi-uhp-pressured-big-flow-hydro-jet-1000bar-triplex-plunger-pump-cleaning-equipment-parts-jetstream-style-bapass-53920\/\",\"url\":\"https:\/\/panwinjet.com\/product\/15kpsi-uhp-pressured-big-flow-hydro-jet-1000bar-triplex-plunger-pump-cleaning-equipment-parts-jetstream-style-bapass-53920\/\",\"name\":\"15Kpsi UHP pressured big flow hydro-jet 1000Bar triplex plunger pump cleaning equipment parts Jetstream Style BaPass 53920 - Panwin Machinery&amp;Equipment\",\"isPartOf\":{\"@id\":\"https:\/\/panwinjet.com\/#website\"},\"primaryImageOfPage\":{\"@id\":\"https:\/\/panwinjet.com\/product\/15kpsi-uhp-pressured-big-flow-hydro-jet-1000bar-triplex-plunger-pump-cleaning-equipment-parts-jetstream-style-bapass-53920\/#primaryimage\"},\"image\":{\"@id\":\"https:\/\/panwinjet.com\/product\/15kpsi-uhp-pressured-big-flow-hydro-jet-1000bar-triplex-plunger-pump-cleaning-equipment-parts-jetstream-style-bapass-53920\/#primaryimage\"},\"thumbnailUrl\":\"https:\/\/panwinjet.com\/wp-content\/uploads\/2025\/11\/53920-15K-ByPass-Valve.png\",\"datePublished\":\"2025-11-02T06:10:23+00:00\",\"dateModified\":\"2025-11-02T06:15:00+00:00\",\"breadcrumb\":{\"@id\":\"https:\/\/panwinjet.com\/product\/15kpsi-uhp-pressured-big-flow-hydro-jet-1000bar-triplex-plunger-pump-cleaning-equipment-parts-jetstream-style-bapass-53920\/#breadcrumb\"},\"inLanguage\":\"es\",\"potentialAction\":[{\"@type\":\"ReadAction\",\"target\":[\"https:\/\/panwinjet.com\/product\/15kpsi-uhp-pressured-big-flow-hydro-jet-1000bar-triplex-plunger-pump-cleaning-equipment-parts-jetstream-style-bapass-53920\/\"]}]},{\"@type\":\"ImageObject\",\"inLanguage\":\"es\",\"@id\":\"https:\/\/panwinjet.com\/product\/15kpsi-uhp-pressured-big-flow-hydro-jet-1000bar-triplex-plunger-pump-cleaning-equipment-parts-jetstream-style-bapass-53920\/#primaryimage\",\"url\":\"https:\/\/panwinjet.com\/wp-content\/uploads\/2025\/11\/53920-15K-ByPass-Valve.png\",\"contentUrl\":\"https:\/\/panwinjet.com\/wp-content\/uploads\/2025\/11\/53920-15K-ByPass-Valve.png\",\"width\":1080,\"height\":1920},{\"@type\":\"BreadcrumbList\",\"@id\":\"https:\/\/panwinjet.com\/product\/15kpsi-uhp-pressured-big-flow-hydro-jet-1000bar-triplex-plunger-pump-cleaning-equipment-parts-jetstream-style-bapass-53920\/#breadcrumb\",\"itemListElement\":[{\"@type\":\"ListItem\",\"position\":1,\"name\":\"\u9996\u9875\",\"item\":\"https:\/\/panwinjet.com\/\"},{\"@type\":\"ListItem\",\"position\":2,\"name\":\"PRODUCT\",\"item\":\"https:\/\/panwinjet.com\/product\/\"},{\"@type\":\"ListItem\",\"position\":3,\"name\":\"15Kpsi UHP pressured big flow hydro-jet 1000Bar triplex plunger pump cleaning equipment parts Jetstream Style BaPass 53920\"}]},{\"@type\":\"WebSite\",\"@id\":\"https:\/\/panwinjet.com\/#website\",\"url\":\"https:\/\/panwinjet.com\/\",\"name\":\"Panwin Machinery&amp;Equipment\",\"description\":\"Shenzhen Panwin Machinery&amp;Equipment Co.Ltd\",\"potentialAction\":[{\"@type\":\"SearchAction\",\"target\":{\"@type\":\"EntryPoint\",\"urlTemplate\":\"https:\/\/panwinjet.com\/?s={search_term_string}\"},\"query-input\":{\"@type\":\"PropertyValueSpecification\",\"valueRequired\":true,\"valueName\":\"search_term_string\"}}],\"inLanguage\":\"es\"}]}<\/script>\n<!-- \/ Yoast SEO plugin. -->","yoast_head_json":{"title":"15Kpsi UHP pressured big flow hydro-jet 1000Bar triplex plunger pump cleaning equipment parts Jetstream Style BaPass 53920 - Panwin Machinery&amp;Equipment","robots":{"index":"index","follow":"follow","max-snippet":"max-snippet:-1","max-image-preview":"max-image-preview:large","max-video-preview":"max-video-preview:-1"},"canonical":"https:\/\/panwinjet.com\/es\/producto\/15kpsi-uhp-pressured-big-flow-hydro-jet-1000bar-triplex-plunger-pump-cleaning-equipment-parts-jetstream-style-bapass-53920\/","og_locale":"es_ES","og_type":"article","og_title":"15Kpsi UHP pressured big flow hydro-jet 1000Bar triplex plunger pump cleaning equipment parts Jetstream Style BaPass 53920 - Panwin Machinery&amp;Equipment","og_description":"Product Feature And Application of 15Kpsi UHP pressured big flow hydro-jet 1000Bar triplex plunger pump cleaning equipment parts Jetstream Style BaPass 53920 We Supply you the 15Kpsi UHP pressured big flow hydro-jet 1000Bar triplex plunger pump cleaning equipment parts Jetstream Style BaPass 53920 with Jetstream 15K ByPass Cartridge Parts No.50234 is used for the Jetstream 15Kpsi Fluid End standard Jetstream unit, it is unique and outstandingly advanced bypass Valve, and it has these superior Durable and excellent quality features.","og_url":"https:\/\/panwinjet.com\/es\/producto\/15kpsi-uhp-pressured-big-flow-hydro-jet-1000bar-triplex-plunger-pump-cleaning-equipment-parts-jetstream-style-bapass-53920\/","og_site_name":"Panwin Machinery&amp;Equipment","article_modified_time":"2025-11-02T06:15:00+00:00","og_image":[{"width":1080,"height":1920,"url":"https:\/\/panwinjet.com\/wp-content\/uploads\/2025\/11\/53920-15K-ByPass-Valve.png","type":"image\/png"}],"twitter_card":"summary_large_image","twitter_misc":{"Tiempo de lectura":"1 minuto"},"schema":{"@context":"https:\/\/schema.org","@graph":[{"@type":"WebPage","@id":"https:\/\/panwinjet.com\/product\/15kpsi-uhp-pressured-big-flow-hydro-jet-1000bar-triplex-plunger-pump-cleaning-equipment-parts-jetstream-style-bapass-53920\/","url":"https:\/\/panwinjet.com\/product\/15kpsi-uhp-pressured-big-flow-hydro-jet-1000bar-triplex-plunger-pump-cleaning-equipment-parts-jetstream-style-bapass-53920\/","name":"15Kpsi UHP pressured big flow hydro-jet 1000Bar triplex plunger pump cleaning equipment parts Jetstream Style BaPass 53920 - Panwin Machinery&amp;Equipment","isPartOf":{"@id":"https:\/\/panwinjet.com\/#website"},"primaryImageOfPage":{"@id":"https:\/\/panwinjet.com\/product\/15kpsi-uhp-pressured-big-flow-hydro-jet-1000bar-triplex-plunger-pump-cleaning-equipment-parts-jetstream-style-bapass-53920\/#primaryimage"},"image":{"@id":"https:\/\/panwinjet.com\/product\/15kpsi-uhp-pressured-big-flow-hydro-jet-1000bar-triplex-plunger-pump-cleaning-equipment-parts-jetstream-style-bapass-53920\/#primaryimage"},"thumbnailUrl":"https:\/\/panwinjet.com\/wp-content\/uploads\/2025\/11\/53920-15K-ByPass-Valve.png","datePublished":"2025-11-02T06:10:23+00:00","dateModified":"2025-11-02T06:15:00+00:00","breadcrumb":{"@id":"https:\/\/panwinjet.com\/product\/15kpsi-uhp-pressured-big-flow-hydro-jet-1000bar-triplex-plunger-pump-cleaning-equipment-parts-jetstream-style-bapass-53920\/#breadcrumb"},"inLanguage":"es","potentialAction":[{"@type":"ReadAction","target":["https:\/\/panwinjet.com\/product\/15kpsi-uhp-pressured-big-flow-hydro-jet-1000bar-triplex-plunger-pump-cleaning-equipment-parts-jetstream-style-bapass-53920\/"]}]},{"@type":"ImageObject","inLanguage":"es","@id":"https:\/\/panwinjet.com\/product\/15kpsi-uhp-pressured-big-flow-hydro-jet-1000bar-triplex-plunger-pump-cleaning-equipment-parts-jetstream-style-bapass-53920\/#primaryimage","url":"https:\/\/panwinjet.com\/wp-content\/uploads\/2025\/11\/53920-15K-ByPass-Valve.png","contentUrl":"https:\/\/panwinjet.com\/wp-content\/uploads\/2025\/11\/53920-15K-ByPass-Valve.png","width":1080,"height":1920},{"@type":"BreadcrumbList","@id":"https:\/\/panwinjet.com\/product\/15kpsi-uhp-pressured-big-flow-hydro-jet-1000bar-triplex-plunger-pump-cleaning-equipment-parts-jetstream-style-bapass-53920\/#breadcrumb","itemListElement":[{"@type":"ListItem","position":1,"name":"\u9996\u9875","item":"https:\/\/panwinjet.com\/"},{"@type":"ListItem","position":2,"name":"PRODUCT","item":"https:\/\/panwinjet.com\/product\/"},{"@type":"ListItem","position":3,"name":"15Kpsi UHP pressured big flow hydro-jet 1000Bar triplex plunger pump cleaning equipment parts Jetstream Style BaPass 53920"}]},{"@type":"WebSite","@id":"https:\/\/panwinjet.com\/#website","url":"https:\/\/panwinjet.com\/","name":"Panwin Machinery&amp;Equipment","description":"Shenzhen Panwin Machinery&amp;Equipment Co.Ltd","potentialAction":[{"@type":"SearchAction","target":{"@type":"EntryPoint","urlTemplate":"https:\/\/panwinjet.com\/?s={search_term_string}"},"query-input":{"@type":"PropertyValueSpecification","valueRequired":true,"valueName":"search_term_string"}}],"inLanguage":"es"}]}},"_links":{"self":[{"href":"https:\/\/panwinjet.com\/es\/wp-json\/wp\/v2\/product\/1765","targetHints":{"allow":["GET"]}}],"collection":[{"href":"https:\/\/panwinjet.com\/es\/wp-json\/wp\/v2\/product"}],"about":[{"href":"https:\/\/panwinjet.com\/es\/wp-json\/wp\/v2\/types\/product"}],"wp:featuredmedia":[{"embeddable":true,"href":"https:\/\/panwinjet.com\/es\/wp-json\/wp\/v2\/media\/1769"}],"wp:attachment":[{"href":"https:\/\/panwinjet.com\/es\/wp-json\/wp\/v2\/media?parent=1765"}],"wp:term":[{"taxonomy":"product_brand","embeddable":true,"href":"https:\/\/panwinjet.com\/es\/wp-json\/wp\/v2\/product_brand?post=1765"},{"taxonomy":"product_cat","embeddable":true,"href":"https:\/\/panwinjet.com\/es\/wp-json\/wp\/v2\/product_cat?post=1765"},{"taxonomy":"product_tag","embeddable":true,"href":"https:\/\/panwinjet.com\/es\/wp-json\/wp\/v2\/product_tag?post=1765"}],"curies":[{"name":"wp","href":"https:\/\/api.w.org\/{rel}","templated":true}]}}