{"id":1760,"date":"2025-11-02T06:02:38","date_gmt":"2025-11-02T06:02:38","guid":{"rendered":"https:\/\/panwinjet.com\/?post_type=product&#038;p=1760"},"modified":"2025-11-02T06:02:38","modified_gmt":"2025-11-02T06:02:38","slug":"uhp-waterjet-hydro-blasting-water-blaster-industry-cleaning-15k-rupture-disc-holder-1-2%e2%80%b3npt-jetstream-51035","status":"publish","type":"product","link":"https:\/\/panwinjet.com\/es\/producto\/uhp-waterjet-hydro-blasting-water-blaster-industry-cleaning-15k-rupture-disc-holder-1-2%e2%80%b3npt-jetstream-51035\/","title":{"rendered":"Chorro de agua UHP Hidrolavado Limpieza industrial Portadisco de ruptura 15K \u2013 1\/2\u2033 NPT - Jetstream 51035"},"content":{"rendered":"<p><em><strong>Introducci\u00f3n de chorro de agua UHP, chorro de agua, chorro de agua, limpieza industrial, soporte de disco de ruptura de 15K, 1\/2\u2033 NPT, Jetstream 51035<\/strong><\/em><br \/>\nLos portadiscos de ruptura Panwin para piezas de m\u00e1quinas de limpieza automotriz con chorro de agua se utilizan para proteger contra la sobrepresi\u00f3n peligrosa. Su funci\u00f3n en un sistema de chorro de agua es similar a la de los fusibles en un circuito el\u00e9ctrico. Cuando la presi\u00f3n del sistema supera la del disco de ruptura, este falla y permite que el agua fluya por la tapa del portadiscos, liberando as\u00ed la alta presi\u00f3n del sistema. Son compatibles con Jetstream 51035. Se ensamblan con el conjunto de derivaci\u00f3n Jetstream 53920-Jetstream de 15 kpsi y los cartuchos de derivaci\u00f3n Jetstream n.\u00b0 50234 Jetstream Style de 15 kPass.<\/p>\n<div style=\"width: 736px;\" class=\"wp-video\"><video class=\"wp-video-shortcode\" id=\"video-1760-1\" width=\"736\" height=\"1280\" preload=\"metadata\" controls=\"controls\"><source type=\"video\/mp4\" src=\"https:\/\/panwinjet.com\/wp-content\/uploads\/2025\/11\/40Kpsi-Jetstream-Complete-pum.mp4?_=1\" \/><a href=\"https:\/\/panwinjet.com\/wp-content\/uploads\/2025\/11\/40Kpsi-Jetstream-Complete-pum.mp4\">https:\/\/panwinjet.com\/wp-content\/uploads\/2025\/11\/40Kpsi-Jetstream-Complete-pum.mp4<\/a><\/video><\/div>","protected":false},"excerpt":{"rendered":"<p>Este chorro de agua UHP con chorro de agua para limpieza industrial con soporte de disco de ruptura de 15 000 NPT de 1\/2\u2033 Jetstream 51035 tiene una presi\u00f3n de funcionamiento m\u00e1xima de 15 000 psi a 1000 bar.<br \/>\nConexi\u00f3n de entrada: NPT macho de 1\/2\u2033, di\u00e1metro de salida del disco: 12,7 mm (0,5 pulgadas)<\/p>","protected":false},"featured_media":1762,"template":"","meta":[],"product_brand":[],"product_cat":[8,7,10,11],"product_tag":[73,74],"class_list":{"0":"post-1760","1":"product","2":"type-product","3":"status-publish","4":"has-post-thumbnail","6":"product_cat-giant-tank-cleaningcutting-device","7":"product_cat-jetstream-pump-fluid-end-compatibe-parts","8":"product_cat-pipeline-tube-uhp-water-blasting-cleaning-device","9":"product_cat-ship-cleaning-device","10":"product_tag-15k-rupture-disc-holder-1-2npt-jetstream-51035","11":"product_tag-jetstream-53920","13":"first","14":"instock","15":"shipping-taxable","16":"product-type-simple"},"yoast_head":"<!-- This site is optimized with the Yoast SEO plugin v24.9 - https:\/\/yoast.com\/wordpress\/plugins\/seo\/ -->\n<title>UHP Waterjet Hydro-Blasting Water blaster Industry Cleaning 15K Rupture Disc Holder \u2013 1\/2\u2033NPT-Jetstream 51035 - Panwin Machinery&amp;Equipment<\/title>\n<meta name=\"robots\" content=\"index, follow, max-snippet:-1, max-image-preview:large, max-video-preview:-1\" \/>\n<link rel=\"canonical\" href=\"https:\/\/panwinjet.com\/es\/producto\/uhp-waterjet-hydro-blasting-water-blaster-industry-cleaning-15k-rupture-disc-holder-1-2\u2033npt-jetstream-51035\/\" \/>\n<meta property=\"og:locale\" content=\"es_ES\" \/>\n<meta property=\"og:type\" content=\"article\" \/>\n<meta property=\"og:title\" content=\"UHP Waterjet Hydro-Blasting Water blaster Industry Cleaning 15K Rupture Disc Holder \u2013 1\/2\u2033NPT-Jetstream 51035 - Panwin Machinery&amp;Equipment\" \/>\n<meta property=\"og:description\" content=\"This UHP Waterjet Hydro-Blasting Water blaster Industry Cleaning 15K Rupture Disc Holder \u2013 1\/2\u2033NPT-Jetstream 51035 is Maximum Operating Pressure 15000psi-1000Bar, Inlet Connection 1\/2&quot;NPT Male, Disc Blow Out Diameter 12.7mm(0.5inch)\" \/>\n<meta property=\"og:url\" content=\"https:\/\/panwinjet.com\/es\/producto\/uhp-waterjet-hydro-blasting-water-blaster-industry-cleaning-15k-rupture-disc-holder-1-2\u2033npt-jetstream-51035\/\" \/>\n<meta property=\"og:site_name\" content=\"Panwin Machinery&amp;Equipment\" \/>\n<meta property=\"og:image\" content=\"https:\/\/panwinjet.com\/wp-content\/uploads\/2025\/11\/51035-15K-\u7206\u7834\u9600\u9600\u5ea7.png\" \/>\n\t<meta property=\"og:image:width\" content=\"750\" \/>\n\t<meta property=\"og:image:height\" content=\"1000\" \/>\n\t<meta property=\"og:image:type\" content=\"image\/png\" \/>\n<meta name=\"twitter:card\" content=\"summary_large_image\" \/>\n<meta name=\"twitter:label1\" content=\"Tiempo de lectura\" \/>\n\t<meta name=\"twitter:data1\" content=\"1 minuto\" \/>\n<script type=\"application\/ld+json\" class=\"yoast-schema-graph\">{\"@context\":\"https:\/\/schema.org\",\"@graph\":[{\"@type\":\"WebPage\",\"@id\":\"https:\/\/panwinjet.com\/product\/uhp-waterjet-hydro-blasting-water-blaster-industry-cleaning-15k-rupture-disc-holder-1-2%e2%80%b3npt-jetstream-51035\/\",\"url\":\"https:\/\/panwinjet.com\/product\/uhp-waterjet-hydro-blasting-water-blaster-industry-cleaning-15k-rupture-disc-holder-1-2%e2%80%b3npt-jetstream-51035\/\",\"name\":\"UHP Waterjet Hydro-Blasting Water blaster Industry Cleaning 15K Rupture Disc Holder \u2013 1\/2\u2033NPT-Jetstream 51035 - Panwin Machinery&amp;Equipment\",\"isPartOf\":{\"@id\":\"https:\/\/panwinjet.com\/#website\"},\"primaryImageOfPage\":{\"@id\":\"https:\/\/panwinjet.com\/product\/uhp-waterjet-hydro-blasting-water-blaster-industry-cleaning-15k-rupture-disc-holder-1-2%e2%80%b3npt-jetstream-51035\/#primaryimage\"},\"image\":{\"@id\":\"https:\/\/panwinjet.com\/product\/uhp-waterjet-hydro-blasting-water-blaster-industry-cleaning-15k-rupture-disc-holder-1-2%e2%80%b3npt-jetstream-51035\/#primaryimage\"},\"thumbnailUrl\":\"https:\/\/panwinjet.com\/wp-content\/uploads\/2025\/11\/51035-15K-\u7206\u7834\u9600\u9600\u5ea7.png\",\"datePublished\":\"2025-11-02T06:02:38+00:00\",\"breadcrumb\":{\"@id\":\"https:\/\/panwinjet.com\/product\/uhp-waterjet-hydro-blasting-water-blaster-industry-cleaning-15k-rupture-disc-holder-1-2%e2%80%b3npt-jetstream-51035\/#breadcrumb\"},\"inLanguage\":\"es\",\"potentialAction\":[{\"@type\":\"ReadAction\",\"target\":[\"https:\/\/panwinjet.com\/product\/uhp-waterjet-hydro-blasting-water-blaster-industry-cleaning-15k-rupture-disc-holder-1-2%e2%80%b3npt-jetstream-51035\/\"]}]},{\"@type\":\"ImageObject\",\"inLanguage\":\"es\",\"@id\":\"https:\/\/panwinjet.com\/product\/uhp-waterjet-hydro-blasting-water-blaster-industry-cleaning-15k-rupture-disc-holder-1-2%e2%80%b3npt-jetstream-51035\/#primaryimage\",\"url\":\"https:\/\/panwinjet.com\/wp-content\/uploads\/2025\/11\/51035-15K-\u7206\u7834\u9600\u9600\u5ea7.png\",\"contentUrl\":\"https:\/\/panwinjet.com\/wp-content\/uploads\/2025\/11\/51035-15K-\u7206\u7834\u9600\u9600\u5ea7.png\",\"width\":750,\"height\":1000},{\"@type\":\"BreadcrumbList\",\"@id\":\"https:\/\/panwinjet.com\/product\/uhp-waterjet-hydro-blasting-water-blaster-industry-cleaning-15k-rupture-disc-holder-1-2%e2%80%b3npt-jetstream-51035\/#breadcrumb\",\"itemListElement\":[{\"@type\":\"ListItem\",\"position\":1,\"name\":\"\u9996\u9875\",\"item\":\"https:\/\/panwinjet.com\/\"},{\"@type\":\"ListItem\",\"position\":2,\"name\":\"PRODUCT\",\"item\":\"https:\/\/panwinjet.com\/product\/\"},{\"@type\":\"ListItem\",\"position\":3,\"name\":\"UHP Waterjet Hydro-Blasting Water blaster Industry Cleaning 15K Rupture Disc Holder \u2013 1\/2\u2033NPT-Jetstream 51035\"}]},{\"@type\":\"WebSite\",\"@id\":\"https:\/\/panwinjet.com\/#website\",\"url\":\"https:\/\/panwinjet.com\/\",\"name\":\"Panwin Machinery&amp;Equipment\",\"description\":\"Shenzhen Panwin Machinery&amp;Equipment Co.Ltd\",\"potentialAction\":[{\"@type\":\"SearchAction\",\"target\":{\"@type\":\"EntryPoint\",\"urlTemplate\":\"https:\/\/panwinjet.com\/?s={search_term_string}\"},\"query-input\":{\"@type\":\"PropertyValueSpecification\",\"valueRequired\":true,\"valueName\":\"search_term_string\"}}],\"inLanguage\":\"es\"}]}<\/script>\n<!-- \/ Yoast SEO plugin. -->","yoast_head_json":{"title":"UHP Waterjet Hydro-Blasting Water blaster Industry Cleaning 15K Rupture Disc Holder \u2013 1\/2\u2033NPT-Jetstream 51035 - Panwin Machinery&amp;Equipment","robots":{"index":"index","follow":"follow","max-snippet":"max-snippet:-1","max-image-preview":"max-image-preview:large","max-video-preview":"max-video-preview:-1"},"canonical":"https:\/\/panwinjet.com\/es\/producto\/uhp-waterjet-hydro-blasting-water-blaster-industry-cleaning-15k-rupture-disc-holder-1-2\u2033npt-jetstream-51035\/","og_locale":"es_ES","og_type":"article","og_title":"UHP Waterjet Hydro-Blasting Water blaster Industry Cleaning 15K Rupture Disc Holder \u2013 1\/2\u2033NPT-Jetstream 51035 - Panwin Machinery&amp;Equipment","og_description":"This UHP Waterjet Hydro-Blasting Water blaster Industry Cleaning 15K Rupture Disc Holder \u2013 1\/2\u2033NPT-Jetstream 51035 is Maximum Operating Pressure 15000psi-1000Bar, Inlet Connection 1\/2\"NPT Male, Disc Blow Out Diameter 12.7mm(0.5inch)","og_url":"https:\/\/panwinjet.com\/es\/producto\/uhp-waterjet-hydro-blasting-water-blaster-industry-cleaning-15k-rupture-disc-holder-1-2\u2033npt-jetstream-51035\/","og_site_name":"Panwin Machinery&amp;Equipment","og_image":[{"width":750,"height":1000,"url":"https:\/\/panwinjet.com\/wp-content\/uploads\/2025\/11\/51035-15K-\u7206\u7834\u9600\u9600\u5ea7.png","type":"image\/png"}],"twitter_card":"summary_large_image","twitter_misc":{"Tiempo de lectura":"1 minuto"},"schema":{"@context":"https:\/\/schema.org","@graph":[{"@type":"WebPage","@id":"https:\/\/panwinjet.com\/product\/uhp-waterjet-hydro-blasting-water-blaster-industry-cleaning-15k-rupture-disc-holder-1-2%e2%80%b3npt-jetstream-51035\/","url":"https:\/\/panwinjet.com\/product\/uhp-waterjet-hydro-blasting-water-blaster-industry-cleaning-15k-rupture-disc-holder-1-2%e2%80%b3npt-jetstream-51035\/","name":"UHP Waterjet Hydro-Blasting Water blaster Industry Cleaning 15K Rupture Disc Holder \u2013 1\/2\u2033NPT-Jetstream 51035 - Panwin Machinery&amp;Equipment","isPartOf":{"@id":"https:\/\/panwinjet.com\/#website"},"primaryImageOfPage":{"@id":"https:\/\/panwinjet.com\/product\/uhp-waterjet-hydro-blasting-water-blaster-industry-cleaning-15k-rupture-disc-holder-1-2%e2%80%b3npt-jetstream-51035\/#primaryimage"},"image":{"@id":"https:\/\/panwinjet.com\/product\/uhp-waterjet-hydro-blasting-water-blaster-industry-cleaning-15k-rupture-disc-holder-1-2%e2%80%b3npt-jetstream-51035\/#primaryimage"},"thumbnailUrl":"https:\/\/panwinjet.com\/wp-content\/uploads\/2025\/11\/51035-15K-\u7206\u7834\u9600\u9600\u5ea7.png","datePublished":"2025-11-02T06:02:38+00:00","breadcrumb":{"@id":"https:\/\/panwinjet.com\/product\/uhp-waterjet-hydro-blasting-water-blaster-industry-cleaning-15k-rupture-disc-holder-1-2%e2%80%b3npt-jetstream-51035\/#breadcrumb"},"inLanguage":"es","potentialAction":[{"@type":"ReadAction","target":["https:\/\/panwinjet.com\/product\/uhp-waterjet-hydro-blasting-water-blaster-industry-cleaning-15k-rupture-disc-holder-1-2%e2%80%b3npt-jetstream-51035\/"]}]},{"@type":"ImageObject","inLanguage":"es","@id":"https:\/\/panwinjet.com\/product\/uhp-waterjet-hydro-blasting-water-blaster-industry-cleaning-15k-rupture-disc-holder-1-2%e2%80%b3npt-jetstream-51035\/#primaryimage","url":"https:\/\/panwinjet.com\/wp-content\/uploads\/2025\/11\/51035-15K-\u7206\u7834\u9600\u9600\u5ea7.png","contentUrl":"https:\/\/panwinjet.com\/wp-content\/uploads\/2025\/11\/51035-15K-\u7206\u7834\u9600\u9600\u5ea7.png","width":750,"height":1000},{"@type":"BreadcrumbList","@id":"https:\/\/panwinjet.com\/product\/uhp-waterjet-hydro-blasting-water-blaster-industry-cleaning-15k-rupture-disc-holder-1-2%e2%80%b3npt-jetstream-51035\/#breadcrumb","itemListElement":[{"@type":"ListItem","position":1,"name":"\u9996\u9875","item":"https:\/\/panwinjet.com\/"},{"@type":"ListItem","position":2,"name":"PRODUCT","item":"https:\/\/panwinjet.com\/product\/"},{"@type":"ListItem","position":3,"name":"UHP Waterjet Hydro-Blasting Water blaster Industry Cleaning 15K Rupture Disc Holder \u2013 1\/2\u2033NPT-Jetstream 51035"}]},{"@type":"WebSite","@id":"https:\/\/panwinjet.com\/#website","url":"https:\/\/panwinjet.com\/","name":"Panwin Machinery&amp;Equipment","description":"Shenzhen Panwin Machinery&amp;Equipment Co.Ltd","potentialAction":[{"@type":"SearchAction","target":{"@type":"EntryPoint","urlTemplate":"https:\/\/panwinjet.com\/?s={search_term_string}"},"query-input":{"@type":"PropertyValueSpecification","valueRequired":true,"valueName":"search_term_string"}}],"inLanguage":"es"}]}},"_links":{"self":[{"href":"https:\/\/panwinjet.com\/es\/wp-json\/wp\/v2\/product\/1760","targetHints":{"allow":["GET"]}}],"collection":[{"href":"https:\/\/panwinjet.com\/es\/wp-json\/wp\/v2\/product"}],"about":[{"href":"https:\/\/panwinjet.com\/es\/wp-json\/wp\/v2\/types\/product"}],"wp:featuredmedia":[{"embeddable":true,"href":"https:\/\/panwinjet.com\/es\/wp-json\/wp\/v2\/media\/1762"}],"wp:attachment":[{"href":"https:\/\/panwinjet.com\/es\/wp-json\/wp\/v2\/media?parent=1760"}],"wp:term":[{"taxonomy":"product_brand","embeddable":true,"href":"https:\/\/panwinjet.com\/es\/wp-json\/wp\/v2\/product_brand?post=1760"},{"taxonomy":"product_cat","embeddable":true,"href":"https:\/\/panwinjet.com\/es\/wp-json\/wp\/v2\/product_cat?post=1760"},{"taxonomy":"product_tag","embeddable":true,"href":"https:\/\/panwinjet.com\/es\/wp-json\/wp\/v2\/product_tag?post=1760"}],"curies":[{"name":"wp","href":"https:\/\/api.w.org\/{rel}","templated":true}]}}