{"id":1749,"date":"2025-11-01T08:30:38","date_gmt":"2025-11-01T08:30:38","guid":{"rendered":"https:\/\/panwinjet.com\/?post_type=product&#038;p=1749"},"modified":"2025-11-01T08:30:38","modified_gmt":"2025-11-01T08:30:38","slug":"excellent-quality-uhp-water-blasting-hydro-jetting-blaster-40kpsi-jetstream-3040-uni-valve","status":"publish","type":"product","link":"https:\/\/panwinjet.com\/es\/producto\/excellent-quality-uhp-water-blasting-hydro-jetting-blaster-40kpsi-jetstream-3040-uni-valve\/","title":{"rendered":"Equipo de chorro de agua UHP de excelente calidad, modelo Jetstream 3040 Uni-Valve de 40.000 psi."},"content":{"rendered":"<p>Par\u00e1metros (Especificaciones) del tanque del recipiente. Excelente calidad. Chorro de agua UHP. Hidrojet. Bomba de chorro de agua a 40 kpsi. Jetstream 3040 Uni-Valve.<br \/>\nLa v\u00e1lvula Uni-Valve Panwin UHP Hydro-Jetting Blaster de excelente calidad (40Kpsi) Jetstream 3040 est\u00e1 fabricada en acero inoxidable de alta resistencia, con una mano de obra superior y una calidad superior. Esta v\u00e1lvula Uni-Valve Jetstream de 40KPSI se utiliza ampliamente en el extremo de fluido Jetstream, es duradera y confiable, como se puede ver en la unidad de extremo de fluido dise\u00f1ada funcionalmente, aplicada a Jetstream 55630.<\/p>","protected":false},"excerpt":{"rendered":"<p>Equipo de chorro de agua UHP de excelente calidad, 40 kpsi, Jetstream 3040 Uni-Valve. Componentes de la m\u00e1quina de limpieza de tanques con chorro de agua 3040 Uni-Valve.<br \/>\nPresentaci\u00f3n de productos: Componentes de la m\u00e1quina de limpieza de tanques por chorro de agua 3040, Conjuntos Uni-Valve<br \/>\nEsta excelente hidrolavadora UHP de alta calidad, modelo Jetstream 3040 Uni-Valve de 40Kpsi, est\u00e1 dise\u00f1ada para usarse en el extremo de fluido con presi\u00f3n nominal de 40Kpsi de Jetstream y es compatible con Jetstream 55630.<\/p>\n<div style=\"width: 720px;\" class=\"wp-video\"><video class=\"wp-video-shortcode\" id=\"video-1749-1\" width=\"720\" height=\"1280\" preload=\"metadata\" controls=\"controls\"><source type=\"video\/mp4\" src=\"https:\/\/panwinjet.com\/wp-content\/uploads\/2025\/11\/2800Bar-Badger-4-BJV-UHP-cleaning.mp4?_=1\" \/><a href=\"https:\/\/panwinjet.com\/wp-content\/uploads\/2025\/11\/2800Bar-Badger-4-BJV-UHP-cleaning.mp4\">https:\/\/panwinjet.com\/wp-content\/uploads\/2025\/11\/2800Bar-Badger-4-BJV-UHP-cleaning.mp4<\/a><\/video><\/div>","protected":false},"featured_media":1754,"template":"","meta":[],"product_brand":[],"product_cat":[8,7,10,11,5],"product_tag":[71],"class_list":{"0":"post-1749","1":"product","2":"type-product","3":"status-publish","4":"has-post-thumbnail","6":"product_cat-giant-tank-cleaningcutting-device","7":"product_cat-jetstream-pump-fluid-end-compatibe-parts","8":"product_cat-pipeline-tube-uhp-water-blasting-cleaning-device","9":"product_cat-ship-cleaning-device","10":"product_cat-uhp-rotating-nozzles","11":"product_tag-jetstream-55630-3040-uni-valve","13":"first","14":"instock","15":"shipping-taxable","16":"product-type-simple"},"yoast_head":"<!-- This site is optimized with the Yoast SEO plugin v24.9 - https:\/\/yoast.com\/wordpress\/plugins\/seo\/ -->\n<title>Excellent Quality UHP Water blasting Hydro-Jetting Blaster 40Kpsi Jetstream 3040 Uni-Valve - Panwin Machinery&amp;Equipment<\/title>\n<meta name=\"robots\" content=\"index, follow, max-snippet:-1, max-image-preview:large, max-video-preview:-1\" \/>\n<link rel=\"canonical\" href=\"https:\/\/panwinjet.com\/es\/producto\/excellent-quality-uhp-water-blasting-hydro-jetting-blaster-40kpsi-jetstream-3040-uni-valve\/\" \/>\n<meta property=\"og:locale\" content=\"es_ES\" \/>\n<meta property=\"og:type\" content=\"article\" \/>\n<meta property=\"og:title\" content=\"Excellent Quality UHP Water blasting Hydro-Jetting Blaster 40Kpsi Jetstream 3040 Uni-Valve - Panwin Machinery&amp;Equipment\" \/>\n<meta property=\"og:description\" content=\"Excellent Quality UHP Water blasting Hydro-Jetting Blaster 40Kpsi Jetstream 3040 Uni-Valve Vessel tank Water Jet cleaning machine components 3040 Uni-Valve Product Introduction of Vessel tank Water Jet cleaning machine components 3040 Uni-Valve Assemblies This Excellent Quality UHP Water blasting Hydro-Jetting Blaster 40Kpsi Jetstream 3040 Uni-Valve is for use in Jetstream 40Kpsi Rated pressure Fluid End, and It is compatible with Jetstream 55630.\" \/>\n<meta property=\"og:url\" content=\"https:\/\/panwinjet.com\/es\/producto\/excellent-quality-uhp-water-blasting-hydro-jetting-blaster-40kpsi-jetstream-3040-uni-valve\/\" \/>\n<meta property=\"og:site_name\" content=\"Panwin Machinery&amp;Equipment\" \/>\n<meta property=\"og:image\" content=\"https:\/\/panwinjet.com\/wp-content\/uploads\/2025\/11\/Uni-Valve-J55630.jpg\" \/>\n\t<meta property=\"og:image:width\" content=\"1279\" \/>\n\t<meta property=\"og:image:height\" content=\"1706\" \/>\n\t<meta property=\"og:image:type\" content=\"image\/jpeg\" \/>\n<meta name=\"twitter:card\" content=\"summary_large_image\" \/>\n<meta name=\"twitter:label1\" content=\"Tiempo de lectura\" \/>\n\t<meta name=\"twitter:data1\" content=\"1 minuto\" \/>\n<script type=\"application\/ld+json\" class=\"yoast-schema-graph\">{\"@context\":\"https:\/\/schema.org\",\"@graph\":[{\"@type\":\"WebPage\",\"@id\":\"https:\/\/panwinjet.com\/product\/excellent-quality-uhp-water-blasting-hydro-jetting-blaster-40kpsi-jetstream-3040-uni-valve\/\",\"url\":\"https:\/\/panwinjet.com\/product\/excellent-quality-uhp-water-blasting-hydro-jetting-blaster-40kpsi-jetstream-3040-uni-valve\/\",\"name\":\"Excellent Quality UHP Water blasting Hydro-Jetting Blaster 40Kpsi Jetstream 3040 Uni-Valve - Panwin Machinery&amp;Equipment\",\"isPartOf\":{\"@id\":\"https:\/\/panwinjet.com\/#website\"},\"primaryImageOfPage\":{\"@id\":\"https:\/\/panwinjet.com\/product\/excellent-quality-uhp-water-blasting-hydro-jetting-blaster-40kpsi-jetstream-3040-uni-valve\/#primaryimage\"},\"image\":{\"@id\":\"https:\/\/panwinjet.com\/product\/excellent-quality-uhp-water-blasting-hydro-jetting-blaster-40kpsi-jetstream-3040-uni-valve\/#primaryimage\"},\"thumbnailUrl\":\"https:\/\/panwinjet.com\/wp-content\/uploads\/2025\/11\/Uni-Valve-J55630.jpg\",\"datePublished\":\"2025-11-01T08:30:38+00:00\",\"breadcrumb\":{\"@id\":\"https:\/\/panwinjet.com\/product\/excellent-quality-uhp-water-blasting-hydro-jetting-blaster-40kpsi-jetstream-3040-uni-valve\/#breadcrumb\"},\"inLanguage\":\"es\",\"potentialAction\":[{\"@type\":\"ReadAction\",\"target\":[\"https:\/\/panwinjet.com\/product\/excellent-quality-uhp-water-blasting-hydro-jetting-blaster-40kpsi-jetstream-3040-uni-valve\/\"]}]},{\"@type\":\"ImageObject\",\"inLanguage\":\"es\",\"@id\":\"https:\/\/panwinjet.com\/product\/excellent-quality-uhp-water-blasting-hydro-jetting-blaster-40kpsi-jetstream-3040-uni-valve\/#primaryimage\",\"url\":\"https:\/\/panwinjet.com\/wp-content\/uploads\/2025\/11\/Uni-Valve-J55630.jpg\",\"contentUrl\":\"https:\/\/panwinjet.com\/wp-content\/uploads\/2025\/11\/Uni-Valve-J55630.jpg\",\"width\":1279,\"height\":1706},{\"@type\":\"BreadcrumbList\",\"@id\":\"https:\/\/panwinjet.com\/product\/excellent-quality-uhp-water-blasting-hydro-jetting-blaster-40kpsi-jetstream-3040-uni-valve\/#breadcrumb\",\"itemListElement\":[{\"@type\":\"ListItem\",\"position\":1,\"name\":\"\u9996\u9875\",\"item\":\"https:\/\/panwinjet.com\/\"},{\"@type\":\"ListItem\",\"position\":2,\"name\":\"PRODUCT\",\"item\":\"https:\/\/panwinjet.com\/product\/\"},{\"@type\":\"ListItem\",\"position\":3,\"name\":\"Excellent Quality UHP Water blasting Hydro-Jetting Blaster 40Kpsi Jetstream 3040 Uni-Valve\"}]},{\"@type\":\"WebSite\",\"@id\":\"https:\/\/panwinjet.com\/#website\",\"url\":\"https:\/\/panwinjet.com\/\",\"name\":\"Panwin Machinery&amp;Equipment\",\"description\":\"Shenzhen Panwin Machinery&amp;Equipment Co.Ltd\",\"potentialAction\":[{\"@type\":\"SearchAction\",\"target\":{\"@type\":\"EntryPoint\",\"urlTemplate\":\"https:\/\/panwinjet.com\/?s={search_term_string}\"},\"query-input\":{\"@type\":\"PropertyValueSpecification\",\"valueRequired\":true,\"valueName\":\"search_term_string\"}}],\"inLanguage\":\"es\"}]}<\/script>\n<!-- \/ Yoast SEO plugin. -->","yoast_head_json":{"title":"Excellent Quality UHP Water blasting Hydro-Jetting Blaster 40Kpsi Jetstream 3040 Uni-Valve - Panwin Machinery&amp;Equipment","robots":{"index":"index","follow":"follow","max-snippet":"max-snippet:-1","max-image-preview":"max-image-preview:large","max-video-preview":"max-video-preview:-1"},"canonical":"https:\/\/panwinjet.com\/es\/producto\/excellent-quality-uhp-water-blasting-hydro-jetting-blaster-40kpsi-jetstream-3040-uni-valve\/","og_locale":"es_ES","og_type":"article","og_title":"Excellent Quality UHP Water blasting Hydro-Jetting Blaster 40Kpsi Jetstream 3040 Uni-Valve - Panwin Machinery&amp;Equipment","og_description":"Excellent Quality UHP Water blasting Hydro-Jetting Blaster 40Kpsi Jetstream 3040 Uni-Valve Vessel tank Water Jet cleaning machine components 3040 Uni-Valve Product Introduction of Vessel tank Water Jet cleaning machine components 3040 Uni-Valve Assemblies This Excellent Quality UHP Water blasting Hydro-Jetting Blaster 40Kpsi Jetstream 3040 Uni-Valve is for use in Jetstream 40Kpsi Rated pressure Fluid End, and It is compatible with Jetstream 55630.","og_url":"https:\/\/panwinjet.com\/es\/producto\/excellent-quality-uhp-water-blasting-hydro-jetting-blaster-40kpsi-jetstream-3040-uni-valve\/","og_site_name":"Panwin Machinery&amp;Equipment","og_image":[{"width":1279,"height":1706,"url":"https:\/\/panwinjet.com\/wp-content\/uploads\/2025\/11\/Uni-Valve-J55630.jpg","type":"image\/jpeg"}],"twitter_card":"summary_large_image","twitter_misc":{"Tiempo de lectura":"1 minuto"},"schema":{"@context":"https:\/\/schema.org","@graph":[{"@type":"WebPage","@id":"https:\/\/panwinjet.com\/product\/excellent-quality-uhp-water-blasting-hydro-jetting-blaster-40kpsi-jetstream-3040-uni-valve\/","url":"https:\/\/panwinjet.com\/product\/excellent-quality-uhp-water-blasting-hydro-jetting-blaster-40kpsi-jetstream-3040-uni-valve\/","name":"Excellent Quality UHP Water blasting Hydro-Jetting Blaster 40Kpsi Jetstream 3040 Uni-Valve - Panwin Machinery&amp;Equipment","isPartOf":{"@id":"https:\/\/panwinjet.com\/#website"},"primaryImageOfPage":{"@id":"https:\/\/panwinjet.com\/product\/excellent-quality-uhp-water-blasting-hydro-jetting-blaster-40kpsi-jetstream-3040-uni-valve\/#primaryimage"},"image":{"@id":"https:\/\/panwinjet.com\/product\/excellent-quality-uhp-water-blasting-hydro-jetting-blaster-40kpsi-jetstream-3040-uni-valve\/#primaryimage"},"thumbnailUrl":"https:\/\/panwinjet.com\/wp-content\/uploads\/2025\/11\/Uni-Valve-J55630.jpg","datePublished":"2025-11-01T08:30:38+00:00","breadcrumb":{"@id":"https:\/\/panwinjet.com\/product\/excellent-quality-uhp-water-blasting-hydro-jetting-blaster-40kpsi-jetstream-3040-uni-valve\/#breadcrumb"},"inLanguage":"es","potentialAction":[{"@type":"ReadAction","target":["https:\/\/panwinjet.com\/product\/excellent-quality-uhp-water-blasting-hydro-jetting-blaster-40kpsi-jetstream-3040-uni-valve\/"]}]},{"@type":"ImageObject","inLanguage":"es","@id":"https:\/\/panwinjet.com\/product\/excellent-quality-uhp-water-blasting-hydro-jetting-blaster-40kpsi-jetstream-3040-uni-valve\/#primaryimage","url":"https:\/\/panwinjet.com\/wp-content\/uploads\/2025\/11\/Uni-Valve-J55630.jpg","contentUrl":"https:\/\/panwinjet.com\/wp-content\/uploads\/2025\/11\/Uni-Valve-J55630.jpg","width":1279,"height":1706},{"@type":"BreadcrumbList","@id":"https:\/\/panwinjet.com\/product\/excellent-quality-uhp-water-blasting-hydro-jetting-blaster-40kpsi-jetstream-3040-uni-valve\/#breadcrumb","itemListElement":[{"@type":"ListItem","position":1,"name":"\u9996\u9875","item":"https:\/\/panwinjet.com\/"},{"@type":"ListItem","position":2,"name":"PRODUCT","item":"https:\/\/panwinjet.com\/product\/"},{"@type":"ListItem","position":3,"name":"Excellent Quality UHP Water blasting Hydro-Jetting Blaster 40Kpsi Jetstream 3040 Uni-Valve"}]},{"@type":"WebSite","@id":"https:\/\/panwinjet.com\/#website","url":"https:\/\/panwinjet.com\/","name":"Panwin Machinery&amp;Equipment","description":"Shenzhen Panwin Machinery&amp;Equipment Co.Ltd","potentialAction":[{"@type":"SearchAction","target":{"@type":"EntryPoint","urlTemplate":"https:\/\/panwinjet.com\/?s={search_term_string}"},"query-input":{"@type":"PropertyValueSpecification","valueRequired":true,"valueName":"search_term_string"}}],"inLanguage":"es"}]}},"_links":{"self":[{"href":"https:\/\/panwinjet.com\/es\/wp-json\/wp\/v2\/product\/1749","targetHints":{"allow":["GET"]}}],"collection":[{"href":"https:\/\/panwinjet.com\/es\/wp-json\/wp\/v2\/product"}],"about":[{"href":"https:\/\/panwinjet.com\/es\/wp-json\/wp\/v2\/types\/product"}],"wp:featuredmedia":[{"embeddable":true,"href":"https:\/\/panwinjet.com\/es\/wp-json\/wp\/v2\/media\/1754"}],"wp:attachment":[{"href":"https:\/\/panwinjet.com\/es\/wp-json\/wp\/v2\/media?parent=1749"}],"wp:term":[{"taxonomy":"product_brand","embeddable":true,"href":"https:\/\/panwinjet.com\/es\/wp-json\/wp\/v2\/product_brand?post=1749"},{"taxonomy":"product_cat","embeddable":true,"href":"https:\/\/panwinjet.com\/es\/wp-json\/wp\/v2\/product_cat?post=1749"},{"taxonomy":"product_tag","embeddable":true,"href":"https:\/\/panwinjet.com\/es\/wp-json\/wp\/v2\/product_tag?post=1749"}],"curies":[{"name":"wp","href":"https:\/\/api.w.org\/{rel}","templated":true}]}}