{"id":1717,"date":"2025-10-20T09:19:08","date_gmt":"2025-10-20T09:19:08","guid":{"rendered":"https:\/\/panwinjet.com\/?post_type=product&#038;p=1717"},"modified":"2025-10-20T09:26:30","modified_gmt":"2025-10-20T09:26:30","slug":"40kpsi-water-jet-uhp-flow-husky-direct-drive-pump-water-blaster-hydro-jet-check-valve-inlet-poppet","status":"publish","type":"product","link":"https:\/\/panwinjet.com\/es\/producto\/40kpsi-water-jet-uhp-flow-husky-direct-drive-pump-water-blaster-hydro-jet-check-valve-inlet-poppet\/","title":{"rendered":"Bomba de accionamiento directo Husky de flujo ultra alto y chorro de agua de 40 kpsi, v\u00e1lvula de retenci\u00f3n de entrada para hidrolavadora Water-Blaster"},"content":{"rendered":"<p>Bomba de accionamiento directo Husky de flujo ultra alto y chorro de agua de 40 kpsi, v\u00e1lvula de retenci\u00f3n de entrada para hidrolavadora Water-Blaster<\/p>\n<p>La v\u00e1lvula de retenci\u00f3n de entrada de la bomba de chorro de agua UHP Flow Husky de 40 kpsi con accionamiento directo Water-Blaster Hydro-Jet es compatible con las bombas de chorro de agua Flow Husky S-200 de 40\u00a0000 PSI. <strong><b>equipo de chorro de agua a alta presi\u00f3n<\/b><\/strong><strong><b> V\u00e1lvula de retenci\u00f3n de entrada de asiento<\/b><\/strong>\u00a0est\u00e1 dise\u00f1ado para funcionar en lugar de Flow 002078-1.<\/p>\n<p>La UHP <strong><b>hidrojet<\/b><\/strong><strong><b>\u00a0<\/b><\/strong><strong><b>equipo de limpieza m\u00e1quina de drenaje<\/b><\/strong><strong><b> Se fabrica el asiento de entrada de la v\u00e1lvula de retenci\u00f3n<\/b><\/strong>\u00a0Desde acero inoxidable de excelente calidad y proceso especial de alivio de tensi\u00f3n hasta est\u00e1ndares exigentes.<\/p>","protected":false},"excerpt":{"rendered":"<p>&nbsp;<\/p>\n<p>La bomba de chorro de agua UHP Flow Husky de accionamiento directo de 40 kpsi con v\u00e1lvula de retenci\u00f3n de entrada es compatible con la bomba de chorro de agua UHP Flow Husky de accionamiento directo. La bomba Flow Husky es una bomba de chorro de agua s\u00faper potente, y esta bomba de \u00e9mbolo de accionamiento directo de 40 kpsi con compensaci\u00f3n total de presi\u00f3n cuenta con alta seguridad con luces de sensor, apagado autom\u00e1tico con mayor confiabilidad y funci\u00f3n de protecci\u00f3n del operador.<br \/>\nEsta bomba de \u00e9mbolo de accionamiento directo UHP de 2800 bar tambi\u00e9n es de f\u00e1cil mantenimiento y el mantenimiento de rutina es simple y ahorra tiempo.<\/p>","protected":false},"featured_media":1720,"template":"","meta":[],"product_brand":[],"product_cat":[65,11,4,5],"product_tag":[68,70,69],"class_list":{"0":"post-1717","1":"product","2":"type-product","3":"status-publish","4":"has-post-thumbnail","6":"product_cat-flow-direct-drive-pump","7":"product_cat-ship-cleaning-device","8":"product_cat-uhp-blasting-hand-air-gun","9":"product_cat-uhp-rotating-nozzles","10":"product_tag-40kpsi-water-jet-uhp","11":"product_tag-husky-direct-drive-pump-water-blaster","12":"product_tag-water-blaster-hydro-jet","14":"first","15":"instock","16":"shipping-taxable","17":"product-type-simple"},"yoast_head":"<!-- This site is optimized with the Yoast SEO plugin v24.9 - https:\/\/yoast.com\/wordpress\/plugins\/seo\/ -->\n<title>40Kpsi water-jet UHP Flow Husky Direct Drive Pump Water-Blaster hydro-Jet Check Valve Inlet Poppet - Panwin Machinery&amp;Equipment<\/title>\n<meta name=\"robots\" content=\"index, follow, max-snippet:-1, max-image-preview:large, max-video-preview:-1\" \/>\n<link rel=\"canonical\" href=\"https:\/\/panwinjet.com\/es\/producto\/40kpsi-water-jet-uhp-flow-husky-direct-drive-pump-water-blaster-hydro-jet-check-valve-inlet-poppet\/\" \/>\n<meta property=\"og:locale\" content=\"es_ES\" \/>\n<meta property=\"og:type\" content=\"article\" \/>\n<meta property=\"og:title\" content=\"40Kpsi water-jet UHP Flow Husky Direct Drive Pump Water-Blaster hydro-Jet Check Valve Inlet Poppet - Panwin Machinery&amp;Equipment\" \/>\n<meta property=\"og:description\" content=\"&nbsp;  40Kpsi water-jet UHP Flow Husky Direct Drive Pump Water-Blaster hydro-Jet Check Valve Inlet Poppet is compatible for use in Flow Husky UHP Direct Drive Pump,The Flow Husky Pump is super powerful Water-Blaster pump, and this 40Kpsi direct drive plunger pump with full pressure compensation Water-blaster, it feature high Safety with sensor lights, Automatic Shutdown with more reliability and operator protection function. This 2800Bar UHP direct drive plunger pump also easy-service and the routine maintenance simple and time saving.\" \/>\n<meta property=\"og:url\" content=\"https:\/\/panwinjet.com\/es\/producto\/40kpsi-water-jet-uhp-flow-husky-direct-drive-pump-water-blaster-hydro-jet-check-valve-inlet-poppet\/\" \/>\n<meta property=\"og:site_name\" content=\"Panwin Machinery&amp;Equipment\" \/>\n<meta property=\"article:modified_time\" content=\"2025-10-20T09:26:30+00:00\" \/>\n<meta property=\"og:image\" content=\"https:\/\/panwinjet.com\/wp-content\/uploads\/2025\/10\/002078-1-\u8fdb\u6c34\u9600\u82af-1.png\" \/>\n\t<meta property=\"og:image:width\" content=\"730\" \/>\n\t<meta property=\"og:image:height\" content=\"550\" \/>\n\t<meta property=\"og:image:type\" content=\"image\/png\" \/>\n<meta name=\"twitter:card\" content=\"summary_large_image\" \/>\n<meta name=\"twitter:label1\" content=\"Tiempo de lectura\" \/>\n\t<meta name=\"twitter:data1\" content=\"1 minuto\" \/>\n<script type=\"application\/ld+json\" class=\"yoast-schema-graph\">{\"@context\":\"https:\/\/schema.org\",\"@graph\":[{\"@type\":\"WebPage\",\"@id\":\"https:\/\/panwinjet.com\/product\/40kpsi-water-jet-uhp-flow-husky-direct-drive-pump-water-blaster-hydro-jet-check-valve-inlet-poppet\/\",\"url\":\"https:\/\/panwinjet.com\/product\/40kpsi-water-jet-uhp-flow-husky-direct-drive-pump-water-blaster-hydro-jet-check-valve-inlet-poppet\/\",\"name\":\"40Kpsi water-jet UHP Flow Husky Direct Drive Pump Water-Blaster hydro-Jet Check Valve Inlet Poppet - Panwin Machinery&amp;Equipment\",\"isPartOf\":{\"@id\":\"https:\/\/panwinjet.com\/#website\"},\"primaryImageOfPage\":{\"@id\":\"https:\/\/panwinjet.com\/product\/40kpsi-water-jet-uhp-flow-husky-direct-drive-pump-water-blaster-hydro-jet-check-valve-inlet-poppet\/#primaryimage\"},\"image\":{\"@id\":\"https:\/\/panwinjet.com\/product\/40kpsi-water-jet-uhp-flow-husky-direct-drive-pump-water-blaster-hydro-jet-check-valve-inlet-poppet\/#primaryimage\"},\"thumbnailUrl\":\"https:\/\/panwinjet.com\/wp-content\/uploads\/2025\/10\/002078-1-\u8fdb\u6c34\u9600\u82af-1.png\",\"datePublished\":\"2025-10-20T09:19:08+00:00\",\"dateModified\":\"2025-10-20T09:26:30+00:00\",\"breadcrumb\":{\"@id\":\"https:\/\/panwinjet.com\/product\/40kpsi-water-jet-uhp-flow-husky-direct-drive-pump-water-blaster-hydro-jet-check-valve-inlet-poppet\/#breadcrumb\"},\"inLanguage\":\"es\",\"potentialAction\":[{\"@type\":\"ReadAction\",\"target\":[\"https:\/\/panwinjet.com\/product\/40kpsi-water-jet-uhp-flow-husky-direct-drive-pump-water-blaster-hydro-jet-check-valve-inlet-poppet\/\"]}]},{\"@type\":\"ImageObject\",\"inLanguage\":\"es\",\"@id\":\"https:\/\/panwinjet.com\/product\/40kpsi-water-jet-uhp-flow-husky-direct-drive-pump-water-blaster-hydro-jet-check-valve-inlet-poppet\/#primaryimage\",\"url\":\"https:\/\/panwinjet.com\/wp-content\/uploads\/2025\/10\/002078-1-\u8fdb\u6c34\u9600\u82af-1.png\",\"contentUrl\":\"https:\/\/panwinjet.com\/wp-content\/uploads\/2025\/10\/002078-1-\u8fdb\u6c34\u9600\u82af-1.png\",\"width\":730,\"height\":550},{\"@type\":\"BreadcrumbList\",\"@id\":\"https:\/\/panwinjet.com\/product\/40kpsi-water-jet-uhp-flow-husky-direct-drive-pump-water-blaster-hydro-jet-check-valve-inlet-poppet\/#breadcrumb\",\"itemListElement\":[{\"@type\":\"ListItem\",\"position\":1,\"name\":\"\u9996\u9875\",\"item\":\"https:\/\/panwinjet.com\/\"},{\"@type\":\"ListItem\",\"position\":2,\"name\":\"PRODUCT\",\"item\":\"https:\/\/panwinjet.com\/product\/\"},{\"@type\":\"ListItem\",\"position\":3,\"name\":\"40Kpsi water-jet UHP Flow Husky Direct Drive Pump Water-Blaster hydro-Jet Check Valve Inlet Poppet\"}]},{\"@type\":\"WebSite\",\"@id\":\"https:\/\/panwinjet.com\/#website\",\"url\":\"https:\/\/panwinjet.com\/\",\"name\":\"Panwin Machinery&amp;Equipment\",\"description\":\"Shenzhen Panwin Machinery&amp;Equipment Co.Ltd\",\"potentialAction\":[{\"@type\":\"SearchAction\",\"target\":{\"@type\":\"EntryPoint\",\"urlTemplate\":\"https:\/\/panwinjet.com\/?s={search_term_string}\"},\"query-input\":{\"@type\":\"PropertyValueSpecification\",\"valueRequired\":true,\"valueName\":\"search_term_string\"}}],\"inLanguage\":\"es\"}]}<\/script>\n<!-- \/ Yoast SEO plugin. -->","yoast_head_json":{"title":"40Kpsi water-jet UHP Flow Husky Direct Drive Pump Water-Blaster hydro-Jet Check Valve Inlet Poppet - Panwin Machinery&amp;Equipment","robots":{"index":"index","follow":"follow","max-snippet":"max-snippet:-1","max-image-preview":"max-image-preview:large","max-video-preview":"max-video-preview:-1"},"canonical":"https:\/\/panwinjet.com\/es\/producto\/40kpsi-water-jet-uhp-flow-husky-direct-drive-pump-water-blaster-hydro-jet-check-valve-inlet-poppet\/","og_locale":"es_ES","og_type":"article","og_title":"40Kpsi water-jet UHP Flow Husky Direct Drive Pump Water-Blaster hydro-Jet Check Valve Inlet Poppet - Panwin Machinery&amp;Equipment","og_description":"&nbsp;  40Kpsi water-jet UHP Flow Husky Direct Drive Pump Water-Blaster hydro-Jet Check Valve Inlet Poppet is compatible for use in Flow Husky UHP Direct Drive Pump,The Flow Husky Pump is super powerful Water-Blaster pump, and this 40Kpsi direct drive plunger pump with full pressure compensation Water-blaster, it feature high Safety with sensor lights, Automatic Shutdown with more reliability and operator protection function. This 2800Bar UHP direct drive plunger pump also easy-service and the routine maintenance simple and time saving.","og_url":"https:\/\/panwinjet.com\/es\/producto\/40kpsi-water-jet-uhp-flow-husky-direct-drive-pump-water-blaster-hydro-jet-check-valve-inlet-poppet\/","og_site_name":"Panwin Machinery&amp;Equipment","article_modified_time":"2025-10-20T09:26:30+00:00","og_image":[{"width":730,"height":550,"url":"https:\/\/panwinjet.com\/wp-content\/uploads\/2025\/10\/002078-1-\u8fdb\u6c34\u9600\u82af-1.png","type":"image\/png"}],"twitter_card":"summary_large_image","twitter_misc":{"Tiempo de lectura":"1 minuto"},"schema":{"@context":"https:\/\/schema.org","@graph":[{"@type":"WebPage","@id":"https:\/\/panwinjet.com\/product\/40kpsi-water-jet-uhp-flow-husky-direct-drive-pump-water-blaster-hydro-jet-check-valve-inlet-poppet\/","url":"https:\/\/panwinjet.com\/product\/40kpsi-water-jet-uhp-flow-husky-direct-drive-pump-water-blaster-hydro-jet-check-valve-inlet-poppet\/","name":"40Kpsi water-jet UHP Flow Husky Direct Drive Pump Water-Blaster hydro-Jet Check Valve Inlet Poppet - Panwin Machinery&amp;Equipment","isPartOf":{"@id":"https:\/\/panwinjet.com\/#website"},"primaryImageOfPage":{"@id":"https:\/\/panwinjet.com\/product\/40kpsi-water-jet-uhp-flow-husky-direct-drive-pump-water-blaster-hydro-jet-check-valve-inlet-poppet\/#primaryimage"},"image":{"@id":"https:\/\/panwinjet.com\/product\/40kpsi-water-jet-uhp-flow-husky-direct-drive-pump-water-blaster-hydro-jet-check-valve-inlet-poppet\/#primaryimage"},"thumbnailUrl":"https:\/\/panwinjet.com\/wp-content\/uploads\/2025\/10\/002078-1-\u8fdb\u6c34\u9600\u82af-1.png","datePublished":"2025-10-20T09:19:08+00:00","dateModified":"2025-10-20T09:26:30+00:00","breadcrumb":{"@id":"https:\/\/panwinjet.com\/product\/40kpsi-water-jet-uhp-flow-husky-direct-drive-pump-water-blaster-hydro-jet-check-valve-inlet-poppet\/#breadcrumb"},"inLanguage":"es","potentialAction":[{"@type":"ReadAction","target":["https:\/\/panwinjet.com\/product\/40kpsi-water-jet-uhp-flow-husky-direct-drive-pump-water-blaster-hydro-jet-check-valve-inlet-poppet\/"]}]},{"@type":"ImageObject","inLanguage":"es","@id":"https:\/\/panwinjet.com\/product\/40kpsi-water-jet-uhp-flow-husky-direct-drive-pump-water-blaster-hydro-jet-check-valve-inlet-poppet\/#primaryimage","url":"https:\/\/panwinjet.com\/wp-content\/uploads\/2025\/10\/002078-1-\u8fdb\u6c34\u9600\u82af-1.png","contentUrl":"https:\/\/panwinjet.com\/wp-content\/uploads\/2025\/10\/002078-1-\u8fdb\u6c34\u9600\u82af-1.png","width":730,"height":550},{"@type":"BreadcrumbList","@id":"https:\/\/panwinjet.com\/product\/40kpsi-water-jet-uhp-flow-husky-direct-drive-pump-water-blaster-hydro-jet-check-valve-inlet-poppet\/#breadcrumb","itemListElement":[{"@type":"ListItem","position":1,"name":"\u9996\u9875","item":"https:\/\/panwinjet.com\/"},{"@type":"ListItem","position":2,"name":"PRODUCT","item":"https:\/\/panwinjet.com\/product\/"},{"@type":"ListItem","position":3,"name":"40Kpsi water-jet UHP Flow Husky Direct Drive Pump Water-Blaster hydro-Jet Check Valve Inlet Poppet"}]},{"@type":"WebSite","@id":"https:\/\/panwinjet.com\/#website","url":"https:\/\/panwinjet.com\/","name":"Panwin Machinery&amp;Equipment","description":"Shenzhen Panwin Machinery&amp;Equipment Co.Ltd","potentialAction":[{"@type":"SearchAction","target":{"@type":"EntryPoint","urlTemplate":"https:\/\/panwinjet.com\/?s={search_term_string}"},"query-input":{"@type":"PropertyValueSpecification","valueRequired":true,"valueName":"search_term_string"}}],"inLanguage":"es"}]}},"_links":{"self":[{"href":"https:\/\/panwinjet.com\/es\/wp-json\/wp\/v2\/product\/1717","targetHints":{"allow":["GET"]}}],"collection":[{"href":"https:\/\/panwinjet.com\/es\/wp-json\/wp\/v2\/product"}],"about":[{"href":"https:\/\/panwinjet.com\/es\/wp-json\/wp\/v2\/types\/product"}],"wp:featuredmedia":[{"embeddable":true,"href":"https:\/\/panwinjet.com\/es\/wp-json\/wp\/v2\/media\/1720"}],"wp:attachment":[{"href":"https:\/\/panwinjet.com\/es\/wp-json\/wp\/v2\/media?parent=1717"}],"wp:term":[{"taxonomy":"product_brand","embeddable":true,"href":"https:\/\/panwinjet.com\/es\/wp-json\/wp\/v2\/product_brand?post=1717"},{"taxonomy":"product_cat","embeddable":true,"href":"https:\/\/panwinjet.com\/es\/wp-json\/wp\/v2\/product_cat?post=1717"},{"taxonomy":"product_tag","embeddable":true,"href":"https:\/\/panwinjet.com\/es\/wp-json\/wp\/v2\/product_tag?post=1717"}],"curies":[{"name":"wp","href":"https:\/\/api.w.org\/{rel}","templated":true}]}}