{"id":1708,"date":"2025-10-19T06:37:53","date_gmt":"2025-10-19T06:37:53","guid":{"rendered":"https:\/\/panwinjet.com\/?post_type=product&#038;p=1708"},"modified":"2025-10-21T07:26:49","modified_gmt":"2025-10-21T07:26:49","slug":"1500bar-high-pressure-triplex-pump-industrial-water-blasting-machine-tool-high-pressure-blasting-rotary-4-nozzles","status":"publish","type":"product","link":"https:\/\/panwinjet.com\/es\/producto\/1500bar-high-pressure-triplex-pump-industrial-water-blasting-machine-tool-high-pressure-blasting-rotary-4-nozzles\/","title":{"rendered":"Bomba triplex de alta presi\u00f3n de 1500 bar para m\u00e1quina de chorro de agua industrial, herramienta de chorro rotativo de alta presi\u00f3n con 4 boquillas"},"content":{"rendered":"<p>Caracter\u00edstica y aplicaci\u00f3n de la bomba triplex de alta presi\u00f3n de 1500 bar, m\u00e1quina herramienta de chorro de agua industrial, chorro de alta presi\u00f3n rotativo de 4 boquillas<br \/>\nPara m\u00e1quina herramienta industrial de chorro de agua con bomba triplex de alta presi\u00f3n de 1500 bar, chorro de alta presi\u00f3n rotativo de 4 boquillas<br \/>\nLas bases de las boquillas en ambos extremos se pueden procesar en cualquier \u00e1ngulo de pulverizaci\u00f3n de limpieza, con una presi\u00f3n m\u00e1xima de 3000 bar y niveles de presi\u00f3n opcionales de 500 bar, 1500 bar y 3000 bar.<\/p>\n<p>Aplicaci\u00f3n de estas boquillas rotativas<br \/>\nSolicitud:<br \/>\nIndustria de la construcci\u00f3n con chorro de agua a ultra alta presi\u00f3n<br \/>\nChorro de agua a presi\u00f3n por agua para la industria del hierro, el acero y los metales<br \/>\nIngenier\u00eda mec\u00e1nica y de aparatos para hidrolavadoras de alta presi\u00f3n<br \/>\nIndustria del cemento y el hormig\u00f3n<br \/>\nLimpieza de superficies con barracuda de alta presi\u00f3n<br \/>\nPiezas para equipos de limpieza UHP Hydro Jet<br \/>\nBarras pulverizadoras de limpieza industrial<br \/>\nM\u00e1quina de hidrolavado para la industria de refinaci\u00f3n de petr\u00f3leo<br \/>\nLimpieza de superficies con chorro de agua a presi\u00f3n, limpieza de tanques y recipientes.<br \/>\nLimpieza del intercambiador de calor,<br \/>\nLimpieza de pintura de autom\u00f3viles, limpieza de la industria minera, limpieza de f\u00e1bricas de acero, etc.<br \/>\nEquipos de limpieza de alcantarillado de alta presi\u00f3n para redes de tuber\u00edas municipales de suministro de agua y drenaje;<\/p>","protected":false},"excerpt":{"rendered":"<p><strong><b>Introducci\u00f3n de <\/b><\/strong><strong><b>Bomba triplex de alta presi\u00f3n de 1500 bar para m\u00e1quina de chorro de agua industrial, herramienta de chorro rotativo de alta presi\u00f3n con 4 boquillas <\/b><\/strong><\/p>\n<p>Este <strong><b>Bomba triplex de alta presi\u00f3n de 1500 bar para m\u00e1quina de chorro de agua industrial, herramienta de chorro rotativo de alta presi\u00f3n con 4 boquillas <\/b><\/strong><\/p>\n<p>es una combinaci\u00f3n de boquillas giratorias de alta presi\u00f3n, con un total de 4 boquillas, que tiene las caracter\u00edsticas de aplicaci\u00f3n flexible, alta variabilidad y la capacidad de cambiar la longitud de la biela central de acuerdo con el tama\u00f1o del \u00e1rea de limpieza y uso flexible.<\/p>","protected":false},"featured_media":1711,"template":"","meta":[],"product_brand":[],"product_cat":[11,5],"product_tag":[62,64,61,63],"class_list":{"0":"post-1708","1":"product","2":"type-product","3":"status-publish","4":"has-post-thumbnail","6":"product_cat-ship-cleaning-device","7":"product_cat-uhp-rotating-nozzles","8":"product_tag-1500bar-and-3000bar","9":"product_tag-1500bar-high-pressure-triplex-pump-industrial-water-blasting","10":"product_tag-500bar","11":"product_tag-max-pressure-3000bar","13":"first","14":"instock","15":"shipping-taxable","16":"product-type-simple"},"yoast_head":"<!-- This site is optimized with the Yoast SEO plugin v24.9 - https:\/\/yoast.com\/wordpress\/plugins\/seo\/ -->\n<title>1500Bar High pressure Triplex Pump industrial water blasting machine tool high pressure blasting rotary 4 nozzles - Panwin Machinery&amp;Equipment<\/title>\n<meta name=\"robots\" content=\"index, follow, max-snippet:-1, max-image-preview:large, max-video-preview:-1\" \/>\n<link rel=\"canonical\" href=\"https:\/\/panwinjet.com\/es\/producto\/1500bar-high-pressure-triplex-pump-industrial-water-blasting-machine-tool-high-pressure-blasting-rotary-4-nozzles\/\" \/>\n<meta property=\"og:locale\" content=\"es_ES\" \/>\n<meta property=\"og:type\" content=\"article\" \/>\n<meta property=\"og:title\" content=\"1500Bar High pressure Triplex Pump industrial water blasting machine tool high pressure blasting rotary 4 nozzles - Panwin Machinery&amp;Equipment\" \/>\n<meta property=\"og:description\" content=\"Introduction of 1500Bar High pressure Triplex Pump industrial water blasting machine tool high pressure blasting rotary 4 nozzles   This 1500Bar High pressure Triplex Pump industrial water blasting machine tool high pressure blasting rotary 4 nozzles   is a combination of high-pressure rotating nozzles, with a total of 4\u00a0nozzles, which has the characteristics of flexible application, high variability, and the ability to change the length of the middle connecting rod according to the size of the cleaning area, and flexible use.\" \/>\n<meta property=\"og:url\" content=\"https:\/\/panwinjet.com\/es\/producto\/1500bar-high-pressure-triplex-pump-industrial-water-blasting-machine-tool-high-pressure-blasting-rotary-4-nozzles\/\" \/>\n<meta property=\"og:site_name\" content=\"Panwin Machinery&amp;Equipment\" \/>\n<meta property=\"article:modified_time\" content=\"2025-10-21T07:26:49+00:00\" \/>\n<meta property=\"og:image\" content=\"https:\/\/panwinjet.com\/wp-content\/uploads\/2025\/10\/4\u5934\u55b7\u5934-scaled.jpg\" \/>\n\t<meta property=\"og:image:width\" content=\"2560\" \/>\n\t<meta property=\"og:image:height\" content=\"1920\" \/>\n\t<meta property=\"og:image:type\" content=\"image\/jpeg\" \/>\n<meta name=\"twitter:card\" content=\"summary_large_image\" \/>\n<meta name=\"twitter:label1\" content=\"Tiempo de lectura\" \/>\n\t<meta name=\"twitter:data1\" content=\"1 minuto\" \/>\n<script type=\"application\/ld+json\" class=\"yoast-schema-graph\">{\"@context\":\"https:\/\/schema.org\",\"@graph\":[{\"@type\":\"WebPage\",\"@id\":\"https:\/\/panwinjet.com\/product\/1500bar-high-pressure-triplex-pump-industrial-water-blasting-machine-tool-high-pressure-blasting-rotary-4-nozzles\/\",\"url\":\"https:\/\/panwinjet.com\/product\/1500bar-high-pressure-triplex-pump-industrial-water-blasting-machine-tool-high-pressure-blasting-rotary-4-nozzles\/\",\"name\":\"1500Bar High pressure Triplex Pump industrial water blasting machine tool high pressure blasting rotary 4 nozzles - Panwin Machinery&amp;Equipment\",\"isPartOf\":{\"@id\":\"https:\/\/panwinjet.com\/#website\"},\"primaryImageOfPage\":{\"@id\":\"https:\/\/panwinjet.com\/product\/1500bar-high-pressure-triplex-pump-industrial-water-blasting-machine-tool-high-pressure-blasting-rotary-4-nozzles\/#primaryimage\"},\"image\":{\"@id\":\"https:\/\/panwinjet.com\/product\/1500bar-high-pressure-triplex-pump-industrial-water-blasting-machine-tool-high-pressure-blasting-rotary-4-nozzles\/#primaryimage\"},\"thumbnailUrl\":\"https:\/\/panwinjet.com\/wp-content\/uploads\/2025\/10\/4\u5934\u55b7\u5934-scaled.jpg\",\"datePublished\":\"2025-10-19T06:37:53+00:00\",\"dateModified\":\"2025-10-21T07:26:49+00:00\",\"breadcrumb\":{\"@id\":\"https:\/\/panwinjet.com\/product\/1500bar-high-pressure-triplex-pump-industrial-water-blasting-machine-tool-high-pressure-blasting-rotary-4-nozzles\/#breadcrumb\"},\"inLanguage\":\"es\",\"potentialAction\":[{\"@type\":\"ReadAction\",\"target\":[\"https:\/\/panwinjet.com\/product\/1500bar-high-pressure-triplex-pump-industrial-water-blasting-machine-tool-high-pressure-blasting-rotary-4-nozzles\/\"]}]},{\"@type\":\"ImageObject\",\"inLanguage\":\"es\",\"@id\":\"https:\/\/panwinjet.com\/product\/1500bar-high-pressure-triplex-pump-industrial-water-blasting-machine-tool-high-pressure-blasting-rotary-4-nozzles\/#primaryimage\",\"url\":\"https:\/\/panwinjet.com\/wp-content\/uploads\/2025\/10\/4\u5934\u55b7\u5934-scaled.jpg\",\"contentUrl\":\"https:\/\/panwinjet.com\/wp-content\/uploads\/2025\/10\/4\u5934\u55b7\u5934-scaled.jpg\",\"width\":2560,\"height\":1920},{\"@type\":\"BreadcrumbList\",\"@id\":\"https:\/\/panwinjet.com\/product\/1500bar-high-pressure-triplex-pump-industrial-water-blasting-machine-tool-high-pressure-blasting-rotary-4-nozzles\/#breadcrumb\",\"itemListElement\":[{\"@type\":\"ListItem\",\"position\":1,\"name\":\"\u9996\u9875\",\"item\":\"https:\/\/panwinjet.com\/\"},{\"@type\":\"ListItem\",\"position\":2,\"name\":\"PRODUCT\",\"item\":\"https:\/\/panwinjet.com\/product\/\"},{\"@type\":\"ListItem\",\"position\":3,\"name\":\"1500Bar High pressure Triplex Pump industrial water blasting machine tool high pressure blasting rotary 4 nozzles\"}]},{\"@type\":\"WebSite\",\"@id\":\"https:\/\/panwinjet.com\/#website\",\"url\":\"https:\/\/panwinjet.com\/\",\"name\":\"Panwin Machinery&amp;Equipment\",\"description\":\"Shenzhen Panwin Machinery&amp;Equipment Co.Ltd\",\"potentialAction\":[{\"@type\":\"SearchAction\",\"target\":{\"@type\":\"EntryPoint\",\"urlTemplate\":\"https:\/\/panwinjet.com\/?s={search_term_string}\"},\"query-input\":{\"@type\":\"PropertyValueSpecification\",\"valueRequired\":true,\"valueName\":\"search_term_string\"}}],\"inLanguage\":\"es\"}]}<\/script>\n<!-- \/ Yoast SEO plugin. -->","yoast_head_json":{"title":"1500Bar High pressure Triplex Pump industrial water blasting machine tool high pressure blasting rotary 4 nozzles - Panwin Machinery&amp;Equipment","robots":{"index":"index","follow":"follow","max-snippet":"max-snippet:-1","max-image-preview":"max-image-preview:large","max-video-preview":"max-video-preview:-1"},"canonical":"https:\/\/panwinjet.com\/es\/producto\/1500bar-high-pressure-triplex-pump-industrial-water-blasting-machine-tool-high-pressure-blasting-rotary-4-nozzles\/","og_locale":"es_ES","og_type":"article","og_title":"1500Bar High pressure Triplex Pump industrial water blasting machine tool high pressure blasting rotary 4 nozzles - Panwin Machinery&amp;Equipment","og_description":"Introduction of 1500Bar High pressure Triplex Pump industrial water blasting machine tool high pressure blasting rotary 4 nozzles   This 1500Bar High pressure Triplex Pump industrial water blasting machine tool high pressure blasting rotary 4 nozzles   is a combination of high-pressure rotating nozzles, with a total of 4\u00a0nozzles, which has the characteristics of flexible application, high variability, and the ability to change the length of the middle connecting rod according to the size of the cleaning area, and flexible use.","og_url":"https:\/\/panwinjet.com\/es\/producto\/1500bar-high-pressure-triplex-pump-industrial-water-blasting-machine-tool-high-pressure-blasting-rotary-4-nozzles\/","og_site_name":"Panwin Machinery&amp;Equipment","article_modified_time":"2025-10-21T07:26:49+00:00","og_image":[{"width":2560,"height":1920,"url":"https:\/\/panwinjet.com\/wp-content\/uploads\/2025\/10\/4\u5934\u55b7\u5934-scaled.jpg","type":"image\/jpeg"}],"twitter_card":"summary_large_image","twitter_misc":{"Tiempo de lectura":"1 minuto"},"schema":{"@context":"https:\/\/schema.org","@graph":[{"@type":"WebPage","@id":"https:\/\/panwinjet.com\/product\/1500bar-high-pressure-triplex-pump-industrial-water-blasting-machine-tool-high-pressure-blasting-rotary-4-nozzles\/","url":"https:\/\/panwinjet.com\/product\/1500bar-high-pressure-triplex-pump-industrial-water-blasting-machine-tool-high-pressure-blasting-rotary-4-nozzles\/","name":"1500Bar High pressure Triplex Pump industrial water blasting machine tool high pressure blasting rotary 4 nozzles - Panwin Machinery&amp;Equipment","isPartOf":{"@id":"https:\/\/panwinjet.com\/#website"},"primaryImageOfPage":{"@id":"https:\/\/panwinjet.com\/product\/1500bar-high-pressure-triplex-pump-industrial-water-blasting-machine-tool-high-pressure-blasting-rotary-4-nozzles\/#primaryimage"},"image":{"@id":"https:\/\/panwinjet.com\/product\/1500bar-high-pressure-triplex-pump-industrial-water-blasting-machine-tool-high-pressure-blasting-rotary-4-nozzles\/#primaryimage"},"thumbnailUrl":"https:\/\/panwinjet.com\/wp-content\/uploads\/2025\/10\/4\u5934\u55b7\u5934-scaled.jpg","datePublished":"2025-10-19T06:37:53+00:00","dateModified":"2025-10-21T07:26:49+00:00","breadcrumb":{"@id":"https:\/\/panwinjet.com\/product\/1500bar-high-pressure-triplex-pump-industrial-water-blasting-machine-tool-high-pressure-blasting-rotary-4-nozzles\/#breadcrumb"},"inLanguage":"es","potentialAction":[{"@type":"ReadAction","target":["https:\/\/panwinjet.com\/product\/1500bar-high-pressure-triplex-pump-industrial-water-blasting-machine-tool-high-pressure-blasting-rotary-4-nozzles\/"]}]},{"@type":"ImageObject","inLanguage":"es","@id":"https:\/\/panwinjet.com\/product\/1500bar-high-pressure-triplex-pump-industrial-water-blasting-machine-tool-high-pressure-blasting-rotary-4-nozzles\/#primaryimage","url":"https:\/\/panwinjet.com\/wp-content\/uploads\/2025\/10\/4\u5934\u55b7\u5934-scaled.jpg","contentUrl":"https:\/\/panwinjet.com\/wp-content\/uploads\/2025\/10\/4\u5934\u55b7\u5934-scaled.jpg","width":2560,"height":1920},{"@type":"BreadcrumbList","@id":"https:\/\/panwinjet.com\/product\/1500bar-high-pressure-triplex-pump-industrial-water-blasting-machine-tool-high-pressure-blasting-rotary-4-nozzles\/#breadcrumb","itemListElement":[{"@type":"ListItem","position":1,"name":"\u9996\u9875","item":"https:\/\/panwinjet.com\/"},{"@type":"ListItem","position":2,"name":"PRODUCT","item":"https:\/\/panwinjet.com\/product\/"},{"@type":"ListItem","position":3,"name":"1500Bar High pressure Triplex Pump industrial water blasting machine tool high pressure blasting rotary 4 nozzles"}]},{"@type":"WebSite","@id":"https:\/\/panwinjet.com\/#website","url":"https:\/\/panwinjet.com\/","name":"Panwin Machinery&amp;Equipment","description":"Shenzhen Panwin Machinery&amp;Equipment Co.Ltd","potentialAction":[{"@type":"SearchAction","target":{"@type":"EntryPoint","urlTemplate":"https:\/\/panwinjet.com\/?s={search_term_string}"},"query-input":{"@type":"PropertyValueSpecification","valueRequired":true,"valueName":"search_term_string"}}],"inLanguage":"es"}]}},"_links":{"self":[{"href":"https:\/\/panwinjet.com\/es\/wp-json\/wp\/v2\/product\/1708","targetHints":{"allow":["GET"]}}],"collection":[{"href":"https:\/\/panwinjet.com\/es\/wp-json\/wp\/v2\/product"}],"about":[{"href":"https:\/\/panwinjet.com\/es\/wp-json\/wp\/v2\/types\/product"}],"wp:featuredmedia":[{"embeddable":true,"href":"https:\/\/panwinjet.com\/es\/wp-json\/wp\/v2\/media\/1711"}],"wp:attachment":[{"href":"https:\/\/panwinjet.com\/es\/wp-json\/wp\/v2\/media?parent=1708"}],"wp:term":[{"taxonomy":"product_brand","embeddable":true,"href":"https:\/\/panwinjet.com\/es\/wp-json\/wp\/v2\/product_brand?post=1708"},{"taxonomy":"product_cat","embeddable":true,"href":"https:\/\/panwinjet.com\/es\/wp-json\/wp\/v2\/product_cat?post=1708"},{"taxonomy":"product_tag","embeddable":true,"href":"https:\/\/panwinjet.com\/es\/wp-json\/wp\/v2\/product_tag?post=1708"}],"curies":[{"name":"wp","href":"https:\/\/api.w.org\/{rel}","templated":true}]}}