{"id":1701,"date":"2025-10-19T06:31:46","date_gmt":"2025-10-19T06:31:46","guid":{"rendered":"https:\/\/panwinjet.com\/?post_type=product&#038;p=1701"},"modified":"2025-10-19T06:31:47","modified_gmt":"2025-10-19T06:31:47","slug":"3000bar-uhp-triple-plunge-pump-hydro-jetting-water-blasting-cleaning-aluminum-concrete-formwork-rotary-nozzle-2","status":"publish","type":"product","link":"https:\/\/panwinjet.com\/es\/producto\/3000bar-uhp-triple-plunge-pump-hydro-jetting-water-blasting-cleaning-aluminum-concrete-formwork-rotary-nozzle-2\/","title":{"rendered":"Bomba de triple inmersi\u00f3n UHP de 3000 bar para limpieza con chorro de agua a presi\u00f3n de aluminio y hormig\u00f3n. Boquilla rotativa."},"content":{"rendered":"<p><strong><b>Caracter\u00edsticas y aplicaciones de la bomba de triple inmersi\u00f3n UHP de 3000 bar: limpieza con chorro de agua a presi\u00f3n, encofrado de aluminio y hormig\u00f3n, boquilla rotativa.<\/b><\/strong><\/p>\n<p>Para la bomba de triple inmersi\u00f3n UHP de 3000 bar, limpieza con chorro de agua a presi\u00f3n de aluminio y hormig\u00f3n, boquilla rotativa. Las bases de las boquillas en ambos extremos se pueden procesar en cualquier \u00e1ngulo de pulverizaci\u00f3n de limpieza, con una presi\u00f3n m\u00e1xima de 3000 bar y niveles de presi\u00f3n opcionales de 500 bar, 1500 bar y 3000 bar.<\/p>\n<p>Aplicaci\u00f3n de estas boquillas rotativas<\/p>\n<p>Solicitud:<\/p>\n<p>Industria de la construcci\u00f3n con chorro de agua a ultra alta presi\u00f3n<\/p>\n<p>Chorro de agua a presi\u00f3n por agua para la industria del hierro, el acero y los metales<\/p>\n<p>Ingenier\u00eda mec\u00e1nica y de aparatos para hidrolavadoras de alta presi\u00f3n<\/p>\n<p>Industria del cemento y el hormig\u00f3n<\/p>\n<p>Limpieza de superficies con barracuda de alta presi\u00f3n<\/p>\n<p>Piezas para equipos de limpieza UHP Hydro Jet<\/p>\n<p>Barras pulverizadoras de limpieza industrial<\/p>\n<p>M\u00e1quina de hidrolavado para la industria de refinaci\u00f3n de petr\u00f3leo<\/p>\n<p>Limpieza de superficies con chorro de agua a presi\u00f3n, limpieza de tanques y recipientes.<\/p>\n<p>Limpieza del intercambiador de calor,<\/p>\n<p>Limpieza de pintura de autom\u00f3viles, limpieza de la industria minera, limpieza de f\u00e1bricas de acero, etc.<\/p>\n<p>Equipos de limpieza de alcantarillado de alta presi\u00f3n para redes de tuber\u00edas municipales de suministro de agua y drenaje;<\/p>","protected":false},"excerpt":{"rendered":"<p><strong><b>Introducci\u00f3n de <\/b><\/strong>Bomba de triple inmersi\u00f3n UHP de 3000 bar para limpieza con chorro de agua a presi\u00f3n de aluminio y hormig\u00f3n. Boquilla rotativa.<\/p>\n<p>Esta bomba de triple inmersi\u00f3n UHP de 3000 bar con hidrolavado para limpieza de encofrados de hormig\u00f3n y aluminio con boquilla rotativa es una combinaci\u00f3n de 6 boquillas giratorias de alta presi\u00f3n, que se caracteriza por su aplicaci\u00f3n flexible, alta variabilidad y la capacidad de cambiar la longitud de la varilla de conexi\u00f3n central seg\u00fan el tama\u00f1o del \u00e1rea de limpieza, lo que facilita su uso flexible.<\/p>","protected":false},"featured_media":1702,"template":"","meta":[],"product_brand":[],"product_cat":[10,11,5],"product_tag":[58,60,59],"class_list":{"0":"post-1701","1":"product","2":"type-product","3":"status-publish","4":"has-post-thumbnail","6":"product_cat-pipeline-tube-uhp-water-blasting-cleaning-device","7":"product_cat-ship-cleaning-device","8":"product_cat-uhp-rotating-nozzles","9":"product_tag-3000bar-uhp-triple-plunge-pump","10":"product_tag-cleaning-aluminum-concrete-formwork-rotary-nozzle","11":"product_tag-hydro-jetting-water-blasting","13":"first","14":"instock","15":"shipping-taxable","16":"product-type-simple"},"yoast_head":"<!-- This site is optimized with the Yoast SEO plugin v24.9 - https:\/\/yoast.com\/wordpress\/plugins\/seo\/ -->\n<title>3000Bar UHP Triple plunge Pump Hydro-Jetting water blasting cleaning Aluminum concrete Formwork Rotary nozzle - Panwin Machinery&amp;Equipment<\/title>\n<meta name=\"robots\" content=\"index, follow, max-snippet:-1, max-image-preview:large, max-video-preview:-1\" \/>\n<link rel=\"canonical\" href=\"https:\/\/panwinjet.com\/es\/producto\/3000bar-uhp-triple-plunge-pump-hydro-jetting-water-blasting-cleaning-aluminum-concrete-formwork-rotary-nozzle-2\/\" \/>\n<meta property=\"og:locale\" content=\"es_ES\" \/>\n<meta property=\"og:type\" content=\"article\" \/>\n<meta property=\"og:title\" content=\"3000Bar UHP Triple plunge Pump Hydro-Jetting water blasting cleaning Aluminum concrete Formwork Rotary nozzle - Panwin Machinery&amp;Equipment\" \/>\n<meta property=\"og:description\" content=\"Introduction of 3000Bar UHP Triple plunge Pump \u00a0Hydro-Jetting water blasting cleaning \u00a0Aluminum concrete Formwork Rotary nozzle  This 3000Bar UHP Triple plunge Pump \u00a0Hydro-Jetting water blasting cleaning \u00a0Aluminum concrete Formwork Rotary nozzle\u00a0is a combination of high-pressure rotating nozzles, with a total of 6 nozzles, which has the characteristics of flexible application, high variability, and the ability to change the length of the middle connecting rod according to the size of the cleaning area, and flexible use.\" \/>\n<meta property=\"og:url\" content=\"https:\/\/panwinjet.com\/es\/producto\/3000bar-uhp-triple-plunge-pump-hydro-jetting-water-blasting-cleaning-aluminum-concrete-formwork-rotary-nozzle-2\/\" \/>\n<meta property=\"og:site_name\" content=\"Panwin Machinery&amp;Equipment\" \/>\n<meta property=\"article:modified_time\" content=\"2025-10-19T06:31:47+00:00\" \/>\n<meta property=\"og:image\" content=\"https:\/\/panwinjet.com\/wp-content\/uploads\/2025\/10\/2.png\" \/>\n\t<meta property=\"og:image:width\" content=\"610\" \/>\n\t<meta property=\"og:image:height\" content=\"543\" \/>\n\t<meta property=\"og:image:type\" content=\"image\/png\" \/>\n<meta name=\"twitter:card\" content=\"summary_large_image\" \/>\n<meta name=\"twitter:label1\" content=\"Tiempo de lectura\" \/>\n\t<meta name=\"twitter:data1\" content=\"1 minuto\" \/>\n<script type=\"application\/ld+json\" class=\"yoast-schema-graph\">{\"@context\":\"https:\/\/schema.org\",\"@graph\":[{\"@type\":\"WebPage\",\"@id\":\"https:\/\/panwinjet.com\/product\/3000bar-uhp-triple-plunge-pump-hydro-jetting-water-blasting-cleaning-aluminum-concrete-formwork-rotary-nozzle-2\/\",\"url\":\"https:\/\/panwinjet.com\/product\/3000bar-uhp-triple-plunge-pump-hydro-jetting-water-blasting-cleaning-aluminum-concrete-formwork-rotary-nozzle-2\/\",\"name\":\"3000Bar UHP Triple plunge Pump Hydro-Jetting water blasting cleaning Aluminum concrete Formwork Rotary nozzle - Panwin Machinery&amp;Equipment\",\"isPartOf\":{\"@id\":\"https:\/\/panwinjet.com\/#website\"},\"primaryImageOfPage\":{\"@id\":\"https:\/\/panwinjet.com\/product\/3000bar-uhp-triple-plunge-pump-hydro-jetting-water-blasting-cleaning-aluminum-concrete-formwork-rotary-nozzle-2\/#primaryimage\"},\"image\":{\"@id\":\"https:\/\/panwinjet.com\/product\/3000bar-uhp-triple-plunge-pump-hydro-jetting-water-blasting-cleaning-aluminum-concrete-formwork-rotary-nozzle-2\/#primaryimage\"},\"thumbnailUrl\":\"https:\/\/panwinjet.com\/wp-content\/uploads\/2025\/10\/2.png\",\"datePublished\":\"2025-10-19T06:31:46+00:00\",\"dateModified\":\"2025-10-19T06:31:47+00:00\",\"breadcrumb\":{\"@id\":\"https:\/\/panwinjet.com\/product\/3000bar-uhp-triple-plunge-pump-hydro-jetting-water-blasting-cleaning-aluminum-concrete-formwork-rotary-nozzle-2\/#breadcrumb\"},\"inLanguage\":\"es\",\"potentialAction\":[{\"@type\":\"ReadAction\",\"target\":[\"https:\/\/panwinjet.com\/product\/3000bar-uhp-triple-plunge-pump-hydro-jetting-water-blasting-cleaning-aluminum-concrete-formwork-rotary-nozzle-2\/\"]}]},{\"@type\":\"ImageObject\",\"inLanguage\":\"es\",\"@id\":\"https:\/\/panwinjet.com\/product\/3000bar-uhp-triple-plunge-pump-hydro-jetting-water-blasting-cleaning-aluminum-concrete-formwork-rotary-nozzle-2\/#primaryimage\",\"url\":\"https:\/\/panwinjet.com\/wp-content\/uploads\/2025\/10\/2.png\",\"contentUrl\":\"https:\/\/panwinjet.com\/wp-content\/uploads\/2025\/10\/2.png\",\"width\":610,\"height\":543},{\"@type\":\"BreadcrumbList\",\"@id\":\"https:\/\/panwinjet.com\/product\/3000bar-uhp-triple-plunge-pump-hydro-jetting-water-blasting-cleaning-aluminum-concrete-formwork-rotary-nozzle-2\/#breadcrumb\",\"itemListElement\":[{\"@type\":\"ListItem\",\"position\":1,\"name\":\"\u9996\u9875\",\"item\":\"https:\/\/panwinjet.com\/\"},{\"@type\":\"ListItem\",\"position\":2,\"name\":\"PRODUCT\",\"item\":\"https:\/\/panwinjet.com\/product\/\"},{\"@type\":\"ListItem\",\"position\":3,\"name\":\"3000Bar UHP Triple plunge Pump Hydro-Jetting water blasting cleaning Aluminum concrete Formwork Rotary nozzle\"}]},{\"@type\":\"WebSite\",\"@id\":\"https:\/\/panwinjet.com\/#website\",\"url\":\"https:\/\/panwinjet.com\/\",\"name\":\"Panwin Machinery&amp;Equipment\",\"description\":\"Shenzhen Panwin Machinery&amp;Equipment Co.Ltd\",\"potentialAction\":[{\"@type\":\"SearchAction\",\"target\":{\"@type\":\"EntryPoint\",\"urlTemplate\":\"https:\/\/panwinjet.com\/?s={search_term_string}\"},\"query-input\":{\"@type\":\"PropertyValueSpecification\",\"valueRequired\":true,\"valueName\":\"search_term_string\"}}],\"inLanguage\":\"es\"}]}<\/script>\n<!-- \/ Yoast SEO plugin. -->","yoast_head_json":{"title":"3000Bar UHP Triple plunge Pump Hydro-Jetting water blasting cleaning Aluminum concrete Formwork Rotary nozzle - Panwin Machinery&amp;Equipment","robots":{"index":"index","follow":"follow","max-snippet":"max-snippet:-1","max-image-preview":"max-image-preview:large","max-video-preview":"max-video-preview:-1"},"canonical":"https:\/\/panwinjet.com\/es\/producto\/3000bar-uhp-triple-plunge-pump-hydro-jetting-water-blasting-cleaning-aluminum-concrete-formwork-rotary-nozzle-2\/","og_locale":"es_ES","og_type":"article","og_title":"3000Bar UHP Triple plunge Pump Hydro-Jetting water blasting cleaning Aluminum concrete Formwork Rotary nozzle - Panwin Machinery&amp;Equipment","og_description":"Introduction of 3000Bar UHP Triple plunge Pump \u00a0Hydro-Jetting water blasting cleaning \u00a0Aluminum concrete Formwork Rotary nozzle  This 3000Bar UHP Triple plunge Pump \u00a0Hydro-Jetting water blasting cleaning \u00a0Aluminum concrete Formwork Rotary nozzle\u00a0is a combination of high-pressure rotating nozzles, with a total of 6 nozzles, which has the characteristics of flexible application, high variability, and the ability to change the length of the middle connecting rod according to the size of the cleaning area, and flexible use.","og_url":"https:\/\/panwinjet.com\/es\/producto\/3000bar-uhp-triple-plunge-pump-hydro-jetting-water-blasting-cleaning-aluminum-concrete-formwork-rotary-nozzle-2\/","og_site_name":"Panwin Machinery&amp;Equipment","article_modified_time":"2025-10-19T06:31:47+00:00","og_image":[{"width":610,"height":543,"url":"https:\/\/panwinjet.com\/wp-content\/uploads\/2025\/10\/2.png","type":"image\/png"}],"twitter_card":"summary_large_image","twitter_misc":{"Tiempo de lectura":"1 minuto"},"schema":{"@context":"https:\/\/schema.org","@graph":[{"@type":"WebPage","@id":"https:\/\/panwinjet.com\/product\/3000bar-uhp-triple-plunge-pump-hydro-jetting-water-blasting-cleaning-aluminum-concrete-formwork-rotary-nozzle-2\/","url":"https:\/\/panwinjet.com\/product\/3000bar-uhp-triple-plunge-pump-hydro-jetting-water-blasting-cleaning-aluminum-concrete-formwork-rotary-nozzle-2\/","name":"3000Bar UHP Triple plunge Pump Hydro-Jetting water blasting cleaning Aluminum concrete Formwork Rotary nozzle - Panwin Machinery&amp;Equipment","isPartOf":{"@id":"https:\/\/panwinjet.com\/#website"},"primaryImageOfPage":{"@id":"https:\/\/panwinjet.com\/product\/3000bar-uhp-triple-plunge-pump-hydro-jetting-water-blasting-cleaning-aluminum-concrete-formwork-rotary-nozzle-2\/#primaryimage"},"image":{"@id":"https:\/\/panwinjet.com\/product\/3000bar-uhp-triple-plunge-pump-hydro-jetting-water-blasting-cleaning-aluminum-concrete-formwork-rotary-nozzle-2\/#primaryimage"},"thumbnailUrl":"https:\/\/panwinjet.com\/wp-content\/uploads\/2025\/10\/2.png","datePublished":"2025-10-19T06:31:46+00:00","dateModified":"2025-10-19T06:31:47+00:00","breadcrumb":{"@id":"https:\/\/panwinjet.com\/product\/3000bar-uhp-triple-plunge-pump-hydro-jetting-water-blasting-cleaning-aluminum-concrete-formwork-rotary-nozzle-2\/#breadcrumb"},"inLanguage":"es","potentialAction":[{"@type":"ReadAction","target":["https:\/\/panwinjet.com\/product\/3000bar-uhp-triple-plunge-pump-hydro-jetting-water-blasting-cleaning-aluminum-concrete-formwork-rotary-nozzle-2\/"]}]},{"@type":"ImageObject","inLanguage":"es","@id":"https:\/\/panwinjet.com\/product\/3000bar-uhp-triple-plunge-pump-hydro-jetting-water-blasting-cleaning-aluminum-concrete-formwork-rotary-nozzle-2\/#primaryimage","url":"https:\/\/panwinjet.com\/wp-content\/uploads\/2025\/10\/2.png","contentUrl":"https:\/\/panwinjet.com\/wp-content\/uploads\/2025\/10\/2.png","width":610,"height":543},{"@type":"BreadcrumbList","@id":"https:\/\/panwinjet.com\/product\/3000bar-uhp-triple-plunge-pump-hydro-jetting-water-blasting-cleaning-aluminum-concrete-formwork-rotary-nozzle-2\/#breadcrumb","itemListElement":[{"@type":"ListItem","position":1,"name":"\u9996\u9875","item":"https:\/\/panwinjet.com\/"},{"@type":"ListItem","position":2,"name":"PRODUCT","item":"https:\/\/panwinjet.com\/product\/"},{"@type":"ListItem","position":3,"name":"3000Bar UHP Triple plunge Pump Hydro-Jetting water blasting cleaning Aluminum concrete Formwork Rotary nozzle"}]},{"@type":"WebSite","@id":"https:\/\/panwinjet.com\/#website","url":"https:\/\/panwinjet.com\/","name":"Panwin Machinery&amp;Equipment","description":"Shenzhen Panwin Machinery&amp;Equipment Co.Ltd","potentialAction":[{"@type":"SearchAction","target":{"@type":"EntryPoint","urlTemplate":"https:\/\/panwinjet.com\/?s={search_term_string}"},"query-input":{"@type":"PropertyValueSpecification","valueRequired":true,"valueName":"search_term_string"}}],"inLanguage":"es"}]}},"_links":{"self":[{"href":"https:\/\/panwinjet.com\/es\/wp-json\/wp\/v2\/product\/1701","targetHints":{"allow":["GET"]}}],"collection":[{"href":"https:\/\/panwinjet.com\/es\/wp-json\/wp\/v2\/product"}],"about":[{"href":"https:\/\/panwinjet.com\/es\/wp-json\/wp\/v2\/types\/product"}],"wp:featuredmedia":[{"embeddable":true,"href":"https:\/\/panwinjet.com\/es\/wp-json\/wp\/v2\/media\/1702"}],"wp:attachment":[{"href":"https:\/\/panwinjet.com\/es\/wp-json\/wp\/v2\/media?parent=1701"}],"wp:term":[{"taxonomy":"product_brand","embeddable":true,"href":"https:\/\/panwinjet.com\/es\/wp-json\/wp\/v2\/product_brand?post=1701"},{"taxonomy":"product_cat","embeddable":true,"href":"https:\/\/panwinjet.com\/es\/wp-json\/wp\/v2\/product_cat?post=1701"},{"taxonomy":"product_tag","embeddable":true,"href":"https:\/\/panwinjet.com\/es\/wp-json\/wp\/v2\/product_tag?post=1701"}],"curies":[{"name":"wp","href":"https:\/\/api.w.org\/{rel}","templated":true}]}}