{"id":169,"date":"2025-05-25T04:36:41","date_gmt":"2025-05-25T04:36:41","guid":{"rendered":"https:\/\/panwinjet.com\/?post_type=product&#038;p=169"},"modified":"2025-05-25T04:48:50","modified_gmt":"2025-05-25T04:48:50","slug":"25-pipeline-hydro-jet-blasting-cleaning-machine-parts-for-woma-uni-valve-new-model","status":"publish","type":"product","link":"https:\/\/panwinjet.com\/es\/producto\/25-pipeline-hydro-jet-blasting-cleaning-machine-parts-for-woma-uni-valve-new-model\/","title":{"rendered":"25 piezas para m\u00e1quina de limpieza por chorro de agua a presi\u00f3n de tuber\u00edas para WOMA Uni-Valve Nuevo Modelo"},"content":{"rendered":"<p><strong><b>Piezas de repuesto para la m\u00e1quina de limpieza por chorro de agua a presi\u00f3n de tuber\u00edas WOMA Uni-Valve Nuevo Modelo<\/b><\/strong><\/p>\n<p><strong><b>1.<\/b><\/strong><strong><b>Presentaci\u00f3n de productos: piezas para la m\u00e1quina de limpieza por chorro de agua a presi\u00f3n de tuber\u00edas para WOMA Uni-Valve<\/b><\/strong><strong><b>\u00a0Conjuntos de cartuchos<\/b><\/strong><strong><b>\u00a0Nuevo modelo<\/b><\/strong><\/p>\n<p>Las piezas para la m\u00e1quina de limpieza por chorro de agua a presi\u00f3n de tuber\u00edas para el nuevo modelo WOMA Uni-Valve han sido fabricadas para una gran variedad de tareas de limpieza de superficies, y se utilizan en las bombas de chorro de agua a alta presi\u00f3n WOMA.<\/p>\n<p><strong><b>2. Par\u00e1metros del producto (especificaci\u00f3n) <\/b><\/strong><strong><b>Piezas de repuesto para la m\u00e1quina de limpieza por chorro de agua a presi\u00f3n de tuber\u00edas WOMA Uni-Valve Nuevo Modelo<\/b><\/strong><\/p>\n<p>Los conjuntos de cartuchos Panwin Uni-Valve para WOMA est\u00e1n fabricados con acero inoxidable de alta calidad y un tratamiento t\u00e9rmico superior para una calidad excelente.<\/p>\n<p><strong><b>3. Caracter\u00edsticas y aplicaciones del producto <\/b><\/strong><strong><b>Piezas de repuesto para la m\u00e1quina de limpieza por chorro de agua a presi\u00f3n de tuber\u00edas WOMA Uni-Valve Nuevo Modelo<\/b><\/strong><\/p>\n<p>Las piezas para la m\u00e1quina de limpieza por chorro de agua a presi\u00f3n de tuber\u00edas para el nuevo modelo WOMA Uni-Valve son componentes clave de la bomba de chorro de agua WOMA; son de calidad estable y alta eficiencia, y presentan las siguientes caracter\u00edsticas:<\/p>\n<ul>\n<li>Acero inoxidable de calidad distintiva<\/li>\n<li>Excelente mano de obra<\/li>\n<li>Tolerancia de sellado ajustada<\/li>\n<\/ul>\n<p><strong><b>Solicitud:<\/b><\/strong><\/p>\n<p>Este repuesto para la m\u00e1quina de limpieza por chorro de agua a presi\u00f3n de tuber\u00edas WOMA Uni-Valve New Model se aplica a la bomba de presi\u00f3n de nuevo estilo de WOMA; se trata de componentes clave y un dise\u00f1o de vanguardia.<\/p>\n<p>La bomba puede utilizarse ampliamente en la limpieza de superficies, limpieza de tanques y recipientes, limpieza de pintura automotriz, limpieza en la industria minera, limpieza en la fabricaci\u00f3n de acero, industria de la construcci\u00f3n, etc.<\/p>\n<p><strong><b>4. Detalles del producto<\/b><\/strong><strong><b>\u00a0<\/b><\/strong><strong><b>Piezas de repuesto para la m\u00e1quina de limpieza por chorro de agua a presi\u00f3n de tuber\u00edas WOMA Uni-Valve Nuevo Modelo<\/b><\/strong><\/p>\n<p><strong><b>5. Calificaci\u00f3n del producto<\/b><\/strong>\u00a0<strong><b>Piezas de repuesto para la m\u00e1quina de limpieza por chorro de agua a presi\u00f3n de tuber\u00edas WOMA Uni-Valve Nuevo Modelo<\/b><\/strong><\/p>\n<ol start=\"6\">\n<li><b><\/b><strong><b>Entrega, env\u00edo y servicio de<\/b><\/strong><strong><b>Piezas de repuesto para la m\u00e1quina de limpieza por chorro de agua a presi\u00f3n de tuber\u00edas WOMA Uni-Valve Nuevo Modelo<\/b><\/strong><\/li>\n<\/ol>\n<p>Para estas piezas de la m\u00e1quina de limpieza por chorro de agua a presi\u00f3n para tuber\u00edas, para conjuntos de cartuchos WOMA Uni-Valve de nuevo modelo, el costo del flete no est\u00e1 incluido en el precio y depende del m\u00e9todo de env\u00edo: a\u00e9reo, mar\u00edtimo o ferroviario. El flete var\u00eda seg\u00fan la regi\u00f3n. Los productos no incluyen los costos de flete ni de embalaje en marco de madera.<\/p>\n<p>Para art\u00edculos de tama\u00f1o mediano como desatascadores, boquillas de limpieza de tuber\u00edas de 4&quot; y 6&quot;, boquillas autorrotativas, etc., los embalaremos en una caja de pl\u00e1stico resistente y los cubriremos con espuma gruesa para evitar cualquier da\u00f1o, y luego los embalaremos en una caja de cart\u00f3n o madera contrachapada seg\u00fan lo solicite el cliente.<\/p>\n<p>Para las piezas peque\u00f1as, como boquillas M10, boquillas 3\/8-24, diversos accesorios de sellado, etc., utilizaremos bolsas de polietileno gruesas o bolsas de burbujas y las cubriremos con espuma gruesa para evitar cualquier posible da\u00f1o, y las colocaremos en cajas de cart\u00f3n o madera contrachapada seg\u00fan lo soliciten los clientes.<\/p>\n<p>&nbsp;<\/p>\n<ol start=\"7\">\n<li><b><\/b><strong><b>Preguntas frecuentes<\/b><\/strong><\/li>\n<\/ol>\n<p><strong>5. \u00bfQu\u00e9 importancia tiene mantener limpias las boquillas?<\/strong><\/p>\n<p>En el proceso de limpieza con agua a presi\u00f3n, una boquilla obstruida no tendr\u00e1 un buen efecto de limpieza, y las boquillas obstruidas tambi\u00e9n pueden aumentar la presi\u00f3n inversa en la bomba de potencia y causar da\u00f1os a la bomba, por lo que es importante limpiar regularmente o incluso reemplazar las boquillas.<\/p>\n<p><strong><b>6. \u00bfCon qu\u00e9 frecuencia debemos cambiar las boquillas?<\/b><\/strong><\/p>\n<p>La frecuencia con la que hay que cambiar las boquillas depende en gran medida del tiempo de uso de la m\u00e1quina. Recomendamos que, si nota una disminuci\u00f3n gradual de la presi\u00f3n, revise y limpie las boquillas; si el problema persiste, deber\u00e1 cambiarlas, ya que, por lo general, no todas se desgastan a la vez.<\/p>","protected":false},"excerpt":{"rendered":"<p>Pipeline hydro Jet blasting cleaning machine parts for WOMA Uni-Valve New Model 1.Product Introduction of Pipeline hydro Jet blasting cleaning machine parts for WOMA Uni-Valve\u00a0cartridge Assemblies\u00a0New<span class=\"excerpt-hellip\"> [\u2026]<\/span><\/p>","protected":false},"featured_media":172,"template":"","meta":[],"product_brand":[],"product_cat":[6],"product_tag":[],"class_list":{"0":"post-169","1":"product","2":"type-product","3":"status-publish","4":"has-post-thumbnail","6":"product_cat-uni-valves-for-uhp-pump","8":"first","9":"instock","10":"shipping-taxable","11":"product-type-external"},"yoast_head":"<!-- This site is optimized with the Yoast SEO plugin v24.9 - https:\/\/yoast.com\/wordpress\/plugins\/seo\/ -->\n<title>25-Pipeline hydro Jet blasting cleaning machine parts for WOMA Uni-Valve New Model - Panwin Machinery&amp;Equipment<\/title>\n<meta name=\"robots\" content=\"index, follow, max-snippet:-1, max-image-preview:large, max-video-preview:-1\" \/>\n<link rel=\"canonical\" href=\"https:\/\/panwinjet.com\/es\/producto\/25-pipeline-hydro-jet-blasting-cleaning-machine-parts-for-woma-uni-valve-new-model\/\" \/>\n<meta property=\"og:locale\" content=\"es_ES\" \/>\n<meta property=\"og:type\" content=\"article\" \/>\n<meta property=\"og:title\" content=\"25-Pipeline hydro Jet blasting cleaning machine parts for WOMA Uni-Valve New Model - Panwin Machinery&amp;Equipment\" \/>\n<meta property=\"og:description\" content=\"Pipeline hydro Jet blasting cleaning machine parts for WOMA Uni-Valve New Model 1.Product Introduction of Pipeline hydro Jet blasting cleaning machine parts for WOMA Uni-Valve\u00a0cartridge Assemblies\u00a0New [\u2026]\" \/>\n<meta property=\"og:url\" content=\"https:\/\/panwinjet.com\/es\/producto\/25-pipeline-hydro-jet-blasting-cleaning-machine-parts-for-woma-uni-valve-new-model\/\" \/>\n<meta property=\"og:site_name\" content=\"Panwin Machinery&amp;Equipment\" \/>\n<meta property=\"article:modified_time\" content=\"2025-05-25T04:48:50+00:00\" \/>\n<meta property=\"og:image\" content=\"https:\/\/panwinjet.com\/wp-content\/uploads\/2025\/05\/WOMA-Uni-Valve.png\" \/>\n\t<meta property=\"og:image:width\" content=\"1200\" \/>\n\t<meta property=\"og:image:height\" content=\"1093\" \/>\n\t<meta property=\"og:image:type\" content=\"image\/png\" \/>\n<meta name=\"twitter:card\" content=\"summary_large_image\" \/>\n<meta name=\"twitter:label1\" content=\"Tiempo de lectura\" \/>\n\t<meta name=\"twitter:data1\" content=\"3 minutos\" \/>\n<script type=\"application\/ld+json\" class=\"yoast-schema-graph\">{\"@context\":\"https:\/\/schema.org\",\"@graph\":[{\"@type\":\"WebPage\",\"@id\":\"https:\/\/panwinjet.com\/product\/25-pipeline-hydro-jet-blasting-cleaning-machine-parts-for-woma-uni-valve-new-model\/\",\"url\":\"https:\/\/panwinjet.com\/product\/25-pipeline-hydro-jet-blasting-cleaning-machine-parts-for-woma-uni-valve-new-model\/\",\"name\":\"25-Pipeline hydro Jet blasting cleaning machine parts for WOMA Uni-Valve New Model - Panwin Machinery&amp;Equipment\",\"isPartOf\":{\"@id\":\"https:\/\/panwinjet.com\/#website\"},\"primaryImageOfPage\":{\"@id\":\"https:\/\/panwinjet.com\/product\/25-pipeline-hydro-jet-blasting-cleaning-machine-parts-for-woma-uni-valve-new-model\/#primaryimage\"},\"image\":{\"@id\":\"https:\/\/panwinjet.com\/product\/25-pipeline-hydro-jet-blasting-cleaning-machine-parts-for-woma-uni-valve-new-model\/#primaryimage\"},\"thumbnailUrl\":\"https:\/\/panwinjet.com\/wp-content\/uploads\/2025\/05\/WOMA-Uni-Valve.png\",\"datePublished\":\"2025-05-25T04:36:41+00:00\",\"dateModified\":\"2025-05-25T04:48:50+00:00\",\"breadcrumb\":{\"@id\":\"https:\/\/panwinjet.com\/product\/25-pipeline-hydro-jet-blasting-cleaning-machine-parts-for-woma-uni-valve-new-model\/#breadcrumb\"},\"inLanguage\":\"es\",\"potentialAction\":[{\"@type\":\"ReadAction\",\"target\":[\"https:\/\/panwinjet.com\/product\/25-pipeline-hydro-jet-blasting-cleaning-machine-parts-for-woma-uni-valve-new-model\/\"]}]},{\"@type\":\"ImageObject\",\"inLanguage\":\"es\",\"@id\":\"https:\/\/panwinjet.com\/product\/25-pipeline-hydro-jet-blasting-cleaning-machine-parts-for-woma-uni-valve-new-model\/#primaryimage\",\"url\":\"https:\/\/panwinjet.com\/wp-content\/uploads\/2025\/05\/WOMA-Uni-Valve.png\",\"contentUrl\":\"https:\/\/panwinjet.com\/wp-content\/uploads\/2025\/05\/WOMA-Uni-Valve.png\",\"width\":1200,\"height\":1093},{\"@type\":\"BreadcrumbList\",\"@id\":\"https:\/\/panwinjet.com\/product\/25-pipeline-hydro-jet-blasting-cleaning-machine-parts-for-woma-uni-valve-new-model\/#breadcrumb\",\"itemListElement\":[{\"@type\":\"ListItem\",\"position\":1,\"name\":\"\u9996\u9875\",\"item\":\"https:\/\/panwinjet.com\/\"},{\"@type\":\"ListItem\",\"position\":2,\"name\":\"PRODUCT\",\"item\":\"https:\/\/panwinjet.com\/product\/\"},{\"@type\":\"ListItem\",\"position\":3,\"name\":\"25-Pipeline hydro Jet blasting cleaning machine parts for WOMA Uni-Valve New Model\"}]},{\"@type\":\"WebSite\",\"@id\":\"https:\/\/panwinjet.com\/#website\",\"url\":\"https:\/\/panwinjet.com\/\",\"name\":\"Panwin Machinery&amp;Equipment\",\"description\":\"Shenzhen Panwin Machinery&amp;Equipment Co.Ltd\",\"potentialAction\":[{\"@type\":\"SearchAction\",\"target\":{\"@type\":\"EntryPoint\",\"urlTemplate\":\"https:\/\/panwinjet.com\/?s={search_term_string}\"},\"query-input\":{\"@type\":\"PropertyValueSpecification\",\"valueRequired\":true,\"valueName\":\"search_term_string\"}}],\"inLanguage\":\"es\"}]}<\/script>\n<!-- \/ Yoast SEO plugin. -->","yoast_head_json":{"title":"25-Pipeline hydro Jet blasting cleaning machine parts for WOMA Uni-Valve New Model - Panwin Machinery&amp;Equipment","robots":{"index":"index","follow":"follow","max-snippet":"max-snippet:-1","max-image-preview":"max-image-preview:large","max-video-preview":"max-video-preview:-1"},"canonical":"https:\/\/panwinjet.com\/es\/producto\/25-pipeline-hydro-jet-blasting-cleaning-machine-parts-for-woma-uni-valve-new-model\/","og_locale":"es_ES","og_type":"article","og_title":"25-Pipeline hydro Jet blasting cleaning machine parts for WOMA Uni-Valve New Model - Panwin Machinery&amp;Equipment","og_description":"Pipeline hydro Jet blasting cleaning machine parts for WOMA Uni-Valve New Model 1.Product Introduction of Pipeline hydro Jet blasting cleaning machine parts for WOMA Uni-Valve\u00a0cartridge Assemblies\u00a0New [\u2026]","og_url":"https:\/\/panwinjet.com\/es\/producto\/25-pipeline-hydro-jet-blasting-cleaning-machine-parts-for-woma-uni-valve-new-model\/","og_site_name":"Panwin Machinery&amp;Equipment","article_modified_time":"2025-05-25T04:48:50+00:00","og_image":[{"width":1200,"height":1093,"url":"https:\/\/panwinjet.com\/wp-content\/uploads\/2025\/05\/WOMA-Uni-Valve.png","type":"image\/png"}],"twitter_card":"summary_large_image","twitter_misc":{"Tiempo de lectura":"3 minutos"},"schema":{"@context":"https:\/\/schema.org","@graph":[{"@type":"WebPage","@id":"https:\/\/panwinjet.com\/product\/25-pipeline-hydro-jet-blasting-cleaning-machine-parts-for-woma-uni-valve-new-model\/","url":"https:\/\/panwinjet.com\/product\/25-pipeline-hydro-jet-blasting-cleaning-machine-parts-for-woma-uni-valve-new-model\/","name":"25-Pipeline hydro Jet blasting cleaning machine parts for WOMA Uni-Valve New Model - Panwin Machinery&amp;Equipment","isPartOf":{"@id":"https:\/\/panwinjet.com\/#website"},"primaryImageOfPage":{"@id":"https:\/\/panwinjet.com\/product\/25-pipeline-hydro-jet-blasting-cleaning-machine-parts-for-woma-uni-valve-new-model\/#primaryimage"},"image":{"@id":"https:\/\/panwinjet.com\/product\/25-pipeline-hydro-jet-blasting-cleaning-machine-parts-for-woma-uni-valve-new-model\/#primaryimage"},"thumbnailUrl":"https:\/\/panwinjet.com\/wp-content\/uploads\/2025\/05\/WOMA-Uni-Valve.png","datePublished":"2025-05-25T04:36:41+00:00","dateModified":"2025-05-25T04:48:50+00:00","breadcrumb":{"@id":"https:\/\/panwinjet.com\/product\/25-pipeline-hydro-jet-blasting-cleaning-machine-parts-for-woma-uni-valve-new-model\/#breadcrumb"},"inLanguage":"es","potentialAction":[{"@type":"ReadAction","target":["https:\/\/panwinjet.com\/product\/25-pipeline-hydro-jet-blasting-cleaning-machine-parts-for-woma-uni-valve-new-model\/"]}]},{"@type":"ImageObject","inLanguage":"es","@id":"https:\/\/panwinjet.com\/product\/25-pipeline-hydro-jet-blasting-cleaning-machine-parts-for-woma-uni-valve-new-model\/#primaryimage","url":"https:\/\/panwinjet.com\/wp-content\/uploads\/2025\/05\/WOMA-Uni-Valve.png","contentUrl":"https:\/\/panwinjet.com\/wp-content\/uploads\/2025\/05\/WOMA-Uni-Valve.png","width":1200,"height":1093},{"@type":"BreadcrumbList","@id":"https:\/\/panwinjet.com\/product\/25-pipeline-hydro-jet-blasting-cleaning-machine-parts-for-woma-uni-valve-new-model\/#breadcrumb","itemListElement":[{"@type":"ListItem","position":1,"name":"\u9996\u9875","item":"https:\/\/panwinjet.com\/"},{"@type":"ListItem","position":2,"name":"PRODUCT","item":"https:\/\/panwinjet.com\/product\/"},{"@type":"ListItem","position":3,"name":"25-Pipeline hydro Jet blasting cleaning machine parts for WOMA Uni-Valve New Model"}]},{"@type":"WebSite","@id":"https:\/\/panwinjet.com\/#website","url":"https:\/\/panwinjet.com\/","name":"Panwin Machinery&amp;Equipment","description":"Shenzhen Panwin Machinery&amp;Equipment Co.Ltd","potentialAction":[{"@type":"SearchAction","target":{"@type":"EntryPoint","urlTemplate":"https:\/\/panwinjet.com\/?s={search_term_string}"},"query-input":{"@type":"PropertyValueSpecification","valueRequired":true,"valueName":"search_term_string"}}],"inLanguage":"es"}]}},"_links":{"self":[{"href":"https:\/\/panwinjet.com\/es\/wp-json\/wp\/v2\/product\/169","targetHints":{"allow":["GET"]}}],"collection":[{"href":"https:\/\/panwinjet.com\/es\/wp-json\/wp\/v2\/product"}],"about":[{"href":"https:\/\/panwinjet.com\/es\/wp-json\/wp\/v2\/types\/product"}],"wp:featuredmedia":[{"embeddable":true,"href":"https:\/\/panwinjet.com\/es\/wp-json\/wp\/v2\/media\/172"}],"wp:attachment":[{"href":"https:\/\/panwinjet.com\/es\/wp-json\/wp\/v2\/media?parent=169"}],"wp:term":[{"taxonomy":"product_brand","embeddable":true,"href":"https:\/\/panwinjet.com\/es\/wp-json\/wp\/v2\/product_brand?post=169"},{"taxonomy":"product_cat","embeddable":true,"href":"https:\/\/panwinjet.com\/es\/wp-json\/wp\/v2\/product_cat?post=169"},{"taxonomy":"product_tag","embeddable":true,"href":"https:\/\/panwinjet.com\/es\/wp-json\/wp\/v2\/product_tag?post=169"}],"curies":[{"name":"wp","href":"https:\/\/api.w.org\/{rel}","templated":true}]}}