{"id":1674,"date":"2025-10-19T06:07:11","date_gmt":"2025-10-19T06:07:11","guid":{"rendered":"https:\/\/panwinjet.com\/?post_type=product&#038;p=1674"},"modified":"2025-10-19T06:07:11","modified_gmt":"2025-10-19T06:07:11","slug":"40000psi-hydro-water-blasting-surface-cleaning-bc-rotating-nozzles-head-2-hole4-hole-2","status":"publish","type":"product","link":"https:\/\/panwinjet.com\/es\/producto\/40000psi-hydro-water-blasting-surface-cleaning-bc-rotating-nozzles-head-2-hole4-hole-2\/","title":{"rendered":"Limpieza de superficies con chorro de agua a presi\u00f3n de 40000 psi. Cabezal con boquillas giratorias BC de 2 y 4 orificios."},"content":{"rendered":"<p><strong><b>Caracter\u00edsticas y aplicaciones de <\/b><\/strong><strong><b>Limpieza de superficies con chorro de agua a 40000 psi BC <\/b><\/strong><strong><b>Giratorio<\/b><\/strong><strong><b>\u00a0<\/b><\/strong><strong><b>Boquillas <\/b><\/strong><strong><b>Cabeza 2 Hoyos, 4<\/b><\/strong><strong><b>\u00a0<\/b><\/strong><strong><b>Agujero<\/b><\/strong><\/p>\n<p>El cabezal de boquillas giratorias BC de 2 y 4 orificios para limpieza de superficies con chorro de agua a presi\u00f3n de 40000 psi tiene funci\u00f3n de control de velocidad, caracter\u00edsticas de f\u00e1cil servicio, es f\u00e1cil cambiar el cabezal con poco tiempo de servicio, es adaptable con diferentes pistolas de pulverizaci\u00f3n.<\/p>\n<p>Aplicaci\u00f3n: se puede utilizar ampliamente en la limpieza de superficies, limpieza de tanques y recipientes, limpieza de pintura automotriz, limpieza de la industria minera, limpieza de fabricaci\u00f3n de acero, industria de la construcci\u00f3n, etc.<\/p>","protected":false},"excerpt":{"rendered":"<p>Introducci\u00f3n de 40000 psi de chorro de agua para limpieza de superficies con boquillas giratorias BC de 2 y 4 orificios.<\/p>\n<p>Este cabezal de boquillas giratorias BC de 2 y 4 orificios para limpieza de superficies con chorro de agua a presi\u00f3n de 40000 psi est\u00e1 instalado en las boquillas giratorias BC, la presi\u00f3n nominal es de 2800 bar, es de dos boquillas y de cuatro boquillas con dise\u00f1o de protecci\u00f3n de pl\u00e1stico duro, es una boquilla eficiente y multifuncional para limpieza de superficies.<\/p>","protected":false},"featured_media":1680,"template":"","meta":[],"product_brand":[],"product_cat":[10,11,5],"product_tag":[53,52],"class_list":{"0":"post-1674","1":"product","2":"type-product","3":"status-publish","4":"has-post-thumbnail","6":"product_cat-pipeline-tube-uhp-water-blasting-cleaning-device","7":"product_cat-ship-cleaning-device","8":"product_cat-uhp-rotating-nozzles","9":"product_tag-40kpsi-bc-rotary-nozzles-head","10":"product_tag-uhp-bc-rotary-nozzles","12":"first","13":"instock","14":"shipping-taxable","15":"product-type-simple"},"yoast_head":"<!-- This site is optimized with the Yoast SEO plugin v24.9 - https:\/\/yoast.com\/wordpress\/plugins\/seo\/ -->\n<title>40000psi Hydro Water blasting Surface cleaning BC Rotating Nozzles Head 2 Hole,4 Hole - Panwin Machinery&amp;Equipment<\/title>\n<meta name=\"robots\" content=\"index, follow, max-snippet:-1, max-image-preview:large, max-video-preview:-1\" \/>\n<link rel=\"canonical\" href=\"https:\/\/panwinjet.com\/es\/producto\/40000psi-hydro-water-blasting-surface-cleaning-bc-rotating-nozzles-head-2-hole4-hole-2\/\" \/>\n<meta property=\"og:locale\" content=\"es_ES\" \/>\n<meta property=\"og:type\" content=\"article\" \/>\n<meta property=\"og:title\" content=\"40000psi Hydro Water blasting Surface cleaning BC Rotating Nozzles Head 2 Hole,4 Hole - Panwin Machinery&amp;Equipment\" \/>\n<meta property=\"og:description\" content=\"Introduction of 40000psi Hydro Water blasting Surface cleaning BC Rotating Nozzles Head 2 Hole,4 Hole  This 40000psi Hydro Water blasting Surface cleaning BC Rotating Nozzles Head 2 Hole,4 Hole is installed in the BC Rotary nozzles, pressure rated is 2800Bar, it is two nozzles and Four nozzles Type with hard-plastic shield design,it is a Efficient and multifunctional nozzles for surface cleaning.\" \/>\n<meta property=\"og:url\" content=\"https:\/\/panwinjet.com\/es\/producto\/40000psi-hydro-water-blasting-surface-cleaning-bc-rotating-nozzles-head-2-hole4-hole-2\/\" \/>\n<meta property=\"og:site_name\" content=\"Panwin Machinery&amp;Equipment\" \/>\n<meta property=\"og:image\" content=\"https:\/\/panwinjet.com\/wp-content\/uploads\/2025\/10\/IMG_20230424_163121-scaled.jpg\" \/>\n\t<meta property=\"og:image:width\" content=\"2560\" \/>\n\t<meta property=\"og:image:height\" content=\"1920\" \/>\n\t<meta property=\"og:image:type\" content=\"image\/jpeg\" \/>\n<meta name=\"twitter:card\" content=\"summary_large_image\" \/>\n<meta name=\"twitter:label1\" content=\"Tiempo de lectura\" \/>\n\t<meta name=\"twitter:data1\" content=\"1 minuto\" \/>\n<script type=\"application\/ld+json\" class=\"yoast-schema-graph\">{\"@context\":\"https:\/\/schema.org\",\"@graph\":[{\"@type\":\"WebPage\",\"@id\":\"https:\/\/panwinjet.com\/product\/40000psi-hydro-water-blasting-surface-cleaning-bc-rotating-nozzles-head-2-hole4-hole-2\/\",\"url\":\"https:\/\/panwinjet.com\/product\/40000psi-hydro-water-blasting-surface-cleaning-bc-rotating-nozzles-head-2-hole4-hole-2\/\",\"name\":\"40000psi Hydro Water blasting Surface cleaning BC Rotating Nozzles Head 2 Hole,4 Hole - Panwin Machinery&amp;Equipment\",\"isPartOf\":{\"@id\":\"https:\/\/panwinjet.com\/#website\"},\"primaryImageOfPage\":{\"@id\":\"https:\/\/panwinjet.com\/product\/40000psi-hydro-water-blasting-surface-cleaning-bc-rotating-nozzles-head-2-hole4-hole-2\/#primaryimage\"},\"image\":{\"@id\":\"https:\/\/panwinjet.com\/product\/40000psi-hydro-water-blasting-surface-cleaning-bc-rotating-nozzles-head-2-hole4-hole-2\/#primaryimage\"},\"thumbnailUrl\":\"https:\/\/panwinjet.com\/wp-content\/uploads\/2025\/10\/IMG_20230424_163121-scaled.jpg\",\"datePublished\":\"2025-10-19T06:07:11+00:00\",\"breadcrumb\":{\"@id\":\"https:\/\/panwinjet.com\/product\/40000psi-hydro-water-blasting-surface-cleaning-bc-rotating-nozzles-head-2-hole4-hole-2\/#breadcrumb\"},\"inLanguage\":\"es\",\"potentialAction\":[{\"@type\":\"ReadAction\",\"target\":[\"https:\/\/panwinjet.com\/product\/40000psi-hydro-water-blasting-surface-cleaning-bc-rotating-nozzles-head-2-hole4-hole-2\/\"]}]},{\"@type\":\"ImageObject\",\"inLanguage\":\"es\",\"@id\":\"https:\/\/panwinjet.com\/product\/40000psi-hydro-water-blasting-surface-cleaning-bc-rotating-nozzles-head-2-hole4-hole-2\/#primaryimage\",\"url\":\"https:\/\/panwinjet.com\/wp-content\/uploads\/2025\/10\/IMG_20230424_163121-scaled.jpg\",\"contentUrl\":\"https:\/\/panwinjet.com\/wp-content\/uploads\/2025\/10\/IMG_20230424_163121-scaled.jpg\",\"width\":2560,\"height\":1920},{\"@type\":\"BreadcrumbList\",\"@id\":\"https:\/\/panwinjet.com\/product\/40000psi-hydro-water-blasting-surface-cleaning-bc-rotating-nozzles-head-2-hole4-hole-2\/#breadcrumb\",\"itemListElement\":[{\"@type\":\"ListItem\",\"position\":1,\"name\":\"\u9996\u9875\",\"item\":\"https:\/\/panwinjet.com\/\"},{\"@type\":\"ListItem\",\"position\":2,\"name\":\"PRODUCT\",\"item\":\"https:\/\/panwinjet.com\/product\/\"},{\"@type\":\"ListItem\",\"position\":3,\"name\":\"40000psi Hydro Water blasting Surface cleaning BC Rotating Nozzles Head 2 Hole,4 Hole\"}]},{\"@type\":\"WebSite\",\"@id\":\"https:\/\/panwinjet.com\/#website\",\"url\":\"https:\/\/panwinjet.com\/\",\"name\":\"Panwin Machinery&amp;Equipment\",\"description\":\"Shenzhen Panwin Machinery&amp;Equipment Co.Ltd\",\"potentialAction\":[{\"@type\":\"SearchAction\",\"target\":{\"@type\":\"EntryPoint\",\"urlTemplate\":\"https:\/\/panwinjet.com\/?s={search_term_string}\"},\"query-input\":{\"@type\":\"PropertyValueSpecification\",\"valueRequired\":true,\"valueName\":\"search_term_string\"}}],\"inLanguage\":\"es\"}]}<\/script>\n<!-- \/ Yoast SEO plugin. -->","yoast_head_json":{"title":"40000psi Hydro Water blasting Surface cleaning BC Rotating Nozzles Head 2 Hole,4 Hole - Panwin Machinery&amp;Equipment","robots":{"index":"index","follow":"follow","max-snippet":"max-snippet:-1","max-image-preview":"max-image-preview:large","max-video-preview":"max-video-preview:-1"},"canonical":"https:\/\/panwinjet.com\/es\/producto\/40000psi-hydro-water-blasting-surface-cleaning-bc-rotating-nozzles-head-2-hole4-hole-2\/","og_locale":"es_ES","og_type":"article","og_title":"40000psi Hydro Water blasting Surface cleaning BC Rotating Nozzles Head 2 Hole,4 Hole - Panwin Machinery&amp;Equipment","og_description":"Introduction of 40000psi Hydro Water blasting Surface cleaning BC Rotating Nozzles Head 2 Hole,4 Hole  This 40000psi Hydro Water blasting Surface cleaning BC Rotating Nozzles Head 2 Hole,4 Hole is installed in the BC Rotary nozzles, pressure rated is 2800Bar, it is two nozzles and Four nozzles Type with hard-plastic shield design,it is a Efficient and multifunctional nozzles for surface cleaning.","og_url":"https:\/\/panwinjet.com\/es\/producto\/40000psi-hydro-water-blasting-surface-cleaning-bc-rotating-nozzles-head-2-hole4-hole-2\/","og_site_name":"Panwin Machinery&amp;Equipment","og_image":[{"width":2560,"height":1920,"url":"https:\/\/panwinjet.com\/wp-content\/uploads\/2025\/10\/IMG_20230424_163121-scaled.jpg","type":"image\/jpeg"}],"twitter_card":"summary_large_image","twitter_misc":{"Tiempo de lectura":"1 minuto"},"schema":{"@context":"https:\/\/schema.org","@graph":[{"@type":"WebPage","@id":"https:\/\/panwinjet.com\/product\/40000psi-hydro-water-blasting-surface-cleaning-bc-rotating-nozzles-head-2-hole4-hole-2\/","url":"https:\/\/panwinjet.com\/product\/40000psi-hydro-water-blasting-surface-cleaning-bc-rotating-nozzles-head-2-hole4-hole-2\/","name":"40000psi Hydro Water blasting Surface cleaning BC Rotating Nozzles Head 2 Hole,4 Hole - Panwin Machinery&amp;Equipment","isPartOf":{"@id":"https:\/\/panwinjet.com\/#website"},"primaryImageOfPage":{"@id":"https:\/\/panwinjet.com\/product\/40000psi-hydro-water-blasting-surface-cleaning-bc-rotating-nozzles-head-2-hole4-hole-2\/#primaryimage"},"image":{"@id":"https:\/\/panwinjet.com\/product\/40000psi-hydro-water-blasting-surface-cleaning-bc-rotating-nozzles-head-2-hole4-hole-2\/#primaryimage"},"thumbnailUrl":"https:\/\/panwinjet.com\/wp-content\/uploads\/2025\/10\/IMG_20230424_163121-scaled.jpg","datePublished":"2025-10-19T06:07:11+00:00","breadcrumb":{"@id":"https:\/\/panwinjet.com\/product\/40000psi-hydro-water-blasting-surface-cleaning-bc-rotating-nozzles-head-2-hole4-hole-2\/#breadcrumb"},"inLanguage":"es","potentialAction":[{"@type":"ReadAction","target":["https:\/\/panwinjet.com\/product\/40000psi-hydro-water-blasting-surface-cleaning-bc-rotating-nozzles-head-2-hole4-hole-2\/"]}]},{"@type":"ImageObject","inLanguage":"es","@id":"https:\/\/panwinjet.com\/product\/40000psi-hydro-water-blasting-surface-cleaning-bc-rotating-nozzles-head-2-hole4-hole-2\/#primaryimage","url":"https:\/\/panwinjet.com\/wp-content\/uploads\/2025\/10\/IMG_20230424_163121-scaled.jpg","contentUrl":"https:\/\/panwinjet.com\/wp-content\/uploads\/2025\/10\/IMG_20230424_163121-scaled.jpg","width":2560,"height":1920},{"@type":"BreadcrumbList","@id":"https:\/\/panwinjet.com\/product\/40000psi-hydro-water-blasting-surface-cleaning-bc-rotating-nozzles-head-2-hole4-hole-2\/#breadcrumb","itemListElement":[{"@type":"ListItem","position":1,"name":"\u9996\u9875","item":"https:\/\/panwinjet.com\/"},{"@type":"ListItem","position":2,"name":"PRODUCT","item":"https:\/\/panwinjet.com\/product\/"},{"@type":"ListItem","position":3,"name":"40000psi Hydro Water blasting Surface cleaning BC Rotating Nozzles Head 2 Hole,4 Hole"}]},{"@type":"WebSite","@id":"https:\/\/panwinjet.com\/#website","url":"https:\/\/panwinjet.com\/","name":"Panwin Machinery&amp;Equipment","description":"Shenzhen Panwin Machinery&amp;Equipment Co.Ltd","potentialAction":[{"@type":"SearchAction","target":{"@type":"EntryPoint","urlTemplate":"https:\/\/panwinjet.com\/?s={search_term_string}"},"query-input":{"@type":"PropertyValueSpecification","valueRequired":true,"valueName":"search_term_string"}}],"inLanguage":"es"}]}},"_links":{"self":[{"href":"https:\/\/panwinjet.com\/es\/wp-json\/wp\/v2\/product\/1674","targetHints":{"allow":["GET"]}}],"collection":[{"href":"https:\/\/panwinjet.com\/es\/wp-json\/wp\/v2\/product"}],"about":[{"href":"https:\/\/panwinjet.com\/es\/wp-json\/wp\/v2\/types\/product"}],"wp:featuredmedia":[{"embeddable":true,"href":"https:\/\/panwinjet.com\/es\/wp-json\/wp\/v2\/media\/1680"}],"wp:attachment":[{"href":"https:\/\/panwinjet.com\/es\/wp-json\/wp\/v2\/media?parent=1674"}],"wp:term":[{"taxonomy":"product_brand","embeddable":true,"href":"https:\/\/panwinjet.com\/es\/wp-json\/wp\/v2\/product_brand?post=1674"},{"taxonomy":"product_cat","embeddable":true,"href":"https:\/\/panwinjet.com\/es\/wp-json\/wp\/v2\/product_cat?post=1674"},{"taxonomy":"product_tag","embeddable":true,"href":"https:\/\/panwinjet.com\/es\/wp-json\/wp\/v2\/product_tag?post=1674"}],"curies":[{"name":"wp","href":"https:\/\/api.w.org\/{rel}","templated":true}]}}