{"id":1666,"date":"2025-10-19T06:00:50","date_gmt":"2025-10-19T06:00:50","guid":{"rendered":"https:\/\/panwinjet.com\/?post_type=product&#038;p=1666"},"modified":"2025-10-19T06:00:51","modified_gmt":"2025-10-19T06:00:51","slug":"40000psi-high-pressure-water-jet-vessle-tank-cleaning-machine-parts-rigid-lance-holder","status":"publish","type":"product","link":"https:\/\/panwinjet.com\/es\/producto\/40000psi-high-pressure-water-jet-vessle-tank-cleaning-machine-parts-rigid-lance-holder\/","title":{"rendered":"Piezas para m\u00e1quina de limpieza de tanques con chorro de agua a alta presi\u00f3n de 40000 psi. Soporte de lanza r\u00edgida."},"content":{"rendered":"<p>Par\u00e1metros (especificaci\u00f3n) de la m\u00e1quina de limpieza de tanques de recipientes con chorro de agua a alta presi\u00f3n de 40000 psi, piezas del soporte de lanza r\u00edgida<br \/>\nEste soporte de lanza r\u00edgido para m\u00e1quina de limpieza de tanques y recipientes con chorro de agua a alta presi\u00f3n de 40\u00a0000 psi se inserta en el tubo de soporte y se atornilla a la conexi\u00f3n roscada hembra. Tiene dos conexiones: 9\/16\u2033 HP, 1\/4\u2033 HP, 3\/8\u2033 HP y 9\/16\u2033 HP. Soporta presiones de hasta 60\u00a0000 psi (4138 bar). Detalles como en la siguiente tabla:<\/p>\n<p><img decoding=\"async\" class=\"alignleft size-medium wp-image-1673 lazyload\" data-src=\"https:\/\/panwinjet.com\/wp-content\/uploads\/2025\/10\/40000psi-high-pressure-water-jet-Vessle-Tank-cleaning-machine-parts-Rigid-lance-Holder-\u53c2\u6570-1-500x189.png\" alt=\"\" width=\"500\" height=\"189\" data-srcset=\"https:\/\/panwinjet.com\/wp-content\/uploads\/2025\/10\/40000psi-high-pressure-water-jet-Vessle-Tank-cleaning-machine-parts-Rigid-lance-Holder-\u53c2\u6570-1-500x189.png 500w, https:\/\/panwinjet.com\/wp-content\/uploads\/2025\/10\/40000psi-high-pressure-water-jet-Vessle-Tank-cleaning-machine-parts-Rigid-lance-Holder-\u53c2\u6570-1-300x113.png 300w, https:\/\/panwinjet.com\/wp-content\/uploads\/2025\/10\/40000psi-high-pressure-water-jet-Vessle-Tank-cleaning-machine-parts-Rigid-lance-Holder-\u53c2\u6570-1-150x57.png 150w, https:\/\/panwinjet.com\/wp-content\/uploads\/2025\/10\/40000psi-high-pressure-water-jet-Vessle-Tank-cleaning-machine-parts-Rigid-lance-Holder-\u53c2\u6570-1-480x181.png 480w, https:\/\/panwinjet.com\/wp-content\/uploads\/2025\/10\/40000psi-high-pressure-water-jet-Vessle-Tank-cleaning-machine-parts-Rigid-lance-Holder-\u53c2\u6570-1.png 553w\" data-sizes=\"(max-width:767px) 480px, 500px\" src=\"data:image\/svg+xml;base64,PHN2ZyB3aWR0aD0iMSIgaGVpZ2h0PSIxIiB4bWxucz0iaHR0cDovL3d3dy53My5vcmcvMjAwMC9zdmciPjwvc3ZnPg==\" style=\"--smush-placeholder-width: 500px; --smush-placeholder-aspect-ratio: 500\/189;\" \/><\/p>","protected":false},"excerpt":{"rendered":"<p><strong><b>Chorro de agua a alta presi\u00f3n de 40000 psi <\/b><\/strong><strong><b>Buque<\/b><\/strong><strong><b>\u00a0Piezas de m\u00e1quina de limpieza de tanques Soporte de lanza r\u00edgido<\/b><\/strong><\/p>\n<p><strong><b>\u00a0Introducci\u00f3n de <\/b><\/strong><strong><b>Chorro de agua a alta presi\u00f3n de 40000 psi <\/b><\/strong><strong><b>Buque<\/b><\/strong><strong><b>\u00a0Piezas de m\u00e1quina de limpieza de tanques Soporte de lanza r\u00edgido<\/b><\/strong><\/p>\n<p>Este soporte r\u00edgido para lanzas de limpieza por chorro de agua a alta presi\u00f3n reduce la tensi\u00f3n en la conexi\u00f3n entre la lanza r\u00edgida y la flexible, lo que reduce considerablemente la rotura de la lanza y aumenta la seguridad. Es compatible con las piezas Jetstream n.\u00b0 28202 y 28203, as\u00ed como con las piezas de chorro Jetstream n.\u00b0 28204.<\/p>","protected":false},"featured_media":1668,"template":"","meta":[],"product_brand":[],"product_cat":[7,10,11,6],"product_tag":[50,51],"class_list":{"0":"post-1666","1":"product","2":"type-product","3":"status-publish","4":"has-post-thumbnail","6":"product_cat-jetstream-pump-fluid-end-compatibe-parts","7":"product_cat-pipeline-tube-uhp-water-blasting-cleaning-device","8":"product_cat-ship-cleaning-device","9":"product_cat-uni-valves-for-uhp-pump","10":"product_tag-40000psi-high-pressure-water-jet-vessel-tank-cleaning-machine","11":"product_tag-40kpsi-uhp-hydro-blaster","13":"first","14":"instock","15":"shipping-taxable","16":"product-type-simple"},"yoast_head":"<!-- This site is optimized with the Yoast SEO plugin v24.9 - https:\/\/yoast.com\/wordpress\/plugins\/seo\/ -->\n<title>40000psi high pressure water-jet Vessle Tank cleaning machine parts Rigid lance Holder - Panwin Machinery&amp;Equipment<\/title>\n<meta name=\"robots\" content=\"index, follow, max-snippet:-1, max-image-preview:large, max-video-preview:-1\" \/>\n<link rel=\"canonical\" href=\"https:\/\/panwinjet.com\/es\/producto\/40000psi-high-pressure-water-jet-vessle-tank-cleaning-machine-parts-rigid-lance-holder\/\" \/>\n<meta property=\"og:locale\" content=\"es_ES\" \/>\n<meta property=\"og:type\" content=\"article\" \/>\n<meta property=\"og:title\" content=\"40000psi high pressure water-jet Vessle Tank cleaning machine parts Rigid lance Holder - Panwin Machinery&amp;Equipment\" \/>\n<meta property=\"og:description\" content=\"40000psi high pressure water-jet Vessel\u00a0Tank cleaning machine parts Rigid lance Holder  \u00a0Introduction of 40000psi high pressure water-jet Vessel\u00a0Tank cleaning machine parts Rigid lance Holder  This high pressure water-jet cleaning machine parts Rigid lance Holder\u00a0is used to provide reduced stress on the rigid lance to flexible lance connection greatly reducing lance breakage and increasing safety. It is compatible with the Jetstream parts No.28202, Jetstream 28203, and High pressure Jetstream blasting parts No.28204.\" \/>\n<meta property=\"og:url\" content=\"https:\/\/panwinjet.com\/es\/producto\/40000psi-high-pressure-water-jet-vessle-tank-cleaning-machine-parts-rigid-lance-holder\/\" \/>\n<meta property=\"og:site_name\" content=\"Panwin Machinery&amp;Equipment\" \/>\n<meta property=\"article:modified_time\" content=\"2025-10-19T06:00:51+00:00\" \/>\n<meta property=\"og:image\" content=\"https:\/\/panwinjet.com\/wp-content\/uploads\/2025\/10\/40000psi-high-pressure-water-jet-Vessle-Tank-cleaning-machine-parts-Rigid-lance-Holder-4.jpg\" \/>\n\t<meta property=\"og:image:width\" content=\"1280\" \/>\n\t<meta property=\"og:image:height\" content=\"1706\" \/>\n\t<meta property=\"og:image:type\" content=\"image\/jpeg\" \/>\n<meta name=\"twitter:card\" content=\"summary_large_image\" \/>\n<meta name=\"twitter:label1\" content=\"Tiempo de lectura\" \/>\n\t<meta name=\"twitter:data1\" content=\"1 minuto\" \/>\n<script type=\"application\/ld+json\" class=\"yoast-schema-graph\">{\"@context\":\"https:\/\/schema.org\",\"@graph\":[{\"@type\":\"WebPage\",\"@id\":\"https:\/\/panwinjet.com\/product\/40000psi-high-pressure-water-jet-vessle-tank-cleaning-machine-parts-rigid-lance-holder\/\",\"url\":\"https:\/\/panwinjet.com\/product\/40000psi-high-pressure-water-jet-vessle-tank-cleaning-machine-parts-rigid-lance-holder\/\",\"name\":\"40000psi high pressure water-jet Vessle Tank cleaning machine parts Rigid lance Holder - Panwin Machinery&amp;Equipment\",\"isPartOf\":{\"@id\":\"https:\/\/panwinjet.com\/#website\"},\"primaryImageOfPage\":{\"@id\":\"https:\/\/panwinjet.com\/product\/40000psi-high-pressure-water-jet-vessle-tank-cleaning-machine-parts-rigid-lance-holder\/#primaryimage\"},\"image\":{\"@id\":\"https:\/\/panwinjet.com\/product\/40000psi-high-pressure-water-jet-vessle-tank-cleaning-machine-parts-rigid-lance-holder\/#primaryimage\"},\"thumbnailUrl\":\"https:\/\/panwinjet.com\/wp-content\/uploads\/2025\/10\/40000psi-high-pressure-water-jet-Vessle-Tank-cleaning-machine-parts-Rigid-lance-Holder-4.jpg\",\"datePublished\":\"2025-10-19T06:00:50+00:00\",\"dateModified\":\"2025-10-19T06:00:51+00:00\",\"breadcrumb\":{\"@id\":\"https:\/\/panwinjet.com\/product\/40000psi-high-pressure-water-jet-vessle-tank-cleaning-machine-parts-rigid-lance-holder\/#breadcrumb\"},\"inLanguage\":\"es\",\"potentialAction\":[{\"@type\":\"ReadAction\",\"target\":[\"https:\/\/panwinjet.com\/product\/40000psi-high-pressure-water-jet-vessle-tank-cleaning-machine-parts-rigid-lance-holder\/\"]}]},{\"@type\":\"ImageObject\",\"inLanguage\":\"es\",\"@id\":\"https:\/\/panwinjet.com\/product\/40000psi-high-pressure-water-jet-vessle-tank-cleaning-machine-parts-rigid-lance-holder\/#primaryimage\",\"url\":\"https:\/\/panwinjet.com\/wp-content\/uploads\/2025\/10\/40000psi-high-pressure-water-jet-Vessle-Tank-cleaning-machine-parts-Rigid-lance-Holder-4.jpg\",\"contentUrl\":\"https:\/\/panwinjet.com\/wp-content\/uploads\/2025\/10\/40000psi-high-pressure-water-jet-Vessle-Tank-cleaning-machine-parts-Rigid-lance-Holder-4.jpg\",\"width\":1280,\"height\":1706},{\"@type\":\"BreadcrumbList\",\"@id\":\"https:\/\/panwinjet.com\/product\/40000psi-high-pressure-water-jet-vessle-tank-cleaning-machine-parts-rigid-lance-holder\/#breadcrumb\",\"itemListElement\":[{\"@type\":\"ListItem\",\"position\":1,\"name\":\"\u9996\u9875\",\"item\":\"https:\/\/panwinjet.com\/\"},{\"@type\":\"ListItem\",\"position\":2,\"name\":\"PRODUCT\",\"item\":\"https:\/\/panwinjet.com\/product\/\"},{\"@type\":\"ListItem\",\"position\":3,\"name\":\"40000psi high pressure water-jet Vessle Tank cleaning machine parts Rigid lance Holder\"}]},{\"@type\":\"WebSite\",\"@id\":\"https:\/\/panwinjet.com\/#website\",\"url\":\"https:\/\/panwinjet.com\/\",\"name\":\"Panwin Machinery&amp;Equipment\",\"description\":\"Shenzhen Panwin Machinery&amp;Equipment Co.Ltd\",\"potentialAction\":[{\"@type\":\"SearchAction\",\"target\":{\"@type\":\"EntryPoint\",\"urlTemplate\":\"https:\/\/panwinjet.com\/?s={search_term_string}\"},\"query-input\":{\"@type\":\"PropertyValueSpecification\",\"valueRequired\":true,\"valueName\":\"search_term_string\"}}],\"inLanguage\":\"es\"}]}<\/script>\n<!-- \/ Yoast SEO plugin. -->","yoast_head_json":{"title":"40000psi high pressure water-jet Vessle Tank cleaning machine parts Rigid lance Holder - Panwin Machinery&amp;Equipment","robots":{"index":"index","follow":"follow","max-snippet":"max-snippet:-1","max-image-preview":"max-image-preview:large","max-video-preview":"max-video-preview:-1"},"canonical":"https:\/\/panwinjet.com\/es\/producto\/40000psi-high-pressure-water-jet-vessle-tank-cleaning-machine-parts-rigid-lance-holder\/","og_locale":"es_ES","og_type":"article","og_title":"40000psi high pressure water-jet Vessle Tank cleaning machine parts Rigid lance Holder - Panwin Machinery&amp;Equipment","og_description":"40000psi high pressure water-jet Vessel\u00a0Tank cleaning machine parts Rigid lance Holder  \u00a0Introduction of 40000psi high pressure water-jet Vessel\u00a0Tank cleaning machine parts Rigid lance Holder  This high pressure water-jet cleaning machine parts Rigid lance Holder\u00a0is used to provide reduced stress on the rigid lance to flexible lance connection greatly reducing lance breakage and increasing safety. It is compatible with the Jetstream parts No.28202, Jetstream 28203, and High pressure Jetstream blasting parts No.28204.","og_url":"https:\/\/panwinjet.com\/es\/producto\/40000psi-high-pressure-water-jet-vessle-tank-cleaning-machine-parts-rigid-lance-holder\/","og_site_name":"Panwin Machinery&amp;Equipment","article_modified_time":"2025-10-19T06:00:51+00:00","og_image":[{"width":1280,"height":1706,"url":"https:\/\/panwinjet.com\/wp-content\/uploads\/2025\/10\/40000psi-high-pressure-water-jet-Vessle-Tank-cleaning-machine-parts-Rigid-lance-Holder-4.jpg","type":"image\/jpeg"}],"twitter_card":"summary_large_image","twitter_misc":{"Tiempo de lectura":"1 minuto"},"schema":{"@context":"https:\/\/schema.org","@graph":[{"@type":"WebPage","@id":"https:\/\/panwinjet.com\/product\/40000psi-high-pressure-water-jet-vessle-tank-cleaning-machine-parts-rigid-lance-holder\/","url":"https:\/\/panwinjet.com\/product\/40000psi-high-pressure-water-jet-vessle-tank-cleaning-machine-parts-rigid-lance-holder\/","name":"40000psi high pressure water-jet Vessle Tank cleaning machine parts Rigid lance Holder - Panwin Machinery&amp;Equipment","isPartOf":{"@id":"https:\/\/panwinjet.com\/#website"},"primaryImageOfPage":{"@id":"https:\/\/panwinjet.com\/product\/40000psi-high-pressure-water-jet-vessle-tank-cleaning-machine-parts-rigid-lance-holder\/#primaryimage"},"image":{"@id":"https:\/\/panwinjet.com\/product\/40000psi-high-pressure-water-jet-vessle-tank-cleaning-machine-parts-rigid-lance-holder\/#primaryimage"},"thumbnailUrl":"https:\/\/panwinjet.com\/wp-content\/uploads\/2025\/10\/40000psi-high-pressure-water-jet-Vessle-Tank-cleaning-machine-parts-Rigid-lance-Holder-4.jpg","datePublished":"2025-10-19T06:00:50+00:00","dateModified":"2025-10-19T06:00:51+00:00","breadcrumb":{"@id":"https:\/\/panwinjet.com\/product\/40000psi-high-pressure-water-jet-vessle-tank-cleaning-machine-parts-rigid-lance-holder\/#breadcrumb"},"inLanguage":"es","potentialAction":[{"@type":"ReadAction","target":["https:\/\/panwinjet.com\/product\/40000psi-high-pressure-water-jet-vessle-tank-cleaning-machine-parts-rigid-lance-holder\/"]}]},{"@type":"ImageObject","inLanguage":"es","@id":"https:\/\/panwinjet.com\/product\/40000psi-high-pressure-water-jet-vessle-tank-cleaning-machine-parts-rigid-lance-holder\/#primaryimage","url":"https:\/\/panwinjet.com\/wp-content\/uploads\/2025\/10\/40000psi-high-pressure-water-jet-Vessle-Tank-cleaning-machine-parts-Rigid-lance-Holder-4.jpg","contentUrl":"https:\/\/panwinjet.com\/wp-content\/uploads\/2025\/10\/40000psi-high-pressure-water-jet-Vessle-Tank-cleaning-machine-parts-Rigid-lance-Holder-4.jpg","width":1280,"height":1706},{"@type":"BreadcrumbList","@id":"https:\/\/panwinjet.com\/product\/40000psi-high-pressure-water-jet-vessle-tank-cleaning-machine-parts-rigid-lance-holder\/#breadcrumb","itemListElement":[{"@type":"ListItem","position":1,"name":"\u9996\u9875","item":"https:\/\/panwinjet.com\/"},{"@type":"ListItem","position":2,"name":"PRODUCT","item":"https:\/\/panwinjet.com\/product\/"},{"@type":"ListItem","position":3,"name":"40000psi high pressure water-jet Vessle Tank cleaning machine parts Rigid lance Holder"}]},{"@type":"WebSite","@id":"https:\/\/panwinjet.com\/#website","url":"https:\/\/panwinjet.com\/","name":"Panwin Machinery&amp;Equipment","description":"Shenzhen Panwin Machinery&amp;Equipment Co.Ltd","potentialAction":[{"@type":"SearchAction","target":{"@type":"EntryPoint","urlTemplate":"https:\/\/panwinjet.com\/?s={search_term_string}"},"query-input":{"@type":"PropertyValueSpecification","valueRequired":true,"valueName":"search_term_string"}}],"inLanguage":"es"}]}},"_links":{"self":[{"href":"https:\/\/panwinjet.com\/es\/wp-json\/wp\/v2\/product\/1666","targetHints":{"allow":["GET"]}}],"collection":[{"href":"https:\/\/panwinjet.com\/es\/wp-json\/wp\/v2\/product"}],"about":[{"href":"https:\/\/panwinjet.com\/es\/wp-json\/wp\/v2\/types\/product"}],"wp:featuredmedia":[{"embeddable":true,"href":"https:\/\/panwinjet.com\/es\/wp-json\/wp\/v2\/media\/1668"}],"wp:attachment":[{"href":"https:\/\/panwinjet.com\/es\/wp-json\/wp\/v2\/media?parent=1666"}],"wp:term":[{"taxonomy":"product_brand","embeddable":true,"href":"https:\/\/panwinjet.com\/es\/wp-json\/wp\/v2\/product_brand?post=1666"},{"taxonomy":"product_cat","embeddable":true,"href":"https:\/\/panwinjet.com\/es\/wp-json\/wp\/v2\/product_cat?post=1666"},{"taxonomy":"product_tag","embeddable":true,"href":"https:\/\/panwinjet.com\/es\/wp-json\/wp\/v2\/product_tag?post=1666"}],"curies":[{"name":"wp","href":"https:\/\/api.w.org\/{rel}","templated":true}]}}