{"id":1648,"date":"2025-10-19T05:52:59","date_gmt":"2025-10-19T05:52:59","guid":{"rendered":"https:\/\/panwinjet.com\/?post_type=product&#038;p=1648"},"modified":"2025-10-19T05:52:59","modified_gmt":"2025-10-19T05:52:59","slug":"60000psi-ultra-high-pressure-waterjet-blasting-paint-removal-cleaning-machine-parts-t-and-y-adapter","status":"publish","type":"product","link":"https:\/\/panwinjet.com\/es\/producto\/60000psi-ultra-high-pressure-waterjet-blasting-paint-removal-cleaning-machine-parts-t-and-y-adapter\/","title":{"rendered":"Piezas de la m\u00e1quina de limpieza y eliminaci\u00f3n de pintura por chorro de agua a ultra alta presi\u00f3n de 60 000 PSI: adaptador en T e Y"},"content":{"rendered":"<p>Caracter\u00edstica y aplicaci\u00f3n de la m\u00e1quina de limpieza por chorro de agua a presi\u00f3n ultraalta de 60000 PSI para eliminar pintura, piezas de la m\u00e1quina, adaptador en T e Y<br \/>\nLas piezas del adaptador en T e Y de la m\u00e1quina de limpieza por chorro de agua a presi\u00f3n ultraalta de 60000 PSI para eliminaci\u00f3n de pintura est\u00e1n hechas de acero inoxidable de grado aeroespacial y son de excelente calidad, conexi\u00f3n triple, se menciona la caracter\u00edstica del adaptador en Y:<br \/>\nA: material SST aeroespacial<br \/>\nB: Mano de obra superior<br \/>\nC: Instalaci\u00f3n multipuerto<\/p>\n<p><img decoding=\"async\" class=\"alignleft size-full wp-image-1662 lazyload\" data-src=\"https:\/\/panwinjet.com\/wp-content\/uploads\/2025\/10\/T-and-Y-adapter-\u53c2\u6570.png\" alt=\"\" width=\"487\" height=\"176\" data-srcset=\"https:\/\/panwinjet.com\/wp-content\/uploads\/2025\/10\/T-and-Y-adapter-\u53c2\u6570.png 487w, https:\/\/panwinjet.com\/wp-content\/uploads\/2025\/10\/T-and-Y-adapter-\u53c2\u6570-300x108.png 300w, https:\/\/panwinjet.com\/wp-content\/uploads\/2025\/10\/T-and-Y-adapter-\u53c2\u6570-150x54.png 150w, https:\/\/panwinjet.com\/wp-content\/uploads\/2025\/10\/T-and-Y-adapter-\u53c2\u6570-480x173.png 480w\" data-sizes=\"(max-width:767px) 480px, 487px\" src=\"data:image\/svg+xml;base64,PHN2ZyB3aWR0aD0iMSIgaGVpZ2h0PSIxIiB4bWxucz0iaHR0cDovL3d3dy53My5vcmcvMjAwMC9zdmciPjwvc3ZnPg==\" style=\"--smush-placeholder-width: 487px; --smush-placeholder-aspect-ratio: 487\/176;\" \/><br \/>\nSolicitud:<br \/>\nEl adaptador en T e Y para piezas de la m\u00e1quina de limpieza y eliminaci\u00f3n de pintura con chorro de agua a ultraalta presi\u00f3n de 60000 PSI se utiliza en diversas tareas de limpieza, especialmente para conexiones multipuerto. Principalmente para la limpieza de superficies, tanques y embarcaciones, pintura automotriz, miner\u00eda, acer\u00edas y construcci\u00f3n.<\/p>","protected":false},"excerpt":{"rendered":"<p><strong><b>Piezas de la m\u00e1quina de limpieza y eliminaci\u00f3n de pintura por chorro de agua a ultra alta presi\u00f3n de 60000 PSI, adaptador en T e Y<\/b><\/strong><\/p>\n<p><strong><b>\u00a0Presentaci\u00f3n de piezas para m\u00e1quina de limpieza y eliminaci\u00f3n de pintura por chorro de agua a ultra alta presi\u00f3n de 60000 PSI: adaptador en T e Y.<\/b><\/strong><\/p>\n<p>Este adaptador de piezas T e Y para m\u00e1quina de limpieza y eliminaci\u00f3n de pintura por chorro de agua a ultra alta presi\u00f3n de 60000 PSI es el conector Jetstream Y, el n\u00famero de pieza Jetstream para el bloque 28672 y 54482 con adaptador.<\/p>\n<div style=\"width: 720px;\" class=\"wp-video\"><video class=\"wp-video-shortcode\" id=\"video-1648-1\" width=\"720\" height=\"1280\" preload=\"metadata\" controls=\"controls\"><source type=\"video\/mp4\" src=\"https:\/\/panwinjet.com\/wp-content\/uploads\/2025\/10\/Y-Adapter.mp4?_=1\" \/><a href=\"https:\/\/panwinjet.com\/wp-content\/uploads\/2025\/10\/Y-Adapter.mp4\">https:\/\/panwinjet.com\/wp-content\/uploads\/2025\/10\/Y-Adapter.mp4<\/a><\/video><\/div>","protected":false},"featured_media":1658,"template":"","meta":[],"product_brand":[],"product_cat":[7,10,11,5],"product_tag":[47,48,49],"class_list":{"0":"post-1648","1":"product","2":"type-product","3":"status-publish","4":"has-post-thumbnail","6":"product_cat-jetstream-pump-fluid-end-compatibe-parts","7":"product_cat-pipeline-tube-uhp-water-blasting-cleaning-device","8":"product_cat-ship-cleaning-device","9":"product_cat-uhp-rotating-nozzles","10":"product_tag-60kpsi-ultra-high-pressure-waterjet-blasting","11":"product_tag-paint-removal-cleaning-machine-parts","12":"product_tag-uhp-hydro-blasting-y-adapter","14":"first","15":"instock","16":"shipping-taxable","17":"product-type-simple"},"yoast_head":"<!-- This site is optimized with the Yoast SEO plugin v24.9 - https:\/\/yoast.com\/wordpress\/plugins\/seo\/ -->\n<title>60,000PSI Ultra-high pressure Waterjet Blasting Paint removal cleaning machine parts T and Y adapter - Panwin Machinery&amp;Equipment<\/title>\n<meta name=\"robots\" content=\"index, follow, max-snippet:-1, max-image-preview:large, max-video-preview:-1\" \/>\n<link rel=\"canonical\" href=\"https:\/\/panwinjet.com\/es\/producto\/60000psi-ultra-high-pressure-waterjet-blasting-paint-removal-cleaning-machine-parts-t-and-y-adapter\/\" \/>\n<meta property=\"og:locale\" content=\"es_ES\" \/>\n<meta property=\"og:type\" content=\"article\" \/>\n<meta property=\"og:title\" content=\"60,000PSI Ultra-high pressure Waterjet Blasting Paint removal cleaning machine parts T and Y adapter - Panwin Machinery&amp;Equipment\" \/>\n<meta property=\"og:description\" content=\"60000PSI Ultra-high pressure Waterjet Blasting Paint removal cleaning machine parts T and Y adapter  \u00a0Introduction of 60000PSI Ultra-high pressure Waterjet Blasting Paint removal cleaning machine parts T and Y adapter  This 60000PSI Ultra-high pressure Waterjet Blasting Paint removal cleaning machine parts T and Y adapter\u00a0is the Jetstream Y connector, the Jetstream Parts No for Block 28672, and 54482 with adapter.\" \/>\n<meta property=\"og:url\" content=\"https:\/\/panwinjet.com\/es\/producto\/60000psi-ultra-high-pressure-waterjet-blasting-paint-removal-cleaning-machine-parts-t-and-y-adapter\/\" \/>\n<meta property=\"og:site_name\" content=\"Panwin Machinery&amp;Equipment\" \/>\n<meta property=\"og:image\" content=\"https:\/\/panwinjet.com\/wp-content\/uploads\/2025\/10\/\u6e05\u6d01\u4e09\u901a-2-scaled.jpg\" \/>\n\t<meta property=\"og:image:width\" content=\"1920\" \/>\n\t<meta property=\"og:image:height\" content=\"2560\" \/>\n\t<meta property=\"og:image:type\" content=\"image\/jpeg\" \/>\n<meta name=\"twitter:card\" content=\"summary_large_image\" \/>\n<meta name=\"twitter:label1\" content=\"Tiempo de lectura\" \/>\n\t<meta name=\"twitter:data1\" content=\"1 minuto\" \/>\n<script type=\"application\/ld+json\" class=\"yoast-schema-graph\">{\"@context\":\"https:\/\/schema.org\",\"@graph\":[{\"@type\":\"WebPage\",\"@id\":\"https:\/\/panwinjet.com\/product\/60000psi-ultra-high-pressure-waterjet-blasting-paint-removal-cleaning-machine-parts-t-and-y-adapter\/\",\"url\":\"https:\/\/panwinjet.com\/product\/60000psi-ultra-high-pressure-waterjet-blasting-paint-removal-cleaning-machine-parts-t-and-y-adapter\/\",\"name\":\"60,000PSI Ultra-high pressure Waterjet Blasting Paint removal cleaning machine parts T and Y adapter - Panwin Machinery&amp;Equipment\",\"isPartOf\":{\"@id\":\"https:\/\/panwinjet.com\/#website\"},\"primaryImageOfPage\":{\"@id\":\"https:\/\/panwinjet.com\/product\/60000psi-ultra-high-pressure-waterjet-blasting-paint-removal-cleaning-machine-parts-t-and-y-adapter\/#primaryimage\"},\"image\":{\"@id\":\"https:\/\/panwinjet.com\/product\/60000psi-ultra-high-pressure-waterjet-blasting-paint-removal-cleaning-machine-parts-t-and-y-adapter\/#primaryimage\"},\"thumbnailUrl\":\"https:\/\/panwinjet.com\/wp-content\/uploads\/2025\/10\/\u6e05\u6d01\u4e09\u901a-2-scaled.jpg\",\"datePublished\":\"2025-10-19T05:52:59+00:00\",\"breadcrumb\":{\"@id\":\"https:\/\/panwinjet.com\/product\/60000psi-ultra-high-pressure-waterjet-blasting-paint-removal-cleaning-machine-parts-t-and-y-adapter\/#breadcrumb\"},\"inLanguage\":\"es\",\"potentialAction\":[{\"@type\":\"ReadAction\",\"target\":[\"https:\/\/panwinjet.com\/product\/60000psi-ultra-high-pressure-waterjet-blasting-paint-removal-cleaning-machine-parts-t-and-y-adapter\/\"]}]},{\"@type\":\"ImageObject\",\"inLanguage\":\"es\",\"@id\":\"https:\/\/panwinjet.com\/product\/60000psi-ultra-high-pressure-waterjet-blasting-paint-removal-cleaning-machine-parts-t-and-y-adapter\/#primaryimage\",\"url\":\"https:\/\/panwinjet.com\/wp-content\/uploads\/2025\/10\/\u6e05\u6d01\u4e09\u901a-2-scaled.jpg\",\"contentUrl\":\"https:\/\/panwinjet.com\/wp-content\/uploads\/2025\/10\/\u6e05\u6d01\u4e09\u901a-2-scaled.jpg\",\"width\":1920,\"height\":2560},{\"@type\":\"BreadcrumbList\",\"@id\":\"https:\/\/panwinjet.com\/product\/60000psi-ultra-high-pressure-waterjet-blasting-paint-removal-cleaning-machine-parts-t-and-y-adapter\/#breadcrumb\",\"itemListElement\":[{\"@type\":\"ListItem\",\"position\":1,\"name\":\"\u9996\u9875\",\"item\":\"https:\/\/panwinjet.com\/\"},{\"@type\":\"ListItem\",\"position\":2,\"name\":\"PRODUCT\",\"item\":\"https:\/\/panwinjet.com\/product\/\"},{\"@type\":\"ListItem\",\"position\":3,\"name\":\"60,000PSI Ultra-high pressure Waterjet Blasting Paint removal cleaning machine parts T and Y adapter\"}]},{\"@type\":\"WebSite\",\"@id\":\"https:\/\/panwinjet.com\/#website\",\"url\":\"https:\/\/panwinjet.com\/\",\"name\":\"Panwin Machinery&amp;Equipment\",\"description\":\"Shenzhen Panwin Machinery&amp;Equipment Co.Ltd\",\"potentialAction\":[{\"@type\":\"SearchAction\",\"target\":{\"@type\":\"EntryPoint\",\"urlTemplate\":\"https:\/\/panwinjet.com\/?s={search_term_string}\"},\"query-input\":{\"@type\":\"PropertyValueSpecification\",\"valueRequired\":true,\"valueName\":\"search_term_string\"}}],\"inLanguage\":\"es\"}]}<\/script>\n<!-- \/ Yoast SEO plugin. -->","yoast_head_json":{"title":"60,000PSI Ultra-high pressure Waterjet Blasting Paint removal cleaning machine parts T and Y adapter - Panwin Machinery&amp;Equipment","robots":{"index":"index","follow":"follow","max-snippet":"max-snippet:-1","max-image-preview":"max-image-preview:large","max-video-preview":"max-video-preview:-1"},"canonical":"https:\/\/panwinjet.com\/es\/producto\/60000psi-ultra-high-pressure-waterjet-blasting-paint-removal-cleaning-machine-parts-t-and-y-adapter\/","og_locale":"es_ES","og_type":"article","og_title":"60,000PSI Ultra-high pressure Waterjet Blasting Paint removal cleaning machine parts T and Y adapter - Panwin Machinery&amp;Equipment","og_description":"60000PSI Ultra-high pressure Waterjet Blasting Paint removal cleaning machine parts T and Y adapter  \u00a0Introduction of 60000PSI Ultra-high pressure Waterjet Blasting Paint removal cleaning machine parts T and Y adapter  This 60000PSI Ultra-high pressure Waterjet Blasting Paint removal cleaning machine parts T and Y adapter\u00a0is the Jetstream Y connector, the Jetstream Parts No for Block 28672, and 54482 with adapter.","og_url":"https:\/\/panwinjet.com\/es\/producto\/60000psi-ultra-high-pressure-waterjet-blasting-paint-removal-cleaning-machine-parts-t-and-y-adapter\/","og_site_name":"Panwin Machinery&amp;Equipment","og_image":[{"width":1920,"height":2560,"url":"https:\/\/panwinjet.com\/wp-content\/uploads\/2025\/10\/\u6e05\u6d01\u4e09\u901a-2-scaled.jpg","type":"image\/jpeg"}],"twitter_card":"summary_large_image","twitter_misc":{"Tiempo de lectura":"1 minuto"},"schema":{"@context":"https:\/\/schema.org","@graph":[{"@type":"WebPage","@id":"https:\/\/panwinjet.com\/product\/60000psi-ultra-high-pressure-waterjet-blasting-paint-removal-cleaning-machine-parts-t-and-y-adapter\/","url":"https:\/\/panwinjet.com\/product\/60000psi-ultra-high-pressure-waterjet-blasting-paint-removal-cleaning-machine-parts-t-and-y-adapter\/","name":"60,000PSI Ultra-high pressure Waterjet Blasting Paint removal cleaning machine parts T and Y adapter - Panwin Machinery&amp;Equipment","isPartOf":{"@id":"https:\/\/panwinjet.com\/#website"},"primaryImageOfPage":{"@id":"https:\/\/panwinjet.com\/product\/60000psi-ultra-high-pressure-waterjet-blasting-paint-removal-cleaning-machine-parts-t-and-y-adapter\/#primaryimage"},"image":{"@id":"https:\/\/panwinjet.com\/product\/60000psi-ultra-high-pressure-waterjet-blasting-paint-removal-cleaning-machine-parts-t-and-y-adapter\/#primaryimage"},"thumbnailUrl":"https:\/\/panwinjet.com\/wp-content\/uploads\/2025\/10\/\u6e05\u6d01\u4e09\u901a-2-scaled.jpg","datePublished":"2025-10-19T05:52:59+00:00","breadcrumb":{"@id":"https:\/\/panwinjet.com\/product\/60000psi-ultra-high-pressure-waterjet-blasting-paint-removal-cleaning-machine-parts-t-and-y-adapter\/#breadcrumb"},"inLanguage":"es","potentialAction":[{"@type":"ReadAction","target":["https:\/\/panwinjet.com\/product\/60000psi-ultra-high-pressure-waterjet-blasting-paint-removal-cleaning-machine-parts-t-and-y-adapter\/"]}]},{"@type":"ImageObject","inLanguage":"es","@id":"https:\/\/panwinjet.com\/product\/60000psi-ultra-high-pressure-waterjet-blasting-paint-removal-cleaning-machine-parts-t-and-y-adapter\/#primaryimage","url":"https:\/\/panwinjet.com\/wp-content\/uploads\/2025\/10\/\u6e05\u6d01\u4e09\u901a-2-scaled.jpg","contentUrl":"https:\/\/panwinjet.com\/wp-content\/uploads\/2025\/10\/\u6e05\u6d01\u4e09\u901a-2-scaled.jpg","width":1920,"height":2560},{"@type":"BreadcrumbList","@id":"https:\/\/panwinjet.com\/product\/60000psi-ultra-high-pressure-waterjet-blasting-paint-removal-cleaning-machine-parts-t-and-y-adapter\/#breadcrumb","itemListElement":[{"@type":"ListItem","position":1,"name":"\u9996\u9875","item":"https:\/\/panwinjet.com\/"},{"@type":"ListItem","position":2,"name":"PRODUCT","item":"https:\/\/panwinjet.com\/product\/"},{"@type":"ListItem","position":3,"name":"60,000PSI Ultra-high pressure Waterjet Blasting Paint removal cleaning machine parts T and Y adapter"}]},{"@type":"WebSite","@id":"https:\/\/panwinjet.com\/#website","url":"https:\/\/panwinjet.com\/","name":"Panwin Machinery&amp;Equipment","description":"Shenzhen Panwin Machinery&amp;Equipment Co.Ltd","potentialAction":[{"@type":"SearchAction","target":{"@type":"EntryPoint","urlTemplate":"https:\/\/panwinjet.com\/?s={search_term_string}"},"query-input":{"@type":"PropertyValueSpecification","valueRequired":true,"valueName":"search_term_string"}}],"inLanguage":"es"}]}},"_links":{"self":[{"href":"https:\/\/panwinjet.com\/es\/wp-json\/wp\/v2\/product\/1648","targetHints":{"allow":["GET"]}}],"collection":[{"href":"https:\/\/panwinjet.com\/es\/wp-json\/wp\/v2\/product"}],"about":[{"href":"https:\/\/panwinjet.com\/es\/wp-json\/wp\/v2\/types\/product"}],"wp:featuredmedia":[{"embeddable":true,"href":"https:\/\/panwinjet.com\/es\/wp-json\/wp\/v2\/media\/1658"}],"wp:attachment":[{"href":"https:\/\/panwinjet.com\/es\/wp-json\/wp\/v2\/media?parent=1648"}],"wp:term":[{"taxonomy":"product_brand","embeddable":true,"href":"https:\/\/panwinjet.com\/es\/wp-json\/wp\/v2\/product_brand?post=1648"},{"taxonomy":"product_cat","embeddable":true,"href":"https:\/\/panwinjet.com\/es\/wp-json\/wp\/v2\/product_cat?post=1648"},{"taxonomy":"product_tag","embeddable":true,"href":"https:\/\/panwinjet.com\/es\/wp-json\/wp\/v2\/product_tag?post=1648"}],"curies":[{"name":"wp","href":"https:\/\/api.w.org\/{rel}","templated":true}]}}