{"id":1633,"date":"2025-10-18T17:04:26","date_gmt":"2025-10-18T17:04:26","guid":{"rendered":"https:\/\/panwinjet.com\/?post_type=product&#038;p=1633"},"modified":"2025-10-18T17:04:26","modified_gmt":"2025-10-18T17:04:26","slug":"ultra-high-pressure-glass-waterjet-cutting-machine-parts-1l-shock-attenuator-for-kmt-style","status":"publish","type":"product","link":"https:\/\/panwinjet.com\/es\/producto\/ultra-high-pressure-glass-waterjet-cutting-machine-parts-1l-shock-attenuator-for-kmt-style\/","title":{"rendered":"Piezas para m\u00e1quina de corte por chorro de agua de vidrio de ultra alta presi\u00f3n. Atenuador de impactos de 1 litro para estilo KMT."},"content":{"rendered":"<p><b><\/b><strong><b>Par\u00e1metro (Especificaci\u00f3n) de <\/b><\/strong><strong><b>Piezas para m\u00e1quina de corte por chorro de agua de vidrio de ultra alta presi\u00f3n. Atenuador de impactos de 1 litro para estilo KMT. <\/b><\/strong><\/p>\n<p><strong><b>Este <\/b><\/strong><strong><b>Piezas para m\u00e1quina de corte por chorro de agua de vidrio de ultra alta presi\u00f3n. Atenuador de impactos de 1 litro para estilo KMT. <\/b><\/strong><strong><b>Es un atenuador de impactos de alta calidad y compatible con la bomba KMT, y sus par\u00e1metros detallados son los siguientes:<\/b><\/strong><\/p>\n<p><img decoding=\"async\" class=\"alignleft size-full wp-image-1636 lazyload\" data-src=\"https:\/\/panwinjet.com\/wp-content\/uploads\/2025\/10\/KMT-Accumulator-parameter.png\" alt=\"\" width=\"489\" height=\"233\" data-srcset=\"https:\/\/panwinjet.com\/wp-content\/uploads\/2025\/10\/KMT-Accumulator-parameter.png 489w, https:\/\/panwinjet.com\/wp-content\/uploads\/2025\/10\/KMT-Accumulator-parameter-300x143.png 300w, https:\/\/panwinjet.com\/wp-content\/uploads\/2025\/10\/KMT-Accumulator-parameter-150x71.png 150w, https:\/\/panwinjet.com\/wp-content\/uploads\/2025\/10\/KMT-Accumulator-parameter-480x229.png 480w\" data-sizes=\"(max-width:767px) 480px, 489px\" src=\"data:image\/svg+xml;base64,PHN2ZyB3aWR0aD0iMSIgaGVpZ2h0PSIxIiB4bWxucz0iaHR0cDovL3d3dy53My5vcmcvMjAwMC9zdmciPjwvc3ZnPg==\" style=\"--smush-placeholder-width: 489px; --smush-placeholder-aspect-ratio: 489\/233;\" \/><\/p>","protected":false},"excerpt":{"rendered":"<p><strong><b>Piezas para m\u00e1quina de corte por chorro de agua de vidrio de ultra alta presi\u00f3n. Atenuador de impactos de 1 litro para estilo KMT. <\/b><\/strong><\/p>\n<p><strong><b>Introducci\u00f3n de <\/b><\/strong><strong><b>Piezas para m\u00e1quina de corte por chorro de agua de vidrio de ultra alta presi\u00f3n. Atenuador de impactos de 1 litro para estilo KMT. <\/b><\/strong><\/p>\n<p>Este atenuador de impactos de 1 litro para m\u00e1quinas de corte por chorro de agua de vidrio de ultra alta presi\u00f3n, estilo KMT, es compatible con los n\u00fameros KMT 20498314, 05040696 y 05040738; su capacidad es de 1 litro y su presi\u00f3n nominal es de 60000 psi.<\/p>","protected":false},"featured_media":1634,"template":"","meta":[],"product_brand":[],"product_cat":[22],"product_tag":[42,43,41],"class_list":{"0":"post-1633","1":"product","2":"type-product","3":"status-publish","4":"has-post-thumbnail","6":"product_cat-waterjet-cutting-machine-parts","7":"product_tag-42","8":"product_tag-43","9":"product_tag-kmt-shock-attenuator-20498314","11":"first","12":"instock","13":"shipping-taxable","14":"product-type-simple"},"yoast_head":"<!-- This site is optimized with the Yoast SEO plugin v24.9 - https:\/\/yoast.com\/wordpress\/plugins\/seo\/ -->\n<title>Ultra-high pressure Glass waterjet cutting machine parts 1L Shock attenuator For KMT style - Panwin Machinery&amp;Equipment<\/title>\n<meta name=\"robots\" content=\"index, follow, max-snippet:-1, max-image-preview:large, max-video-preview:-1\" \/>\n<link rel=\"canonical\" href=\"https:\/\/panwinjet.com\/es\/producto\/ultra-high-pressure-glass-waterjet-cutting-machine-parts-1l-shock-attenuator-for-kmt-style\/\" \/>\n<meta property=\"og:locale\" content=\"es_ES\" \/>\n<meta property=\"og:type\" content=\"article\" \/>\n<meta property=\"og:title\" content=\"Ultra-high pressure Glass waterjet cutting machine parts 1L Shock attenuator For KMT style - Panwin Machinery&amp;Equipment\" \/>\n<meta property=\"og:description\" content=\"Ultra-high pressure Glass waterjet cutting machine parts 1L Shock attenuator For KMT style   Introduction of Ultra-high pressure Glass waterjet cutting machine parts 1L Shock attenuator For KMT style   This Ultra-high pressure Glass waterjet cutting machine parts 1L Shock attenuator\u00a0For KMT style is compatible with the KMT No.20498314,\u00a005040696,\u00a005040738, the Capacity is 1L, pressure Rate is 60000psi.\" \/>\n<meta property=\"og:url\" content=\"https:\/\/panwinjet.com\/es\/producto\/ultra-high-pressure-glass-waterjet-cutting-machine-parts-1l-shock-attenuator-for-kmt-style\/\" \/>\n<meta property=\"og:site_name\" content=\"Panwin Machinery&amp;Equipment\" \/>\n<meta property=\"og:image\" content=\"https:\/\/panwinjet.com\/wp-content\/uploads\/2025\/10\/KMT-Accumulator-3.png\" \/>\n\t<meta property=\"og:image:width\" content=\"846\" \/>\n\t<meta property=\"og:image:height\" content=\"386\" \/>\n\t<meta property=\"og:image:type\" content=\"image\/png\" \/>\n<meta name=\"twitter:card\" content=\"summary_large_image\" \/>\n<meta name=\"twitter:label1\" content=\"Tiempo de lectura\" \/>\n\t<meta name=\"twitter:data1\" content=\"1 minuto\" \/>\n<script type=\"application\/ld+json\" class=\"yoast-schema-graph\">{\"@context\":\"https:\/\/schema.org\",\"@graph\":[{\"@type\":\"WebPage\",\"@id\":\"https:\/\/panwinjet.com\/product\/ultra-high-pressure-glass-waterjet-cutting-machine-parts-1l-shock-attenuator-for-kmt-style\/\",\"url\":\"https:\/\/panwinjet.com\/product\/ultra-high-pressure-glass-waterjet-cutting-machine-parts-1l-shock-attenuator-for-kmt-style\/\",\"name\":\"Ultra-high pressure Glass waterjet cutting machine parts 1L Shock attenuator For KMT style - Panwin Machinery&amp;Equipment\",\"isPartOf\":{\"@id\":\"https:\/\/panwinjet.com\/#website\"},\"primaryImageOfPage\":{\"@id\":\"https:\/\/panwinjet.com\/product\/ultra-high-pressure-glass-waterjet-cutting-machine-parts-1l-shock-attenuator-for-kmt-style\/#primaryimage\"},\"image\":{\"@id\":\"https:\/\/panwinjet.com\/product\/ultra-high-pressure-glass-waterjet-cutting-machine-parts-1l-shock-attenuator-for-kmt-style\/#primaryimage\"},\"thumbnailUrl\":\"https:\/\/panwinjet.com\/wp-content\/uploads\/2025\/10\/KMT-Accumulator-3.png\",\"datePublished\":\"2025-10-18T17:04:26+00:00\",\"breadcrumb\":{\"@id\":\"https:\/\/panwinjet.com\/product\/ultra-high-pressure-glass-waterjet-cutting-machine-parts-1l-shock-attenuator-for-kmt-style\/#breadcrumb\"},\"inLanguage\":\"es\",\"potentialAction\":[{\"@type\":\"ReadAction\",\"target\":[\"https:\/\/panwinjet.com\/product\/ultra-high-pressure-glass-waterjet-cutting-machine-parts-1l-shock-attenuator-for-kmt-style\/\"]}]},{\"@type\":\"ImageObject\",\"inLanguage\":\"es\",\"@id\":\"https:\/\/panwinjet.com\/product\/ultra-high-pressure-glass-waterjet-cutting-machine-parts-1l-shock-attenuator-for-kmt-style\/#primaryimage\",\"url\":\"https:\/\/panwinjet.com\/wp-content\/uploads\/2025\/10\/KMT-Accumulator-3.png\",\"contentUrl\":\"https:\/\/panwinjet.com\/wp-content\/uploads\/2025\/10\/KMT-Accumulator-3.png\",\"width\":846,\"height\":386},{\"@type\":\"BreadcrumbList\",\"@id\":\"https:\/\/panwinjet.com\/product\/ultra-high-pressure-glass-waterjet-cutting-machine-parts-1l-shock-attenuator-for-kmt-style\/#breadcrumb\",\"itemListElement\":[{\"@type\":\"ListItem\",\"position\":1,\"name\":\"\u9996\u9875\",\"item\":\"https:\/\/panwinjet.com\/\"},{\"@type\":\"ListItem\",\"position\":2,\"name\":\"PRODUCT\",\"item\":\"https:\/\/panwinjet.com\/product\/\"},{\"@type\":\"ListItem\",\"position\":3,\"name\":\"Ultra-high pressure Glass waterjet cutting machine parts 1L Shock attenuator For KMT style\"}]},{\"@type\":\"WebSite\",\"@id\":\"https:\/\/panwinjet.com\/#website\",\"url\":\"https:\/\/panwinjet.com\/\",\"name\":\"Panwin Machinery&amp;Equipment\",\"description\":\"Shenzhen Panwin Machinery&amp;Equipment Co.Ltd\",\"potentialAction\":[{\"@type\":\"SearchAction\",\"target\":{\"@type\":\"EntryPoint\",\"urlTemplate\":\"https:\/\/panwinjet.com\/?s={search_term_string}\"},\"query-input\":{\"@type\":\"PropertyValueSpecification\",\"valueRequired\":true,\"valueName\":\"search_term_string\"}}],\"inLanguage\":\"es\"}]}<\/script>\n<!-- \/ Yoast SEO plugin. -->","yoast_head_json":{"title":"Ultra-high pressure Glass waterjet cutting machine parts 1L Shock attenuator For KMT style - Panwin Machinery&amp;Equipment","robots":{"index":"index","follow":"follow","max-snippet":"max-snippet:-1","max-image-preview":"max-image-preview:large","max-video-preview":"max-video-preview:-1"},"canonical":"https:\/\/panwinjet.com\/es\/producto\/ultra-high-pressure-glass-waterjet-cutting-machine-parts-1l-shock-attenuator-for-kmt-style\/","og_locale":"es_ES","og_type":"article","og_title":"Ultra-high pressure Glass waterjet cutting machine parts 1L Shock attenuator For KMT style - Panwin Machinery&amp;Equipment","og_description":"Ultra-high pressure Glass waterjet cutting machine parts 1L Shock attenuator For KMT style   Introduction of Ultra-high pressure Glass waterjet cutting machine parts 1L Shock attenuator For KMT style   This Ultra-high pressure Glass waterjet cutting machine parts 1L Shock attenuator\u00a0For KMT style is compatible with the KMT No.20498314,\u00a005040696,\u00a005040738, the Capacity is 1L, pressure Rate is 60000psi.","og_url":"https:\/\/panwinjet.com\/es\/producto\/ultra-high-pressure-glass-waterjet-cutting-machine-parts-1l-shock-attenuator-for-kmt-style\/","og_site_name":"Panwin Machinery&amp;Equipment","og_image":[{"width":846,"height":386,"url":"https:\/\/panwinjet.com\/wp-content\/uploads\/2025\/10\/KMT-Accumulator-3.png","type":"image\/png"}],"twitter_card":"summary_large_image","twitter_misc":{"Tiempo de lectura":"1 minuto"},"schema":{"@context":"https:\/\/schema.org","@graph":[{"@type":"WebPage","@id":"https:\/\/panwinjet.com\/product\/ultra-high-pressure-glass-waterjet-cutting-machine-parts-1l-shock-attenuator-for-kmt-style\/","url":"https:\/\/panwinjet.com\/product\/ultra-high-pressure-glass-waterjet-cutting-machine-parts-1l-shock-attenuator-for-kmt-style\/","name":"Ultra-high pressure Glass waterjet cutting machine parts 1L Shock attenuator For KMT style - Panwin Machinery&amp;Equipment","isPartOf":{"@id":"https:\/\/panwinjet.com\/#website"},"primaryImageOfPage":{"@id":"https:\/\/panwinjet.com\/product\/ultra-high-pressure-glass-waterjet-cutting-machine-parts-1l-shock-attenuator-for-kmt-style\/#primaryimage"},"image":{"@id":"https:\/\/panwinjet.com\/product\/ultra-high-pressure-glass-waterjet-cutting-machine-parts-1l-shock-attenuator-for-kmt-style\/#primaryimage"},"thumbnailUrl":"https:\/\/panwinjet.com\/wp-content\/uploads\/2025\/10\/KMT-Accumulator-3.png","datePublished":"2025-10-18T17:04:26+00:00","breadcrumb":{"@id":"https:\/\/panwinjet.com\/product\/ultra-high-pressure-glass-waterjet-cutting-machine-parts-1l-shock-attenuator-for-kmt-style\/#breadcrumb"},"inLanguage":"es","potentialAction":[{"@type":"ReadAction","target":["https:\/\/panwinjet.com\/product\/ultra-high-pressure-glass-waterjet-cutting-machine-parts-1l-shock-attenuator-for-kmt-style\/"]}]},{"@type":"ImageObject","inLanguage":"es","@id":"https:\/\/panwinjet.com\/product\/ultra-high-pressure-glass-waterjet-cutting-machine-parts-1l-shock-attenuator-for-kmt-style\/#primaryimage","url":"https:\/\/panwinjet.com\/wp-content\/uploads\/2025\/10\/KMT-Accumulator-3.png","contentUrl":"https:\/\/panwinjet.com\/wp-content\/uploads\/2025\/10\/KMT-Accumulator-3.png","width":846,"height":386},{"@type":"BreadcrumbList","@id":"https:\/\/panwinjet.com\/product\/ultra-high-pressure-glass-waterjet-cutting-machine-parts-1l-shock-attenuator-for-kmt-style\/#breadcrumb","itemListElement":[{"@type":"ListItem","position":1,"name":"\u9996\u9875","item":"https:\/\/panwinjet.com\/"},{"@type":"ListItem","position":2,"name":"PRODUCT","item":"https:\/\/panwinjet.com\/product\/"},{"@type":"ListItem","position":3,"name":"Ultra-high pressure Glass waterjet cutting machine parts 1L Shock attenuator For KMT style"}]},{"@type":"WebSite","@id":"https:\/\/panwinjet.com\/#website","url":"https:\/\/panwinjet.com\/","name":"Panwin Machinery&amp;Equipment","description":"Shenzhen Panwin Machinery&amp;Equipment Co.Ltd","potentialAction":[{"@type":"SearchAction","target":{"@type":"EntryPoint","urlTemplate":"https:\/\/panwinjet.com\/?s={search_term_string}"},"query-input":{"@type":"PropertyValueSpecification","valueRequired":true,"valueName":"search_term_string"}}],"inLanguage":"es"}]}},"_links":{"self":[{"href":"https:\/\/panwinjet.com\/es\/wp-json\/wp\/v2\/product\/1633","targetHints":{"allow":["GET"]}}],"collection":[{"href":"https:\/\/panwinjet.com\/es\/wp-json\/wp\/v2\/product"}],"about":[{"href":"https:\/\/panwinjet.com\/es\/wp-json\/wp\/v2\/types\/product"}],"wp:featuredmedia":[{"embeddable":true,"href":"https:\/\/panwinjet.com\/es\/wp-json\/wp\/v2\/media\/1634"}],"wp:attachment":[{"href":"https:\/\/panwinjet.com\/es\/wp-json\/wp\/v2\/media?parent=1633"}],"wp:term":[{"taxonomy":"product_brand","embeddable":true,"href":"https:\/\/panwinjet.com\/es\/wp-json\/wp\/v2\/product_brand?post=1633"},{"taxonomy":"product_cat","embeddable":true,"href":"https:\/\/panwinjet.com\/es\/wp-json\/wp\/v2\/product_cat?post=1633"},{"taxonomy":"product_tag","embeddable":true,"href":"https:\/\/panwinjet.com\/es\/wp-json\/wp\/v2\/product_tag?post=1633"}],"curies":[{"name":"wp","href":"https:\/\/api.w.org\/{rel}","templated":true}]}}