{"id":1627,"date":"2025-10-18T16:59:18","date_gmt":"2025-10-18T16:59:18","guid":{"rendered":"https:\/\/panwinjet.com\/?post_type=product&#038;p=1627"},"modified":"2025-10-18T16:59:18","modified_gmt":"2025-10-18T16:59:18","slug":"87k-5-axis-direct-drive-waterjet-cutting-machine-parts-for-flow-on-off-valve-head-adapter-90degree-repair-kit","status":"publish","type":"product","link":"https:\/\/panwinjet.com\/es\/producto\/87k-5-axis-direct-drive-waterjet-cutting-machine-parts-for-flow-on-off-valve-head-adapter-90degree-repair-kit\/","title":{"rendered":"Kit de reparaci\u00f3n de piezas para m\u00e1quina de corte por chorro de agua de accionamiento directo de 5 ejes 87K: adaptador de cabezal de v\u00e1lvula de encendido\/apagado de flujo de 90 grados."},"content":{"rendered":"<p><b><\/b><strong><b>\u00a0Par\u00e1metro (Especificaci\u00f3n) de <\/b><\/strong> <strong><b>Kit de reparaci\u00f3n de piezas para m\u00e1quina de corte por chorro de agua de accionamiento directo de 5 ejes 87K: adaptador de cabezal de v\u00e1lvula de encendido\/apagado de flujo de 90 grados.<\/b><\/strong><\/p>\n<p><strong><b>El <\/b><\/strong><strong><b>87K 5 ejes de accionamiento directo agua<\/b><\/strong><strong><b>&#8211;<\/b><\/strong><strong><b>Kit de reparaci\u00f3n de piezas para m\u00e1quina de corte por chorro de agua: adaptador de cabezal de v\u00e1lvula de encendido\/apagado de flujo de 90 grados.<\/b><\/strong><strong><b>Se utiliza para el cabezal de corte Paser 4; se lo vendemos con el kit de reparaci\u00f3n de la v\u00e1lvula de encendido\/apagado a un mejor precio.<\/b><\/strong><\/p>","protected":false},"excerpt":{"rendered":"<p>Presentaci\u00f3n de piezas para la m\u00e1quina de corte por chorro de agua de accionamiento directo de 5 ejes 87K: kit de reparaci\u00f3n del adaptador del cabezal de la v\u00e1lvula de encendido\/apagado del flujo (90 grados).<br \/>\nEste kit de reparaci\u00f3n de piezas para m\u00e1quina de corte por chorro de agua de accionamiento directo de 5 ejes 87K para adaptador de cabezal de v\u00e1lvula de encendido\/apagado de flujo de 90 grados es para Flow Mach500, el n\u00famero de pieza es 044866-1, es compatible con el cabezal de corte P4.<\/p>","protected":false},"featured_media":1632,"template":"","meta":[],"product_brand":[],"product_cat":[22],"product_tag":[40],"class_list":{"0":"post-1627","1":"product","2":"type-product","3":"status-publish","4":"has-post-thumbnail","6":"product_cat-waterjet-cutting-machine-parts","7":"product_tag-87k-5-axis-direct-drive-swivel-repair-kit","9":"first","10":"instock","11":"shipping-taxable","12":"product-type-simple"},"yoast_head":"<!-- This site is optimized with the Yoast SEO plugin v24.9 - https:\/\/yoast.com\/wordpress\/plugins\/seo\/ -->\n<title>87K 5 Axis direct drive waterjet cutting machine parts for Flow On\/Off Valve head adapter 90degree repair kit - Panwin Machinery&amp;Equipment<\/title>\n<meta name=\"robots\" content=\"index, follow, max-snippet:-1, max-image-preview:large, max-video-preview:-1\" \/>\n<link rel=\"canonical\" href=\"https:\/\/panwinjet.com\/es\/producto\/87k-5-axis-direct-drive-waterjet-cutting-machine-parts-for-flow-on-off-valve-head-adapter-90degree-repair-kit\/\" \/>\n<meta property=\"og:locale\" content=\"es_ES\" \/>\n<meta property=\"og:type\" content=\"article\" \/>\n<meta property=\"og:title\" content=\"87K 5 Axis direct drive waterjet cutting machine parts for Flow On\/Off Valve head adapter 90degree repair kit - Panwin Machinery&amp;Equipment\" \/>\n<meta property=\"og:description\" content=\"Introduction of 87K 5 Axis direct drive waterjet cutting machine parts for Flow On\/Off Valve head adapter 90degree repair kit This 87K 5 Axis direct drive waterjet cutting machine parts for Flow On\/Off Valve head adapter 90degree repair kit is for Flow Mach500,Parts No.is 044866-1,it is compatible with P4 cutting head.\" \/>\n<meta property=\"og:url\" content=\"https:\/\/panwinjet.com\/es\/producto\/87k-5-axis-direct-drive-waterjet-cutting-machine-parts-for-flow-on-off-valve-head-adapter-90degree-repair-kit\/\" \/>\n<meta property=\"og:site_name\" content=\"Panwin Machinery&amp;Equipment\" \/>\n<meta property=\"og:image\" content=\"https:\/\/panwinjet.com\/wp-content\/uploads\/2025\/10\/Flow-044866-1-87K-\u5200\u5934\u65cb\u8f6c\u9600\u672c\u4f539.jpg\" \/>\n\t<meta property=\"og:image:width\" content=\"1706\" \/>\n\t<meta property=\"og:image:height\" content=\"1280\" \/>\n\t<meta property=\"og:image:type\" content=\"image\/jpeg\" \/>\n<meta name=\"twitter:card\" content=\"summary_large_image\" \/>\n<meta name=\"twitter:label1\" content=\"Tiempo de lectura\" \/>\n\t<meta name=\"twitter:data1\" content=\"1 minuto\" \/>\n<script type=\"application\/ld+json\" class=\"yoast-schema-graph\">{\"@context\":\"https:\/\/schema.org\",\"@graph\":[{\"@type\":\"WebPage\",\"@id\":\"https:\/\/panwinjet.com\/product\/87k-5-axis-direct-drive-waterjet-cutting-machine-parts-for-flow-on-off-valve-head-adapter-90degree-repair-kit\/\",\"url\":\"https:\/\/panwinjet.com\/product\/87k-5-axis-direct-drive-waterjet-cutting-machine-parts-for-flow-on-off-valve-head-adapter-90degree-repair-kit\/\",\"name\":\"87K 5 Axis direct drive waterjet cutting machine parts for Flow On\/Off Valve head adapter 90degree repair kit - Panwin Machinery&amp;Equipment\",\"isPartOf\":{\"@id\":\"https:\/\/panwinjet.com\/#website\"},\"primaryImageOfPage\":{\"@id\":\"https:\/\/panwinjet.com\/product\/87k-5-axis-direct-drive-waterjet-cutting-machine-parts-for-flow-on-off-valve-head-adapter-90degree-repair-kit\/#primaryimage\"},\"image\":{\"@id\":\"https:\/\/panwinjet.com\/product\/87k-5-axis-direct-drive-waterjet-cutting-machine-parts-for-flow-on-off-valve-head-adapter-90degree-repair-kit\/#primaryimage\"},\"thumbnailUrl\":\"https:\/\/panwinjet.com\/wp-content\/uploads\/2025\/10\/Flow-044866-1-87K-\u5200\u5934\u65cb\u8f6c\u9600\u672c\u4f539.jpg\",\"datePublished\":\"2025-10-18T16:59:18+00:00\",\"breadcrumb\":{\"@id\":\"https:\/\/panwinjet.com\/product\/87k-5-axis-direct-drive-waterjet-cutting-machine-parts-for-flow-on-off-valve-head-adapter-90degree-repair-kit\/#breadcrumb\"},\"inLanguage\":\"es\",\"potentialAction\":[{\"@type\":\"ReadAction\",\"target\":[\"https:\/\/panwinjet.com\/product\/87k-5-axis-direct-drive-waterjet-cutting-machine-parts-for-flow-on-off-valve-head-adapter-90degree-repair-kit\/\"]}]},{\"@type\":\"ImageObject\",\"inLanguage\":\"es\",\"@id\":\"https:\/\/panwinjet.com\/product\/87k-5-axis-direct-drive-waterjet-cutting-machine-parts-for-flow-on-off-valve-head-adapter-90degree-repair-kit\/#primaryimage\",\"url\":\"https:\/\/panwinjet.com\/wp-content\/uploads\/2025\/10\/Flow-044866-1-87K-\u5200\u5934\u65cb\u8f6c\u9600\u672c\u4f539.jpg\",\"contentUrl\":\"https:\/\/panwinjet.com\/wp-content\/uploads\/2025\/10\/Flow-044866-1-87K-\u5200\u5934\u65cb\u8f6c\u9600\u672c\u4f539.jpg\",\"width\":1706,\"height\":1280},{\"@type\":\"BreadcrumbList\",\"@id\":\"https:\/\/panwinjet.com\/product\/87k-5-axis-direct-drive-waterjet-cutting-machine-parts-for-flow-on-off-valve-head-adapter-90degree-repair-kit\/#breadcrumb\",\"itemListElement\":[{\"@type\":\"ListItem\",\"position\":1,\"name\":\"\u9996\u9875\",\"item\":\"https:\/\/panwinjet.com\/\"},{\"@type\":\"ListItem\",\"position\":2,\"name\":\"PRODUCT\",\"item\":\"https:\/\/panwinjet.com\/product\/\"},{\"@type\":\"ListItem\",\"position\":3,\"name\":\"87K 5 Axis direct drive waterjet cutting machine parts for Flow On\/Off Valve head adapter 90degree repair kit\"}]},{\"@type\":\"WebSite\",\"@id\":\"https:\/\/panwinjet.com\/#website\",\"url\":\"https:\/\/panwinjet.com\/\",\"name\":\"Panwin Machinery&amp;Equipment\",\"description\":\"Shenzhen Panwin Machinery&amp;Equipment Co.Ltd\",\"potentialAction\":[{\"@type\":\"SearchAction\",\"target\":{\"@type\":\"EntryPoint\",\"urlTemplate\":\"https:\/\/panwinjet.com\/?s={search_term_string}\"},\"query-input\":{\"@type\":\"PropertyValueSpecification\",\"valueRequired\":true,\"valueName\":\"search_term_string\"}}],\"inLanguage\":\"es\"}]}<\/script>\n<!-- \/ Yoast SEO plugin. -->","yoast_head_json":{"title":"87K 5 Axis direct drive waterjet cutting machine parts for Flow On\/Off Valve head adapter 90degree repair kit - Panwin Machinery&amp;Equipment","robots":{"index":"index","follow":"follow","max-snippet":"max-snippet:-1","max-image-preview":"max-image-preview:large","max-video-preview":"max-video-preview:-1"},"canonical":"https:\/\/panwinjet.com\/es\/producto\/87k-5-axis-direct-drive-waterjet-cutting-machine-parts-for-flow-on-off-valve-head-adapter-90degree-repair-kit\/","og_locale":"es_ES","og_type":"article","og_title":"87K 5 Axis direct drive waterjet cutting machine parts for Flow On\/Off Valve head adapter 90degree repair kit - Panwin Machinery&amp;Equipment","og_description":"Introduction of 87K 5 Axis direct drive waterjet cutting machine parts for Flow On\/Off Valve head adapter 90degree repair kit This 87K 5 Axis direct drive waterjet cutting machine parts for Flow On\/Off Valve head adapter 90degree repair kit is for Flow Mach500,Parts No.is 044866-1,it is compatible with P4 cutting head.","og_url":"https:\/\/panwinjet.com\/es\/producto\/87k-5-axis-direct-drive-waterjet-cutting-machine-parts-for-flow-on-off-valve-head-adapter-90degree-repair-kit\/","og_site_name":"Panwin Machinery&amp;Equipment","og_image":[{"width":1706,"height":1280,"url":"https:\/\/panwinjet.com\/wp-content\/uploads\/2025\/10\/Flow-044866-1-87K-\u5200\u5934\u65cb\u8f6c\u9600\u672c\u4f539.jpg","type":"image\/jpeg"}],"twitter_card":"summary_large_image","twitter_misc":{"Tiempo de lectura":"1 minuto"},"schema":{"@context":"https:\/\/schema.org","@graph":[{"@type":"WebPage","@id":"https:\/\/panwinjet.com\/product\/87k-5-axis-direct-drive-waterjet-cutting-machine-parts-for-flow-on-off-valve-head-adapter-90degree-repair-kit\/","url":"https:\/\/panwinjet.com\/product\/87k-5-axis-direct-drive-waterjet-cutting-machine-parts-for-flow-on-off-valve-head-adapter-90degree-repair-kit\/","name":"87K 5 Axis direct drive waterjet cutting machine parts for Flow On\/Off Valve head adapter 90degree repair kit - Panwin Machinery&amp;Equipment","isPartOf":{"@id":"https:\/\/panwinjet.com\/#website"},"primaryImageOfPage":{"@id":"https:\/\/panwinjet.com\/product\/87k-5-axis-direct-drive-waterjet-cutting-machine-parts-for-flow-on-off-valve-head-adapter-90degree-repair-kit\/#primaryimage"},"image":{"@id":"https:\/\/panwinjet.com\/product\/87k-5-axis-direct-drive-waterjet-cutting-machine-parts-for-flow-on-off-valve-head-adapter-90degree-repair-kit\/#primaryimage"},"thumbnailUrl":"https:\/\/panwinjet.com\/wp-content\/uploads\/2025\/10\/Flow-044866-1-87K-\u5200\u5934\u65cb\u8f6c\u9600\u672c\u4f539.jpg","datePublished":"2025-10-18T16:59:18+00:00","breadcrumb":{"@id":"https:\/\/panwinjet.com\/product\/87k-5-axis-direct-drive-waterjet-cutting-machine-parts-for-flow-on-off-valve-head-adapter-90degree-repair-kit\/#breadcrumb"},"inLanguage":"es","potentialAction":[{"@type":"ReadAction","target":["https:\/\/panwinjet.com\/product\/87k-5-axis-direct-drive-waterjet-cutting-machine-parts-for-flow-on-off-valve-head-adapter-90degree-repair-kit\/"]}]},{"@type":"ImageObject","inLanguage":"es","@id":"https:\/\/panwinjet.com\/product\/87k-5-axis-direct-drive-waterjet-cutting-machine-parts-for-flow-on-off-valve-head-adapter-90degree-repair-kit\/#primaryimage","url":"https:\/\/panwinjet.com\/wp-content\/uploads\/2025\/10\/Flow-044866-1-87K-\u5200\u5934\u65cb\u8f6c\u9600\u672c\u4f539.jpg","contentUrl":"https:\/\/panwinjet.com\/wp-content\/uploads\/2025\/10\/Flow-044866-1-87K-\u5200\u5934\u65cb\u8f6c\u9600\u672c\u4f539.jpg","width":1706,"height":1280},{"@type":"BreadcrumbList","@id":"https:\/\/panwinjet.com\/product\/87k-5-axis-direct-drive-waterjet-cutting-machine-parts-for-flow-on-off-valve-head-adapter-90degree-repair-kit\/#breadcrumb","itemListElement":[{"@type":"ListItem","position":1,"name":"\u9996\u9875","item":"https:\/\/panwinjet.com\/"},{"@type":"ListItem","position":2,"name":"PRODUCT","item":"https:\/\/panwinjet.com\/product\/"},{"@type":"ListItem","position":3,"name":"87K 5 Axis direct drive waterjet cutting machine parts for Flow On\/Off Valve head adapter 90degree repair kit"}]},{"@type":"WebSite","@id":"https:\/\/panwinjet.com\/#website","url":"https:\/\/panwinjet.com\/","name":"Panwin Machinery&amp;Equipment","description":"Shenzhen Panwin Machinery&amp;Equipment Co.Ltd","potentialAction":[{"@type":"SearchAction","target":{"@type":"EntryPoint","urlTemplate":"https:\/\/panwinjet.com\/?s={search_term_string}"},"query-input":{"@type":"PropertyValueSpecification","valueRequired":true,"valueName":"search_term_string"}}],"inLanguage":"es"}]}},"_links":{"self":[{"href":"https:\/\/panwinjet.com\/es\/wp-json\/wp\/v2\/product\/1627","targetHints":{"allow":["GET"]}}],"collection":[{"href":"https:\/\/panwinjet.com\/es\/wp-json\/wp\/v2\/product"}],"about":[{"href":"https:\/\/panwinjet.com\/es\/wp-json\/wp\/v2\/types\/product"}],"wp:featuredmedia":[{"embeddable":true,"href":"https:\/\/panwinjet.com\/es\/wp-json\/wp\/v2\/media\/1632"}],"wp:attachment":[{"href":"https:\/\/panwinjet.com\/es\/wp-json\/wp\/v2\/media?parent=1627"}],"wp:term":[{"taxonomy":"product_brand","embeddable":true,"href":"https:\/\/panwinjet.com\/es\/wp-json\/wp\/v2\/product_brand?post=1627"},{"taxonomy":"product_cat","embeddable":true,"href":"https:\/\/panwinjet.com\/es\/wp-json\/wp\/v2\/product_cat?post=1627"},{"taxonomy":"product_tag","embeddable":true,"href":"https:\/\/panwinjet.com\/es\/wp-json\/wp\/v2\/product_tag?post=1627"}],"curies":[{"name":"wp","href":"https:\/\/api.w.org\/{rel}","templated":true}]}}