{"id":1620,"date":"2025-10-18T16:56:02","date_gmt":"2025-10-18T16:56:02","guid":{"rendered":"https:\/\/panwinjet.com\/?post_type=product&#038;p=1620"},"modified":"2025-10-18T16:56:02","modified_gmt":"2025-10-18T16:56:02","slug":"60k-high-pressure-waterjet-cutting-machine-parts-for-bhdt-bft-high-pressure-cylinder","status":"publish","type":"product","link":"https:\/\/panwinjet.com\/es\/producto\/60k-high-pressure-waterjet-cutting-machine-parts-for-bhdt-bft-high-pressure-cylinder\/","title":{"rendered":"Piezas para m\u00e1quina de corte por chorro de agua de alta presi\u00f3n 60K para cilindro de alta presi\u00f3n BHDT BFT"},"content":{"rendered":"<p><b><\/b><strong><b>Par\u00e1metro (Especificaci\u00f3n) de <\/b><\/strong><strong><b>Piezas para m\u00e1quina de corte por chorro de agua de alta presi\u00f3n 60K para cilindro de alta presi\u00f3n BHDT BFT <\/b><\/strong><\/p>\n<p>Nuestras piezas para m\u00e1quina de corte por chorro de agua de alta presi\u00f3n HP 60K para cilindro de alta presi\u00f3n BHDT BFT son adecuadas para los modelos CP022009\/779 y HT022040\/779, y son compatibles con la bomba BHDT BFT, son duraderas y de larga vida \u00fatil con certificado CE.<\/p>\n<p>&nbsp;<\/p>\n<p><strong><b>Caracter\u00edsticas y aplicaciones de <\/b><\/strong><strong><b>Piezas para m\u00e1quina de corte por chorro de agua de alta presi\u00f3n 60K para cilindro de alta presi\u00f3n BHDT BFT <\/b><\/strong><\/p>\n<p>Esta m\u00e1quina de corte por chorro de agua de alta presi\u00f3n de 60K, que incluye piezas para cilindros de alta presi\u00f3n BHDT BFT, se caracteriza por su larga vida \u00fatil, su fabricaci\u00f3n en acero inoxidable de alta calidad y su avanzada fabricaci\u00f3n mediante m\u00e1quina herramienta CNC.<\/p>\n<p>Aplicaci\u00f3n: M\u00e1quina de corte por chorro de agua utilizada para cortar metal, piedra, vidrio, etc.<\/p>","protected":false},"excerpt":{"rendered":"<p><strong><b>Introducci\u00f3n de <\/b><\/strong><strong><b>Piezas para m\u00e1quina de corte por chorro de agua de alta presi\u00f3n 60K para cilindro de alta presi\u00f3n BHDT BFT <\/b><\/strong><\/p>\n<p>Este cilindro de alta presi\u00f3n BHDT BFT de 60K es adecuado para el intensificador de cabezal de corte por chorro de agua BHDT bft pieza HT022040\/779 y este cuerpo de cilindro Piezas No. CP022009\/779.<\/p>","protected":false},"featured_media":1622,"template":"","meta":[],"product_brand":[],"product_cat":[22],"product_tag":[39],"class_list":{"0":"post-1620","1":"product","2":"type-product","3":"status-publish","4":"has-post-thumbnail","6":"product_cat-waterjet-cutting-machine-parts","7":"product_tag-bhdt-bft-high-pressure-cylinder","9":"first","10":"instock","11":"shipping-taxable","12":"product-type-simple"},"yoast_head":"<!-- This site is optimized with the Yoast SEO plugin v24.9 - https:\/\/yoast.com\/wordpress\/plugins\/seo\/ -->\n<title>60K high pressure waterjet cutting machine parts for BHDT BFT High Pressure Cylinder - Panwin Machinery&amp;Equipment<\/title>\n<meta name=\"robots\" content=\"index, follow, max-snippet:-1, max-image-preview:large, max-video-preview:-1\" \/>\n<link rel=\"canonical\" href=\"https:\/\/panwinjet.com\/es\/producto\/60k-high-pressure-waterjet-cutting-machine-parts-for-bhdt-bft-high-pressure-cylinder\/\" \/>\n<meta property=\"og:locale\" content=\"es_ES\" \/>\n<meta property=\"og:type\" content=\"article\" \/>\n<meta property=\"og:title\" content=\"60K high pressure waterjet cutting machine parts for BHDT BFT High Pressure Cylinder - Panwin Machinery&amp;Equipment\" \/>\n<meta property=\"og:description\" content=\"Introduction of 60K high pressure waterjet cutting machine parts for BHDT BFT High Pressure Cylinder   This 60K\u00a0BHDT BFT High Pressure Cylinder is fit\u00a0for BHDT\u00a0bft water jet cutting head intensifier part HT022040\/779, and this cylinder body Parts No.\u00a0CP022009\/779.\" \/>\n<meta property=\"og:url\" content=\"https:\/\/panwinjet.com\/es\/producto\/60k-high-pressure-waterjet-cutting-machine-parts-for-bhdt-bft-high-pressure-cylinder\/\" \/>\n<meta property=\"og:site_name\" content=\"Panwin Machinery&amp;Equipment\" \/>\n<meta property=\"og:image\" content=\"https:\/\/panwinjet.com\/wp-content\/uploads\/2025\/10\/BFT-\u9ad8\u538b\u7f38-5-scaled.jpg\" \/>\n\t<meta property=\"og:image:width\" content=\"1920\" \/>\n\t<meta property=\"og:image:height\" content=\"2560\" \/>\n\t<meta property=\"og:image:type\" content=\"image\/jpeg\" \/>\n<meta name=\"twitter:card\" content=\"summary_large_image\" \/>\n<meta name=\"twitter:label1\" content=\"Tiempo de lectura\" \/>\n\t<meta name=\"twitter:data1\" content=\"1 minuto\" \/>\n<script type=\"application\/ld+json\" class=\"yoast-schema-graph\">{\"@context\":\"https:\/\/schema.org\",\"@graph\":[{\"@type\":\"WebPage\",\"@id\":\"https:\/\/panwinjet.com\/product\/60k-high-pressure-waterjet-cutting-machine-parts-for-bhdt-bft-high-pressure-cylinder\/\",\"url\":\"https:\/\/panwinjet.com\/product\/60k-high-pressure-waterjet-cutting-machine-parts-for-bhdt-bft-high-pressure-cylinder\/\",\"name\":\"60K high pressure waterjet cutting machine parts for BHDT BFT High Pressure Cylinder - Panwin Machinery&amp;Equipment\",\"isPartOf\":{\"@id\":\"https:\/\/panwinjet.com\/#website\"},\"primaryImageOfPage\":{\"@id\":\"https:\/\/panwinjet.com\/product\/60k-high-pressure-waterjet-cutting-machine-parts-for-bhdt-bft-high-pressure-cylinder\/#primaryimage\"},\"image\":{\"@id\":\"https:\/\/panwinjet.com\/product\/60k-high-pressure-waterjet-cutting-machine-parts-for-bhdt-bft-high-pressure-cylinder\/#primaryimage\"},\"thumbnailUrl\":\"https:\/\/panwinjet.com\/wp-content\/uploads\/2025\/10\/BFT-\u9ad8\u538b\u7f38-5-scaled.jpg\",\"datePublished\":\"2025-10-18T16:56:02+00:00\",\"breadcrumb\":{\"@id\":\"https:\/\/panwinjet.com\/product\/60k-high-pressure-waterjet-cutting-machine-parts-for-bhdt-bft-high-pressure-cylinder\/#breadcrumb\"},\"inLanguage\":\"es\",\"potentialAction\":[{\"@type\":\"ReadAction\",\"target\":[\"https:\/\/panwinjet.com\/product\/60k-high-pressure-waterjet-cutting-machine-parts-for-bhdt-bft-high-pressure-cylinder\/\"]}]},{\"@type\":\"ImageObject\",\"inLanguage\":\"es\",\"@id\":\"https:\/\/panwinjet.com\/product\/60k-high-pressure-waterjet-cutting-machine-parts-for-bhdt-bft-high-pressure-cylinder\/#primaryimage\",\"url\":\"https:\/\/panwinjet.com\/wp-content\/uploads\/2025\/10\/BFT-\u9ad8\u538b\u7f38-5-scaled.jpg\",\"contentUrl\":\"https:\/\/panwinjet.com\/wp-content\/uploads\/2025\/10\/BFT-\u9ad8\u538b\u7f38-5-scaled.jpg\",\"width\":1920,\"height\":2560},{\"@type\":\"BreadcrumbList\",\"@id\":\"https:\/\/panwinjet.com\/product\/60k-high-pressure-waterjet-cutting-machine-parts-for-bhdt-bft-high-pressure-cylinder\/#breadcrumb\",\"itemListElement\":[{\"@type\":\"ListItem\",\"position\":1,\"name\":\"\u9996\u9875\",\"item\":\"https:\/\/panwinjet.com\/\"},{\"@type\":\"ListItem\",\"position\":2,\"name\":\"PRODUCT\",\"item\":\"https:\/\/panwinjet.com\/product\/\"},{\"@type\":\"ListItem\",\"position\":3,\"name\":\"60K high pressure waterjet cutting machine parts for BHDT BFT High Pressure Cylinder\"}]},{\"@type\":\"WebSite\",\"@id\":\"https:\/\/panwinjet.com\/#website\",\"url\":\"https:\/\/panwinjet.com\/\",\"name\":\"Panwin Machinery&amp;Equipment\",\"description\":\"Shenzhen Panwin Machinery&amp;Equipment Co.Ltd\",\"potentialAction\":[{\"@type\":\"SearchAction\",\"target\":{\"@type\":\"EntryPoint\",\"urlTemplate\":\"https:\/\/panwinjet.com\/?s={search_term_string}\"},\"query-input\":{\"@type\":\"PropertyValueSpecification\",\"valueRequired\":true,\"valueName\":\"search_term_string\"}}],\"inLanguage\":\"es\"}]}<\/script>\n<!-- \/ Yoast SEO plugin. -->","yoast_head_json":{"title":"60K high pressure waterjet cutting machine parts for BHDT BFT High Pressure Cylinder - Panwin Machinery&amp;Equipment","robots":{"index":"index","follow":"follow","max-snippet":"max-snippet:-1","max-image-preview":"max-image-preview:large","max-video-preview":"max-video-preview:-1"},"canonical":"https:\/\/panwinjet.com\/es\/producto\/60k-high-pressure-waterjet-cutting-machine-parts-for-bhdt-bft-high-pressure-cylinder\/","og_locale":"es_ES","og_type":"article","og_title":"60K high pressure waterjet cutting machine parts for BHDT BFT High Pressure Cylinder - Panwin Machinery&amp;Equipment","og_description":"Introduction of 60K high pressure waterjet cutting machine parts for BHDT BFT High Pressure Cylinder   This 60K\u00a0BHDT BFT High Pressure Cylinder is fit\u00a0for BHDT\u00a0bft water jet cutting head intensifier part HT022040\/779, and this cylinder body Parts No.\u00a0CP022009\/779.","og_url":"https:\/\/panwinjet.com\/es\/producto\/60k-high-pressure-waterjet-cutting-machine-parts-for-bhdt-bft-high-pressure-cylinder\/","og_site_name":"Panwin Machinery&amp;Equipment","og_image":[{"width":1920,"height":2560,"url":"https:\/\/panwinjet.com\/wp-content\/uploads\/2025\/10\/BFT-\u9ad8\u538b\u7f38-5-scaled.jpg","type":"image\/jpeg"}],"twitter_card":"summary_large_image","twitter_misc":{"Tiempo de lectura":"1 minuto"},"schema":{"@context":"https:\/\/schema.org","@graph":[{"@type":"WebPage","@id":"https:\/\/panwinjet.com\/product\/60k-high-pressure-waterjet-cutting-machine-parts-for-bhdt-bft-high-pressure-cylinder\/","url":"https:\/\/panwinjet.com\/product\/60k-high-pressure-waterjet-cutting-machine-parts-for-bhdt-bft-high-pressure-cylinder\/","name":"60K high pressure waterjet cutting machine parts for BHDT BFT High Pressure Cylinder - Panwin Machinery&amp;Equipment","isPartOf":{"@id":"https:\/\/panwinjet.com\/#website"},"primaryImageOfPage":{"@id":"https:\/\/panwinjet.com\/product\/60k-high-pressure-waterjet-cutting-machine-parts-for-bhdt-bft-high-pressure-cylinder\/#primaryimage"},"image":{"@id":"https:\/\/panwinjet.com\/product\/60k-high-pressure-waterjet-cutting-machine-parts-for-bhdt-bft-high-pressure-cylinder\/#primaryimage"},"thumbnailUrl":"https:\/\/panwinjet.com\/wp-content\/uploads\/2025\/10\/BFT-\u9ad8\u538b\u7f38-5-scaled.jpg","datePublished":"2025-10-18T16:56:02+00:00","breadcrumb":{"@id":"https:\/\/panwinjet.com\/product\/60k-high-pressure-waterjet-cutting-machine-parts-for-bhdt-bft-high-pressure-cylinder\/#breadcrumb"},"inLanguage":"es","potentialAction":[{"@type":"ReadAction","target":["https:\/\/panwinjet.com\/product\/60k-high-pressure-waterjet-cutting-machine-parts-for-bhdt-bft-high-pressure-cylinder\/"]}]},{"@type":"ImageObject","inLanguage":"es","@id":"https:\/\/panwinjet.com\/product\/60k-high-pressure-waterjet-cutting-machine-parts-for-bhdt-bft-high-pressure-cylinder\/#primaryimage","url":"https:\/\/panwinjet.com\/wp-content\/uploads\/2025\/10\/BFT-\u9ad8\u538b\u7f38-5-scaled.jpg","contentUrl":"https:\/\/panwinjet.com\/wp-content\/uploads\/2025\/10\/BFT-\u9ad8\u538b\u7f38-5-scaled.jpg","width":1920,"height":2560},{"@type":"BreadcrumbList","@id":"https:\/\/panwinjet.com\/product\/60k-high-pressure-waterjet-cutting-machine-parts-for-bhdt-bft-high-pressure-cylinder\/#breadcrumb","itemListElement":[{"@type":"ListItem","position":1,"name":"\u9996\u9875","item":"https:\/\/panwinjet.com\/"},{"@type":"ListItem","position":2,"name":"PRODUCT","item":"https:\/\/panwinjet.com\/product\/"},{"@type":"ListItem","position":3,"name":"60K high pressure waterjet cutting machine parts for BHDT BFT High Pressure Cylinder"}]},{"@type":"WebSite","@id":"https:\/\/panwinjet.com\/#website","url":"https:\/\/panwinjet.com\/","name":"Panwin Machinery&amp;Equipment","description":"Shenzhen Panwin Machinery&amp;Equipment Co.Ltd","potentialAction":[{"@type":"SearchAction","target":{"@type":"EntryPoint","urlTemplate":"https:\/\/panwinjet.com\/?s={search_term_string}"},"query-input":{"@type":"PropertyValueSpecification","valueRequired":true,"valueName":"search_term_string"}}],"inLanguage":"es"}]}},"_links":{"self":[{"href":"https:\/\/panwinjet.com\/es\/wp-json\/wp\/v2\/product\/1620","targetHints":{"allow":["GET"]}}],"collection":[{"href":"https:\/\/panwinjet.com\/es\/wp-json\/wp\/v2\/product"}],"about":[{"href":"https:\/\/panwinjet.com\/es\/wp-json\/wp\/v2\/types\/product"}],"wp:featuredmedia":[{"embeddable":true,"href":"https:\/\/panwinjet.com\/es\/wp-json\/wp\/v2\/media\/1622"}],"wp:attachment":[{"href":"https:\/\/panwinjet.com\/es\/wp-json\/wp\/v2\/media?parent=1620"}],"wp:term":[{"taxonomy":"product_brand","embeddable":true,"href":"https:\/\/panwinjet.com\/es\/wp-json\/wp\/v2\/product_brand?post=1620"},{"taxonomy":"product_cat","embeddable":true,"href":"https:\/\/panwinjet.com\/es\/wp-json\/wp\/v2\/product_cat?post=1620"},{"taxonomy":"product_tag","embeddable":true,"href":"https:\/\/panwinjet.com\/es\/wp-json\/wp\/v2\/product_tag?post=1620"}],"curies":[{"name":"wp","href":"https:\/\/api.w.org\/{rel}","templated":true}]}}