{"id":1576,"date":"2025-10-18T16:21:57","date_gmt":"2025-10-18T16:21:57","guid":{"rendered":"https:\/\/panwinjet.com\/?post_type=product&#038;p=1576"},"modified":"2025-10-18T16:21:58","modified_gmt":"2025-10-18T16:21:58","slug":"90kpsi-high-pressure-waterjet-cutting-machine-for-90k-gland-nut-sealing-head-slpro-iii","status":"publish","type":"product","link":"https:\/\/panwinjet.com\/es\/producto\/90kpsi-high-pressure-waterjet-cutting-machine-for-90k-gland-nut-sealing-head-slpro-iii\/","title":{"rendered":"M\u00e1quina de corte por chorro de agua a alta presi\u00f3n de 90 kpsi para tuerca de prensaestopas de 90 kpsi, cabezal de sellado, SLPRO III"},"content":{"rendered":"<p><strong><b>Par\u00e1metro (Especificaci\u00f3n) de <\/b><\/strong><strong><b>M\u00e1quina de corte por chorro de agua a alta presi\u00f3n de 90 kpsi para tuerca de prensaestopas de 90 kpsi, cabezal de sellado, SLPRO III<\/b><\/strong><\/p>\n<p>Nuestra m\u00e1quina de corte por chorro de agua de alta presi\u00f3n Panwin de 90Kpsi para tuerca de prensaestopas 90K, cabezal de sellado, SLPRO III es compatible con el conjunto de cabezal de sellado, StreamLine Pro III 90K Flat Inlet- KMT No.7219002179.<\/p>\n<p>Se utiliza principalmente con tornillo de retenci\u00f3n, retenedor de v\u00e1lvula de entrada, juego de arandelas, retenedor de v\u00e1lvula de entrada, cuerpo, cabezal de sellado SLPRO 90K, v\u00e1lvula de salida plana, cabezal de sellado, gu\u00eda de resorte, v\u00e1lvula de salida plana, cabezal de sellado, etc.<\/p>","protected":false},"excerpt":{"rendered":"<p><strong><b>M\u00e1quina de corte por chorro de agua a alta presi\u00f3n de 90 kpsi para tuerca de prensaestopas de 90 kpsi, cabezal de sellado, SLPRO III<\/b><\/strong><\/p>\n<p><strong><b>Introducci\u00f3n de <\/b><\/strong><strong><b>M\u00e1quina de corte por chorro de agua a alta presi\u00f3n de 90 kpsi para tuerca de prensaestopas de 90 kpsi, cabezal de sellado, SLPRO III<\/b><\/strong><\/p>\n<p><strong><b>Este \u00a0<\/b><\/strong><strong><b>M\u00e1quina de corte por chorro de agua a alta presi\u00f3n de 90 kpsi para tuerca de prensaestopas de 90 kpsi, cabezal de sellado, SLPRO III<\/b><\/strong><strong><b>\u00a0Se utiliza para KMT StreamLine Pro III, el n\u00famero de pieza de KMT es 72180624.<\/b><\/strong><\/p>","protected":false},"featured_media":1579,"template":"","meta":[],"product_brand":[],"product_cat":[22],"product_tag":[35],"class_list":{"0":"post-1576","1":"product","2":"type-product","3":"status-publish","4":"has-post-thumbnail","6":"product_cat-waterjet-cutting-machine-parts","7":"product_tag-waterjet-cutting-machine-parts-90k-kmt","9":"first","10":"instock","11":"shipping-taxable","12":"product-type-simple"},"yoast_head":"<!-- This site is optimized with the Yoast SEO plugin v24.9 - https:\/\/yoast.com\/wordpress\/plugins\/seo\/ -->\n<title>90Kpsi high pressure waterjet cutting machine for 90K GLAND NUT, SEALING HEAD, SLPRO III - Panwin Machinery&amp;Equipment<\/title>\n<meta name=\"robots\" content=\"index, follow, max-snippet:-1, max-image-preview:large, max-video-preview:-1\" \/>\n<link rel=\"canonical\" href=\"https:\/\/panwinjet.com\/es\/producto\/90kpsi-high-pressure-waterjet-cutting-machine-for-90k-gland-nut-sealing-head-slpro-iii\/\" \/>\n<meta property=\"og:locale\" content=\"es_ES\" \/>\n<meta property=\"og:type\" content=\"article\" \/>\n<meta property=\"og:title\" content=\"90Kpsi high pressure waterjet cutting machine for 90K GLAND NUT, SEALING HEAD, SLPRO III - Panwin Machinery&amp;Equipment\" \/>\n<meta property=\"og:description\" content=\"90Kpsi high pressure waterjet cutting machine for 90K GLAND NUT, SEALING HEAD, SLPRO III  Introduction of 90Kpsi high pressure waterjet cutting machine for 90K GLAND NUT, SEALING HEAD, SLPRO III  This \u00a090Kpsi high pressure waterjet cutting machine for 90K GLAND NUT, SEALING HEAD, SLPRO III\u00a0is used for KMT StreamLine Pro III,KMT parts No is 72180624.\" \/>\n<meta property=\"og:url\" content=\"https:\/\/panwinjet.com\/es\/producto\/90kpsi-high-pressure-waterjet-cutting-machine-for-90k-gland-nut-sealing-head-slpro-iii\/\" \/>\n<meta property=\"og:site_name\" content=\"Panwin Machinery&amp;Equipment\" \/>\n<meta property=\"article:modified_time\" content=\"2025-10-18T16:21:58+00:00\" \/>\n<meta property=\"og:image\" content=\"https:\/\/panwinjet.com\/wp-content\/uploads\/2025\/10\/KMT-\u5355\u5411\u9600-4-scaled.jpg\" \/>\n\t<meta property=\"og:image:width\" content=\"1920\" \/>\n\t<meta property=\"og:image:height\" content=\"2560\" \/>\n\t<meta property=\"og:image:type\" content=\"image\/jpeg\" \/>\n<meta name=\"twitter:card\" content=\"summary_large_image\" \/>\n<meta name=\"twitter:label1\" content=\"Tiempo de lectura\" \/>\n\t<meta name=\"twitter:data1\" content=\"1 minuto\" \/>\n<script type=\"application\/ld+json\" class=\"yoast-schema-graph\">{\"@context\":\"https:\/\/schema.org\",\"@graph\":[{\"@type\":\"WebPage\",\"@id\":\"https:\/\/panwinjet.com\/product\/90kpsi-high-pressure-waterjet-cutting-machine-for-90k-gland-nut-sealing-head-slpro-iii\/\",\"url\":\"https:\/\/panwinjet.com\/product\/90kpsi-high-pressure-waterjet-cutting-machine-for-90k-gland-nut-sealing-head-slpro-iii\/\",\"name\":\"90Kpsi high pressure waterjet cutting machine for 90K GLAND NUT, SEALING HEAD, SLPRO III - Panwin Machinery&amp;Equipment\",\"isPartOf\":{\"@id\":\"https:\/\/panwinjet.com\/#website\"},\"primaryImageOfPage\":{\"@id\":\"https:\/\/panwinjet.com\/product\/90kpsi-high-pressure-waterjet-cutting-machine-for-90k-gland-nut-sealing-head-slpro-iii\/#primaryimage\"},\"image\":{\"@id\":\"https:\/\/panwinjet.com\/product\/90kpsi-high-pressure-waterjet-cutting-machine-for-90k-gland-nut-sealing-head-slpro-iii\/#primaryimage\"},\"thumbnailUrl\":\"https:\/\/panwinjet.com\/wp-content\/uploads\/2025\/10\/KMT-\u5355\u5411\u9600-4-scaled.jpg\",\"datePublished\":\"2025-10-18T16:21:57+00:00\",\"dateModified\":\"2025-10-18T16:21:58+00:00\",\"breadcrumb\":{\"@id\":\"https:\/\/panwinjet.com\/product\/90kpsi-high-pressure-waterjet-cutting-machine-for-90k-gland-nut-sealing-head-slpro-iii\/#breadcrumb\"},\"inLanguage\":\"es\",\"potentialAction\":[{\"@type\":\"ReadAction\",\"target\":[\"https:\/\/panwinjet.com\/product\/90kpsi-high-pressure-waterjet-cutting-machine-for-90k-gland-nut-sealing-head-slpro-iii\/\"]}]},{\"@type\":\"ImageObject\",\"inLanguage\":\"es\",\"@id\":\"https:\/\/panwinjet.com\/product\/90kpsi-high-pressure-waterjet-cutting-machine-for-90k-gland-nut-sealing-head-slpro-iii\/#primaryimage\",\"url\":\"https:\/\/panwinjet.com\/wp-content\/uploads\/2025\/10\/KMT-\u5355\u5411\u9600-4-scaled.jpg\",\"contentUrl\":\"https:\/\/panwinjet.com\/wp-content\/uploads\/2025\/10\/KMT-\u5355\u5411\u9600-4-scaled.jpg\",\"width\":1920,\"height\":2560},{\"@type\":\"BreadcrumbList\",\"@id\":\"https:\/\/panwinjet.com\/product\/90kpsi-high-pressure-waterjet-cutting-machine-for-90k-gland-nut-sealing-head-slpro-iii\/#breadcrumb\",\"itemListElement\":[{\"@type\":\"ListItem\",\"position\":1,\"name\":\"\u9996\u9875\",\"item\":\"https:\/\/panwinjet.com\/\"},{\"@type\":\"ListItem\",\"position\":2,\"name\":\"PRODUCT\",\"item\":\"https:\/\/panwinjet.com\/product\/\"},{\"@type\":\"ListItem\",\"position\":3,\"name\":\"90Kpsi high pressure waterjet cutting machine for 90K GLAND NUT, SEALING HEAD, SLPRO III\"}]},{\"@type\":\"WebSite\",\"@id\":\"https:\/\/panwinjet.com\/#website\",\"url\":\"https:\/\/panwinjet.com\/\",\"name\":\"Panwin Machinery&amp;Equipment\",\"description\":\"Shenzhen Panwin Machinery&amp;Equipment Co.Ltd\",\"potentialAction\":[{\"@type\":\"SearchAction\",\"target\":{\"@type\":\"EntryPoint\",\"urlTemplate\":\"https:\/\/panwinjet.com\/?s={search_term_string}\"},\"query-input\":{\"@type\":\"PropertyValueSpecification\",\"valueRequired\":true,\"valueName\":\"search_term_string\"}}],\"inLanguage\":\"es\"}]}<\/script>\n<!-- \/ Yoast SEO plugin. -->","yoast_head_json":{"title":"90Kpsi high pressure waterjet cutting machine for 90K GLAND NUT, SEALING HEAD, SLPRO III - Panwin Machinery&amp;Equipment","robots":{"index":"index","follow":"follow","max-snippet":"max-snippet:-1","max-image-preview":"max-image-preview:large","max-video-preview":"max-video-preview:-1"},"canonical":"https:\/\/panwinjet.com\/es\/producto\/90kpsi-high-pressure-waterjet-cutting-machine-for-90k-gland-nut-sealing-head-slpro-iii\/","og_locale":"es_ES","og_type":"article","og_title":"90Kpsi high pressure waterjet cutting machine for 90K GLAND NUT, SEALING HEAD, SLPRO III - Panwin Machinery&amp;Equipment","og_description":"90Kpsi high pressure waterjet cutting machine for 90K GLAND NUT, SEALING HEAD, SLPRO III  Introduction of 90Kpsi high pressure waterjet cutting machine for 90K GLAND NUT, SEALING HEAD, SLPRO III  This \u00a090Kpsi high pressure waterjet cutting machine for 90K GLAND NUT, SEALING HEAD, SLPRO III\u00a0is used for KMT StreamLine Pro III,KMT parts No is 72180624.","og_url":"https:\/\/panwinjet.com\/es\/producto\/90kpsi-high-pressure-waterjet-cutting-machine-for-90k-gland-nut-sealing-head-slpro-iii\/","og_site_name":"Panwin Machinery&amp;Equipment","article_modified_time":"2025-10-18T16:21:58+00:00","og_image":[{"width":1920,"height":2560,"url":"https:\/\/panwinjet.com\/wp-content\/uploads\/2025\/10\/KMT-\u5355\u5411\u9600-4-scaled.jpg","type":"image\/jpeg"}],"twitter_card":"summary_large_image","twitter_misc":{"Tiempo de lectura":"1 minuto"},"schema":{"@context":"https:\/\/schema.org","@graph":[{"@type":"WebPage","@id":"https:\/\/panwinjet.com\/product\/90kpsi-high-pressure-waterjet-cutting-machine-for-90k-gland-nut-sealing-head-slpro-iii\/","url":"https:\/\/panwinjet.com\/product\/90kpsi-high-pressure-waterjet-cutting-machine-for-90k-gland-nut-sealing-head-slpro-iii\/","name":"90Kpsi high pressure waterjet cutting machine for 90K GLAND NUT, SEALING HEAD, SLPRO III - Panwin Machinery&amp;Equipment","isPartOf":{"@id":"https:\/\/panwinjet.com\/#website"},"primaryImageOfPage":{"@id":"https:\/\/panwinjet.com\/product\/90kpsi-high-pressure-waterjet-cutting-machine-for-90k-gland-nut-sealing-head-slpro-iii\/#primaryimage"},"image":{"@id":"https:\/\/panwinjet.com\/product\/90kpsi-high-pressure-waterjet-cutting-machine-for-90k-gland-nut-sealing-head-slpro-iii\/#primaryimage"},"thumbnailUrl":"https:\/\/panwinjet.com\/wp-content\/uploads\/2025\/10\/KMT-\u5355\u5411\u9600-4-scaled.jpg","datePublished":"2025-10-18T16:21:57+00:00","dateModified":"2025-10-18T16:21:58+00:00","breadcrumb":{"@id":"https:\/\/panwinjet.com\/product\/90kpsi-high-pressure-waterjet-cutting-machine-for-90k-gland-nut-sealing-head-slpro-iii\/#breadcrumb"},"inLanguage":"es","potentialAction":[{"@type":"ReadAction","target":["https:\/\/panwinjet.com\/product\/90kpsi-high-pressure-waterjet-cutting-machine-for-90k-gland-nut-sealing-head-slpro-iii\/"]}]},{"@type":"ImageObject","inLanguage":"es","@id":"https:\/\/panwinjet.com\/product\/90kpsi-high-pressure-waterjet-cutting-machine-for-90k-gland-nut-sealing-head-slpro-iii\/#primaryimage","url":"https:\/\/panwinjet.com\/wp-content\/uploads\/2025\/10\/KMT-\u5355\u5411\u9600-4-scaled.jpg","contentUrl":"https:\/\/panwinjet.com\/wp-content\/uploads\/2025\/10\/KMT-\u5355\u5411\u9600-4-scaled.jpg","width":1920,"height":2560},{"@type":"BreadcrumbList","@id":"https:\/\/panwinjet.com\/product\/90kpsi-high-pressure-waterjet-cutting-machine-for-90k-gland-nut-sealing-head-slpro-iii\/#breadcrumb","itemListElement":[{"@type":"ListItem","position":1,"name":"\u9996\u9875","item":"https:\/\/panwinjet.com\/"},{"@type":"ListItem","position":2,"name":"PRODUCT","item":"https:\/\/panwinjet.com\/product\/"},{"@type":"ListItem","position":3,"name":"90Kpsi high pressure waterjet cutting machine for 90K GLAND NUT, SEALING HEAD, SLPRO III"}]},{"@type":"WebSite","@id":"https:\/\/panwinjet.com\/#website","url":"https:\/\/panwinjet.com\/","name":"Panwin Machinery&amp;Equipment","description":"Shenzhen Panwin Machinery&amp;Equipment Co.Ltd","potentialAction":[{"@type":"SearchAction","target":{"@type":"EntryPoint","urlTemplate":"https:\/\/panwinjet.com\/?s={search_term_string}"},"query-input":{"@type":"PropertyValueSpecification","valueRequired":true,"valueName":"search_term_string"}}],"inLanguage":"es"}]}},"_links":{"self":[{"href":"https:\/\/panwinjet.com\/es\/wp-json\/wp\/v2\/product\/1576","targetHints":{"allow":["GET"]}}],"collection":[{"href":"https:\/\/panwinjet.com\/es\/wp-json\/wp\/v2\/product"}],"about":[{"href":"https:\/\/panwinjet.com\/es\/wp-json\/wp\/v2\/types\/product"}],"wp:featuredmedia":[{"embeddable":true,"href":"https:\/\/panwinjet.com\/es\/wp-json\/wp\/v2\/media\/1579"}],"wp:attachment":[{"href":"https:\/\/panwinjet.com\/es\/wp-json\/wp\/v2\/media?parent=1576"}],"wp:term":[{"taxonomy":"product_brand","embeddable":true,"href":"https:\/\/panwinjet.com\/es\/wp-json\/wp\/v2\/product_brand?post=1576"},{"taxonomy":"product_cat","embeddable":true,"href":"https:\/\/panwinjet.com\/es\/wp-json\/wp\/v2\/product_cat?post=1576"},{"taxonomy":"product_tag","embeddable":true,"href":"https:\/\/panwinjet.com\/es\/wp-json\/wp\/v2\/product_tag?post=1576"}],"curies":[{"name":"wp","href":"https:\/\/api.w.org\/{rel}","templated":true}]}}