{"id":1551,"date":"2025-10-17T11:20:34","date_gmt":"2025-10-17T11:20:34","guid":{"rendered":"https:\/\/panwinjet.com\/?post_type=product&#038;p=1551"},"modified":"2025-10-17T11:20:34","modified_gmt":"2025-10-17T11:20:34","slug":"excellent-quality-22k-uhp-hydro-blasting-triple-plunger-water-blaster-bypass-hand-adjustable-valve","status":"publish","type":"product","link":"https:\/\/panwinjet.com\/es\/producto\/excellent-quality-22k-uhp-hydro-blasting-triple-plunger-water-blaster-bypass-hand-adjustable-valve\/","title":{"rendered":"Pistola de agua de triple \u00e9mbolo UHP de 22K de excelente calidad con v\u00e1lvula de derivaci\u00f3n ajustable manualmente"},"content":{"rendered":"<p><strong><b>Caracter\u00edstica del producto y aplicaci\u00f3n de las piezas de la m\u00e1quina de limpieza Hydro Jet V\u00e1lvula reguladora ajustable manualmente<\/b><\/strong><\/p>\n<p>Le suministramos las piezas de la m\u00e1quina de limpieza Hydro Jet, la v\u00e1lvula reguladora ajustable a mano Jetstream No. 54592 con el cartucho de derivaci\u00f3n Jetstream 22K, las piezas No. 52255 se utilizan para la unidad Jetstream est\u00e1ndar Jetstream 20Kpsi Fluid End, es una v\u00e1lvula de derivaci\u00f3n \u00fanica y extraordinariamente avanzada, y tiene estas caracter\u00edsticas superiores:<\/p>\n<p>Caracter\u00edsticas:<\/p>\n<p>1: El tratamiento s\u00faper resistente al desgaste y endurecido hace que todo el cuerpo de la v\u00e1lvula ByPass del UHP Water Blaster no solo sea resistente al desgaste y duradero, sino que tambi\u00e9n mantiene el cuerpo de la v\u00e1lvula limpio y duradero.<\/p>\n<p>2: Dise\u00f1o de cartucho reemplazable en campo para un servicio m\u00ednimo.<\/p>\n<p>3: Ajuste manual: no se necesita llave<\/p>\n<p>4: Todos los componentes que soportan presi\u00f3n est\u00e1n mecanizados con precisi\u00f3n a partir de acero inoxidable.<\/p>\n<p>5:El modelo de montaje del lado de la bomba se monta directamente en el colector del extremo del fluido.<\/p>","protected":false},"excerpt":{"rendered":"<p>Pistola de agua de triple \u00e9mbolo UHP 22K de excelente calidad con v\u00e1lvula de derivaci\u00f3n y ajuste manual.<\/p>\n<p>Le vendemos la bomba de \u00e9mbolo triplex Jetstream Style 22K UHP, m\u00e1quina de limpieza Hydro Jet, v\u00e1lvula ByPass, regulador ajustable manualmente, base montada, compatible Jetstream No.54592.<\/p>\n<p>La v\u00e1lvula manual ByPass de 20 Kpsi para chorro de agua UHP Hydro-Jetting Blaster, piezas de equipos de limpieza para la industria qu\u00edmica, es una v\u00e1lvula reguladora que desv\u00eda una parte del flujo de la bomba a una salida de baja presi\u00f3n y se puede usar en unidades di\u00e9sel y el\u00e9ctricas.<\/p>\n<p>La m\u00e1quina de limpieza de tubos con chorro de agua a presi\u00f3n UHP de 1500 bar y v\u00e1lvula de derivaci\u00f3n de 22 Kpsi controla la presi\u00f3n de la bomba purgando el exceso de agua y difundi\u00e9ndolo a baja presi\u00f3n.<\/p>","protected":false},"featured_media":1554,"template":"","meta":[],"product_brand":[],"product_cat":[7],"product_tag":[],"class_list":{"0":"post-1551","1":"product","2":"type-product","3":"status-publish","4":"has-post-thumbnail","6":"product_cat-jetstream-pump-fluid-end-compatibe-parts","8":"first","9":"instock","10":"shipping-taxable","11":"product-type-simple"},"yoast_head":"<!-- This site is optimized with the Yoast SEO plugin v24.9 - https:\/\/yoast.com\/wordpress\/plugins\/seo\/ -->\n<title>Excellent Quality 22K UHP Hydro Blasting Triple Plunger Water Blaster ByPass Hand Adjustable Valve - Panwin Machinery&amp;Equipment<\/title>\n<meta name=\"robots\" content=\"index, follow, max-snippet:-1, max-image-preview:large, max-video-preview:-1\" \/>\n<link rel=\"canonical\" href=\"https:\/\/panwinjet.com\/es\/producto\/excellent-quality-22k-uhp-hydro-blasting-triple-plunger-water-blaster-bypass-hand-adjustable-valve\/\" \/>\n<meta property=\"og:locale\" content=\"es_ES\" \/>\n<meta property=\"og:type\" content=\"article\" \/>\n<meta property=\"og:title\" content=\"Excellent Quality 22K UHP Hydro Blasting Triple Plunger Water Blaster ByPass Hand Adjustable Valve - Panwin Machinery&amp;Equipment\" \/>\n<meta property=\"og:description\" content=\"Excellent Quality 22K UHP Hydro Blasting Triple Plunger Water Blaster ByPass Valve Hand Adjustable Valve  We sell you the Jetstream Style 22K UHP triplex plunger pump Hydro Jet cleaning machine ByPass Valve Hand Adjustable Regulator Base mounted Compatible Jetstream No.54592.  the 20Kpsi Pressure UHP Hydro-Jetting Blaster Water blasting chemical industry cleaning equipment parts ByPass Hand Valve is a regulator valve diverts a portion of pump flow to a low- pressure outlet and can be used on diesel and electric units.  The 1500Bar UHP Hydro-Blasting Pipe Water Blaster Tube cleaning machine 22Kpsi By-Pass valve controls the pump pressure by bleeding off excess water and diffusing it to low pressure.\" \/>\n<meta property=\"og:url\" content=\"https:\/\/panwinjet.com\/es\/producto\/excellent-quality-22k-uhp-hydro-blasting-triple-plunger-water-blaster-bypass-hand-adjustable-valve\/\" \/>\n<meta property=\"og:site_name\" content=\"Panwin Machinery&amp;Equipment\" \/>\n<meta property=\"og:image\" content=\"https:\/\/panwinjet.com\/wp-content\/uploads\/2025\/10\/22K-Bypass-13-scaled.jpg\" \/>\n\t<meta property=\"og:image:width\" content=\"1152\" \/>\n\t<meta property=\"og:image:height\" content=\"2560\" \/>\n\t<meta property=\"og:image:type\" content=\"image\/jpeg\" \/>\n<meta name=\"twitter:card\" content=\"summary_large_image\" \/>\n<meta name=\"twitter:label1\" content=\"Tiempo de lectura\" \/>\n\t<meta name=\"twitter:data1\" content=\"1 minuto\" \/>\n<script type=\"application\/ld+json\" class=\"yoast-schema-graph\">{\"@context\":\"https:\/\/schema.org\",\"@graph\":[{\"@type\":\"WebPage\",\"@id\":\"https:\/\/panwinjet.com\/product\/excellent-quality-22k-uhp-hydro-blasting-triple-plunger-water-blaster-bypass-hand-adjustable-valve\/\",\"url\":\"https:\/\/panwinjet.com\/product\/excellent-quality-22k-uhp-hydro-blasting-triple-plunger-water-blaster-bypass-hand-adjustable-valve\/\",\"name\":\"Excellent Quality 22K UHP Hydro Blasting Triple Plunger Water Blaster ByPass Hand Adjustable Valve - Panwin Machinery&amp;Equipment\",\"isPartOf\":{\"@id\":\"https:\/\/panwinjet.com\/#website\"},\"primaryImageOfPage\":{\"@id\":\"https:\/\/panwinjet.com\/product\/excellent-quality-22k-uhp-hydro-blasting-triple-plunger-water-blaster-bypass-hand-adjustable-valve\/#primaryimage\"},\"image\":{\"@id\":\"https:\/\/panwinjet.com\/product\/excellent-quality-22k-uhp-hydro-blasting-triple-plunger-water-blaster-bypass-hand-adjustable-valve\/#primaryimage\"},\"thumbnailUrl\":\"https:\/\/panwinjet.com\/wp-content\/uploads\/2025\/10\/22K-Bypass-13-scaled.jpg\",\"datePublished\":\"2025-10-17T11:20:34+00:00\",\"breadcrumb\":{\"@id\":\"https:\/\/panwinjet.com\/product\/excellent-quality-22k-uhp-hydro-blasting-triple-plunger-water-blaster-bypass-hand-adjustable-valve\/#breadcrumb\"},\"inLanguage\":\"es\",\"potentialAction\":[{\"@type\":\"ReadAction\",\"target\":[\"https:\/\/panwinjet.com\/product\/excellent-quality-22k-uhp-hydro-blasting-triple-plunger-water-blaster-bypass-hand-adjustable-valve\/\"]}]},{\"@type\":\"ImageObject\",\"inLanguage\":\"es\",\"@id\":\"https:\/\/panwinjet.com\/product\/excellent-quality-22k-uhp-hydro-blasting-triple-plunger-water-blaster-bypass-hand-adjustable-valve\/#primaryimage\",\"url\":\"https:\/\/panwinjet.com\/wp-content\/uploads\/2025\/10\/22K-Bypass-13-scaled.jpg\",\"contentUrl\":\"https:\/\/panwinjet.com\/wp-content\/uploads\/2025\/10\/22K-Bypass-13-scaled.jpg\",\"width\":1152,\"height\":2560},{\"@type\":\"BreadcrumbList\",\"@id\":\"https:\/\/panwinjet.com\/product\/excellent-quality-22k-uhp-hydro-blasting-triple-plunger-water-blaster-bypass-hand-adjustable-valve\/#breadcrumb\",\"itemListElement\":[{\"@type\":\"ListItem\",\"position\":1,\"name\":\"\u9996\u9875\",\"item\":\"https:\/\/panwinjet.com\/\"},{\"@type\":\"ListItem\",\"position\":2,\"name\":\"PRODUCT\",\"item\":\"https:\/\/panwinjet.com\/product\/\"},{\"@type\":\"ListItem\",\"position\":3,\"name\":\"Excellent Quality 22K UHP Hydro Blasting Triple Plunger Water Blaster ByPass Hand Adjustable Valve\"}]},{\"@type\":\"WebSite\",\"@id\":\"https:\/\/panwinjet.com\/#website\",\"url\":\"https:\/\/panwinjet.com\/\",\"name\":\"Panwin Machinery&amp;Equipment\",\"description\":\"Shenzhen Panwin Machinery&amp;Equipment Co.Ltd\",\"potentialAction\":[{\"@type\":\"SearchAction\",\"target\":{\"@type\":\"EntryPoint\",\"urlTemplate\":\"https:\/\/panwinjet.com\/?s={search_term_string}\"},\"query-input\":{\"@type\":\"PropertyValueSpecification\",\"valueRequired\":true,\"valueName\":\"search_term_string\"}}],\"inLanguage\":\"es\"}]}<\/script>\n<!-- \/ Yoast SEO plugin. -->","yoast_head_json":{"title":"Excellent Quality 22K UHP Hydro Blasting Triple Plunger Water Blaster ByPass Hand Adjustable Valve - Panwin Machinery&amp;Equipment","robots":{"index":"index","follow":"follow","max-snippet":"max-snippet:-1","max-image-preview":"max-image-preview:large","max-video-preview":"max-video-preview:-1"},"canonical":"https:\/\/panwinjet.com\/es\/producto\/excellent-quality-22k-uhp-hydro-blasting-triple-plunger-water-blaster-bypass-hand-adjustable-valve\/","og_locale":"es_ES","og_type":"article","og_title":"Excellent Quality 22K UHP Hydro Blasting Triple Plunger Water Blaster ByPass Hand Adjustable Valve - Panwin Machinery&amp;Equipment","og_description":"Excellent Quality 22K UHP Hydro Blasting Triple Plunger Water Blaster ByPass Valve Hand Adjustable Valve  We sell you the Jetstream Style 22K UHP triplex plunger pump Hydro Jet cleaning machine ByPass Valve Hand Adjustable Regulator Base mounted Compatible Jetstream No.54592.  the 20Kpsi Pressure UHP Hydro-Jetting Blaster Water blasting chemical industry cleaning equipment parts ByPass Hand Valve is a regulator valve diverts a portion of pump flow to a low- pressure outlet and can be used on diesel and electric units.  The 1500Bar UHP Hydro-Blasting Pipe Water Blaster Tube cleaning machine 22Kpsi By-Pass valve controls the pump pressure by bleeding off excess water and diffusing it to low pressure.","og_url":"https:\/\/panwinjet.com\/es\/producto\/excellent-quality-22k-uhp-hydro-blasting-triple-plunger-water-blaster-bypass-hand-adjustable-valve\/","og_site_name":"Panwin Machinery&amp;Equipment","og_image":[{"width":1152,"height":2560,"url":"https:\/\/panwinjet.com\/wp-content\/uploads\/2025\/10\/22K-Bypass-13-scaled.jpg","type":"image\/jpeg"}],"twitter_card":"summary_large_image","twitter_misc":{"Tiempo de lectura":"1 minuto"},"schema":{"@context":"https:\/\/schema.org","@graph":[{"@type":"WebPage","@id":"https:\/\/panwinjet.com\/product\/excellent-quality-22k-uhp-hydro-blasting-triple-plunger-water-blaster-bypass-hand-adjustable-valve\/","url":"https:\/\/panwinjet.com\/product\/excellent-quality-22k-uhp-hydro-blasting-triple-plunger-water-blaster-bypass-hand-adjustable-valve\/","name":"Excellent Quality 22K UHP Hydro Blasting Triple Plunger Water Blaster ByPass Hand Adjustable Valve - Panwin Machinery&amp;Equipment","isPartOf":{"@id":"https:\/\/panwinjet.com\/#website"},"primaryImageOfPage":{"@id":"https:\/\/panwinjet.com\/product\/excellent-quality-22k-uhp-hydro-blasting-triple-plunger-water-blaster-bypass-hand-adjustable-valve\/#primaryimage"},"image":{"@id":"https:\/\/panwinjet.com\/product\/excellent-quality-22k-uhp-hydro-blasting-triple-plunger-water-blaster-bypass-hand-adjustable-valve\/#primaryimage"},"thumbnailUrl":"https:\/\/panwinjet.com\/wp-content\/uploads\/2025\/10\/22K-Bypass-13-scaled.jpg","datePublished":"2025-10-17T11:20:34+00:00","breadcrumb":{"@id":"https:\/\/panwinjet.com\/product\/excellent-quality-22k-uhp-hydro-blasting-triple-plunger-water-blaster-bypass-hand-adjustable-valve\/#breadcrumb"},"inLanguage":"es","potentialAction":[{"@type":"ReadAction","target":["https:\/\/panwinjet.com\/product\/excellent-quality-22k-uhp-hydro-blasting-triple-plunger-water-blaster-bypass-hand-adjustable-valve\/"]}]},{"@type":"ImageObject","inLanguage":"es","@id":"https:\/\/panwinjet.com\/product\/excellent-quality-22k-uhp-hydro-blasting-triple-plunger-water-blaster-bypass-hand-adjustable-valve\/#primaryimage","url":"https:\/\/panwinjet.com\/wp-content\/uploads\/2025\/10\/22K-Bypass-13-scaled.jpg","contentUrl":"https:\/\/panwinjet.com\/wp-content\/uploads\/2025\/10\/22K-Bypass-13-scaled.jpg","width":1152,"height":2560},{"@type":"BreadcrumbList","@id":"https:\/\/panwinjet.com\/product\/excellent-quality-22k-uhp-hydro-blasting-triple-plunger-water-blaster-bypass-hand-adjustable-valve\/#breadcrumb","itemListElement":[{"@type":"ListItem","position":1,"name":"\u9996\u9875","item":"https:\/\/panwinjet.com\/"},{"@type":"ListItem","position":2,"name":"PRODUCT","item":"https:\/\/panwinjet.com\/product\/"},{"@type":"ListItem","position":3,"name":"Excellent Quality 22K UHP Hydro Blasting Triple Plunger Water Blaster ByPass Hand Adjustable Valve"}]},{"@type":"WebSite","@id":"https:\/\/panwinjet.com\/#website","url":"https:\/\/panwinjet.com\/","name":"Panwin Machinery&amp;Equipment","description":"Shenzhen Panwin Machinery&amp;Equipment Co.Ltd","potentialAction":[{"@type":"SearchAction","target":{"@type":"EntryPoint","urlTemplate":"https:\/\/panwinjet.com\/?s={search_term_string}"},"query-input":{"@type":"PropertyValueSpecification","valueRequired":true,"valueName":"search_term_string"}}],"inLanguage":"es"}]}},"_links":{"self":[{"href":"https:\/\/panwinjet.com\/es\/wp-json\/wp\/v2\/product\/1551","targetHints":{"allow":["GET"]}}],"collection":[{"href":"https:\/\/panwinjet.com\/es\/wp-json\/wp\/v2\/product"}],"about":[{"href":"https:\/\/panwinjet.com\/es\/wp-json\/wp\/v2\/types\/product"}],"wp:featuredmedia":[{"embeddable":true,"href":"https:\/\/panwinjet.com\/es\/wp-json\/wp\/v2\/media\/1554"}],"wp:attachment":[{"href":"https:\/\/panwinjet.com\/es\/wp-json\/wp\/v2\/media?parent=1551"}],"wp:term":[{"taxonomy":"product_brand","embeddable":true,"href":"https:\/\/panwinjet.com\/es\/wp-json\/wp\/v2\/product_brand?post=1551"},{"taxonomy":"product_cat","embeddable":true,"href":"https:\/\/panwinjet.com\/es\/wp-json\/wp\/v2\/product_cat?post=1551"},{"taxonomy":"product_tag","embeddable":true,"href":"https:\/\/panwinjet.com\/es\/wp-json\/wp\/v2\/product_tag?post=1551"}],"curies":[{"name":"wp","href":"https:\/\/api.w.org\/{rel}","templated":true}]}}