{"id":1468,"date":"2025-10-02T23:01:25","date_gmt":"2025-10-02T23:01:25","guid":{"rendered":"https:\/\/panwinjet.com\/?post_type=product&#038;p=1468"},"modified":"2025-10-02T23:02:42","modified_gmt":"2025-10-02T23:02:42","slug":"40kpsi-2800bar-uhp-hydro-jetting-water-blasting-industry-cleaning-waterblaster-petrochemical-pipe-cleaning-surface-3-8-sapphire-nozzle","status":"publish","type":"product","link":"https:\/\/panwinjet.com\/es\/producto\/40kpsi-2800bar-uhp-hydro-jetting-water-blasting-industry-cleaning-waterblaster-petrochemical-pipe-cleaning-surface-3-8-sapphire-nozzle\/","title":{"rendered":"Hidrochorro de alta presi\u00f3n (UHP) a 40 kpsi (2800 bar) para limpieza industrial. Limpieza de tuber\u00edas en la industria petroqu\u00edmica. Boquilla de zafiro de 3\/8&quot; para superficies."},"content":{"rendered":"<p>Introducci\u00f3n de la m\u00e1quina de limpieza de la industria qu\u00edmica con chorro de agua a presi\u00f3n de 55 kpsi, chorro de agua UHP, boquillas de zafiro 3\/8-24<br \/>\nPara los componentes de la m\u00e1quina de limpieza de la industria qu\u00edmica con chorro de agua a presi\u00f3n de 55 kpsi, las boquillas 3\/8-24 son componentes clave para una operaci\u00f3n de limpieza con chorro de agua de alta eficiencia y rendimiento estable.<br \/>\nEn Panwin ofrecemos a nuestros clientes boquillas de alta calidad para diferentes niveles de presi\u00f3n. Nuestras boquillas tienen una clasificaci\u00f3n UHP de hasta 55 Kpsi, con conexi\u00f3n de rosca 3\/8-24 UNF, y pueden insertarse en boquillas rotativas y barras de pulverizaci\u00f3n. El cuerpo de las boquillas est\u00e1 tratado t\u00e9rmicamente para endurecerse y fabricado con material de zafiro superior, lo que garantiza una larga vida \u00fatil y una alta calidad.<\/p>\n<div style=\"width: 720px;\" class=\"wp-video\"><video class=\"wp-video-shortcode\" id=\"video-1468-1\" width=\"720\" height=\"1280\" preload=\"metadata\" controls=\"controls\"><source type=\"video\/mp4\" src=\"https:\/\/panwinjet.com\/wp-content\/uploads\/2025\/10\/3-8-Nozzles-Video-3-1.mp4?_=1\" \/><a href=\"https:\/\/panwinjet.com\/wp-content\/uploads\/2025\/10\/3-8-Nozzles-Video-3-1.mp4\">https:\/\/panwinjet.com\/wp-content\/uploads\/2025\/10\/3-8-Nozzles-Video-3-1.mp4<\/a><\/video><\/div>\n<p>Par\u00e1metros (especificaci\u00f3n) de componentes de m\u00e1quinas de limpieza de la industria qu\u00edmica con chorro de agua a presi\u00f3n de 55 kpsi, boquillas de 3\/8-24<br \/>\nPara esta m\u00e1quina de limpieza de la industria qu\u00edmica con chorro de agua a presi\u00f3n de 55 Kpsi, componentes con boquillas 3\/8-24, hay dos tipos con \u00e1ngulo c\u00f3nico de 60\u00b0 y 120\u00b0, la presi\u00f3n es de 55 000 psi.<\/p>","protected":false},"excerpt":{"rendered":"<p>3. Caracter\u00edsticas del producto y aplicaci\u00f3n de los componentes de la m\u00e1quina de limpieza de la industria qu\u00edmica con chorro de agua a presi\u00f3n de 20 psi Boquillas de zafiro 3\/8-24<br \/>\nLos componentes de la m\u00e1quina de limpieza de la industria qu\u00edmica con chorro de agua a presi\u00f3n de 20 psi Las boquillas de zafiro 3\/8-24 est\u00e1n hechas de rub\u00ed y zafiro de alta calidad, tienen un rendimiento avanzado en la pulverizaci\u00f3n como se menciona a continuaci\u00f3n.<br \/>\nCaracter\u00edsticas de las boquillas:<br \/>\nTiempo de uso prolongado<br \/>\nCoherencia del flujo de chorros de alta presi\u00f3n<br \/>\nPotente chorro de agua<br \/>\nExcelente rendimiento en chorro de agua<\/p>","protected":false},"featured_media":1470,"template":"","meta":[],"product_brand":[],"product_cat":[3],"product_tag":[],"class_list":{"0":"post-1468","1":"product","2":"type-product","3":"status-publish","4":"has-post-thumbnail","6":"product_cat-sapphire-nozzles","8":"first","9":"instock","10":"shipping-taxable","11":"product-type-simple"},"yoast_head":"<!-- This site is optimized with the Yoast SEO plugin v24.9 - https:\/\/yoast.com\/wordpress\/plugins\/seo\/ -->\n<title>40kpsi 2800Bar UHP Hydro-Jetting Water blasting industry cleaning Waterblaster Petrochemical pipe cleaning Surface 3\/8 Sapphire Nozzle - Panwin Machinery&amp;Equipment<\/title>\n<meta name=\"robots\" content=\"index, follow, max-snippet:-1, max-image-preview:large, max-video-preview:-1\" \/>\n<link rel=\"canonical\" href=\"https:\/\/panwinjet.com\/es\/producto\/40kpsi-2800bar-uhp-hydro-jetting-water-blasting-industry-cleaning-waterblaster-petrochemical-pipe-cleaning-surface-3-8-sapphire-nozzle\/\" \/>\n<meta property=\"og:locale\" content=\"es_ES\" \/>\n<meta property=\"og:type\" content=\"article\" \/>\n<meta property=\"og:title\" content=\"40kpsi 2800Bar UHP Hydro-Jetting Water blasting industry cleaning Waterblaster Petrochemical pipe cleaning Surface 3\/8 Sapphire Nozzle - Panwin Machinery&amp;Equipment\" \/>\n<meta property=\"og:description\" content=\"3.Product Feature And Application of 20psi Pressure Water blasting chemical industry cleaning machine components Sapphire 3\/8-24 Nozzles The 20psi Pressure Water blasting chemical industry cleaning machine components Sapphire 3\/8-24 Nozzles are made of high-quality ruby and sapphire, it has advanced performance in spraying as mentioned below. Nozzles Features: Long-use time High-Pressure Jets flow coherency Powerful Spray stream Excellent water Blasting performance\" \/>\n<meta property=\"og:url\" content=\"https:\/\/panwinjet.com\/es\/producto\/40kpsi-2800bar-uhp-hydro-jetting-water-blasting-industry-cleaning-waterblaster-petrochemical-pipe-cleaning-surface-3-8-sapphire-nozzle\/\" \/>\n<meta property=\"og:site_name\" content=\"Panwin Machinery&amp;Equipment\" \/>\n<meta property=\"article:modified_time\" content=\"2025-10-02T23:02:42+00:00\" \/>\n<meta property=\"og:image\" content=\"https:\/\/panwinjet.com\/wp-content\/uploads\/2025\/10\/3-8-Nozzles-6-scaled.jpg\" \/>\n\t<meta property=\"og:image:width\" content=\"1152\" \/>\n\t<meta property=\"og:image:height\" content=\"2560\" \/>\n\t<meta property=\"og:image:type\" content=\"image\/jpeg\" \/>\n<meta name=\"twitter:card\" content=\"summary_large_image\" \/>\n<meta name=\"twitter:label1\" content=\"Tiempo de lectura\" \/>\n\t<meta name=\"twitter:data1\" content=\"1 minuto\" \/>\n<script type=\"application\/ld+json\" class=\"yoast-schema-graph\">{\"@context\":\"https:\/\/schema.org\",\"@graph\":[{\"@type\":\"WebPage\",\"@id\":\"https:\/\/panwinjet.com\/product\/40kpsi-2800bar-uhp-hydro-jetting-water-blasting-industry-cleaning-waterblaster-petrochemical-pipe-cleaning-surface-3-8-sapphire-nozzle\/\",\"url\":\"https:\/\/panwinjet.com\/product\/40kpsi-2800bar-uhp-hydro-jetting-water-blasting-industry-cleaning-waterblaster-petrochemical-pipe-cleaning-surface-3-8-sapphire-nozzle\/\",\"name\":\"40kpsi 2800Bar UHP Hydro-Jetting Water blasting industry cleaning Waterblaster Petrochemical pipe cleaning Surface 3\/8 Sapphire Nozzle - Panwin Machinery&amp;Equipment\",\"isPartOf\":{\"@id\":\"https:\/\/panwinjet.com\/#website\"},\"primaryImageOfPage\":{\"@id\":\"https:\/\/panwinjet.com\/product\/40kpsi-2800bar-uhp-hydro-jetting-water-blasting-industry-cleaning-waterblaster-petrochemical-pipe-cleaning-surface-3-8-sapphire-nozzle\/#primaryimage\"},\"image\":{\"@id\":\"https:\/\/panwinjet.com\/product\/40kpsi-2800bar-uhp-hydro-jetting-water-blasting-industry-cleaning-waterblaster-petrochemical-pipe-cleaning-surface-3-8-sapphire-nozzle\/#primaryimage\"},\"thumbnailUrl\":\"https:\/\/panwinjet.com\/wp-content\/uploads\/2025\/10\/3-8-Nozzles-6-scaled.jpg\",\"datePublished\":\"2025-10-02T23:01:25+00:00\",\"dateModified\":\"2025-10-02T23:02:42+00:00\",\"breadcrumb\":{\"@id\":\"https:\/\/panwinjet.com\/product\/40kpsi-2800bar-uhp-hydro-jetting-water-blasting-industry-cleaning-waterblaster-petrochemical-pipe-cleaning-surface-3-8-sapphire-nozzle\/#breadcrumb\"},\"inLanguage\":\"es\",\"potentialAction\":[{\"@type\":\"ReadAction\",\"target\":[\"https:\/\/panwinjet.com\/product\/40kpsi-2800bar-uhp-hydro-jetting-water-blasting-industry-cleaning-waterblaster-petrochemical-pipe-cleaning-surface-3-8-sapphire-nozzle\/\"]}]},{\"@type\":\"ImageObject\",\"inLanguage\":\"es\",\"@id\":\"https:\/\/panwinjet.com\/product\/40kpsi-2800bar-uhp-hydro-jetting-water-blasting-industry-cleaning-waterblaster-petrochemical-pipe-cleaning-surface-3-8-sapphire-nozzle\/#primaryimage\",\"url\":\"https:\/\/panwinjet.com\/wp-content\/uploads\/2025\/10\/3-8-Nozzles-6-scaled.jpg\",\"contentUrl\":\"https:\/\/panwinjet.com\/wp-content\/uploads\/2025\/10\/3-8-Nozzles-6-scaled.jpg\",\"width\":1152,\"height\":2560},{\"@type\":\"BreadcrumbList\",\"@id\":\"https:\/\/panwinjet.com\/product\/40kpsi-2800bar-uhp-hydro-jetting-water-blasting-industry-cleaning-waterblaster-petrochemical-pipe-cleaning-surface-3-8-sapphire-nozzle\/#breadcrumb\",\"itemListElement\":[{\"@type\":\"ListItem\",\"position\":1,\"name\":\"\u9996\u9875\",\"item\":\"https:\/\/panwinjet.com\/\"},{\"@type\":\"ListItem\",\"position\":2,\"name\":\"PRODUCT\",\"item\":\"https:\/\/panwinjet.com\/product\/\"},{\"@type\":\"ListItem\",\"position\":3,\"name\":\"40kpsi 2800Bar UHP Hydro-Jetting Water blasting industry cleaning Waterblaster Petrochemical pipe cleaning Surface 3\/8 Sapphire Nozzle\"}]},{\"@type\":\"WebSite\",\"@id\":\"https:\/\/panwinjet.com\/#website\",\"url\":\"https:\/\/panwinjet.com\/\",\"name\":\"Panwin Machinery&amp;Equipment\",\"description\":\"Shenzhen Panwin Machinery&amp;Equipment Co.Ltd\",\"potentialAction\":[{\"@type\":\"SearchAction\",\"target\":{\"@type\":\"EntryPoint\",\"urlTemplate\":\"https:\/\/panwinjet.com\/?s={search_term_string}\"},\"query-input\":{\"@type\":\"PropertyValueSpecification\",\"valueRequired\":true,\"valueName\":\"search_term_string\"}}],\"inLanguage\":\"es\"}]}<\/script>\n<!-- \/ Yoast SEO plugin. -->","yoast_head_json":{"title":"40kpsi 2800Bar UHP Hydro-Jetting Water blasting industry cleaning Waterblaster Petrochemical pipe cleaning Surface 3\/8 Sapphire Nozzle - Panwin Machinery&amp;Equipment","robots":{"index":"index","follow":"follow","max-snippet":"max-snippet:-1","max-image-preview":"max-image-preview:large","max-video-preview":"max-video-preview:-1"},"canonical":"https:\/\/panwinjet.com\/es\/producto\/40kpsi-2800bar-uhp-hydro-jetting-water-blasting-industry-cleaning-waterblaster-petrochemical-pipe-cleaning-surface-3-8-sapphire-nozzle\/","og_locale":"es_ES","og_type":"article","og_title":"40kpsi 2800Bar UHP Hydro-Jetting Water blasting industry cleaning Waterblaster Petrochemical pipe cleaning Surface 3\/8 Sapphire Nozzle - Panwin Machinery&amp;Equipment","og_description":"3.Product Feature And Application of 20psi Pressure Water blasting chemical industry cleaning machine components Sapphire 3\/8-24 Nozzles The 20psi Pressure Water blasting chemical industry cleaning machine components Sapphire 3\/8-24 Nozzles are made of high-quality ruby and sapphire, it has advanced performance in spraying as mentioned below. Nozzles Features: Long-use time High-Pressure Jets flow coherency Powerful Spray stream Excellent water Blasting performance","og_url":"https:\/\/panwinjet.com\/es\/producto\/40kpsi-2800bar-uhp-hydro-jetting-water-blasting-industry-cleaning-waterblaster-petrochemical-pipe-cleaning-surface-3-8-sapphire-nozzle\/","og_site_name":"Panwin Machinery&amp;Equipment","article_modified_time":"2025-10-02T23:02:42+00:00","og_image":[{"width":1152,"height":2560,"url":"https:\/\/panwinjet.com\/wp-content\/uploads\/2025\/10\/3-8-Nozzles-6-scaled.jpg","type":"image\/jpeg"}],"twitter_card":"summary_large_image","twitter_misc":{"Tiempo de lectura":"1 minuto"},"schema":{"@context":"https:\/\/schema.org","@graph":[{"@type":"WebPage","@id":"https:\/\/panwinjet.com\/product\/40kpsi-2800bar-uhp-hydro-jetting-water-blasting-industry-cleaning-waterblaster-petrochemical-pipe-cleaning-surface-3-8-sapphire-nozzle\/","url":"https:\/\/panwinjet.com\/product\/40kpsi-2800bar-uhp-hydro-jetting-water-blasting-industry-cleaning-waterblaster-petrochemical-pipe-cleaning-surface-3-8-sapphire-nozzle\/","name":"40kpsi 2800Bar UHP Hydro-Jetting Water blasting industry cleaning Waterblaster Petrochemical pipe cleaning Surface 3\/8 Sapphire Nozzle - Panwin Machinery&amp;Equipment","isPartOf":{"@id":"https:\/\/panwinjet.com\/#website"},"primaryImageOfPage":{"@id":"https:\/\/panwinjet.com\/product\/40kpsi-2800bar-uhp-hydro-jetting-water-blasting-industry-cleaning-waterblaster-petrochemical-pipe-cleaning-surface-3-8-sapphire-nozzle\/#primaryimage"},"image":{"@id":"https:\/\/panwinjet.com\/product\/40kpsi-2800bar-uhp-hydro-jetting-water-blasting-industry-cleaning-waterblaster-petrochemical-pipe-cleaning-surface-3-8-sapphire-nozzle\/#primaryimage"},"thumbnailUrl":"https:\/\/panwinjet.com\/wp-content\/uploads\/2025\/10\/3-8-Nozzles-6-scaled.jpg","datePublished":"2025-10-02T23:01:25+00:00","dateModified":"2025-10-02T23:02:42+00:00","breadcrumb":{"@id":"https:\/\/panwinjet.com\/product\/40kpsi-2800bar-uhp-hydro-jetting-water-blasting-industry-cleaning-waterblaster-petrochemical-pipe-cleaning-surface-3-8-sapphire-nozzle\/#breadcrumb"},"inLanguage":"es","potentialAction":[{"@type":"ReadAction","target":["https:\/\/panwinjet.com\/product\/40kpsi-2800bar-uhp-hydro-jetting-water-blasting-industry-cleaning-waterblaster-petrochemical-pipe-cleaning-surface-3-8-sapphire-nozzle\/"]}]},{"@type":"ImageObject","inLanguage":"es","@id":"https:\/\/panwinjet.com\/product\/40kpsi-2800bar-uhp-hydro-jetting-water-blasting-industry-cleaning-waterblaster-petrochemical-pipe-cleaning-surface-3-8-sapphire-nozzle\/#primaryimage","url":"https:\/\/panwinjet.com\/wp-content\/uploads\/2025\/10\/3-8-Nozzles-6-scaled.jpg","contentUrl":"https:\/\/panwinjet.com\/wp-content\/uploads\/2025\/10\/3-8-Nozzles-6-scaled.jpg","width":1152,"height":2560},{"@type":"BreadcrumbList","@id":"https:\/\/panwinjet.com\/product\/40kpsi-2800bar-uhp-hydro-jetting-water-blasting-industry-cleaning-waterblaster-petrochemical-pipe-cleaning-surface-3-8-sapphire-nozzle\/#breadcrumb","itemListElement":[{"@type":"ListItem","position":1,"name":"\u9996\u9875","item":"https:\/\/panwinjet.com\/"},{"@type":"ListItem","position":2,"name":"PRODUCT","item":"https:\/\/panwinjet.com\/product\/"},{"@type":"ListItem","position":3,"name":"40kpsi 2800Bar UHP Hydro-Jetting Water blasting industry cleaning Waterblaster Petrochemical pipe cleaning Surface 3\/8 Sapphire Nozzle"}]},{"@type":"WebSite","@id":"https:\/\/panwinjet.com\/#website","url":"https:\/\/panwinjet.com\/","name":"Panwin Machinery&amp;Equipment","description":"Shenzhen Panwin Machinery&amp;Equipment Co.Ltd","potentialAction":[{"@type":"SearchAction","target":{"@type":"EntryPoint","urlTemplate":"https:\/\/panwinjet.com\/?s={search_term_string}"},"query-input":{"@type":"PropertyValueSpecification","valueRequired":true,"valueName":"search_term_string"}}],"inLanguage":"es"}]}},"_links":{"self":[{"href":"https:\/\/panwinjet.com\/es\/wp-json\/wp\/v2\/product\/1468","targetHints":{"allow":["GET"]}}],"collection":[{"href":"https:\/\/panwinjet.com\/es\/wp-json\/wp\/v2\/product"}],"about":[{"href":"https:\/\/panwinjet.com\/es\/wp-json\/wp\/v2\/types\/product"}],"wp:featuredmedia":[{"embeddable":true,"href":"https:\/\/panwinjet.com\/es\/wp-json\/wp\/v2\/media\/1470"}],"wp:attachment":[{"href":"https:\/\/panwinjet.com\/es\/wp-json\/wp\/v2\/media?parent=1468"}],"wp:term":[{"taxonomy":"product_brand","embeddable":true,"href":"https:\/\/panwinjet.com\/es\/wp-json\/wp\/v2\/product_brand?post=1468"},{"taxonomy":"product_cat","embeddable":true,"href":"https:\/\/panwinjet.com\/es\/wp-json\/wp\/v2\/product_cat?post=1468"},{"taxonomy":"product_tag","embeddable":true,"href":"https:\/\/panwinjet.com\/es\/wp-json\/wp\/v2\/product_tag?post=1468"}],"curies":[{"name":"wp","href":"https:\/\/api.w.org\/{rel}","templated":true}]}}