{"id":1461,"date":"2025-10-02T15:33:38","date_gmt":"2025-10-02T15:33:38","guid":{"rendered":"https:\/\/panwinjet.com\/?post_type=product&#038;p=1461"},"modified":"2025-10-02T15:33:38","modified_gmt":"2025-10-02T15:33:38","slug":"china-supplier-high-quality-hydro-jet-blasting-heat-exchangers-cleaning-jetstream-pump-1500bar-22k-uni-valve","status":"publish","type":"product","link":"https:\/\/panwinjet.com\/es\/producto\/china-supplier-high-quality-hydro-jet-blasting-heat-exchangers-cleaning-jetstream-pump-1500bar-22k-uni-valve\/","title":{"rendered":"Proveedor chino de alta calidad para limpieza de intercambiadores de calor mediante chorro de agua a presi\u00f3n, bomba Jetstream 1500 bar 22K Uni-Valve"},"content":{"rendered":"<p>1. Introducci\u00f3n del producto de proveedor chino de alta calidad Hidro-jet Blasting limpieza de intercambiadores de calor Bomba Jetstream 1500Bar 22K Uni-Valve-Jetstream 52870<\/p>\n<p>El conjunto de cartucho Uni-valve 150k para m\u00e1quinas de limpieza industrial con chorro de agua a presi\u00f3n de 15000 psi, compatible con bombas de extremo de fluido de \u00e9mbolo triplex JS, es un componente clave para un rendimiento estable y un mantenimiento sencillo. Es compatible con JS 52870. Este conjunto Uni-valve JST de 15000 psi est\u00e1 fabricado en acero inoxidable de alta calidad, con una mano de obra superior y una excelente calidad, lo que garantiza su durabilidad y fiabilidad.<\/p>\n<p>2. Par\u00e1metros del producto (especificaci\u00f3n) de la m\u00e1quina de limpieza industrial con chorro de agua a presi\u00f3n de 15000 psi, v\u00e1lvula Uni-valve de 150 k<br \/>\nEl conjunto de cartucho Uni-valve de 150k de piezas de m\u00e1quina de limpieza industrial con chorro de agua a presi\u00f3n de 15000 psi est\u00e1 hecho de acero inoxidable de alta calidad, artesan\u00eda superior y excelente calidad, y esta v\u00e1lvula Uni es duradera y confiable.<br \/>\nA: Acero inoxidable de primera calidad<br \/>\nB: Artesano de primera clase<br \/>\nC: Tolerancia de sellado compacto<\/p>","protected":false},"excerpt":{"rendered":"<p>1. Introducci\u00f3n del producto de boquilla de chorro de agua a presi\u00f3n ultra alta 1500Bar Bomba de \u00e9mbolo triplex Water-blaster Jetstream Uni-Valve 52870.<br \/>\nEl conjunto de cartucho Uni-valve de 22k para m\u00e1quinas de limpieza industrial con chorro de agua a presi\u00f3n de 15000 psi, para bombas de extremo de fluido con bomba de \u00e9mbolo triplex JS, es un componente clave para un rendimiento estable y un mantenimiento sencillo. Es compatible con JS 52870. Este conjunto Uni-valve JST de 15 kPSI est\u00e1 fabricado en acero inoxidable de alta calidad, con una fabricaci\u00f3n superior y una excelente calidad, y es duradero y fiable.<\/p>","protected":false},"featured_media":1465,"template":"","meta":[],"product_brand":[],"product_cat":[8,7],"product_tag":[],"class_list":{"0":"post-1461","1":"product","2":"type-product","3":"status-publish","4":"has-post-thumbnail","6":"product_cat-giant-tank-cleaningcutting-device","7":"product_cat-jetstream-pump-fluid-end-compatibe-parts","9":"first","10":"instock","11":"shipping-taxable","12":"product-type-simple"},"yoast_head":"<!-- This site is optimized with the Yoast SEO plugin v24.9 - https:\/\/yoast.com\/wordpress\/plugins\/seo\/ -->\n<title>China Supplier High Quality Hydro-jet Blasting heat exchangers cleaning Jetstream Pump 1500Bar 22K Uni-Valve - Panwin Machinery&amp;Equipment<\/title>\n<meta name=\"robots\" content=\"index, follow, max-snippet:-1, max-image-preview:large, max-video-preview:-1\" \/>\n<link rel=\"canonical\" href=\"https:\/\/panwinjet.com\/es\/producto\/china-supplier-high-quality-hydro-jet-blasting-heat-exchangers-cleaning-jetstream-pump-1500bar-22k-uni-valve\/\" \/>\n<meta property=\"og:locale\" content=\"es_ES\" \/>\n<meta property=\"og:type\" content=\"article\" \/>\n<meta property=\"og:title\" content=\"China Supplier High Quality Hydro-jet Blasting heat exchangers cleaning Jetstream Pump 1500Bar 22K Uni-Valve - Panwin Machinery&amp;Equipment\" \/>\n<meta property=\"og:description\" content=\"1.Product Introduction of ultra high pressure water blast nozzle 1500Bar triplex plunger pump Water-blaster Jetstream Uni-Valve 52870. The 15000psi Pressure Water Jet industry cleaning machine parts 22k Uni-valve Cartridge assembly for use in JS triplex plunger pump Fluid End pumps, it is a key components for stable performance and easy service. It is compatible with JS 52870, This JST 15KPSI Uni-valve Assembly made of High-classed quality stainless steel, superior craftsmanship and excellent quality, and this Uni Valve is durable and reliable.\" \/>\n<meta property=\"og:url\" content=\"https:\/\/panwinjet.com\/es\/producto\/china-supplier-high-quality-hydro-jet-blasting-heat-exchangers-cleaning-jetstream-pump-1500bar-22k-uni-valve\/\" \/>\n<meta property=\"og:site_name\" content=\"Panwin Machinery&amp;Equipment\" \/>\n<meta property=\"og:image\" content=\"https:\/\/panwinjet.com\/wp-content\/uploads\/2025\/10\/15K-Uni-Valve-52870-13-scaled.jpg\" \/>\n\t<meta property=\"og:image:width\" content=\"2560\" \/>\n\t<meta property=\"og:image:height\" content=\"1920\" \/>\n\t<meta property=\"og:image:type\" content=\"image\/jpeg\" \/>\n<meta name=\"twitter:card\" content=\"summary_large_image\" \/>\n<meta name=\"twitter:label1\" content=\"Tiempo de lectura\" \/>\n\t<meta name=\"twitter:data1\" content=\"1 minuto\" \/>\n<script type=\"application\/ld+json\" class=\"yoast-schema-graph\">{\"@context\":\"https:\/\/schema.org\",\"@graph\":[{\"@type\":\"WebPage\",\"@id\":\"https:\/\/panwinjet.com\/product\/china-supplier-high-quality-hydro-jet-blasting-heat-exchangers-cleaning-jetstream-pump-1500bar-22k-uni-valve\/\",\"url\":\"https:\/\/panwinjet.com\/product\/china-supplier-high-quality-hydro-jet-blasting-heat-exchangers-cleaning-jetstream-pump-1500bar-22k-uni-valve\/\",\"name\":\"China Supplier High Quality Hydro-jet Blasting heat exchangers cleaning Jetstream Pump 1500Bar 22K Uni-Valve - Panwin Machinery&amp;Equipment\",\"isPartOf\":{\"@id\":\"https:\/\/panwinjet.com\/#website\"},\"primaryImageOfPage\":{\"@id\":\"https:\/\/panwinjet.com\/product\/china-supplier-high-quality-hydro-jet-blasting-heat-exchangers-cleaning-jetstream-pump-1500bar-22k-uni-valve\/#primaryimage\"},\"image\":{\"@id\":\"https:\/\/panwinjet.com\/product\/china-supplier-high-quality-hydro-jet-blasting-heat-exchangers-cleaning-jetstream-pump-1500bar-22k-uni-valve\/#primaryimage\"},\"thumbnailUrl\":\"https:\/\/panwinjet.com\/wp-content\/uploads\/2025\/10\/15K-Uni-Valve-52870-13-scaled.jpg\",\"datePublished\":\"2025-10-02T15:33:38+00:00\",\"breadcrumb\":{\"@id\":\"https:\/\/panwinjet.com\/product\/china-supplier-high-quality-hydro-jet-blasting-heat-exchangers-cleaning-jetstream-pump-1500bar-22k-uni-valve\/#breadcrumb\"},\"inLanguage\":\"es\",\"potentialAction\":[{\"@type\":\"ReadAction\",\"target\":[\"https:\/\/panwinjet.com\/product\/china-supplier-high-quality-hydro-jet-blasting-heat-exchangers-cleaning-jetstream-pump-1500bar-22k-uni-valve\/\"]}]},{\"@type\":\"ImageObject\",\"inLanguage\":\"es\",\"@id\":\"https:\/\/panwinjet.com\/product\/china-supplier-high-quality-hydro-jet-blasting-heat-exchangers-cleaning-jetstream-pump-1500bar-22k-uni-valve\/#primaryimage\",\"url\":\"https:\/\/panwinjet.com\/wp-content\/uploads\/2025\/10\/15K-Uni-Valve-52870-13-scaled.jpg\",\"contentUrl\":\"https:\/\/panwinjet.com\/wp-content\/uploads\/2025\/10\/15K-Uni-Valve-52870-13-scaled.jpg\",\"width\":2560,\"height\":1920},{\"@type\":\"BreadcrumbList\",\"@id\":\"https:\/\/panwinjet.com\/product\/china-supplier-high-quality-hydro-jet-blasting-heat-exchangers-cleaning-jetstream-pump-1500bar-22k-uni-valve\/#breadcrumb\",\"itemListElement\":[{\"@type\":\"ListItem\",\"position\":1,\"name\":\"\u9996\u9875\",\"item\":\"https:\/\/panwinjet.com\/\"},{\"@type\":\"ListItem\",\"position\":2,\"name\":\"PRODUCT\",\"item\":\"https:\/\/panwinjet.com\/product\/\"},{\"@type\":\"ListItem\",\"position\":3,\"name\":\"China Supplier High Quality Hydro-jet Blasting heat exchangers cleaning Jetstream Pump 1500Bar 22K Uni-Valve\"}]},{\"@type\":\"WebSite\",\"@id\":\"https:\/\/panwinjet.com\/#website\",\"url\":\"https:\/\/panwinjet.com\/\",\"name\":\"Panwin Machinery&amp;Equipment\",\"description\":\"Shenzhen Panwin Machinery&amp;Equipment Co.Ltd\",\"potentialAction\":[{\"@type\":\"SearchAction\",\"target\":{\"@type\":\"EntryPoint\",\"urlTemplate\":\"https:\/\/panwinjet.com\/?s={search_term_string}\"},\"query-input\":{\"@type\":\"PropertyValueSpecification\",\"valueRequired\":true,\"valueName\":\"search_term_string\"}}],\"inLanguage\":\"es\"}]}<\/script>\n<!-- \/ Yoast SEO plugin. -->","yoast_head_json":{"title":"China Supplier High Quality Hydro-jet Blasting heat exchangers cleaning Jetstream Pump 1500Bar 22K Uni-Valve - Panwin Machinery&amp;Equipment","robots":{"index":"index","follow":"follow","max-snippet":"max-snippet:-1","max-image-preview":"max-image-preview:large","max-video-preview":"max-video-preview:-1"},"canonical":"https:\/\/panwinjet.com\/es\/producto\/china-supplier-high-quality-hydro-jet-blasting-heat-exchangers-cleaning-jetstream-pump-1500bar-22k-uni-valve\/","og_locale":"es_ES","og_type":"article","og_title":"China Supplier High Quality Hydro-jet Blasting heat exchangers cleaning Jetstream Pump 1500Bar 22K Uni-Valve - Panwin Machinery&amp;Equipment","og_description":"1.Product Introduction of ultra high pressure water blast nozzle 1500Bar triplex plunger pump Water-blaster Jetstream Uni-Valve 52870. The 15000psi Pressure Water Jet industry cleaning machine parts 22k Uni-valve Cartridge assembly for use in JS triplex plunger pump Fluid End pumps, it is a key components for stable performance and easy service. It is compatible with JS 52870, This JST 15KPSI Uni-valve Assembly made of High-classed quality stainless steel, superior craftsmanship and excellent quality, and this Uni Valve is durable and reliable.","og_url":"https:\/\/panwinjet.com\/es\/producto\/china-supplier-high-quality-hydro-jet-blasting-heat-exchangers-cleaning-jetstream-pump-1500bar-22k-uni-valve\/","og_site_name":"Panwin Machinery&amp;Equipment","og_image":[{"width":2560,"height":1920,"url":"https:\/\/panwinjet.com\/wp-content\/uploads\/2025\/10\/15K-Uni-Valve-52870-13-scaled.jpg","type":"image\/jpeg"}],"twitter_card":"summary_large_image","twitter_misc":{"Tiempo de lectura":"1 minuto"},"schema":{"@context":"https:\/\/schema.org","@graph":[{"@type":"WebPage","@id":"https:\/\/panwinjet.com\/product\/china-supplier-high-quality-hydro-jet-blasting-heat-exchangers-cleaning-jetstream-pump-1500bar-22k-uni-valve\/","url":"https:\/\/panwinjet.com\/product\/china-supplier-high-quality-hydro-jet-blasting-heat-exchangers-cleaning-jetstream-pump-1500bar-22k-uni-valve\/","name":"China Supplier High Quality Hydro-jet Blasting heat exchangers cleaning Jetstream Pump 1500Bar 22K Uni-Valve - Panwin Machinery&amp;Equipment","isPartOf":{"@id":"https:\/\/panwinjet.com\/#website"},"primaryImageOfPage":{"@id":"https:\/\/panwinjet.com\/product\/china-supplier-high-quality-hydro-jet-blasting-heat-exchangers-cleaning-jetstream-pump-1500bar-22k-uni-valve\/#primaryimage"},"image":{"@id":"https:\/\/panwinjet.com\/product\/china-supplier-high-quality-hydro-jet-blasting-heat-exchangers-cleaning-jetstream-pump-1500bar-22k-uni-valve\/#primaryimage"},"thumbnailUrl":"https:\/\/panwinjet.com\/wp-content\/uploads\/2025\/10\/15K-Uni-Valve-52870-13-scaled.jpg","datePublished":"2025-10-02T15:33:38+00:00","breadcrumb":{"@id":"https:\/\/panwinjet.com\/product\/china-supplier-high-quality-hydro-jet-blasting-heat-exchangers-cleaning-jetstream-pump-1500bar-22k-uni-valve\/#breadcrumb"},"inLanguage":"es","potentialAction":[{"@type":"ReadAction","target":["https:\/\/panwinjet.com\/product\/china-supplier-high-quality-hydro-jet-blasting-heat-exchangers-cleaning-jetstream-pump-1500bar-22k-uni-valve\/"]}]},{"@type":"ImageObject","inLanguage":"es","@id":"https:\/\/panwinjet.com\/product\/china-supplier-high-quality-hydro-jet-blasting-heat-exchangers-cleaning-jetstream-pump-1500bar-22k-uni-valve\/#primaryimage","url":"https:\/\/panwinjet.com\/wp-content\/uploads\/2025\/10\/15K-Uni-Valve-52870-13-scaled.jpg","contentUrl":"https:\/\/panwinjet.com\/wp-content\/uploads\/2025\/10\/15K-Uni-Valve-52870-13-scaled.jpg","width":2560,"height":1920},{"@type":"BreadcrumbList","@id":"https:\/\/panwinjet.com\/product\/china-supplier-high-quality-hydro-jet-blasting-heat-exchangers-cleaning-jetstream-pump-1500bar-22k-uni-valve\/#breadcrumb","itemListElement":[{"@type":"ListItem","position":1,"name":"\u9996\u9875","item":"https:\/\/panwinjet.com\/"},{"@type":"ListItem","position":2,"name":"PRODUCT","item":"https:\/\/panwinjet.com\/product\/"},{"@type":"ListItem","position":3,"name":"China Supplier High Quality Hydro-jet Blasting heat exchangers cleaning Jetstream Pump 1500Bar 22K Uni-Valve"}]},{"@type":"WebSite","@id":"https:\/\/panwinjet.com\/#website","url":"https:\/\/panwinjet.com\/","name":"Panwin Machinery&amp;Equipment","description":"Shenzhen Panwin Machinery&amp;Equipment Co.Ltd","potentialAction":[{"@type":"SearchAction","target":{"@type":"EntryPoint","urlTemplate":"https:\/\/panwinjet.com\/?s={search_term_string}"},"query-input":{"@type":"PropertyValueSpecification","valueRequired":true,"valueName":"search_term_string"}}],"inLanguage":"es"}]}},"_links":{"self":[{"href":"https:\/\/panwinjet.com\/es\/wp-json\/wp\/v2\/product\/1461","targetHints":{"allow":["GET"]}}],"collection":[{"href":"https:\/\/panwinjet.com\/es\/wp-json\/wp\/v2\/product"}],"about":[{"href":"https:\/\/panwinjet.com\/es\/wp-json\/wp\/v2\/types\/product"}],"wp:featuredmedia":[{"embeddable":true,"href":"https:\/\/panwinjet.com\/es\/wp-json\/wp\/v2\/media\/1465"}],"wp:attachment":[{"href":"https:\/\/panwinjet.com\/es\/wp-json\/wp\/v2\/media?parent=1461"}],"wp:term":[{"taxonomy":"product_brand","embeddable":true,"href":"https:\/\/panwinjet.com\/es\/wp-json\/wp\/v2\/product_brand?post=1461"},{"taxonomy":"product_cat","embeddable":true,"href":"https:\/\/panwinjet.com\/es\/wp-json\/wp\/v2\/product_cat?post=1461"},{"taxonomy":"product_tag","embeddable":true,"href":"https:\/\/panwinjet.com\/es\/wp-json\/wp\/v2\/product_tag?post=1461"}],"curies":[{"name":"wp","href":"https:\/\/api.w.org\/{rel}","templated":true}]}}