{"id":1453,"date":"2025-10-02T15:21:43","date_gmt":"2025-10-02T15:21:43","guid":{"rendered":"https:\/\/panwinjet.com\/?post_type=product&#038;p=1453"},"modified":"2025-10-02T15:36:25","modified_gmt":"2025-10-02T15:36:25","slug":"1453","status":"publish","type":"product","link":"https:\/\/panwinjet.com\/es\/producto\/1453\/","title":{"rendered":"Componentes de m\u00e1quinas de limpieza para la industria qu\u00edmica con chorro de agua a presi\u00f3n UHP de 20 kpsi"},"content":{"rendered":"<p>Caracter\u00edstica y aplicaci\u00f3n del equipo de chorro de agua a ultra alta presi\u00f3n de 1500 bar. Piezas del equipo: Cartucho Uni-valve de 22 k.<br \/>\nEste cartucho Uni-valve de 150k para m\u00e1quinas de limpieza industrial con chorro de agua a presi\u00f3n de 15000 psi tiene un dise\u00f1o \u00fanico y una obra maestra para un rendimiento excelente y un servicio f\u00e1cil, y est\u00e1 funcionalmente avanzado en los siguientes detalles:<br \/>\nA: V\u00e1lvulas combinadas de succi\u00f3n y descarga en una sola pieza aut\u00f3noma<br \/>\nB: Ajuste deslizante para un f\u00e1cil mantenimiento<br \/>\nC: El dise\u00f1o en l\u00ednea minimiza la turbulencia.<\/p>\n<p>Solicitud:<br \/>\nEste cartucho Uni-valve de 150k de piezas de m\u00e1quina de limpieza industrial con chorro de agua a presi\u00f3n de 22 Kpsi se aplica a la bomba de \u00e9mbolo triplex Jetstream, bomba de extremo de fluido, son los componentes clave y el dise\u00f1o avanzado.<br \/>\nLa bomba se puede utilizar ampliamente en aplicaciones:<br \/>\nIndustria de la construcci\u00f3n con chorro de agua a ultra alta presi\u00f3n<br \/>\nChorro de agua a presi\u00f3n por agua para la industria del hierro, el acero y los metales<br \/>\nIngenier\u00eda mec\u00e1nica y de aparatos para hidrolavadoras de alta presi\u00f3n<br \/>\nIndustria del cemento y el hormig\u00f3n<br \/>\nLimpieza de superficies con barracuda de alta presi\u00f3n<br \/>\nPiezas para equipos de limpieza UHP Hydro Jet<br \/>\nBarras pulverizadoras de limpieza industrial<br \/>\nM\u00e1quina de hidrolavado para la industria de refinaci\u00f3n de petr\u00f3leo<br \/>\nLimpieza de superficies con chorro de agua a presi\u00f3n, limpieza de tanques y recipientes.<br \/>\nLimpieza del intercambiador de calor,<br \/>\nLimpieza de pintura de autom\u00f3viles, limpieza de la industria minera, limpieza de f\u00e1bricas de acero, etc.<br \/>\nEquipos de limpieza de alcantarillado de alta presi\u00f3n para redes de tuber\u00edas municipales de suministro de agua y drenaje;<\/p>","protected":false},"excerpt":{"rendered":"<p>Introducci\u00f3n del producto: m\u00e1quina de limpieza para la industria qu\u00edmica con chorro de agua a presi\u00f3n de 20 kpsi<br \/>\nRepuestos para m\u00e1quinas de limpieza de recipientes con chorro de agua M\u00e1quina de limpieza para eliminaci\u00f3n de pintura Resorte de descarga del cartucho (8b) - Serie JS N.\u00ba 25060<br \/>\nEl conjunto de cartucho Uni-valve 150k para m\u00e1quinas de limpieza industrial con chorro de agua a presi\u00f3n de 15000 psi, compatible con bombas de extremo de fluido de \u00e9mbolo triplex JS, es un componente clave para un rendimiento estable y un mantenimiento sencillo. Es compatible con JS 52870. Este conjunto Uni-valve JST de 15000 psi est\u00e1 fabricado en acero inoxidable de alta calidad, con una mano de obra superior y una excelente calidad, lo que garantiza su durabilidad y fiabilidad.<\/p>","protected":false},"featured_media":1457,"template":"","meta":[],"product_brand":[],"product_cat":[8,7],"product_tag":[],"class_list":{"0":"post-1453","1":"product","2":"type-product","3":"status-publish","4":"has-post-thumbnail","6":"product_cat-giant-tank-cleaningcutting-device","7":"product_cat-jetstream-pump-fluid-end-compatibe-parts","9":"first","10":"instock","11":"shipping-taxable","12":"product-type-simple"},"yoast_head":"<!-- This site is optimized with the Yoast SEO plugin v24.9 - https:\/\/yoast.com\/wordpress\/plugins\/seo\/ -->\n<title>20Kpsi UHP Hydro-Jetting Pressure Water blaster chemical industry cleaning machine components - Panwin Machinery&amp;Equipment<\/title>\n<meta name=\"robots\" content=\"index, follow, max-snippet:-1, max-image-preview:large, max-video-preview:-1\" \/>\n<link rel=\"canonical\" href=\"https:\/\/panwinjet.com\/es\/producto\/1453\/\" \/>\n<meta property=\"og:locale\" content=\"es_ES\" \/>\n<meta property=\"og:type\" content=\"article\" \/>\n<meta property=\"og:title\" content=\"20Kpsi UHP Hydro-Jetting Pressure Water blaster chemical industry cleaning machine components - Panwin Machinery&amp;Equipment\" \/>\n<meta property=\"og:description\" content=\"Product Introduction of 20Kpsi Pressure Water blasting chemical industry cleaning machine hydro blasting Vessel cleaning machine spare parts Paint removal cleaning machine\u00a0 Cartridge Discharge spring(8b)-JS Series No.25060 The 15000psi Pressure Water Jet industry cleaning machine parts 150k Uni-valve Cartridge assembly for use in JS triplex plunger pump Fluid End pumps, it is a key components for stable performance and easy service. It is compatible with JS 52870, This JST 15KPSI Uni-valve Assembly made of High-classed quality stainless steel, superior craftsmanship and excellent quality, and this Uni Valve is durable and reliable.\" \/>\n<meta property=\"og:url\" content=\"https:\/\/panwinjet.com\/es\/producto\/1453\/\" \/>\n<meta property=\"og:site_name\" content=\"Panwin Machinery&amp;Equipment\" \/>\n<meta property=\"article:modified_time\" content=\"2025-10-02T15:36:25+00:00\" \/>\n<meta property=\"og:image\" content=\"https:\/\/panwinjet.com\/wp-content\/uploads\/2025\/10\/Retaining-spring8d-6-scaled.jpg\" \/>\n\t<meta property=\"og:image:width\" content=\"1920\" \/>\n\t<meta property=\"og:image:height\" content=\"2560\" \/>\n\t<meta property=\"og:image:type\" content=\"image\/jpeg\" \/>\n<meta name=\"twitter:card\" content=\"summary_large_image\" \/>\n<meta name=\"twitter:label1\" content=\"Tiempo de lectura\" \/>\n\t<meta name=\"twitter:data1\" content=\"1 minuto\" \/>\n<script type=\"application\/ld+json\" class=\"yoast-schema-graph\">{\"@context\":\"https:\/\/schema.org\",\"@graph\":[{\"@type\":\"WebPage\",\"@id\":\"https:\/\/panwinjet.com\/product\/1453\/\",\"url\":\"https:\/\/panwinjet.com\/product\/1453\/\",\"name\":\"20Kpsi UHP Hydro-Jetting Pressure Water blaster chemical industry cleaning machine components - Panwin Machinery&amp;Equipment\",\"isPartOf\":{\"@id\":\"https:\/\/panwinjet.com\/#website\"},\"primaryImageOfPage\":{\"@id\":\"https:\/\/panwinjet.com\/product\/1453\/#primaryimage\"},\"image\":{\"@id\":\"https:\/\/panwinjet.com\/product\/1453\/#primaryimage\"},\"thumbnailUrl\":\"https:\/\/panwinjet.com\/wp-content\/uploads\/2025\/10\/Retaining-spring8d-6-scaled.jpg\",\"datePublished\":\"2025-10-02T15:21:43+00:00\",\"dateModified\":\"2025-10-02T15:36:25+00:00\",\"breadcrumb\":{\"@id\":\"https:\/\/panwinjet.com\/product\/1453\/#breadcrumb\"},\"inLanguage\":\"es\",\"potentialAction\":[{\"@type\":\"ReadAction\",\"target\":[\"https:\/\/panwinjet.com\/product\/1453\/\"]}]},{\"@type\":\"ImageObject\",\"inLanguage\":\"es\",\"@id\":\"https:\/\/panwinjet.com\/product\/1453\/#primaryimage\",\"url\":\"https:\/\/panwinjet.com\/wp-content\/uploads\/2025\/10\/Retaining-spring8d-6-scaled.jpg\",\"contentUrl\":\"https:\/\/panwinjet.com\/wp-content\/uploads\/2025\/10\/Retaining-spring8d-6-scaled.jpg\",\"width\":1920,\"height\":2560},{\"@type\":\"BreadcrumbList\",\"@id\":\"https:\/\/panwinjet.com\/product\/1453\/#breadcrumb\",\"itemListElement\":[{\"@type\":\"ListItem\",\"position\":1,\"name\":\"\u9996\u9875\",\"item\":\"https:\/\/panwinjet.com\/\"},{\"@type\":\"ListItem\",\"position\":2,\"name\":\"PRODUCT\",\"item\":\"https:\/\/panwinjet.com\/product\/\"},{\"@type\":\"ListItem\",\"position\":3,\"name\":\"20Kpsi UHP Hydro-Jetting Pressure Water blaster chemical industry cleaning machine components\"}]},{\"@type\":\"WebSite\",\"@id\":\"https:\/\/panwinjet.com\/#website\",\"url\":\"https:\/\/panwinjet.com\/\",\"name\":\"Panwin Machinery&amp;Equipment\",\"description\":\"Shenzhen Panwin Machinery&amp;Equipment Co.Ltd\",\"potentialAction\":[{\"@type\":\"SearchAction\",\"target\":{\"@type\":\"EntryPoint\",\"urlTemplate\":\"https:\/\/panwinjet.com\/?s={search_term_string}\"},\"query-input\":{\"@type\":\"PropertyValueSpecification\",\"valueRequired\":true,\"valueName\":\"search_term_string\"}}],\"inLanguage\":\"es\"}]}<\/script>\n<!-- \/ Yoast SEO plugin. -->","yoast_head_json":{"title":"20Kpsi UHP Hydro-Jetting Pressure Water blaster chemical industry cleaning machine components - Panwin Machinery&amp;Equipment","robots":{"index":"index","follow":"follow","max-snippet":"max-snippet:-1","max-image-preview":"max-image-preview:large","max-video-preview":"max-video-preview:-1"},"canonical":"https:\/\/panwinjet.com\/es\/producto\/1453\/","og_locale":"es_ES","og_type":"article","og_title":"20Kpsi UHP Hydro-Jetting Pressure Water blaster chemical industry cleaning machine components - Panwin Machinery&amp;Equipment","og_description":"Product Introduction of 20Kpsi Pressure Water blasting chemical industry cleaning machine hydro blasting Vessel cleaning machine spare parts Paint removal cleaning machine\u00a0 Cartridge Discharge spring(8b)-JS Series No.25060 The 15000psi Pressure Water Jet industry cleaning machine parts 150k Uni-valve Cartridge assembly for use in JS triplex plunger pump Fluid End pumps, it is a key components for stable performance and easy service. It is compatible with JS 52870, This JST 15KPSI Uni-valve Assembly made of High-classed quality stainless steel, superior craftsmanship and excellent quality, and this Uni Valve is durable and reliable.","og_url":"https:\/\/panwinjet.com\/es\/producto\/1453\/","og_site_name":"Panwin Machinery&amp;Equipment","article_modified_time":"2025-10-02T15:36:25+00:00","og_image":[{"width":1920,"height":2560,"url":"https:\/\/panwinjet.com\/wp-content\/uploads\/2025\/10\/Retaining-spring8d-6-scaled.jpg","type":"image\/jpeg"}],"twitter_card":"summary_large_image","twitter_misc":{"Tiempo de lectura":"1 minuto"},"schema":{"@context":"https:\/\/schema.org","@graph":[{"@type":"WebPage","@id":"https:\/\/panwinjet.com\/product\/1453\/","url":"https:\/\/panwinjet.com\/product\/1453\/","name":"20Kpsi UHP Hydro-Jetting Pressure Water blaster chemical industry cleaning machine components - Panwin Machinery&amp;Equipment","isPartOf":{"@id":"https:\/\/panwinjet.com\/#website"},"primaryImageOfPage":{"@id":"https:\/\/panwinjet.com\/product\/1453\/#primaryimage"},"image":{"@id":"https:\/\/panwinjet.com\/product\/1453\/#primaryimage"},"thumbnailUrl":"https:\/\/panwinjet.com\/wp-content\/uploads\/2025\/10\/Retaining-spring8d-6-scaled.jpg","datePublished":"2025-10-02T15:21:43+00:00","dateModified":"2025-10-02T15:36:25+00:00","breadcrumb":{"@id":"https:\/\/panwinjet.com\/product\/1453\/#breadcrumb"},"inLanguage":"es","potentialAction":[{"@type":"ReadAction","target":["https:\/\/panwinjet.com\/product\/1453\/"]}]},{"@type":"ImageObject","inLanguage":"es","@id":"https:\/\/panwinjet.com\/product\/1453\/#primaryimage","url":"https:\/\/panwinjet.com\/wp-content\/uploads\/2025\/10\/Retaining-spring8d-6-scaled.jpg","contentUrl":"https:\/\/panwinjet.com\/wp-content\/uploads\/2025\/10\/Retaining-spring8d-6-scaled.jpg","width":1920,"height":2560},{"@type":"BreadcrumbList","@id":"https:\/\/panwinjet.com\/product\/1453\/#breadcrumb","itemListElement":[{"@type":"ListItem","position":1,"name":"\u9996\u9875","item":"https:\/\/panwinjet.com\/"},{"@type":"ListItem","position":2,"name":"PRODUCT","item":"https:\/\/panwinjet.com\/product\/"},{"@type":"ListItem","position":3,"name":"20Kpsi UHP Hydro-Jetting Pressure Water blaster chemical industry cleaning machine components"}]},{"@type":"WebSite","@id":"https:\/\/panwinjet.com\/#website","url":"https:\/\/panwinjet.com\/","name":"Panwin Machinery&amp;Equipment","description":"Shenzhen Panwin Machinery&amp;Equipment Co.Ltd","potentialAction":[{"@type":"SearchAction","target":{"@type":"EntryPoint","urlTemplate":"https:\/\/panwinjet.com\/?s={search_term_string}"},"query-input":{"@type":"PropertyValueSpecification","valueRequired":true,"valueName":"search_term_string"}}],"inLanguage":"es"}]}},"_links":{"self":[{"href":"https:\/\/panwinjet.com\/es\/wp-json\/wp\/v2\/product\/1453","targetHints":{"allow":["GET"]}}],"collection":[{"href":"https:\/\/panwinjet.com\/es\/wp-json\/wp\/v2\/product"}],"about":[{"href":"https:\/\/panwinjet.com\/es\/wp-json\/wp\/v2\/types\/product"}],"wp:featuredmedia":[{"embeddable":true,"href":"https:\/\/panwinjet.com\/es\/wp-json\/wp\/v2\/media\/1457"}],"wp:attachment":[{"href":"https:\/\/panwinjet.com\/es\/wp-json\/wp\/v2\/media?parent=1453"}],"wp:term":[{"taxonomy":"product_brand","embeddable":true,"href":"https:\/\/panwinjet.com\/es\/wp-json\/wp\/v2\/product_brand?post=1453"},{"taxonomy":"product_cat","embeddable":true,"href":"https:\/\/panwinjet.com\/es\/wp-json\/wp\/v2\/product_cat?post=1453"},{"taxonomy":"product_tag","embeddable":true,"href":"https:\/\/panwinjet.com\/es\/wp-json\/wp\/v2\/product_tag?post=1453"}],"curies":[{"name":"wp","href":"https:\/\/api.w.org\/{rel}","templated":true}]}}