{"id":1447,"date":"2025-10-02T15:09:39","date_gmt":"2025-10-02T15:09:39","guid":{"rendered":"https:\/\/panwinjet.com\/?post_type=product&#038;p=1447"},"modified":"2025-10-02T15:09:39","modified_gmt":"2025-10-02T15:09:39","slug":"1500bar-22kpsi-pressure-water-jet-industry-cleaning-machine-parts-uni-valve-cartridge-retaining-spring8e-jestream-no-25255","status":"publish","type":"product","link":"https:\/\/panwinjet.com\/es\/producto\/1500bar-22kpsi-pressure-water-jet-industry-cleaning-machine-parts-uni-valve-cartridge-retaining-spring8e-jestream-no-25255\/","title":{"rendered":"Piezas para m\u00e1quina de limpieza industrial por chorro de agua a presi\u00f3n de 1500 bar (22 kpsi): Resorte de retenci\u00f3n del cartucho Uni-valve (8e) - Jestream n.\u00b0 25255"},"content":{"rendered":"<p><strong>Detalles de las piezas de la m\u00e1quina de limpieza industrial por chorro de agua a presi\u00f3n de 15000 psi: cartucho Uni-valve de 15k.<\/strong><br \/>\nEste cartucho Uni-valve 150k de piezas de m\u00e1quina de limpieza industrial con chorro de agua a presi\u00f3n de 15000 psi tiene un dise\u00f1o \u00fanico, solo los detalles pueden mostrar su ventaja, y mostraremos los detalles a continuaci\u00f3n: Modelos de bomba compatibles: Este cartucho Uni-valve 150k de piezas de m\u00e1quina de limpieza industrial con chorro de agua a presi\u00f3n de 15000 psi es compatible con los siguientes modelos de bombas de ultra presi\u00f3n Jetstream.<\/p>\n<p>bomba de \u00e9mbolo triplex 3615<\/p>\n<p>bomba de \u00e9mbolo triplex 4215<\/p>\n<p>bomba de \u00e9mbolo triplex 5015<\/p>\n<p><strong>Par\u00e1metro (Especificaci\u00f3n) de piezas de m\u00e1quina de limpieza industrial por chorro de agua a presi\u00f3n de 15000 psi, v\u00e1lvula Uni-valve 15k<\/strong><br \/>\nEl conjunto de cartucho Uni-valve de 150k de piezas de m\u00e1quina de limpieza industrial con chorro de agua a presi\u00f3n de 15000 psi est\u00e1 hecho de acero inoxidable de alta calidad, artesan\u00eda superior y excelente calidad, y esta v\u00e1lvula Uni es duradera y confiable.<\/p>\n<p>A: Acero inoxidable de primera calidad<\/p>\n<p>B: Artesano de primera clase<\/p>\n<p>C: Tolerancia de sellado compacto<\/p>","protected":false},"excerpt":{"rendered":"<p>1. Introducci\u00f3n del producto: Piezas de la m\u00e1quina de limpieza industrial con chorro de agua a presi\u00f3n de 15 000 psi, resorte de retenci\u00f3n del cartucho de v\u00e1lvula \u00fanica de 15 k (8e), Jestream n.\u00b0 25255<br \/>\nEl conjunto de cartucho Uni-valve 150k para m\u00e1quinas de limpieza industrial con chorro de agua a presi\u00f3n de 15000 psi, compatible con bombas de extremo de fluido de \u00e9mbolo triplex JS, es un componente clave para un rendimiento estable y un mantenimiento sencillo. Es compatible con JS 52870. Este conjunto Uni-valve JST de 15000 psi est\u00e1 fabricado en acero inoxidable de alta calidad, con una mano de obra superior y una excelente calidad, lo que garantiza su durabilidad y fiabilidad.<\/p>","protected":false},"featured_media":1450,"template":"","meta":[],"product_brand":[],"product_cat":[7,10],"product_tag":[],"class_list":{"0":"post-1447","1":"product","2":"type-product","3":"status-publish","4":"has-post-thumbnail","6":"product_cat-jetstream-pump-fluid-end-compatibe-parts","7":"product_cat-pipeline-tube-uhp-water-blasting-cleaning-device","9":"first","10":"instock","11":"shipping-taxable","12":"product-type-simple"},"yoast_head":"<!-- This site is optimized with the Yoast SEO plugin v24.9 - https:\/\/yoast.com\/wordpress\/plugins\/seo\/ -->\n<title>1500Bar 22Kpsi Pressure Water Jet industry cleaning machine parts Uni-valve Cartridge Retaining spring(8e)-Jestream No.25255 - Panwin Machinery&amp;Equipment<\/title>\n<meta name=\"robots\" content=\"index, follow, max-snippet:-1, max-image-preview:large, max-video-preview:-1\" \/>\n<link rel=\"canonical\" href=\"https:\/\/panwinjet.com\/es\/producto\/1500bar-22kpsi-pressure-water-jet-industry-cleaning-machine-parts-uni-valve-cartridge-retaining-spring8e-jestream-no-25255\/\" \/>\n<meta property=\"og:locale\" content=\"es_ES\" \/>\n<meta property=\"og:type\" content=\"article\" \/>\n<meta property=\"og:title\" content=\"1500Bar 22Kpsi Pressure Water Jet industry cleaning machine parts Uni-valve Cartridge Retaining spring(8e)-Jestream No.25255 - Panwin Machinery&amp;Equipment\" \/>\n<meta property=\"og:description\" content=\"1.Product Introduction of 15000psi Pressure Water Jet industry cleaning machine parts 15k Uni-valve Cartridge Retaining spring(8e)-Jestream No.25255 The 15000psi Pressure Water Jet industry cleaning machine parts 150k Uni-valve Cartridge assembly for use in JS triplex plunger pump Fluid End pumps, it is a key components for stable performance and easy service. It is compatible with JS 52870, This JST 15KPSI Uni-valve Assembly made of High-classed quality stainless steel, superior craftsmanship and excellent quality, and this Uni Valve is durable and reliable.\" \/>\n<meta property=\"og:url\" content=\"https:\/\/panwinjet.com\/es\/producto\/1500bar-22kpsi-pressure-water-jet-industry-cleaning-machine-parts-uni-valve-cartridge-retaining-spring8e-jestream-no-25255\/\" \/>\n<meta property=\"og:site_name\" content=\"Panwin Machinery&amp;Equipment\" \/>\n<meta property=\"og:image\" content=\"https:\/\/panwinjet.com\/wp-content\/uploads\/2025\/10\/Retaining-spring8e-5-scaled.jpg\" \/>\n\t<meta property=\"og:image:width\" content=\"2560\" \/>\n\t<meta property=\"og:image:height\" content=\"1920\" \/>\n\t<meta property=\"og:image:type\" content=\"image\/jpeg\" \/>\n<meta name=\"twitter:card\" content=\"summary_large_image\" \/>\n<meta name=\"twitter:label1\" content=\"Tiempo de lectura\" \/>\n\t<meta name=\"twitter:data1\" content=\"1 minuto\" \/>\n<script type=\"application\/ld+json\" class=\"yoast-schema-graph\">{\"@context\":\"https:\/\/schema.org\",\"@graph\":[{\"@type\":\"WebPage\",\"@id\":\"https:\/\/panwinjet.com\/product\/1500bar-22kpsi-pressure-water-jet-industry-cleaning-machine-parts-uni-valve-cartridge-retaining-spring8e-jestream-no-25255\/\",\"url\":\"https:\/\/panwinjet.com\/product\/1500bar-22kpsi-pressure-water-jet-industry-cleaning-machine-parts-uni-valve-cartridge-retaining-spring8e-jestream-no-25255\/\",\"name\":\"1500Bar 22Kpsi Pressure Water Jet industry cleaning machine parts Uni-valve Cartridge Retaining spring(8e)-Jestream No.25255 - Panwin Machinery&amp;Equipment\",\"isPartOf\":{\"@id\":\"https:\/\/panwinjet.com\/#website\"},\"primaryImageOfPage\":{\"@id\":\"https:\/\/panwinjet.com\/product\/1500bar-22kpsi-pressure-water-jet-industry-cleaning-machine-parts-uni-valve-cartridge-retaining-spring8e-jestream-no-25255\/#primaryimage\"},\"image\":{\"@id\":\"https:\/\/panwinjet.com\/product\/1500bar-22kpsi-pressure-water-jet-industry-cleaning-machine-parts-uni-valve-cartridge-retaining-spring8e-jestream-no-25255\/#primaryimage\"},\"thumbnailUrl\":\"https:\/\/panwinjet.com\/wp-content\/uploads\/2025\/10\/Retaining-spring8e-5-scaled.jpg\",\"datePublished\":\"2025-10-02T15:09:39+00:00\",\"breadcrumb\":{\"@id\":\"https:\/\/panwinjet.com\/product\/1500bar-22kpsi-pressure-water-jet-industry-cleaning-machine-parts-uni-valve-cartridge-retaining-spring8e-jestream-no-25255\/#breadcrumb\"},\"inLanguage\":\"es\",\"potentialAction\":[{\"@type\":\"ReadAction\",\"target\":[\"https:\/\/panwinjet.com\/product\/1500bar-22kpsi-pressure-water-jet-industry-cleaning-machine-parts-uni-valve-cartridge-retaining-spring8e-jestream-no-25255\/\"]}]},{\"@type\":\"ImageObject\",\"inLanguage\":\"es\",\"@id\":\"https:\/\/panwinjet.com\/product\/1500bar-22kpsi-pressure-water-jet-industry-cleaning-machine-parts-uni-valve-cartridge-retaining-spring8e-jestream-no-25255\/#primaryimage\",\"url\":\"https:\/\/panwinjet.com\/wp-content\/uploads\/2025\/10\/Retaining-spring8e-5-scaled.jpg\",\"contentUrl\":\"https:\/\/panwinjet.com\/wp-content\/uploads\/2025\/10\/Retaining-spring8e-5-scaled.jpg\",\"width\":2560,\"height\":1920},{\"@type\":\"BreadcrumbList\",\"@id\":\"https:\/\/panwinjet.com\/product\/1500bar-22kpsi-pressure-water-jet-industry-cleaning-machine-parts-uni-valve-cartridge-retaining-spring8e-jestream-no-25255\/#breadcrumb\",\"itemListElement\":[{\"@type\":\"ListItem\",\"position\":1,\"name\":\"\u9996\u9875\",\"item\":\"https:\/\/panwinjet.com\/\"},{\"@type\":\"ListItem\",\"position\":2,\"name\":\"PRODUCT\",\"item\":\"https:\/\/panwinjet.com\/product\/\"},{\"@type\":\"ListItem\",\"position\":3,\"name\":\"1500Bar 22Kpsi Pressure Water Jet industry cleaning machine parts Uni-valve Cartridge Retaining spring(8e)-Jestream No.25255\"}]},{\"@type\":\"WebSite\",\"@id\":\"https:\/\/panwinjet.com\/#website\",\"url\":\"https:\/\/panwinjet.com\/\",\"name\":\"Panwin Machinery&amp;Equipment\",\"description\":\"Shenzhen Panwin Machinery&amp;Equipment Co.Ltd\",\"potentialAction\":[{\"@type\":\"SearchAction\",\"target\":{\"@type\":\"EntryPoint\",\"urlTemplate\":\"https:\/\/panwinjet.com\/?s={search_term_string}\"},\"query-input\":{\"@type\":\"PropertyValueSpecification\",\"valueRequired\":true,\"valueName\":\"search_term_string\"}}],\"inLanguage\":\"es\"}]}<\/script>\n<!-- \/ Yoast SEO plugin. -->","yoast_head_json":{"title":"1500Bar 22Kpsi Pressure Water Jet industry cleaning machine parts Uni-valve Cartridge Retaining spring(8e)-Jestream No.25255 - Panwin Machinery&amp;Equipment","robots":{"index":"index","follow":"follow","max-snippet":"max-snippet:-1","max-image-preview":"max-image-preview:large","max-video-preview":"max-video-preview:-1"},"canonical":"https:\/\/panwinjet.com\/es\/producto\/1500bar-22kpsi-pressure-water-jet-industry-cleaning-machine-parts-uni-valve-cartridge-retaining-spring8e-jestream-no-25255\/","og_locale":"es_ES","og_type":"article","og_title":"1500Bar 22Kpsi Pressure Water Jet industry cleaning machine parts Uni-valve Cartridge Retaining spring(8e)-Jestream No.25255 - Panwin Machinery&amp;Equipment","og_description":"1.Product Introduction of 15000psi Pressure Water Jet industry cleaning machine parts 15k Uni-valve Cartridge Retaining spring(8e)-Jestream No.25255 The 15000psi Pressure Water Jet industry cleaning machine parts 150k Uni-valve Cartridge assembly for use in JS triplex plunger pump Fluid End pumps, it is a key components for stable performance and easy service. It is compatible with JS 52870, This JST 15KPSI Uni-valve Assembly made of High-classed quality stainless steel, superior craftsmanship and excellent quality, and this Uni Valve is durable and reliable.","og_url":"https:\/\/panwinjet.com\/es\/producto\/1500bar-22kpsi-pressure-water-jet-industry-cleaning-machine-parts-uni-valve-cartridge-retaining-spring8e-jestream-no-25255\/","og_site_name":"Panwin Machinery&amp;Equipment","og_image":[{"width":2560,"height":1920,"url":"https:\/\/panwinjet.com\/wp-content\/uploads\/2025\/10\/Retaining-spring8e-5-scaled.jpg","type":"image\/jpeg"}],"twitter_card":"summary_large_image","twitter_misc":{"Tiempo de lectura":"1 minuto"},"schema":{"@context":"https:\/\/schema.org","@graph":[{"@type":"WebPage","@id":"https:\/\/panwinjet.com\/product\/1500bar-22kpsi-pressure-water-jet-industry-cleaning-machine-parts-uni-valve-cartridge-retaining-spring8e-jestream-no-25255\/","url":"https:\/\/panwinjet.com\/product\/1500bar-22kpsi-pressure-water-jet-industry-cleaning-machine-parts-uni-valve-cartridge-retaining-spring8e-jestream-no-25255\/","name":"1500Bar 22Kpsi Pressure Water Jet industry cleaning machine parts Uni-valve Cartridge Retaining spring(8e)-Jestream No.25255 - Panwin Machinery&amp;Equipment","isPartOf":{"@id":"https:\/\/panwinjet.com\/#website"},"primaryImageOfPage":{"@id":"https:\/\/panwinjet.com\/product\/1500bar-22kpsi-pressure-water-jet-industry-cleaning-machine-parts-uni-valve-cartridge-retaining-spring8e-jestream-no-25255\/#primaryimage"},"image":{"@id":"https:\/\/panwinjet.com\/product\/1500bar-22kpsi-pressure-water-jet-industry-cleaning-machine-parts-uni-valve-cartridge-retaining-spring8e-jestream-no-25255\/#primaryimage"},"thumbnailUrl":"https:\/\/panwinjet.com\/wp-content\/uploads\/2025\/10\/Retaining-spring8e-5-scaled.jpg","datePublished":"2025-10-02T15:09:39+00:00","breadcrumb":{"@id":"https:\/\/panwinjet.com\/product\/1500bar-22kpsi-pressure-water-jet-industry-cleaning-machine-parts-uni-valve-cartridge-retaining-spring8e-jestream-no-25255\/#breadcrumb"},"inLanguage":"es","potentialAction":[{"@type":"ReadAction","target":["https:\/\/panwinjet.com\/product\/1500bar-22kpsi-pressure-water-jet-industry-cleaning-machine-parts-uni-valve-cartridge-retaining-spring8e-jestream-no-25255\/"]}]},{"@type":"ImageObject","inLanguage":"es","@id":"https:\/\/panwinjet.com\/product\/1500bar-22kpsi-pressure-water-jet-industry-cleaning-machine-parts-uni-valve-cartridge-retaining-spring8e-jestream-no-25255\/#primaryimage","url":"https:\/\/panwinjet.com\/wp-content\/uploads\/2025\/10\/Retaining-spring8e-5-scaled.jpg","contentUrl":"https:\/\/panwinjet.com\/wp-content\/uploads\/2025\/10\/Retaining-spring8e-5-scaled.jpg","width":2560,"height":1920},{"@type":"BreadcrumbList","@id":"https:\/\/panwinjet.com\/product\/1500bar-22kpsi-pressure-water-jet-industry-cleaning-machine-parts-uni-valve-cartridge-retaining-spring8e-jestream-no-25255\/#breadcrumb","itemListElement":[{"@type":"ListItem","position":1,"name":"\u9996\u9875","item":"https:\/\/panwinjet.com\/"},{"@type":"ListItem","position":2,"name":"PRODUCT","item":"https:\/\/panwinjet.com\/product\/"},{"@type":"ListItem","position":3,"name":"1500Bar 22Kpsi Pressure Water Jet industry cleaning machine parts Uni-valve Cartridge Retaining spring(8e)-Jestream No.25255"}]},{"@type":"WebSite","@id":"https:\/\/panwinjet.com\/#website","url":"https:\/\/panwinjet.com\/","name":"Panwin Machinery&amp;Equipment","description":"Shenzhen Panwin Machinery&amp;Equipment Co.Ltd","potentialAction":[{"@type":"SearchAction","target":{"@type":"EntryPoint","urlTemplate":"https:\/\/panwinjet.com\/?s={search_term_string}"},"query-input":{"@type":"PropertyValueSpecification","valueRequired":true,"valueName":"search_term_string"}}],"inLanguage":"es"}]}},"_links":{"self":[{"href":"https:\/\/panwinjet.com\/es\/wp-json\/wp\/v2\/product\/1447","targetHints":{"allow":["GET"]}}],"collection":[{"href":"https:\/\/panwinjet.com\/es\/wp-json\/wp\/v2\/product"}],"about":[{"href":"https:\/\/panwinjet.com\/es\/wp-json\/wp\/v2\/types\/product"}],"wp:featuredmedia":[{"embeddable":true,"href":"https:\/\/panwinjet.com\/es\/wp-json\/wp\/v2\/media\/1450"}],"wp:attachment":[{"href":"https:\/\/panwinjet.com\/es\/wp-json\/wp\/v2\/media?parent=1447"}],"wp:term":[{"taxonomy":"product_brand","embeddable":true,"href":"https:\/\/panwinjet.com\/es\/wp-json\/wp\/v2\/product_brand?post=1447"},{"taxonomy":"product_cat","embeddable":true,"href":"https:\/\/panwinjet.com\/es\/wp-json\/wp\/v2\/product_cat?post=1447"},{"taxonomy":"product_tag","embeddable":true,"href":"https:\/\/panwinjet.com\/es\/wp-json\/wp\/v2\/product_tag?post=1447"}],"curies":[{"name":"wp","href":"https:\/\/api.w.org\/{rel}","templated":true}]}}