{"id":1439,"date":"2025-10-02T15:02:59","date_gmt":"2025-10-02T15:02:59","guid":{"rendered":"https:\/\/panwinjet.com\/?post_type=product&#038;p=1439"},"modified":"2025-10-02T15:02:59","modified_gmt":"2025-10-02T15:02:59","slug":"15000psi-pressure-water-jet-industry-cleaning-machine-parts-150k-uni-valve-cartridge-discharge-spring8b-js-series-no-25060","status":"publish","type":"product","link":"https:\/\/panwinjet.com\/es\/producto\/15000psi-pressure-water-jet-industry-cleaning-machine-parts-150k-uni-valve-cartridge-discharge-spring8b-js-series-no-25060\/","title":{"rendered":"Piezas para m\u00e1quina de limpieza industrial por chorro de agua a presi\u00f3n de 15000 psi, resorte de descarga de cartucho Uni-valve de 150k (8b) - Serie JS n.\u00b0 25060"},"content":{"rendered":"<p>Caracter\u00edsticas y aplicaciones de la m\u00e1quina de limpieza industrial con chorro de agua a presi\u00f3n de 15000 psi y cartucho Uni-valve de 150 k.<br \/>\nEste cartucho Uni-valve de 150k para m\u00e1quinas de limpieza industrial con chorro de agua a presi\u00f3n de 15000 psi tiene un dise\u00f1o \u00fanico y una obra maestra para un rendimiento excelente y un servicio f\u00e1cil, y est\u00e1 funcionalmente avanzado en los siguientes detalles:<\/p>\n<p>A: V\u00e1lvulas combinadas de succi\u00f3n y descarga en una sola pieza aut\u00f3noma<\/p>\n<p>B: Ajuste deslizante para un f\u00e1cil mantenimiento<\/p>\n<p>C: El dise\u00f1o en l\u00ednea minimiza la turbulencia.<\/p>\n<p>&nbsp;<\/p>\n<p>Solicitud:<\/p>\n<p>Este cartucho Uni-valve de 150k para piezas de m\u00e1quinas de limpieza industrial con chorro de agua a presi\u00f3n de 15000 psi se aplica a la bomba de extremo de fluido de bomba de \u00e9mbolo triplex Jetstream, son los componentes clave y el dise\u00f1o avanzado. La bomba se puede utilizar ampliamente en la aplicaci\u00f3n:<\/p>\n<p>Chorro de agua UHP Industria de la construcci\u00f3n Chorro de agua Hierro,<\/p>\n<p>Industria del acero y el metal<\/p>\n<p>Hidrolimpiadora de alta presi\u00f3n Mec\u00e1nica y aparatos<\/p>\n<p>Cementos y hormigones de ingenier\u00eda<\/p>\n<p>Barracuda de alta presi\u00f3n industrial Limpieza de superficies<\/p>\n<p>Piezas de equipo de limpieza por chorro de agua UHP Barras de pulverizaci\u00f3n de limpieza industrial M\u00e1quina de chorro de agua para la industria de refinaci\u00f3n de petr\u00f3leo Limpieza de superficies por chorro de agua, limpieza de tanques y recipientes, limpieza de intercambio de calor, limpieza de pintura automotriz Limpieza de la industria minera Limpieza de fabricaci\u00f3n de acero, etc. Equipos de limpieza de alcantarillado de alta presi\u00f3n para redes de tuber\u00edas municipales, tuber\u00edas de suministro de agua y drenaje;<\/p>\n<p>&nbsp;<\/p>\n<p>5. Detalles del producto de las piezas de la m\u00e1quina de limpieza industrial con chorro de agua a presi\u00f3n de 15000 psi, cartucho Uni-valve de 150 k<br \/>\nEste cartucho Uni-valve de 150k de piezas de m\u00e1quina de limpieza industrial con chorro de agua a presi\u00f3n de 15000 psi tiene un dise\u00f1o \u00fanico, solo los detalles pueden mostrar su ventaja, y mostraremos los detalles a continuaci\u00f3n: Modelos de bomba compatibles:<\/p>\n<p>&nbsp;<\/p>\n<p>&nbsp;<\/p>\n<p>Este cartucho Uni-valve de 150 k para m\u00e1quinas de limpieza industrial con chorro de agua a presi\u00f3n de 15 000 psi es compatible con los siguientes modelos de bombas de ultrapresi\u00f3n Jetstream.<\/p>\n<p>bomba de \u00e9mbolo triplex 3615<\/p>\n<p>bomba de \u00e9mbolo triplex 4215<\/p>\n<p>bomba de \u00e9mbolo triplex 5015<\/p>","protected":false},"excerpt":{"rendered":"<p>1. Introducci\u00f3n del producto: Piezas de la m\u00e1quina de limpieza industrial con chorro de agua a presi\u00f3n de 15000 psi, resorte de descarga del cartucho de v\u00e1lvula unidireccional de 150 k (8b), serie JS n.\u00b0 25060<br \/>\nEl conjunto de cartucho Uni-valve 150k para m\u00e1quinas de limpieza industrial con chorro de agua a presi\u00f3n de 15000 psi, compatible con bombas de extremo de fluido de \u00e9mbolo triplex JS, es un componente clave para un rendimiento estable y un mantenimiento sencillo. Es compatible con JS 52870. Este conjunto Uni-valve JST de 15000 psi est\u00e1 fabricado en acero inoxidable de alta calidad, con una mano de obra superior y una excelente calidad, lo que garantiza su durabilidad y fiabilidad.<\/p>\n<p>&nbsp;<\/p>","protected":false},"featured_media":1443,"template":"","meta":[],"product_brand":[],"product_cat":[8,7],"product_tag":[],"class_list":{"0":"post-1439","1":"product","2":"type-product","3":"status-publish","4":"has-post-thumbnail","6":"product_cat-giant-tank-cleaningcutting-device","7":"product_cat-jetstream-pump-fluid-end-compatibe-parts","9":"first","10":"instock","11":"shipping-taxable","12":"product-type-simple"},"yoast_head":"<!-- This site is optimized with the Yoast SEO plugin v24.9 - https:\/\/yoast.com\/wordpress\/plugins\/seo\/ -->\n<title>15000psi Pressure Water Jet industry cleaning machine parts 150k Uni-valve Cartridge Discharge spring(8b)-JS Series No.25060 - Panwin Machinery&amp;Equipment<\/title>\n<meta name=\"robots\" content=\"index, follow, max-snippet:-1, max-image-preview:large, max-video-preview:-1\" \/>\n<link rel=\"canonical\" href=\"https:\/\/panwinjet.com\/es\/producto\/15000psi-pressure-water-jet-industry-cleaning-machine-parts-150k-uni-valve-cartridge-discharge-spring8b-js-series-no-25060\/\" \/>\n<meta property=\"og:locale\" content=\"es_ES\" \/>\n<meta property=\"og:type\" content=\"article\" \/>\n<meta property=\"og:title\" content=\"15000psi Pressure Water Jet industry cleaning machine parts 150k Uni-valve Cartridge Discharge spring(8b)-JS Series No.25060 - Panwin Machinery&amp;Equipment\" \/>\n<meta property=\"og:description\" content=\"1.Product Introduction of 15000psi Pressure Water Jet industry cleaning machine parts 150k Uni-valve Cartridge Discharge spring(8b)-JS Series No.25060 The 15000psi Pressure Water Jet industry cleaning machine parts 150k Uni-valve Cartridge assembly for use in JS triplex plunger pump Fluid End pumps, it is a key components for stable performance and easy service. It is compatible with JS 52870, This JST 15KPSI Uni-valve Assembly made of High-classed quality stainless steel, superior craftsmanship and excellent quality, and this Uni Valve is durable and reliable.  &nbsp;\" \/>\n<meta property=\"og:url\" content=\"https:\/\/panwinjet.com\/es\/producto\/15000psi-pressure-water-jet-industry-cleaning-machine-parts-150k-uni-valve-cartridge-discharge-spring8b-js-series-no-25060\/\" \/>\n<meta property=\"og:site_name\" content=\"Panwin Machinery&amp;Equipment\" \/>\n<meta property=\"og:image\" content=\"https:\/\/panwinjet.com\/wp-content\/uploads\/2025\/10\/Discharge-spring8b-9-scaled.jpg\" \/>\n\t<meta property=\"og:image:width\" content=\"2560\" \/>\n\t<meta property=\"og:image:height\" content=\"1920\" \/>\n\t<meta property=\"og:image:type\" content=\"image\/jpeg\" \/>\n<meta name=\"twitter:card\" content=\"summary_large_image\" \/>\n<meta name=\"twitter:label1\" content=\"Tiempo de lectura\" \/>\n\t<meta name=\"twitter:data1\" content=\"2 minutos\" \/>\n<script type=\"application\/ld+json\" class=\"yoast-schema-graph\">{\"@context\":\"https:\/\/schema.org\",\"@graph\":[{\"@type\":\"WebPage\",\"@id\":\"https:\/\/panwinjet.com\/product\/15000psi-pressure-water-jet-industry-cleaning-machine-parts-150k-uni-valve-cartridge-discharge-spring8b-js-series-no-25060\/\",\"url\":\"https:\/\/panwinjet.com\/product\/15000psi-pressure-water-jet-industry-cleaning-machine-parts-150k-uni-valve-cartridge-discharge-spring8b-js-series-no-25060\/\",\"name\":\"15000psi Pressure Water Jet industry cleaning machine parts 150k Uni-valve Cartridge Discharge spring(8b)-JS Series No.25060 - Panwin Machinery&amp;Equipment\",\"isPartOf\":{\"@id\":\"https:\/\/panwinjet.com\/#website\"},\"primaryImageOfPage\":{\"@id\":\"https:\/\/panwinjet.com\/product\/15000psi-pressure-water-jet-industry-cleaning-machine-parts-150k-uni-valve-cartridge-discharge-spring8b-js-series-no-25060\/#primaryimage\"},\"image\":{\"@id\":\"https:\/\/panwinjet.com\/product\/15000psi-pressure-water-jet-industry-cleaning-machine-parts-150k-uni-valve-cartridge-discharge-spring8b-js-series-no-25060\/#primaryimage\"},\"thumbnailUrl\":\"https:\/\/panwinjet.com\/wp-content\/uploads\/2025\/10\/Discharge-spring8b-9-scaled.jpg\",\"datePublished\":\"2025-10-02T15:02:59+00:00\",\"breadcrumb\":{\"@id\":\"https:\/\/panwinjet.com\/product\/15000psi-pressure-water-jet-industry-cleaning-machine-parts-150k-uni-valve-cartridge-discharge-spring8b-js-series-no-25060\/#breadcrumb\"},\"inLanguage\":\"es\",\"potentialAction\":[{\"@type\":\"ReadAction\",\"target\":[\"https:\/\/panwinjet.com\/product\/15000psi-pressure-water-jet-industry-cleaning-machine-parts-150k-uni-valve-cartridge-discharge-spring8b-js-series-no-25060\/\"]}]},{\"@type\":\"ImageObject\",\"inLanguage\":\"es\",\"@id\":\"https:\/\/panwinjet.com\/product\/15000psi-pressure-water-jet-industry-cleaning-machine-parts-150k-uni-valve-cartridge-discharge-spring8b-js-series-no-25060\/#primaryimage\",\"url\":\"https:\/\/panwinjet.com\/wp-content\/uploads\/2025\/10\/Discharge-spring8b-9-scaled.jpg\",\"contentUrl\":\"https:\/\/panwinjet.com\/wp-content\/uploads\/2025\/10\/Discharge-spring8b-9-scaled.jpg\",\"width\":2560,\"height\":1920},{\"@type\":\"BreadcrumbList\",\"@id\":\"https:\/\/panwinjet.com\/product\/15000psi-pressure-water-jet-industry-cleaning-machine-parts-150k-uni-valve-cartridge-discharge-spring8b-js-series-no-25060\/#breadcrumb\",\"itemListElement\":[{\"@type\":\"ListItem\",\"position\":1,\"name\":\"\u9996\u9875\",\"item\":\"https:\/\/panwinjet.com\/\"},{\"@type\":\"ListItem\",\"position\":2,\"name\":\"PRODUCT\",\"item\":\"https:\/\/panwinjet.com\/product\/\"},{\"@type\":\"ListItem\",\"position\":3,\"name\":\"15000psi Pressure Water Jet industry cleaning machine parts 150k Uni-valve Cartridge Discharge spring(8b)-JS Series No.25060\"}]},{\"@type\":\"WebSite\",\"@id\":\"https:\/\/panwinjet.com\/#website\",\"url\":\"https:\/\/panwinjet.com\/\",\"name\":\"Panwin Machinery&amp;Equipment\",\"description\":\"Shenzhen Panwin Machinery&amp;Equipment Co.Ltd\",\"potentialAction\":[{\"@type\":\"SearchAction\",\"target\":{\"@type\":\"EntryPoint\",\"urlTemplate\":\"https:\/\/panwinjet.com\/?s={search_term_string}\"},\"query-input\":{\"@type\":\"PropertyValueSpecification\",\"valueRequired\":true,\"valueName\":\"search_term_string\"}}],\"inLanguage\":\"es\"}]}<\/script>\n<!-- \/ Yoast SEO plugin. -->","yoast_head_json":{"title":"15000psi Pressure Water Jet industry cleaning machine parts 150k Uni-valve Cartridge Discharge spring(8b)-JS Series No.25060 - Panwin Machinery&amp;Equipment","robots":{"index":"index","follow":"follow","max-snippet":"max-snippet:-1","max-image-preview":"max-image-preview:large","max-video-preview":"max-video-preview:-1"},"canonical":"https:\/\/panwinjet.com\/es\/producto\/15000psi-pressure-water-jet-industry-cleaning-machine-parts-150k-uni-valve-cartridge-discharge-spring8b-js-series-no-25060\/","og_locale":"es_ES","og_type":"article","og_title":"15000psi Pressure Water Jet industry cleaning machine parts 150k Uni-valve Cartridge Discharge spring(8b)-JS Series No.25060 - Panwin Machinery&amp;Equipment","og_description":"1.Product Introduction of 15000psi Pressure Water Jet industry cleaning machine parts 150k Uni-valve Cartridge Discharge spring(8b)-JS Series No.25060 The 15000psi Pressure Water Jet industry cleaning machine parts 150k Uni-valve Cartridge assembly for use in JS triplex plunger pump Fluid End pumps, it is a key components for stable performance and easy service. It is compatible with JS 52870, This JST 15KPSI Uni-valve Assembly made of High-classed quality stainless steel, superior craftsmanship and excellent quality, and this Uni Valve is durable and reliable.  &nbsp;","og_url":"https:\/\/panwinjet.com\/es\/producto\/15000psi-pressure-water-jet-industry-cleaning-machine-parts-150k-uni-valve-cartridge-discharge-spring8b-js-series-no-25060\/","og_site_name":"Panwin Machinery&amp;Equipment","og_image":[{"width":2560,"height":1920,"url":"https:\/\/panwinjet.com\/wp-content\/uploads\/2025\/10\/Discharge-spring8b-9-scaled.jpg","type":"image\/jpeg"}],"twitter_card":"summary_large_image","twitter_misc":{"Tiempo de lectura":"2 minutos"},"schema":{"@context":"https:\/\/schema.org","@graph":[{"@type":"WebPage","@id":"https:\/\/panwinjet.com\/product\/15000psi-pressure-water-jet-industry-cleaning-machine-parts-150k-uni-valve-cartridge-discharge-spring8b-js-series-no-25060\/","url":"https:\/\/panwinjet.com\/product\/15000psi-pressure-water-jet-industry-cleaning-machine-parts-150k-uni-valve-cartridge-discharge-spring8b-js-series-no-25060\/","name":"15000psi Pressure Water Jet industry cleaning machine parts 150k Uni-valve Cartridge Discharge spring(8b)-JS Series No.25060 - Panwin Machinery&amp;Equipment","isPartOf":{"@id":"https:\/\/panwinjet.com\/#website"},"primaryImageOfPage":{"@id":"https:\/\/panwinjet.com\/product\/15000psi-pressure-water-jet-industry-cleaning-machine-parts-150k-uni-valve-cartridge-discharge-spring8b-js-series-no-25060\/#primaryimage"},"image":{"@id":"https:\/\/panwinjet.com\/product\/15000psi-pressure-water-jet-industry-cleaning-machine-parts-150k-uni-valve-cartridge-discharge-spring8b-js-series-no-25060\/#primaryimage"},"thumbnailUrl":"https:\/\/panwinjet.com\/wp-content\/uploads\/2025\/10\/Discharge-spring8b-9-scaled.jpg","datePublished":"2025-10-02T15:02:59+00:00","breadcrumb":{"@id":"https:\/\/panwinjet.com\/product\/15000psi-pressure-water-jet-industry-cleaning-machine-parts-150k-uni-valve-cartridge-discharge-spring8b-js-series-no-25060\/#breadcrumb"},"inLanguage":"es","potentialAction":[{"@type":"ReadAction","target":["https:\/\/panwinjet.com\/product\/15000psi-pressure-water-jet-industry-cleaning-machine-parts-150k-uni-valve-cartridge-discharge-spring8b-js-series-no-25060\/"]}]},{"@type":"ImageObject","inLanguage":"es","@id":"https:\/\/panwinjet.com\/product\/15000psi-pressure-water-jet-industry-cleaning-machine-parts-150k-uni-valve-cartridge-discharge-spring8b-js-series-no-25060\/#primaryimage","url":"https:\/\/panwinjet.com\/wp-content\/uploads\/2025\/10\/Discharge-spring8b-9-scaled.jpg","contentUrl":"https:\/\/panwinjet.com\/wp-content\/uploads\/2025\/10\/Discharge-spring8b-9-scaled.jpg","width":2560,"height":1920},{"@type":"BreadcrumbList","@id":"https:\/\/panwinjet.com\/product\/15000psi-pressure-water-jet-industry-cleaning-machine-parts-150k-uni-valve-cartridge-discharge-spring8b-js-series-no-25060\/#breadcrumb","itemListElement":[{"@type":"ListItem","position":1,"name":"\u9996\u9875","item":"https:\/\/panwinjet.com\/"},{"@type":"ListItem","position":2,"name":"PRODUCT","item":"https:\/\/panwinjet.com\/product\/"},{"@type":"ListItem","position":3,"name":"15000psi Pressure Water Jet industry cleaning machine parts 150k Uni-valve Cartridge Discharge spring(8b)-JS Series No.25060"}]},{"@type":"WebSite","@id":"https:\/\/panwinjet.com\/#website","url":"https:\/\/panwinjet.com\/","name":"Panwin Machinery&amp;Equipment","description":"Shenzhen Panwin Machinery&amp;Equipment Co.Ltd","potentialAction":[{"@type":"SearchAction","target":{"@type":"EntryPoint","urlTemplate":"https:\/\/panwinjet.com\/?s={search_term_string}"},"query-input":{"@type":"PropertyValueSpecification","valueRequired":true,"valueName":"search_term_string"}}],"inLanguage":"es"}]}},"_links":{"self":[{"href":"https:\/\/panwinjet.com\/es\/wp-json\/wp\/v2\/product\/1439","targetHints":{"allow":["GET"]}}],"collection":[{"href":"https:\/\/panwinjet.com\/es\/wp-json\/wp\/v2\/product"}],"about":[{"href":"https:\/\/panwinjet.com\/es\/wp-json\/wp\/v2\/types\/product"}],"wp:featuredmedia":[{"embeddable":true,"href":"https:\/\/panwinjet.com\/es\/wp-json\/wp\/v2\/media\/1443"}],"wp:attachment":[{"href":"https:\/\/panwinjet.com\/es\/wp-json\/wp\/v2\/media?parent=1439"}],"wp:term":[{"taxonomy":"product_brand","embeddable":true,"href":"https:\/\/panwinjet.com\/es\/wp-json\/wp\/v2\/product_brand?post=1439"},{"taxonomy":"product_cat","embeddable":true,"href":"https:\/\/panwinjet.com\/es\/wp-json\/wp\/v2\/product_cat?post=1439"},{"taxonomy":"product_tag","embeddable":true,"href":"https:\/\/panwinjet.com\/es\/wp-json\/wp\/v2\/product_tag?post=1439"}],"curies":[{"name":"wp","href":"https:\/\/api.w.org\/{rel}","templated":true}]}}