{"id":1430,"date":"2025-10-02T14:54:16","date_gmt":"2025-10-02T14:54:16","guid":{"rendered":"https:\/\/panwinjet.com\/?post_type=product&#038;p=1430"},"modified":"2025-10-02T14:54:16","modified_gmt":"2025-10-02T14:54:16","slug":"15000psi-pressure-water-jet-industry-cleaning-machine-parts-150k-uni-valve-cartridge-suction-spring8c-js-no-25059","status":"publish","type":"product","link":"https:\/\/panwinjet.com\/es\/producto\/15000psi-pressure-water-jet-industry-cleaning-machine-parts-150k-uni-valve-cartridge-suction-spring8c-js-no-25059\/","title":{"rendered":"Piezas para m\u00e1quina de limpieza industrial por chorro de agua a presi\u00f3n de 15000 psi, resorte de succi\u00f3n de cartucho Uni-valve 150k (8c) - JS No. 25059"},"content":{"rendered":"<p>Caracter\u00edsticas y aplicaciones del cartucho Uni-valve de 15 000 psi para limpieza industrial de piezas de m\u00e1quinas con chorro de agua a presi\u00f3n.<br \/>\nEste cartucho Uni-valve de 150k para piezas de m\u00e1quinas de limpieza industrial con chorro de agua a presi\u00f3n de 15000 psi tiene un dise\u00f1o \u00fanico y de obra maestra para un rendimiento excelente y un servicio f\u00e1cil, es funcionalmente avanzado en detalles como los siguientes: A: V\u00e1lvulas combinadas de succi\u00f3n y descarga en una parte aut\u00f3noma B: Ajuste deslizante para un f\u00e1cil mantenimiento C: El dise\u00f1o en l\u00ednea minimiza la turbulencia Aplicaci\u00f3n: Este cartucho Uni-valve de 15000 psi para piezas de m\u00e1quinas de limpieza industrial con chorro de agua a presi\u00f3n se aplica a la bomba de extremo de fluido de bomba de \u00e9mbolo triplex JS, son los componentes clave y el dise\u00f1o avanzado. La bomba se puede usar ampliamente en aplicaciones: chorro de agua UHP Industria de la construcci\u00f3n Hidrojet Blaster Industria del hierro, acero y metales Hidroblaster de alta presi\u00f3n Ingenier\u00eda mec\u00e1nica y de aparatos Industria del cemento y el hormig\u00f3n Barracuda de alta presi\u00f3n Limpieza de superficies Piezas de equipo de limpieza UHP Hydro Jet Barras de pulverizaci\u00f3n de limpieza industrial M\u00e1quina de chorro de agua para la industria de refinaci\u00f3n de petr\u00f3leo Limpieza de superficies Hydro Jet, limpieza de tanques y recipientes, limpieza de intercambio de calor, limpieza de pintura automotriz Limpieza de la industria minera Limpieza de fabricaci\u00f3n de acero, etc. Equipos de limpieza de alcantarillado a alta presi\u00f3n para redes de tuber\u00edas municipales Tuber\u00edas de suministro de agua y drenaje;<\/p>\n<p><img decoding=\"async\" class=\"alignleft size-medium wp-image-1437 lazyload\" data-src=\"https:\/\/panwinjet.com\/wp-content\/uploads\/2025\/10\/\u7ed3\u6784-500x281.png\" alt=\"\" width=\"500\" height=\"281\" data-srcset=\"https:\/\/panwinjet.com\/wp-content\/uploads\/2025\/10\/\u7ed3\u6784-500x281.png 500w, https:\/\/panwinjet.com\/wp-content\/uploads\/2025\/10\/\u7ed3\u6784-300x169.png 300w, https:\/\/panwinjet.com\/wp-content\/uploads\/2025\/10\/\u7ed3\u6784-133x75.png 133w, https:\/\/panwinjet.com\/wp-content\/uploads\/2025\/10\/\u7ed3\u6784-480x270.png 480w, https:\/\/panwinjet.com\/wp-content\/uploads\/2025\/10\/\u7ed3\u6784.png 729w\" data-sizes=\"(max-width:767px) 480px, 500px\" src=\"data:image\/svg+xml;base64,PHN2ZyB3aWR0aD0iMSIgaGVpZ2h0PSIxIiB4bWxucz0iaHR0cDovL3d3dy53My5vcmcvMjAwMC9zdmciPjwvc3ZnPg==\" style=\"--smush-placeholder-width: 500px; --smush-placeholder-aspect-ratio: 500\/281;\" \/><\/p>\n<p>Detalles de las piezas de la m\u00e1quina de limpieza industrial con chorro de agua a presi\u00f3n de 15000 psi y cartucho Uni-valve de 150 k.<br \/>\nEste cartucho Uni-valve de 150k de piezas de m\u00e1quina de limpieza industrial con chorro de agua a presi\u00f3n de 15000 psi tiene un dise\u00f1o \u00fanico, solo los detalles pueden mostrar su ventaja, y mostraremos los detalles a continuaci\u00f3n: Modelos de bomba compatibles:<\/p>\n<p>&nbsp;<\/p>\n<p>Este cartucho Uni-valve de 150 k para m\u00e1quinas de limpieza industrial con chorro de agua a presi\u00f3n de 15 000 psi es compatible con los siguientes modelos de bombas de ultrapresi\u00f3n JST.<\/p>\n<p>bomba de \u00e9mbolo triplex 3615<\/p>\n<p>bomba de \u00e9mbolo triplex 4215<\/p>\n<p>bomba de \u00e9mbolo triplex 5015<\/p>","protected":false},"excerpt":{"rendered":"<p>1. Introducci\u00f3n del producto: Piezas de la m\u00e1quina de limpieza industrial con chorro de agua a presi\u00f3n de 15000 psi, resorte de succi\u00f3n del cartucho de v\u00e1lvula \u00fanica de 150 k (8c), JS n.\u00b0 25059<br \/>\nEl conjunto de cartucho Uni-valve 150k para m\u00e1quinas de limpieza industrial con chorro de agua a presi\u00f3n de 15000 psi, compatible con bombas de extremo de fluido de \u00e9mbolo triplex JS, es un componente clave para un rendimiento estable y un mantenimiento sencillo. Es compatible con JS 52870. Este conjunto Uni-valve JST de 15000 psi est\u00e1 fabricado en acero inoxidable de alta calidad, con una mano de obra superior y una excelente calidad, lo que garantiza su durabilidad y fiabilidad.<\/p>\n<p>2. Par\u00e1metros del producto (especificaci\u00f3n) de la m\u00e1quina de limpieza industrial con chorro de agua a presi\u00f3n de 15000 psi, v\u00e1lvula Uni-valve de 150 k<br \/>\nEl conjunto de cartucho Uni-valve de 150k para m\u00e1quinas de limpieza industrial con chorro de agua a presi\u00f3n de 15000 psi est\u00e1 fabricado con acero inoxidable de alta calidad, con una fabricaci\u00f3n superior y una calidad excelente. Esta v\u00e1lvula Uni es duradera y confiable. A: Acero inoxidable de primera calidad. B: Acabado artesanal de alta calidad. C: Tolerancia de sellado compacta.<\/p>","protected":false},"featured_media":1435,"template":"","meta":[],"product_brand":[],"product_cat":[7],"product_tag":[],"class_list":{"0":"post-1430","1":"product","2":"type-product","3":"status-publish","4":"has-post-thumbnail","6":"product_cat-jetstream-pump-fluid-end-compatibe-parts","8":"first","9":"instock","10":"shipping-taxable","11":"product-type-simple"},"yoast_head":"<!-- This site is optimized with the Yoast SEO plugin v24.9 - https:\/\/yoast.com\/wordpress\/plugins\/seo\/ -->\n<title>15000psi Pressure Water Jet industry cleaning machine parts 150k Uni-valve Cartridge Suction spring(8c)-JS No.25059 - Panwin Machinery&amp;Equipment<\/title>\n<meta name=\"robots\" content=\"index, follow, max-snippet:-1, max-image-preview:large, max-video-preview:-1\" \/>\n<link rel=\"canonical\" href=\"https:\/\/panwinjet.com\/es\/producto\/15000psi-pressure-water-jet-industry-cleaning-machine-parts-150k-uni-valve-cartridge-suction-spring8c-js-no-25059\/\" \/>\n<meta property=\"og:locale\" content=\"es_ES\" \/>\n<meta property=\"og:type\" content=\"article\" \/>\n<meta property=\"og:title\" content=\"15000psi Pressure Water Jet industry cleaning machine parts 150k Uni-valve Cartridge Suction spring(8c)-JS No.25059 - Panwin Machinery&amp;Equipment\" \/>\n<meta property=\"og:description\" content=\"1.Product Introduction of 15000psi Pressure Water Jet industry cleaning machine parts 150k Uni-valve Cartridge Suction spring(8c)-JS No.25059 The 15000psi Pressure Water Jet industry cleaning machine parts 150k Uni-valve Cartridge assembly for use in JS triplex plunger pump Fluid End pumps, it is a key components for stable performance and easy service. It is compatible with JS 52870, This JST 15KPSI Uni-valve Assembly made of High-classed quality stainless steel, superior craftsmanship and excellent quality, and this Uni Valve is durable and reliable.  2.Product Parameter (Specification) of 15000psi Pressure Water Jet industry cleaning machine parts 150k Uni-valve The 15000psi Pressure Water Jet industry cleaning machine parts 150k Uni-valve Cartridge Assembly is made of High-classed quality stainless steel, superior craftsmanship and excellent quality, and this Uni Valve is durable and reliable. A:Premium quality stainless steel B: High-class craftsman C:Compact Sealing toleranceartridge\" \/>\n<meta property=\"og:url\" content=\"https:\/\/panwinjet.com\/es\/producto\/15000psi-pressure-water-jet-industry-cleaning-machine-parts-150k-uni-valve-cartridge-suction-spring8c-js-no-25059\/\" \/>\n<meta property=\"og:site_name\" content=\"Panwin Machinery&amp;Equipment\" \/>\n<meta property=\"og:image\" content=\"https:\/\/panwinjet.com\/wp-content\/uploads\/2025\/10\/Suction-spring8c-7-scaled.jpg\" \/>\n\t<meta property=\"og:image:width\" content=\"2560\" \/>\n\t<meta property=\"og:image:height\" content=\"1920\" \/>\n\t<meta property=\"og:image:type\" content=\"image\/jpeg\" \/>\n<meta name=\"twitter:card\" content=\"summary_large_image\" \/>\n<meta name=\"twitter:label1\" content=\"Tiempo de lectura\" \/>\n\t<meta name=\"twitter:data1\" content=\"2 minutos\" \/>\n<script type=\"application\/ld+json\" class=\"yoast-schema-graph\">{\"@context\":\"https:\/\/schema.org\",\"@graph\":[{\"@type\":\"WebPage\",\"@id\":\"https:\/\/panwinjet.com\/product\/15000psi-pressure-water-jet-industry-cleaning-machine-parts-150k-uni-valve-cartridge-suction-spring8c-js-no-25059\/\",\"url\":\"https:\/\/panwinjet.com\/product\/15000psi-pressure-water-jet-industry-cleaning-machine-parts-150k-uni-valve-cartridge-suction-spring8c-js-no-25059\/\",\"name\":\"15000psi Pressure Water Jet industry cleaning machine parts 150k Uni-valve Cartridge Suction spring(8c)-JS No.25059 - Panwin Machinery&amp;Equipment\",\"isPartOf\":{\"@id\":\"https:\/\/panwinjet.com\/#website\"},\"primaryImageOfPage\":{\"@id\":\"https:\/\/panwinjet.com\/product\/15000psi-pressure-water-jet-industry-cleaning-machine-parts-150k-uni-valve-cartridge-suction-spring8c-js-no-25059\/#primaryimage\"},\"image\":{\"@id\":\"https:\/\/panwinjet.com\/product\/15000psi-pressure-water-jet-industry-cleaning-machine-parts-150k-uni-valve-cartridge-suction-spring8c-js-no-25059\/#primaryimage\"},\"thumbnailUrl\":\"https:\/\/panwinjet.com\/wp-content\/uploads\/2025\/10\/Suction-spring8c-7-scaled.jpg\",\"datePublished\":\"2025-10-02T14:54:16+00:00\",\"breadcrumb\":{\"@id\":\"https:\/\/panwinjet.com\/product\/15000psi-pressure-water-jet-industry-cleaning-machine-parts-150k-uni-valve-cartridge-suction-spring8c-js-no-25059\/#breadcrumb\"},\"inLanguage\":\"es\",\"potentialAction\":[{\"@type\":\"ReadAction\",\"target\":[\"https:\/\/panwinjet.com\/product\/15000psi-pressure-water-jet-industry-cleaning-machine-parts-150k-uni-valve-cartridge-suction-spring8c-js-no-25059\/\"]}]},{\"@type\":\"ImageObject\",\"inLanguage\":\"es\",\"@id\":\"https:\/\/panwinjet.com\/product\/15000psi-pressure-water-jet-industry-cleaning-machine-parts-150k-uni-valve-cartridge-suction-spring8c-js-no-25059\/#primaryimage\",\"url\":\"https:\/\/panwinjet.com\/wp-content\/uploads\/2025\/10\/Suction-spring8c-7-scaled.jpg\",\"contentUrl\":\"https:\/\/panwinjet.com\/wp-content\/uploads\/2025\/10\/Suction-spring8c-7-scaled.jpg\",\"width\":2560,\"height\":1920},{\"@type\":\"BreadcrumbList\",\"@id\":\"https:\/\/panwinjet.com\/product\/15000psi-pressure-water-jet-industry-cleaning-machine-parts-150k-uni-valve-cartridge-suction-spring8c-js-no-25059\/#breadcrumb\",\"itemListElement\":[{\"@type\":\"ListItem\",\"position\":1,\"name\":\"\u9996\u9875\",\"item\":\"https:\/\/panwinjet.com\/\"},{\"@type\":\"ListItem\",\"position\":2,\"name\":\"PRODUCT\",\"item\":\"https:\/\/panwinjet.com\/product\/\"},{\"@type\":\"ListItem\",\"position\":3,\"name\":\"15000psi Pressure Water Jet industry cleaning machine parts 150k Uni-valve Cartridge Suction spring(8c)-JS No.25059\"}]},{\"@type\":\"WebSite\",\"@id\":\"https:\/\/panwinjet.com\/#website\",\"url\":\"https:\/\/panwinjet.com\/\",\"name\":\"Panwin Machinery&amp;Equipment\",\"description\":\"Shenzhen Panwin Machinery&amp;Equipment Co.Ltd\",\"potentialAction\":[{\"@type\":\"SearchAction\",\"target\":{\"@type\":\"EntryPoint\",\"urlTemplate\":\"https:\/\/panwinjet.com\/?s={search_term_string}\"},\"query-input\":{\"@type\":\"PropertyValueSpecification\",\"valueRequired\":true,\"valueName\":\"search_term_string\"}}],\"inLanguage\":\"es\"}]}<\/script>\n<!-- \/ Yoast SEO plugin. -->","yoast_head_json":{"title":"15000psi Pressure Water Jet industry cleaning machine parts 150k Uni-valve Cartridge Suction spring(8c)-JS No.25059 - Panwin Machinery&amp;Equipment","robots":{"index":"index","follow":"follow","max-snippet":"max-snippet:-1","max-image-preview":"max-image-preview:large","max-video-preview":"max-video-preview:-1"},"canonical":"https:\/\/panwinjet.com\/es\/producto\/15000psi-pressure-water-jet-industry-cleaning-machine-parts-150k-uni-valve-cartridge-suction-spring8c-js-no-25059\/","og_locale":"es_ES","og_type":"article","og_title":"15000psi Pressure Water Jet industry cleaning machine parts 150k Uni-valve Cartridge Suction spring(8c)-JS No.25059 - Panwin Machinery&amp;Equipment","og_description":"1.Product Introduction of 15000psi Pressure Water Jet industry cleaning machine parts 150k Uni-valve Cartridge Suction spring(8c)-JS No.25059 The 15000psi Pressure Water Jet industry cleaning machine parts 150k Uni-valve Cartridge assembly for use in JS triplex plunger pump Fluid End pumps, it is a key components for stable performance and easy service. It is compatible with JS 52870, This JST 15KPSI Uni-valve Assembly made of High-classed quality stainless steel, superior craftsmanship and excellent quality, and this Uni Valve is durable and reliable.  2.Product Parameter (Specification) of 15000psi Pressure Water Jet industry cleaning machine parts 150k Uni-valve The 15000psi Pressure Water Jet industry cleaning machine parts 150k Uni-valve Cartridge Assembly is made of High-classed quality stainless steel, superior craftsmanship and excellent quality, and this Uni Valve is durable and reliable. A:Premium quality stainless steel B: High-class craftsman C:Compact Sealing toleranceartridge","og_url":"https:\/\/panwinjet.com\/es\/producto\/15000psi-pressure-water-jet-industry-cleaning-machine-parts-150k-uni-valve-cartridge-suction-spring8c-js-no-25059\/","og_site_name":"Panwin Machinery&amp;Equipment","og_image":[{"width":2560,"height":1920,"url":"https:\/\/panwinjet.com\/wp-content\/uploads\/2025\/10\/Suction-spring8c-7-scaled.jpg","type":"image\/jpeg"}],"twitter_card":"summary_large_image","twitter_misc":{"Tiempo de lectura":"2 minutos"},"schema":{"@context":"https:\/\/schema.org","@graph":[{"@type":"WebPage","@id":"https:\/\/panwinjet.com\/product\/15000psi-pressure-water-jet-industry-cleaning-machine-parts-150k-uni-valve-cartridge-suction-spring8c-js-no-25059\/","url":"https:\/\/panwinjet.com\/product\/15000psi-pressure-water-jet-industry-cleaning-machine-parts-150k-uni-valve-cartridge-suction-spring8c-js-no-25059\/","name":"15000psi Pressure Water Jet industry cleaning machine parts 150k Uni-valve Cartridge Suction spring(8c)-JS No.25059 - Panwin Machinery&amp;Equipment","isPartOf":{"@id":"https:\/\/panwinjet.com\/#website"},"primaryImageOfPage":{"@id":"https:\/\/panwinjet.com\/product\/15000psi-pressure-water-jet-industry-cleaning-machine-parts-150k-uni-valve-cartridge-suction-spring8c-js-no-25059\/#primaryimage"},"image":{"@id":"https:\/\/panwinjet.com\/product\/15000psi-pressure-water-jet-industry-cleaning-machine-parts-150k-uni-valve-cartridge-suction-spring8c-js-no-25059\/#primaryimage"},"thumbnailUrl":"https:\/\/panwinjet.com\/wp-content\/uploads\/2025\/10\/Suction-spring8c-7-scaled.jpg","datePublished":"2025-10-02T14:54:16+00:00","breadcrumb":{"@id":"https:\/\/panwinjet.com\/product\/15000psi-pressure-water-jet-industry-cleaning-machine-parts-150k-uni-valve-cartridge-suction-spring8c-js-no-25059\/#breadcrumb"},"inLanguage":"es","potentialAction":[{"@type":"ReadAction","target":["https:\/\/panwinjet.com\/product\/15000psi-pressure-water-jet-industry-cleaning-machine-parts-150k-uni-valve-cartridge-suction-spring8c-js-no-25059\/"]}]},{"@type":"ImageObject","inLanguage":"es","@id":"https:\/\/panwinjet.com\/product\/15000psi-pressure-water-jet-industry-cleaning-machine-parts-150k-uni-valve-cartridge-suction-spring8c-js-no-25059\/#primaryimage","url":"https:\/\/panwinjet.com\/wp-content\/uploads\/2025\/10\/Suction-spring8c-7-scaled.jpg","contentUrl":"https:\/\/panwinjet.com\/wp-content\/uploads\/2025\/10\/Suction-spring8c-7-scaled.jpg","width":2560,"height":1920},{"@type":"BreadcrumbList","@id":"https:\/\/panwinjet.com\/product\/15000psi-pressure-water-jet-industry-cleaning-machine-parts-150k-uni-valve-cartridge-suction-spring8c-js-no-25059\/#breadcrumb","itemListElement":[{"@type":"ListItem","position":1,"name":"\u9996\u9875","item":"https:\/\/panwinjet.com\/"},{"@type":"ListItem","position":2,"name":"PRODUCT","item":"https:\/\/panwinjet.com\/product\/"},{"@type":"ListItem","position":3,"name":"15000psi Pressure Water Jet industry cleaning machine parts 150k Uni-valve Cartridge Suction spring(8c)-JS No.25059"}]},{"@type":"WebSite","@id":"https:\/\/panwinjet.com\/#website","url":"https:\/\/panwinjet.com\/","name":"Panwin Machinery&amp;Equipment","description":"Shenzhen Panwin Machinery&amp;Equipment Co.Ltd","potentialAction":[{"@type":"SearchAction","target":{"@type":"EntryPoint","urlTemplate":"https:\/\/panwinjet.com\/?s={search_term_string}"},"query-input":{"@type":"PropertyValueSpecification","valueRequired":true,"valueName":"search_term_string"}}],"inLanguage":"es"}]}},"_links":{"self":[{"href":"https:\/\/panwinjet.com\/es\/wp-json\/wp\/v2\/product\/1430","targetHints":{"allow":["GET"]}}],"collection":[{"href":"https:\/\/panwinjet.com\/es\/wp-json\/wp\/v2\/product"}],"about":[{"href":"https:\/\/panwinjet.com\/es\/wp-json\/wp\/v2\/types\/product"}],"wp:featuredmedia":[{"embeddable":true,"href":"https:\/\/panwinjet.com\/es\/wp-json\/wp\/v2\/media\/1435"}],"wp:attachment":[{"href":"https:\/\/panwinjet.com\/es\/wp-json\/wp\/v2\/media?parent=1430"}],"wp:term":[{"taxonomy":"product_brand","embeddable":true,"href":"https:\/\/panwinjet.com\/es\/wp-json\/wp\/v2\/product_brand?post=1430"},{"taxonomy":"product_cat","embeddable":true,"href":"https:\/\/panwinjet.com\/es\/wp-json\/wp\/v2\/product_cat?post=1430"},{"taxonomy":"product_tag","embeddable":true,"href":"https:\/\/panwinjet.com\/es\/wp-json\/wp\/v2\/product_tag?post=1430"}],"curies":[{"name":"wp","href":"https:\/\/api.w.org\/{rel}","templated":true}]}}