{"id":1421,"date":"2025-10-02T14:47:53","date_gmt":"2025-10-02T14:47:53","guid":{"rendered":"https:\/\/panwinjet.com\/?post_type=product&#038;p=1421"},"modified":"2025-10-02T14:47:53","modified_gmt":"2025-10-02T14:47:53","slug":"water-jet-blasting-steel-dust-dirt-cleaning-machine-parts-male-port-nipple-male-nipple-40k-jetstream-53735","status":"publish","type":"product","link":"https:\/\/panwinjet.com\/es\/producto\/water-jet-blasting-steel-dust-dirt-cleaning-machine-parts-male-port-nipple-male-nipple-40k-jetstream-53735\/","title":{"rendered":"Piezas de la m\u00e1quina de limpieza de polvo de acero con chorro de agua Boquilla de puerto macho - Boquilla macho 40K Jetstream 53735"},"content":{"rendered":"<p><strong>Par\u00e1metros (especificaci\u00f3n) de la m\u00e1quina de limpieza de polvo de acero con chorro de agua, boquilla de puerto macho, boquilla macho 40K Jetstream 53735<\/strong><br \/>\nLa boquilla macho de la m\u00e1quina de limpieza de polvo de acero con chorro de agua tiene una presi\u00f3n m\u00e1xima de 40 000 psi y es compatible con Jetstream 53735. Las especificaciones se detallan a continuaci\u00f3n:<\/p>\n<p><strong>\u00a0Caracter\u00edstica y aplicaci\u00f3n de la m\u00e1quina de limpieza de polvo de acero con chorro de agua Piezas de la m\u00e1quina de limpieza de polvo de acero Boquilla de puerto macho<\/strong><br \/>\nLas piezas de la m\u00e1quina de limpieza de suciedad y polvo de acero con chorro de agua La boquilla del puerto macho est\u00e1 hecha de excelente calidad, es duradera a la presi\u00f3n y de larga duraci\u00f3n, caracter\u00edsticas como las mencionadas: A: Material SST de alto grado B: Mano de obra superior C: Larga duraci\u00f3n y durabilidad<\/p>\n<p><strong>Solicitud: <\/strong><\/p>\n<p>Piezas de equipo de limpieza de bomba de \u00e9mbolo triple UHP 3000Bar Robot de preparaci\u00f3n de superficies para astillero para barra de pulverizaci\u00f3n Hammelmann Hidroblaster Industria del hierro, acero y metal Hidroblaster de alta presi\u00f3n Ingenier\u00eda mec\u00e1nica y de aparatos Industria del cemento y el hormig\u00f3n Barracuda de alta presi\u00f3n Limpieza de superficies Piezas de equipo de limpieza UHP Hydro Jet Barras de pulverizaci\u00f3n de limpieza industrial M\u00e1quina de chorro de agua para la industria de refinaci\u00f3n de petr\u00f3leo Limpieza de superficies Hydro Jet, limpieza de tanques y recipientes, limpieza de intercambio de calor, limpieza de pintura automotriz Limpieza de la industria minera Limpieza de fabricaci\u00f3n de acero, etc. Equipos de limpieza de alcantarillado a alta presi\u00f3n para redes de tuber\u00edas municipales Tuber\u00edas de suministro de agua y drenaje;<\/p>","protected":false},"excerpt":{"rendered":"<p>Piezas de la m\u00e1quina de limpieza de polvo de acero con chorro de agua Boquilla de puerto macho - Boquilla macho 40K Jetstream 53735<br \/>\nIntroducci\u00f3n de las piezas de la m\u00e1quina de limpieza de polvo de acero con chorro de agua, boquilla de puerto macho - 53735<br \/>\nLe ofrecemos una amplia variedad de accesorios con diversos tipos de conexi\u00f3n para satisfacer sus necesidades de aplicaci\u00f3n de 40 kpsi. Los tipos de conexi\u00f3n est\u00e1ndar, Tipo M, lanza HP y sellos de bot\u00f3n, est\u00e1n disponibles en tama\u00f1os de rosca est\u00e1ndar. Nuestros accesorios y adaptadores son de alta calidad y ayudan a prevenir fugas y desgaste. Esta boquilla de puerto macho para m\u00e1quina de limpieza de polvo de acero con chorro de agua es compatible con conectores de puerto macho.<\/p>","protected":false},"featured_media":1427,"template":"","meta":[],"product_brand":[],"product_cat":[7,10],"product_tag":[],"class_list":{"0":"post-1421","1":"product","2":"type-product","3":"status-publish","4":"has-post-thumbnail","6":"product_cat-jetstream-pump-fluid-end-compatibe-parts","7":"product_cat-pipeline-tube-uhp-water-blasting-cleaning-device","9":"first","10":"instock","11":"shipping-taxable","12":"product-type-simple"},"yoast_head":"<!-- This site is optimized with the Yoast SEO plugin v24.9 - https:\/\/yoast.com\/wordpress\/plugins\/seo\/ -->\n<title>Water Jet Blasting Steel dust dirt cleaning machine parts Male Port Nipple-Male nipple 40K Jetstream 53735 - Panwin Machinery&amp;Equipment<\/title>\n<meta name=\"robots\" content=\"index, follow, max-snippet:-1, max-image-preview:large, max-video-preview:-1\" \/>\n<link rel=\"canonical\" href=\"https:\/\/panwinjet.com\/es\/producto\/water-jet-blasting-steel-dust-dirt-cleaning-machine-parts-male-port-nipple-male-nipple-40k-jetstream-53735\/\" \/>\n<meta property=\"og:locale\" content=\"es_ES\" \/>\n<meta property=\"og:type\" content=\"article\" \/>\n<meta property=\"og:title\" content=\"Water Jet Blasting Steel dust dirt cleaning machine parts Male Port Nipple-Male nipple 40K Jetstream 53735 - Panwin Machinery&amp;Equipment\" \/>\n<meta property=\"og:description\" content=\"Water Jet Blasting Steel dust dirt cleaning machine parts Male Port Nipple-Male nipple 40K Jetstream 53735 Introduction of Water Jet Blasting Steel dust dirt cleaning machine parts Male Port Nipple-53735 We sell you a wide variety of fitting with various connection types to fit your 40kpsi application needs. The standard connection types, Type M, HP lance and button seals, are available in standard thread sizes. our fitting and adapter are high-quality and it help prevent leakage and wear. And this Water Jet Blasting Steel dust dirt cleaning machine parts Male Port Nipple is for Male Port Nipple connectors.\" \/>\n<meta property=\"og:url\" content=\"https:\/\/panwinjet.com\/es\/producto\/water-jet-blasting-steel-dust-dirt-cleaning-machine-parts-male-port-nipple-male-nipple-40k-jetstream-53735\/\" \/>\n<meta property=\"og:site_name\" content=\"Panwin Machinery&amp;Equipment\" \/>\n<meta property=\"og:image\" content=\"https:\/\/panwinjet.com\/wp-content\/uploads\/2025\/10\/Male-nipple-40K-9-scaled.jpg\" \/>\n\t<meta property=\"og:image:width\" content=\"1920\" \/>\n\t<meta property=\"og:image:height\" content=\"2560\" \/>\n\t<meta property=\"og:image:type\" content=\"image\/jpeg\" \/>\n<meta name=\"twitter:card\" content=\"summary_large_image\" \/>\n<meta name=\"twitter:label1\" content=\"Tiempo de lectura\" \/>\n\t<meta name=\"twitter:data1\" content=\"2 minutos\" \/>\n<script type=\"application\/ld+json\" class=\"yoast-schema-graph\">{\"@context\":\"https:\/\/schema.org\",\"@graph\":[{\"@type\":\"WebPage\",\"@id\":\"https:\/\/panwinjet.com\/product\/water-jet-blasting-steel-dust-dirt-cleaning-machine-parts-male-port-nipple-male-nipple-40k-jetstream-53735\/\",\"url\":\"https:\/\/panwinjet.com\/product\/water-jet-blasting-steel-dust-dirt-cleaning-machine-parts-male-port-nipple-male-nipple-40k-jetstream-53735\/\",\"name\":\"Water Jet Blasting Steel dust dirt cleaning machine parts Male Port Nipple-Male nipple 40K Jetstream 53735 - Panwin Machinery&amp;Equipment\",\"isPartOf\":{\"@id\":\"https:\/\/panwinjet.com\/#website\"},\"primaryImageOfPage\":{\"@id\":\"https:\/\/panwinjet.com\/product\/water-jet-blasting-steel-dust-dirt-cleaning-machine-parts-male-port-nipple-male-nipple-40k-jetstream-53735\/#primaryimage\"},\"image\":{\"@id\":\"https:\/\/panwinjet.com\/product\/water-jet-blasting-steel-dust-dirt-cleaning-machine-parts-male-port-nipple-male-nipple-40k-jetstream-53735\/#primaryimage\"},\"thumbnailUrl\":\"https:\/\/panwinjet.com\/wp-content\/uploads\/2025\/10\/Male-nipple-40K-9-scaled.jpg\",\"datePublished\":\"2025-10-02T14:47:53+00:00\",\"breadcrumb\":{\"@id\":\"https:\/\/panwinjet.com\/product\/water-jet-blasting-steel-dust-dirt-cleaning-machine-parts-male-port-nipple-male-nipple-40k-jetstream-53735\/#breadcrumb\"},\"inLanguage\":\"es\",\"potentialAction\":[{\"@type\":\"ReadAction\",\"target\":[\"https:\/\/panwinjet.com\/product\/water-jet-blasting-steel-dust-dirt-cleaning-machine-parts-male-port-nipple-male-nipple-40k-jetstream-53735\/\"]}]},{\"@type\":\"ImageObject\",\"inLanguage\":\"es\",\"@id\":\"https:\/\/panwinjet.com\/product\/water-jet-blasting-steel-dust-dirt-cleaning-machine-parts-male-port-nipple-male-nipple-40k-jetstream-53735\/#primaryimage\",\"url\":\"https:\/\/panwinjet.com\/wp-content\/uploads\/2025\/10\/Male-nipple-40K-9-scaled.jpg\",\"contentUrl\":\"https:\/\/panwinjet.com\/wp-content\/uploads\/2025\/10\/Male-nipple-40K-9-scaled.jpg\",\"width\":1920,\"height\":2560},{\"@type\":\"BreadcrumbList\",\"@id\":\"https:\/\/panwinjet.com\/product\/water-jet-blasting-steel-dust-dirt-cleaning-machine-parts-male-port-nipple-male-nipple-40k-jetstream-53735\/#breadcrumb\",\"itemListElement\":[{\"@type\":\"ListItem\",\"position\":1,\"name\":\"\u9996\u9875\",\"item\":\"https:\/\/panwinjet.com\/\"},{\"@type\":\"ListItem\",\"position\":2,\"name\":\"PRODUCT\",\"item\":\"https:\/\/panwinjet.com\/product\/\"},{\"@type\":\"ListItem\",\"position\":3,\"name\":\"Water Jet Blasting Steel dust dirt cleaning machine parts Male Port Nipple-Male nipple 40K Jetstream 53735\"}]},{\"@type\":\"WebSite\",\"@id\":\"https:\/\/panwinjet.com\/#website\",\"url\":\"https:\/\/panwinjet.com\/\",\"name\":\"Panwin Machinery&amp;Equipment\",\"description\":\"Shenzhen Panwin Machinery&amp;Equipment Co.Ltd\",\"potentialAction\":[{\"@type\":\"SearchAction\",\"target\":{\"@type\":\"EntryPoint\",\"urlTemplate\":\"https:\/\/panwinjet.com\/?s={search_term_string}\"},\"query-input\":{\"@type\":\"PropertyValueSpecification\",\"valueRequired\":true,\"valueName\":\"search_term_string\"}}],\"inLanguage\":\"es\"}]}<\/script>\n<!-- \/ Yoast SEO plugin. -->","yoast_head_json":{"title":"Water Jet Blasting Steel dust dirt cleaning machine parts Male Port Nipple-Male nipple 40K Jetstream 53735 - Panwin Machinery&amp;Equipment","robots":{"index":"index","follow":"follow","max-snippet":"max-snippet:-1","max-image-preview":"max-image-preview:large","max-video-preview":"max-video-preview:-1"},"canonical":"https:\/\/panwinjet.com\/es\/producto\/water-jet-blasting-steel-dust-dirt-cleaning-machine-parts-male-port-nipple-male-nipple-40k-jetstream-53735\/","og_locale":"es_ES","og_type":"article","og_title":"Water Jet Blasting Steel dust dirt cleaning machine parts Male Port Nipple-Male nipple 40K Jetstream 53735 - Panwin Machinery&amp;Equipment","og_description":"Water Jet Blasting Steel dust dirt cleaning machine parts Male Port Nipple-Male nipple 40K Jetstream 53735 Introduction of Water Jet Blasting Steel dust dirt cleaning machine parts Male Port Nipple-53735 We sell you a wide variety of fitting with various connection types to fit your 40kpsi application needs. The standard connection types, Type M, HP lance and button seals, are available in standard thread sizes. our fitting and adapter are high-quality and it help prevent leakage and wear. And this Water Jet Blasting Steel dust dirt cleaning machine parts Male Port Nipple is for Male Port Nipple connectors.","og_url":"https:\/\/panwinjet.com\/es\/producto\/water-jet-blasting-steel-dust-dirt-cleaning-machine-parts-male-port-nipple-male-nipple-40k-jetstream-53735\/","og_site_name":"Panwin Machinery&amp;Equipment","og_image":[{"width":1920,"height":2560,"url":"https:\/\/panwinjet.com\/wp-content\/uploads\/2025\/10\/Male-nipple-40K-9-scaled.jpg","type":"image\/jpeg"}],"twitter_card":"summary_large_image","twitter_misc":{"Tiempo de lectura":"2 minutos"},"schema":{"@context":"https:\/\/schema.org","@graph":[{"@type":"WebPage","@id":"https:\/\/panwinjet.com\/product\/water-jet-blasting-steel-dust-dirt-cleaning-machine-parts-male-port-nipple-male-nipple-40k-jetstream-53735\/","url":"https:\/\/panwinjet.com\/product\/water-jet-blasting-steel-dust-dirt-cleaning-machine-parts-male-port-nipple-male-nipple-40k-jetstream-53735\/","name":"Water Jet Blasting Steel dust dirt cleaning machine parts Male Port Nipple-Male nipple 40K Jetstream 53735 - Panwin Machinery&amp;Equipment","isPartOf":{"@id":"https:\/\/panwinjet.com\/#website"},"primaryImageOfPage":{"@id":"https:\/\/panwinjet.com\/product\/water-jet-blasting-steel-dust-dirt-cleaning-machine-parts-male-port-nipple-male-nipple-40k-jetstream-53735\/#primaryimage"},"image":{"@id":"https:\/\/panwinjet.com\/product\/water-jet-blasting-steel-dust-dirt-cleaning-machine-parts-male-port-nipple-male-nipple-40k-jetstream-53735\/#primaryimage"},"thumbnailUrl":"https:\/\/panwinjet.com\/wp-content\/uploads\/2025\/10\/Male-nipple-40K-9-scaled.jpg","datePublished":"2025-10-02T14:47:53+00:00","breadcrumb":{"@id":"https:\/\/panwinjet.com\/product\/water-jet-blasting-steel-dust-dirt-cleaning-machine-parts-male-port-nipple-male-nipple-40k-jetstream-53735\/#breadcrumb"},"inLanguage":"es","potentialAction":[{"@type":"ReadAction","target":["https:\/\/panwinjet.com\/product\/water-jet-blasting-steel-dust-dirt-cleaning-machine-parts-male-port-nipple-male-nipple-40k-jetstream-53735\/"]}]},{"@type":"ImageObject","inLanguage":"es","@id":"https:\/\/panwinjet.com\/product\/water-jet-blasting-steel-dust-dirt-cleaning-machine-parts-male-port-nipple-male-nipple-40k-jetstream-53735\/#primaryimage","url":"https:\/\/panwinjet.com\/wp-content\/uploads\/2025\/10\/Male-nipple-40K-9-scaled.jpg","contentUrl":"https:\/\/panwinjet.com\/wp-content\/uploads\/2025\/10\/Male-nipple-40K-9-scaled.jpg","width":1920,"height":2560},{"@type":"BreadcrumbList","@id":"https:\/\/panwinjet.com\/product\/water-jet-blasting-steel-dust-dirt-cleaning-machine-parts-male-port-nipple-male-nipple-40k-jetstream-53735\/#breadcrumb","itemListElement":[{"@type":"ListItem","position":1,"name":"\u9996\u9875","item":"https:\/\/panwinjet.com\/"},{"@type":"ListItem","position":2,"name":"PRODUCT","item":"https:\/\/panwinjet.com\/product\/"},{"@type":"ListItem","position":3,"name":"Water Jet Blasting Steel dust dirt cleaning machine parts Male Port Nipple-Male nipple 40K Jetstream 53735"}]},{"@type":"WebSite","@id":"https:\/\/panwinjet.com\/#website","url":"https:\/\/panwinjet.com\/","name":"Panwin Machinery&amp;Equipment","description":"Shenzhen Panwin Machinery&amp;Equipment Co.Ltd","potentialAction":[{"@type":"SearchAction","target":{"@type":"EntryPoint","urlTemplate":"https:\/\/panwinjet.com\/?s={search_term_string}"},"query-input":{"@type":"PropertyValueSpecification","valueRequired":true,"valueName":"search_term_string"}}],"inLanguage":"es"}]}},"_links":{"self":[{"href":"https:\/\/panwinjet.com\/es\/wp-json\/wp\/v2\/product\/1421","targetHints":{"allow":["GET"]}}],"collection":[{"href":"https:\/\/panwinjet.com\/es\/wp-json\/wp\/v2\/product"}],"about":[{"href":"https:\/\/panwinjet.com\/es\/wp-json\/wp\/v2\/types\/product"}],"wp:featuredmedia":[{"embeddable":true,"href":"https:\/\/panwinjet.com\/es\/wp-json\/wp\/v2\/media\/1427"}],"wp:attachment":[{"href":"https:\/\/panwinjet.com\/es\/wp-json\/wp\/v2\/media?parent=1421"}],"wp:term":[{"taxonomy":"product_brand","embeddable":true,"href":"https:\/\/panwinjet.com\/es\/wp-json\/wp\/v2\/product_brand?post=1421"},{"taxonomy":"product_cat","embeddable":true,"href":"https:\/\/panwinjet.com\/es\/wp-json\/wp\/v2\/product_cat?post=1421"},{"taxonomy":"product_tag","embeddable":true,"href":"https:\/\/panwinjet.com\/es\/wp-json\/wp\/v2\/product_tag?post=1421"}],"curies":[{"name":"wp","href":"https:\/\/api.w.org\/{rel}","templated":true}]}}