{"id":1345,"date":"2025-09-24T07:24:19","date_gmt":"2025-09-24T07:24:19","guid":{"rendered":"https:\/\/panwinjet.com\/?post_type=product&#038;p=1345"},"modified":"2025-09-24T14:14:48","modified_gmt":"2025-09-24T14:14:48","slug":"40kpsi-2800bar-uhp-water-jet-multifunctional-ship-hull-crawler-spraying-bar-swivel","status":"publish","type":"product","link":"https:\/\/panwinjet.com\/es\/producto\/40kpsi-2800bar-uhp-water-jet-multifunctional-ship-hull-crawler-spraying-bar-swivel\/","title":{"rendered":"Barra de pulverizaci\u00f3n giratoria multifuncional para cascos de barcos, con chorro de agua UHP de 40Kpsi (2800bar)."},"content":{"rendered":"<p><strong><b>Este 2800Bar <\/b><\/strong><strong><b>La barra de pulverizaci\u00f3n giratoria tiene principalmente dos formas de montaje: montaje con brida y tipo de montaje con apriete.<\/b><\/strong><\/p>\n<p><strong><b>Para el montaje con brida, la conexi\u00f3n de brida es la siguiente:<\/b><\/strong><\/p>\n<p><img decoding=\"async\" class=\"alignleft wp-image-1346 lazyload\" data-src=\"https:\/\/panwinjet.com\/wp-content\/uploads\/2025\/09\/UHP-Hull-Crawler-\u55b7\u5934-500x375.jpg\" alt=\"\" width=\"231\" height=\"173\" data-srcset=\"https:\/\/panwinjet.com\/wp-content\/uploads\/2025\/09\/UHP-Hull-Crawler-\u55b7\u5934-500x375.jpg 500w, https:\/\/panwinjet.com\/wp-content\/uploads\/2025\/09\/UHP-Hull-Crawler-\u55b7\u5934-1200x900.jpg 1200w, https:\/\/panwinjet.com\/wp-content\/uploads\/2025\/09\/UHP-Hull-Crawler-\u55b7\u5934-300x225.jpg 300w, https:\/\/panwinjet.com\/wp-content\/uploads\/2025\/09\/UHP-Hull-Crawler-\u55b7\u5934-768x576.jpg 768w, https:\/\/panwinjet.com\/wp-content\/uploads\/2025\/09\/UHP-Hull-Crawler-\u55b7\u5934-1536x1152.jpg 1536w, https:\/\/panwinjet.com\/wp-content\/uploads\/2025\/09\/UHP-Hull-Crawler-\u55b7\u5934-100x75.jpg 100w, https:\/\/panwinjet.com\/wp-content\/uploads\/2025\/09\/UHP-Hull-Crawler-\u55b7\u5934-480x360.jpg 480w, https:\/\/panwinjet.com\/wp-content\/uploads\/2025\/09\/UHP-Hull-Crawler-\u55b7\u5934-800x600.jpg 800w, https:\/\/panwinjet.com\/wp-content\/uploads\/2025\/09\/UHP-Hull-Crawler-\u55b7\u5934.jpg 1707w\" data-sizes=\"(max-width:767px) 231px, 231px\" src=\"data:image\/svg+xml;base64,PHN2ZyB3aWR0aD0iMSIgaGVpZ2h0PSIxIiB4bWxucz0iaHR0cDovL3d3dy53My5vcmcvMjAwMC9zdmciPjwvc3ZnPg==\" style=\"--smush-placeholder-width: 231px; --smush-placeholder-aspect-ratio: 231\/173;\" \/><\/p>\n<p><strong><b>\u00a0<\/b><\/strong><\/p>\n<p>&nbsp;<\/p>\n<p>&nbsp;<\/p>\n<p>&nbsp;<\/p>\n<p>&nbsp;<\/p>\n<p>&nbsp;<\/p>\n<p><strong><b>\u00a0<\/b><\/strong><\/p>\n<p><strong><b> La barra de pulverizaci\u00f3n giratoria de 2800 bar tiene principalmente dos formas de ensamblaje. El tipo de montaje de apriete es una estructura avanzada, el montaje de apriete de la barra de pulverizaci\u00f3n de 2800 bar es similar al de Hammelmann, y esta barra de pulverizaci\u00f3n de orugas de casco multifuncional se caracteriza por su gran densidad y la barra de pulverizaci\u00f3n de 2800 bar soporta golpes duros y alta eficiencia, la barra de pulverizaci\u00f3n de orugas de casco es muy vers\u00e1til con diferentes robots de limpieza.<\/b><\/strong><\/p>\n<p><u> <img decoding=\"async\" class=\"alignleft wp-image-1353 lazyload\" data-src=\"https:\/\/panwinjet.com\/wp-content\/uploads\/2025\/09\/Tightening-Mounting-Drawing-500x216.png\" alt=\"\" width=\"333\" height=\"144\" data-srcset=\"https:\/\/panwinjet.com\/wp-content\/uploads\/2025\/09\/Tightening-Mounting-Drawing-500x216.png 500w, https:\/\/panwinjet.com\/wp-content\/uploads\/2025\/09\/Tightening-Mounting-Drawing-300x130.png 300w, https:\/\/panwinjet.com\/wp-content\/uploads\/2025\/09\/Tightening-Mounting-Drawing-150x65.png 150w, https:\/\/panwinjet.com\/wp-content\/uploads\/2025\/09\/Tightening-Mounting-Drawing-480x207.png 480w, https:\/\/panwinjet.com\/wp-content\/uploads\/2025\/09\/Tightening-Mounting-Drawing.png 681w\" data-sizes=\"(max-width:767px) 333px, 333px\" src=\"data:image\/svg+xml;base64,PHN2ZyB3aWR0aD0iMSIgaGVpZ2h0PSIxIiB4bWxucz0iaHR0cDovL3d3dy53My5vcmcvMjAwMC9zdmciPjwvc3ZnPg==\" style=\"--smush-placeholder-width: 333px; --smush-placeholder-aspect-ratio: 333\/144;\" \/><\/u><\/p>\n<p><u>\u00a0<\/u><\/p>\n<p><u>\u00a0<\/u><\/p>\n<p>&nbsp;<\/p>\n<p>&nbsp;<\/p>\n<p>&nbsp;<\/p>\n<p><strong><b>Caracter\u00edsticas y aplicaciones de<\/b><\/strong><strong><b>\u00a0Barra de pulverizaci\u00f3n giratoria multifuncional para casco y orugas con chorro de agua UHP de 2800 bar<\/b><\/strong><\/p>\n<p><img decoding=\"async\" class=\"alignleft wp-image-1352 lazyload\" data-src=\"https:\/\/panwinjet.com\/wp-content\/uploads\/2025\/09\/Spraying-Tightening-Mounting-500x311.png\" alt=\"\" width=\"248\" height=\"154\" data-srcset=\"https:\/\/panwinjet.com\/wp-content\/uploads\/2025\/09\/Spraying-Tightening-Mounting-500x311.png 500w, https:\/\/panwinjet.com\/wp-content\/uploads\/2025\/09\/Spraying-Tightening-Mounting-1200x746.png 1200w, https:\/\/panwinjet.com\/wp-content\/uploads\/2025\/09\/Spraying-Tightening-Mounting-300x186.png 300w, https:\/\/panwinjet.com\/wp-content\/uploads\/2025\/09\/Spraying-Tightening-Mounting-768x477.png 768w, https:\/\/panwinjet.com\/wp-content\/uploads\/2025\/09\/Spraying-Tightening-Mounting-121x75.png 121w, https:\/\/panwinjet.com\/wp-content\/uploads\/2025\/09\/Spraying-Tightening-Mounting-480x298.png 480w, https:\/\/panwinjet.com\/wp-content\/uploads\/2025\/09\/Spraying-Tightening-Mounting-800x497.png 800w, https:\/\/panwinjet.com\/wp-content\/uploads\/2025\/09\/Spraying-Tightening-Mounting.png 1236w\" data-sizes=\"(max-width:767px) 248px, 248px\" src=\"data:image\/svg+xml;base64,PHN2ZyB3aWR0aD0iMSIgaGVpZ2h0PSIxIiB4bWxucz0iaHR0cDovL3d3dy53My5vcmcvMjAwMC9zdmciPjwvc3ZnPg==\" style=\"--smush-placeholder-width: 248px; --smush-placeholder-aspect-ratio: 248\/154;\" \/><\/p>\n<p>&nbsp;<\/p>\n<p>&nbsp;<\/p>\n<p>&nbsp;<\/p>\n<p>&nbsp;<\/p>\n<p>&nbsp;<\/p>\n<p><strong><b>Esta barra rociadora giratoria multifuncional para casco con chorro de agua UHP de 2800 bar tiene muchas ventajas para la limpieza de superficies del casco del barco como las siguientes:<\/b><\/strong><\/p>\n<p><strong><b>A: Gran cobertura de superficie y agarre seguro<\/b><\/strong><\/p>\n<p><strong><b>B: Patr\u00f3n de eliminaci\u00f3n uniforme en todo el ancho de trabajo<\/b><\/strong><\/p>\n<p><strong><b>C: F\u00e1cil montaje y mantenimiento<\/b><\/strong><\/p>\n<p><strong><b>D: <\/b><\/strong><strong><b>Densidad fuerte y densa que soporta fuertes impactos al limpiar el casco del barco.<\/b><\/strong><\/p>","protected":false},"excerpt":{"rendered":"<p><strong><b>Introducci\u00f3n de <\/b><\/strong><strong><b>Barra de pulverizaci\u00f3n giratoria multifuncional para casco y orugas con chorro de agua UHP de 2800 bar<\/b><\/strong><\/p>\n<p>Barra de pulverizaci\u00f3n giratoria multifuncional para casco y orugas con chorro de agua UHP de 2800 bar<strong><b>\u00a0Es para el robot de limpieza de superficies de cascos de barcos y tambi\u00e9n para el robot de limpieza de superficies de pisos de cemento de concreto UHP y herramientas de limpieza.<\/b><\/strong><\/p>\n<p><img decoding=\"async\" class=\"alignleft size-medium wp-image-1370 lazyload\" data-src=\"https:\/\/panwinjet.com\/wp-content\/uploads\/2025\/09\/Truck-4-500x375.jpg\" alt=\"\" width=\"500\" height=\"375\" data-srcset=\"https:\/\/panwinjet.com\/wp-content\/uploads\/2025\/09\/Truck-4-500x375.jpg 500w, https:\/\/panwinjet.com\/wp-content\/uploads\/2025\/09\/Truck-4-1200x900.jpg 1200w, https:\/\/panwinjet.com\/wp-content\/uploads\/2025\/09\/Truck-4-300x225.jpg 300w, https:\/\/panwinjet.com\/wp-content\/uploads\/2025\/09\/Truck-4-768x576.jpg 768w, https:\/\/panwinjet.com\/wp-content\/uploads\/2025\/09\/Truck-4-1536x1152.jpg 1536w, https:\/\/panwinjet.com\/wp-content\/uploads\/2025\/09\/Truck-4-100x75.jpg 100w, https:\/\/panwinjet.com\/wp-content\/uploads\/2025\/09\/Truck-4-480x360.jpg 480w, https:\/\/panwinjet.com\/wp-content\/uploads\/2025\/09\/Truck-4-800x600.jpg 800w, https:\/\/panwinjet.com\/wp-content\/uploads\/2025\/09\/Truck-4.jpg 1706w\" data-sizes=\"(max-width:767px) 480px, 500px\" src=\"data:image\/svg+xml;base64,PHN2ZyB3aWR0aD0iMSIgaGVpZ2h0PSIxIiB4bWxucz0iaHR0cDovL3d3dy53My5vcmcvMjAwMC9zdmciPjwvc3ZnPg==\" style=\"--smush-placeholder-width: 500px; --smush-placeholder-aspect-ratio: 500\/375;\" \/><\/p>\n<p>Barra de pulverizaci\u00f3n giratoria<strong><b>\u00a0Es muy vers\u00e1til y es completamente reemplazable. La barra rociadora Hammelmann se adapta a diferentes dise\u00f1os de robot. Al igual que los modelos Spider-Jetting, tenemos los completos para tener la mejor distancia de objetivo y un efecto de limpieza de alta eficiencia.<\/b><\/strong><\/p>\n<p><img decoding=\"async\" class=\"alignleft size-medium wp-image-1369 lazyload\" data-src=\"https:\/\/panwinjet.com\/wp-content\/uploads\/2025\/09\/2-1-2-500x342.png\" alt=\"\" width=\"500\" height=\"342\" data-srcset=\"https:\/\/panwinjet.com\/wp-content\/uploads\/2025\/09\/2-1-2-500x342.png 500w, https:\/\/panwinjet.com\/wp-content\/uploads\/2025\/09\/2-1-2-300x205.png 300w, https:\/\/panwinjet.com\/wp-content\/uploads\/2025\/09\/2-1-2-110x75.png 110w, https:\/\/panwinjet.com\/wp-content\/uploads\/2025\/09\/2-1-2-480x328.png 480w, https:\/\/panwinjet.com\/wp-content\/uploads\/2025\/09\/2-1-2.png 518w\" data-sizes=\"(max-width:767px) 480px, 500px\" src=\"data:image\/svg+xml;base64,PHN2ZyB3aWR0aD0iMSIgaGVpZ2h0PSIxIiB4bWxucz0iaHR0cDovL3d3dy53My5vcmcvMjAwMC9zdmciPjwvc3ZnPg==\" style=\"--smush-placeholder-width: 500px; --smush-placeholder-aspect-ratio: 500\/342;\" \/><\/p>\n<p>&nbsp;<\/p>\n<p><strong><b>Par\u00e1metros (especificaci\u00f3n) de la barra de pulverizaci\u00f3n giratoria multifuncional para casco de oruga con chorro de agua UHP de 2800 bar<\/b><\/strong><strong><b>\u00a0Limpieza de superficies mediante hidrojet UHP de 3000 bar.<\/b><\/strong><\/p>\n<p><strong><b>Esta barra de pulverizaci\u00f3n giratoria para casco multifuncional con chorro de agua UHP de 2800 bar<\/b><\/strong><strong><b>\u00a0<\/b><\/strong><strong><b>Se encuentran detr\u00e1s de la herramienta de agua y siempre est\u00e1n sobre una superficie reci\u00e9n preparada: condiciones perfectas para un buen agarre, incluso en superficies resbaladizas. <\/b><\/strong><\/p>\n<p><strong><b>El <\/b><\/strong><strong><b>Barra de pulverizaci\u00f3n multifuncional con chorro de agua UHP de 2800 bar. Los par\u00e1metros principales son la longitud de limpieza, el tipo de boquillas, el n\u00famero de boquillas, el grosor, el tipo de sellado y la altura, etc.<\/b><\/strong><\/p>\n<p><strong><b>La gu\u00eda precisa de la herramienta hidr\u00e1ulica y la distribuci\u00f3n ideal de la energ\u00eda garantizan una enorme cobertura de \u00e1rea.<\/b><\/strong><strong><b>.<\/b><\/strong><\/p>","protected":false},"featured_media":1352,"template":"","meta":[],"product_brand":[],"product_cat":[11],"product_tag":[32],"class_list":{"0":"post-1345","1":"product","2":"type-product","3":"status-publish","4":"has-post-thumbnail","6":"product_cat-ship-cleaning-device","7":"product_tag-2800bar-ship-hull-crawler-spraying-bar-swivel","9":"first","10":"instock","11":"shipping-taxable","12":"product-type-simple"},"yoast_head":"<!-- This site is optimized with the Yoast SEO plugin v24.9 - https:\/\/yoast.com\/wordpress\/plugins\/seo\/ -->\n<title>40Kpsi 2800bar UHP Water Jet Multifunctional Ship Hull Crawler Spraying Bar Swivel - Panwin Machinery&amp;Equipment<\/title>\n<meta name=\"robots\" content=\"index, follow, max-snippet:-1, max-image-preview:large, max-video-preview:-1\" \/>\n<link rel=\"canonical\" href=\"https:\/\/panwinjet.com\/es\/producto\/40kpsi-2800bar-uhp-water-jet-multifunctional-ship-hull-crawler-spraying-bar-swivel\/\" \/>\n<meta property=\"og:locale\" content=\"es_ES\" \/>\n<meta property=\"og:type\" content=\"article\" \/>\n<meta property=\"og:title\" content=\"40Kpsi 2800bar UHP Water Jet Multifunctional Ship Hull Crawler Spraying Bar Swivel - Panwin Machinery&amp;Equipment\" \/>\n<meta property=\"og:description\" content=\"Introduction of 2800bar UHP Water Jet Multifunctional Hull Crawler Spraying Bar Swivel  The\u00a02800bar UHP Water Jet Multifunctional Hull Crawler Spraying Bar Swivel\u00a0is for the Ship Hull Surface cleaning Robot and also for the Surface UHP Concrete cement floor Cleaning robot and cleaning tools.    Spraying Bar Swivel\u00a0is very versatile and it complete replaceable the hammelmann Spraying Bar adaptable for different Robot design Like for the Spider-Jetting models, we have the complete ones to have best Target distance and high-efficiency cleaning effect.    &nbsp;  Parameter (Specification) of 2800bar UHP Water Jet Multifunctional Hull Crawler Spraying Bar Swivel\u00a0surface 3000Bar UHP Hydro-Jetting cleaning.  This 2800bar UHP Water Jet Multifunctional Hull Crawler Spraying Bar Swivel\u00a0are located behind the water tool and are always on a freshly prepared surface - perfect conditions for a good grip, even on slippery surfaces.   The 2800bar UHP Water Jet Multifunctional Spraying Bar parameter mainly as the cleaning Length, the Nozzles Type, the Nozzles Number, the Thickness, Sealing Type and the Height etc.  The precise guidance of the water tool and ideal energy distribution ensure enormous area coverage.\" \/>\n<meta property=\"og:url\" content=\"https:\/\/panwinjet.com\/es\/producto\/40kpsi-2800bar-uhp-water-jet-multifunctional-ship-hull-crawler-spraying-bar-swivel\/\" \/>\n<meta property=\"og:site_name\" content=\"Panwin Machinery&amp;Equipment\" \/>\n<meta property=\"article:modified_time\" content=\"2025-09-24T14:14:48+00:00\" \/>\n<meta property=\"og:image\" content=\"https:\/\/panwinjet.com\/wp-content\/uploads\/2025\/09\/Spraying-Tightening-Mounting.png\" \/>\n\t<meta property=\"og:image:width\" content=\"1236\" \/>\n\t<meta property=\"og:image:height\" content=\"768\" \/>\n\t<meta property=\"og:image:type\" content=\"image\/png\" \/>\n<meta name=\"twitter:card\" content=\"summary_large_image\" \/>\n<meta name=\"twitter:label1\" content=\"Tiempo de lectura\" \/>\n\t<meta name=\"twitter:data1\" content=\"2 minutos\" \/>\n<script type=\"application\/ld+json\" class=\"yoast-schema-graph\">{\"@context\":\"https:\/\/schema.org\",\"@graph\":[{\"@type\":\"WebPage\",\"@id\":\"https:\/\/panwinjet.com\/product\/40kpsi-2800bar-uhp-water-jet-multifunctional-ship-hull-crawler-spraying-bar-swivel\/\",\"url\":\"https:\/\/panwinjet.com\/product\/40kpsi-2800bar-uhp-water-jet-multifunctional-ship-hull-crawler-spraying-bar-swivel\/\",\"name\":\"40Kpsi 2800bar UHP Water Jet Multifunctional Ship Hull Crawler Spraying Bar Swivel - Panwin Machinery&amp;Equipment\",\"isPartOf\":{\"@id\":\"https:\/\/panwinjet.com\/#website\"},\"primaryImageOfPage\":{\"@id\":\"https:\/\/panwinjet.com\/product\/40kpsi-2800bar-uhp-water-jet-multifunctional-ship-hull-crawler-spraying-bar-swivel\/#primaryimage\"},\"image\":{\"@id\":\"https:\/\/panwinjet.com\/product\/40kpsi-2800bar-uhp-water-jet-multifunctional-ship-hull-crawler-spraying-bar-swivel\/#primaryimage\"},\"thumbnailUrl\":\"https:\/\/panwinjet.com\/wp-content\/uploads\/2025\/09\/Spraying-Tightening-Mounting.png\",\"datePublished\":\"2025-09-24T07:24:19+00:00\",\"dateModified\":\"2025-09-24T14:14:48+00:00\",\"breadcrumb\":{\"@id\":\"https:\/\/panwinjet.com\/product\/40kpsi-2800bar-uhp-water-jet-multifunctional-ship-hull-crawler-spraying-bar-swivel\/#breadcrumb\"},\"inLanguage\":\"es\",\"potentialAction\":[{\"@type\":\"ReadAction\",\"target\":[\"https:\/\/panwinjet.com\/product\/40kpsi-2800bar-uhp-water-jet-multifunctional-ship-hull-crawler-spraying-bar-swivel\/\"]}]},{\"@type\":\"ImageObject\",\"inLanguage\":\"es\",\"@id\":\"https:\/\/panwinjet.com\/product\/40kpsi-2800bar-uhp-water-jet-multifunctional-ship-hull-crawler-spraying-bar-swivel\/#primaryimage\",\"url\":\"https:\/\/panwinjet.com\/wp-content\/uploads\/2025\/09\/Spraying-Tightening-Mounting.png\",\"contentUrl\":\"https:\/\/panwinjet.com\/wp-content\/uploads\/2025\/09\/Spraying-Tightening-Mounting.png\",\"width\":1236,\"height\":768},{\"@type\":\"BreadcrumbList\",\"@id\":\"https:\/\/panwinjet.com\/product\/40kpsi-2800bar-uhp-water-jet-multifunctional-ship-hull-crawler-spraying-bar-swivel\/#breadcrumb\",\"itemListElement\":[{\"@type\":\"ListItem\",\"position\":1,\"name\":\"\u9996\u9875\",\"item\":\"https:\/\/panwinjet.com\/\"},{\"@type\":\"ListItem\",\"position\":2,\"name\":\"PRODUCT\",\"item\":\"https:\/\/panwinjet.com\/product\/\"},{\"@type\":\"ListItem\",\"position\":3,\"name\":\"40Kpsi 2800bar UHP Water Jet Multifunctional Ship Hull Crawler Spraying Bar Swivel\"}]},{\"@type\":\"WebSite\",\"@id\":\"https:\/\/panwinjet.com\/#website\",\"url\":\"https:\/\/panwinjet.com\/\",\"name\":\"Panwin Machinery&amp;Equipment\",\"description\":\"Shenzhen Panwin Machinery&amp;Equipment Co.Ltd\",\"potentialAction\":[{\"@type\":\"SearchAction\",\"target\":{\"@type\":\"EntryPoint\",\"urlTemplate\":\"https:\/\/panwinjet.com\/?s={search_term_string}\"},\"query-input\":{\"@type\":\"PropertyValueSpecification\",\"valueRequired\":true,\"valueName\":\"search_term_string\"}}],\"inLanguage\":\"es\"}]}<\/script>\n<!-- \/ Yoast SEO plugin. -->","yoast_head_json":{"title":"40Kpsi 2800bar UHP Water Jet Multifunctional Ship Hull Crawler Spraying Bar Swivel - Panwin Machinery&amp;Equipment","robots":{"index":"index","follow":"follow","max-snippet":"max-snippet:-1","max-image-preview":"max-image-preview:large","max-video-preview":"max-video-preview:-1"},"canonical":"https:\/\/panwinjet.com\/es\/producto\/40kpsi-2800bar-uhp-water-jet-multifunctional-ship-hull-crawler-spraying-bar-swivel\/","og_locale":"es_ES","og_type":"article","og_title":"40Kpsi 2800bar UHP Water Jet Multifunctional Ship Hull Crawler Spraying Bar Swivel - Panwin Machinery&amp;Equipment","og_description":"Introduction of 2800bar UHP Water Jet Multifunctional Hull Crawler Spraying Bar Swivel  The\u00a02800bar UHP Water Jet Multifunctional Hull Crawler Spraying Bar Swivel\u00a0is for the Ship Hull Surface cleaning Robot and also for the Surface UHP Concrete cement floor Cleaning robot and cleaning tools.    Spraying Bar Swivel\u00a0is very versatile and it complete replaceable the hammelmann Spraying Bar adaptable for different Robot design Like for the Spider-Jetting models, we have the complete ones to have best Target distance and high-efficiency cleaning effect.    &nbsp;  Parameter (Specification) of 2800bar UHP Water Jet Multifunctional Hull Crawler Spraying Bar Swivel\u00a0surface 3000Bar UHP Hydro-Jetting cleaning.  This 2800bar UHP Water Jet Multifunctional Hull Crawler Spraying Bar Swivel\u00a0are located behind the water tool and are always on a freshly prepared surface - perfect conditions for a good grip, even on slippery surfaces.   The 2800bar UHP Water Jet Multifunctional Spraying Bar parameter mainly as the cleaning Length, the Nozzles Type, the Nozzles Number, the Thickness, Sealing Type and the Height etc.  The precise guidance of the water tool and ideal energy distribution ensure enormous area coverage.","og_url":"https:\/\/panwinjet.com\/es\/producto\/40kpsi-2800bar-uhp-water-jet-multifunctional-ship-hull-crawler-spraying-bar-swivel\/","og_site_name":"Panwin Machinery&amp;Equipment","article_modified_time":"2025-09-24T14:14:48+00:00","og_image":[{"width":1236,"height":768,"url":"https:\/\/panwinjet.com\/wp-content\/uploads\/2025\/09\/Spraying-Tightening-Mounting.png","type":"image\/png"}],"twitter_card":"summary_large_image","twitter_misc":{"Tiempo de lectura":"2 minutos"},"schema":{"@context":"https:\/\/schema.org","@graph":[{"@type":"WebPage","@id":"https:\/\/panwinjet.com\/product\/40kpsi-2800bar-uhp-water-jet-multifunctional-ship-hull-crawler-spraying-bar-swivel\/","url":"https:\/\/panwinjet.com\/product\/40kpsi-2800bar-uhp-water-jet-multifunctional-ship-hull-crawler-spraying-bar-swivel\/","name":"40Kpsi 2800bar UHP Water Jet Multifunctional Ship Hull Crawler Spraying Bar Swivel - Panwin Machinery&amp;Equipment","isPartOf":{"@id":"https:\/\/panwinjet.com\/#website"},"primaryImageOfPage":{"@id":"https:\/\/panwinjet.com\/product\/40kpsi-2800bar-uhp-water-jet-multifunctional-ship-hull-crawler-spraying-bar-swivel\/#primaryimage"},"image":{"@id":"https:\/\/panwinjet.com\/product\/40kpsi-2800bar-uhp-water-jet-multifunctional-ship-hull-crawler-spraying-bar-swivel\/#primaryimage"},"thumbnailUrl":"https:\/\/panwinjet.com\/wp-content\/uploads\/2025\/09\/Spraying-Tightening-Mounting.png","datePublished":"2025-09-24T07:24:19+00:00","dateModified":"2025-09-24T14:14:48+00:00","breadcrumb":{"@id":"https:\/\/panwinjet.com\/product\/40kpsi-2800bar-uhp-water-jet-multifunctional-ship-hull-crawler-spraying-bar-swivel\/#breadcrumb"},"inLanguage":"es","potentialAction":[{"@type":"ReadAction","target":["https:\/\/panwinjet.com\/product\/40kpsi-2800bar-uhp-water-jet-multifunctional-ship-hull-crawler-spraying-bar-swivel\/"]}]},{"@type":"ImageObject","inLanguage":"es","@id":"https:\/\/panwinjet.com\/product\/40kpsi-2800bar-uhp-water-jet-multifunctional-ship-hull-crawler-spraying-bar-swivel\/#primaryimage","url":"https:\/\/panwinjet.com\/wp-content\/uploads\/2025\/09\/Spraying-Tightening-Mounting.png","contentUrl":"https:\/\/panwinjet.com\/wp-content\/uploads\/2025\/09\/Spraying-Tightening-Mounting.png","width":1236,"height":768},{"@type":"BreadcrumbList","@id":"https:\/\/panwinjet.com\/product\/40kpsi-2800bar-uhp-water-jet-multifunctional-ship-hull-crawler-spraying-bar-swivel\/#breadcrumb","itemListElement":[{"@type":"ListItem","position":1,"name":"\u9996\u9875","item":"https:\/\/panwinjet.com\/"},{"@type":"ListItem","position":2,"name":"PRODUCT","item":"https:\/\/panwinjet.com\/product\/"},{"@type":"ListItem","position":3,"name":"40Kpsi 2800bar UHP Water Jet Multifunctional Ship Hull Crawler Spraying Bar Swivel"}]},{"@type":"WebSite","@id":"https:\/\/panwinjet.com\/#website","url":"https:\/\/panwinjet.com\/","name":"Panwin Machinery&amp;Equipment","description":"Shenzhen Panwin Machinery&amp;Equipment Co.Ltd","potentialAction":[{"@type":"SearchAction","target":{"@type":"EntryPoint","urlTemplate":"https:\/\/panwinjet.com\/?s={search_term_string}"},"query-input":{"@type":"PropertyValueSpecification","valueRequired":true,"valueName":"search_term_string"}}],"inLanguage":"es"}]}},"_links":{"self":[{"href":"https:\/\/panwinjet.com\/es\/wp-json\/wp\/v2\/product\/1345","targetHints":{"allow":["GET"]}}],"collection":[{"href":"https:\/\/panwinjet.com\/es\/wp-json\/wp\/v2\/product"}],"about":[{"href":"https:\/\/panwinjet.com\/es\/wp-json\/wp\/v2\/types\/product"}],"wp:featuredmedia":[{"embeddable":true,"href":"https:\/\/panwinjet.com\/es\/wp-json\/wp\/v2\/media\/1352"}],"wp:attachment":[{"href":"https:\/\/panwinjet.com\/es\/wp-json\/wp\/v2\/media?parent=1345"}],"wp:term":[{"taxonomy":"product_brand","embeddable":true,"href":"https:\/\/panwinjet.com\/es\/wp-json\/wp\/v2\/product_brand?post=1345"},{"taxonomy":"product_cat","embeddable":true,"href":"https:\/\/panwinjet.com\/es\/wp-json\/wp\/v2\/product_cat?post=1345"},{"taxonomy":"product_tag","embeddable":true,"href":"https:\/\/panwinjet.com\/es\/wp-json\/wp\/v2\/product_tag?post=1345"}],"curies":[{"name":"wp","href":"https:\/\/api.w.org\/{rel}","templated":true}]}}