{"id":1323,"date":"2025-09-23T14:37:49","date_gmt":"2025-09-23T14:37:49","guid":{"rendered":"https:\/\/panwinjet.com\/?post_type=product&#038;p=1323"},"modified":"2025-09-23T14:50:51","modified_gmt":"2025-09-23T14:50:51","slug":"china-supplier-high-quality-3000bar-hydro-jet-blasting-heat-exchangers-cleaning-protective-ppe-clothtrousers-suite","status":"publish","type":"product","link":"https:\/\/panwinjet.com\/es\/producto\/china-supplier-high-quality-3000bar-hydro-jet-blasting-heat-exchangers-cleaning-protective-ppe-clothtrousers-suite\/","title":{"rendered":"Proveedor chino de alta calidad: equipos de protecci\u00f3n individual (EPI) para limpieza de intercambiadores de calor mediante chorro de agua a presi\u00f3n de 3000 bar. Incluye ropa y pantalones de protecci\u00f3n."},"content":{"rendered":"<p><strong><b>\u00a0Caracter\u00edsticas y aplicaciones de<\/b><\/strong><strong><b>\u00a0<\/b><\/strong><strong><b>Proveedor chino de alta calidad, intercambiadores de calor con chorro de agua de 3000 bar, limpieza de trajes de protecci\u00f3n para telas y pantalones.<\/b><\/strong><\/p>\n<p><strong><b>Tiene una presi\u00f3n de 2800 bares. <\/b><\/strong><strong><b>Calificaci\u00f3n: <\/b><\/strong><strong><b>Prenda protectora UHP para chorro de agua <\/b><\/strong><strong><b>Puede proporcionar desde la barbilla hasta los pies<\/b><\/strong><strong><b>\u00a0<\/b><\/strong><strong><b>protecci\u00f3n contra posibles lesiones por <\/b><\/strong><strong><b>Chorros accidentales de agua a alta presi\u00f3n asociados con el lavado a presi\u00f3n con agua.<\/b><\/strong><strong><b>.<\/b><\/strong><\/p>\n<p><strong><b>Costumbre<\/b><\/strong><strong><b>er<\/b><\/strong><strong><b>\u00a0Conjunto de pa\u00f1o y pantalones protectores para limpieza de intercambiadores de calor mediante chorro de agua a presi\u00f3n de 3000 bar, de alta calidad, de un proveedor chino.<\/b><\/strong><strong><b>\u00a0son <\/b><\/strong><strong><b>Disponible en una variedad de est\u00e1ndares y<\/b><\/strong><strong><b>\u00a0<\/b><\/strong><strong><b>Tama\u00f1os personalizados para mayor comodidad<\/b><\/strong><strong><b>\u00a0<\/b><\/strong><strong><b>y movilidad. El conjunto completo se compone de Brazalete<\/b><\/strong><strong><b>Protector de cuello UHP, chaqueta, delantal, manga, cubrebotas<\/b><\/strong><strong><b>\u2013 tambi\u00e9n se venden por separado.<\/b><\/strong><\/p>\n<p><strong><b>\u00a0<\/b><\/strong><\/p>\n<p><strong><b>Nosotros <\/b><\/strong><strong><b>Funda protectora para manguera de chorro a presi\u00f3n UHP Hydro Jet<\/b><\/strong><strong><b>\u00a0Est\u00e1 fabricado con un material de alto rendimiento y alta densidad, y est\u00e1 dise\u00f1ado para soportar condiciones de chorro de agua a presi\u00f3n m\u00e1xima de 300 MPa. Se han realizado pruebas para demostrar su eficacia protectora.<\/b><\/strong><\/p>\n<p><strong><b>Nota:<\/b><\/strong><strong><b>Este resultado es el resultado de una prueba realizada bajo ciertas condiciones. El resultado se basa en datos t\u00e9cnicos. <\/b><\/strong><strong><b>nuestra funda protectora <\/b><\/strong><strong><b>Se considera fiable y se revisar\u00e1 en funci\u00f3n de un mayor conocimiento y experiencia durante su uso espec\u00edfico. <\/b><\/strong><strong><b>Protecci\u00f3n Panwin<\/b><\/strong><strong><b>\u00a0No garantiza ning\u00fan resultado y no asume ninguna obligaci\u00f3n ni responsabilidad relacionada con esta prenda.<\/b><\/strong><\/p>\n<p><strong><b>\u00a0<\/b><\/strong><\/p>\n<p><strong><b> <img decoding=\"async\" class=\"alignleft size-medium wp-image-1330 lazyload\" data-src=\"https:\/\/panwinjet.com\/wp-content\/uploads\/2025\/09\/Protective-Sleeve-1-500x260.png\" alt=\"\" width=\"500\" height=\"260\" data-srcset=\"https:\/\/panwinjet.com\/wp-content\/uploads\/2025\/09\/Protective-Sleeve-1-500x260.png 500w, https:\/\/panwinjet.com\/wp-content\/uploads\/2025\/09\/Protective-Sleeve-1-300x156.png 300w, https:\/\/panwinjet.com\/wp-content\/uploads\/2025\/09\/Protective-Sleeve-1-768x399.png 768w, https:\/\/panwinjet.com\/wp-content\/uploads\/2025\/09\/Protective-Sleeve-1-144x75.png 144w, https:\/\/panwinjet.com\/wp-content\/uploads\/2025\/09\/Protective-Sleeve-1-480x249.png 480w, https:\/\/panwinjet.com\/wp-content\/uploads\/2025\/09\/Protective-Sleeve-1-800x415.png 800w, https:\/\/panwinjet.com\/wp-content\/uploads\/2025\/09\/Protective-Sleeve-1.png 942w\" data-sizes=\"(max-width:767px) 480px, 500px\" src=\"data:image\/svg+xml;base64,PHN2ZyB3aWR0aD0iMSIgaGVpZ2h0PSIxIiB4bWxucz0iaHR0cDovL3d3dy53My5vcmcvMjAwMC9zdmciPjwvc3ZnPg==\" style=\"--smush-placeholder-width: 500px; --smush-placeholder-aspect-ratio: 500\/260;\" \/><\/b><\/strong><\/p>\n<p>&nbsp;<\/p>\n<p>&nbsp;<\/p>\n<p>&nbsp;<\/p>\n<p>&nbsp;<\/p>\n<p>&nbsp;<\/p>\n<p>&nbsp;<\/p>\n<p>&nbsp;<\/p>\n<p>&nbsp;<\/p>\n<p>Efecto de chorro directo de 2500 bares<\/p>\n<p><strong><b>\u00a0<\/b><\/strong><strong><b>Solicitud:<\/b><\/strong><\/p>\n<p>Industria de la construcci\u00f3n con chorro de agua a ultra alta presi\u00f3n<\/p>\n<p>Chorro de agua a presi\u00f3n por agua para la industria del hierro, el acero y los metales<\/p>\n<p>Ingenier\u00eda mec\u00e1nica y de aparatos para hidrolavadoras de alta presi\u00f3n<\/p>\n<p>Industria del cemento y el hormig\u00f3n<\/p>\n<p>Limpieza de superficies con barracuda de alta presi\u00f3n<\/p>\n<p>Piezas para equipos de limpieza UHP Hydro Jet<\/p>\n<p>Barras pulverizadoras de limpieza industrial<\/p>\n<p>M\u00e1quina de hidrolavado para la industria de refinaci\u00f3n de petr\u00f3leo<\/p>\n<p>Limpieza de superficies con chorro de agua a presi\u00f3n, limpieza de tanques y recipientes.<\/p>\n<p>Limpieza del intercambiador de calor,<\/p>\n<p>Limpieza de pintura de autom\u00f3viles, limpieza de la industria minera, limpieza de f\u00e1bricas de acero, etc.<\/p>\n<p>Equipos de limpieza de alcantarillado de alta presi\u00f3n para redes de tuber\u00edas municipales de suministro de agua y drenaje;<\/p>","protected":false},"excerpt":{"rendered":"<p><strong><b>Introducci\u00f3n de <\/b><\/strong><strong><b>Proveedor chino de alta calidad, intercambiadores de calor con chorro de agua de 3000 bar, limpieza de trajes de protecci\u00f3n para telas y pantalones.<\/b><\/strong><\/p>\n<p><strong><b>Bomba de \u00e9mbolo triplex de alta calidad de 2800 bar para limpieza con chorro de agua a alta presi\u00f3n <\/b><\/strong><strong><b>La ropa y las prendas de protecci\u00f3n para chorro de agua a alta presi\u00f3n son <\/b><\/strong><strong><b>caracter\u00edstica<\/b><\/strong><strong><b>d<\/b><\/strong><strong><b>\u00a0<\/b><\/strong><strong><b>de alta calidad<\/b><\/strong><strong><b>\u00a0fuerza y <\/b><\/strong><strong><b>largo <\/b><\/strong><strong><b>durabilidad, <\/b><\/strong><strong><b>transpirabilidad<\/b><\/strong><strong><b>, <\/b><\/strong><strong><b>Alto nivel de protecci\u00f3n en t\u00e9rminos de <\/b><\/strong><strong><b>resistencia al moho, resistencia al agua<\/b><\/strong><strong><b>.<\/b><\/strong><\/p>\n<div style=\"width: 1220px;\" class=\"wp-video\"><video class=\"wp-video-shortcode\" id=\"video-1323-1\" width=\"1220\" height=\"686\" preload=\"metadata\" controls=\"controls\"><source type=\"video\/mp4\" src=\"https:\/\/panwinjet.com\/wp-content\/uploads\/2025\/09\/Cooler-Video.mp4?_=1\" \/><a href=\"https:\/\/panwinjet.com\/wp-content\/uploads\/2025\/09\/Cooler-Video.mp4\">https:\/\/panwinjet.com\/wp-content\/uploads\/2025\/09\/Cooler-Video.mp4<\/a><\/video><\/div>\n<p>&nbsp;<\/p>\n<p><strong><b>\u00a0<\/b><\/strong><\/p>\n<p>&nbsp;<\/p>\n<p><strong><b>\u00a0Par\u00e1metros (especificaci\u00f3n) de un conjunto de ropa y pantalones protectores para limpieza de intercambiadores de calor con chorro de agua de 3000 bar de alta calidad, de proveedor chino.<\/b><\/strong><\/p>\n<p>Nuestro proveedor chino de alta calidad 3000Bar Hydro-jet Blasting intercambiadores de calor limpieza traje de tela y pantalones protectores<\/p>\n<p><strong><b>Los trajes con un nivel de presi\u00f3n de 2800 bares son ligeros y flexibles, y est\u00e1n dise\u00f1ados para mantener su resistencia, estabilidad dimensional y color en condiciones severas y accidentes para proteger la operaci\u00f3n y salvar vidas.<\/b><\/strong><\/p>\n<p><strong><b>Excelente calidad. Chorro de agua a alta presi\u00f3n UHP de 40000 psi para limpieza de desag\u00fces con m\u00e1quina hidrolimpiadora. Colores protectores UHP disponibles en estilos de cobertura est\u00e1ndar y total.<\/b><\/strong><\/p>","protected":false},"featured_media":1331,"template":"","meta":[],"product_brand":[],"product_cat":[11],"product_tag":[],"class_list":{"0":"post-1323","1":"product","2":"type-product","3":"status-publish","4":"has-post-thumbnail","6":"product_cat-ship-cleaning-device","8":"first","9":"instock","10":"shipping-taxable","11":"product-type-simple"},"yoast_head":"<!-- This site is optimized with the Yoast SEO plugin v24.9 - https:\/\/yoast.com\/wordpress\/plugins\/seo\/ -->\n<title>China Supplier High Quality 3000Bar Hydro-jet Blasting heat exchangers cleaning protective PPE Cloth&amp;Trousers suite - Panwin Machinery&amp;Equipment<\/title>\n<meta name=\"robots\" content=\"index, follow, max-snippet:-1, max-image-preview:large, max-video-preview:-1\" \/>\n<link rel=\"canonical\" href=\"https:\/\/panwinjet.com\/es\/producto\/china-supplier-high-quality-3000bar-hydro-jet-blasting-heat-exchangers-cleaning-protective-ppe-clothtrousers-suite\/\" \/>\n<meta property=\"og:locale\" content=\"es_ES\" \/>\n<meta property=\"og:type\" content=\"article\" \/>\n<meta property=\"og:title\" content=\"China Supplier High Quality 3000Bar Hydro-jet Blasting heat exchangers cleaning protective PPE Cloth&amp;Trousers suite - Panwin Machinery&amp;Equipment\" \/>\n<meta property=\"og:description\" content=\"Introduction of China Supplier High Quality 3000Bar Hydro-jet Blasting heat exchangers cleaning protective Cloth&amp;Trousers suite  High Quality 2800Bar triplex plunger pump Water Blasting high pressure water jet cleaning Operation Protective Clothing and garment for High Pressure Water Blasting is featured\u00a0high-grade\u00a0strength and long durability, Breath-ability, High level protection in term of mildew resistance, water resistance.    &nbsp;  \u00a0  &nbsp;  \u00a0Parameter (Specification) of China Supplier High Quality 3000Bar Hydro-jet Blasting heat exchangers cleaning protective Cloth&amp;Trousers suite  Our China Supplier High Quality 3000Bar Hydro-jet Blasting heat exchangers cleaning protective Cloth&amp;Trousers suite  The whole 2800Bar Pressure Rate level Suits are lightweight and flexible, and designed to retain their strength, dimensional stability, and color in severe conditions and accidence to protect the operation and save life.  Excellent Quality 40000psi UHP high pressure water blast hydro jet drain machine cleaning protective UHP Protective colors are available in standard coverage and full coverage styles.\" \/>\n<meta property=\"og:url\" content=\"https:\/\/panwinjet.com\/es\/producto\/china-supplier-high-quality-3000bar-hydro-jet-blasting-heat-exchangers-cleaning-protective-ppe-clothtrousers-suite\/\" \/>\n<meta property=\"og:site_name\" content=\"Panwin Machinery&amp;Equipment\" \/>\n<meta property=\"article:modified_time\" content=\"2025-09-23T14:50:51+00:00\" \/>\n<meta property=\"og:image\" content=\"https:\/\/panwinjet.com\/wp-content\/uploads\/2025\/09\/typc-c-7-1.png\" \/>\n\t<meta property=\"og:image:width\" content=\"264\" \/>\n\t<meta property=\"og:image:height\" content=\"668\" \/>\n\t<meta property=\"og:image:type\" content=\"image\/png\" \/>\n<meta name=\"twitter:card\" content=\"summary_large_image\" \/>\n<meta name=\"twitter:label1\" content=\"Tiempo de lectura\" \/>\n\t<meta name=\"twitter:data1\" content=\"2 minutos\" \/>\n<script type=\"application\/ld+json\" class=\"yoast-schema-graph\">{\"@context\":\"https:\/\/schema.org\",\"@graph\":[{\"@type\":\"WebPage\",\"@id\":\"https:\/\/panwinjet.com\/product\/china-supplier-high-quality-3000bar-hydro-jet-blasting-heat-exchangers-cleaning-protective-ppe-clothtrousers-suite\/\",\"url\":\"https:\/\/panwinjet.com\/product\/china-supplier-high-quality-3000bar-hydro-jet-blasting-heat-exchangers-cleaning-protective-ppe-clothtrousers-suite\/\",\"name\":\"China Supplier High Quality 3000Bar Hydro-jet Blasting heat exchangers cleaning protective PPE Cloth&Trousers suite - Panwin Machinery&amp;Equipment\",\"isPartOf\":{\"@id\":\"https:\/\/panwinjet.com\/#website\"},\"primaryImageOfPage\":{\"@id\":\"https:\/\/panwinjet.com\/product\/china-supplier-high-quality-3000bar-hydro-jet-blasting-heat-exchangers-cleaning-protective-ppe-clothtrousers-suite\/#primaryimage\"},\"image\":{\"@id\":\"https:\/\/panwinjet.com\/product\/china-supplier-high-quality-3000bar-hydro-jet-blasting-heat-exchangers-cleaning-protective-ppe-clothtrousers-suite\/#primaryimage\"},\"thumbnailUrl\":\"https:\/\/panwinjet.com\/wp-content\/uploads\/2025\/09\/typc-c-7-1.png\",\"datePublished\":\"2025-09-23T14:37:49+00:00\",\"dateModified\":\"2025-09-23T14:50:51+00:00\",\"breadcrumb\":{\"@id\":\"https:\/\/panwinjet.com\/product\/china-supplier-high-quality-3000bar-hydro-jet-blasting-heat-exchangers-cleaning-protective-ppe-clothtrousers-suite\/#breadcrumb\"},\"inLanguage\":\"es\",\"potentialAction\":[{\"@type\":\"ReadAction\",\"target\":[\"https:\/\/panwinjet.com\/product\/china-supplier-high-quality-3000bar-hydro-jet-blasting-heat-exchangers-cleaning-protective-ppe-clothtrousers-suite\/\"]}]},{\"@type\":\"ImageObject\",\"inLanguage\":\"es\",\"@id\":\"https:\/\/panwinjet.com\/product\/china-supplier-high-quality-3000bar-hydro-jet-blasting-heat-exchangers-cleaning-protective-ppe-clothtrousers-suite\/#primaryimage\",\"url\":\"https:\/\/panwinjet.com\/wp-content\/uploads\/2025\/09\/typc-c-7-1.png\",\"contentUrl\":\"https:\/\/panwinjet.com\/wp-content\/uploads\/2025\/09\/typc-c-7-1.png\",\"width\":264,\"height\":668},{\"@type\":\"BreadcrumbList\",\"@id\":\"https:\/\/panwinjet.com\/product\/china-supplier-high-quality-3000bar-hydro-jet-blasting-heat-exchangers-cleaning-protective-ppe-clothtrousers-suite\/#breadcrumb\",\"itemListElement\":[{\"@type\":\"ListItem\",\"position\":1,\"name\":\"\u9996\u9875\",\"item\":\"https:\/\/panwinjet.com\/\"},{\"@type\":\"ListItem\",\"position\":2,\"name\":\"PRODUCT\",\"item\":\"https:\/\/panwinjet.com\/product\/\"},{\"@type\":\"ListItem\",\"position\":3,\"name\":\"China Supplier High Quality 3000Bar Hydro-jet Blasting heat exchangers cleaning protective PPE Cloth&#038;Trousers suite\"}]},{\"@type\":\"WebSite\",\"@id\":\"https:\/\/panwinjet.com\/#website\",\"url\":\"https:\/\/panwinjet.com\/\",\"name\":\"Panwin Machinery&amp;Equipment\",\"description\":\"Shenzhen Panwin Machinery&amp;Equipment Co.Ltd\",\"potentialAction\":[{\"@type\":\"SearchAction\",\"target\":{\"@type\":\"EntryPoint\",\"urlTemplate\":\"https:\/\/panwinjet.com\/?s={search_term_string}\"},\"query-input\":{\"@type\":\"PropertyValueSpecification\",\"valueRequired\":true,\"valueName\":\"search_term_string\"}}],\"inLanguage\":\"es\"}]}<\/script>\n<!-- \/ Yoast SEO plugin. -->","yoast_head_json":{"title":"China Supplier High Quality 3000Bar Hydro-jet Blasting heat exchangers cleaning protective PPE Cloth&Trousers suite - Panwin Machinery&amp;Equipment","robots":{"index":"index","follow":"follow","max-snippet":"max-snippet:-1","max-image-preview":"max-image-preview:large","max-video-preview":"max-video-preview:-1"},"canonical":"https:\/\/panwinjet.com\/es\/producto\/china-supplier-high-quality-3000bar-hydro-jet-blasting-heat-exchangers-cleaning-protective-ppe-clothtrousers-suite\/","og_locale":"es_ES","og_type":"article","og_title":"China Supplier High Quality 3000Bar Hydro-jet Blasting heat exchangers cleaning protective PPE Cloth&Trousers suite - Panwin Machinery&amp;Equipment","og_description":"Introduction of China Supplier High Quality 3000Bar Hydro-jet Blasting heat exchangers cleaning protective Cloth&amp;Trousers suite  High Quality 2800Bar triplex plunger pump Water Blasting high pressure water jet cleaning Operation Protective Clothing and garment for High Pressure Water Blasting is featured\u00a0high-grade\u00a0strength and long durability, Breath-ability, High level protection in term of mildew resistance, water resistance.    &nbsp;  \u00a0  &nbsp;  \u00a0Parameter (Specification) of China Supplier High Quality 3000Bar Hydro-jet Blasting heat exchangers cleaning protective Cloth&amp;Trousers suite  Our China Supplier High Quality 3000Bar Hydro-jet Blasting heat exchangers cleaning protective Cloth&amp;Trousers suite  The whole 2800Bar Pressure Rate level Suits are lightweight and flexible, and designed to retain their strength, dimensional stability, and color in severe conditions and accidence to protect the operation and save life.  Excellent Quality 40000psi UHP high pressure water blast hydro jet drain machine cleaning protective UHP Protective colors are available in standard coverage and full coverage styles.","og_url":"https:\/\/panwinjet.com\/es\/producto\/china-supplier-high-quality-3000bar-hydro-jet-blasting-heat-exchangers-cleaning-protective-ppe-clothtrousers-suite\/","og_site_name":"Panwin Machinery&amp;Equipment","article_modified_time":"2025-09-23T14:50:51+00:00","og_image":[{"width":264,"height":668,"url":"https:\/\/panwinjet.com\/wp-content\/uploads\/2025\/09\/typc-c-7-1.png","type":"image\/png"}],"twitter_card":"summary_large_image","twitter_misc":{"Tiempo de lectura":"2 minutos"},"schema":{"@context":"https:\/\/schema.org","@graph":[{"@type":"WebPage","@id":"https:\/\/panwinjet.com\/product\/china-supplier-high-quality-3000bar-hydro-jet-blasting-heat-exchangers-cleaning-protective-ppe-clothtrousers-suite\/","url":"https:\/\/panwinjet.com\/product\/china-supplier-high-quality-3000bar-hydro-jet-blasting-heat-exchangers-cleaning-protective-ppe-clothtrousers-suite\/","name":"China Supplier High Quality 3000Bar Hydro-jet Blasting heat exchangers cleaning protective PPE Cloth&Trousers suite - Panwin Machinery&amp;Equipment","isPartOf":{"@id":"https:\/\/panwinjet.com\/#website"},"primaryImageOfPage":{"@id":"https:\/\/panwinjet.com\/product\/china-supplier-high-quality-3000bar-hydro-jet-blasting-heat-exchangers-cleaning-protective-ppe-clothtrousers-suite\/#primaryimage"},"image":{"@id":"https:\/\/panwinjet.com\/product\/china-supplier-high-quality-3000bar-hydro-jet-blasting-heat-exchangers-cleaning-protective-ppe-clothtrousers-suite\/#primaryimage"},"thumbnailUrl":"https:\/\/panwinjet.com\/wp-content\/uploads\/2025\/09\/typc-c-7-1.png","datePublished":"2025-09-23T14:37:49+00:00","dateModified":"2025-09-23T14:50:51+00:00","breadcrumb":{"@id":"https:\/\/panwinjet.com\/product\/china-supplier-high-quality-3000bar-hydro-jet-blasting-heat-exchangers-cleaning-protective-ppe-clothtrousers-suite\/#breadcrumb"},"inLanguage":"es","potentialAction":[{"@type":"ReadAction","target":["https:\/\/panwinjet.com\/product\/china-supplier-high-quality-3000bar-hydro-jet-blasting-heat-exchangers-cleaning-protective-ppe-clothtrousers-suite\/"]}]},{"@type":"ImageObject","inLanguage":"es","@id":"https:\/\/panwinjet.com\/product\/china-supplier-high-quality-3000bar-hydro-jet-blasting-heat-exchangers-cleaning-protective-ppe-clothtrousers-suite\/#primaryimage","url":"https:\/\/panwinjet.com\/wp-content\/uploads\/2025\/09\/typc-c-7-1.png","contentUrl":"https:\/\/panwinjet.com\/wp-content\/uploads\/2025\/09\/typc-c-7-1.png","width":264,"height":668},{"@type":"BreadcrumbList","@id":"https:\/\/panwinjet.com\/product\/china-supplier-high-quality-3000bar-hydro-jet-blasting-heat-exchangers-cleaning-protective-ppe-clothtrousers-suite\/#breadcrumb","itemListElement":[{"@type":"ListItem","position":1,"name":"\u9996\u9875","item":"https:\/\/panwinjet.com\/"},{"@type":"ListItem","position":2,"name":"PRODUCT","item":"https:\/\/panwinjet.com\/product\/"},{"@type":"ListItem","position":3,"name":"China Supplier High Quality 3000Bar Hydro-jet Blasting heat exchangers cleaning protective PPE Cloth&#038;Trousers suite"}]},{"@type":"WebSite","@id":"https:\/\/panwinjet.com\/#website","url":"https:\/\/panwinjet.com\/","name":"Panwin Machinery&amp;Equipment","description":"Shenzhen Panwin Machinery&amp;Equipment Co.Ltd","potentialAction":[{"@type":"SearchAction","target":{"@type":"EntryPoint","urlTemplate":"https:\/\/panwinjet.com\/?s={search_term_string}"},"query-input":{"@type":"PropertyValueSpecification","valueRequired":true,"valueName":"search_term_string"}}],"inLanguage":"es"}]}},"_links":{"self":[{"href":"https:\/\/panwinjet.com\/es\/wp-json\/wp\/v2\/product\/1323","targetHints":{"allow":["GET"]}}],"collection":[{"href":"https:\/\/panwinjet.com\/es\/wp-json\/wp\/v2\/product"}],"about":[{"href":"https:\/\/panwinjet.com\/es\/wp-json\/wp\/v2\/types\/product"}],"wp:featuredmedia":[{"embeddable":true,"href":"https:\/\/panwinjet.com\/es\/wp-json\/wp\/v2\/media\/1331"}],"wp:attachment":[{"href":"https:\/\/panwinjet.com\/es\/wp-json\/wp\/v2\/media?parent=1323"}],"wp:term":[{"taxonomy":"product_brand","embeddable":true,"href":"https:\/\/panwinjet.com\/es\/wp-json\/wp\/v2\/product_brand?post=1323"},{"taxonomy":"product_cat","embeddable":true,"href":"https:\/\/panwinjet.com\/es\/wp-json\/wp\/v2\/product_cat?post=1323"},{"taxonomy":"product_tag","embeddable":true,"href":"https:\/\/panwinjet.com\/es\/wp-json\/wp\/v2\/product_tag?post=1323"}],"curies":[{"name":"wp","href":"https:\/\/api.w.org\/{rel}","templated":true}]}}