{"id":1313,"date":"2025-09-23T14:28:30","date_gmt":"2025-09-23T14:28:30","guid":{"rendered":"https:\/\/panwinjet.com\/?post_type=product&#038;p=1313"},"modified":"2025-09-23T14:53:31","modified_gmt":"2025-09-23T14:53:31","slug":"excellent-quality-40000psi-uhp-high-pressure-water-blast-hydro-jet-drain-machine-cleaning-protective-uhp-protective-colors","status":"publish","type":"product","link":"https:\/\/panwinjet.com\/es\/producto\/excellent-quality-40000psi-uhp-high-pressure-water-blast-hydro-jet-drain-machine-cleaning-protective-uhp-protective-colors\/","title":{"rendered":"Excelente calidad, chorro de agua a alta presi\u00f3n UHP de 40000 psi, m\u00e1quina de limpieza de desag\u00fces con hidrolavado, colores protectores UHP."},"content":{"rendered":"<p><strong><b>Caracter\u00edsticas y aplicaciones de<\/b><\/strong><strong><b>Excelente calidad, chorro de agua a alta presi\u00f3n UHP de 40000 psi, m\u00e1quina de limpieza de desag\u00fces con hidrolavado, colores protectores UHP.<\/b><\/strong><\/p>\n<p><strong><b>Tiene una presi\u00f3n de 2800 bares. <\/b><\/strong><strong><b>Calificaci\u00f3n: <\/b><\/strong><strong><b>Prenda protectora UHP para chorro de agua <\/b><\/strong><strong><b>Puede proporcionar desde la barbilla hasta los pies<\/b><\/strong><strong><b>\u00a0<\/b><\/strong><strong><b>protecci\u00f3n contra posibles lesiones por <\/b><\/strong><\/p>\n<p><strong><b>Chorros accidentales de agua a alta presi\u00f3n asociados con el lavado a presi\u00f3n con agua.<\/b><\/strong><strong><b>.<\/b><\/strong><\/p>\n<div style=\"width: 720px;\" class=\"wp-video\"><video class=\"wp-video-shortcode\" id=\"video-1313-1\" width=\"720\" height=\"1280\" preload=\"metadata\" controls=\"controls\"><source type=\"video\/mp4\" src=\"https:\/\/panwinjet.com\/wp-content\/uploads\/2025\/09\/Trouser.mp4?_=1\" \/><a href=\"https:\/\/panwinjet.com\/wp-content\/uploads\/2025\/09\/Trouser.mp4\">https:\/\/panwinjet.com\/wp-content\/uploads\/2025\/09\/Trouser.mp4<\/a><\/video><\/div>\n<p><strong><b>Costumbre<\/b><\/strong><strong><b>er<\/b><\/strong><strong><b>\u00a0Conjunto de pa\u00f1o y pantalones protectores para limpieza de intercambiadores de calor mediante chorro de agua a presi\u00f3n de 3000 bar, de alta calidad, de un proveedor chino.<\/b><\/strong><strong><b>\u00a0son <\/b><\/strong><strong><b>Disponible en una variedad de est\u00e1ndares y<\/b><\/strong><strong><b>\u00a0<\/b><\/strong><strong><b>Tama\u00f1os personalizados para mayor comodidad<\/b><\/strong><strong><b>\u00a0<\/b><\/strong><strong><b>y movilidad. El conjunto completo se compone de Brazalete<\/b><\/strong><strong><b>Protector de cuello UHP, chaqueta, delantal, manga, cubrebotas<\/b><\/strong><strong><b>\u2013 tambi\u00e9n se venden por separado.<\/b><\/strong><\/p>\n<p><strong><b>\u00a0<\/b><\/strong><\/p>\n<p><strong><b>Nosotros <\/b><\/strong><strong><b>Funda protectora para manguera de chorro a presi\u00f3n UHP Hydro Jet<\/b><\/strong><strong><b>\u00a0Est\u00e1 fabricado con un material de alto rendimiento y alta densidad, y est\u00e1 dise\u00f1ado para soportar condiciones de chorro de agua a presi\u00f3n m\u00e1xima de 300 MPa. Se han realizado pruebas para demostrar su eficacia protectora.<\/b><\/strong><\/p>\n<p><strong><b>Nota:<\/b><\/strong><strong><b>Este resultado es el resultado de una prueba realizada bajo ciertas condiciones. El resultado se basa en datos t\u00e9cnicos. <\/b><\/strong><strong><b>nuestra funda protectora <\/b><\/strong><strong><b>Se considera fiable y se revisar\u00e1 en funci\u00f3n de un mayor conocimiento y experiencia durante su uso espec\u00edfico. <\/b><\/strong><strong><b>Protecci\u00f3n Panwin<\/b><\/strong><strong><b>\u00a0No garantiza ning\u00fan resultado y no asume ninguna obligaci\u00f3n ni responsabilidad relacionada con esta prenda.<\/b><\/strong><\/p>","protected":false},"excerpt":{"rendered":"<p><strong><b>Introducci\u00f3n de <\/b><\/strong><strong><b>Excelente calidad, chorro de agua a alta presi\u00f3n UHP de 40000 psi, m\u00e1quina de limpieza de desag\u00fces con hidrolavado, colores protectores UHP. <\/b><\/strong><strong><b>Excelente calidad, chorro de agua a alta presi\u00f3n UHP de 40000 psi, m\u00e1quina de limpieza de desag\u00fces con hidrolavado, colores protectores UHP.<\/b><\/strong><strong><b>\u00a0para chorro de agua a alta presi\u00f3n es <\/b><\/strong><strong><b>caracter\u00edstica<\/b><\/strong><strong><b>d<\/b><\/strong><strong><b>\u00a0<\/b><\/strong><strong><b>de alta calidad<\/b><\/strong><strong><b>\u00a0fuerza y <\/b><\/strong><strong><b>largo <\/b><\/strong><strong><b>durabilidad, <\/b><\/strong><strong><b>transpirabilidad<\/b><\/strong><strong><b>, <\/b><\/strong><strong><b>Alto nivel de protecci\u00f3n en t\u00e9rminos de <\/b><\/strong><strong><b>resistencia al moho, resistencia al agua<\/b><\/strong><strong><b>.<\/b><\/strong><\/p>\n<p><img decoding=\"async\" class=\"alignleft size-medium wp-image-1322 lazyload\" data-src=\"https:\/\/panwinjet.com\/wp-content\/uploads\/2025\/09\/Type-A-3-214x500.png\" alt=\"\" width=\"214\" height=\"500\" data-srcset=\"https:\/\/panwinjet.com\/wp-content\/uploads\/2025\/09\/Type-A-3-214x500.png 214w, https:\/\/panwinjet.com\/wp-content\/uploads\/2025\/09\/Type-A-3-128x300.png 128w, https:\/\/panwinjet.com\/wp-content\/uploads\/2025\/09\/Type-A-3-32x75.png 32w, https:\/\/panwinjet.com\/wp-content\/uploads\/2025\/09\/Type-A-3.png 381w\" data-sizes=\"(max-width:767px) 214px, 214px\" src=\"data:image\/svg+xml;base64,PHN2ZyB3aWR0aD0iMSIgaGVpZ2h0PSIxIiB4bWxucz0iaHR0cDovL3d3dy53My5vcmcvMjAwMC9zdmciPjwvc3ZnPg==\" style=\"--smush-placeholder-width: 214px; --smush-placeholder-aspect-ratio: 214\/500;\" \/><\/p>\n<p>&nbsp;<\/p>\n<p><strong><b>\u00a0<\/b><\/strong><\/p>\n<p>&nbsp;<\/p>\n<p><strong><b>Par\u00e1metro (Especificaci\u00f3n) de<\/b><\/strong><strong><b>\u00a0<\/b><\/strong><strong><b>Excelente calidad, chorro de agua a alta presi\u00f3n UHP de 40000 psi, m\u00e1quina de limpieza de desag\u00fces con hidrolavado, colores protectores UHP.<\/b><\/strong><\/p>\n<p>Nuestra m\u00e1quina de limpieza de desag\u00fces con chorro de agua a alta presi\u00f3n UHP de 40000 psi, de excelente calidad, ofrece protecci\u00f3n con colores UHP.<\/p>\n<p><strong><b>Los trajes con un nivel de presi\u00f3n de 2800 bares son ligeros y flexibles, y est\u00e1n dise\u00f1ados para mantener su resistencia, estabilidad dimensional y color en condiciones severas y accidentes para proteger la operaci\u00f3n y salvar vidas.<\/b><\/strong><\/p>\n<p><strong><b>Excelente calidad. Chorro de agua a alta presi\u00f3n UHP de 40000 psi para limpieza de desag\u00fces con m\u00e1quina hidrolimpiadora. Colores protectores UHP disponibles en estilos de cobertura est\u00e1ndar y total.<\/b><\/strong><\/p>","protected":false},"featured_media":1321,"template":"","meta":[],"product_brand":[],"product_cat":[11],"product_tag":[31],"class_list":{"0":"post-1313","1":"product","2":"type-product","3":"status-publish","4":"has-post-thumbnail","6":"product_cat-ship-cleaning-device","7":"product_tag-2800bar-hydro-jet-ppe","9":"first","10":"instock","11":"shipping-taxable","12":"product-type-simple"},"yoast_head":"<!-- This site is optimized with the Yoast SEO plugin v24.9 - https:\/\/yoast.com\/wordpress\/plugins\/seo\/ -->\n<title>Excellent Quality 40000psi UHP high pressure water blast hydro jet drain machine cleaning protective UHP Protective colors - Panwin Machinery&amp;Equipment<\/title>\n<meta name=\"robots\" content=\"index, follow, max-snippet:-1, max-image-preview:large, max-video-preview:-1\" \/>\n<link rel=\"canonical\" href=\"https:\/\/panwinjet.com\/es\/producto\/excellent-quality-40000psi-uhp-high-pressure-water-blast-hydro-jet-drain-machine-cleaning-protective-uhp-protective-colors\/\" \/>\n<meta property=\"og:locale\" content=\"es_ES\" \/>\n<meta property=\"og:type\" content=\"article\" \/>\n<meta property=\"og:title\" content=\"Excellent Quality 40000psi UHP high pressure water blast hydro jet drain machine cleaning protective UHP Protective colors - Panwin Machinery&amp;Equipment\" \/>\n<meta property=\"og:description\" content=\"Introduction of Excellent Quality 40000psi UHP high pressure water blast hydro jet drain machine cleaning protective UHP Protective colors Excellent Quality 40000psi UHP high pressure water blast hydro jet drain machine cleaning protective UHP Protective colors\u00a0for High Pressure Water Blasting is featured\u00a0high-grade\u00a0strength and long durability, Breath-ability, High level protection in term of mildew resistance, water resistance.    &nbsp;  \u00a0  &nbsp;  Parameter (Specification) of\u00a0Excellent Quality 40000psi UHP high pressure water blast hydro jet drain machine cleaning protective UHP Protective colors  Our Excellent Quality 40000psi UHP high pressure water blast hydro jet drain machine cleaning protective UHP Protective colors  The whole 2800Bar Pressure Rate level Suits are lightweight and flexible, and designed to retain their strength, dimensional stability, and color in severe conditions and accidence to protect the operation and save life.  Excellent Quality 40000psi UHP high pressure water blast hydro jet drain machine cleaning protective UHP Protective colors are available in standard coverage and full coverage styles.\" \/>\n<meta property=\"og:url\" content=\"https:\/\/panwinjet.com\/es\/producto\/excellent-quality-40000psi-uhp-high-pressure-water-blast-hydro-jet-drain-machine-cleaning-protective-uhp-protective-colors\/\" \/>\n<meta property=\"og:site_name\" content=\"Panwin Machinery&amp;Equipment\" \/>\n<meta property=\"article:modified_time\" content=\"2025-09-23T14:53:31+00:00\" \/>\n<meta property=\"og:image\" content=\"https:\/\/panwinjet.com\/wp-content\/uploads\/2025\/09\/Type-A-5.png\" \/>\n\t<meta property=\"og:image:width\" content=\"454\" \/>\n\t<meta property=\"og:image:height\" content=\"731\" \/>\n\t<meta property=\"og:image:type\" content=\"image\/png\" \/>\n<meta name=\"twitter:card\" content=\"summary_large_image\" \/>\n<meta name=\"twitter:label1\" content=\"Tiempo de lectura\" \/>\n\t<meta name=\"twitter:data1\" content=\"2 minutos\" \/>\n<script type=\"application\/ld+json\" class=\"yoast-schema-graph\">{\"@context\":\"https:\/\/schema.org\",\"@graph\":[{\"@type\":\"WebPage\",\"@id\":\"https:\/\/panwinjet.com\/product\/excellent-quality-40000psi-uhp-high-pressure-water-blast-hydro-jet-drain-machine-cleaning-protective-uhp-protective-colors\/\",\"url\":\"https:\/\/panwinjet.com\/product\/excellent-quality-40000psi-uhp-high-pressure-water-blast-hydro-jet-drain-machine-cleaning-protective-uhp-protective-colors\/\",\"name\":\"Excellent Quality 40000psi UHP high pressure water blast hydro jet drain machine cleaning protective UHP Protective colors - Panwin Machinery&amp;Equipment\",\"isPartOf\":{\"@id\":\"https:\/\/panwinjet.com\/#website\"},\"primaryImageOfPage\":{\"@id\":\"https:\/\/panwinjet.com\/product\/excellent-quality-40000psi-uhp-high-pressure-water-blast-hydro-jet-drain-machine-cleaning-protective-uhp-protective-colors\/#primaryimage\"},\"image\":{\"@id\":\"https:\/\/panwinjet.com\/product\/excellent-quality-40000psi-uhp-high-pressure-water-blast-hydro-jet-drain-machine-cleaning-protective-uhp-protective-colors\/#primaryimage\"},\"thumbnailUrl\":\"https:\/\/panwinjet.com\/wp-content\/uploads\/2025\/09\/Type-A-5.png\",\"datePublished\":\"2025-09-23T14:28:30+00:00\",\"dateModified\":\"2025-09-23T14:53:31+00:00\",\"breadcrumb\":{\"@id\":\"https:\/\/panwinjet.com\/product\/excellent-quality-40000psi-uhp-high-pressure-water-blast-hydro-jet-drain-machine-cleaning-protective-uhp-protective-colors\/#breadcrumb\"},\"inLanguage\":\"es\",\"potentialAction\":[{\"@type\":\"ReadAction\",\"target\":[\"https:\/\/panwinjet.com\/product\/excellent-quality-40000psi-uhp-high-pressure-water-blast-hydro-jet-drain-machine-cleaning-protective-uhp-protective-colors\/\"]}]},{\"@type\":\"ImageObject\",\"inLanguage\":\"es\",\"@id\":\"https:\/\/panwinjet.com\/product\/excellent-quality-40000psi-uhp-high-pressure-water-blast-hydro-jet-drain-machine-cleaning-protective-uhp-protective-colors\/#primaryimage\",\"url\":\"https:\/\/panwinjet.com\/wp-content\/uploads\/2025\/09\/Type-A-5.png\",\"contentUrl\":\"https:\/\/panwinjet.com\/wp-content\/uploads\/2025\/09\/Type-A-5.png\",\"width\":454,\"height\":731},{\"@type\":\"BreadcrumbList\",\"@id\":\"https:\/\/panwinjet.com\/product\/excellent-quality-40000psi-uhp-high-pressure-water-blast-hydro-jet-drain-machine-cleaning-protective-uhp-protective-colors\/#breadcrumb\",\"itemListElement\":[{\"@type\":\"ListItem\",\"position\":1,\"name\":\"\u9996\u9875\",\"item\":\"https:\/\/panwinjet.com\/\"},{\"@type\":\"ListItem\",\"position\":2,\"name\":\"PRODUCT\",\"item\":\"https:\/\/panwinjet.com\/product\/\"},{\"@type\":\"ListItem\",\"position\":3,\"name\":\"Excellent Quality 40000psi UHP high pressure water blast hydro jet drain machine cleaning protective UHP Protective colors\"}]},{\"@type\":\"WebSite\",\"@id\":\"https:\/\/panwinjet.com\/#website\",\"url\":\"https:\/\/panwinjet.com\/\",\"name\":\"Panwin Machinery&amp;Equipment\",\"description\":\"Shenzhen Panwin Machinery&amp;Equipment Co.Ltd\",\"potentialAction\":[{\"@type\":\"SearchAction\",\"target\":{\"@type\":\"EntryPoint\",\"urlTemplate\":\"https:\/\/panwinjet.com\/?s={search_term_string}\"},\"query-input\":{\"@type\":\"PropertyValueSpecification\",\"valueRequired\":true,\"valueName\":\"search_term_string\"}}],\"inLanguage\":\"es\"}]}<\/script>\n<!-- \/ Yoast SEO plugin. -->","yoast_head_json":{"title":"Excellent Quality 40000psi UHP high pressure water blast hydro jet drain machine cleaning protective UHP Protective colors - Panwin Machinery&amp;Equipment","robots":{"index":"index","follow":"follow","max-snippet":"max-snippet:-1","max-image-preview":"max-image-preview:large","max-video-preview":"max-video-preview:-1"},"canonical":"https:\/\/panwinjet.com\/es\/producto\/excellent-quality-40000psi-uhp-high-pressure-water-blast-hydro-jet-drain-machine-cleaning-protective-uhp-protective-colors\/","og_locale":"es_ES","og_type":"article","og_title":"Excellent Quality 40000psi UHP high pressure water blast hydro jet drain machine cleaning protective UHP Protective colors - Panwin Machinery&amp;Equipment","og_description":"Introduction of Excellent Quality 40000psi UHP high pressure water blast hydro jet drain machine cleaning protective UHP Protective colors Excellent Quality 40000psi UHP high pressure water blast hydro jet drain machine cleaning protective UHP Protective colors\u00a0for High Pressure Water Blasting is featured\u00a0high-grade\u00a0strength and long durability, Breath-ability, High level protection in term of mildew resistance, water resistance.    &nbsp;  \u00a0  &nbsp;  Parameter (Specification) of\u00a0Excellent Quality 40000psi UHP high pressure water blast hydro jet drain machine cleaning protective UHP Protective colors  Our Excellent Quality 40000psi UHP high pressure water blast hydro jet drain machine cleaning protective UHP Protective colors  The whole 2800Bar Pressure Rate level Suits are lightweight and flexible, and designed to retain their strength, dimensional stability, and color in severe conditions and accidence to protect the operation and save life.  Excellent Quality 40000psi UHP high pressure water blast hydro jet drain machine cleaning protective UHP Protective colors are available in standard coverage and full coverage styles.","og_url":"https:\/\/panwinjet.com\/es\/producto\/excellent-quality-40000psi-uhp-high-pressure-water-blast-hydro-jet-drain-machine-cleaning-protective-uhp-protective-colors\/","og_site_name":"Panwin Machinery&amp;Equipment","article_modified_time":"2025-09-23T14:53:31+00:00","og_image":[{"width":454,"height":731,"url":"https:\/\/panwinjet.com\/wp-content\/uploads\/2025\/09\/Type-A-5.png","type":"image\/png"}],"twitter_card":"summary_large_image","twitter_misc":{"Tiempo de lectura":"2 minutos"},"schema":{"@context":"https:\/\/schema.org","@graph":[{"@type":"WebPage","@id":"https:\/\/panwinjet.com\/product\/excellent-quality-40000psi-uhp-high-pressure-water-blast-hydro-jet-drain-machine-cleaning-protective-uhp-protective-colors\/","url":"https:\/\/panwinjet.com\/product\/excellent-quality-40000psi-uhp-high-pressure-water-blast-hydro-jet-drain-machine-cleaning-protective-uhp-protective-colors\/","name":"Excellent Quality 40000psi UHP high pressure water blast hydro jet drain machine cleaning protective UHP Protective colors - Panwin Machinery&amp;Equipment","isPartOf":{"@id":"https:\/\/panwinjet.com\/#website"},"primaryImageOfPage":{"@id":"https:\/\/panwinjet.com\/product\/excellent-quality-40000psi-uhp-high-pressure-water-blast-hydro-jet-drain-machine-cleaning-protective-uhp-protective-colors\/#primaryimage"},"image":{"@id":"https:\/\/panwinjet.com\/product\/excellent-quality-40000psi-uhp-high-pressure-water-blast-hydro-jet-drain-machine-cleaning-protective-uhp-protective-colors\/#primaryimage"},"thumbnailUrl":"https:\/\/panwinjet.com\/wp-content\/uploads\/2025\/09\/Type-A-5.png","datePublished":"2025-09-23T14:28:30+00:00","dateModified":"2025-09-23T14:53:31+00:00","breadcrumb":{"@id":"https:\/\/panwinjet.com\/product\/excellent-quality-40000psi-uhp-high-pressure-water-blast-hydro-jet-drain-machine-cleaning-protective-uhp-protective-colors\/#breadcrumb"},"inLanguage":"es","potentialAction":[{"@type":"ReadAction","target":["https:\/\/panwinjet.com\/product\/excellent-quality-40000psi-uhp-high-pressure-water-blast-hydro-jet-drain-machine-cleaning-protective-uhp-protective-colors\/"]}]},{"@type":"ImageObject","inLanguage":"es","@id":"https:\/\/panwinjet.com\/product\/excellent-quality-40000psi-uhp-high-pressure-water-blast-hydro-jet-drain-machine-cleaning-protective-uhp-protective-colors\/#primaryimage","url":"https:\/\/panwinjet.com\/wp-content\/uploads\/2025\/09\/Type-A-5.png","contentUrl":"https:\/\/panwinjet.com\/wp-content\/uploads\/2025\/09\/Type-A-5.png","width":454,"height":731},{"@type":"BreadcrumbList","@id":"https:\/\/panwinjet.com\/product\/excellent-quality-40000psi-uhp-high-pressure-water-blast-hydro-jet-drain-machine-cleaning-protective-uhp-protective-colors\/#breadcrumb","itemListElement":[{"@type":"ListItem","position":1,"name":"\u9996\u9875","item":"https:\/\/panwinjet.com\/"},{"@type":"ListItem","position":2,"name":"PRODUCT","item":"https:\/\/panwinjet.com\/product\/"},{"@type":"ListItem","position":3,"name":"Excellent Quality 40000psi UHP high pressure water blast hydro jet drain machine cleaning protective UHP Protective colors"}]},{"@type":"WebSite","@id":"https:\/\/panwinjet.com\/#website","url":"https:\/\/panwinjet.com\/","name":"Panwin Machinery&amp;Equipment","description":"Shenzhen Panwin Machinery&amp;Equipment Co.Ltd","potentialAction":[{"@type":"SearchAction","target":{"@type":"EntryPoint","urlTemplate":"https:\/\/panwinjet.com\/?s={search_term_string}"},"query-input":{"@type":"PropertyValueSpecification","valueRequired":true,"valueName":"search_term_string"}}],"inLanguage":"es"}]}},"_links":{"self":[{"href":"https:\/\/panwinjet.com\/es\/wp-json\/wp\/v2\/product\/1313","targetHints":{"allow":["GET"]}}],"collection":[{"href":"https:\/\/panwinjet.com\/es\/wp-json\/wp\/v2\/product"}],"about":[{"href":"https:\/\/panwinjet.com\/es\/wp-json\/wp\/v2\/types\/product"}],"wp:featuredmedia":[{"embeddable":true,"href":"https:\/\/panwinjet.com\/es\/wp-json\/wp\/v2\/media\/1321"}],"wp:attachment":[{"href":"https:\/\/panwinjet.com\/es\/wp-json\/wp\/v2\/media?parent=1313"}],"wp:term":[{"taxonomy":"product_brand","embeddable":true,"href":"https:\/\/panwinjet.com\/es\/wp-json\/wp\/v2\/product_brand?post=1313"},{"taxonomy":"product_cat","embeddable":true,"href":"https:\/\/panwinjet.com\/es\/wp-json\/wp\/v2\/product_cat?post=1313"},{"taxonomy":"product_tag","embeddable":true,"href":"https:\/\/panwinjet.com\/es\/wp-json\/wp\/v2\/product_tag?post=1313"}],"curies":[{"name":"wp","href":"https:\/\/api.w.org\/{rel}","templated":true}]}}