{"id":1301,"date":"2025-09-23T14:20:01","date_gmt":"2025-09-23T14:20:01","guid":{"rendered":"https:\/\/panwinjet.com\/?post_type=product&#038;p=1301"},"modified":"2025-09-23T14:20:01","modified_gmt":"2025-09-23T14:20:01","slug":"high-quality-2800bar-triplex-plunger-pump-water-blasting-high-pressure-water-jet-cleaning-operation-protective-uhp-protective-suite-type-b","status":"publish","type":"product","link":"https:\/\/panwinjet.com\/es\/producto\/high-quality-2800bar-triplex-plunger-pump-water-blasting-high-pressure-water-jet-cleaning-operation-protective-uhp-protective-suite-type-b\/","title":{"rendered":"Bomba de \u00e9mbolo triplex de alta calidad de 2800 bar. Limpieza con chorro de agua a alta presi\u00f3n. Protecci\u00f3n contra sobretensiones. Traje de protecci\u00f3n UHP tipo B."},"content":{"rendered":"<p><strong><b>Caracter\u00edsticas y aplicaciones de<\/b><\/strong><strong><b>\u00a0<\/b><\/strong><strong><b>Bomba de \u00e9mbolo triplex de alta calidad de 2800 bar para limpieza con chorro de agua a alta presi\u00f3n. Protecci\u00f3n contra sobretensiones. Traje protector UHP.<\/b><\/strong><\/p>\n<p><strong><b>Tiene una presi\u00f3n de 2800 bares. <\/b><\/strong><strong><b>Calificaci\u00f3n: <\/b><\/strong><strong><b>Prenda protectora UHP para chorro de agua <\/b><\/strong><strong><b>Puede proporcionar desde la barbilla hasta los pies<\/b><\/strong><strong><b>\u00a0<\/b><\/strong><strong><b>protecci\u00f3n contra posibles lesiones por <\/b><\/strong><strong><b>Chorros accidentales de agua a alta presi\u00f3n asociados con el lavado a presi\u00f3n con agua.<\/b><\/strong><strong><b>.<\/b><\/strong><\/p>\n<p><strong><b>\u00a0<\/b><\/strong><\/p>\n<p><strong><b>Costumbre<\/b><\/strong><strong><b>er<\/b><\/strong><strong><b>\u00a0Conjunto de pa\u00f1o y pantalones protectores para limpieza de intercambiadores de calor mediante chorro de agua a presi\u00f3n de 3000 bar, de alta calidad, de un proveedor chino.<\/b><\/strong><strong><b>\u00a0son <\/b><\/strong><strong><b>Disponible en una variedad de est\u00e1ndares y<\/b><\/strong><strong><b>\u00a0<\/b><\/strong><strong><b>Tama\u00f1os personalizados para mayor comodidad<\/b><\/strong><strong><b>\u00a0<\/b><\/strong><strong><b>y movilidad. El conjunto completo se compone de Brazalete<\/b><\/strong><strong><b>Protector de cuello UHP, chaqueta, delantal, manga, cubrebotas<\/b><\/strong><strong><b>\u2013 tambi\u00e9n se venden por separado.<\/b><\/strong><\/p>\n<p><strong><b>\u00a0<\/b><\/strong><\/p>\n<p><strong><b>Nosotros <\/b><\/strong><strong><b>Funda protectora para manguera de chorro a presi\u00f3n UHP Hydro Jet<\/b><\/strong><strong><b>\u00a0Est\u00e1 fabricado con un material de alto rendimiento y alta densidad, y est\u00e1 dise\u00f1ado para soportar condiciones de chorro de agua a presi\u00f3n m\u00e1xima de 300 MPa. Se han realizado pruebas para demostrar su eficacia protectora.<\/b><\/strong><\/p>\n<p><strong><b>Nota:<\/b><\/strong><strong><b>Este resultado es el resultado de una prueba realizada bajo ciertas condiciones. El resultado se basa en datos t\u00e9cnicos. <\/b><\/strong><strong><b>nuestra funda protectora <\/b><\/strong><strong><b>Se considera fiable y se revisar\u00e1 en funci\u00f3n de un mayor conocimiento y experiencia durante su uso espec\u00edfico. <\/b><\/strong><strong><b>Protecci\u00f3n Panwin<\/b><\/strong><strong><b>\u00a0No garantiza ning\u00fan resultado y no asume ninguna obligaci\u00f3n ni responsabilidad relacionada con esta prenda.<\/b><\/strong><\/p>\n<p><strong><b> <img decoding=\"async\" class=\"alignleft size-medium wp-image-1302 lazyload\" data-src=\"https:\/\/panwinjet.com\/wp-content\/uploads\/2025\/09\/Protective-Sleeve-500x260.png\" alt=\"\" width=\"500\" height=\"260\" data-srcset=\"https:\/\/panwinjet.com\/wp-content\/uploads\/2025\/09\/Protective-Sleeve-500x260.png 500w, https:\/\/panwinjet.com\/wp-content\/uploads\/2025\/09\/Protective-Sleeve-300x156.png 300w, https:\/\/panwinjet.com\/wp-content\/uploads\/2025\/09\/Protective-Sleeve-768x399.png 768w, https:\/\/panwinjet.com\/wp-content\/uploads\/2025\/09\/Protective-Sleeve-144x75.png 144w, https:\/\/panwinjet.com\/wp-content\/uploads\/2025\/09\/Protective-Sleeve-480x249.png 480w, https:\/\/panwinjet.com\/wp-content\/uploads\/2025\/09\/Protective-Sleeve-800x415.png 800w, https:\/\/panwinjet.com\/wp-content\/uploads\/2025\/09\/Protective-Sleeve.png 942w\" data-sizes=\"(max-width:767px) 480px, 500px\" src=\"data:image\/svg+xml;base64,PHN2ZyB3aWR0aD0iMSIgaGVpZ2h0PSIxIiB4bWxucz0iaHR0cDovL3d3dy53My5vcmcvMjAwMC9zdmciPjwvc3ZnPg==\" style=\"--smush-placeholder-width: 500px; --smush-placeholder-aspect-ratio: 500\/260;\" \/><\/b><\/strong><\/p>\n<p><strong><b>\u00a0<\/b><\/strong><\/p>\n<p>&nbsp;<\/p>\n<p>&nbsp;<\/p>\n<p>&nbsp;<\/p>\n<p>&nbsp;<\/p>\n<p>&nbsp;<\/p>\n<p>&nbsp;<\/p>\n<p>&nbsp;<\/p>\n<p>Efecto de chorro directo de 2500 bares<\/p>\n<p><img decoding=\"async\" class=\"alignleft size-medium wp-image-1311 lazyload\" data-src=\"https:\/\/panwinjet.com\/wp-content\/uploads\/2025\/09\/Straight-Jet.png\" alt=\"\" width=\"454\" height=\"354\" data-srcset=\"https:\/\/panwinjet.com\/wp-content\/uploads\/2025\/09\/Straight-Jet.png 454w, https:\/\/panwinjet.com\/wp-content\/uploads\/2025\/09\/Straight-Jet-300x234.png 300w, https:\/\/panwinjet.com\/wp-content\/uploads\/2025\/09\/Straight-Jet-96x75.png 96w\" data-sizes=\"(max-width:767px) 454px, 454px\" src=\"data:image\/svg+xml;base64,PHN2ZyB3aWR0aD0iMSIgaGVpZ2h0PSIxIiB4bWxucz0iaHR0cDovL3d3dy53My5vcmcvMjAwMC9zdmciPjwvc3ZnPg==\" style=\"--smush-placeholder-width: 454px; --smush-placeholder-aspect-ratio: 454\/354;\" \/><\/p>\n<p>&nbsp;<\/p>\n<p>&nbsp;<\/p>\n<p>&nbsp;<\/p>\n<p>&nbsp;<\/p>\n<p>&nbsp;<\/p>\n<p>&nbsp;<\/p>\n<p>&nbsp;<\/p>\n<p>&nbsp;<\/p>\n<p>&nbsp;<\/p>\n<p>&nbsp;<\/p>\n<p>Efecto de chorro directo de 2500 bares<\/p>","protected":false},"excerpt":{"rendered":"<p><strong><b>Introducci\u00f3n de <\/b><\/strong><strong><b>Bomba de \u00e9mbolo triplex de alta calidad de 2800 bar. Limpieza con chorro de agua a alta presi\u00f3n. Protecci\u00f3n contra sobretensiones. Traje de protecci\u00f3n UHP tipo B.<\/b><\/strong><\/p>\n<p><strong><b> <img decoding=\"async\" class=\"alignleft size-full wp-image-1312 lazyload\" data-src=\"https:\/\/panwinjet.com\/wp-content\/uploads\/2025\/09\/Rotary-Jet-2.png\" alt=\"\" width=\"499\" height=\"349\" data-srcset=\"https:\/\/panwinjet.com\/wp-content\/uploads\/2025\/09\/Rotary-Jet-2.png 499w, https:\/\/panwinjet.com\/wp-content\/uploads\/2025\/09\/Rotary-Jet-2-300x210.png 300w, https:\/\/panwinjet.com\/wp-content\/uploads\/2025\/09\/Rotary-Jet-2-107x75.png 107w, https:\/\/panwinjet.com\/wp-content\/uploads\/2025\/09\/Rotary-Jet-2-480x336.png 480w\" data-sizes=\"(max-width:767px) 480px, 499px\" src=\"data:image\/svg+xml;base64,PHN2ZyB3aWR0aD0iMSIgaGVpZ2h0PSIxIiB4bWxucz0iaHR0cDovL3d3dy53My5vcmcvMjAwMC9zdmciPjwvc3ZnPg==\" style=\"--smush-placeholder-width: 499px; --smush-placeholder-aspect-ratio: 499\/349;\" \/><\/b><\/strong><\/p>\n<p><strong><b>Bomba de \u00e9mbolo triplex de alta calidad de 2800 bar para limpieza con chorro de agua a alta presi\u00f3n <\/b><\/strong><strong><b>La ropa y las prendas de protecci\u00f3n para chorro de agua a alta presi\u00f3n son <\/b><\/strong><strong><b>caracter\u00edstica<\/b><\/strong><strong><b>d<\/b><\/strong><strong><b>\u00a0<\/b><\/strong><strong><b>de alta calidad<\/b><\/strong><strong><b>\u00a0fuerza y <\/b><\/strong><strong><b>largo <\/b><\/strong><strong><b>durabilidad, <\/b><\/strong><strong><b>transpirabilidad<\/b><\/strong><strong><b>, <\/b><\/strong><strong><b>Alto nivel de protecci\u00f3n en t\u00e9rminos de <\/b><\/strong><strong><b>resistencia al moho, resistencia al agua<\/b><\/strong><strong><b>.<\/b><\/strong><\/p>","protected":false},"featured_media":1310,"template":"","meta":[],"product_brand":[],"product_cat":[11],"product_tag":[30],"class_list":{"0":"post-1301","1":"product","2":"type-product","3":"status-publish","4":"has-post-thumbnail","6":"product_cat-ship-cleaning-device","7":"product_tag-uhp-waterblasting-ppe","9":"first","10":"instock","11":"shipping-taxable","12":"product-type-simple"},"yoast_head":"<!-- This site is optimized with the Yoast SEO plugin v24.9 - https:\/\/yoast.com\/wordpress\/plugins\/seo\/ -->\n<title>High Quality 2800Bar triplex plunger pump Water Blasting high pressure water jet cleaning Operation protective UHP Protective Suite Type B - Panwin Machinery&amp;Equipment<\/title>\n<meta name=\"robots\" content=\"index, follow, max-snippet:-1, max-image-preview:large, max-video-preview:-1\" \/>\n<link rel=\"canonical\" href=\"https:\/\/panwinjet.com\/es\/producto\/high-quality-2800bar-triplex-plunger-pump-water-blasting-high-pressure-water-jet-cleaning-operation-protective-uhp-protective-suite-type-b\/\" \/>\n<meta property=\"og:locale\" content=\"es_ES\" \/>\n<meta property=\"og:type\" content=\"article\" \/>\n<meta property=\"og:title\" content=\"High Quality 2800Bar triplex plunger pump Water Blasting high pressure water jet cleaning Operation protective UHP Protective Suite Type B - Panwin Machinery&amp;Equipment\" \/>\n<meta property=\"og:description\" content=\"Introduction of High Quality 2800Bar triplex plunger pump Water Blasting high pressure water jet cleaning Operation protective UHP Protective Suite Type B     High Quality 2800Bar triplex plunger pump Water Blasting high pressure water jet cleaning Operation Protective Clothing and garment for High Pressure Water Blasting is featured\u00a0high-grade\u00a0strength and long durability, Breath-ability, High level protection in term of mildew resistance, water resistance.\" \/>\n<meta property=\"og:url\" content=\"https:\/\/panwinjet.com\/es\/producto\/high-quality-2800bar-triplex-plunger-pump-water-blasting-high-pressure-water-jet-cleaning-operation-protective-uhp-protective-suite-type-b\/\" \/>\n<meta property=\"og:site_name\" content=\"Panwin Machinery&amp;Equipment\" \/>\n<meta property=\"og:image\" content=\"https:\/\/panwinjet.com\/wp-content\/uploads\/2025\/09\/type-B-7.png\" \/>\n\t<meta property=\"og:image:width\" content=\"303\" \/>\n\t<meta property=\"og:image:height\" content=\"662\" \/>\n\t<meta property=\"og:image:type\" content=\"image\/png\" \/>\n<meta name=\"twitter:card\" content=\"summary_large_image\" \/>\n<meta name=\"twitter:label1\" content=\"Tiempo de lectura\" \/>\n\t<meta name=\"twitter:data1\" content=\"2 minutos\" \/>\n<script type=\"application\/ld+json\" class=\"yoast-schema-graph\">{\"@context\":\"https:\/\/schema.org\",\"@graph\":[{\"@type\":\"WebPage\",\"@id\":\"https:\/\/panwinjet.com\/product\/high-quality-2800bar-triplex-plunger-pump-water-blasting-high-pressure-water-jet-cleaning-operation-protective-uhp-protective-suite-type-b\/\",\"url\":\"https:\/\/panwinjet.com\/product\/high-quality-2800bar-triplex-plunger-pump-water-blasting-high-pressure-water-jet-cleaning-operation-protective-uhp-protective-suite-type-b\/\",\"name\":\"High Quality 2800Bar triplex plunger pump Water Blasting high pressure water jet cleaning Operation protective UHP Protective Suite Type B - Panwin Machinery&amp;Equipment\",\"isPartOf\":{\"@id\":\"https:\/\/panwinjet.com\/#website\"},\"primaryImageOfPage\":{\"@id\":\"https:\/\/panwinjet.com\/product\/high-quality-2800bar-triplex-plunger-pump-water-blasting-high-pressure-water-jet-cleaning-operation-protective-uhp-protective-suite-type-b\/#primaryimage\"},\"image\":{\"@id\":\"https:\/\/panwinjet.com\/product\/high-quality-2800bar-triplex-plunger-pump-water-blasting-high-pressure-water-jet-cleaning-operation-protective-uhp-protective-suite-type-b\/#primaryimage\"},\"thumbnailUrl\":\"https:\/\/panwinjet.com\/wp-content\/uploads\/2025\/09\/type-B-7.png\",\"datePublished\":\"2025-09-23T14:20:01+00:00\",\"breadcrumb\":{\"@id\":\"https:\/\/panwinjet.com\/product\/high-quality-2800bar-triplex-plunger-pump-water-blasting-high-pressure-water-jet-cleaning-operation-protective-uhp-protective-suite-type-b\/#breadcrumb\"},\"inLanguage\":\"es\",\"potentialAction\":[{\"@type\":\"ReadAction\",\"target\":[\"https:\/\/panwinjet.com\/product\/high-quality-2800bar-triplex-plunger-pump-water-blasting-high-pressure-water-jet-cleaning-operation-protective-uhp-protective-suite-type-b\/\"]}]},{\"@type\":\"ImageObject\",\"inLanguage\":\"es\",\"@id\":\"https:\/\/panwinjet.com\/product\/high-quality-2800bar-triplex-plunger-pump-water-blasting-high-pressure-water-jet-cleaning-operation-protective-uhp-protective-suite-type-b\/#primaryimage\",\"url\":\"https:\/\/panwinjet.com\/wp-content\/uploads\/2025\/09\/type-B-7.png\",\"contentUrl\":\"https:\/\/panwinjet.com\/wp-content\/uploads\/2025\/09\/type-B-7.png\",\"width\":303,\"height\":662},{\"@type\":\"BreadcrumbList\",\"@id\":\"https:\/\/panwinjet.com\/product\/high-quality-2800bar-triplex-plunger-pump-water-blasting-high-pressure-water-jet-cleaning-operation-protective-uhp-protective-suite-type-b\/#breadcrumb\",\"itemListElement\":[{\"@type\":\"ListItem\",\"position\":1,\"name\":\"\u9996\u9875\",\"item\":\"https:\/\/panwinjet.com\/\"},{\"@type\":\"ListItem\",\"position\":2,\"name\":\"PRODUCT\",\"item\":\"https:\/\/panwinjet.com\/product\/\"},{\"@type\":\"ListItem\",\"position\":3,\"name\":\"High Quality 2800Bar triplex plunger pump Water Blasting high pressure water jet cleaning Operation protective UHP Protective Suite Type B\"}]},{\"@type\":\"WebSite\",\"@id\":\"https:\/\/panwinjet.com\/#website\",\"url\":\"https:\/\/panwinjet.com\/\",\"name\":\"Panwin Machinery&amp;Equipment\",\"description\":\"Shenzhen Panwin Machinery&amp;Equipment Co.Ltd\",\"potentialAction\":[{\"@type\":\"SearchAction\",\"target\":{\"@type\":\"EntryPoint\",\"urlTemplate\":\"https:\/\/panwinjet.com\/?s={search_term_string}\"},\"query-input\":{\"@type\":\"PropertyValueSpecification\",\"valueRequired\":true,\"valueName\":\"search_term_string\"}}],\"inLanguage\":\"es\"}]}<\/script>\n<!-- \/ Yoast SEO plugin. -->","yoast_head_json":{"title":"High Quality 2800Bar triplex plunger pump Water Blasting high pressure water jet cleaning Operation protective UHP Protective Suite Type B - Panwin Machinery&amp;Equipment","robots":{"index":"index","follow":"follow","max-snippet":"max-snippet:-1","max-image-preview":"max-image-preview:large","max-video-preview":"max-video-preview:-1"},"canonical":"https:\/\/panwinjet.com\/es\/producto\/high-quality-2800bar-triplex-plunger-pump-water-blasting-high-pressure-water-jet-cleaning-operation-protective-uhp-protective-suite-type-b\/","og_locale":"es_ES","og_type":"article","og_title":"High Quality 2800Bar triplex plunger pump Water Blasting high pressure water jet cleaning Operation protective UHP Protective Suite Type B - Panwin Machinery&amp;Equipment","og_description":"Introduction of High Quality 2800Bar triplex plunger pump Water Blasting high pressure water jet cleaning Operation protective UHP Protective Suite Type B     High Quality 2800Bar triplex plunger pump Water Blasting high pressure water jet cleaning Operation Protective Clothing and garment for High Pressure Water Blasting is featured\u00a0high-grade\u00a0strength and long durability, Breath-ability, High level protection in term of mildew resistance, water resistance.","og_url":"https:\/\/panwinjet.com\/es\/producto\/high-quality-2800bar-triplex-plunger-pump-water-blasting-high-pressure-water-jet-cleaning-operation-protective-uhp-protective-suite-type-b\/","og_site_name":"Panwin Machinery&amp;Equipment","og_image":[{"width":303,"height":662,"url":"https:\/\/panwinjet.com\/wp-content\/uploads\/2025\/09\/type-B-7.png","type":"image\/png"}],"twitter_card":"summary_large_image","twitter_misc":{"Tiempo de lectura":"2 minutos"},"schema":{"@context":"https:\/\/schema.org","@graph":[{"@type":"WebPage","@id":"https:\/\/panwinjet.com\/product\/high-quality-2800bar-triplex-plunger-pump-water-blasting-high-pressure-water-jet-cleaning-operation-protective-uhp-protective-suite-type-b\/","url":"https:\/\/panwinjet.com\/product\/high-quality-2800bar-triplex-plunger-pump-water-blasting-high-pressure-water-jet-cleaning-operation-protective-uhp-protective-suite-type-b\/","name":"High Quality 2800Bar triplex plunger pump Water Blasting high pressure water jet cleaning Operation protective UHP Protective Suite Type B - Panwin Machinery&amp;Equipment","isPartOf":{"@id":"https:\/\/panwinjet.com\/#website"},"primaryImageOfPage":{"@id":"https:\/\/panwinjet.com\/product\/high-quality-2800bar-triplex-plunger-pump-water-blasting-high-pressure-water-jet-cleaning-operation-protective-uhp-protective-suite-type-b\/#primaryimage"},"image":{"@id":"https:\/\/panwinjet.com\/product\/high-quality-2800bar-triplex-plunger-pump-water-blasting-high-pressure-water-jet-cleaning-operation-protective-uhp-protective-suite-type-b\/#primaryimage"},"thumbnailUrl":"https:\/\/panwinjet.com\/wp-content\/uploads\/2025\/09\/type-B-7.png","datePublished":"2025-09-23T14:20:01+00:00","breadcrumb":{"@id":"https:\/\/panwinjet.com\/product\/high-quality-2800bar-triplex-plunger-pump-water-blasting-high-pressure-water-jet-cleaning-operation-protective-uhp-protective-suite-type-b\/#breadcrumb"},"inLanguage":"es","potentialAction":[{"@type":"ReadAction","target":["https:\/\/panwinjet.com\/product\/high-quality-2800bar-triplex-plunger-pump-water-blasting-high-pressure-water-jet-cleaning-operation-protective-uhp-protective-suite-type-b\/"]}]},{"@type":"ImageObject","inLanguage":"es","@id":"https:\/\/panwinjet.com\/product\/high-quality-2800bar-triplex-plunger-pump-water-blasting-high-pressure-water-jet-cleaning-operation-protective-uhp-protective-suite-type-b\/#primaryimage","url":"https:\/\/panwinjet.com\/wp-content\/uploads\/2025\/09\/type-B-7.png","contentUrl":"https:\/\/panwinjet.com\/wp-content\/uploads\/2025\/09\/type-B-7.png","width":303,"height":662},{"@type":"BreadcrumbList","@id":"https:\/\/panwinjet.com\/product\/high-quality-2800bar-triplex-plunger-pump-water-blasting-high-pressure-water-jet-cleaning-operation-protective-uhp-protective-suite-type-b\/#breadcrumb","itemListElement":[{"@type":"ListItem","position":1,"name":"\u9996\u9875","item":"https:\/\/panwinjet.com\/"},{"@type":"ListItem","position":2,"name":"PRODUCT","item":"https:\/\/panwinjet.com\/product\/"},{"@type":"ListItem","position":3,"name":"High Quality 2800Bar triplex plunger pump Water Blasting high pressure water jet cleaning Operation protective UHP Protective Suite Type B"}]},{"@type":"WebSite","@id":"https:\/\/panwinjet.com\/#website","url":"https:\/\/panwinjet.com\/","name":"Panwin Machinery&amp;Equipment","description":"Shenzhen Panwin Machinery&amp;Equipment Co.Ltd","potentialAction":[{"@type":"SearchAction","target":{"@type":"EntryPoint","urlTemplate":"https:\/\/panwinjet.com\/?s={search_term_string}"},"query-input":{"@type":"PropertyValueSpecification","valueRequired":true,"valueName":"search_term_string"}}],"inLanguage":"es"}]}},"_links":{"self":[{"href":"https:\/\/panwinjet.com\/es\/wp-json\/wp\/v2\/product\/1301","targetHints":{"allow":["GET"]}}],"collection":[{"href":"https:\/\/panwinjet.com\/es\/wp-json\/wp\/v2\/product"}],"about":[{"href":"https:\/\/panwinjet.com\/es\/wp-json\/wp\/v2\/types\/product"}],"wp:featuredmedia":[{"embeddable":true,"href":"https:\/\/panwinjet.com\/es\/wp-json\/wp\/v2\/media\/1310"}],"wp:attachment":[{"href":"https:\/\/panwinjet.com\/es\/wp-json\/wp\/v2\/media?parent=1301"}],"wp:term":[{"taxonomy":"product_brand","embeddable":true,"href":"https:\/\/panwinjet.com\/es\/wp-json\/wp\/v2\/product_brand?post=1301"},{"taxonomy":"product_cat","embeddable":true,"href":"https:\/\/panwinjet.com\/es\/wp-json\/wp\/v2\/product_cat?post=1301"},{"taxonomy":"product_tag","embeddable":true,"href":"https:\/\/panwinjet.com\/es\/wp-json\/wp\/v2\/product_tag?post=1301"}],"curies":[{"name":"wp","href":"https:\/\/api.w.org\/{rel}","templated":true}]}}