{"id":1290,"date":"2025-09-22T16:20:57","date_gmt":"2025-09-22T16:20:57","guid":{"rendered":"https:\/\/panwinjet.com\/?post_type=product&#038;p=1290"},"modified":"2025-10-09T04:00:12","modified_gmt":"2025-10-09T04:00:12","slug":"uhp-hydro-jetting-blasting-1500-1800bar-rupture-disc-16mm","status":"publish","type":"product","link":"https:\/\/panwinjet.com\/es\/producto\/uhp-hydro-jetting-blasting-1500-1800bar-rupture-disc-16mm\/","title":{"rendered":"Chorro de agua a presi\u00f3n ultra alta (UHP) con disco de ruptura de 16 mm (1500-1800 bar)"},"content":{"rendered":"<p><strong><b>Chorro de agua a presi\u00f3n ultra alta (UHP) con disco de ruptura de 16 mm (1500-1800 bar)<\/b><\/strong><\/p>\n<p><strong><b>\u00a0<\/b><\/strong><strong><b>Presentaci\u00f3n del producto: Chorro por chorro de agua a alta presi\u00f3n (UHP) con disco de ruptura de 16 mm (1500-1800 bar).<\/b><\/strong><\/p>\n<p><strong><b>El <\/b><\/strong><strong><b>Chorro de agua a presi\u00f3n ultra alta (UHP) con disco de ruptura de 16 mm (1500-1800 bar)<\/b><\/strong>\u00a0Los discos de ruptura son dispositivos de seguridad cuya funci\u00f3n es impedir que las variaciones repentinas de presi\u00f3n da\u00f1en una planta industrial. Estos discos cumplen la misma funci\u00f3n b\u00e1sica que una v\u00e1lvula de seguridad.<\/p>\n<p>Le vendemos discos de ruptura de diferentes tama\u00f1os y con distintos niveles de presi\u00f3n.<\/p>\n<p><img decoding=\"async\" class=\"alignleft size-medium wp-image-1292 lazyload\" data-src=\"https:\/\/panwinjet.com\/wp-content\/uploads\/2025\/09\/18K-Rupture-Disc-3-500x225.jpg\" alt=\"\" width=\"500\" height=\"225\" data-srcset=\"https:\/\/panwinjet.com\/wp-content\/uploads\/2025\/09\/18K-Rupture-Disc-3-500x225.jpg 500w, https:\/\/panwinjet.com\/wp-content\/uploads\/2025\/09\/18K-Rupture-Disc-3-1200x540.jpg 1200w, https:\/\/panwinjet.com\/wp-content\/uploads\/2025\/09\/18K-Rupture-Disc-3-300x135.jpg 300w, https:\/\/panwinjet.com\/wp-content\/uploads\/2025\/09\/18K-Rupture-Disc-3-768x346.jpg 768w, https:\/\/panwinjet.com\/wp-content\/uploads\/2025\/09\/18K-Rupture-Disc-3-1536x691.jpg 1536w, https:\/\/panwinjet.com\/wp-content\/uploads\/2025\/09\/18K-Rupture-Disc-3-2048x922.jpg 2048w, https:\/\/panwinjet.com\/wp-content\/uploads\/2025\/09\/18K-Rupture-Disc-3-150x68.jpg 150w, https:\/\/panwinjet.com\/wp-content\/uploads\/2025\/09\/18K-Rupture-Disc-3-480x216.jpg 480w, https:\/\/panwinjet.com\/wp-content\/uploads\/2025\/09\/18K-Rupture-Disc-3-800x360.jpg 800w\" data-sizes=\"(max-width:767px) 480px, 500px\" src=\"data:image\/svg+xml;base64,PHN2ZyB3aWR0aD0iMSIgaGVpZ2h0PSIxIiB4bWxucz0iaHR0cDovL3d3dy53My5vcmcvMjAwMC9zdmciPjwvc3ZnPg==\" style=\"--smush-placeholder-width: 500px; --smush-placeholder-aspect-ratio: 500\/225;\" \/> <img decoding=\"async\" class=\"alignleft size-medium wp-image-1297 lazyload\" data-src=\"https:\/\/panwinjet.com\/wp-content\/uploads\/2025\/09\/18K-Rupture-Disc-Pack-500x225.jpg\" alt=\"\" width=\"500\" height=\"225\" data-srcset=\"https:\/\/panwinjet.com\/wp-content\/uploads\/2025\/09\/18K-Rupture-Disc-Pack-500x225.jpg 500w, https:\/\/panwinjet.com\/wp-content\/uploads\/2025\/09\/18K-Rupture-Disc-Pack-1200x540.jpg 1200w, https:\/\/panwinjet.com\/wp-content\/uploads\/2025\/09\/18K-Rupture-Disc-Pack-300x135.jpg 300w, https:\/\/panwinjet.com\/wp-content\/uploads\/2025\/09\/18K-Rupture-Disc-Pack-768x346.jpg 768w, https:\/\/panwinjet.com\/wp-content\/uploads\/2025\/09\/18K-Rupture-Disc-Pack-1536x691.jpg 1536w, https:\/\/panwinjet.com\/wp-content\/uploads\/2025\/09\/18K-Rupture-Disc-Pack-2048x922.jpg 2048w, https:\/\/panwinjet.com\/wp-content\/uploads\/2025\/09\/18K-Rupture-Disc-Pack-150x68.jpg 150w, https:\/\/panwinjet.com\/wp-content\/uploads\/2025\/09\/18K-Rupture-Disc-Pack-480x216.jpg 480w, https:\/\/panwinjet.com\/wp-content\/uploads\/2025\/09\/18K-Rupture-Disc-Pack-800x360.jpg 800w\" data-sizes=\"(max-width:767px) 480px, 500px\" src=\"data:image\/svg+xml;base64,PHN2ZyB3aWR0aD0iMSIgaGVpZ2h0PSIxIiB4bWxucz0iaHR0cDovL3d3dy53My5vcmcvMjAwMC9zdmciPjwvc3ZnPg==\" style=\"--smush-placeholder-width: 500px; --smush-placeholder-aspect-ratio: 500\/225;\" \/><\/p>\n<p><strong><b>\u00a0<\/b><\/strong><strong><b>2. Par\u00e1metros del producto (especificaciones) del disco de ruptura de 16 mm para chorro a presi\u00f3n ultra alta (UHP Hydro-Jetting) de 1500-1800 bar<\/b><\/strong><\/p>\n<p><strong><b>Hidrochorro UHP de gran caudal a 3000 bar <\/b><\/strong>Los discos de ruptura son dispositivos herm\u00e9ticos a la presi\u00f3n dise\u00f1ados para abrirse mediante ruptura a un valor de presi\u00f3n predeterminado.<\/p>","protected":false},"excerpt":{"rendered":"<p>El disco de ruptura de 16 mm para chorro a presi\u00f3n ultra alta (UHP) de 1500-1800 bar se puede utilizar ampliamente en bombas de \u00e9mbolo triplex de 1500 bar, en aplicaciones como el chorro de agua a alta presi\u00f3n en la industria de la construcci\u00f3n.<br \/>\nChorro de agua a presi\u00f3n por agua para la industria del hierro, el acero y los metales<br \/>\nIngenier\u00eda mec\u00e1nica y de aparatos para hidrolavadoras de alta presi\u00f3n<br \/>\nIndustria del cemento y el hormig\u00f3n<br \/>\nLimpieza de superficies con barracuda de alta presi\u00f3n<br \/>\nPiezas para equipos de limpieza UHP Hydro Jet<br \/>\nBarras pulverizadoras de limpieza industrial<br \/>\nM\u00e1quina de hidrolavado para la industria de refinaci\u00f3n de petr\u00f3leo<br \/>\nLimpieza de superficies con chorro de agua a presi\u00f3n, limpieza de tanques y recipientes.<br \/>\nLimpieza del intercambiador de calor,<br \/>\nLimpieza de pintura de autom\u00f3viles, limpieza de la industria minera, limpieza de f\u00e1bricas de acero, etc.<br \/>\nEquipos de limpieza de alcantarillado de alta presi\u00f3n para redes de tuber\u00edas municipales de suministro de agua y drenaje;<\/p>\n<div style=\"width: 960px;\" class=\"wp-video\"><video class=\"wp-video-shortcode\" id=\"video-1290-1\" width=\"960\" height=\"540\" preload=\"metadata\" controls=\"controls\"><source type=\"video\/mp4\" src=\"https:\/\/panwinjet.com\/wp-content\/uploads\/2025\/09\/18K-Rupture-Disc-Demo.mp4?_=1\" \/><a href=\"https:\/\/panwinjet.com\/wp-content\/uploads\/2025\/09\/18K-Rupture-Disc-Demo.mp4\">https:\/\/panwinjet.com\/wp-content\/uploads\/2025\/09\/18K-Rupture-Disc-Demo.mp4<\/a><\/video><\/div>","protected":false},"featured_media":1292,"template":"","meta":[],"product_brand":[],"product_cat":[7],"product_tag":[],"class_list":{"0":"post-1290","1":"product","2":"type-product","3":"status-publish","4":"has-post-thumbnail","6":"product_cat-jetstream-pump-fluid-end-compatibe-parts","8":"first","9":"instock","10":"shipping-taxable","11":"product-type-simple"},"yoast_head":"<!-- This site is optimized with the Yoast SEO plugin v24.9 - https:\/\/yoast.com\/wordpress\/plugins\/seo\/ -->\n<title>UHP Hydro-Jetting Blasting 1500-1800Bar Rupture Disc 16mm - Panwin Machinery&amp;Equipment<\/title>\n<meta name=\"robots\" content=\"index, follow, max-snippet:-1, max-image-preview:large, max-video-preview:-1\" \/>\n<link rel=\"canonical\" href=\"https:\/\/panwinjet.com\/es\/producto\/uhp-hydro-jetting-blasting-1500-1800bar-rupture-disc-16mm\/\" \/>\n<meta property=\"og:locale\" content=\"es_ES\" \/>\n<meta property=\"og:type\" content=\"article\" \/>\n<meta property=\"og:title\" content=\"UHP Hydro-Jetting Blasting 1500-1800Bar Rupture Disc 16mm - Panwin Machinery&amp;Equipment\" \/>\n<meta property=\"og:description\" content=\"UHP Hydro-Jetting Blasting 1500-1800Bar Rupture Disc 16mm can be widely used in 1500Bar Triplex plunger Pump,Application such as UHP Water Blasting Construction Industry Hydro Jet blaster Iron, Steel And Metal Industry high pressure waterblaster Mechanical and Apparatus Engineering Cements and Concrete Industry high pressure barracuda Surface cleaning UHP hydro Jet cleaning equipment parts Industrial Cleaning Spray Bars hydro blasting machine for petroleum refining industry Hydro Jet Surface Cleaning,Tank&amp;Vessel Cleaning, Heat Exchange Cleaning, Automotive Painting cleaning Mining industry cleaning Steel manufacture cleaning etc. High pressure sewer cleaning equipment for municipal pipe networks water supply and drainage pipelines;\" \/>\n<meta property=\"og:url\" content=\"https:\/\/panwinjet.com\/es\/producto\/uhp-hydro-jetting-blasting-1500-1800bar-rupture-disc-16mm\/\" \/>\n<meta property=\"og:site_name\" content=\"Panwin Machinery&amp;Equipment\" \/>\n<meta property=\"article:modified_time\" content=\"2025-10-09T04:00:12+00:00\" \/>\n<meta property=\"og:image\" content=\"https:\/\/panwinjet.com\/wp-content\/uploads\/2025\/09\/18K-Rupture-Disc-3-scaled.jpg\" \/>\n\t<meta property=\"og:image:width\" content=\"2560\" \/>\n\t<meta property=\"og:image:height\" content=\"1152\" \/>\n\t<meta property=\"og:image:type\" content=\"image\/jpeg\" \/>\n<meta name=\"twitter:card\" content=\"summary_large_image\" \/>\n<meta name=\"twitter:label1\" content=\"Tiempo de lectura\" \/>\n\t<meta name=\"twitter:data1\" content=\"2 minutos\" \/>\n<script type=\"application\/ld+json\" class=\"yoast-schema-graph\">{\"@context\":\"https:\/\/schema.org\",\"@graph\":[{\"@type\":\"WebPage\",\"@id\":\"https:\/\/panwinjet.com\/product\/uhp-hydro-jetting-blasting-1500-1800bar-rupture-disc-16mm\/\",\"url\":\"https:\/\/panwinjet.com\/product\/uhp-hydro-jetting-blasting-1500-1800bar-rupture-disc-16mm\/\",\"name\":\"UHP Hydro-Jetting Blasting 1500-1800Bar Rupture Disc 16mm - Panwin Machinery&amp;Equipment\",\"isPartOf\":{\"@id\":\"https:\/\/panwinjet.com\/#website\"},\"primaryImageOfPage\":{\"@id\":\"https:\/\/panwinjet.com\/product\/uhp-hydro-jetting-blasting-1500-1800bar-rupture-disc-16mm\/#primaryimage\"},\"image\":{\"@id\":\"https:\/\/panwinjet.com\/product\/uhp-hydro-jetting-blasting-1500-1800bar-rupture-disc-16mm\/#primaryimage\"},\"thumbnailUrl\":\"https:\/\/panwinjet.com\/wp-content\/uploads\/2025\/09\/18K-Rupture-Disc-3-scaled.jpg\",\"datePublished\":\"2025-09-22T16:20:57+00:00\",\"dateModified\":\"2025-10-09T04:00:12+00:00\",\"breadcrumb\":{\"@id\":\"https:\/\/panwinjet.com\/product\/uhp-hydro-jetting-blasting-1500-1800bar-rupture-disc-16mm\/#breadcrumb\"},\"inLanguage\":\"es\",\"potentialAction\":[{\"@type\":\"ReadAction\",\"target\":[\"https:\/\/panwinjet.com\/product\/uhp-hydro-jetting-blasting-1500-1800bar-rupture-disc-16mm\/\"]}]},{\"@type\":\"ImageObject\",\"inLanguage\":\"es\",\"@id\":\"https:\/\/panwinjet.com\/product\/uhp-hydro-jetting-blasting-1500-1800bar-rupture-disc-16mm\/#primaryimage\",\"url\":\"https:\/\/panwinjet.com\/wp-content\/uploads\/2025\/09\/18K-Rupture-Disc-3-scaled.jpg\",\"contentUrl\":\"https:\/\/panwinjet.com\/wp-content\/uploads\/2025\/09\/18K-Rupture-Disc-3-scaled.jpg\",\"width\":2560,\"height\":1152},{\"@type\":\"BreadcrumbList\",\"@id\":\"https:\/\/panwinjet.com\/product\/uhp-hydro-jetting-blasting-1500-1800bar-rupture-disc-16mm\/#breadcrumb\",\"itemListElement\":[{\"@type\":\"ListItem\",\"position\":1,\"name\":\"\u9996\u9875\",\"item\":\"https:\/\/panwinjet.com\/\"},{\"@type\":\"ListItem\",\"position\":2,\"name\":\"PRODUCT\",\"item\":\"https:\/\/panwinjet.com\/product\/\"},{\"@type\":\"ListItem\",\"position\":3,\"name\":\"UHP Hydro-Jetting Blasting 1500-1800Bar Rupture Disc 16mm\"}]},{\"@type\":\"WebSite\",\"@id\":\"https:\/\/panwinjet.com\/#website\",\"url\":\"https:\/\/panwinjet.com\/\",\"name\":\"Panwin Machinery&amp;Equipment\",\"description\":\"Shenzhen Panwin Machinery&amp;Equipment Co.Ltd\",\"potentialAction\":[{\"@type\":\"SearchAction\",\"target\":{\"@type\":\"EntryPoint\",\"urlTemplate\":\"https:\/\/panwinjet.com\/?s={search_term_string}\"},\"query-input\":{\"@type\":\"PropertyValueSpecification\",\"valueRequired\":true,\"valueName\":\"search_term_string\"}}],\"inLanguage\":\"es\"}]}<\/script>\n<!-- \/ Yoast SEO plugin. -->","yoast_head_json":{"title":"UHP Hydro-Jetting Blasting 1500-1800Bar Rupture Disc 16mm - Panwin Machinery&amp;Equipment","robots":{"index":"index","follow":"follow","max-snippet":"max-snippet:-1","max-image-preview":"max-image-preview:large","max-video-preview":"max-video-preview:-1"},"canonical":"https:\/\/panwinjet.com\/es\/producto\/uhp-hydro-jetting-blasting-1500-1800bar-rupture-disc-16mm\/","og_locale":"es_ES","og_type":"article","og_title":"UHP Hydro-Jetting Blasting 1500-1800Bar Rupture Disc 16mm - Panwin Machinery&amp;Equipment","og_description":"UHP Hydro-Jetting Blasting 1500-1800Bar Rupture Disc 16mm can be widely used in 1500Bar Triplex plunger Pump,Application such as UHP Water Blasting Construction Industry Hydro Jet blaster Iron, Steel And Metal Industry high pressure waterblaster Mechanical and Apparatus Engineering Cements and Concrete Industry high pressure barracuda Surface cleaning UHP hydro Jet cleaning equipment parts Industrial Cleaning Spray Bars hydro blasting machine for petroleum refining industry Hydro Jet Surface Cleaning,Tank&amp;Vessel Cleaning, Heat Exchange Cleaning, Automotive Painting cleaning Mining industry cleaning Steel manufacture cleaning etc. High pressure sewer cleaning equipment for municipal pipe networks water supply and drainage pipelines;","og_url":"https:\/\/panwinjet.com\/es\/producto\/uhp-hydro-jetting-blasting-1500-1800bar-rupture-disc-16mm\/","og_site_name":"Panwin Machinery&amp;Equipment","article_modified_time":"2025-10-09T04:00:12+00:00","og_image":[{"width":2560,"height":1152,"url":"https:\/\/panwinjet.com\/wp-content\/uploads\/2025\/09\/18K-Rupture-Disc-3-scaled.jpg","type":"image\/jpeg"}],"twitter_card":"summary_large_image","twitter_misc":{"Tiempo de lectura":"2 minutos"},"schema":{"@context":"https:\/\/schema.org","@graph":[{"@type":"WebPage","@id":"https:\/\/panwinjet.com\/product\/uhp-hydro-jetting-blasting-1500-1800bar-rupture-disc-16mm\/","url":"https:\/\/panwinjet.com\/product\/uhp-hydro-jetting-blasting-1500-1800bar-rupture-disc-16mm\/","name":"UHP Hydro-Jetting Blasting 1500-1800Bar Rupture Disc 16mm - Panwin Machinery&amp;Equipment","isPartOf":{"@id":"https:\/\/panwinjet.com\/#website"},"primaryImageOfPage":{"@id":"https:\/\/panwinjet.com\/product\/uhp-hydro-jetting-blasting-1500-1800bar-rupture-disc-16mm\/#primaryimage"},"image":{"@id":"https:\/\/panwinjet.com\/product\/uhp-hydro-jetting-blasting-1500-1800bar-rupture-disc-16mm\/#primaryimage"},"thumbnailUrl":"https:\/\/panwinjet.com\/wp-content\/uploads\/2025\/09\/18K-Rupture-Disc-3-scaled.jpg","datePublished":"2025-09-22T16:20:57+00:00","dateModified":"2025-10-09T04:00:12+00:00","breadcrumb":{"@id":"https:\/\/panwinjet.com\/product\/uhp-hydro-jetting-blasting-1500-1800bar-rupture-disc-16mm\/#breadcrumb"},"inLanguage":"es","potentialAction":[{"@type":"ReadAction","target":["https:\/\/panwinjet.com\/product\/uhp-hydro-jetting-blasting-1500-1800bar-rupture-disc-16mm\/"]}]},{"@type":"ImageObject","inLanguage":"es","@id":"https:\/\/panwinjet.com\/product\/uhp-hydro-jetting-blasting-1500-1800bar-rupture-disc-16mm\/#primaryimage","url":"https:\/\/panwinjet.com\/wp-content\/uploads\/2025\/09\/18K-Rupture-Disc-3-scaled.jpg","contentUrl":"https:\/\/panwinjet.com\/wp-content\/uploads\/2025\/09\/18K-Rupture-Disc-3-scaled.jpg","width":2560,"height":1152},{"@type":"BreadcrumbList","@id":"https:\/\/panwinjet.com\/product\/uhp-hydro-jetting-blasting-1500-1800bar-rupture-disc-16mm\/#breadcrumb","itemListElement":[{"@type":"ListItem","position":1,"name":"\u9996\u9875","item":"https:\/\/panwinjet.com\/"},{"@type":"ListItem","position":2,"name":"PRODUCT","item":"https:\/\/panwinjet.com\/product\/"},{"@type":"ListItem","position":3,"name":"UHP Hydro-Jetting Blasting 1500-1800Bar Rupture Disc 16mm"}]},{"@type":"WebSite","@id":"https:\/\/panwinjet.com\/#website","url":"https:\/\/panwinjet.com\/","name":"Panwin Machinery&amp;Equipment","description":"Shenzhen Panwin Machinery&amp;Equipment Co.Ltd","potentialAction":[{"@type":"SearchAction","target":{"@type":"EntryPoint","urlTemplate":"https:\/\/panwinjet.com\/?s={search_term_string}"},"query-input":{"@type":"PropertyValueSpecification","valueRequired":true,"valueName":"search_term_string"}}],"inLanguage":"es"}]}},"_links":{"self":[{"href":"https:\/\/panwinjet.com\/es\/wp-json\/wp\/v2\/product\/1290","targetHints":{"allow":["GET"]}}],"collection":[{"href":"https:\/\/panwinjet.com\/es\/wp-json\/wp\/v2\/product"}],"about":[{"href":"https:\/\/panwinjet.com\/es\/wp-json\/wp\/v2\/types\/product"}],"wp:featuredmedia":[{"embeddable":true,"href":"https:\/\/panwinjet.com\/es\/wp-json\/wp\/v2\/media\/1292"}],"wp:attachment":[{"href":"https:\/\/panwinjet.com\/es\/wp-json\/wp\/v2\/media?parent=1290"}],"wp:term":[{"taxonomy":"product_brand","embeddable":true,"href":"https:\/\/panwinjet.com\/es\/wp-json\/wp\/v2\/product_brand?post=1290"},{"taxonomy":"product_cat","embeddable":true,"href":"https:\/\/panwinjet.com\/es\/wp-json\/wp\/v2\/product_cat?post=1290"},{"taxonomy":"product_tag","embeddable":true,"href":"https:\/\/panwinjet.com\/es\/wp-json\/wp\/v2\/product_tag?post=1290"}],"curies":[{"name":"wp","href":"https:\/\/api.w.org\/{rel}","templated":true}]}}