{"id":1280,"date":"2025-09-22T12:59:02","date_gmt":"2025-09-22T12:59:02","guid":{"rendered":"https:\/\/panwinjet.com\/?post_type=product&#038;p=1280"},"modified":"2025-09-22T12:59:05","modified_gmt":"2025-09-22T12:59:05","slug":"2800bar-40k-uhp-bjv-bjve-adjustable-hydro-jetting-tube-pipe-cleaning-centralizer-straight-pipe","status":"publish","type":"product","link":"https:\/\/panwinjet.com\/es\/producto\/2800bar-40k-uhp-bjv-bjve-adjustable-hydro-jetting-tube-pipe-cleaning-centralizer-straight-pipe\/","title":{"rendered":"Centralizador de limpieza de tuber\u00edas con chorro de agua ajustable BJV\/BJVE de 2800 bar y 40 000 UHP para tuber\u00edas rectas"},"content":{"rendered":"<p><strong><b>Introducci\u00f3n de <\/b><\/strong><strong><b>2800 bar 40 000 UHP<\/b><\/strong><strong><b>\u00a0BJV\/BJVE Ajustable<\/b><\/strong><strong><b>\u00a0Limpieza de tubos con chorro de agua a presi\u00f3n <\/b><\/strong><strong><b>Centralizador<\/b><\/strong><strong><b>&#8211;<\/b><\/strong><strong><b>Tubo recto<\/b><\/strong><strong><b>\u00a0<\/b><\/strong><\/p>\n<p><strong><b>2800 bar 40 000 UHP<\/b><\/strong><strong><b>\u00a0BJV\/BJVE Ajustable<\/b><\/strong><strong><b>\u00a0Limpieza de tubos con chorro de agua a presi\u00f3n <\/b><\/strong><strong><b>Centralizador<\/b><\/strong><strong><b>&#8211;<\/b><\/strong><strong><b>Tubo recto<\/b><\/strong><\/p>\n<p><strong><b>2800 bar 40 000 UHP<\/b><\/strong><strong><b>\u00a0BJV\/BJVE Ajustable<\/b><\/strong><strong><b>\u00a0Limpieza de tubos con chorro de agua a presi\u00f3n <\/b><\/strong><strong><b>Centralizador<\/b><\/strong>\u00a0Ayuda a proteger la herramienta de hidrolavado UHP, BJV BJVE 4&#039;&#039; Badger 6&#039;&#039; Badger, etc., a medida que pasa por la tuber\u00eda y equilibra la distancia de separaci\u00f3n del chorro para una limpieza m\u00e1s uniforme y mejora la eficiencia de limpieza.<\/p>\n<div style=\"width: 720px;\" class=\"wp-video\"><video class=\"wp-video-shortcode\" id=\"video-1280-1\" width=\"720\" height=\"1280\" preload=\"metadata\" controls=\"controls\"><source type=\"video\/mp4\" src=\"https:\/\/panwinjet.com\/wp-content\/uploads\/2025\/09\/Centerizer-Demo-3.mp4?_=1\" \/><a href=\"https:\/\/panwinjet.com\/wp-content\/uploads\/2025\/09\/Centerizer-Demo-3.mp4\">https:\/\/panwinjet.com\/wp-content\/uploads\/2025\/09\/Centerizer-Demo-3.mp4<\/a><\/video><\/div>\n<p>En los casos en que el tama\u00f1o de la tuber\u00eda sea superior a 1,5 veces el di\u00e1metro de las herramientas de chorro de agua UHP como BJV Badger 4&#039;&#039; y Badger 6&#039;&#039;, . <strong><b>2800 bar 40 000 UHP<\/b><\/strong><strong><b>\u00a0BJV\/BJVE Ajustable<\/b><\/strong><strong><b>\u00a0Limpieza de tubos con chorro de agua a presi\u00f3n <\/b><\/strong><strong><b>Centralizador<\/b><\/strong><strong><b>&#8211;<\/b><\/strong><strong><b>Tubo recto<\/b><\/strong><strong><b>\u00a0<\/b><\/strong>El centralizador es un importante dispositivo de seguridad que impide que la herramienta gire y salga disparada hacia atr\u00e1s de la tuber\u00eda.<\/p>\n<p><img decoding=\"async\" class=\"alignleft size-medium wp-image-1288 lazyload\" data-src=\"https:\/\/panwinjet.com\/wp-content\/uploads\/2025\/09\/Centerizer-Tube-Demo-1-281x500.jpg\" alt=\"\" width=\"281\" height=\"500\" data-srcset=\"https:\/\/panwinjet.com\/wp-content\/uploads\/2025\/09\/Centerizer-Tube-Demo-1-281x500.jpg 281w, https:\/\/panwinjet.com\/wp-content\/uploads\/2025\/09\/Centerizer-Tube-Demo-1-675x1200.jpg 675w, https:\/\/panwinjet.com\/wp-content\/uploads\/2025\/09\/Centerizer-Tube-Demo-1-169x300.jpg 169w, https:\/\/panwinjet.com\/wp-content\/uploads\/2025\/09\/Centerizer-Tube-Demo-1-768x1365.jpg 768w, https:\/\/panwinjet.com\/wp-content\/uploads\/2025\/09\/Centerizer-Tube-Demo-1-864x1536.jpg 864w, https:\/\/panwinjet.com\/wp-content\/uploads\/2025\/09\/Centerizer-Tube-Demo-1-42x75.jpg 42w, https:\/\/panwinjet.com\/wp-content\/uploads\/2025\/09\/Centerizer-Tube-Demo-1-480x853.jpg 480w, https:\/\/panwinjet.com\/wp-content\/uploads\/2025\/09\/Centerizer-Tube-Demo-1-800x1421.jpg 800w, https:\/\/panwinjet.com\/wp-content\/uploads\/2025\/09\/Centerizer-Tube-Demo-1.jpg 1080w\" data-sizes=\"(max-width:767px) 281px, 281px\" src=\"data:image\/svg+xml;base64,PHN2ZyB3aWR0aD0iMSIgaGVpZ2h0PSIxIiB4bWxucz0iaHR0cDovL3d3dy53My5vcmcvMjAwMC9zdmciPjwvc3ZnPg==\" style=\"--smush-placeholder-width: 281px; --smush-placeholder-aspect-ratio: 281\/500;\" \/><\/p>\n<p>&nbsp;<\/p>\n<p><strong><b>Par\u00e1metro (Especificaci\u00f3n) del centralizador de limpieza de tuber\u00edas con chorro de agua ajustable BJV\/BJVE de 2800 bar y 40 000 UHP para tuber\u00edas rectas<\/b><\/strong><\/p>\n<p>El centralizador de limpieza de tuber\u00edas con chorro de agua ajustable BJV\/BJVE de 2800 bar y 40 000 UHP para tuber\u00edas rectas tiene una presi\u00f3n nominal de hasta 3033 bar y la conexi\u00f3n de entrada en ambos extremos es variada y opcional:<\/p>\n<p>Rango de presi\u00f3n: 10-44k psi \/ 689-3033 bar<\/p>\n<p>Conexi\u00f3n de entrada<\/p>\n<p>1\u2033 NPT (P16), prensaestopas y collar de 3\/4\u2033 3\/4-14 NPSM (MP12), 3\/4\u2033 NPT (P12), prensaestopas y collar de 9\/16\u2033 1-1\/8-12 (H9), M24 x 1-1\/2\u2033 (M24)<\/p>","protected":false},"excerpt":{"rendered":"<p><strong><b>Caracter\u00edsticas y aplicaciones de <\/b><\/strong><strong><b>\u00a0<\/b><\/strong><strong><b>Centralizador de limpieza de tuber\u00edas con chorro de agua ajustable BJV\/BJVE de 2800 bar y 40 000 UHP para tuber\u00edas rectas<\/b><\/strong><\/p>\n<p>Este\u00a0<strong><b>\u00a0<\/b><\/strong><strong><b>Centralizador de limpieza de tuber\u00edas con chorro de agua ajustable BJV\/BJVE de 2800 bar y 40 000 UHP<\/b><\/strong><strong><b>\u00a0es para <\/b><\/strong><strong><b>Tubo recto<\/b><\/strong><strong><b>\u00a0Adem\u00e1s, es vers\u00e1til para diferentes di\u00e1metros de tubo y condiciones de trabajo, lo que la convierte en una herramienta vers\u00e1til y de alta eficiencia. <\/b><\/strong><\/p>\n<p>Caracter\u00edsticas del centralizador<\/p>\n<ol>\n<li>M\u00faltiples estilos y tama\u00f1os para adaptarse al tama\u00f1o del tubo de limpieza del objeto y a las condiciones de trabajo.<\/li>\n<li>Optimizaci\u00f3n de la limpieza con chorro de agua a alta presi\u00f3n para tuber\u00edas de peque\u00f1o a gran tama\u00f1o.<\/li>\n<\/ol>\n<p>&nbsp;<\/p>\n<p><strong><b>Centralizador de limpieza de tuber\u00edas con chorro de agua ajustable BJV\/BJVE de 2800 bar y 40 000 UHP para tuber\u00edas rectas<\/b><\/strong>\u00a0puede utilizarse ampliamente en aplicaciones como<\/p>\n<p>Industria de la construcci\u00f3n con chorro de agua a ultra alta presi\u00f3n<\/p>\n<p>Chorro de agua a presi\u00f3n por agua para la industria del hierro, el acero y los metales<\/p>\n<p>Ingenier\u00eda mec\u00e1nica y de aparatos para hidrolavadoras de alta presi\u00f3n<\/p>\n<p>Industria del cemento y el hormig\u00f3n<\/p>\n<p>Limpieza de superficies con barracuda de alta presi\u00f3n<\/p>\n<p>Piezas para equipos de limpieza UHP Hydro Jet<\/p>\n<p>Barras pulverizadoras de limpieza industrial<\/p>\n<p>M\u00e1quina de hidrolavado para la industria de refinaci\u00f3n de petr\u00f3leo<\/p>\n<p>Limpieza de superficies con chorro de agua a presi\u00f3n, limpieza de tanques y recipientes.<\/p>\n<p>Limpieza del intercambiador de calor,<\/p>\n<p>Limpieza de pintura de autom\u00f3viles, limpieza de la industria minera, limpieza de f\u00e1bricas de acero, etc.<\/p>\n<p>Equipos de limpieza de alcantarillado de alta presi\u00f3n para redes de tuber\u00edas municipales de suministro de agua y drenaje;<\/p>","protected":false},"featured_media":1288,"template":"","meta":[],"product_brand":[],"product_cat":[10,11],"product_tag":[29],"class_list":{"0":"post-1280","1":"product","2":"type-product","3":"status-publish","4":"has-post-thumbnail","6":"product_cat-pipeline-tube-uhp-water-blasting-cleaning-device","7":"product_cat-ship-cleaning-device","8":"product_tag-bjv-bjve-adjustable-hydro-jetting","10":"first","11":"instock","12":"shipping-taxable","13":"product-type-simple"},"yoast_head":"<!-- This site is optimized with the Yoast SEO plugin v24.9 - https:\/\/yoast.com\/wordpress\/plugins\/seo\/ -->\n<title>2800Bar 40K UHP BJV\/BJVE Adjustable Hydro-Jetting Tube Pipe Cleaning Centralizer-Straight Pipe - Panwin Machinery&amp;Equipment<\/title>\n<meta name=\"robots\" content=\"index, follow, max-snippet:-1, max-image-preview:large, max-video-preview:-1\" \/>\n<link rel=\"canonical\" href=\"https:\/\/panwinjet.com\/es\/producto\/2800bar-40k-uhp-bjv-bjve-adjustable-hydro-jetting-tube-pipe-cleaning-centralizer-straight-pipe\/\" \/>\n<meta property=\"og:locale\" content=\"es_ES\" \/>\n<meta property=\"og:type\" content=\"article\" \/>\n<meta property=\"og:title\" content=\"2800Bar 40K UHP BJV\/BJVE Adjustable Hydro-Jetting Tube Pipe Cleaning Centralizer-Straight Pipe - Panwin Machinery&amp;Equipment\" \/>\n<meta property=\"og:description\" content=\"Feature And Application of \u00a02800Bar 40K UHP BJV\/BJVE Adjustable Hydro-Jetting Tube Pipe Cleaning Centralizer-Straight Pipe  This\u00a0\u00a02800Bar 40K UHP BJV\/BJVE Adjustable Hydro-Jetting Tube Pipe Cleaning Centralizer\u00a0is for Straight Pipe\u00a0and it is versatile for different Tube diameter and working condition, it is features versatility and high-efficiency.   The Centralizer Features   Multiple styles and sizes to suit your tube clean object tube size and working condition.  Optimize UHP Blasting-jet cleaning for small to very large pipes.  &nbsp;  2800Bar 40K UHP BJV\/BJVE Adjustable Hydro-Jetting Tube Pipe Cleaning Centralizer-Straight Pipe\u00a0can be widely used in Application\u00a0such as  UHP Water Blasting Construction Industry  Hydro Jet blaster Iron, Steel And Metal Industry  high pressure waterblaster\u00a0Mechanical\u00a0and Apparatus Engineering  Cements and Concrete Industry  high pressure barracuda\u00a0Surface cleaning  UHP hydro Jet cleaning equipment parts  Industrial Cleaning Spray Bars  hydro blasting machine\u00a0for petroleum refining industry  Hydro Jet Surface Cleaning,Tank&amp;Vessel Cleaning,  Heat Exchange Cleaning,  Automotive Painting cleaning Mining industry cleaning Steel manufacture cleaning etc.  High pressure sewer cleaning equipment\u00a0for municipal pipe networks\u00a0water supply and drainage pipelines;\" \/>\n<meta property=\"og:url\" content=\"https:\/\/panwinjet.com\/es\/producto\/2800bar-40k-uhp-bjv-bjve-adjustable-hydro-jetting-tube-pipe-cleaning-centralizer-straight-pipe\/\" \/>\n<meta property=\"og:site_name\" content=\"Panwin Machinery&amp;Equipment\" \/>\n<meta property=\"article:modified_time\" content=\"2025-09-22T12:59:05+00:00\" \/>\n<meta property=\"og:image\" content=\"https:\/\/panwinjet.com\/wp-content\/uploads\/2025\/09\/Centerizer-Tube-Demo-1.jpg\" \/>\n\t<meta property=\"og:image:width\" content=\"1080\" \/>\n\t<meta property=\"og:image:height\" content=\"1919\" \/>\n\t<meta property=\"og:image:type\" content=\"image\/jpeg\" \/>\n<meta name=\"twitter:card\" content=\"summary_large_image\" \/>\n<meta name=\"twitter:label1\" content=\"Tiempo de lectura\" \/>\n\t<meta name=\"twitter:data1\" content=\"2 minutos\" \/>\n<script type=\"application\/ld+json\" class=\"yoast-schema-graph\">{\"@context\":\"https:\/\/schema.org\",\"@graph\":[{\"@type\":\"WebPage\",\"@id\":\"https:\/\/panwinjet.com\/product\/2800bar-40k-uhp-bjv-bjve-adjustable-hydro-jetting-tube-pipe-cleaning-centralizer-straight-pipe\/\",\"url\":\"https:\/\/panwinjet.com\/product\/2800bar-40k-uhp-bjv-bjve-adjustable-hydro-jetting-tube-pipe-cleaning-centralizer-straight-pipe\/\",\"name\":\"2800Bar 40K UHP BJV\/BJVE Adjustable Hydro-Jetting Tube Pipe Cleaning Centralizer-Straight Pipe - Panwin Machinery&amp;Equipment\",\"isPartOf\":{\"@id\":\"https:\/\/panwinjet.com\/#website\"},\"primaryImageOfPage\":{\"@id\":\"https:\/\/panwinjet.com\/product\/2800bar-40k-uhp-bjv-bjve-adjustable-hydro-jetting-tube-pipe-cleaning-centralizer-straight-pipe\/#primaryimage\"},\"image\":{\"@id\":\"https:\/\/panwinjet.com\/product\/2800bar-40k-uhp-bjv-bjve-adjustable-hydro-jetting-tube-pipe-cleaning-centralizer-straight-pipe\/#primaryimage\"},\"thumbnailUrl\":\"https:\/\/panwinjet.com\/wp-content\/uploads\/2025\/09\/Centerizer-Tube-Demo-1.jpg\",\"datePublished\":\"2025-09-22T12:59:02+00:00\",\"dateModified\":\"2025-09-22T12:59:05+00:00\",\"breadcrumb\":{\"@id\":\"https:\/\/panwinjet.com\/product\/2800bar-40k-uhp-bjv-bjve-adjustable-hydro-jetting-tube-pipe-cleaning-centralizer-straight-pipe\/#breadcrumb\"},\"inLanguage\":\"es\",\"potentialAction\":[{\"@type\":\"ReadAction\",\"target\":[\"https:\/\/panwinjet.com\/product\/2800bar-40k-uhp-bjv-bjve-adjustable-hydro-jetting-tube-pipe-cleaning-centralizer-straight-pipe\/\"]}]},{\"@type\":\"ImageObject\",\"inLanguage\":\"es\",\"@id\":\"https:\/\/panwinjet.com\/product\/2800bar-40k-uhp-bjv-bjve-adjustable-hydro-jetting-tube-pipe-cleaning-centralizer-straight-pipe\/#primaryimage\",\"url\":\"https:\/\/panwinjet.com\/wp-content\/uploads\/2025\/09\/Centerizer-Tube-Demo-1.jpg\",\"contentUrl\":\"https:\/\/panwinjet.com\/wp-content\/uploads\/2025\/09\/Centerizer-Tube-Demo-1.jpg\",\"width\":1080,\"height\":1919},{\"@type\":\"BreadcrumbList\",\"@id\":\"https:\/\/panwinjet.com\/product\/2800bar-40k-uhp-bjv-bjve-adjustable-hydro-jetting-tube-pipe-cleaning-centralizer-straight-pipe\/#breadcrumb\",\"itemListElement\":[{\"@type\":\"ListItem\",\"position\":1,\"name\":\"\u9996\u9875\",\"item\":\"https:\/\/panwinjet.com\/\"},{\"@type\":\"ListItem\",\"position\":2,\"name\":\"PRODUCT\",\"item\":\"https:\/\/panwinjet.com\/product\/\"},{\"@type\":\"ListItem\",\"position\":3,\"name\":\"2800Bar 40K UHP BJV\/BJVE Adjustable Hydro-Jetting Tube Pipe Cleaning Centralizer-Straight Pipe\"}]},{\"@type\":\"WebSite\",\"@id\":\"https:\/\/panwinjet.com\/#website\",\"url\":\"https:\/\/panwinjet.com\/\",\"name\":\"Panwin Machinery&amp;Equipment\",\"description\":\"Shenzhen Panwin Machinery&amp;Equipment Co.Ltd\",\"potentialAction\":[{\"@type\":\"SearchAction\",\"target\":{\"@type\":\"EntryPoint\",\"urlTemplate\":\"https:\/\/panwinjet.com\/?s={search_term_string}\"},\"query-input\":{\"@type\":\"PropertyValueSpecification\",\"valueRequired\":true,\"valueName\":\"search_term_string\"}}],\"inLanguage\":\"es\"}]}<\/script>\n<!-- \/ Yoast SEO plugin. -->","yoast_head_json":{"title":"2800Bar 40K UHP BJV\/BJVE Adjustable Hydro-Jetting Tube Pipe Cleaning Centralizer-Straight Pipe - Panwin Machinery&amp;Equipment","robots":{"index":"index","follow":"follow","max-snippet":"max-snippet:-1","max-image-preview":"max-image-preview:large","max-video-preview":"max-video-preview:-1"},"canonical":"https:\/\/panwinjet.com\/es\/producto\/2800bar-40k-uhp-bjv-bjve-adjustable-hydro-jetting-tube-pipe-cleaning-centralizer-straight-pipe\/","og_locale":"es_ES","og_type":"article","og_title":"2800Bar 40K UHP BJV\/BJVE Adjustable Hydro-Jetting Tube Pipe Cleaning Centralizer-Straight Pipe - Panwin Machinery&amp;Equipment","og_description":"Feature And Application of \u00a02800Bar 40K UHP BJV\/BJVE Adjustable Hydro-Jetting Tube Pipe Cleaning Centralizer-Straight Pipe  This\u00a0\u00a02800Bar 40K UHP BJV\/BJVE Adjustable Hydro-Jetting Tube Pipe Cleaning Centralizer\u00a0is for Straight Pipe\u00a0and it is versatile for different Tube diameter and working condition, it is features versatility and high-efficiency.   The Centralizer Features   Multiple styles and sizes to suit your tube clean object tube size and working condition.  Optimize UHP Blasting-jet cleaning for small to very large pipes.  &nbsp;  2800Bar 40K UHP BJV\/BJVE Adjustable Hydro-Jetting Tube Pipe Cleaning Centralizer-Straight Pipe\u00a0can be widely used in Application\u00a0such as  UHP Water Blasting Construction Industry  Hydro Jet blaster Iron, Steel And Metal Industry  high pressure waterblaster\u00a0Mechanical\u00a0and Apparatus Engineering  Cements and Concrete Industry  high pressure barracuda\u00a0Surface cleaning  UHP hydro Jet cleaning equipment parts  Industrial Cleaning Spray Bars  hydro blasting machine\u00a0for petroleum refining industry  Hydro Jet Surface Cleaning,Tank&amp;Vessel Cleaning,  Heat Exchange Cleaning,  Automotive Painting cleaning Mining industry cleaning Steel manufacture cleaning etc.  High pressure sewer cleaning equipment\u00a0for municipal pipe networks\u00a0water supply and drainage pipelines;","og_url":"https:\/\/panwinjet.com\/es\/producto\/2800bar-40k-uhp-bjv-bjve-adjustable-hydro-jetting-tube-pipe-cleaning-centralizer-straight-pipe\/","og_site_name":"Panwin Machinery&amp;Equipment","article_modified_time":"2025-09-22T12:59:05+00:00","og_image":[{"width":1080,"height":1919,"url":"https:\/\/panwinjet.com\/wp-content\/uploads\/2025\/09\/Centerizer-Tube-Demo-1.jpg","type":"image\/jpeg"}],"twitter_card":"summary_large_image","twitter_misc":{"Tiempo de lectura":"2 minutos"},"schema":{"@context":"https:\/\/schema.org","@graph":[{"@type":"WebPage","@id":"https:\/\/panwinjet.com\/product\/2800bar-40k-uhp-bjv-bjve-adjustable-hydro-jetting-tube-pipe-cleaning-centralizer-straight-pipe\/","url":"https:\/\/panwinjet.com\/product\/2800bar-40k-uhp-bjv-bjve-adjustable-hydro-jetting-tube-pipe-cleaning-centralizer-straight-pipe\/","name":"2800Bar 40K UHP BJV\/BJVE Adjustable Hydro-Jetting Tube Pipe Cleaning Centralizer-Straight Pipe - Panwin Machinery&amp;Equipment","isPartOf":{"@id":"https:\/\/panwinjet.com\/#website"},"primaryImageOfPage":{"@id":"https:\/\/panwinjet.com\/product\/2800bar-40k-uhp-bjv-bjve-adjustable-hydro-jetting-tube-pipe-cleaning-centralizer-straight-pipe\/#primaryimage"},"image":{"@id":"https:\/\/panwinjet.com\/product\/2800bar-40k-uhp-bjv-bjve-adjustable-hydro-jetting-tube-pipe-cleaning-centralizer-straight-pipe\/#primaryimage"},"thumbnailUrl":"https:\/\/panwinjet.com\/wp-content\/uploads\/2025\/09\/Centerizer-Tube-Demo-1.jpg","datePublished":"2025-09-22T12:59:02+00:00","dateModified":"2025-09-22T12:59:05+00:00","breadcrumb":{"@id":"https:\/\/panwinjet.com\/product\/2800bar-40k-uhp-bjv-bjve-adjustable-hydro-jetting-tube-pipe-cleaning-centralizer-straight-pipe\/#breadcrumb"},"inLanguage":"es","potentialAction":[{"@type":"ReadAction","target":["https:\/\/panwinjet.com\/product\/2800bar-40k-uhp-bjv-bjve-adjustable-hydro-jetting-tube-pipe-cleaning-centralizer-straight-pipe\/"]}]},{"@type":"ImageObject","inLanguage":"es","@id":"https:\/\/panwinjet.com\/product\/2800bar-40k-uhp-bjv-bjve-adjustable-hydro-jetting-tube-pipe-cleaning-centralizer-straight-pipe\/#primaryimage","url":"https:\/\/panwinjet.com\/wp-content\/uploads\/2025\/09\/Centerizer-Tube-Demo-1.jpg","contentUrl":"https:\/\/panwinjet.com\/wp-content\/uploads\/2025\/09\/Centerizer-Tube-Demo-1.jpg","width":1080,"height":1919},{"@type":"BreadcrumbList","@id":"https:\/\/panwinjet.com\/product\/2800bar-40k-uhp-bjv-bjve-adjustable-hydro-jetting-tube-pipe-cleaning-centralizer-straight-pipe\/#breadcrumb","itemListElement":[{"@type":"ListItem","position":1,"name":"\u9996\u9875","item":"https:\/\/panwinjet.com\/"},{"@type":"ListItem","position":2,"name":"PRODUCT","item":"https:\/\/panwinjet.com\/product\/"},{"@type":"ListItem","position":3,"name":"2800Bar 40K UHP BJV\/BJVE Adjustable Hydro-Jetting Tube Pipe Cleaning Centralizer-Straight Pipe"}]},{"@type":"WebSite","@id":"https:\/\/panwinjet.com\/#website","url":"https:\/\/panwinjet.com\/","name":"Panwin Machinery&amp;Equipment","description":"Shenzhen Panwin Machinery&amp;Equipment Co.Ltd","potentialAction":[{"@type":"SearchAction","target":{"@type":"EntryPoint","urlTemplate":"https:\/\/panwinjet.com\/?s={search_term_string}"},"query-input":{"@type":"PropertyValueSpecification","valueRequired":true,"valueName":"search_term_string"}}],"inLanguage":"es"}]}},"_links":{"self":[{"href":"https:\/\/panwinjet.com\/es\/wp-json\/wp\/v2\/product\/1280","targetHints":{"allow":["GET"]}}],"collection":[{"href":"https:\/\/panwinjet.com\/es\/wp-json\/wp\/v2\/product"}],"about":[{"href":"https:\/\/panwinjet.com\/es\/wp-json\/wp\/v2\/types\/product"}],"wp:featuredmedia":[{"embeddable":true,"href":"https:\/\/panwinjet.com\/es\/wp-json\/wp\/v2\/media\/1288"}],"wp:attachment":[{"href":"https:\/\/panwinjet.com\/es\/wp-json\/wp\/v2\/media?parent=1280"}],"wp:term":[{"taxonomy":"product_brand","embeddable":true,"href":"https:\/\/panwinjet.com\/es\/wp-json\/wp\/v2\/product_brand?post=1280"},{"taxonomy":"product_cat","embeddable":true,"href":"https:\/\/panwinjet.com\/es\/wp-json\/wp\/v2\/product_cat?post=1280"},{"taxonomy":"product_tag","embeddable":true,"href":"https:\/\/panwinjet.com\/es\/wp-json\/wp\/v2\/product_tag?post=1280"}],"curies":[{"name":"wp","href":"https:\/\/api.w.org\/{rel}","templated":true}]}}