{"id":1267,"date":"2025-09-22T08:25:55","date_gmt":"2025-09-22T08:25:55","guid":{"rendered":"https:\/\/panwinjet.com\/?post_type=product&#038;p=1267"},"modified":"2025-09-22T08:25:56","modified_gmt":"2025-09-22T08:25:56","slug":"excellent-quality-22kpsi-uhp-pressure-water-jet-cleaning-machine-4-badger-bent-pipe-tube-cleaning-nozzle","status":"publish","type":"product","link":"https:\/\/panwinjet.com\/es\/producto\/excellent-quality-22kpsi-uhp-pressure-water-jet-cleaning-machine-4-badger-bent-pipe-tube-cleaning-nozzle\/","title":{"rendered":"M\u00e1quina de limpieza con chorro de agua a presi\u00f3n UHP de 22 kpsi de excelente calidad. Boquilla de limpieza para tubos Badger Bent de 4&quot;."},"content":{"rendered":"<p><b><\/b><strong><b>Par\u00e1metros (especificaci\u00f3n) de la m\u00e1quina de limpieza por chorro de agua a presi\u00f3n UHP de 22 kpsi de excelente calidad con boquilla de limpieza de tubos doblados Badger de 4\u2033<\/b><\/strong><\/p>\n<p><strong><b>Estas boquillas de limpieza de tuber\u00edas curvas de 4 pulgadas con piezas de m\u00e1quina de limpieza con chorro de agua tienen una presi\u00f3n de funcionamiento m\u00e1xima de 22000 psi, un caudal m\u00e1ximo de 40 gpm, una gran potencia de pulverizaci\u00f3n y un gran caudal para las 4<\/b><\/strong><strong><b>&#039;&#039;<\/b><\/strong><strong><b>\u00a0Limpieza de tuber\u00edas dobladas.<\/b><\/strong><\/p>\n<p>&nbsp;<\/p>\n<p><strong><b>\u00a0<\/b><\/strong><\/p>\n<p><b><\/b><strong><b><img decoding=\"async\" class=\"alignleft size-medium wp-image-1276 lazyload\" data-src=\"https:\/\/panwinjet.com\/wp-content\/uploads\/2025\/09\/4in-Bend-Pipe-Nozzles-500x465.png\" alt=\"\" width=\"500\" height=\"465\" data-srcset=\"https:\/\/panwinjet.com\/wp-content\/uploads\/2025\/09\/4in-Bend-Pipe-Nozzles-500x465.png 500w, https:\/\/panwinjet.com\/wp-content\/uploads\/2025\/09\/4in-Bend-Pipe-Nozzles-300x279.png 300w, https:\/\/panwinjet.com\/wp-content\/uploads\/2025\/09\/4in-Bend-Pipe-Nozzles-81x75.png 81w, https:\/\/panwinjet.com\/wp-content\/uploads\/2025\/09\/4in-Bend-Pipe-Nozzles-480x446.png 480w, https:\/\/panwinjet.com\/wp-content\/uploads\/2025\/09\/4in-Bend-Pipe-Nozzles.png 628w\" data-sizes=\"(max-width:767px) 480px, 500px\" src=\"data:image\/svg+xml;base64,PHN2ZyB3aWR0aD0iMSIgaGVpZ2h0PSIxIiB4bWxucz0iaHR0cDovL3d3dy53My5vcmcvMjAwMC9zdmciPjwvc3ZnPg==\" style=\"--smush-placeholder-width: 500px; --smush-placeholder-aspect-ratio: 500\/465;\" \/><strong><b> Caracter\u00edsticas y aplicaciones de<\/b><\/strong><b><\/b><strong><b>M\u00e1quina de limpieza con chorro de agua a presi\u00f3n UHP de 22 kpsi de excelente calidad. Boquilla de limpieza para tubos Badger Bent de 4&quot;.<\/b><\/strong><\/b><\/strong><\/p>\n<p>Nosotros, Panwin, le vendemos boquillas para m\u00e1quina de limpieza de tuber\u00edas curvas de 4 pulgadas con chorro de agua a presi\u00f3n de 20000 psi de excelente calidad que tienen muchas ventajas y caracter\u00edsticas como las siguientes:<\/p>\n<p>1: Rendimiento de limpieza integral.<\/p>\n<p>Esta boquilla autorrotativa para limpieza de tuber\u00edas hidr\u00e1ulicas est\u00e1 dise\u00f1ada para facilitar el acceso y la limpieza de tuber\u00edas curvas de 90\u00b0 de 6 pulgadas y tiene chorros frontales, laterales y traseros que eliminan los bloqueos.<\/p>\n<p>Empuja para impulsar la herramienta por la tuber\u00eda para obtener m\u00e1xima potencia de limpieza y m\u00ednimo desgaste.<\/p>\n<p>&nbsp;<\/p>\n<p>2: El agua proporciona un movimiento de autorrotaci\u00f3n, sin necesidad de aceite ni cojinetes de bolas.<\/p>\n<p>El agua fluyente proporciona el movimiento de rotaci\u00f3n y crea el cojinete sobre el que giran las boquillas. \u00a1Sin aceite ni cojinetes de bolas que reemplazar!<\/p>\n<p>3: Boquillas de inserci\u00f3n multipuerto para limpieza de 360 grados.<br \/>\nEquipado con dos puertos orientados hacia adelante a 10\u00b0 y dos a 45\u00b0, dos puertos radiales a 100\u00b0 y dos puertos orientados hacia atr\u00e1s a 135\u00b0 que aceptan dos tipos de boquillas disponibles opcionalmente.<\/p>\n<p>4: Control de velocidad, limpieza potente y m\u00ednimo desgaste.<\/p>\n<p>Est\u00e1 dise\u00f1ado con un sistema de frenado por corrientes de Foucault que controla la velocidad de rotaci\u00f3n para lograr m\u00e1xima potencia de limpieza y m\u00ednimo desgaste.<\/p>\n<p>5: F\u00e1cil servicio.<\/p>\n<p>Esta boquilla de limpieza de tuber\u00edas curvas de 4\u2033 con m\u00e1quina de limpieza por chorro de agua a presi\u00f3n de 20 kpsi se puede aplicar en muchos procesos de limpieza, como limpieza de tanques y recipientes, limpieza de tuber\u00edas y tubos, etc., y particularmente en la tuber\u00eda doblada de 4 pulgadas, tiene ventajas bastante incomparables.<\/p>\n<p><b><\/b><strong><b>Detalles de<\/b><\/strong><b><\/b><strong><b>M\u00e1quina de limpieza con chorro de agua a presi\u00f3n UHP de 22 kpsi de excelente calidad. Boquilla de limpieza para tubos Badger Bent de 4&quot;.<\/b><\/strong><\/p>\n<p><strong><b>M\u00e1quina de limpieza por chorro de agua a presi\u00f3n UHP de 22 kpsi de excelente calidad, boquilla de limpieza de tubos doblados Badger de 4\u2033, anillo de retenci\u00f3n, tuercas de entrada, anillo de desgaste y conjuntos de cabezal, etc., como se indica a continuaci\u00f3n:<\/b><\/strong><\/p>\n<p><strong><b> <img decoding=\"async\" class=\"alignleft size-medium wp-image-1277 lazyload\" data-src=\"https:\/\/panwinjet.com\/wp-content\/uploads\/2025\/09\/Struction-500x241.png\" alt=\"\" width=\"500\" height=\"241\" data-srcset=\"https:\/\/panwinjet.com\/wp-content\/uploads\/2025\/09\/Struction-500x241.png 500w, https:\/\/panwinjet.com\/wp-content\/uploads\/2025\/09\/Struction-1200x579.png 1200w, https:\/\/panwinjet.com\/wp-content\/uploads\/2025\/09\/Struction-300x145.png 300w, https:\/\/panwinjet.com\/wp-content\/uploads\/2025\/09\/Struction-768x371.png 768w, https:\/\/panwinjet.com\/wp-content\/uploads\/2025\/09\/Struction-150x72.png 150w, https:\/\/panwinjet.com\/wp-content\/uploads\/2025\/09\/Struction-480x232.png 480w, https:\/\/panwinjet.com\/wp-content\/uploads\/2025\/09\/Struction-800x386.png 800w, https:\/\/panwinjet.com\/wp-content\/uploads\/2025\/09\/Struction.png 1225w\" data-sizes=\"(max-width:767px) 480px, 500px\" src=\"data:image\/svg+xml;base64,PHN2ZyB3aWR0aD0iMSIgaGVpZ2h0PSIxIiB4bWxucz0iaHR0cDovL3d3dy53My5vcmcvMjAwMC9zdmciPjwvc3ZnPg==\" style=\"--smush-placeholder-width: 500px; --smush-placeholder-aspect-ratio: 500\/241;\" \/><\/b><\/strong><\/p>\n<p><strong><b>\u00a0<\/b><\/strong><\/p>\n<p><strong><b>\u00a0<\/b><\/strong><\/p>","protected":false},"excerpt":{"rendered":"<p><b><\/b><strong><b>Introducci\u00f3n de la m\u00e1quina de limpieza por chorro de agua a presi\u00f3n UHP de 22 kpsi de excelente calidad con boquilla de limpieza de tubos doblados Badger de 4\u2033<\/b><\/strong><\/p>\n<p><strong><b>M\u00e1quina de limpieza por chorro de agua a presi\u00f3n UHP de 22 kpsi de excelente calidad con boquilla de limpieza de tubos doblados Badger de 4\u2033 <\/b><\/strong><strong><b>Para un f\u00e1cil acceso y limpieza, curva de lavado de 90\u00b0, tubo de 4 pulgadas<\/b><\/strong><strong><b>Cuenta con chorros frontales, laterales y traseros que eliminan obstrucciones. Es una potente herramienta de limpieza de tuber\u00edas para tareas dif\u00edciles en yacimientos petrol\u00edferos, limpieza de tuber\u00edas qu\u00edmicas, etc.<\/b><\/strong><\/p>\n<div style=\"width: 720px;\" class=\"wp-video\"><video class=\"wp-video-shortcode\" id=\"video-1267-1\" width=\"720\" height=\"1270\" preload=\"metadata\" controls=\"controls\"><source type=\"video\/mp4\" src=\"https:\/\/panwinjet.com\/wp-content\/uploads\/2025\/09\/6\u2018-Pipe-Cleaning-Nozzle.mp4?_=1\" \/><a href=\"https:\/\/panwinjet.com\/wp-content\/uploads\/2025\/09\/6&#039;-Boquilla-para-limpieza-de-tuber\u00edas.mp4\">https:\/\/panwinjet.com\/wp-content\/uploads\/2025\/09\/6&#039;-Boquilla-para-limpieza-de-tuber\u00edas.mp4<\/a><\/video><\/div>","protected":false},"featured_media":1268,"template":"","meta":[],"product_brand":[],"product_cat":[5],"product_tag":[28],"class_list":{"0":"post-1267","1":"product","2":"type-product","3":"status-publish","4":"has-post-thumbnail","6":"product_cat-uhp-rotating-nozzles","7":"product_tag-22k-4-badger-tube-pipe-rotary-nozzles","9":"first","10":"instock","11":"shipping-taxable","12":"product-type-simple"},"yoast_head":"<!-- This site is optimized with the Yoast SEO plugin v24.9 - https:\/\/yoast.com\/wordpress\/plugins\/seo\/ -->\n<title>Excellent Quality 22kpsi UHP Pressure Water Jet cleaning machine 4&quot; Badger Bent Pipe Tube Cleaning Nozzle - Panwin Machinery&amp;Equipment<\/title>\n<meta name=\"robots\" content=\"index, follow, max-snippet:-1, max-image-preview:large, max-video-preview:-1\" \/>\n<link rel=\"canonical\" href=\"https:\/\/panwinjet.com\/es\/producto\/excellent-quality-22kpsi-uhp-pressure-water-jet-cleaning-machine-4-badger-bent-pipe-tube-cleaning-nozzle\/\" \/>\n<meta property=\"og:locale\" content=\"es_ES\" \/>\n<meta property=\"og:type\" content=\"article\" \/>\n<meta property=\"og:title\" content=\"Excellent Quality 22kpsi UHP Pressure Water Jet cleaning machine 4&quot; Badger Bent Pipe Tube Cleaning Nozzle - Panwin Machinery&amp;Equipment\" \/>\n<meta property=\"og:description\" content=\"Introduction of Excellent Quality 22kpsi UHP Pressure Water Jet cleaning machine 4&quot; Badger Bent Pipe Tube Cleaning Nozzle  The Excellent Quality 22kpsi UHP Pressure Water Jet cleaning machine 4&quot; Badger Bent Pipe Tube Cleaning Nozzle for easy access and cleaning wash bend 90\u00b04 inch pipe, It has front, side, and rear jets that clear blockages. It is powerful pipe cleaning tool for tough tasks in Oil field, chemical pipe cleaning etc.\" \/>\n<meta property=\"og:url\" content=\"https:\/\/panwinjet.com\/es\/producto\/excellent-quality-22kpsi-uhp-pressure-water-jet-cleaning-machine-4-badger-bent-pipe-tube-cleaning-nozzle\/\" \/>\n<meta property=\"og:site_name\" content=\"Panwin Machinery&amp;Equipment\" \/>\n<meta property=\"article:modified_time\" content=\"2025-09-22T08:25:56+00:00\" \/>\n<meta property=\"og:image\" content=\"https:\/\/panwinjet.com\/wp-content\/uploads\/2025\/09\/4inch-Badger-Rotary-nozzles.jpg\" \/>\n\t<meta property=\"og:image:width\" content=\"1279\" \/>\n\t<meta property=\"og:image:height\" content=\"1706\" \/>\n\t<meta property=\"og:image:type\" content=\"image\/jpeg\" \/>\n<meta name=\"twitter:card\" content=\"summary_large_image\" \/>\n<meta name=\"twitter:label1\" content=\"Tiempo de lectura\" \/>\n\t<meta name=\"twitter:data1\" content=\"3 minutos\" \/>\n<script type=\"application\/ld+json\" class=\"yoast-schema-graph\">{\"@context\":\"https:\/\/schema.org\",\"@graph\":[{\"@type\":\"WebPage\",\"@id\":\"https:\/\/panwinjet.com\/product\/excellent-quality-22kpsi-uhp-pressure-water-jet-cleaning-machine-4-badger-bent-pipe-tube-cleaning-nozzle\/\",\"url\":\"https:\/\/panwinjet.com\/product\/excellent-quality-22kpsi-uhp-pressure-water-jet-cleaning-machine-4-badger-bent-pipe-tube-cleaning-nozzle\/\",\"name\":\"Excellent Quality 22kpsi UHP Pressure Water Jet cleaning machine 4\\\" Badger Bent Pipe Tube Cleaning Nozzle - Panwin Machinery&amp;Equipment\",\"isPartOf\":{\"@id\":\"https:\/\/panwinjet.com\/#website\"},\"primaryImageOfPage\":{\"@id\":\"https:\/\/panwinjet.com\/product\/excellent-quality-22kpsi-uhp-pressure-water-jet-cleaning-machine-4-badger-bent-pipe-tube-cleaning-nozzle\/#primaryimage\"},\"image\":{\"@id\":\"https:\/\/panwinjet.com\/product\/excellent-quality-22kpsi-uhp-pressure-water-jet-cleaning-machine-4-badger-bent-pipe-tube-cleaning-nozzle\/#primaryimage\"},\"thumbnailUrl\":\"https:\/\/panwinjet.com\/wp-content\/uploads\/2025\/09\/4inch-Badger-Rotary-nozzles.jpg\",\"datePublished\":\"2025-09-22T08:25:55+00:00\",\"dateModified\":\"2025-09-22T08:25:56+00:00\",\"breadcrumb\":{\"@id\":\"https:\/\/panwinjet.com\/product\/excellent-quality-22kpsi-uhp-pressure-water-jet-cleaning-machine-4-badger-bent-pipe-tube-cleaning-nozzle\/#breadcrumb\"},\"inLanguage\":\"es\",\"potentialAction\":[{\"@type\":\"ReadAction\",\"target\":[\"https:\/\/panwinjet.com\/product\/excellent-quality-22kpsi-uhp-pressure-water-jet-cleaning-machine-4-badger-bent-pipe-tube-cleaning-nozzle\/\"]}]},{\"@type\":\"ImageObject\",\"inLanguage\":\"es\",\"@id\":\"https:\/\/panwinjet.com\/product\/excellent-quality-22kpsi-uhp-pressure-water-jet-cleaning-machine-4-badger-bent-pipe-tube-cleaning-nozzle\/#primaryimage\",\"url\":\"https:\/\/panwinjet.com\/wp-content\/uploads\/2025\/09\/4inch-Badger-Rotary-nozzles.jpg\",\"contentUrl\":\"https:\/\/panwinjet.com\/wp-content\/uploads\/2025\/09\/4inch-Badger-Rotary-nozzles.jpg\",\"width\":1279,\"height\":1706,\"caption\":\"Jetstream Style 4 Badger Rotary Nozzles\"},{\"@type\":\"BreadcrumbList\",\"@id\":\"https:\/\/panwinjet.com\/product\/excellent-quality-22kpsi-uhp-pressure-water-jet-cleaning-machine-4-badger-bent-pipe-tube-cleaning-nozzle\/#breadcrumb\",\"itemListElement\":[{\"@type\":\"ListItem\",\"position\":1,\"name\":\"\u9996\u9875\",\"item\":\"https:\/\/panwinjet.com\/\"},{\"@type\":\"ListItem\",\"position\":2,\"name\":\"PRODUCT\",\"item\":\"https:\/\/panwinjet.com\/product\/\"},{\"@type\":\"ListItem\",\"position\":3,\"name\":\"Excellent Quality 22kpsi UHP Pressure Water Jet cleaning machine 4&#8243; Badger Bent Pipe Tube Cleaning Nozzle\"}]},{\"@type\":\"WebSite\",\"@id\":\"https:\/\/panwinjet.com\/#website\",\"url\":\"https:\/\/panwinjet.com\/\",\"name\":\"Panwin Machinery&amp;Equipment\",\"description\":\"Shenzhen Panwin Machinery&amp;Equipment Co.Ltd\",\"potentialAction\":[{\"@type\":\"SearchAction\",\"target\":{\"@type\":\"EntryPoint\",\"urlTemplate\":\"https:\/\/panwinjet.com\/?s={search_term_string}\"},\"query-input\":{\"@type\":\"PropertyValueSpecification\",\"valueRequired\":true,\"valueName\":\"search_term_string\"}}],\"inLanguage\":\"es\"}]}<\/script>\n<!-- \/ Yoast SEO plugin. -->","yoast_head_json":{"title":"Excellent Quality 22kpsi UHP Pressure Water Jet cleaning machine 4\" Badger Bent Pipe Tube Cleaning Nozzle - Panwin Machinery&amp;Equipment","robots":{"index":"index","follow":"follow","max-snippet":"max-snippet:-1","max-image-preview":"max-image-preview:large","max-video-preview":"max-video-preview:-1"},"canonical":"https:\/\/panwinjet.com\/es\/producto\/excellent-quality-22kpsi-uhp-pressure-water-jet-cleaning-machine-4-badger-bent-pipe-tube-cleaning-nozzle\/","og_locale":"es_ES","og_type":"article","og_title":"Excellent Quality 22kpsi UHP Pressure Water Jet cleaning machine 4\" Badger Bent Pipe Tube Cleaning Nozzle - Panwin Machinery&amp;Equipment","og_description":"Introduction of Excellent Quality 22kpsi UHP Pressure Water Jet cleaning machine 4\" Badger Bent Pipe Tube Cleaning Nozzle  The Excellent Quality 22kpsi UHP Pressure Water Jet cleaning machine 4\" Badger Bent Pipe Tube Cleaning Nozzle for easy access and cleaning wash bend 90\u00b04 inch pipe, It has front, side, and rear jets that clear blockages. It is powerful pipe cleaning tool for tough tasks in Oil field, chemical pipe cleaning etc.","og_url":"https:\/\/panwinjet.com\/es\/producto\/excellent-quality-22kpsi-uhp-pressure-water-jet-cleaning-machine-4-badger-bent-pipe-tube-cleaning-nozzle\/","og_site_name":"Panwin Machinery&amp;Equipment","article_modified_time":"2025-09-22T08:25:56+00:00","og_image":[{"width":1279,"height":1706,"url":"https:\/\/panwinjet.com\/wp-content\/uploads\/2025\/09\/4inch-Badger-Rotary-nozzles.jpg","type":"image\/jpeg"}],"twitter_card":"summary_large_image","twitter_misc":{"Tiempo de lectura":"3 minutos"},"schema":{"@context":"https:\/\/schema.org","@graph":[{"@type":"WebPage","@id":"https:\/\/panwinjet.com\/product\/excellent-quality-22kpsi-uhp-pressure-water-jet-cleaning-machine-4-badger-bent-pipe-tube-cleaning-nozzle\/","url":"https:\/\/panwinjet.com\/product\/excellent-quality-22kpsi-uhp-pressure-water-jet-cleaning-machine-4-badger-bent-pipe-tube-cleaning-nozzle\/","name":"Excellent Quality 22kpsi UHP Pressure Water Jet cleaning machine 4\" Badger Bent Pipe Tube Cleaning Nozzle - Panwin Machinery&amp;Equipment","isPartOf":{"@id":"https:\/\/panwinjet.com\/#website"},"primaryImageOfPage":{"@id":"https:\/\/panwinjet.com\/product\/excellent-quality-22kpsi-uhp-pressure-water-jet-cleaning-machine-4-badger-bent-pipe-tube-cleaning-nozzle\/#primaryimage"},"image":{"@id":"https:\/\/panwinjet.com\/product\/excellent-quality-22kpsi-uhp-pressure-water-jet-cleaning-machine-4-badger-bent-pipe-tube-cleaning-nozzle\/#primaryimage"},"thumbnailUrl":"https:\/\/panwinjet.com\/wp-content\/uploads\/2025\/09\/4inch-Badger-Rotary-nozzles.jpg","datePublished":"2025-09-22T08:25:55+00:00","dateModified":"2025-09-22T08:25:56+00:00","breadcrumb":{"@id":"https:\/\/panwinjet.com\/product\/excellent-quality-22kpsi-uhp-pressure-water-jet-cleaning-machine-4-badger-bent-pipe-tube-cleaning-nozzle\/#breadcrumb"},"inLanguage":"es","potentialAction":[{"@type":"ReadAction","target":["https:\/\/panwinjet.com\/product\/excellent-quality-22kpsi-uhp-pressure-water-jet-cleaning-machine-4-badger-bent-pipe-tube-cleaning-nozzle\/"]}]},{"@type":"ImageObject","inLanguage":"es","@id":"https:\/\/panwinjet.com\/product\/excellent-quality-22kpsi-uhp-pressure-water-jet-cleaning-machine-4-badger-bent-pipe-tube-cleaning-nozzle\/#primaryimage","url":"https:\/\/panwinjet.com\/wp-content\/uploads\/2025\/09\/4inch-Badger-Rotary-nozzles.jpg","contentUrl":"https:\/\/panwinjet.com\/wp-content\/uploads\/2025\/09\/4inch-Badger-Rotary-nozzles.jpg","width":1279,"height":1706,"caption":"Jetstream Style 4 Badger Rotary Nozzles"},{"@type":"BreadcrumbList","@id":"https:\/\/panwinjet.com\/product\/excellent-quality-22kpsi-uhp-pressure-water-jet-cleaning-machine-4-badger-bent-pipe-tube-cleaning-nozzle\/#breadcrumb","itemListElement":[{"@type":"ListItem","position":1,"name":"\u9996\u9875","item":"https:\/\/panwinjet.com\/"},{"@type":"ListItem","position":2,"name":"PRODUCT","item":"https:\/\/panwinjet.com\/product\/"},{"@type":"ListItem","position":3,"name":"Excellent Quality 22kpsi UHP Pressure Water Jet cleaning machine 4&#8243; Badger Bent Pipe Tube Cleaning Nozzle"}]},{"@type":"WebSite","@id":"https:\/\/panwinjet.com\/#website","url":"https:\/\/panwinjet.com\/","name":"Panwin Machinery&amp;Equipment","description":"Shenzhen Panwin Machinery&amp;Equipment Co.Ltd","potentialAction":[{"@type":"SearchAction","target":{"@type":"EntryPoint","urlTemplate":"https:\/\/panwinjet.com\/?s={search_term_string}"},"query-input":{"@type":"PropertyValueSpecification","valueRequired":true,"valueName":"search_term_string"}}],"inLanguage":"es"}]}},"_links":{"self":[{"href":"https:\/\/panwinjet.com\/es\/wp-json\/wp\/v2\/product\/1267","targetHints":{"allow":["GET"]}}],"collection":[{"href":"https:\/\/panwinjet.com\/es\/wp-json\/wp\/v2\/product"}],"about":[{"href":"https:\/\/panwinjet.com\/es\/wp-json\/wp\/v2\/types\/product"}],"wp:featuredmedia":[{"embeddable":true,"href":"https:\/\/panwinjet.com\/es\/wp-json\/wp\/v2\/media\/1268"}],"wp:attachment":[{"href":"https:\/\/panwinjet.com\/es\/wp-json\/wp\/v2\/media?parent=1267"}],"wp:term":[{"taxonomy":"product_brand","embeddable":true,"href":"https:\/\/panwinjet.com\/es\/wp-json\/wp\/v2\/product_brand?post=1267"},{"taxonomy":"product_cat","embeddable":true,"href":"https:\/\/panwinjet.com\/es\/wp-json\/wp\/v2\/product_cat?post=1267"},{"taxonomy":"product_tag","embeddable":true,"href":"https:\/\/panwinjet.com\/es\/wp-json\/wp\/v2\/product_tag?post=1267"}],"curies":[{"name":"wp","href":"https:\/\/api.w.org\/{rel}","templated":true}]}}