{"id":1240,"date":"2025-09-21T15:20:56","date_gmt":"2025-09-21T15:20:56","guid":{"rendered":"https:\/\/panwinjet.com\/?post_type=product&#038;p=1240"},"modified":"2025-09-21T15:20:56","modified_gmt":"2025-09-21T15:20:56","slug":"1500bar-22kpsi-uhp-monro-jet-f1-hydro-jet-offshore-deployment-blasting-karcher-nozzles","status":"publish","type":"product","link":"https:\/\/panwinjet.com\/es\/producto\/1500bar-22kpsi-uhp-monro-jet-f1-hydro-jet-offshore-deployment-blasting-karcher-nozzles\/","title":{"rendered":"Chorro de agua a presi\u00f3n Monro-Jet F1 UHP de 1500 bar (22 kpsi) para despliegue en alta mar con boquillas Karcher"},"content":{"rendered":"<p>Caracter\u00edsticas y aplicaciones de <strong><b>1<\/b><\/strong><strong><b>Boquillas Karcher para chorro de alta presi\u00f3n Monro-Jet F1 Hydro Jet de 500 bar y 22 kpsi para uso en alta mar<\/b><\/strong><\/p>\n<p>El <strong><b>1<\/b><\/strong><strong><b>Boquillas Karcher para chorro de alta presi\u00f3n Monro-Jet F1 Hydro Jet de 500 bar y 22 kpsi para uso en alta mar<\/b><\/strong>\u00a0Es una boquilla de pulverizaci\u00f3n vers\u00e1til y afilada que presenta ventajas en muchos aspectos como los siguientes:<\/p>\n<p>A: Dise\u00f1o pr\u00e1ctico y f\u00e1cil de instalar y desmontar<\/p>\n<p>B: Potente y constante efecto de pulverizaci\u00f3n a chorro<\/p>\n<p>C: Ligero, duradero y de rendimiento fiable<\/p>\n<p>&nbsp;<\/p>\n<p>Solicitud:<\/p>\n<p>Este <strong><b>1<\/b><\/strong><strong><b>Boquillas Karcher para chorro de alta presi\u00f3n Monro-Jet F1 Hydro Jet de 500 bar y 22 kpsi para uso en alta mar<\/b><\/strong><strong><b>\u00a0<\/b><\/strong>Se aplica a muchas industrias, incluidas la limpieza y el tratamiento de superficies, la construcci\u00f3n naval, el despliegue en alta mar, la demolici\u00f3n de hormig\u00f3n, la eliminaci\u00f3n de capas de bet\u00fan, etc.<\/p>\n<p><img decoding=\"async\" class=\"alignleft size-medium wp-image-1249 lazyload\" data-src=\"https:\/\/panwinjet.com\/wp-content\/uploads\/2025\/09\/Orbital-nozzle-Jet-F25-1-154x500.jpg\" alt=\"\" width=\"154\" height=\"500\" data-srcset=\"https:\/\/panwinjet.com\/wp-content\/uploads\/2025\/09\/Orbital-nozzle-Jet-F25-1-154x500.jpg 154w, https:\/\/panwinjet.com\/wp-content\/uploads\/2025\/09\/Orbital-nozzle-Jet-F25-1-23x75.jpg 23w, https:\/\/panwinjet.com\/wp-content\/uploads\/2025\/09\/Orbital-nozzle-Jet-F25-1.jpg 215w\" data-sizes=\"(max-width:767px) 154px, 154px\" src=\"data:image\/svg+xml;base64,PHN2ZyB3aWR0aD0iMSIgaGVpZ2h0PSIxIiB4bWxucz0iaHR0cDovL3d3dy53My5vcmcvMjAwMC9zdmciPjwvc3ZnPg==\" style=\"--smush-placeholder-width: 154px; --smush-placeholder-aspect-ratio: 154\/500;\" \/><\/p>\n<p>Detalles del producto <strong><b>1<\/b><\/strong><strong><b>Boquillas Karcher para chorro de alta presi\u00f3n Monro-Jet F1 Hydro Jet de 500 bar y 22 kpsi para uso en alta mar<\/b><\/strong><\/p>\n<p>El<strong><b>1<\/b><\/strong><strong><b>Boquillas Karcher para chorro de alta presi\u00f3n Monro-Jet F1 Hydro Jet de 500 bar y 22 kpsi para uso en alta mar<\/b><\/strong><strong><b>\u00a0<\/b><\/strong>\u00a0Tiene un dise\u00f1o ventajoso en t\u00e9rminos de tama\u00f1o y tiene un potente chorro de aire plano de pulverizaci\u00f3n y limpieza, y las dimensiones de los detalles son las siguientes:<\/p>\n<p><img decoding=\"async\" class=\"alignleft size-medium wp-image-1248 lazyload\" data-src=\"https:\/\/panwinjet.com\/wp-content\/uploads\/2025\/09\/4Orbital-nozzle-Jet-F25-1-500x173.jpg\" alt=\"\" width=\"500\" height=\"173\" data-srcset=\"https:\/\/panwinjet.com\/wp-content\/uploads\/2025\/09\/4Orbital-nozzle-Jet-F25-1-500x173.jpg 500w, https:\/\/panwinjet.com\/wp-content\/uploads\/2025\/09\/4Orbital-nozzle-Jet-F25-1-1200x414.jpg 1200w, https:\/\/panwinjet.com\/wp-content\/uploads\/2025\/09\/4Orbital-nozzle-Jet-F25-1-300x104.jpg 300w, https:\/\/panwinjet.com\/wp-content\/uploads\/2025\/09\/4Orbital-nozzle-Jet-F25-1-768x265.jpg 768w, https:\/\/panwinjet.com\/wp-content\/uploads\/2025\/09\/4Orbital-nozzle-Jet-F25-1-1536x530.jpg 1536w, https:\/\/panwinjet.com\/wp-content\/uploads\/2025\/09\/4Orbital-nozzle-Jet-F25-1-150x52.jpg 150w, https:\/\/panwinjet.com\/wp-content\/uploads\/2025\/09\/4Orbital-nozzle-Jet-F25-1-480x166.jpg 480w, https:\/\/panwinjet.com\/wp-content\/uploads\/2025\/09\/4Orbital-nozzle-Jet-F25-1-800x276.jpg 800w, https:\/\/panwinjet.com\/wp-content\/uploads\/2025\/09\/4Orbital-nozzle-Jet-F25-1.jpg 1631w\" data-sizes=\"(max-width:767px) 480px, 500px\" src=\"data:image\/svg+xml;base64,PHN2ZyB3aWR0aD0iMSIgaGVpZ2h0PSIxIiB4bWxucz0iaHR0cDovL3d3dy53My5vcmcvMjAwMC9zdmciPjwvc3ZnPg==\" style=\"--smush-placeholder-width: 500px; --smush-placeholder-aspect-ratio: 500\/173;\" \/><\/p>\n<p>La lista de piezas de repuesto es la siguiente:<\/p>\n<p>&nbsp;<\/p>","protected":false},"excerpt":{"rendered":"<p><strong><b>Introducci\u00f3n de<\/b><\/strong><strong><b>\u00a0<\/b><\/strong><strong><b>\u00a0<\/b><\/strong><strong><b>1<\/b><\/strong><strong><b>Boquillas Karcher para chorro de alta presi\u00f3n Monro-Jet F1 Hydro Jet de 500 bar y 22 kpsi para uso en alta mar<\/b><\/strong><\/p>\n<p>Este <strong><b>1<\/b><\/strong><strong><b>Boquillas Karcher para chorro de alta presi\u00f3n Monro-Jet F1 Hydro Jet de 500 bar y 22 kpsi para uso en alta mar<\/b><\/strong>\u00a0Es el conjunto de herramientas de boquillas afiladas para limpieza y tratamiento de superficies. <strong><b>1<\/b><\/strong><strong><b>Monro-Jet F1 de alta potencia de 500 bar y 22 kpsi <\/b><\/strong>Combina la alta potencia del chorro puntual con la amplia cobertura del chorro plano. Es vers\u00e1til y se puede aplicar con todos los accesorios de alta presi\u00f3n homologados y montar en lanzas. Es compatible con <strong><b>1<\/b><\/strong><strong><b>Monro-Jet F1 de alta potencia de 500 bar y 22 kpsi <\/b><\/strong><\/p>\n<p><strong><b>\u00a0Par\u00e1metro (Especificaci\u00f3n) de <\/b><\/strong><strong><b>1<\/b><\/strong><strong><b>Boquillas Karcher para chorro de alta presi\u00f3n Monro-Jet F1 Hydro Jet de 500 bar y 22 kpsi para uso en alta mar<\/b><\/strong><\/p>\n<p>Se puede aplicar a una presi\u00f3n nominal de hasta 1500 bar, con dos tipos de rosca de conexi\u00f3n diferentes, M14x1.5 LH HP y 9\/16\u2033-18 UNF LH HP, es vers\u00e1til para limpieza y tratamiento de superficies, despliegue en alta mar, demolici\u00f3n de hormig\u00f3n, etc.<\/p>","protected":false},"featured_media":1247,"template":"","meta":[],"product_brand":[],"product_cat":[11,5],"product_tag":[25],"class_list":{"0":"post-1240","1":"product","2":"type-product","3":"status-publish","4":"has-post-thumbnail","6":"product_cat-ship-cleaning-device","7":"product_cat-uhp-rotating-nozzles","8":"product_tag-22kpsi-uhp-mvt-monro-jet-f1","10":"first","11":"instock","12":"shipping-taxable","13":"product-type-simple"},"yoast_head":"<!-- This site is optimized with the Yoast SEO plugin v24.9 - https:\/\/yoast.com\/wordpress\/plugins\/seo\/ -->\n<title>1500Bar-22Kpsi UHP Monro-Jet F1 hydro Jet Offshore deployment Blasting Karcher Nozzles - Panwin Machinery&amp;Equipment<\/title>\n<meta name=\"robots\" content=\"index, follow, max-snippet:-1, max-image-preview:large, max-video-preview:-1\" \/>\n<link rel=\"canonical\" href=\"https:\/\/panwinjet.com\/es\/producto\/1500bar-22kpsi-uhp-monro-jet-f1-hydro-jet-offshore-deployment-blasting-karcher-nozzles\/\" \/>\n<meta property=\"og:locale\" content=\"es_ES\" \/>\n<meta property=\"og:type\" content=\"article\" \/>\n<meta property=\"og:title\" content=\"1500Bar-22Kpsi UHP Monro-Jet F1 hydro Jet Offshore deployment Blasting Karcher Nozzles - Panwin Machinery&amp;Equipment\" \/>\n<meta property=\"og:description\" content=\"Introduction of\u00a0\u00a01500Bar-22Kpsi UHP Monro-Jet F1 \u00a0hydro Jet Offshore deployment Blasting Karcher Nozzles  This 1500Bar-22Kpsi UHP Monro-Jet F1 \u00a0hydro Jet Offshore deployment Blasting Karcher Nozzles\u00a0is the Surface cleaning and treatment sharp nozzles tools assembly, this 1500Bar-22Kpsi UHP Monro-Jet F1 combine the high power of the point jet with the large coverage\u00a0output of the flat stream Jet, it is versatile to be applied with all approved high-pressure fittings and mounted on lances. It is compatible with 1500Bar-22Kpsi UHP Monro-Jet F1   \u00a0Parameter (Specification) of 1500Bar-22Kpsi UHP Monro-Jet F1 \u00a0hydro Jet Offshore deployment Blasting Karcher Nozzles  can be applied to pressure rated up to 1500Bar,with two different connection thread type,M14x1.5 LH HP and 9\/16&quot;-18 UNF LH HP, it is versatile for Surface cleaning and treatment,Offshore deployment,Concrete demolition etc.\" \/>\n<meta property=\"og:url\" content=\"https:\/\/panwinjet.com\/es\/producto\/1500bar-22kpsi-uhp-monro-jet-f1-hydro-jet-offshore-deployment-blasting-karcher-nozzles\/\" \/>\n<meta property=\"og:site_name\" content=\"Panwin Machinery&amp;Equipment\" \/>\n<meta property=\"og:image\" content=\"https:\/\/panwinjet.com\/wp-content\/uploads\/2025\/09\/MVT-F1-1500Bar-Nozzle-6.jpg\" \/>\n\t<meta property=\"og:image:width\" content=\"1279\" \/>\n\t<meta property=\"og:image:height\" content=\"1706\" \/>\n\t<meta property=\"og:image:type\" content=\"image\/jpeg\" \/>\n<meta name=\"twitter:card\" content=\"summary_large_image\" \/>\n<meta name=\"twitter:label1\" content=\"Tiempo de lectura\" \/>\n\t<meta name=\"twitter:data1\" content=\"2 minutos\" \/>\n<script type=\"application\/ld+json\" class=\"yoast-schema-graph\">{\"@context\":\"https:\/\/schema.org\",\"@graph\":[{\"@type\":\"WebPage\",\"@id\":\"https:\/\/panwinjet.com\/product\/1500bar-22kpsi-uhp-monro-jet-f1-hydro-jet-offshore-deployment-blasting-karcher-nozzles\/\",\"url\":\"https:\/\/panwinjet.com\/product\/1500bar-22kpsi-uhp-monro-jet-f1-hydro-jet-offshore-deployment-blasting-karcher-nozzles\/\",\"name\":\"1500Bar-22Kpsi UHP Monro-Jet F1 hydro Jet Offshore deployment Blasting Karcher Nozzles - Panwin Machinery&amp;Equipment\",\"isPartOf\":{\"@id\":\"https:\/\/panwinjet.com\/#website\"},\"primaryImageOfPage\":{\"@id\":\"https:\/\/panwinjet.com\/product\/1500bar-22kpsi-uhp-monro-jet-f1-hydro-jet-offshore-deployment-blasting-karcher-nozzles\/#primaryimage\"},\"image\":{\"@id\":\"https:\/\/panwinjet.com\/product\/1500bar-22kpsi-uhp-monro-jet-f1-hydro-jet-offshore-deployment-blasting-karcher-nozzles\/#primaryimage\"},\"thumbnailUrl\":\"https:\/\/panwinjet.com\/wp-content\/uploads\/2025\/09\/MVT-F1-1500Bar-Nozzle-6.jpg\",\"datePublished\":\"2025-09-21T15:20:56+00:00\",\"breadcrumb\":{\"@id\":\"https:\/\/panwinjet.com\/product\/1500bar-22kpsi-uhp-monro-jet-f1-hydro-jet-offshore-deployment-blasting-karcher-nozzles\/#breadcrumb\"},\"inLanguage\":\"es\",\"potentialAction\":[{\"@type\":\"ReadAction\",\"target\":[\"https:\/\/panwinjet.com\/product\/1500bar-22kpsi-uhp-monro-jet-f1-hydro-jet-offshore-deployment-blasting-karcher-nozzles\/\"]}]},{\"@type\":\"ImageObject\",\"inLanguage\":\"es\",\"@id\":\"https:\/\/panwinjet.com\/product\/1500bar-22kpsi-uhp-monro-jet-f1-hydro-jet-offshore-deployment-blasting-karcher-nozzles\/#primaryimage\",\"url\":\"https:\/\/panwinjet.com\/wp-content\/uploads\/2025\/09\/MVT-F1-1500Bar-Nozzle-6.jpg\",\"contentUrl\":\"https:\/\/panwinjet.com\/wp-content\/uploads\/2025\/09\/MVT-F1-1500Bar-Nozzle-6.jpg\",\"width\":1279,\"height\":1706},{\"@type\":\"BreadcrumbList\",\"@id\":\"https:\/\/panwinjet.com\/product\/1500bar-22kpsi-uhp-monro-jet-f1-hydro-jet-offshore-deployment-blasting-karcher-nozzles\/#breadcrumb\",\"itemListElement\":[{\"@type\":\"ListItem\",\"position\":1,\"name\":\"\u9996\u9875\",\"item\":\"https:\/\/panwinjet.com\/\"},{\"@type\":\"ListItem\",\"position\":2,\"name\":\"PRODUCT\",\"item\":\"https:\/\/panwinjet.com\/product\/\"},{\"@type\":\"ListItem\",\"position\":3,\"name\":\"1500Bar-22Kpsi UHP Monro-Jet F1 hydro Jet Offshore deployment Blasting Karcher Nozzles\"}]},{\"@type\":\"WebSite\",\"@id\":\"https:\/\/panwinjet.com\/#website\",\"url\":\"https:\/\/panwinjet.com\/\",\"name\":\"Panwin Machinery&amp;Equipment\",\"description\":\"Shenzhen Panwin Machinery&amp;Equipment Co.Ltd\",\"potentialAction\":[{\"@type\":\"SearchAction\",\"target\":{\"@type\":\"EntryPoint\",\"urlTemplate\":\"https:\/\/panwinjet.com\/?s={search_term_string}\"},\"query-input\":{\"@type\":\"PropertyValueSpecification\",\"valueRequired\":true,\"valueName\":\"search_term_string\"}}],\"inLanguage\":\"es\"}]}<\/script>\n<!-- \/ Yoast SEO plugin. -->","yoast_head_json":{"title":"1500Bar-22Kpsi UHP Monro-Jet F1 hydro Jet Offshore deployment Blasting Karcher Nozzles - Panwin Machinery&amp;Equipment","robots":{"index":"index","follow":"follow","max-snippet":"max-snippet:-1","max-image-preview":"max-image-preview:large","max-video-preview":"max-video-preview:-1"},"canonical":"https:\/\/panwinjet.com\/es\/producto\/1500bar-22kpsi-uhp-monro-jet-f1-hydro-jet-offshore-deployment-blasting-karcher-nozzles\/","og_locale":"es_ES","og_type":"article","og_title":"1500Bar-22Kpsi UHP Monro-Jet F1 hydro Jet Offshore deployment Blasting Karcher Nozzles - Panwin Machinery&amp;Equipment","og_description":"Introduction of\u00a0\u00a01500Bar-22Kpsi UHP Monro-Jet F1 \u00a0hydro Jet Offshore deployment Blasting Karcher Nozzles  This 1500Bar-22Kpsi UHP Monro-Jet F1 \u00a0hydro Jet Offshore deployment Blasting Karcher Nozzles\u00a0is the Surface cleaning and treatment sharp nozzles tools assembly, this 1500Bar-22Kpsi UHP Monro-Jet F1 combine the high power of the point jet with the large coverage\u00a0output of the flat stream Jet, it is versatile to be applied with all approved high-pressure fittings and mounted on lances. It is compatible with 1500Bar-22Kpsi UHP Monro-Jet F1   \u00a0Parameter (Specification) of 1500Bar-22Kpsi UHP Monro-Jet F1 \u00a0hydro Jet Offshore deployment Blasting Karcher Nozzles  can be applied to pressure rated up to 1500Bar,with two different connection thread type,M14x1.5 LH HP and 9\/16\"-18 UNF LH HP, it is versatile for Surface cleaning and treatment,Offshore deployment,Concrete demolition etc.","og_url":"https:\/\/panwinjet.com\/es\/producto\/1500bar-22kpsi-uhp-monro-jet-f1-hydro-jet-offshore-deployment-blasting-karcher-nozzles\/","og_site_name":"Panwin Machinery&amp;Equipment","og_image":[{"width":1279,"height":1706,"url":"https:\/\/panwinjet.com\/wp-content\/uploads\/2025\/09\/MVT-F1-1500Bar-Nozzle-6.jpg","type":"image\/jpeg"}],"twitter_card":"summary_large_image","twitter_misc":{"Tiempo de lectura":"2 minutos"},"schema":{"@context":"https:\/\/schema.org","@graph":[{"@type":"WebPage","@id":"https:\/\/panwinjet.com\/product\/1500bar-22kpsi-uhp-monro-jet-f1-hydro-jet-offshore-deployment-blasting-karcher-nozzles\/","url":"https:\/\/panwinjet.com\/product\/1500bar-22kpsi-uhp-monro-jet-f1-hydro-jet-offshore-deployment-blasting-karcher-nozzles\/","name":"1500Bar-22Kpsi UHP Monro-Jet F1 hydro Jet Offshore deployment Blasting Karcher Nozzles - Panwin Machinery&amp;Equipment","isPartOf":{"@id":"https:\/\/panwinjet.com\/#website"},"primaryImageOfPage":{"@id":"https:\/\/panwinjet.com\/product\/1500bar-22kpsi-uhp-monro-jet-f1-hydro-jet-offshore-deployment-blasting-karcher-nozzles\/#primaryimage"},"image":{"@id":"https:\/\/panwinjet.com\/product\/1500bar-22kpsi-uhp-monro-jet-f1-hydro-jet-offshore-deployment-blasting-karcher-nozzles\/#primaryimage"},"thumbnailUrl":"https:\/\/panwinjet.com\/wp-content\/uploads\/2025\/09\/MVT-F1-1500Bar-Nozzle-6.jpg","datePublished":"2025-09-21T15:20:56+00:00","breadcrumb":{"@id":"https:\/\/panwinjet.com\/product\/1500bar-22kpsi-uhp-monro-jet-f1-hydro-jet-offshore-deployment-blasting-karcher-nozzles\/#breadcrumb"},"inLanguage":"es","potentialAction":[{"@type":"ReadAction","target":["https:\/\/panwinjet.com\/product\/1500bar-22kpsi-uhp-monro-jet-f1-hydro-jet-offshore-deployment-blasting-karcher-nozzles\/"]}]},{"@type":"ImageObject","inLanguage":"es","@id":"https:\/\/panwinjet.com\/product\/1500bar-22kpsi-uhp-monro-jet-f1-hydro-jet-offshore-deployment-blasting-karcher-nozzles\/#primaryimage","url":"https:\/\/panwinjet.com\/wp-content\/uploads\/2025\/09\/MVT-F1-1500Bar-Nozzle-6.jpg","contentUrl":"https:\/\/panwinjet.com\/wp-content\/uploads\/2025\/09\/MVT-F1-1500Bar-Nozzle-6.jpg","width":1279,"height":1706},{"@type":"BreadcrumbList","@id":"https:\/\/panwinjet.com\/product\/1500bar-22kpsi-uhp-monro-jet-f1-hydro-jet-offshore-deployment-blasting-karcher-nozzles\/#breadcrumb","itemListElement":[{"@type":"ListItem","position":1,"name":"\u9996\u9875","item":"https:\/\/panwinjet.com\/"},{"@type":"ListItem","position":2,"name":"PRODUCT","item":"https:\/\/panwinjet.com\/product\/"},{"@type":"ListItem","position":3,"name":"1500Bar-22Kpsi UHP Monro-Jet F1 hydro Jet Offshore deployment Blasting Karcher Nozzles"}]},{"@type":"WebSite","@id":"https:\/\/panwinjet.com\/#website","url":"https:\/\/panwinjet.com\/","name":"Panwin Machinery&amp;Equipment","description":"Shenzhen Panwin Machinery&amp;Equipment Co.Ltd","potentialAction":[{"@type":"SearchAction","target":{"@type":"EntryPoint","urlTemplate":"https:\/\/panwinjet.com\/?s={search_term_string}"},"query-input":{"@type":"PropertyValueSpecification","valueRequired":true,"valueName":"search_term_string"}}],"inLanguage":"es"}]}},"_links":{"self":[{"href":"https:\/\/panwinjet.com\/es\/wp-json\/wp\/v2\/product\/1240","targetHints":{"allow":["GET"]}}],"collection":[{"href":"https:\/\/panwinjet.com\/es\/wp-json\/wp\/v2\/product"}],"about":[{"href":"https:\/\/panwinjet.com\/es\/wp-json\/wp\/v2\/types\/product"}],"wp:featuredmedia":[{"embeddable":true,"href":"https:\/\/panwinjet.com\/es\/wp-json\/wp\/v2\/media\/1247"}],"wp:attachment":[{"href":"https:\/\/panwinjet.com\/es\/wp-json\/wp\/v2\/media?parent=1240"}],"wp:term":[{"taxonomy":"product_brand","embeddable":true,"href":"https:\/\/panwinjet.com\/es\/wp-json\/wp\/v2\/product_brand?post=1240"},{"taxonomy":"product_cat","embeddable":true,"href":"https:\/\/panwinjet.com\/es\/wp-json\/wp\/v2\/product_cat?post=1240"},{"taxonomy":"product_tag","embeddable":true,"href":"https:\/\/panwinjet.com\/es\/wp-json\/wp\/v2\/product_tag?post=1240"}],"curies":[{"name":"wp","href":"https:\/\/api.w.org\/{rel}","templated":true}]}}