{"id":1225,"date":"2025-09-21T14:36:58","date_gmt":"2025-09-21T14:36:58","guid":{"rendered":"https:\/\/panwinjet.com\/?post_type=product&#038;p=1225"},"modified":"2025-09-21T14:36:58","modified_gmt":"2025-09-21T14:36:58","slug":"60kpsi-high-pressure-marble-cutting-machine-for-kmt-pump-bleed-down-valve-assembly","status":"publish","type":"product","link":"https:\/\/panwinjet.com\/es\/producto\/60kpsi-high-pressure-marble-cutting-machine-for-kmt-pump-bleed-down-valve-assembly\/","title":{"rendered":"M\u00e1quina cortadora de m\u00e1rmol de alta presi\u00f3n de 60 kPSI para conjunto de v\u00e1lvula de purga de bomba KMT"},"content":{"rendered":"<p><strong><b>Caracter\u00edsticas y aplicaciones de <\/b><\/strong><strong><b>M\u00e1quina cortadora de m\u00e1rmol de alta presi\u00f3n de 60 kPSI para conjunto de v\u00e1lvula de purga de bomba KMT<\/b><\/strong><strong><b>\u00a0<\/b><\/strong><\/p>\n<p>Nuestra m\u00e1quina cortadora de m\u00e1rmol de alta presi\u00f3n Panwin 60KPSI para el conjunto de v\u00e1lvula de purga de bomba KMT est\u00e1 hecha de acero inoxidable de alto grado y tiene un alto rendimiento con gran estabilidad a un precio competitivo.<\/p>\n<p>&nbsp;<\/p>\n<p>&nbsp;<\/p>\n<p><strong><b>Detalles de<\/b><\/strong><strong><b>\u00a0<\/b><\/strong><strong><b>M\u00e1quina cortadora de m\u00e1rmol de alta presi\u00f3n de 60 kPSI para conjunto de v\u00e1lvula de purga de bomba KMT<\/b><\/strong><\/p>\n<p><strong><b>Nuestro <\/b><\/strong><strong><b>M\u00e1quina cortadora de m\u00e1rmol de alta presi\u00f3n de 60 kPSI para conjunto de v\u00e1lvula de purga de bomba KMT<\/b><\/strong><strong><b>\u00a0se combina con piezas de reparaci\u00f3n <\/b><\/strong><strong><b>302008-1 - Kit de reparaci\u00f3n, purga autom\u00e1tica hidr\u00e1ulica, 302016-1 - Kit de herramientas, inserci\u00f3n y extracci\u00f3n del sello de la v\u00e1lvula HP (100187-IN) -100187-E, 400001-1, lubricante anticorrosivo azul<\/b><\/strong><\/p>\n<p><strong><b>La estructura detallada es la siguiente:<\/b><\/strong><\/p>\n<p><strong><b> <img decoding=\"async\" class=\"alignleft size-medium wp-image-1232 lazyload\" data-src=\"https:\/\/panwinjet.com\/wp-content\/uploads\/2025\/09\/302008-1-500x403.png\" alt=\"\" width=\"500\" height=\"403\" data-srcset=\"https:\/\/panwinjet.com\/wp-content\/uploads\/2025\/09\/302008-1-500x403.png 500w, https:\/\/panwinjet.com\/wp-content\/uploads\/2025\/09\/302008-1-300x242.png 300w, https:\/\/panwinjet.com\/wp-content\/uploads\/2025\/09\/302008-1-768x620.png 768w, https:\/\/panwinjet.com\/wp-content\/uploads\/2025\/09\/302008-1-93x75.png 93w, https:\/\/panwinjet.com\/wp-content\/uploads\/2025\/09\/302008-1-480x387.png 480w, https:\/\/panwinjet.com\/wp-content\/uploads\/2025\/09\/302008-1-800x645.png 800w, https:\/\/panwinjet.com\/wp-content\/uploads\/2025\/09\/302008-1.png 854w\" data-sizes=\"(max-width:767px) 480px, 500px\" src=\"data:image\/svg+xml;base64,PHN2ZyB3aWR0aD0iMSIgaGVpZ2h0PSIxIiB4bWxucz0iaHR0cDovL3d3dy53My5vcmcvMjAwMC9zdmciPjwvc3ZnPg==\" style=\"--smush-placeholder-width: 500px; --smush-placeholder-aspect-ratio: 500\/403;\" \/><\/b><\/strong><\/p>","protected":false},"excerpt":{"rendered":"<p><strong><b>M\u00e1quina cortadora de m\u00e1rmol de alta presi\u00f3n de 60 kPSI para conjunto de v\u00e1lvula de purga de bomba KMT<\/b><\/strong><\/p>\n<p><strong><b>Introducci\u00f3n de <\/b><\/strong><strong><b>M\u00e1quina cortadora de m\u00e1rmol de alta presi\u00f3n de 60 kPSI para conjunto de v\u00e1lvula de purga de bomba KMT<\/b><\/strong><\/p>\n<p>Esta m\u00e1quina cortadora de m\u00e1rmol de alta presi\u00f3n de 60 KPSI para el conjunto de v\u00e1lvula de purga de bomba KMT es un conjunto de purga de flujo KMT, las piezas son compatibles con los n\u00fameros de pieza C-5841-1, 301013-1 y 301028-1.<\/p>\n<p><strong><b>Par\u00e1metro (Especificaci\u00f3n) de <\/b><\/strong><strong><b>M\u00e1quina cortadora de m\u00e1rmol de alta presi\u00f3n de 60 kPSI para conjunto de v\u00e1lvula de purga de bomba KMT<\/b><\/strong><\/p>\n<p>Este <strong><b>M\u00e1quina cortadora de m\u00e1rmol de alta presi\u00f3n de 60 kPSI para conjunto de v\u00e1lvula de purga de bomba KMT<\/b><\/strong><strong><b>\u00a0Es un conjunto de purga autom\u00e1tica hidr\u00e1ulica y contiene el conector (400059-4-8), reductor (400088-12-8), carcasa (100732-1), collar HP (100040-2), cuerpo de la v\u00e1lvula (100133-1), adaptador (100134-1)<\/b><\/strong><\/p>","protected":false},"featured_media":1227,"template":"","meta":[],"product_brand":[],"product_cat":[22],"product_tag":[24,23],"class_list":{"0":"post-1225","1":"product","2":"type-product","3":"status-publish","4":"has-post-thumbnail","6":"product_cat-waterjet-cutting-machine-parts","7":"product_tag-301013-1-kmt301028-1","8":"product_tag-c-5841-1","10":"first","11":"instock","12":"shipping-taxable","13":"product-type-simple"},"yoast_head":"<!-- This site is optimized with the Yoast SEO plugin v24.9 - https:\/\/yoast.com\/wordpress\/plugins\/seo\/ -->\n<title>60KPSI high pressure Marble cutting machine for KMT Pump Bleed-Down Valve Assembly - Panwin Machinery&amp;Equipment<\/title>\n<meta name=\"robots\" content=\"index, follow, max-snippet:-1, max-image-preview:large, max-video-preview:-1\" \/>\n<link rel=\"canonical\" href=\"https:\/\/panwinjet.com\/es\/producto\/60kpsi-high-pressure-marble-cutting-machine-for-kmt-pump-bleed-down-valve-assembly\/\" \/>\n<meta property=\"og:locale\" content=\"es_ES\" \/>\n<meta property=\"og:type\" content=\"article\" \/>\n<meta property=\"og:title\" content=\"60KPSI high pressure Marble cutting machine for KMT Pump Bleed-Down Valve Assembly - Panwin Machinery&amp;Equipment\" \/>\n<meta property=\"og:description\" content=\"60KPSI high pressure Marble cutting machine for KMT Pump Bleed-Down Valve Assembly  Introduction of 60KPSI high pressure Marble cutting machine for KMT Pump Bleed-Down Valve Assembly  This 60KPSI high pressure Marble cutting machine for KMT Pump Bleed-Down Valve Assembly\u00a0is KMT Flow Bleed down assembly, the Parts is compatible with Parts No.is C-5841-1,301013-1 and 301028-1.  Paameter (Specification) of 60KPSI high pressure Marble cutting machine for KMT Pump Bleed-Down Valve Assembly  This 60KPSI high pressure Marble cutting machine for KMT Pump Bleed-Down Valve Assembly\u00a0is Hydraulic Auto Bleed down assembly, and it contain the connector(400059-4-8),Reducer(400088-12-8),housing(100732-1),HP Collar(100040-2),Valve body(100133-1),adapter(100134-1)\" \/>\n<meta property=\"og:url\" content=\"https:\/\/panwinjet.com\/es\/producto\/60kpsi-high-pressure-marble-cutting-machine-for-kmt-pump-bleed-down-valve-assembly\/\" \/>\n<meta property=\"og:site_name\" content=\"Panwin Machinery&amp;Equipment\" \/>\n<meta property=\"og:image\" content=\"https:\/\/panwinjet.com\/wp-content\/uploads\/2025\/09\/KMT-\u6cc4\u538b\u9600\u603b\u6210-4-scaled.jpg\" \/>\n\t<meta property=\"og:image:width\" content=\"1920\" \/>\n\t<meta property=\"og:image:height\" content=\"2560\" \/>\n\t<meta property=\"og:image:type\" content=\"image\/jpeg\" \/>\n<meta name=\"twitter:card\" content=\"summary_large_image\" \/>\n<meta name=\"twitter:label1\" content=\"Tiempo de lectura\" \/>\n\t<meta name=\"twitter:data1\" content=\"1 minuto\" \/>\n<script type=\"application\/ld+json\" class=\"yoast-schema-graph\">{\"@context\":\"https:\/\/schema.org\",\"@graph\":[{\"@type\":\"WebPage\",\"@id\":\"https:\/\/panwinjet.com\/product\/60kpsi-high-pressure-marble-cutting-machine-for-kmt-pump-bleed-down-valve-assembly\/\",\"url\":\"https:\/\/panwinjet.com\/product\/60kpsi-high-pressure-marble-cutting-machine-for-kmt-pump-bleed-down-valve-assembly\/\",\"name\":\"60KPSI high pressure Marble cutting machine for KMT Pump Bleed-Down Valve Assembly - Panwin Machinery&amp;Equipment\",\"isPartOf\":{\"@id\":\"https:\/\/panwinjet.com\/#website\"},\"primaryImageOfPage\":{\"@id\":\"https:\/\/panwinjet.com\/product\/60kpsi-high-pressure-marble-cutting-machine-for-kmt-pump-bleed-down-valve-assembly\/#primaryimage\"},\"image\":{\"@id\":\"https:\/\/panwinjet.com\/product\/60kpsi-high-pressure-marble-cutting-machine-for-kmt-pump-bleed-down-valve-assembly\/#primaryimage\"},\"thumbnailUrl\":\"https:\/\/panwinjet.com\/wp-content\/uploads\/2025\/09\/KMT-\u6cc4\u538b\u9600\u603b\u6210-4-scaled.jpg\",\"datePublished\":\"2025-09-21T14:36:58+00:00\",\"breadcrumb\":{\"@id\":\"https:\/\/panwinjet.com\/product\/60kpsi-high-pressure-marble-cutting-machine-for-kmt-pump-bleed-down-valve-assembly\/#breadcrumb\"},\"inLanguage\":\"es\",\"potentialAction\":[{\"@type\":\"ReadAction\",\"target\":[\"https:\/\/panwinjet.com\/product\/60kpsi-high-pressure-marble-cutting-machine-for-kmt-pump-bleed-down-valve-assembly\/\"]}]},{\"@type\":\"ImageObject\",\"inLanguage\":\"es\",\"@id\":\"https:\/\/panwinjet.com\/product\/60kpsi-high-pressure-marble-cutting-machine-for-kmt-pump-bleed-down-valve-assembly\/#primaryimage\",\"url\":\"https:\/\/panwinjet.com\/wp-content\/uploads\/2025\/09\/KMT-\u6cc4\u538b\u9600\u603b\u6210-4-scaled.jpg\",\"contentUrl\":\"https:\/\/panwinjet.com\/wp-content\/uploads\/2025\/09\/KMT-\u6cc4\u538b\u9600\u603b\u6210-4-scaled.jpg\",\"width\":1920,\"height\":2560},{\"@type\":\"BreadcrumbList\",\"@id\":\"https:\/\/panwinjet.com\/product\/60kpsi-high-pressure-marble-cutting-machine-for-kmt-pump-bleed-down-valve-assembly\/#breadcrumb\",\"itemListElement\":[{\"@type\":\"ListItem\",\"position\":1,\"name\":\"\u9996\u9875\",\"item\":\"https:\/\/panwinjet.com\/\"},{\"@type\":\"ListItem\",\"position\":2,\"name\":\"PRODUCT\",\"item\":\"https:\/\/panwinjet.com\/product\/\"},{\"@type\":\"ListItem\",\"position\":3,\"name\":\"60KPSI high pressure Marble cutting machine for KMT Pump Bleed-Down Valve Assembly\"}]},{\"@type\":\"WebSite\",\"@id\":\"https:\/\/panwinjet.com\/#website\",\"url\":\"https:\/\/panwinjet.com\/\",\"name\":\"Panwin Machinery&amp;Equipment\",\"description\":\"Shenzhen Panwin Machinery&amp;Equipment Co.Ltd\",\"potentialAction\":[{\"@type\":\"SearchAction\",\"target\":{\"@type\":\"EntryPoint\",\"urlTemplate\":\"https:\/\/panwinjet.com\/?s={search_term_string}\"},\"query-input\":{\"@type\":\"PropertyValueSpecification\",\"valueRequired\":true,\"valueName\":\"search_term_string\"}}],\"inLanguage\":\"es\"}]}<\/script>\n<!-- \/ Yoast SEO plugin. -->","yoast_head_json":{"title":"60KPSI high pressure Marble cutting machine for KMT Pump Bleed-Down Valve Assembly - Panwin Machinery&amp;Equipment","robots":{"index":"index","follow":"follow","max-snippet":"max-snippet:-1","max-image-preview":"max-image-preview:large","max-video-preview":"max-video-preview:-1"},"canonical":"https:\/\/panwinjet.com\/es\/producto\/60kpsi-high-pressure-marble-cutting-machine-for-kmt-pump-bleed-down-valve-assembly\/","og_locale":"es_ES","og_type":"article","og_title":"60KPSI high pressure Marble cutting machine for KMT Pump Bleed-Down Valve Assembly - Panwin Machinery&amp;Equipment","og_description":"60KPSI high pressure Marble cutting machine for KMT Pump Bleed-Down Valve Assembly  Introduction of 60KPSI high pressure Marble cutting machine for KMT Pump Bleed-Down Valve Assembly  This 60KPSI high pressure Marble cutting machine for KMT Pump Bleed-Down Valve Assembly\u00a0is KMT Flow Bleed down assembly, the Parts is compatible with Parts No.is C-5841-1,301013-1 and 301028-1.  Paameter (Specification) of 60KPSI high pressure Marble cutting machine for KMT Pump Bleed-Down Valve Assembly  This 60KPSI high pressure Marble cutting machine for KMT Pump Bleed-Down Valve Assembly\u00a0is Hydraulic Auto Bleed down assembly, and it contain the connector(400059-4-8),Reducer(400088-12-8),housing(100732-1),HP Collar(100040-2),Valve body(100133-1),adapter(100134-1)","og_url":"https:\/\/panwinjet.com\/es\/producto\/60kpsi-high-pressure-marble-cutting-machine-for-kmt-pump-bleed-down-valve-assembly\/","og_site_name":"Panwin Machinery&amp;Equipment","og_image":[{"width":1920,"height":2560,"url":"https:\/\/panwinjet.com\/wp-content\/uploads\/2025\/09\/KMT-\u6cc4\u538b\u9600\u603b\u6210-4-scaled.jpg","type":"image\/jpeg"}],"twitter_card":"summary_large_image","twitter_misc":{"Tiempo de lectura":"1 minuto"},"schema":{"@context":"https:\/\/schema.org","@graph":[{"@type":"WebPage","@id":"https:\/\/panwinjet.com\/product\/60kpsi-high-pressure-marble-cutting-machine-for-kmt-pump-bleed-down-valve-assembly\/","url":"https:\/\/panwinjet.com\/product\/60kpsi-high-pressure-marble-cutting-machine-for-kmt-pump-bleed-down-valve-assembly\/","name":"60KPSI high pressure Marble cutting machine for KMT Pump Bleed-Down Valve Assembly - Panwin Machinery&amp;Equipment","isPartOf":{"@id":"https:\/\/panwinjet.com\/#website"},"primaryImageOfPage":{"@id":"https:\/\/panwinjet.com\/product\/60kpsi-high-pressure-marble-cutting-machine-for-kmt-pump-bleed-down-valve-assembly\/#primaryimage"},"image":{"@id":"https:\/\/panwinjet.com\/product\/60kpsi-high-pressure-marble-cutting-machine-for-kmt-pump-bleed-down-valve-assembly\/#primaryimage"},"thumbnailUrl":"https:\/\/panwinjet.com\/wp-content\/uploads\/2025\/09\/KMT-\u6cc4\u538b\u9600\u603b\u6210-4-scaled.jpg","datePublished":"2025-09-21T14:36:58+00:00","breadcrumb":{"@id":"https:\/\/panwinjet.com\/product\/60kpsi-high-pressure-marble-cutting-machine-for-kmt-pump-bleed-down-valve-assembly\/#breadcrumb"},"inLanguage":"es","potentialAction":[{"@type":"ReadAction","target":["https:\/\/panwinjet.com\/product\/60kpsi-high-pressure-marble-cutting-machine-for-kmt-pump-bleed-down-valve-assembly\/"]}]},{"@type":"ImageObject","inLanguage":"es","@id":"https:\/\/panwinjet.com\/product\/60kpsi-high-pressure-marble-cutting-machine-for-kmt-pump-bleed-down-valve-assembly\/#primaryimage","url":"https:\/\/panwinjet.com\/wp-content\/uploads\/2025\/09\/KMT-\u6cc4\u538b\u9600\u603b\u6210-4-scaled.jpg","contentUrl":"https:\/\/panwinjet.com\/wp-content\/uploads\/2025\/09\/KMT-\u6cc4\u538b\u9600\u603b\u6210-4-scaled.jpg","width":1920,"height":2560},{"@type":"BreadcrumbList","@id":"https:\/\/panwinjet.com\/product\/60kpsi-high-pressure-marble-cutting-machine-for-kmt-pump-bleed-down-valve-assembly\/#breadcrumb","itemListElement":[{"@type":"ListItem","position":1,"name":"\u9996\u9875","item":"https:\/\/panwinjet.com\/"},{"@type":"ListItem","position":2,"name":"PRODUCT","item":"https:\/\/panwinjet.com\/product\/"},{"@type":"ListItem","position":3,"name":"60KPSI high pressure Marble cutting machine for KMT Pump Bleed-Down Valve Assembly"}]},{"@type":"WebSite","@id":"https:\/\/panwinjet.com\/#website","url":"https:\/\/panwinjet.com\/","name":"Panwin Machinery&amp;Equipment","description":"Shenzhen Panwin Machinery&amp;Equipment Co.Ltd","potentialAction":[{"@type":"SearchAction","target":{"@type":"EntryPoint","urlTemplate":"https:\/\/panwinjet.com\/?s={search_term_string}"},"query-input":{"@type":"PropertyValueSpecification","valueRequired":true,"valueName":"search_term_string"}}],"inLanguage":"es"}]}},"_links":{"self":[{"href":"https:\/\/panwinjet.com\/es\/wp-json\/wp\/v2\/product\/1225","targetHints":{"allow":["GET"]}}],"collection":[{"href":"https:\/\/panwinjet.com\/es\/wp-json\/wp\/v2\/product"}],"about":[{"href":"https:\/\/panwinjet.com\/es\/wp-json\/wp\/v2\/types\/product"}],"wp:featuredmedia":[{"embeddable":true,"href":"https:\/\/panwinjet.com\/es\/wp-json\/wp\/v2\/media\/1227"}],"wp:attachment":[{"href":"https:\/\/panwinjet.com\/es\/wp-json\/wp\/v2\/media?parent=1225"}],"wp:term":[{"taxonomy":"product_brand","embeddable":true,"href":"https:\/\/panwinjet.com\/es\/wp-json\/wp\/v2\/product_brand?post=1225"},{"taxonomy":"product_cat","embeddable":true,"href":"https:\/\/panwinjet.com\/es\/wp-json\/wp\/v2\/product_cat?post=1225"},{"taxonomy":"product_tag","embeddable":true,"href":"https:\/\/panwinjet.com\/es\/wp-json\/wp\/v2\/product_tag?post=1225"}],"curies":[{"name":"wp","href":"https:\/\/api.w.org\/{rel}","templated":true}]}}