{"id":1188,"date":"2025-09-21T06:56:38","date_gmt":"2025-09-21T06:56:38","guid":{"rendered":"https:\/\/panwinjet.com\/?post_type=product&#038;p=1188"},"modified":"2025-09-21T06:56:39","modified_gmt":"2025-09-21T06:56:39","slug":"20kpsi-hydro-blasting-cleaning-equipment-parts-for-hammelmann-woma-high-pressure-triplex-pump-16mm-pump-guide-ring","status":"publish","type":"product","link":"https:\/\/panwinjet.com\/es\/producto\/20kpsi-hydro-blasting-cleaning-equipment-parts-for-hammelmann-woma-high-pressure-triplex-pump-16mm-pump-guide-ring\/","title":{"rendered":"Piezas para equipos de limpieza por chorro de agua a 20 kpsi. Para bomba triplex de alta presi\u00f3n Hammelmann WOMA. Anillo gu\u00eda de bomba de 16 mm."},"content":{"rendered":"<p><b><\/b><strong><b>Presentaci\u00f3n de producto: Piezas para equipos de limpieza por chorro de agua a 20 kpsi. Para bomba triplex de alta presi\u00f3n Hammelmann WOMA: Anillo gu\u00eda de bomba de 16 mm. <\/b><\/strong><\/p>\n<p>Las piezas del equipo de limpieza por chorro de agua a presi\u00f3n de 20 kpsi para la bomba triplex de alta presi\u00f3n Hammelmann WOMA, el anillo gu\u00eda de bomba de 16 mm, se han fabricado para una gran variedad de tareas de limpieza de superficies y se utilizan en bombas de chorro de agua a alta presi\u00f3n con \u00e9mbolo WOMA Triplex.<\/p>\n<p><img decoding=\"async\" class=\"aligncenter size-full wp-image-1196 lazyload\" data-src=\"https:\/\/panwinjet.com\/wp-content\/uploads\/2025\/09\/WOMA-Parts.png\" alt=\"\" width=\"816\" height=\"636\" data-srcset=\"https:\/\/panwinjet.com\/wp-content\/uploads\/2025\/09\/WOMA-Parts.png 816w, https:\/\/panwinjet.com\/wp-content\/uploads\/2025\/09\/WOMA-Parts-500x390.png 500w, https:\/\/panwinjet.com\/wp-content\/uploads\/2025\/09\/WOMA-Parts-300x234.png 300w, https:\/\/panwinjet.com\/wp-content\/uploads\/2025\/09\/WOMA-Parts-768x599.png 768w, https:\/\/panwinjet.com\/wp-content\/uploads\/2025\/09\/WOMA-Parts-96x75.png 96w, https:\/\/panwinjet.com\/wp-content\/uploads\/2025\/09\/WOMA-Parts-480x374.png 480w, https:\/\/panwinjet.com\/wp-content\/uploads\/2025\/09\/WOMA-Parts-800x624.png 800w\" data-sizes=\"(max-width:767px) 480px, (max-width:816px) 100vw, 816px\" src=\"data:image\/svg+xml;base64,PHN2ZyB3aWR0aD0iMSIgaGVpZ2h0PSIxIiB4bWxucz0iaHR0cDovL3d3dy53My5vcmcvMjAwMC9zdmciPjwvc3ZnPg==\" style=\"--smush-placeholder-width: 816px; --smush-placeholder-aspect-ratio: 816\/636;\" \/><\/p>\n<p><strong><b>Par\u00e1metro (Especificaci\u00f3n) de <\/b><\/strong><strong><b>Piezas para equipos de limpieza por chorro de agua a 20 kpsi. Para bomba triplex de alta presi\u00f3n Hammelmann WOMA. Anillo gu\u00eda de bomba de 16 mm. <\/b><\/strong><\/p>\n<p>Piezas de repuesto para equipos de limpieza por chorro de agua Panwin de 20 kpsi. Para la bomba triplex de alta presi\u00f3n Hammelmann WOMA, el anillo gu\u00eda de bomba de 16 mm para WOMA est\u00e1 fabricado en acero de tungsteno no magn\u00e9tico de alta calidad, con un tratamiento t\u00e9rmico superior para una calidad excelente.<\/p>","protected":false},"excerpt":{"rendered":"<p>El anillo gu\u00eda de 16 mm para bombas de alta presi\u00f3n Hammelmann WOMA Triplex, piezas para equipos de limpieza por chorro de agua a 20 kpsi, es compatible con los componentes del anillo gu\u00eda del \u00e9mbolo de las bombas l\u00edderes de chorro de agua WOMA. Es de calidad estable y alta eficiencia, y presenta las siguientes caracter\u00edsticas:<\/p>\n<ul>\n<li>Acero de tungsteno no magn\u00e9tico de alta calidad<\/li>\n<li>Excelente mano de obra<\/li>\n<li>Tolerancia de sellado ajustada<\/li>\n<li>Proceso CNC de superficie interior de espejo perfecto<\/li>\n<\/ul>\n<div style=\"width: 1088px;\" class=\"wp-video\"><video class=\"wp-video-shortcode\" id=\"video-1188-1\" width=\"1088\" height=\"1920\" preload=\"metadata\" controls=\"controls\"><source type=\"video\/mp4\" src=\"https:\/\/panwinjet.com\/wp-content\/uploads\/2025\/09\/WOMA-Guiding-Ring-Demo.mp4?_=1\" \/><a href=\"https:\/\/panwinjet.com\/wp-content\/uploads\/2025\/09\/WOMA-Guiding-Ring-Demo.mp4\">https:\/\/panwinjet.com\/wp-content\/uploads\/2025\/09\/WOMA-Guiding-Ring-Demo.mp4<\/a><\/video><\/div>\n<p>Este anillo gu\u00eda de bomba de 16 mm para equipos de limpieza por chorro de agua a presi\u00f3n de 20 kpsi, compatible con la bomba triplex de alta presi\u00f3n Hammelmann WOMA, se aplica a la bomba de presi\u00f3n WOMA de nuevo estilo; es un componente clave y de dise\u00f1o vanguardista.<\/p>\n<p>La bomba puede utilizarse ampliamente en aplicaciones como<\/p>\n<p>Industria de la construcci\u00f3n con chorro de agua a ultra alta presi\u00f3n<\/p>\n<p>Chorro de agua a presi\u00f3n por agua para la industria del hierro, el acero y los metales<\/p>\n<p>Ingenier\u00eda mec\u00e1nica y de aparatos para hidrolavadoras de alta presi\u00f3n<\/p>\n<p>Industria del cemento y el hormig\u00f3n<\/p>\n<p>Limpieza de superficies con barracuda de alta presi\u00f3n<\/p>\n<p>Piezas para equipos de limpieza UHP Hydro Jet<\/p>\n<p>Barras pulverizadoras de limpieza industrial<\/p>\n<p>M\u00e1quina de hidrolavado para la industria de refinaci\u00f3n de petr\u00f3leo<\/p>\n<p>Limpieza de superficies con chorro de agua a presi\u00f3n, limpieza de tanques y recipientes.<\/p>\n<p>Limpieza del intercambiador de calor,<\/p>\n<p>Limpieza de pintura de autom\u00f3viles, limpieza de la industria minera, limpieza de f\u00e1bricas de acero, etc.<\/p>\n<p>Equipos de limpieza de alcantarillado de alta presi\u00f3n para redes de tuber\u00edas municipales de suministro de agua y drenaje;<\/p>\n<p>&nbsp;<\/p>\n<p><strong><b>Detalles de<\/b><\/strong><strong><b>\u00a0<\/b><\/strong><strong><b>Equipo de limpieza por chorro de agua de 40 kpsi Hammelmann de alta presi\u00f3n WOMA UHP 16 mm 18 mm Anillo gu\u00eda de bomba<\/b><\/strong><\/p>\n<p><strong><b>Piezas del equipo de limpieza por chorro de agua a presi\u00f3n de 20 kpsi para la bomba triplex de alta presi\u00f3n Hammelmann WOMA: anillo gu\u00eda de bomba de 16 mm. El di\u00e1metro total es de 47,95 mm. <\/b><\/strong><strong><b>El di\u00e1metro interior c\u00f3nico es de 17,10 mm y de 16,05 mm para el \u00e9mbolo de 16 mm. Es una bomba de chorro de agua de amplia gama para aplicaciones de limpieza con chorro m\u00faltiple, de un solo ca\u00f1\u00f3n y en grupo con bombas WOMA.<\/b><\/strong><\/p>","protected":false},"featured_media":1193,"template":"","meta":[],"product_brand":[],"product_cat":[8,6],"product_tag":[],"class_list":{"0":"post-1188","1":"product","2":"type-product","3":"status-publish","4":"has-post-thumbnail","6":"product_cat-giant-tank-cleaningcutting-device","7":"product_cat-uni-valves-for-uhp-pump","9":"first","10":"instock","11":"shipping-taxable","12":"product-type-simple"},"yoast_head":"<!-- This site is optimized with the Yoast SEO plugin v24.9 - https:\/\/yoast.com\/wordpress\/plugins\/seo\/ -->\n<title>20kpsi Hydro Blasting Cleaning equipment parts For hammelmann WOMA high pressure Triplex pump 16mm Pump guide Ring - Panwin Machinery&amp;Equipment<\/title>\n<meta name=\"robots\" content=\"index, follow, max-snippet:-1, max-image-preview:large, max-video-preview:-1\" \/>\n<link rel=\"canonical\" href=\"https:\/\/panwinjet.com\/es\/producto\/20kpsi-hydro-blasting-cleaning-equipment-parts-for-hammelmann-woma-high-pressure-triplex-pump-16mm-pump-guide-ring\/\" \/>\n<meta property=\"og:locale\" content=\"es_ES\" \/>\n<meta property=\"og:type\" content=\"article\" \/>\n<meta property=\"og:title\" content=\"20kpsi Hydro Blasting Cleaning equipment parts For hammelmann WOMA high pressure Triplex pump 16mm Pump guide Ring - Panwin Machinery&amp;Equipment\" \/>\n<meta property=\"og:description\" content=\"The\u00a020kpsi Hydro Blasting Cleaning equipment parts For hammelmann WOMA high pressure Triplex pump 16mm \u00a0Pump guide Ring is Compatible for Water Blasting leading WOMA Hydro Jet\u00a0Blasting pump Plunger guide ring components, it is stable-quality and high-efficient and features as follows:   High grade quality Non-magnetic tungsten steel  Excellent craftsmanship  Close Sealing tolerance  Perfect Mirror inside Surface CNC process    This 20kpsi Hydro Blasting Cleaning equipment parts For hammelmann WOMA high pressure Triplex pump 16mm \u00a0Pump guide Ring\u00a0is applied to WOMA new style\u00a0pressure pump, it is the key component and high-edge\u00a0design.  The pump can be widely used in Application\u00a0such as  UHP Water Blasting Construction Industry  Hydro Jet blaster Iron, Steel And Metal Industry  high pressure waterblaster\u00a0Mechanical\u00a0and Apparatus Engineering  Cements and Concrete Industry  high pressure barracuda\u00a0Surface cleaning  UHP hydro Jet cleaning equipment parts  Industrial Cleaning Spray Bars  hydro blasting machine\u00a0for petroleum refining industry  Hydro Jet Surface Cleaning,Tank&amp;Vessel Cleaning,  Heat Exchange Cleaning,  Automotive Painting cleaning Mining industry cleaning Steel manufacture cleaning etc.  High pressure sewer cleaning equipment\u00a0for municipal pipe networks\u00a0water supply and drainage pipelines;  &nbsp;  Details of\u00a040kpsi waterjet cleaning equipment \u00a0hammelmann high pressure WOMA UHP 16mm 18mm Pump guide Ring  The 20kpsi Hydro Blasting Cleaning equipment parts For hammelmann WOMA high pressure Triplex pump 16mm \u00a0Pump guide Ring \u00a0Overall diameter is 47.95mm, and Taper inside Diameter is 17.10mm and 16.05mm for 16mm Plunger. It is wide range of Water Blasting applied pump for WOMA pump Muti-gun, single gun and group cleaning jobs.\" \/>\n<meta property=\"og:url\" content=\"https:\/\/panwinjet.com\/es\/producto\/20kpsi-hydro-blasting-cleaning-equipment-parts-for-hammelmann-woma-high-pressure-triplex-pump-16mm-pump-guide-ring\/\" \/>\n<meta property=\"og:site_name\" content=\"Panwin Machinery&amp;Equipment\" \/>\n<meta property=\"article:modified_time\" content=\"2025-09-21T06:56:39+00:00\" \/>\n<meta property=\"og:image\" content=\"https:\/\/panwinjet.com\/wp-content\/uploads\/2025\/09\/WOMA-16mm-Pump-guide-Ring-6.jpg\" \/>\n\t<meta property=\"og:image:width\" content=\"1706\" \/>\n\t<meta property=\"og:image:height\" content=\"1279\" \/>\n\t<meta property=\"og:image:type\" content=\"image\/jpeg\" \/>\n<meta name=\"twitter:card\" content=\"summary_large_image\" \/>\n<meta name=\"twitter:label1\" content=\"Tiempo de lectura\" \/>\n\t<meta name=\"twitter:data1\" content=\"1 minuto\" \/>\n<script type=\"application\/ld+json\" class=\"yoast-schema-graph\">{\"@context\":\"https:\/\/schema.org\",\"@graph\":[{\"@type\":\"WebPage\",\"@id\":\"https:\/\/panwinjet.com\/product\/20kpsi-hydro-blasting-cleaning-equipment-parts-for-hammelmann-woma-high-pressure-triplex-pump-16mm-pump-guide-ring\/\",\"url\":\"https:\/\/panwinjet.com\/product\/20kpsi-hydro-blasting-cleaning-equipment-parts-for-hammelmann-woma-high-pressure-triplex-pump-16mm-pump-guide-ring\/\",\"name\":\"20kpsi Hydro Blasting Cleaning equipment parts For hammelmann WOMA high pressure Triplex pump 16mm Pump guide Ring - Panwin Machinery&amp;Equipment\",\"isPartOf\":{\"@id\":\"https:\/\/panwinjet.com\/#website\"},\"primaryImageOfPage\":{\"@id\":\"https:\/\/panwinjet.com\/product\/20kpsi-hydro-blasting-cleaning-equipment-parts-for-hammelmann-woma-high-pressure-triplex-pump-16mm-pump-guide-ring\/#primaryimage\"},\"image\":{\"@id\":\"https:\/\/panwinjet.com\/product\/20kpsi-hydro-blasting-cleaning-equipment-parts-for-hammelmann-woma-high-pressure-triplex-pump-16mm-pump-guide-ring\/#primaryimage\"},\"thumbnailUrl\":\"https:\/\/panwinjet.com\/wp-content\/uploads\/2025\/09\/WOMA-16mm-Pump-guide-Ring-6.jpg\",\"datePublished\":\"2025-09-21T06:56:38+00:00\",\"dateModified\":\"2025-09-21T06:56:39+00:00\",\"breadcrumb\":{\"@id\":\"https:\/\/panwinjet.com\/product\/20kpsi-hydro-blasting-cleaning-equipment-parts-for-hammelmann-woma-high-pressure-triplex-pump-16mm-pump-guide-ring\/#breadcrumb\"},\"inLanguage\":\"es\",\"potentialAction\":[{\"@type\":\"ReadAction\",\"target\":[\"https:\/\/panwinjet.com\/product\/20kpsi-hydro-blasting-cleaning-equipment-parts-for-hammelmann-woma-high-pressure-triplex-pump-16mm-pump-guide-ring\/\"]}]},{\"@type\":\"ImageObject\",\"inLanguage\":\"es\",\"@id\":\"https:\/\/panwinjet.com\/product\/20kpsi-hydro-blasting-cleaning-equipment-parts-for-hammelmann-woma-high-pressure-triplex-pump-16mm-pump-guide-ring\/#primaryimage\",\"url\":\"https:\/\/panwinjet.com\/wp-content\/uploads\/2025\/09\/WOMA-16mm-Pump-guide-Ring-6.jpg\",\"contentUrl\":\"https:\/\/panwinjet.com\/wp-content\/uploads\/2025\/09\/WOMA-16mm-Pump-guide-Ring-6.jpg\",\"width\":1706,\"height\":1279},{\"@type\":\"BreadcrumbList\",\"@id\":\"https:\/\/panwinjet.com\/product\/20kpsi-hydro-blasting-cleaning-equipment-parts-for-hammelmann-woma-high-pressure-triplex-pump-16mm-pump-guide-ring\/#breadcrumb\",\"itemListElement\":[{\"@type\":\"ListItem\",\"position\":1,\"name\":\"\u9996\u9875\",\"item\":\"https:\/\/panwinjet.com\/\"},{\"@type\":\"ListItem\",\"position\":2,\"name\":\"PRODUCT\",\"item\":\"https:\/\/panwinjet.com\/product\/\"},{\"@type\":\"ListItem\",\"position\":3,\"name\":\"20kpsi Hydro Blasting Cleaning equipment parts For hammelmann WOMA high pressure Triplex pump 16mm Pump guide Ring\"}]},{\"@type\":\"WebSite\",\"@id\":\"https:\/\/panwinjet.com\/#website\",\"url\":\"https:\/\/panwinjet.com\/\",\"name\":\"Panwin Machinery&amp;Equipment\",\"description\":\"Shenzhen Panwin Machinery&amp;Equipment Co.Ltd\",\"potentialAction\":[{\"@type\":\"SearchAction\",\"target\":{\"@type\":\"EntryPoint\",\"urlTemplate\":\"https:\/\/panwinjet.com\/?s={search_term_string}\"},\"query-input\":{\"@type\":\"PropertyValueSpecification\",\"valueRequired\":true,\"valueName\":\"search_term_string\"}}],\"inLanguage\":\"es\"}]}<\/script>\n<!-- \/ Yoast SEO plugin. -->","yoast_head_json":{"title":"20kpsi Hydro Blasting Cleaning equipment parts For hammelmann WOMA high pressure Triplex pump 16mm Pump guide Ring - Panwin Machinery&amp;Equipment","robots":{"index":"index","follow":"follow","max-snippet":"max-snippet:-1","max-image-preview":"max-image-preview:large","max-video-preview":"max-video-preview:-1"},"canonical":"https:\/\/panwinjet.com\/es\/producto\/20kpsi-hydro-blasting-cleaning-equipment-parts-for-hammelmann-woma-high-pressure-triplex-pump-16mm-pump-guide-ring\/","og_locale":"es_ES","og_type":"article","og_title":"20kpsi Hydro Blasting Cleaning equipment parts For hammelmann WOMA high pressure Triplex pump 16mm Pump guide Ring - Panwin Machinery&amp;Equipment","og_description":"The\u00a020kpsi Hydro Blasting Cleaning equipment parts For hammelmann WOMA high pressure Triplex pump 16mm \u00a0Pump guide Ring is Compatible for Water Blasting leading WOMA Hydro Jet\u00a0Blasting pump Plunger guide ring components, it is stable-quality and high-efficient and features as follows:   High grade quality Non-magnetic tungsten steel  Excellent craftsmanship  Close Sealing tolerance  Perfect Mirror inside Surface CNC process    This 20kpsi Hydro Blasting Cleaning equipment parts For hammelmann WOMA high pressure Triplex pump 16mm \u00a0Pump guide Ring\u00a0is applied to WOMA new style\u00a0pressure pump, it is the key component and high-edge\u00a0design.  The pump can be widely used in Application\u00a0such as  UHP Water Blasting Construction Industry  Hydro Jet blaster Iron, Steel And Metal Industry  high pressure waterblaster\u00a0Mechanical\u00a0and Apparatus Engineering  Cements and Concrete Industry  high pressure barracuda\u00a0Surface cleaning  UHP hydro Jet cleaning equipment parts  Industrial Cleaning Spray Bars  hydro blasting machine\u00a0for petroleum refining industry  Hydro Jet Surface Cleaning,Tank&amp;Vessel Cleaning,  Heat Exchange Cleaning,  Automotive Painting cleaning Mining industry cleaning Steel manufacture cleaning etc.  High pressure sewer cleaning equipment\u00a0for municipal pipe networks\u00a0water supply and drainage pipelines;  &nbsp;  Details of\u00a040kpsi waterjet cleaning equipment \u00a0hammelmann high pressure WOMA UHP 16mm 18mm Pump guide Ring  The 20kpsi Hydro Blasting Cleaning equipment parts For hammelmann WOMA high pressure Triplex pump 16mm \u00a0Pump guide Ring \u00a0Overall diameter is 47.95mm, and Taper inside Diameter is 17.10mm and 16.05mm for 16mm Plunger. It is wide range of Water Blasting applied pump for WOMA pump Muti-gun, single gun and group cleaning jobs.","og_url":"https:\/\/panwinjet.com\/es\/producto\/20kpsi-hydro-blasting-cleaning-equipment-parts-for-hammelmann-woma-high-pressure-triplex-pump-16mm-pump-guide-ring\/","og_site_name":"Panwin Machinery&amp;Equipment","article_modified_time":"2025-09-21T06:56:39+00:00","og_image":[{"width":1706,"height":1279,"url":"https:\/\/panwinjet.com\/wp-content\/uploads\/2025\/09\/WOMA-16mm-Pump-guide-Ring-6.jpg","type":"image\/jpeg"}],"twitter_card":"summary_large_image","twitter_misc":{"Tiempo de lectura":"1 minuto"},"schema":{"@context":"https:\/\/schema.org","@graph":[{"@type":"WebPage","@id":"https:\/\/panwinjet.com\/product\/20kpsi-hydro-blasting-cleaning-equipment-parts-for-hammelmann-woma-high-pressure-triplex-pump-16mm-pump-guide-ring\/","url":"https:\/\/panwinjet.com\/product\/20kpsi-hydro-blasting-cleaning-equipment-parts-for-hammelmann-woma-high-pressure-triplex-pump-16mm-pump-guide-ring\/","name":"20kpsi Hydro Blasting Cleaning equipment parts For hammelmann WOMA high pressure Triplex pump 16mm Pump guide Ring - Panwin Machinery&amp;Equipment","isPartOf":{"@id":"https:\/\/panwinjet.com\/#website"},"primaryImageOfPage":{"@id":"https:\/\/panwinjet.com\/product\/20kpsi-hydro-blasting-cleaning-equipment-parts-for-hammelmann-woma-high-pressure-triplex-pump-16mm-pump-guide-ring\/#primaryimage"},"image":{"@id":"https:\/\/panwinjet.com\/product\/20kpsi-hydro-blasting-cleaning-equipment-parts-for-hammelmann-woma-high-pressure-triplex-pump-16mm-pump-guide-ring\/#primaryimage"},"thumbnailUrl":"https:\/\/panwinjet.com\/wp-content\/uploads\/2025\/09\/WOMA-16mm-Pump-guide-Ring-6.jpg","datePublished":"2025-09-21T06:56:38+00:00","dateModified":"2025-09-21T06:56:39+00:00","breadcrumb":{"@id":"https:\/\/panwinjet.com\/product\/20kpsi-hydro-blasting-cleaning-equipment-parts-for-hammelmann-woma-high-pressure-triplex-pump-16mm-pump-guide-ring\/#breadcrumb"},"inLanguage":"es","potentialAction":[{"@type":"ReadAction","target":["https:\/\/panwinjet.com\/product\/20kpsi-hydro-blasting-cleaning-equipment-parts-for-hammelmann-woma-high-pressure-triplex-pump-16mm-pump-guide-ring\/"]}]},{"@type":"ImageObject","inLanguage":"es","@id":"https:\/\/panwinjet.com\/product\/20kpsi-hydro-blasting-cleaning-equipment-parts-for-hammelmann-woma-high-pressure-triplex-pump-16mm-pump-guide-ring\/#primaryimage","url":"https:\/\/panwinjet.com\/wp-content\/uploads\/2025\/09\/WOMA-16mm-Pump-guide-Ring-6.jpg","contentUrl":"https:\/\/panwinjet.com\/wp-content\/uploads\/2025\/09\/WOMA-16mm-Pump-guide-Ring-6.jpg","width":1706,"height":1279},{"@type":"BreadcrumbList","@id":"https:\/\/panwinjet.com\/product\/20kpsi-hydro-blasting-cleaning-equipment-parts-for-hammelmann-woma-high-pressure-triplex-pump-16mm-pump-guide-ring\/#breadcrumb","itemListElement":[{"@type":"ListItem","position":1,"name":"\u9996\u9875","item":"https:\/\/panwinjet.com\/"},{"@type":"ListItem","position":2,"name":"PRODUCT","item":"https:\/\/panwinjet.com\/product\/"},{"@type":"ListItem","position":3,"name":"20kpsi Hydro Blasting Cleaning equipment parts For hammelmann WOMA high pressure Triplex pump 16mm Pump guide Ring"}]},{"@type":"WebSite","@id":"https:\/\/panwinjet.com\/#website","url":"https:\/\/panwinjet.com\/","name":"Panwin Machinery&amp;Equipment","description":"Shenzhen Panwin Machinery&amp;Equipment Co.Ltd","potentialAction":[{"@type":"SearchAction","target":{"@type":"EntryPoint","urlTemplate":"https:\/\/panwinjet.com\/?s={search_term_string}"},"query-input":{"@type":"PropertyValueSpecification","valueRequired":true,"valueName":"search_term_string"}}],"inLanguage":"es"}]}},"_links":{"self":[{"href":"https:\/\/panwinjet.com\/es\/wp-json\/wp\/v2\/product\/1188","targetHints":{"allow":["GET"]}}],"collection":[{"href":"https:\/\/panwinjet.com\/es\/wp-json\/wp\/v2\/product"}],"about":[{"href":"https:\/\/panwinjet.com\/es\/wp-json\/wp\/v2\/types\/product"}],"wp:featuredmedia":[{"embeddable":true,"href":"https:\/\/panwinjet.com\/es\/wp-json\/wp\/v2\/media\/1193"}],"wp:attachment":[{"href":"https:\/\/panwinjet.com\/es\/wp-json\/wp\/v2\/media?parent=1188"}],"wp:term":[{"taxonomy":"product_brand","embeddable":true,"href":"https:\/\/panwinjet.com\/es\/wp-json\/wp\/v2\/product_brand?post=1188"},{"taxonomy":"product_cat","embeddable":true,"href":"https:\/\/panwinjet.com\/es\/wp-json\/wp\/v2\/product_cat?post=1188"},{"taxonomy":"product_tag","embeddable":true,"href":"https:\/\/panwinjet.com\/es\/wp-json\/wp\/v2\/product_tag?post=1188"}],"curies":[{"name":"wp","href":"https:\/\/api.w.org\/{rel}","templated":true}]}}