{"id":1179,"date":"2025-09-21T06:33:04","date_gmt":"2025-09-21T06:33:04","guid":{"rendered":"https:\/\/panwinjet.com\/?post_type=product&#038;p=1179"},"modified":"2025-09-21T06:33:04","modified_gmt":"2025-09-21T06:33:04","slug":"water-blasting-paint-removal-cleaning-machine-parts-20k-hand-trigger-spraying-gun","status":"publish","type":"product","link":"https:\/\/panwinjet.com\/es\/producto\/water-blasting-paint-removal-cleaning-machine-parts-20k-hand-trigger-spraying-gun\/","title":{"rendered":"Piezas de m\u00e1quina de limpieza y eliminaci\u00f3n de pintura con chorro de agua a presi\u00f3n, pistola pulverizadora manual de 20K"},"content":{"rendered":"<p>Piezas de m\u00e1quina de limpieza y eliminaci\u00f3n de pintura con chorro de agua a presi\u00f3n, pistola pulverizadora manual de 20K<\/p>\n<p>1. Presentaci\u00f3n del producto: Piezas para m\u00e1quina de limpieza y eliminaci\u00f3n de pintura con chorro de agua a presi\u00f3n. Pistola pulverizadora manual de gatillo 20K.<br \/>\nLa pistola de pulverizaci\u00f3n manual de 20K para limpieza y eliminaci\u00f3n de pintura con chorro de agua es una herramienta potente e indispensable para cualquier aplicaci\u00f3n de limpieza manual. Esta pistola de control de 20Kpsi ofrece diversas caracter\u00edsticas que priorizan la seguridad, la comodidad, la simplicidad y el ahorro de tiempo.<br \/>\nY con una presi\u00f3n de chorro de 20 kpsi, estas pistolas de control se utilizan para una variedad de aplicaciones de limpieza de superficies, eliminaci\u00f3n de pintura y \u00f3xido, limpieza de tubos y tuber\u00edas, es f\u00e1cil de conectar con las boquillas rotativas, es una herramienta de limpieza perfecta y vers\u00e1til.<\/p>","protected":false},"excerpt":{"rendered":"<p><strong>Caracter\u00edsticas y aplicaciones de la pistola de pulverizaci\u00f3n manual de 20K para la eliminaci\u00f3n de pintura mediante chorro de agua.<\/strong><br \/>\nLas piezas de la m\u00e1quina de limpieza con chorro de agua para eliminar pintura, las piezas de la m\u00e1quina de limpieza con chorro de agua para eliminar pintura y la pistola pulverizadora manual de gatillo 20K ofrecen un rendimiento estable y potente en la limpieza con chorro de agua, gracias a su dise\u00f1o \u00fanico y caracter\u00edsticas avanzadas, que se enumeran a continuaci\u00f3n:<\/p>\n<p>1: Dise\u00f1o de cartucho reemplazable en campo en pocos minutos para un tiempo de inactividad m\u00ednimo.<br \/>\n2: Distancia de 48\u201d desde el gatillo principal hasta el extremo del ca\u00f1\u00f3n para garantizar la m\u00e1xima seguridad del operador.<br \/>\n3: Ligero.<br \/>\n4: Los modelos DCP cuentan con una almohadilla corporal totalmente ajustable para lograr la m\u00e1xima comodidad del operador en cualquier posici\u00f3n (hombro, cadera, pecho, etc.).<br \/>\n5: Empu\u00f1adura secundaria ajustable incluida con los modelos de gatillo \u00fanico.<br \/>\n6: Los modelos de doble gatillo requieren que ambos gatillos est\u00e9n accionados para poder funcionar.<br \/>\nPresi\u00f3n del sistema para m\u00e1xima seguridad del operador.<br \/>\n7: Todos los componentes que soportan presi\u00f3n son de acero inoxidable.<br \/>\n8: Todas las pistolas est\u00e1n codificadas por color azul para mayor seguridad a 20Kpsi (1379 bar).<\/p>\n<div style=\"width: 720px;\" class=\"wp-video\"><video class=\"wp-video-shortcode\" id=\"video-1179-1\" width=\"720\" height=\"1264\" preload=\"metadata\" controls=\"controls\"><source type=\"video\/mp4\" src=\"https:\/\/panwinjet.com\/wp-content\/uploads\/2025\/09\/\u89c6\u9891.mp4?_=1\" \/><a href=\"https:\/\/panwinjet.com\/wp-content\/uploads\/2025\/09\/\u89c6\u9891.mp4\">https:\/\/panwinjet.com\/wp-content\/uploads\/2025\/09\/\u89c6\u9891.mp4<\/a><\/video><\/div>\n<p>Solicitud:<br \/>\nEn Panwin, fabricamos piezas para m\u00e1quinas de limpieza con chorro de agua a presi\u00f3n de 20000 psi, incluyendo una pistola de control manual de 20k con un precio competitivo. Esta pistola de control manual es indispensable en cualquier aplicaci\u00f3n de limpieza manual con lanza, gracias a su alta calidad y excelente rendimiento de pulverizaci\u00f3n. Puede utilizarse ampliamente en limpieza de superficies, limpieza de tanques y recipientes, limpieza de pintura automotriz, limpieza en la industria minera, limpieza en la fabricaci\u00f3n de acero, industria de la construcci\u00f3n, etc.<\/p>","protected":false},"featured_media":1184,"template":"","meta":[],"product_brand":[],"product_cat":[4],"product_tag":[],"class_list":{"0":"post-1179","1":"product","2":"type-product","3":"status-publish","4":"has-post-thumbnail","6":"product_cat-uhp-blasting-hand-air-gun","8":"first","9":"instock","10":"shipping-taxable","11":"product-type-simple"},"yoast_head":"<!-- This site is optimized with the Yoast SEO plugin v24.9 - https:\/\/yoast.com\/wordpress\/plugins\/seo\/ -->\n<title>Water blasting Paint removal cleaning machine parts 20K Hand Trigger Spraying Gun - Panwin Machinery&amp;Equipment<\/title>\n<meta name=\"robots\" content=\"index, follow, max-snippet:-1, max-image-preview:large, max-video-preview:-1\" \/>\n<link rel=\"canonical\" href=\"https:\/\/panwinjet.com\/es\/producto\/water-blasting-paint-removal-cleaning-machine-parts-20k-hand-trigger-spraying-gun\/\" \/>\n<meta property=\"og:locale\" content=\"es_ES\" \/>\n<meta property=\"og:type\" content=\"article\" \/>\n<meta property=\"og:title\" content=\"Water blasting Paint removal cleaning machine parts 20K Hand Trigger Spraying Gun - Panwin Machinery&amp;Equipment\" \/>\n<meta property=\"og:description\" content=\"Feature And Application of Water blasting Paint removal cleaning machine parts 20K Hand Trigger Spraying Gun The Water blasting Paint removal cleaning machine parts Water blasting Painmat removal cleaning\u00a0chine parts 20K Hand Trigger Spraying Gun perform stably and powerful in water blasting cleaning, due to its unique design and advanced features, which list as follows:  1:few minute field replaceable cartridge design for minimal downtime. 2: 48\u02dd distance from primary trigger to end of barrel to ensure Max operator safety. 3: Lightweight. 4:DCP models feature fully adjustable body pad for maximum operator comfort in any position (shoulder, hip, chest, etc.). 5:Adjustable secondary grip included with single trigger models. 6:Dual trigger models require both triggers to be engaged in order to build system pressure for maximum operator safety. 7: All pressure-bearing components are stainless steel. 8:All Hand Guns are color-coded blue for added safety at 20Kpsi (1379 bar).    Application: We Panwin is the manufacturer of this 20000psi Pressure Water blasting cleaning machine parts 20k Hand Control gun with competitive price, and this hand control gun is a necessity in any hand lancing application, due to its high-quality and excellent spraying performance and it can be widely used in surface cleaning,Tank&amp;Vessel Cleaning,Automotive Painting cleaning,Mining industry cleaning,Steel manufacture cleaning, Construction industry etc.\" \/>\n<meta property=\"og:url\" content=\"https:\/\/panwinjet.com\/es\/producto\/water-blasting-paint-removal-cleaning-machine-parts-20k-hand-trigger-spraying-gun\/\" \/>\n<meta property=\"og:site_name\" content=\"Panwin Machinery&amp;Equipment\" \/>\n<meta property=\"og:image\" content=\"https:\/\/panwinjet.com\/wp-content\/uploads\/2025\/09\/2500Bar-Trigger-Hand-Gun-6.png\" \/>\n\t<meta property=\"og:image:width\" content=\"1032\" \/>\n\t<meta property=\"og:image:height\" content=\"815\" \/>\n\t<meta property=\"og:image:type\" content=\"image\/png\" \/>\n<meta name=\"twitter:card\" content=\"summary_large_image\" \/>\n<meta name=\"twitter:label1\" content=\"Tiempo de lectura\" \/>\n\t<meta name=\"twitter:data1\" content=\"1 minuto\" \/>\n<script type=\"application\/ld+json\" class=\"yoast-schema-graph\">{\"@context\":\"https:\/\/schema.org\",\"@graph\":[{\"@type\":\"WebPage\",\"@id\":\"https:\/\/panwinjet.com\/product\/water-blasting-paint-removal-cleaning-machine-parts-20k-hand-trigger-spraying-gun\/\",\"url\":\"https:\/\/panwinjet.com\/product\/water-blasting-paint-removal-cleaning-machine-parts-20k-hand-trigger-spraying-gun\/\",\"name\":\"Water blasting Paint removal cleaning machine parts 20K Hand Trigger Spraying Gun - Panwin Machinery&amp;Equipment\",\"isPartOf\":{\"@id\":\"https:\/\/panwinjet.com\/#website\"},\"primaryImageOfPage\":{\"@id\":\"https:\/\/panwinjet.com\/product\/water-blasting-paint-removal-cleaning-machine-parts-20k-hand-trigger-spraying-gun\/#primaryimage\"},\"image\":{\"@id\":\"https:\/\/panwinjet.com\/product\/water-blasting-paint-removal-cleaning-machine-parts-20k-hand-trigger-spraying-gun\/#primaryimage\"},\"thumbnailUrl\":\"https:\/\/panwinjet.com\/wp-content\/uploads\/2025\/09\/2500Bar-Trigger-Hand-Gun-6.png\",\"datePublished\":\"2025-09-21T06:33:04+00:00\",\"breadcrumb\":{\"@id\":\"https:\/\/panwinjet.com\/product\/water-blasting-paint-removal-cleaning-machine-parts-20k-hand-trigger-spraying-gun\/#breadcrumb\"},\"inLanguage\":\"es\",\"potentialAction\":[{\"@type\":\"ReadAction\",\"target\":[\"https:\/\/panwinjet.com\/product\/water-blasting-paint-removal-cleaning-machine-parts-20k-hand-trigger-spraying-gun\/\"]}]},{\"@type\":\"ImageObject\",\"inLanguage\":\"es\",\"@id\":\"https:\/\/panwinjet.com\/product\/water-blasting-paint-removal-cleaning-machine-parts-20k-hand-trigger-spraying-gun\/#primaryimage\",\"url\":\"https:\/\/panwinjet.com\/wp-content\/uploads\/2025\/09\/2500Bar-Trigger-Hand-Gun-6.png\",\"contentUrl\":\"https:\/\/panwinjet.com\/wp-content\/uploads\/2025\/09\/2500Bar-Trigger-Hand-Gun-6.png\",\"width\":1032,\"height\":815},{\"@type\":\"BreadcrumbList\",\"@id\":\"https:\/\/panwinjet.com\/product\/water-blasting-paint-removal-cleaning-machine-parts-20k-hand-trigger-spraying-gun\/#breadcrumb\",\"itemListElement\":[{\"@type\":\"ListItem\",\"position\":1,\"name\":\"\u9996\u9875\",\"item\":\"https:\/\/panwinjet.com\/\"},{\"@type\":\"ListItem\",\"position\":2,\"name\":\"PRODUCT\",\"item\":\"https:\/\/panwinjet.com\/product\/\"},{\"@type\":\"ListItem\",\"position\":3,\"name\":\"Water blasting Paint removal cleaning machine parts 20K Hand Trigger Spraying Gun\"}]},{\"@type\":\"WebSite\",\"@id\":\"https:\/\/panwinjet.com\/#website\",\"url\":\"https:\/\/panwinjet.com\/\",\"name\":\"Panwin Machinery&amp;Equipment\",\"description\":\"Shenzhen Panwin Machinery&amp;Equipment Co.Ltd\",\"potentialAction\":[{\"@type\":\"SearchAction\",\"target\":{\"@type\":\"EntryPoint\",\"urlTemplate\":\"https:\/\/panwinjet.com\/?s={search_term_string}\"},\"query-input\":{\"@type\":\"PropertyValueSpecification\",\"valueRequired\":true,\"valueName\":\"search_term_string\"}}],\"inLanguage\":\"es\"}]}<\/script>\n<!-- \/ Yoast SEO plugin. -->","yoast_head_json":{"title":"Water blasting Paint removal cleaning machine parts 20K Hand Trigger Spraying Gun - Panwin Machinery&amp;Equipment","robots":{"index":"index","follow":"follow","max-snippet":"max-snippet:-1","max-image-preview":"max-image-preview:large","max-video-preview":"max-video-preview:-1"},"canonical":"https:\/\/panwinjet.com\/es\/producto\/water-blasting-paint-removal-cleaning-machine-parts-20k-hand-trigger-spraying-gun\/","og_locale":"es_ES","og_type":"article","og_title":"Water blasting Paint removal cleaning machine parts 20K Hand Trigger Spraying Gun - Panwin Machinery&amp;Equipment","og_description":"Feature And Application of Water blasting Paint removal cleaning machine parts 20K Hand Trigger Spraying Gun The Water blasting Paint removal cleaning machine parts Water blasting Painmat removal cleaning\u00a0chine parts 20K Hand Trigger Spraying Gun perform stably and powerful in water blasting cleaning, due to its unique design and advanced features, which list as follows:  1:few minute field replaceable cartridge design for minimal downtime. 2: 48\u02dd distance from primary trigger to end of barrel to ensure Max operator safety. 3: Lightweight. 4:DCP models feature fully adjustable body pad for maximum operator comfort in any position (shoulder, hip, chest, etc.). 5:Adjustable secondary grip included with single trigger models. 6:Dual trigger models require both triggers to be engaged in order to build system pressure for maximum operator safety. 7: All pressure-bearing components are stainless steel. 8:All Hand Guns are color-coded blue for added safety at 20Kpsi (1379 bar).    Application: We Panwin is the manufacturer of this 20000psi Pressure Water blasting cleaning machine parts 20k Hand Control gun with competitive price, and this hand control gun is a necessity in any hand lancing application, due to its high-quality and excellent spraying performance and it can be widely used in surface cleaning,Tank&amp;Vessel Cleaning,Automotive Painting cleaning,Mining industry cleaning,Steel manufacture cleaning, Construction industry etc.","og_url":"https:\/\/panwinjet.com\/es\/producto\/water-blasting-paint-removal-cleaning-machine-parts-20k-hand-trigger-spraying-gun\/","og_site_name":"Panwin Machinery&amp;Equipment","og_image":[{"width":1032,"height":815,"url":"https:\/\/panwinjet.com\/wp-content\/uploads\/2025\/09\/2500Bar-Trigger-Hand-Gun-6.png","type":"image\/png"}],"twitter_card":"summary_large_image","twitter_misc":{"Tiempo de lectura":"1 minuto"},"schema":{"@context":"https:\/\/schema.org","@graph":[{"@type":"WebPage","@id":"https:\/\/panwinjet.com\/product\/water-blasting-paint-removal-cleaning-machine-parts-20k-hand-trigger-spraying-gun\/","url":"https:\/\/panwinjet.com\/product\/water-blasting-paint-removal-cleaning-machine-parts-20k-hand-trigger-spraying-gun\/","name":"Water blasting Paint removal cleaning machine parts 20K Hand Trigger Spraying Gun - Panwin Machinery&amp;Equipment","isPartOf":{"@id":"https:\/\/panwinjet.com\/#website"},"primaryImageOfPage":{"@id":"https:\/\/panwinjet.com\/product\/water-blasting-paint-removal-cleaning-machine-parts-20k-hand-trigger-spraying-gun\/#primaryimage"},"image":{"@id":"https:\/\/panwinjet.com\/product\/water-blasting-paint-removal-cleaning-machine-parts-20k-hand-trigger-spraying-gun\/#primaryimage"},"thumbnailUrl":"https:\/\/panwinjet.com\/wp-content\/uploads\/2025\/09\/2500Bar-Trigger-Hand-Gun-6.png","datePublished":"2025-09-21T06:33:04+00:00","breadcrumb":{"@id":"https:\/\/panwinjet.com\/product\/water-blasting-paint-removal-cleaning-machine-parts-20k-hand-trigger-spraying-gun\/#breadcrumb"},"inLanguage":"es","potentialAction":[{"@type":"ReadAction","target":["https:\/\/panwinjet.com\/product\/water-blasting-paint-removal-cleaning-machine-parts-20k-hand-trigger-spraying-gun\/"]}]},{"@type":"ImageObject","inLanguage":"es","@id":"https:\/\/panwinjet.com\/product\/water-blasting-paint-removal-cleaning-machine-parts-20k-hand-trigger-spraying-gun\/#primaryimage","url":"https:\/\/panwinjet.com\/wp-content\/uploads\/2025\/09\/2500Bar-Trigger-Hand-Gun-6.png","contentUrl":"https:\/\/panwinjet.com\/wp-content\/uploads\/2025\/09\/2500Bar-Trigger-Hand-Gun-6.png","width":1032,"height":815},{"@type":"BreadcrumbList","@id":"https:\/\/panwinjet.com\/product\/water-blasting-paint-removal-cleaning-machine-parts-20k-hand-trigger-spraying-gun\/#breadcrumb","itemListElement":[{"@type":"ListItem","position":1,"name":"\u9996\u9875","item":"https:\/\/panwinjet.com\/"},{"@type":"ListItem","position":2,"name":"PRODUCT","item":"https:\/\/panwinjet.com\/product\/"},{"@type":"ListItem","position":3,"name":"Water blasting Paint removal cleaning machine parts 20K Hand Trigger Spraying Gun"}]},{"@type":"WebSite","@id":"https:\/\/panwinjet.com\/#website","url":"https:\/\/panwinjet.com\/","name":"Panwin Machinery&amp;Equipment","description":"Shenzhen Panwin Machinery&amp;Equipment Co.Ltd","potentialAction":[{"@type":"SearchAction","target":{"@type":"EntryPoint","urlTemplate":"https:\/\/panwinjet.com\/?s={search_term_string}"},"query-input":{"@type":"PropertyValueSpecification","valueRequired":true,"valueName":"search_term_string"}}],"inLanguage":"es"}]}},"_links":{"self":[{"href":"https:\/\/panwinjet.com\/es\/wp-json\/wp\/v2\/product\/1179","targetHints":{"allow":["GET"]}}],"collection":[{"href":"https:\/\/panwinjet.com\/es\/wp-json\/wp\/v2\/product"}],"about":[{"href":"https:\/\/panwinjet.com\/es\/wp-json\/wp\/v2\/types\/product"}],"wp:featuredmedia":[{"embeddable":true,"href":"https:\/\/panwinjet.com\/es\/wp-json\/wp\/v2\/media\/1184"}],"wp:attachment":[{"href":"https:\/\/panwinjet.com\/es\/wp-json\/wp\/v2\/media?parent=1179"}],"wp:term":[{"taxonomy":"product_brand","embeddable":true,"href":"https:\/\/panwinjet.com\/es\/wp-json\/wp\/v2\/product_brand?post=1179"},{"taxonomy":"product_cat","embeddable":true,"href":"https:\/\/panwinjet.com\/es\/wp-json\/wp\/v2\/product_cat?post=1179"},{"taxonomy":"product_tag","embeddable":true,"href":"https:\/\/panwinjet.com\/es\/wp-json\/wp\/v2\/product_tag?post=1179"}],"curies":[{"name":"wp","href":"https:\/\/api.w.org\/{rel}","templated":true}]}}