{"id":1165,"date":"2025-09-20T08:52:47","date_gmt":"2025-09-20T08:52:47","guid":{"rendered":"https:\/\/panwinjet.com\/?post_type=product&#038;p=1165"},"modified":"2025-09-20T11:41:29","modified_gmt":"2025-09-20T11:41:29","slug":"pipeline-ultra-high-pressure-water-blasting-cleaning-machine-parts-flow-40k2ol-uni-valve","status":"publish","type":"product","link":"https:\/\/panwinjet.com\/es\/producto\/pipeline-ultra-high-pressure-water-blasting-cleaning-machine-parts-flow-40k2ol-uni-valve\/","title":{"rendered":"Piezas de la m\u00e1quina de limpieza por chorro de agua a ultra alta presi\u00f3n para tuber\u00edas Flow 40K2OL Uni-Valve"},"content":{"rendered":"<p><strong><b>Introducci\u00f3n de <\/b><\/strong><strong><b>Piezas de la m\u00e1quina de limpieza por chorro de agua a ultra alta presi\u00f3n para tuber\u00edas Flow 40K2OL Uni-Valve<\/b><\/strong><\/p>\n<p>La v\u00e1lvula unidireccional FLow 40K2OL de la m\u00e1quina de limpieza con chorro de agua a ultra alta presi\u00f3n Pipeline ha sido fabricada para una gran variedad de tareas de limpieza, pintura de superficies, etc., y se utiliza en bombas de chorro de agua a alta presi\u00f3n Flow.<\/p>\n<p><strong><b>\u00a0<\/b><\/strong><b><\/b><strong><b>Par\u00e1metro (Especificaci\u00f3n) de<\/b><\/strong><b><\/b><strong><b>Piezas de la m\u00e1quina de limpieza por chorro de agua a ultra alta presi\u00f3n para tuber\u00edas FLOW 40K2OL Uni-Valve<\/b><\/strong><strong><b>\u00a0Cartucho<\/b><\/strong><\/p>\n<p>La m\u00e1quina de limpieza por chorro de agua a ultra alta presi\u00f3n para tuber\u00edas FLOW 40K2OL Uni-Valve est\u00e1 fabricada con acero inoxidable de alta calidad y sometida a un tratamiento t\u00e9rmico superior para una calidad excelente. Ofrece una potente capacidad de limpieza de superficies por pulverizaci\u00f3n y un tratamiento de orificios para una larga vida \u00fatil, adem\u00e1s de ser duradera y fiable.<\/p>\n<p><img decoding=\"async\" class=\"aligncenter size-full wp-image-1170 lazyload\" data-src=\"https:\/\/panwinjet.com\/wp-content\/uploads\/2025\/09\/FL-40K-Univalve-\u7ed3\u6784\u56fe.png\" alt=\"\" width=\"809\" height=\"744\" data-srcset=\"https:\/\/panwinjet.com\/wp-content\/uploads\/2025\/09\/FL-40K-Univalve-\u7ed3\u6784\u56fe.png 809w, https:\/\/panwinjet.com\/wp-content\/uploads\/2025\/09\/FL-40K-Univalve-\u7ed3\u6784\u56fe-500x460.png 500w, https:\/\/panwinjet.com\/wp-content\/uploads\/2025\/09\/FL-40K-Univalve-\u7ed3\u6784\u56fe-300x276.png 300w, https:\/\/panwinjet.com\/wp-content\/uploads\/2025\/09\/FL-40K-Univalve-\u7ed3\u6784\u56fe-768x706.png 768w, https:\/\/panwinjet.com\/wp-content\/uploads\/2025\/09\/FL-40K-Univalve-\u7ed3\u6784\u56fe-82x75.png 82w, https:\/\/panwinjet.com\/wp-content\/uploads\/2025\/09\/FL-40K-Univalve-\u7ed3\u6784\u56fe-480x441.png 480w, https:\/\/panwinjet.com\/wp-content\/uploads\/2025\/09\/FL-40K-Univalve-\u7ed3\u6784\u56fe-800x736.png 800w\" data-sizes=\"(max-width:767px) 480px, (max-width:809px) 100vw, 809px\" src=\"data:image\/svg+xml;base64,PHN2ZyB3aWR0aD0iMSIgaGVpZ2h0PSIxIiB4bWxucz0iaHR0cDovL3d3dy53My5vcmcvMjAwMC9zdmciPjwvc3ZnPg==\" style=\"--smush-placeholder-width: 809px; --smush-placeholder-aspect-ratio: 809\/744;\" \/><\/p>","protected":false},"excerpt":{"rendered":"<p><b><\/b><strong><b>\u00a0Caracter\u00edsticas y aplicaciones de <\/b><\/strong><strong><b>Piezas de la m\u00e1quina de limpieza de tuber\u00edas con chorro de agua a ultra alta presi\u00f3n FL40K2OL Uni-Valve<\/b><\/strong><strong><b>conjuntos de cartuchos<\/b><\/strong><\/p>\n<p>Este conjunto de cartuchos para chorro de agua a presi\u00f3n en tuber\u00edas FLow 40K2OL Uni-Valve es un componente clave de la bomba de \u00e9mbolo triplex Flow Advantage; es de calidad estable y alta eficiencia, y presenta las siguientes caracter\u00edsticas:<\/p>\n<p>A: Material SST de alta calidad<\/p>\n<p>B: Producci\u00f3n de mano de obra superior<\/p>\n<p>C: F\u00e1cil instalaci\u00f3n y aplicaci\u00f3n<\/p>\n<p>D: Rendimiento estable<\/p>\n<p>&nbsp;<\/p>\n<p><strong><b>Solicitud:<\/b><\/strong><\/p>\n<p>Este conjunto de cartuchos Uni-Valve FL40K2OL, pieza de la m\u00e1quina de limpieza por chorro de agua a ultra alta presi\u00f3n para tuber\u00edas, se utiliza en la bomba de \u00e9mbolo Flow Triplex. Es un componente clave de dise\u00f1o avanzado. La bomba se puede utilizar ampliamente en limpieza de superficies, limpieza de tanques y recipientes, limpieza de pintura automotriz, limpieza en la industria minera, limpieza en la fabricaci\u00f3n de acero, industria de la construcci\u00f3n, etc.<\/p>","protected":false},"featured_media":1167,"template":"","meta":[],"product_brand":[],"product_cat":[6],"product_tag":[],"class_list":{"0":"post-1165","1":"product","2":"type-product","3":"status-publish","4":"has-post-thumbnail","6":"product_cat-uni-valves-for-uhp-pump","8":"first","9":"instock","10":"shipping-taxable","11":"product-type-simple"},"yoast_head":"<!-- This site is optimized with the Yoast SEO plugin v24.9 - https:\/\/yoast.com\/wordpress\/plugins\/seo\/ -->\n<title>Pipeline Ultra-high Pressure Water blasting cleaning machine parts Flow 40K2OL Uni-Valve - Panwin Machinery&amp;Equipment<\/title>\n<meta name=\"robots\" content=\"index, follow, max-snippet:-1, max-image-preview:large, max-video-preview:-1\" \/>\n<link rel=\"canonical\" href=\"https:\/\/panwinjet.com\/es\/producto\/pipeline-ultra-high-pressure-water-blasting-cleaning-machine-parts-flow-40k2ol-uni-valve\/\" \/>\n<meta property=\"og:locale\" content=\"es_ES\" \/>\n<meta property=\"og:type\" content=\"article\" \/>\n<meta property=\"og:title\" content=\"Pipeline Ultra-high Pressure Water blasting cleaning machine parts Flow 40K2OL Uni-Valve - Panwin Machinery&amp;Equipment\" \/>\n<meta property=\"og:description\" content=\"\u00a0Feature And Application of Pipeline Ultra-high Pressure Water blasting cleaning machine parts FL40K2OL Uni-Valvecartridge assemblies  This Pipeline Water blasting FLow 40K2OL Uni-Valve cartridge assemblies is for Flow advantage triplex plunger pump key components, it is stable-quality and high-efficient and features as follows:  A:High-Classed quality SST material  B:Superior workmanship production  C:Easy installation and Applied  D:Stable performance  &nbsp;  Application:  This Pipeline Ultra-high Pressure Water blasting cleaning machine parts FL40K2OL Uni-Valve\u00a0cartridge assemblies is used in Flow Triplex plunger pump, it is the key components and advanced design.And the pump can be widely used in surface cleaning,Tank&amp;Vessel Cleaning,Automotive Painting cleaning,Mining industry cleaning,Steel manufacture cleaning, Construction industry\u00a0etc.\" \/>\n<meta property=\"og:url\" content=\"https:\/\/panwinjet.com\/es\/producto\/pipeline-ultra-high-pressure-water-blasting-cleaning-machine-parts-flow-40k2ol-uni-valve\/\" \/>\n<meta property=\"og:site_name\" content=\"Panwin Machinery&amp;Equipment\" \/>\n<meta property=\"article:modified_time\" content=\"2025-09-20T11:41:29+00:00\" \/>\n<meta property=\"og:image\" content=\"https:\/\/panwinjet.com\/wp-content\/uploads\/2025\/09\/FL40-Uni-Valve-3-scaled.jpg\" \/>\n\t<meta property=\"og:image:width\" content=\"1920\" \/>\n\t<meta property=\"og:image:height\" content=\"2560\" \/>\n\t<meta property=\"og:image:type\" content=\"image\/jpeg\" \/>\n<meta name=\"twitter:card\" content=\"summary_large_image\" \/>\n<meta name=\"twitter:label1\" content=\"Tiempo de lectura\" \/>\n\t<meta name=\"twitter:data1\" content=\"1 minuto\" \/>\n<script type=\"application\/ld+json\" class=\"yoast-schema-graph\">{\"@context\":\"https:\/\/schema.org\",\"@graph\":[{\"@type\":\"WebPage\",\"@id\":\"https:\/\/panwinjet.com\/product\/pipeline-ultra-high-pressure-water-blasting-cleaning-machine-parts-flow-40k2ol-uni-valve\/\",\"url\":\"https:\/\/panwinjet.com\/product\/pipeline-ultra-high-pressure-water-blasting-cleaning-machine-parts-flow-40k2ol-uni-valve\/\",\"name\":\"Pipeline Ultra-high Pressure Water blasting cleaning machine parts Flow 40K2OL Uni-Valve - Panwin Machinery&amp;Equipment\",\"isPartOf\":{\"@id\":\"https:\/\/panwinjet.com\/#website\"},\"primaryImageOfPage\":{\"@id\":\"https:\/\/panwinjet.com\/product\/pipeline-ultra-high-pressure-water-blasting-cleaning-machine-parts-flow-40k2ol-uni-valve\/#primaryimage\"},\"image\":{\"@id\":\"https:\/\/panwinjet.com\/product\/pipeline-ultra-high-pressure-water-blasting-cleaning-machine-parts-flow-40k2ol-uni-valve\/#primaryimage\"},\"thumbnailUrl\":\"https:\/\/panwinjet.com\/wp-content\/uploads\/2025\/09\/FL40-Uni-Valve-3-scaled.jpg\",\"datePublished\":\"2025-09-20T08:52:47+00:00\",\"dateModified\":\"2025-09-20T11:41:29+00:00\",\"breadcrumb\":{\"@id\":\"https:\/\/panwinjet.com\/product\/pipeline-ultra-high-pressure-water-blasting-cleaning-machine-parts-flow-40k2ol-uni-valve\/#breadcrumb\"},\"inLanguage\":\"es\",\"potentialAction\":[{\"@type\":\"ReadAction\",\"target\":[\"https:\/\/panwinjet.com\/product\/pipeline-ultra-high-pressure-water-blasting-cleaning-machine-parts-flow-40k2ol-uni-valve\/\"]}]},{\"@type\":\"ImageObject\",\"inLanguage\":\"es\",\"@id\":\"https:\/\/panwinjet.com\/product\/pipeline-ultra-high-pressure-water-blasting-cleaning-machine-parts-flow-40k2ol-uni-valve\/#primaryimage\",\"url\":\"https:\/\/panwinjet.com\/wp-content\/uploads\/2025\/09\/FL40-Uni-Valve-3-scaled.jpg\",\"contentUrl\":\"https:\/\/panwinjet.com\/wp-content\/uploads\/2025\/09\/FL40-Uni-Valve-3-scaled.jpg\",\"width\":1920,\"height\":2560},{\"@type\":\"BreadcrumbList\",\"@id\":\"https:\/\/panwinjet.com\/product\/pipeline-ultra-high-pressure-water-blasting-cleaning-machine-parts-flow-40k2ol-uni-valve\/#breadcrumb\",\"itemListElement\":[{\"@type\":\"ListItem\",\"position\":1,\"name\":\"\u9996\u9875\",\"item\":\"https:\/\/panwinjet.com\/\"},{\"@type\":\"ListItem\",\"position\":2,\"name\":\"PRODUCT\",\"item\":\"https:\/\/panwinjet.com\/product\/\"},{\"@type\":\"ListItem\",\"position\":3,\"name\":\"Pipeline Ultra-high Pressure Water blasting cleaning machine parts Flow 40K2OL Uni-Valve\"}]},{\"@type\":\"WebSite\",\"@id\":\"https:\/\/panwinjet.com\/#website\",\"url\":\"https:\/\/panwinjet.com\/\",\"name\":\"Panwin Machinery&amp;Equipment\",\"description\":\"Shenzhen Panwin Machinery&amp;Equipment Co.Ltd\",\"potentialAction\":[{\"@type\":\"SearchAction\",\"target\":{\"@type\":\"EntryPoint\",\"urlTemplate\":\"https:\/\/panwinjet.com\/?s={search_term_string}\"},\"query-input\":{\"@type\":\"PropertyValueSpecification\",\"valueRequired\":true,\"valueName\":\"search_term_string\"}}],\"inLanguage\":\"es\"}]}<\/script>\n<!-- \/ Yoast SEO plugin. -->","yoast_head_json":{"title":"Pipeline Ultra-high Pressure Water blasting cleaning machine parts Flow 40K2OL Uni-Valve - Panwin Machinery&amp;Equipment","robots":{"index":"index","follow":"follow","max-snippet":"max-snippet:-1","max-image-preview":"max-image-preview:large","max-video-preview":"max-video-preview:-1"},"canonical":"https:\/\/panwinjet.com\/es\/producto\/pipeline-ultra-high-pressure-water-blasting-cleaning-machine-parts-flow-40k2ol-uni-valve\/","og_locale":"es_ES","og_type":"article","og_title":"Pipeline Ultra-high Pressure Water blasting cleaning machine parts Flow 40K2OL Uni-Valve - Panwin Machinery&amp;Equipment","og_description":"\u00a0Feature And Application of Pipeline Ultra-high Pressure Water blasting cleaning machine parts FL40K2OL Uni-Valvecartridge assemblies  This Pipeline Water blasting FLow 40K2OL Uni-Valve cartridge assemblies is for Flow advantage triplex plunger pump key components, it is stable-quality and high-efficient and features as follows:  A:High-Classed quality SST material  B:Superior workmanship production  C:Easy installation and Applied  D:Stable performance  &nbsp;  Application:  This Pipeline Ultra-high Pressure Water blasting cleaning machine parts FL40K2OL Uni-Valve\u00a0cartridge assemblies is used in Flow Triplex plunger pump, it is the key components and advanced design.And the pump can be widely used in surface cleaning,Tank&amp;Vessel Cleaning,Automotive Painting cleaning,Mining industry cleaning,Steel manufacture cleaning, Construction industry\u00a0etc.","og_url":"https:\/\/panwinjet.com\/es\/producto\/pipeline-ultra-high-pressure-water-blasting-cleaning-machine-parts-flow-40k2ol-uni-valve\/","og_site_name":"Panwin Machinery&amp;Equipment","article_modified_time":"2025-09-20T11:41:29+00:00","og_image":[{"width":1920,"height":2560,"url":"https:\/\/panwinjet.com\/wp-content\/uploads\/2025\/09\/FL40-Uni-Valve-3-scaled.jpg","type":"image\/jpeg"}],"twitter_card":"summary_large_image","twitter_misc":{"Tiempo de lectura":"1 minuto"},"schema":{"@context":"https:\/\/schema.org","@graph":[{"@type":"WebPage","@id":"https:\/\/panwinjet.com\/product\/pipeline-ultra-high-pressure-water-blasting-cleaning-machine-parts-flow-40k2ol-uni-valve\/","url":"https:\/\/panwinjet.com\/product\/pipeline-ultra-high-pressure-water-blasting-cleaning-machine-parts-flow-40k2ol-uni-valve\/","name":"Pipeline Ultra-high Pressure Water blasting cleaning machine parts Flow 40K2OL Uni-Valve - Panwin Machinery&amp;Equipment","isPartOf":{"@id":"https:\/\/panwinjet.com\/#website"},"primaryImageOfPage":{"@id":"https:\/\/panwinjet.com\/product\/pipeline-ultra-high-pressure-water-blasting-cleaning-machine-parts-flow-40k2ol-uni-valve\/#primaryimage"},"image":{"@id":"https:\/\/panwinjet.com\/product\/pipeline-ultra-high-pressure-water-blasting-cleaning-machine-parts-flow-40k2ol-uni-valve\/#primaryimage"},"thumbnailUrl":"https:\/\/panwinjet.com\/wp-content\/uploads\/2025\/09\/FL40-Uni-Valve-3-scaled.jpg","datePublished":"2025-09-20T08:52:47+00:00","dateModified":"2025-09-20T11:41:29+00:00","breadcrumb":{"@id":"https:\/\/panwinjet.com\/product\/pipeline-ultra-high-pressure-water-blasting-cleaning-machine-parts-flow-40k2ol-uni-valve\/#breadcrumb"},"inLanguage":"es","potentialAction":[{"@type":"ReadAction","target":["https:\/\/panwinjet.com\/product\/pipeline-ultra-high-pressure-water-blasting-cleaning-machine-parts-flow-40k2ol-uni-valve\/"]}]},{"@type":"ImageObject","inLanguage":"es","@id":"https:\/\/panwinjet.com\/product\/pipeline-ultra-high-pressure-water-blasting-cleaning-machine-parts-flow-40k2ol-uni-valve\/#primaryimage","url":"https:\/\/panwinjet.com\/wp-content\/uploads\/2025\/09\/FL40-Uni-Valve-3-scaled.jpg","contentUrl":"https:\/\/panwinjet.com\/wp-content\/uploads\/2025\/09\/FL40-Uni-Valve-3-scaled.jpg","width":1920,"height":2560},{"@type":"BreadcrumbList","@id":"https:\/\/panwinjet.com\/product\/pipeline-ultra-high-pressure-water-blasting-cleaning-machine-parts-flow-40k2ol-uni-valve\/#breadcrumb","itemListElement":[{"@type":"ListItem","position":1,"name":"\u9996\u9875","item":"https:\/\/panwinjet.com\/"},{"@type":"ListItem","position":2,"name":"PRODUCT","item":"https:\/\/panwinjet.com\/product\/"},{"@type":"ListItem","position":3,"name":"Pipeline Ultra-high Pressure Water blasting cleaning machine parts Flow 40K2OL Uni-Valve"}]},{"@type":"WebSite","@id":"https:\/\/panwinjet.com\/#website","url":"https:\/\/panwinjet.com\/","name":"Panwin Machinery&amp;Equipment","description":"Shenzhen Panwin Machinery&amp;Equipment Co.Ltd","potentialAction":[{"@type":"SearchAction","target":{"@type":"EntryPoint","urlTemplate":"https:\/\/panwinjet.com\/?s={search_term_string}"},"query-input":{"@type":"PropertyValueSpecification","valueRequired":true,"valueName":"search_term_string"}}],"inLanguage":"es"}]}},"_links":{"self":[{"href":"https:\/\/panwinjet.com\/es\/wp-json\/wp\/v2\/product\/1165","targetHints":{"allow":["GET"]}}],"collection":[{"href":"https:\/\/panwinjet.com\/es\/wp-json\/wp\/v2\/product"}],"about":[{"href":"https:\/\/panwinjet.com\/es\/wp-json\/wp\/v2\/types\/product"}],"wp:featuredmedia":[{"embeddable":true,"href":"https:\/\/panwinjet.com\/es\/wp-json\/wp\/v2\/media\/1167"}],"wp:attachment":[{"href":"https:\/\/panwinjet.com\/es\/wp-json\/wp\/v2\/media?parent=1165"}],"wp:term":[{"taxonomy":"product_brand","embeddable":true,"href":"https:\/\/panwinjet.com\/es\/wp-json\/wp\/v2\/product_brand?post=1165"},{"taxonomy":"product_cat","embeddable":true,"href":"https:\/\/panwinjet.com\/es\/wp-json\/wp\/v2\/product_cat?post=1165"},{"taxonomy":"product_tag","embeddable":true,"href":"https:\/\/panwinjet.com\/es\/wp-json\/wp\/v2\/product_tag?post=1165"}],"curies":[{"name":"wp","href":"https:\/\/api.w.org\/{rel}","templated":true}]}}