{"id":1160,"date":"2025-09-20T08:44:40","date_gmt":"2025-09-20T08:44:40","guid":{"rendered":"https:\/\/panwinjet.com\/?post_type=product&#038;p=1160"},"modified":"2025-09-20T08:44:40","modified_gmt":"2025-09-20T08:44:40","slug":"40kpsi-pressure-hydro-water-blasting-industry-cleaning-machine-parts-for-hammelmann-6840-uni-valve","status":"publish","type":"product","link":"https:\/\/panwinjet.com\/es\/producto\/40kpsi-pressure-hydro-water-blasting-industry-cleaning-machine-parts-for-hammelmann-6840-uni-valve\/","title":{"rendered":"Piezas de repuesto para la m\u00e1quina de limpieza industrial de chorro de agua a presi\u00f3n de 40 kpsi para la v\u00e1lvula Hammelmann-6840 Uni-Valve"},"content":{"rendered":"<p><strong><b>1. Introducci\u00f3n del producto<\/b><\/strong><strong><b>\u00a0<\/b><\/strong>Piezas para m\u00e1quinas de limpieza industrial con chorro de agua a presi\u00f3n de 40 kpsi para cartucho Hammelmann-6840 Uni-Valve<\/p>\n<p>Esta pieza para chorro de agua a presi\u00f3n de 40 kpsi, compatible con el cartucho Uni-Valve HMA-6840, est\u00e1 dise\u00f1ada para la bomba Hammelmann. Esta bomba es ideal para una amplia variedad de tareas de limpieza de superficies, limpieza de tubos, etc., gracias a su gran potencia de limpieza din\u00e1mica y su efecto de limpieza estable. Esta v\u00e1lvula Uni-Valve se utiliza en las bombas de chorro de agua a alta presi\u00f3n de Hammelmann.<\/p>\n<p><b><\/b><strong><b>Par\u00e1metro (Especificaci\u00f3n) de <\/b><\/strong>Piezas para m\u00e1quinas de limpieza industrial con chorro de agua a presi\u00f3n de 40 kpsi para cartucho Hammelmann-6840 Uni-Valve<\/p>\n<p>Esta m\u00e1quina de limpieza industrial por chorro de agua a presi\u00f3n de 40 kpsi, Hammelmann-6840 Uni-Valve Cartridge, est\u00e1 fabricada con acero inoxidable de alta calidad y un tratamiento t\u00e9rmico superior para una calidad excelente.<\/p>","protected":false},"excerpt":{"rendered":"<p><strong><b>Caracter\u00edsticas y aplicaciones de <\/b><\/strong>Piezas para m\u00e1quinas de limpieza industrial con chorro de agua a presi\u00f3n de 40 kpsi para cartucho Hammelmann-6840 Uni-Valve<\/p>\n<p>El sistema de chorro de agua a presi\u00f3n de 40 kpsi para el cartucho Uni-Valve Hammelmann-6840 es compatible con la bomba Hammelmann, una bomba popular para una amplia gama de aplicaciones de limpieza industrial, como la limpieza de superficies y tuber\u00edas, gracias a su robusto rendimiento de limpieza y su potente efecto de pulverizaci\u00f3n. En general, resumimos sus caracter\u00edsticas de la siguiente manera:<\/p>\n<p>A: Acero inoxidable de alta calidad<\/p>\n<p>B: Fabricaci\u00f3n de precisi\u00f3n<\/p>\n<p>C: Tolerancia de sellado compacto<\/p>\n<p>D: Servicio f\u00e1cil<\/p>\n<p><strong><b>Solicitud:<\/b><\/strong><\/p>\n<p>Este sistema de chorro de agua a presi\u00f3n de 40 kpsi para cartucho Uni-Valve Hammelmann-6840 se utiliza con la bomba Hammelmann; es una pieza de vital importancia y un dise\u00f1o superior para un potente rendimiento de pulverizaci\u00f3n.<\/p>\n<p>Esta bomba puede utilizarse ampliamente en la limpieza de superficies, limpieza de tanques y recipientes, limpieza de pintura automotriz, limpieza en la industria minera, limpieza en la fabricaci\u00f3n de acero, industria de la construcci\u00f3n, etc.<\/p>","protected":false},"featured_media":1162,"template":"","meta":[],"product_brand":[],"product_cat":[6],"product_tag":[],"class_list":{"0":"post-1160","1":"product","2":"type-product","3":"status-publish","4":"has-post-thumbnail","6":"product_cat-uni-valves-for-uhp-pump","8":"first","9":"instock","10":"shipping-taxable","11":"product-type-simple"},"yoast_head":"<!-- This site is optimized with the Yoast SEO plugin v24.9 - https:\/\/yoast.com\/wordpress\/plugins\/seo\/ -->\n<title>40kpsi Pressure Hydro Water blasting Industry cleaning machine parts for Hammelmann-6840 Uni-Valve - Panwin Machinery&amp;Equipment<\/title>\n<meta name=\"robots\" content=\"index, follow, max-snippet:-1, max-image-preview:large, max-video-preview:-1\" \/>\n<link rel=\"canonical\" href=\"https:\/\/panwinjet.com\/es\/producto\/40kpsi-pressure-hydro-water-blasting-industry-cleaning-machine-parts-for-hammelmann-6840-uni-valve\/\" \/>\n<meta property=\"og:locale\" content=\"es_ES\" \/>\n<meta property=\"og:type\" content=\"article\" \/>\n<meta property=\"og:title\" content=\"40kpsi Pressure Hydro Water blasting Industry cleaning machine parts for Hammelmann-6840 Uni-Valve - Panwin Machinery&amp;Equipment\" \/>\n<meta property=\"og:description\" content=\"Feature And Application of 40kpsi Pressure Hydro Water blasting Industry cleaning machine parts for Hammelmann-6840 Uni-Valve Cartridge  The 40kpsi Pressure Hydro Water blasting for Hammelmann-6840 Uni-Valve Cartridge is compatible with Hammelmann pump, which is popular pump for vast use of industry cleaning like surface cleaning tube cleaning due to Robust cleaning performance and Energetic spraying effect.generally we summarize the features as follows:  A:High-classed quality stainless steel  B:Precise manufacture  C:Compact Sealing tolerance  D:Easy Service  Application:  This 40kpsi Pressure Hydro Water blasting for Hammelmann-6840 Uni-Valve Cartridge is used to Hammelmann pump, it is the vitally important parts and superior design for powerful spraying performance.  This pump can be widely used in surface cleaning,Tank&amp;Vessel Cleaning,Automotive Painting cleaning,Mining industry cleaning,Steel manufacture cleaning, Construction industry\u00a0etc.\" \/>\n<meta property=\"og:url\" content=\"https:\/\/panwinjet.com\/es\/producto\/40kpsi-pressure-hydro-water-blasting-industry-cleaning-machine-parts-for-hammelmann-6840-uni-valve\/\" \/>\n<meta property=\"og:site_name\" content=\"Panwin Machinery&amp;Equipment\" \/>\n<meta property=\"og:image\" content=\"https:\/\/panwinjet.com\/wp-content\/uploads\/2025\/09\/IMG_20230424_163807-scaled.jpg\" \/>\n\t<meta property=\"og:image:width\" content=\"1920\" \/>\n\t<meta property=\"og:image:height\" content=\"2560\" \/>\n\t<meta property=\"og:image:type\" content=\"image\/jpeg\" \/>\n<meta name=\"twitter:card\" content=\"summary_large_image\" \/>\n<meta name=\"twitter:label1\" content=\"Tiempo de lectura\" \/>\n\t<meta name=\"twitter:data1\" content=\"1 minuto\" \/>\n<script type=\"application\/ld+json\" class=\"yoast-schema-graph\">{\"@context\":\"https:\/\/schema.org\",\"@graph\":[{\"@type\":\"WebPage\",\"@id\":\"https:\/\/panwinjet.com\/product\/40kpsi-pressure-hydro-water-blasting-industry-cleaning-machine-parts-for-hammelmann-6840-uni-valve\/\",\"url\":\"https:\/\/panwinjet.com\/product\/40kpsi-pressure-hydro-water-blasting-industry-cleaning-machine-parts-for-hammelmann-6840-uni-valve\/\",\"name\":\"40kpsi Pressure Hydro Water blasting Industry cleaning machine parts for Hammelmann-6840 Uni-Valve - Panwin Machinery&amp;Equipment\",\"isPartOf\":{\"@id\":\"https:\/\/panwinjet.com\/#website\"},\"primaryImageOfPage\":{\"@id\":\"https:\/\/panwinjet.com\/product\/40kpsi-pressure-hydro-water-blasting-industry-cleaning-machine-parts-for-hammelmann-6840-uni-valve\/#primaryimage\"},\"image\":{\"@id\":\"https:\/\/panwinjet.com\/product\/40kpsi-pressure-hydro-water-blasting-industry-cleaning-machine-parts-for-hammelmann-6840-uni-valve\/#primaryimage\"},\"thumbnailUrl\":\"https:\/\/panwinjet.com\/wp-content\/uploads\/2025\/09\/IMG_20230424_163807-scaled.jpg\",\"datePublished\":\"2025-09-20T08:44:40+00:00\",\"breadcrumb\":{\"@id\":\"https:\/\/panwinjet.com\/product\/40kpsi-pressure-hydro-water-blasting-industry-cleaning-machine-parts-for-hammelmann-6840-uni-valve\/#breadcrumb\"},\"inLanguage\":\"es\",\"potentialAction\":[{\"@type\":\"ReadAction\",\"target\":[\"https:\/\/panwinjet.com\/product\/40kpsi-pressure-hydro-water-blasting-industry-cleaning-machine-parts-for-hammelmann-6840-uni-valve\/\"]}]},{\"@type\":\"ImageObject\",\"inLanguage\":\"es\",\"@id\":\"https:\/\/panwinjet.com\/product\/40kpsi-pressure-hydro-water-blasting-industry-cleaning-machine-parts-for-hammelmann-6840-uni-valve\/#primaryimage\",\"url\":\"https:\/\/panwinjet.com\/wp-content\/uploads\/2025\/09\/IMG_20230424_163807-scaled.jpg\",\"contentUrl\":\"https:\/\/panwinjet.com\/wp-content\/uploads\/2025\/09\/IMG_20230424_163807-scaled.jpg\",\"width\":1920,\"height\":2560},{\"@type\":\"BreadcrumbList\",\"@id\":\"https:\/\/panwinjet.com\/product\/40kpsi-pressure-hydro-water-blasting-industry-cleaning-machine-parts-for-hammelmann-6840-uni-valve\/#breadcrumb\",\"itemListElement\":[{\"@type\":\"ListItem\",\"position\":1,\"name\":\"\u9996\u9875\",\"item\":\"https:\/\/panwinjet.com\/\"},{\"@type\":\"ListItem\",\"position\":2,\"name\":\"PRODUCT\",\"item\":\"https:\/\/panwinjet.com\/product\/\"},{\"@type\":\"ListItem\",\"position\":3,\"name\":\"40kpsi Pressure Hydro Water blasting Industry cleaning machine parts for Hammelmann-6840 Uni-Valve\"}]},{\"@type\":\"WebSite\",\"@id\":\"https:\/\/panwinjet.com\/#website\",\"url\":\"https:\/\/panwinjet.com\/\",\"name\":\"Panwin Machinery&amp;Equipment\",\"description\":\"Shenzhen Panwin Machinery&amp;Equipment Co.Ltd\",\"potentialAction\":[{\"@type\":\"SearchAction\",\"target\":{\"@type\":\"EntryPoint\",\"urlTemplate\":\"https:\/\/panwinjet.com\/?s={search_term_string}\"},\"query-input\":{\"@type\":\"PropertyValueSpecification\",\"valueRequired\":true,\"valueName\":\"search_term_string\"}}],\"inLanguage\":\"es\"}]}<\/script>\n<!-- \/ Yoast SEO plugin. -->","yoast_head_json":{"title":"40kpsi Pressure Hydro Water blasting Industry cleaning machine parts for Hammelmann-6840 Uni-Valve - Panwin Machinery&amp;Equipment","robots":{"index":"index","follow":"follow","max-snippet":"max-snippet:-1","max-image-preview":"max-image-preview:large","max-video-preview":"max-video-preview:-1"},"canonical":"https:\/\/panwinjet.com\/es\/producto\/40kpsi-pressure-hydro-water-blasting-industry-cleaning-machine-parts-for-hammelmann-6840-uni-valve\/","og_locale":"es_ES","og_type":"article","og_title":"40kpsi Pressure Hydro Water blasting Industry cleaning machine parts for Hammelmann-6840 Uni-Valve - Panwin Machinery&amp;Equipment","og_description":"Feature And Application of 40kpsi Pressure Hydro Water blasting Industry cleaning machine parts for Hammelmann-6840 Uni-Valve Cartridge  The 40kpsi Pressure Hydro Water blasting for Hammelmann-6840 Uni-Valve Cartridge is compatible with Hammelmann pump, which is popular pump for vast use of industry cleaning like surface cleaning tube cleaning due to Robust cleaning performance and Energetic spraying effect.generally we summarize the features as follows:  A:High-classed quality stainless steel  B:Precise manufacture  C:Compact Sealing tolerance  D:Easy Service  Application:  This 40kpsi Pressure Hydro Water blasting for Hammelmann-6840 Uni-Valve Cartridge is used to Hammelmann pump, it is the vitally important parts and superior design for powerful spraying performance.  This pump can be widely used in surface cleaning,Tank&amp;Vessel Cleaning,Automotive Painting cleaning,Mining industry cleaning,Steel manufacture cleaning, Construction industry\u00a0etc.","og_url":"https:\/\/panwinjet.com\/es\/producto\/40kpsi-pressure-hydro-water-blasting-industry-cleaning-machine-parts-for-hammelmann-6840-uni-valve\/","og_site_name":"Panwin Machinery&amp;Equipment","og_image":[{"width":1920,"height":2560,"url":"https:\/\/panwinjet.com\/wp-content\/uploads\/2025\/09\/IMG_20230424_163807-scaled.jpg","type":"image\/jpeg"}],"twitter_card":"summary_large_image","twitter_misc":{"Tiempo de lectura":"1 minuto"},"schema":{"@context":"https:\/\/schema.org","@graph":[{"@type":"WebPage","@id":"https:\/\/panwinjet.com\/product\/40kpsi-pressure-hydro-water-blasting-industry-cleaning-machine-parts-for-hammelmann-6840-uni-valve\/","url":"https:\/\/panwinjet.com\/product\/40kpsi-pressure-hydro-water-blasting-industry-cleaning-machine-parts-for-hammelmann-6840-uni-valve\/","name":"40kpsi Pressure Hydro Water blasting Industry cleaning machine parts for Hammelmann-6840 Uni-Valve - Panwin Machinery&amp;Equipment","isPartOf":{"@id":"https:\/\/panwinjet.com\/#website"},"primaryImageOfPage":{"@id":"https:\/\/panwinjet.com\/product\/40kpsi-pressure-hydro-water-blasting-industry-cleaning-machine-parts-for-hammelmann-6840-uni-valve\/#primaryimage"},"image":{"@id":"https:\/\/panwinjet.com\/product\/40kpsi-pressure-hydro-water-blasting-industry-cleaning-machine-parts-for-hammelmann-6840-uni-valve\/#primaryimage"},"thumbnailUrl":"https:\/\/panwinjet.com\/wp-content\/uploads\/2025\/09\/IMG_20230424_163807-scaled.jpg","datePublished":"2025-09-20T08:44:40+00:00","breadcrumb":{"@id":"https:\/\/panwinjet.com\/product\/40kpsi-pressure-hydro-water-blasting-industry-cleaning-machine-parts-for-hammelmann-6840-uni-valve\/#breadcrumb"},"inLanguage":"es","potentialAction":[{"@type":"ReadAction","target":["https:\/\/panwinjet.com\/product\/40kpsi-pressure-hydro-water-blasting-industry-cleaning-machine-parts-for-hammelmann-6840-uni-valve\/"]}]},{"@type":"ImageObject","inLanguage":"es","@id":"https:\/\/panwinjet.com\/product\/40kpsi-pressure-hydro-water-blasting-industry-cleaning-machine-parts-for-hammelmann-6840-uni-valve\/#primaryimage","url":"https:\/\/panwinjet.com\/wp-content\/uploads\/2025\/09\/IMG_20230424_163807-scaled.jpg","contentUrl":"https:\/\/panwinjet.com\/wp-content\/uploads\/2025\/09\/IMG_20230424_163807-scaled.jpg","width":1920,"height":2560},{"@type":"BreadcrumbList","@id":"https:\/\/panwinjet.com\/product\/40kpsi-pressure-hydro-water-blasting-industry-cleaning-machine-parts-for-hammelmann-6840-uni-valve\/#breadcrumb","itemListElement":[{"@type":"ListItem","position":1,"name":"\u9996\u9875","item":"https:\/\/panwinjet.com\/"},{"@type":"ListItem","position":2,"name":"PRODUCT","item":"https:\/\/panwinjet.com\/product\/"},{"@type":"ListItem","position":3,"name":"40kpsi Pressure Hydro Water blasting Industry cleaning machine parts for Hammelmann-6840 Uni-Valve"}]},{"@type":"WebSite","@id":"https:\/\/panwinjet.com\/#website","url":"https:\/\/panwinjet.com\/","name":"Panwin Machinery&amp;Equipment","description":"Shenzhen Panwin Machinery&amp;Equipment Co.Ltd","potentialAction":[{"@type":"SearchAction","target":{"@type":"EntryPoint","urlTemplate":"https:\/\/panwinjet.com\/?s={search_term_string}"},"query-input":{"@type":"PropertyValueSpecification","valueRequired":true,"valueName":"search_term_string"}}],"inLanguage":"es"}]}},"_links":{"self":[{"href":"https:\/\/panwinjet.com\/es\/wp-json\/wp\/v2\/product\/1160","targetHints":{"allow":["GET"]}}],"collection":[{"href":"https:\/\/panwinjet.com\/es\/wp-json\/wp\/v2\/product"}],"about":[{"href":"https:\/\/panwinjet.com\/es\/wp-json\/wp\/v2\/types\/product"}],"wp:featuredmedia":[{"embeddable":true,"href":"https:\/\/panwinjet.com\/es\/wp-json\/wp\/v2\/media\/1162"}],"wp:attachment":[{"href":"https:\/\/panwinjet.com\/es\/wp-json\/wp\/v2\/media?parent=1160"}],"wp:term":[{"taxonomy":"product_brand","embeddable":true,"href":"https:\/\/panwinjet.com\/es\/wp-json\/wp\/v2\/product_brand?post=1160"},{"taxonomy":"product_cat","embeddable":true,"href":"https:\/\/panwinjet.com\/es\/wp-json\/wp\/v2\/product_cat?post=1160"},{"taxonomy":"product_tag","embeddable":true,"href":"https:\/\/panwinjet.com\/es\/wp-json\/wp\/v2\/product_tag?post=1160"}],"curies":[{"name":"wp","href":"https:\/\/api.w.org\/{rel}","templated":true}]}}