{"id":1142,"date":"2025-09-20T08:17:34","date_gmt":"2025-09-20T08:17:34","guid":{"rendered":"https:\/\/panwinjet.com\/?post_type=product&#038;p=1142"},"modified":"2025-09-20T08:17:34","modified_gmt":"2025-09-20T08:17:34","slug":"tank-and-vessel-water-blasting-cleaning-machine-parts-for-woma-uni-valve-old-model","status":"publish","type":"product","link":"https:\/\/panwinjet.com\/es\/producto\/tank-and-vessel-water-blasting-cleaning-machine-parts-for-woma-uni-valve-old-model\/","title":{"rendered":"Piezas de repuesto para la m\u00e1quina de limpieza por chorro de agua de tanques y recipientes WOMA Uni-Valve (modelo antiguo)"},"content":{"rendered":"<p>Piezas de repuesto para la m\u00e1quina de limpieza por chorro de agua de tanques y recipientes WOMA Uni-Valve (modelo antiguo)<\/p>\n<p><strong><b>\u00a0Introducci\u00f3n de <\/b><\/strong>Piezas de repuesto para m\u00e1quinas de limpieza con chorro de agua de tanques y recipientes para conjuntos de cartuchos WOMA Uni-Valve (modelo antiguo)<\/p>\n<p>Las piezas para la m\u00e1quina de limpieza con chorro de agua de tanques y recipientes del modelo antiguo WOMA Uni-Valve se han fabricado para una gran variedad de tareas de limpieza de superficies y se utilizan en bombas de chorro de agua de alta presi\u00f3n del modelo antiguo de WOMA.<\/p>\n<p><strong><b>\u00a0<\/b><\/strong><\/p>","protected":false},"excerpt":{"rendered":"<p><strong><b>\u00a0Par\u00e1metro (Especificaci\u00f3n) de <\/b><\/strong>Piezas de repuesto para la m\u00e1quina de limpieza por chorro de agua de tanques y recipientes WOMA Uni-Valve (modelo antiguo)<\/p>\n<p>Shenzhen Panwin le vende piezas para m\u00e1quinas de limpieza con chorro de agua para tanques y recipientes. El modelo antiguo de WOMA Uni-Valve est\u00e1 fabricado en acero inoxidable de alta resistencia y calidad, con un tratamiento t\u00e9rmico superior que garantiza una calidad excelente.<\/p>\n<p><strong><b>Caracter\u00edsticas y aplicaciones de <\/b><\/strong>Piezas de repuesto para la m\u00e1quina de limpieza por chorro de agua de tanques y recipientes WOMA Uni-Valve (modelo antiguo)<\/p>\n<p><strong><b>El <\/b><\/strong>Piezas de repuesto para m\u00e1quinas de limpieza con chorro de agua de tanques y recipientes para conjuntos de cartuchos WOMA Uni-Valve (modelo antiguo).<strong><b>\u00a0es <\/b><\/strong>Los componentes clave de la bomba de chorro de agua WOMA son de excelente calidad, alta eficiencia y presentan las siguientes caracter\u00edsticas:<\/p>\n<p>A: Tolerancia del margen de sellado a presi\u00f3n<\/p>\n<p>B: Acero inoxidable de calidad distintiva<\/p>\n<p>C: Viene listo para su instalaci\u00f3n inmediata<\/p>\n<p>Solicitud:<\/p>\n<p>Este repuesto para la m\u00e1quina de limpieza con chorro de agua de tanques y recipientes, compatible con el modelo antiguo de WOMA Uni-Valve, se aplica a la bomba de presi\u00f3n WOMA de estilo antiguo. Es una pieza fundamental con un dise\u00f1o de vanguardia. La bomba se puede utilizar ampliamente en limpieza de superficies, limpieza de tanques y recipientes, limpieza de pintura automotriz, limpieza en la industria minera, limpieza en la fabricaci\u00f3n de acero, construcci\u00f3n, etc.<\/p>","protected":false},"featured_media":-1,"template":"","meta":[],"product_brand":[],"product_cat":[6],"product_tag":[19],"class_list":{"0":"post-1142","1":"product","2":"type-product","3":"status-publish","4":"has-post-thumbnail","6":"product_cat-uni-valves-for-uhp-pump","7":"product_tag-woma-uni-valve-old-type","9":"first","10":"instock","11":"shipping-taxable","12":"product-type-simple"},"yoast_head":"<!-- This site is optimized with the Yoast SEO plugin v24.9 - https:\/\/yoast.com\/wordpress\/plugins\/seo\/ -->\n<title>Tank and Vessel Water blasting cleaning machine parts for WOMA Uni-Valve Old Model - Panwin Machinery&amp;Equipment<\/title>\n<meta name=\"robots\" content=\"index, follow, max-snippet:-1, max-image-preview:large, max-video-preview:-1\" \/>\n<link rel=\"canonical\" href=\"https:\/\/panwinjet.com\/es\/producto\/tank-and-vessel-water-blasting-cleaning-machine-parts-for-woma-uni-valve-old-model\/\" \/>\n<meta property=\"og:locale\" content=\"es_ES\" \/>\n<meta property=\"og:type\" content=\"article\" \/>\n<meta property=\"og:title\" content=\"Tank and Vessel Water blasting cleaning machine parts for WOMA Uni-Valve Old Model - Panwin Machinery&amp;Equipment\" \/>\n<meta property=\"og:description\" content=\"\u00a0Parameter (Specification) of Tank and Vessel Water blasting cleaning machine parts for WOMA Uni-Valve Old Model  Shenzhen Panwin\u00a0sell you Tank and Vessel Water blasting cleaning machine parts for WOMA Uni-Valve Old Model\u00a0is\u00a0made of heavy-duty\u00a0quality SST, superior\u00a0heat treatment craftsmanship for excellent quality.  Feature And Application of Tank and Vessel Water blasting cleaning machine parts for WOMA Uni-Valve Old Model  The Tank and Vessel Water blasting cleaning machine parts for WOMA Uni-Valve\u00a0cartridge assemblies\u00a0Old Model\u00a0is for WOMA Water Blasting pump key components, it is excellent-quality and high-efficient and features as follows:  A:Pressing seal margin tolerance  B:Distinctive\u00a0quality stainless steel  C:Comes lapped for immediate installation  Application:  This Tank and Vessel Water blasting cleaning machine parts for WOMA Uni-Valve Old Model\u00a0is applied to WOMA Old style\u00a0pressure pump, it is the important part\u00a0and high-edge\u00a0design.The pump can be widely used in surface cleaning,Tank&amp;Vessel Cleaning,Automotive Painting cleaning,Mining industry cleaning,Steel manufacture cleaning, Construction industry\u00a0etc.\" \/>\n<meta property=\"og:url\" content=\"https:\/\/panwinjet.com\/es\/producto\/tank-and-vessel-water-blasting-cleaning-machine-parts-for-woma-uni-valve-old-model\/\" \/>\n<meta property=\"og:site_name\" content=\"Panwin Machinery&amp;Equipment\" \/>\n<meta name=\"twitter:card\" content=\"summary_large_image\" \/>\n<meta name=\"twitter:label1\" content=\"Tiempo de lectura\" \/>\n\t<meta name=\"twitter:data1\" content=\"1 minuto\" \/>\n<script type=\"application\/ld+json\" class=\"yoast-schema-graph\">{\"@context\":\"https:\/\/schema.org\",\"@graph\":[{\"@type\":\"WebPage\",\"@id\":\"https:\/\/panwinjet.com\/product\/tank-and-vessel-water-blasting-cleaning-machine-parts-for-woma-uni-valve-old-model\/\",\"url\":\"https:\/\/panwinjet.com\/product\/tank-and-vessel-water-blasting-cleaning-machine-parts-for-woma-uni-valve-old-model\/\",\"name\":\"Tank and Vessel Water blasting cleaning machine parts for WOMA Uni-Valve Old Model - Panwin Machinery&amp;Equipment\",\"isPartOf\":{\"@id\":\"https:\/\/panwinjet.com\/#website\"},\"datePublished\":\"2025-09-20T08:17:34+00:00\",\"breadcrumb\":{\"@id\":\"https:\/\/panwinjet.com\/product\/tank-and-vessel-water-blasting-cleaning-machine-parts-for-woma-uni-valve-old-model\/#breadcrumb\"},\"inLanguage\":\"es\",\"potentialAction\":[{\"@type\":\"ReadAction\",\"target\":[\"https:\/\/panwinjet.com\/product\/tank-and-vessel-water-blasting-cleaning-machine-parts-for-woma-uni-valve-old-model\/\"]}]},{\"@type\":\"BreadcrumbList\",\"@id\":\"https:\/\/panwinjet.com\/product\/tank-and-vessel-water-blasting-cleaning-machine-parts-for-woma-uni-valve-old-model\/#breadcrumb\",\"itemListElement\":[{\"@type\":\"ListItem\",\"position\":1,\"name\":\"\u9996\u9875\",\"item\":\"https:\/\/panwinjet.com\/\"},{\"@type\":\"ListItem\",\"position\":2,\"name\":\"PRODUCT\",\"item\":\"https:\/\/panwinjet.com\/product\/\"},{\"@type\":\"ListItem\",\"position\":3,\"name\":\"Tank and Vessel Water blasting cleaning machine parts for WOMA Uni-Valve Old Model\"}]},{\"@type\":\"WebSite\",\"@id\":\"https:\/\/panwinjet.com\/#website\",\"url\":\"https:\/\/panwinjet.com\/\",\"name\":\"Panwin Machinery&amp;Equipment\",\"description\":\"Shenzhen Panwin Machinery&amp;Equipment Co.Ltd\",\"potentialAction\":[{\"@type\":\"SearchAction\",\"target\":{\"@type\":\"EntryPoint\",\"urlTemplate\":\"https:\/\/panwinjet.com\/?s={search_term_string}\"},\"query-input\":{\"@type\":\"PropertyValueSpecification\",\"valueRequired\":true,\"valueName\":\"search_term_string\"}}],\"inLanguage\":\"es\"}]}<\/script>\n<!-- \/ Yoast SEO plugin. -->","yoast_head_json":{"title":"Tank and Vessel Water blasting cleaning machine parts for WOMA Uni-Valve Old Model - Panwin Machinery&amp;Equipment","robots":{"index":"index","follow":"follow","max-snippet":"max-snippet:-1","max-image-preview":"max-image-preview:large","max-video-preview":"max-video-preview:-1"},"canonical":"https:\/\/panwinjet.com\/es\/producto\/tank-and-vessel-water-blasting-cleaning-machine-parts-for-woma-uni-valve-old-model\/","og_locale":"es_ES","og_type":"article","og_title":"Tank and Vessel Water blasting cleaning machine parts for WOMA Uni-Valve Old Model - Panwin Machinery&amp;Equipment","og_description":"\u00a0Parameter (Specification) of Tank and Vessel Water blasting cleaning machine parts for WOMA Uni-Valve Old Model  Shenzhen Panwin\u00a0sell you Tank and Vessel Water blasting cleaning machine parts for WOMA Uni-Valve Old Model\u00a0is\u00a0made of heavy-duty\u00a0quality SST, superior\u00a0heat treatment craftsmanship for excellent quality.  Feature And Application of Tank and Vessel Water blasting cleaning machine parts for WOMA Uni-Valve Old Model  The Tank and Vessel Water blasting cleaning machine parts for WOMA Uni-Valve\u00a0cartridge assemblies\u00a0Old Model\u00a0is for WOMA Water Blasting pump key components, it is excellent-quality and high-efficient and features as follows:  A:Pressing seal margin tolerance  B:Distinctive\u00a0quality stainless steel  C:Comes lapped for immediate installation  Application:  This Tank and Vessel Water blasting cleaning machine parts for WOMA Uni-Valve Old Model\u00a0is applied to WOMA Old style\u00a0pressure pump, it is the important part\u00a0and high-edge\u00a0design.The pump can be widely used in surface cleaning,Tank&amp;Vessel Cleaning,Automotive Painting cleaning,Mining industry cleaning,Steel manufacture cleaning, Construction industry\u00a0etc.","og_url":"https:\/\/panwinjet.com\/es\/producto\/tank-and-vessel-water-blasting-cleaning-machine-parts-for-woma-uni-valve-old-model\/","og_site_name":"Panwin Machinery&amp;Equipment","twitter_card":"summary_large_image","twitter_misc":{"Tiempo de lectura":"1 minuto"},"schema":{"@context":"https:\/\/schema.org","@graph":[{"@type":"WebPage","@id":"https:\/\/panwinjet.com\/product\/tank-and-vessel-water-blasting-cleaning-machine-parts-for-woma-uni-valve-old-model\/","url":"https:\/\/panwinjet.com\/product\/tank-and-vessel-water-blasting-cleaning-machine-parts-for-woma-uni-valve-old-model\/","name":"Tank and Vessel Water blasting cleaning machine parts for WOMA Uni-Valve Old Model - Panwin Machinery&amp;Equipment","isPartOf":{"@id":"https:\/\/panwinjet.com\/#website"},"datePublished":"2025-09-20T08:17:34+00:00","breadcrumb":{"@id":"https:\/\/panwinjet.com\/product\/tank-and-vessel-water-blasting-cleaning-machine-parts-for-woma-uni-valve-old-model\/#breadcrumb"},"inLanguage":"es","potentialAction":[{"@type":"ReadAction","target":["https:\/\/panwinjet.com\/product\/tank-and-vessel-water-blasting-cleaning-machine-parts-for-woma-uni-valve-old-model\/"]}]},{"@type":"BreadcrumbList","@id":"https:\/\/panwinjet.com\/product\/tank-and-vessel-water-blasting-cleaning-machine-parts-for-woma-uni-valve-old-model\/#breadcrumb","itemListElement":[{"@type":"ListItem","position":1,"name":"\u9996\u9875","item":"https:\/\/panwinjet.com\/"},{"@type":"ListItem","position":2,"name":"PRODUCT","item":"https:\/\/panwinjet.com\/product\/"},{"@type":"ListItem","position":3,"name":"Tank and Vessel Water blasting cleaning machine parts for WOMA Uni-Valve Old Model"}]},{"@type":"WebSite","@id":"https:\/\/panwinjet.com\/#website","url":"https:\/\/panwinjet.com\/","name":"Panwin Machinery&amp;Equipment","description":"Shenzhen Panwin Machinery&amp;Equipment Co.Ltd","potentialAction":[{"@type":"SearchAction","target":{"@type":"EntryPoint","urlTemplate":"https:\/\/panwinjet.com\/?s={search_term_string}"},"query-input":{"@type":"PropertyValueSpecification","valueRequired":true,"valueName":"search_term_string"}}],"inLanguage":"es"}]}},"_links":{"self":[{"href":"https:\/\/panwinjet.com\/es\/wp-json\/wp\/v2\/product\/1142","targetHints":{"allow":["GET"]}}],"collection":[{"href":"https:\/\/panwinjet.com\/es\/wp-json\/wp\/v2\/product"}],"about":[{"href":"https:\/\/panwinjet.com\/es\/wp-json\/wp\/v2\/types\/product"}],"wp:featuredmedia":[{"embeddable":true,"href":"https:\/\/panwinjet.com\/es\/wp-json\/"}],"wp:attachment":[{"href":"https:\/\/panwinjet.com\/es\/wp-json\/wp\/v2\/media?parent=1142"}],"wp:term":[{"taxonomy":"product_brand","embeddable":true,"href":"https:\/\/panwinjet.com\/es\/wp-json\/wp\/v2\/product_brand?post=1142"},{"taxonomy":"product_cat","embeddable":true,"href":"https:\/\/panwinjet.com\/es\/wp-json\/wp\/v2\/product_cat?post=1142"},{"taxonomy":"product_tag","embeddable":true,"href":"https:\/\/panwinjet.com\/es\/wp-json\/wp\/v2\/product_tag?post=1142"}],"curies":[{"name":"wp","href":"https:\/\/api.w.org\/{rel}","templated":true}]}}