{"id":1134,"date":"2025-09-20T08:12:18","date_gmt":"2025-09-20T08:12:18","guid":{"rendered":"https:\/\/panwinjet.com\/?post_type=product&#038;p=1134"},"modified":"2025-09-20T08:12:18","modified_gmt":"2025-09-20T08:12:18","slug":"40000psi-pressure-water-jet-cleaning-machine-components-nlb40k-uni-valve","status":"publish","type":"product","link":"https:\/\/panwinjet.com\/es\/producto\/40000psi-pressure-water-jet-cleaning-machine-components-nlb40k-uni-valve\/","title":{"rendered":"Componentes de la m\u00e1quina de limpieza por chorro de agua a presi\u00f3n de 40000 psi NLB40K Uni-Valve"},"content":{"rendered":"<p><strong><b>Componentes de la m\u00e1quina de limpieza por chorro de agua a presi\u00f3n de 40000 psi NLB40K Uni-Valve<\/b><\/strong><\/p>\n<p><strong><b>Introducci\u00f3n de <\/b><\/strong>Componentes de la m\u00e1quina de limpieza por chorro de agua a presi\u00f3n de 40000 psi<\/p>\n<p>Conjuntos de cartuchos Uni-Valve NLB40K<\/p>\n<p>Estos componentes de la m\u00e1quina de limpieza por chorro de agua a presi\u00f3n de 40000 psi, los conjuntos de cartuchos Uni-Valve NLB40K, se utilizan en bombas de estilo NLB 40 Kpsi, son compatibles con NLB CM30285 y NLB BM30284.<\/p>\n<div style=\"width: 720px;\" class=\"wp-video\"><video class=\"wp-video-shortcode\" id=\"video-1134-1\" width=\"720\" height=\"1280\" preload=\"metadata\" controls=\"controls\"><source type=\"video\/mp4\" src=\"https:\/\/panwinjet.com\/wp-content\/uploads\/2025\/09\/NLB-40K-Uni-Valve.mp4?_=1\" \/><a href=\"https:\/\/panwinjet.com\/wp-content\/uploads\/2025\/09\/NLB-40K-Uni-Valve.mp4\">https:\/\/panwinjet.com\/wp-content\/uploads\/2025\/09\/NLB-40K-Uni-Valve.mp4<\/a><\/video><\/div>","protected":false},"excerpt":{"rendered":"<p><strong><b>Caracter\u00edsticas y aplicaciones de <\/b><\/strong>Componentes de la m\u00e1quina de limpieza por chorro de agua a presi\u00f3n de 40000 psi NLB40K Uni-Valve<\/p>\n<p><strong><b>\u00a0<\/b><\/strong>Estos componentes de la m\u00e1quina de limpieza hidrost\u00e1tica a presi\u00f3n de 40 kpsi, los conjuntos de cartuchos Uni-Valve NLB40K se caracterizan por un sellado herm\u00e9tico y un dise\u00f1o de alto rendimiento, la caracter\u00edstica de ventaja que mencionamos es la siguiente:<\/p>\n<ul>\n<li>Acero inoxidable de alta calidad<\/li>\n<li>Excelente mano de obra<\/li>\n<li>Tolerancia de sellado compacta<\/li>\n<li>Procesamiento preciso<\/li>\n<\/ul>\n<p>Solicitud:<\/p>\n<p>Estos componentes de la m\u00e1quina de limpieza hidr\u00e1ulica a presi\u00f3n de 40 kpsi, conjuntos de cartuchos Uni-Valve NLB40K, se aplican a la bomba de presi\u00f3n NLB 40 Kpsi, son componentes clave y dise\u00f1o de alta calidad.<\/p>\n<p>La bomba puede utilizarse ampliamente en la limpieza de superficies, limpieza de tanques y recipientes, limpieza de pintura automotriz, limpieza en la industria minera, limpieza en la fabricaci\u00f3n de acero, industria de la construcci\u00f3n, etc.<\/p>","protected":false},"featured_media":-1,"template":"","meta":[],"product_brand":[],"product_cat":[6],"product_tag":[],"class_list":{"0":"post-1134","1":"product","2":"type-product","3":"status-publish","4":"has-post-thumbnail","6":"product_cat-uni-valves-for-uhp-pump","8":"first","9":"instock","10":"shipping-taxable","11":"product-type-simple"},"yoast_head":"<!-- This site is optimized with the Yoast SEO plugin v24.9 - https:\/\/yoast.com\/wordpress\/plugins\/seo\/ -->\n<title>40000psi Pressure Water Jet cleaning machine components NLB40K Uni-Valve - Panwin Machinery&amp;Equipment<\/title>\n<meta name=\"robots\" content=\"index, follow, max-snippet:-1, max-image-preview:large, max-video-preview:-1\" \/>\n<link rel=\"canonical\" href=\"https:\/\/panwinjet.com\/es\/producto\/40000psi-pressure-water-jet-cleaning-machine-components-nlb40k-uni-valve\/\" \/>\n<meta property=\"og:locale\" content=\"es_ES\" \/>\n<meta property=\"og:type\" content=\"article\" \/>\n<meta property=\"og:title\" content=\"40000psi Pressure Water Jet cleaning machine components NLB40K Uni-Valve - Panwin Machinery&amp;Equipment\" \/>\n<meta property=\"og:description\" content=\"Feature And Application of 40000psi Pressure Water Jet cleaning machine components NLB40K Uni-Valve  \u00a0This 40kpsi Pressure hydro cleaning machine\u00a0components NLB40K Uni-Valve\u00a0Cartridge assemblies is featured tight sealing and high performance design, the advantage feature we mentioned as follows:   heavy-duty quality stainless Steel  Excellent craftsmanship  Compact Sealing tolerance  Accurate processing  Application:  This 40kpsi Pressure hydro cleaning machine\u00a0components NLB40K Uni-Valve\u00a0Cartridge assemblies is applied to NLB 40Kpsi pressure pump, it is the key components and high-grade design.  The pump can be widely used in surface cleaning,Tank&amp;Vessel Cleaning,Automotive Painting cleaning,Mining industry cleaning,Steel manufacture cleaning, Construction industry\u00a0etc.\" \/>\n<meta property=\"og:url\" content=\"https:\/\/panwinjet.com\/es\/producto\/40000psi-pressure-water-jet-cleaning-machine-components-nlb40k-uni-valve\/\" \/>\n<meta property=\"og:site_name\" content=\"Panwin Machinery&amp;Equipment\" \/>\n<meta name=\"twitter:card\" content=\"summary_large_image\" \/>\n<meta name=\"twitter:label1\" content=\"Tiempo de lectura\" \/>\n\t<meta name=\"twitter:data1\" content=\"1 minuto\" \/>\n<script type=\"application\/ld+json\" class=\"yoast-schema-graph\">{\"@context\":\"https:\/\/schema.org\",\"@graph\":[{\"@type\":\"WebPage\",\"@id\":\"https:\/\/panwinjet.com\/product\/40000psi-pressure-water-jet-cleaning-machine-components-nlb40k-uni-valve\/\",\"url\":\"https:\/\/panwinjet.com\/product\/40000psi-pressure-water-jet-cleaning-machine-components-nlb40k-uni-valve\/\",\"name\":\"40000psi Pressure Water Jet cleaning machine components NLB40K Uni-Valve - Panwin Machinery&amp;Equipment\",\"isPartOf\":{\"@id\":\"https:\/\/panwinjet.com\/#website\"},\"datePublished\":\"2025-09-20T08:12:18+00:00\",\"breadcrumb\":{\"@id\":\"https:\/\/panwinjet.com\/product\/40000psi-pressure-water-jet-cleaning-machine-components-nlb40k-uni-valve\/#breadcrumb\"},\"inLanguage\":\"es\",\"potentialAction\":[{\"@type\":\"ReadAction\",\"target\":[\"https:\/\/panwinjet.com\/product\/40000psi-pressure-water-jet-cleaning-machine-components-nlb40k-uni-valve\/\"]}]},{\"@type\":\"BreadcrumbList\",\"@id\":\"https:\/\/panwinjet.com\/product\/40000psi-pressure-water-jet-cleaning-machine-components-nlb40k-uni-valve\/#breadcrumb\",\"itemListElement\":[{\"@type\":\"ListItem\",\"position\":1,\"name\":\"\u9996\u9875\",\"item\":\"https:\/\/panwinjet.com\/\"},{\"@type\":\"ListItem\",\"position\":2,\"name\":\"PRODUCT\",\"item\":\"https:\/\/panwinjet.com\/product\/\"},{\"@type\":\"ListItem\",\"position\":3,\"name\":\"40000psi Pressure Water Jet cleaning machine components NLB40K Uni-Valve\"}]},{\"@type\":\"WebSite\",\"@id\":\"https:\/\/panwinjet.com\/#website\",\"url\":\"https:\/\/panwinjet.com\/\",\"name\":\"Panwin Machinery&amp;Equipment\",\"description\":\"Shenzhen Panwin Machinery&amp;Equipment Co.Ltd\",\"potentialAction\":[{\"@type\":\"SearchAction\",\"target\":{\"@type\":\"EntryPoint\",\"urlTemplate\":\"https:\/\/panwinjet.com\/?s={search_term_string}\"},\"query-input\":{\"@type\":\"PropertyValueSpecification\",\"valueRequired\":true,\"valueName\":\"search_term_string\"}}],\"inLanguage\":\"es\"}]}<\/script>\n<!-- \/ Yoast SEO plugin. -->","yoast_head_json":{"title":"40000psi Pressure Water Jet cleaning machine components NLB40K Uni-Valve - Panwin Machinery&amp;Equipment","robots":{"index":"index","follow":"follow","max-snippet":"max-snippet:-1","max-image-preview":"max-image-preview:large","max-video-preview":"max-video-preview:-1"},"canonical":"https:\/\/panwinjet.com\/es\/producto\/40000psi-pressure-water-jet-cleaning-machine-components-nlb40k-uni-valve\/","og_locale":"es_ES","og_type":"article","og_title":"40000psi Pressure Water Jet cleaning machine components NLB40K Uni-Valve - Panwin Machinery&amp;Equipment","og_description":"Feature And Application of 40000psi Pressure Water Jet cleaning machine components NLB40K Uni-Valve  \u00a0This 40kpsi Pressure hydro cleaning machine\u00a0components NLB40K Uni-Valve\u00a0Cartridge assemblies is featured tight sealing and high performance design, the advantage feature we mentioned as follows:   heavy-duty quality stainless Steel  Excellent craftsmanship  Compact Sealing tolerance  Accurate processing  Application:  This 40kpsi Pressure hydro cleaning machine\u00a0components NLB40K Uni-Valve\u00a0Cartridge assemblies is applied to NLB 40Kpsi pressure pump, it is the key components and high-grade design.  The pump can be widely used in surface cleaning,Tank&amp;Vessel Cleaning,Automotive Painting cleaning,Mining industry cleaning,Steel manufacture cleaning, Construction industry\u00a0etc.","og_url":"https:\/\/panwinjet.com\/es\/producto\/40000psi-pressure-water-jet-cleaning-machine-components-nlb40k-uni-valve\/","og_site_name":"Panwin Machinery&amp;Equipment","twitter_card":"summary_large_image","twitter_misc":{"Tiempo de lectura":"1 minuto"},"schema":{"@context":"https:\/\/schema.org","@graph":[{"@type":"WebPage","@id":"https:\/\/panwinjet.com\/product\/40000psi-pressure-water-jet-cleaning-machine-components-nlb40k-uni-valve\/","url":"https:\/\/panwinjet.com\/product\/40000psi-pressure-water-jet-cleaning-machine-components-nlb40k-uni-valve\/","name":"40000psi Pressure Water Jet cleaning machine components NLB40K Uni-Valve - Panwin Machinery&amp;Equipment","isPartOf":{"@id":"https:\/\/panwinjet.com\/#website"},"datePublished":"2025-09-20T08:12:18+00:00","breadcrumb":{"@id":"https:\/\/panwinjet.com\/product\/40000psi-pressure-water-jet-cleaning-machine-components-nlb40k-uni-valve\/#breadcrumb"},"inLanguage":"es","potentialAction":[{"@type":"ReadAction","target":["https:\/\/panwinjet.com\/product\/40000psi-pressure-water-jet-cleaning-machine-components-nlb40k-uni-valve\/"]}]},{"@type":"BreadcrumbList","@id":"https:\/\/panwinjet.com\/product\/40000psi-pressure-water-jet-cleaning-machine-components-nlb40k-uni-valve\/#breadcrumb","itemListElement":[{"@type":"ListItem","position":1,"name":"\u9996\u9875","item":"https:\/\/panwinjet.com\/"},{"@type":"ListItem","position":2,"name":"PRODUCT","item":"https:\/\/panwinjet.com\/product\/"},{"@type":"ListItem","position":3,"name":"40000psi Pressure Water Jet cleaning machine components NLB40K Uni-Valve"}]},{"@type":"WebSite","@id":"https:\/\/panwinjet.com\/#website","url":"https:\/\/panwinjet.com\/","name":"Panwin Machinery&amp;Equipment","description":"Shenzhen Panwin Machinery&amp;Equipment Co.Ltd","potentialAction":[{"@type":"SearchAction","target":{"@type":"EntryPoint","urlTemplate":"https:\/\/panwinjet.com\/?s={search_term_string}"},"query-input":{"@type":"PropertyValueSpecification","valueRequired":true,"valueName":"search_term_string"}}],"inLanguage":"es"}]}},"_links":{"self":[{"href":"https:\/\/panwinjet.com\/es\/wp-json\/wp\/v2\/product\/1134","targetHints":{"allow":["GET"]}}],"collection":[{"href":"https:\/\/panwinjet.com\/es\/wp-json\/wp\/v2\/product"}],"about":[{"href":"https:\/\/panwinjet.com\/es\/wp-json\/wp\/v2\/types\/product"}],"wp:featuredmedia":[{"embeddable":true,"href":"https:\/\/panwinjet.com\/es\/wp-json\/"}],"wp:attachment":[{"href":"https:\/\/panwinjet.com\/es\/wp-json\/wp\/v2\/media?parent=1134"}],"wp:term":[{"taxonomy":"product_brand","embeddable":true,"href":"https:\/\/panwinjet.com\/es\/wp-json\/wp\/v2\/product_brand?post=1134"},{"taxonomy":"product_cat","embeddable":true,"href":"https:\/\/panwinjet.com\/es\/wp-json\/wp\/v2\/product_cat?post=1134"},{"taxonomy":"product_tag","embeddable":true,"href":"https:\/\/panwinjet.com\/es\/wp-json\/wp\/v2\/product_tag?post=1134"}],"curies":[{"name":"wp","href":"https:\/\/api.w.org\/{rel}","templated":true}]}}