{"id":1118,"date":"2025-09-20T07:48:52","date_gmt":"2025-09-20T07:48:52","guid":{"rendered":"https:\/\/panwinjet.com\/?post_type=product&#038;p=1118"},"modified":"2025-09-21T13:34:49","modified_gmt":"2025-09-21T13:34:49","slug":"16000psi-pressure-water-blasting-cleaning-machine-parts-tongjie1600kgs-uni-valve","status":"publish","type":"product","link":"https:\/\/panwinjet.com\/es\/producto\/16000psi-pressure-water-blasting-cleaning-machine-parts-tongjie1600kgs-uni-valve\/","title":{"rendered":"Piezas para m\u00e1quina de limpieza con chorro de agua a presi\u00f3n de 16000 psi Tongjie1600Kgs Uni-Valve"},"content":{"rendered":"<p><strong><b>\u00a0Introducci\u00f3n de <\/b><\/strong><strong><b>1<\/b><\/strong><strong><b>6<\/b><\/strong><strong><b>Piezas de la m\u00e1quina de limpieza por chorro de agua a presi\u00f3n de 000 psi Tongjie 1600 kg Uni-Valve<\/b><\/strong><\/p>\n<p>Este conjunto Uni-Valve TJ1600Kgs de piezas de m\u00e1quina de limpieza con chorro de agua a presi\u00f3n de 16000 psi est\u00e1 hecho para usarse en bombas de agua de alta presi\u00f3n TJ l\u00edderes y reconocidas en China, para un nivel de presi\u00f3n de 16000 psi, esta bomba es bien recibida por los usuarios y el mercado, y estos conjuntos Uni-Valve son componentes funcionalmente importantes para el prop\u00f3sito de limpieza con chorro de agua.<\/p>\n<p>&nbsp;<\/p>","protected":false},"excerpt":{"rendered":"<p><strong><b>Par\u00e1metro (Especificaci\u00f3n) de <\/b><\/strong><strong><b>Piezas de la m\u00e1quina de limpieza con chorro de agua a presi\u00f3n de 15000 psi TJ1600Kgs Uni-Valve<\/b><\/strong><\/p>\n<p>Le vendemos piezas de m\u00e1quina de limpieza con chorro de agua a presi\u00f3n de 16000 psi. Los conjuntos de v\u00e1lvulas Uni TJ1600Kgs est\u00e1n hechos de acero inoxidable de alta calidad, artesan\u00eda superior y excelente calidad, y los conjuntos de v\u00e1lvulas Uni TJ1600KGS con chorro de agua de 16 kpsi son duraderos y confiables.<\/p>\n<p><strong><b>Caracter\u00edsticas y aplicaciones de <\/b><\/strong><strong><b>1<\/b><\/strong><strong><b>6<\/b><\/strong><strong><b>Piezas de la m\u00e1quina de limpieza con chorro de agua a presi\u00f3n de 000 psi TJ1600Kgs Uni-Valve<\/b><\/strong><\/p>\n<p><strong><b>Te vendemos el <\/b><\/strong><strong><b>1<\/b><\/strong><strong><b>6<\/b><\/strong><strong><b>Piezas de la m\u00e1quina de limpieza con chorro de agua a presi\u00f3n de 000 psi TJ1600Kgs Uni-Valve<\/b><\/strong><strong><b>\u00a0Es una bomba de dise\u00f1o avanzado y esta de 16 kpsi <\/b><\/strong><strong><b>Chorro de agua TJ1600Kgs Uni-Valve<\/b><\/strong><strong><b>\u00a0Se caracteriza por su f\u00e1cil mantenimiento, ahorro de tiempo y alto rendimiento eficiente gracias a su buen dise\u00f1o, en general lo mencionamos a continuaci\u00f3n:<\/b><\/strong><\/p>\n<ul>\n<li>Acero inoxidable de alta calidad<\/li>\n<li>T\u00e9cnica superior<\/li>\n<li>Tolerancia de sellado compacta<\/li>\n<\/ul>","protected":false},"featured_media":1122,"template":"","meta":[],"product_brand":[],"product_cat":[6],"product_tag":[],"class_list":{"0":"post-1118","1":"product","2":"type-product","3":"status-publish","4":"has-post-thumbnail","6":"product_cat-uni-valves-for-uhp-pump","8":"first","9":"instock","10":"shipping-taxable","11":"product-type-simple"},"yoast_head":"<!-- This site is optimized with the Yoast SEO plugin v24.9 - https:\/\/yoast.com\/wordpress\/plugins\/seo\/ -->\n<title>16000psi Pressure Water blasting cleaning machine parts Tongjie1600Kgs Uni-Valve - Panwin Machinery&amp;Equipment<\/title>\n<meta name=\"robots\" content=\"index, follow, max-snippet:-1, max-image-preview:large, max-video-preview:-1\" \/>\n<link rel=\"canonical\" href=\"https:\/\/panwinjet.com\/es\/producto\/16000psi-pressure-water-blasting-cleaning-machine-parts-tongjie1600kgs-uni-valve\/\" \/>\n<meta property=\"og:locale\" content=\"es_ES\" \/>\n<meta property=\"og:type\" content=\"article\" \/>\n<meta property=\"og:title\" content=\"16000psi Pressure Water blasting cleaning machine parts Tongjie1600Kgs Uni-Valve - Panwin Machinery&amp;Equipment\" \/>\n<meta property=\"og:description\" content=\"Parameter (Specification) of 15000psi Pressure Water blasting cleaning machine parts TJ1600Kgs Uni-Valve  We sell you 16000psi Pressure Water blasting cleaning machine parts TJ1600Kgs Uni-Valve\u00a0assemblies is made of heavy-duty\u00a0quality stainless steel, senior\u00a0craftsmanship and excellent quality, and 16kpsi Water Blasting TJ1600KGS\u00a0Uni Valve Assemblies is durable and reliable.  Feature And Application of 16000psi Pressure Water blasting cleaning machine parts TJ1600Kgs Uni-Valve  We sell you the 16000psi Pressure Water blasting cleaning machine parts TJ1600Kgs Uni-Valve\u00a0is advanced design pump and this 16kpsi Water blasting TJ1600Kgs Uni-Valve\u00a0is features easy-service, time-saving and high-efficiency performance due to good design, in generally we mentioned as follow:   High-level quality stainless Steel  Superior Technique  Compact Sealing tolerance\" \/>\n<meta property=\"og:url\" content=\"https:\/\/panwinjet.com\/es\/producto\/16000psi-pressure-water-blasting-cleaning-machine-parts-tongjie1600kgs-uni-valve\/\" \/>\n<meta property=\"og:site_name\" content=\"Panwin Machinery&amp;Equipment\" \/>\n<meta property=\"article:modified_time\" content=\"2025-09-21T13:34:49+00:00\" \/>\n<meta property=\"og:image\" content=\"https:\/\/panwinjet.com\/wp-content\/uploads\/2025\/09\/TJ-Pump-3-2.png\" \/>\n\t<meta property=\"og:image:width\" content=\"1055\" \/>\n\t<meta property=\"og:image:height\" content=\"905\" \/>\n\t<meta property=\"og:image:type\" content=\"image\/png\" \/>\n<meta name=\"twitter:card\" content=\"summary_large_image\" \/>\n<meta name=\"twitter:label1\" content=\"Tiempo de lectura\" \/>\n\t<meta name=\"twitter:data1\" content=\"1 minuto\" \/>\n<script type=\"application\/ld+json\" class=\"yoast-schema-graph\">{\"@context\":\"https:\/\/schema.org\",\"@graph\":[{\"@type\":\"WebPage\",\"@id\":\"https:\/\/panwinjet.com\/product\/16000psi-pressure-water-blasting-cleaning-machine-parts-tongjie1600kgs-uni-valve\/\",\"url\":\"https:\/\/panwinjet.com\/product\/16000psi-pressure-water-blasting-cleaning-machine-parts-tongjie1600kgs-uni-valve\/\",\"name\":\"16000psi Pressure Water blasting cleaning machine parts Tongjie1600Kgs Uni-Valve - Panwin Machinery&amp;Equipment\",\"isPartOf\":{\"@id\":\"https:\/\/panwinjet.com\/#website\"},\"primaryImageOfPage\":{\"@id\":\"https:\/\/panwinjet.com\/product\/16000psi-pressure-water-blasting-cleaning-machine-parts-tongjie1600kgs-uni-valve\/#primaryimage\"},\"image\":{\"@id\":\"https:\/\/panwinjet.com\/product\/16000psi-pressure-water-blasting-cleaning-machine-parts-tongjie1600kgs-uni-valve\/#primaryimage\"},\"thumbnailUrl\":\"https:\/\/panwinjet.com\/wp-content\/uploads\/2025\/09\/TJ-Pump-3-2.png\",\"datePublished\":\"2025-09-20T07:48:52+00:00\",\"dateModified\":\"2025-09-21T13:34:49+00:00\",\"breadcrumb\":{\"@id\":\"https:\/\/panwinjet.com\/product\/16000psi-pressure-water-blasting-cleaning-machine-parts-tongjie1600kgs-uni-valve\/#breadcrumb\"},\"inLanguage\":\"es\",\"potentialAction\":[{\"@type\":\"ReadAction\",\"target\":[\"https:\/\/panwinjet.com\/product\/16000psi-pressure-water-blasting-cleaning-machine-parts-tongjie1600kgs-uni-valve\/\"]}]},{\"@type\":\"ImageObject\",\"inLanguage\":\"es\",\"@id\":\"https:\/\/panwinjet.com\/product\/16000psi-pressure-water-blasting-cleaning-machine-parts-tongjie1600kgs-uni-valve\/#primaryimage\",\"url\":\"https:\/\/panwinjet.com\/wp-content\/uploads\/2025\/09\/TJ-Pump-3-2.png\",\"contentUrl\":\"https:\/\/panwinjet.com\/wp-content\/uploads\/2025\/09\/TJ-Pump-3-2.png\",\"width\":1055,\"height\":905},{\"@type\":\"BreadcrumbList\",\"@id\":\"https:\/\/panwinjet.com\/product\/16000psi-pressure-water-blasting-cleaning-machine-parts-tongjie1600kgs-uni-valve\/#breadcrumb\",\"itemListElement\":[{\"@type\":\"ListItem\",\"position\":1,\"name\":\"\u9996\u9875\",\"item\":\"https:\/\/panwinjet.com\/\"},{\"@type\":\"ListItem\",\"position\":2,\"name\":\"PRODUCT\",\"item\":\"https:\/\/panwinjet.com\/product\/\"},{\"@type\":\"ListItem\",\"position\":3,\"name\":\"16000psi Pressure Water blasting cleaning machine parts Tongjie1600Kgs Uni-Valve\"}]},{\"@type\":\"WebSite\",\"@id\":\"https:\/\/panwinjet.com\/#website\",\"url\":\"https:\/\/panwinjet.com\/\",\"name\":\"Panwin Machinery&amp;Equipment\",\"description\":\"Shenzhen Panwin Machinery&amp;Equipment Co.Ltd\",\"potentialAction\":[{\"@type\":\"SearchAction\",\"target\":{\"@type\":\"EntryPoint\",\"urlTemplate\":\"https:\/\/panwinjet.com\/?s={search_term_string}\"},\"query-input\":{\"@type\":\"PropertyValueSpecification\",\"valueRequired\":true,\"valueName\":\"search_term_string\"}}],\"inLanguage\":\"es\"}]}<\/script>\n<!-- \/ Yoast SEO plugin. -->","yoast_head_json":{"title":"16000psi Pressure Water blasting cleaning machine parts Tongjie1600Kgs Uni-Valve - Panwin Machinery&amp;Equipment","robots":{"index":"index","follow":"follow","max-snippet":"max-snippet:-1","max-image-preview":"max-image-preview:large","max-video-preview":"max-video-preview:-1"},"canonical":"https:\/\/panwinjet.com\/es\/producto\/16000psi-pressure-water-blasting-cleaning-machine-parts-tongjie1600kgs-uni-valve\/","og_locale":"es_ES","og_type":"article","og_title":"16000psi Pressure Water blasting cleaning machine parts Tongjie1600Kgs Uni-Valve - Panwin Machinery&amp;Equipment","og_description":"Parameter (Specification) of 15000psi Pressure Water blasting cleaning machine parts TJ1600Kgs Uni-Valve  We sell you 16000psi Pressure Water blasting cleaning machine parts TJ1600Kgs Uni-Valve\u00a0assemblies is made of heavy-duty\u00a0quality stainless steel, senior\u00a0craftsmanship and excellent quality, and 16kpsi Water Blasting TJ1600KGS\u00a0Uni Valve Assemblies is durable and reliable.  Feature And Application of 16000psi Pressure Water blasting cleaning machine parts TJ1600Kgs Uni-Valve  We sell you the 16000psi Pressure Water blasting cleaning machine parts TJ1600Kgs Uni-Valve\u00a0is advanced design pump and this 16kpsi Water blasting TJ1600Kgs Uni-Valve\u00a0is features easy-service, time-saving and high-efficiency performance due to good design, in generally we mentioned as follow:   High-level quality stainless Steel  Superior Technique  Compact Sealing tolerance","og_url":"https:\/\/panwinjet.com\/es\/producto\/16000psi-pressure-water-blasting-cleaning-machine-parts-tongjie1600kgs-uni-valve\/","og_site_name":"Panwin Machinery&amp;Equipment","article_modified_time":"2025-09-21T13:34:49+00:00","og_image":[{"width":1055,"height":905,"url":"https:\/\/panwinjet.com\/wp-content\/uploads\/2025\/09\/TJ-Pump-3-2.png","type":"image\/png"}],"twitter_card":"summary_large_image","twitter_misc":{"Tiempo de lectura":"1 minuto"},"schema":{"@context":"https:\/\/schema.org","@graph":[{"@type":"WebPage","@id":"https:\/\/panwinjet.com\/product\/16000psi-pressure-water-blasting-cleaning-machine-parts-tongjie1600kgs-uni-valve\/","url":"https:\/\/panwinjet.com\/product\/16000psi-pressure-water-blasting-cleaning-machine-parts-tongjie1600kgs-uni-valve\/","name":"16000psi Pressure Water blasting cleaning machine parts Tongjie1600Kgs Uni-Valve - Panwin Machinery&amp;Equipment","isPartOf":{"@id":"https:\/\/panwinjet.com\/#website"},"primaryImageOfPage":{"@id":"https:\/\/panwinjet.com\/product\/16000psi-pressure-water-blasting-cleaning-machine-parts-tongjie1600kgs-uni-valve\/#primaryimage"},"image":{"@id":"https:\/\/panwinjet.com\/product\/16000psi-pressure-water-blasting-cleaning-machine-parts-tongjie1600kgs-uni-valve\/#primaryimage"},"thumbnailUrl":"https:\/\/panwinjet.com\/wp-content\/uploads\/2025\/09\/TJ-Pump-3-2.png","datePublished":"2025-09-20T07:48:52+00:00","dateModified":"2025-09-21T13:34:49+00:00","breadcrumb":{"@id":"https:\/\/panwinjet.com\/product\/16000psi-pressure-water-blasting-cleaning-machine-parts-tongjie1600kgs-uni-valve\/#breadcrumb"},"inLanguage":"es","potentialAction":[{"@type":"ReadAction","target":["https:\/\/panwinjet.com\/product\/16000psi-pressure-water-blasting-cleaning-machine-parts-tongjie1600kgs-uni-valve\/"]}]},{"@type":"ImageObject","inLanguage":"es","@id":"https:\/\/panwinjet.com\/product\/16000psi-pressure-water-blasting-cleaning-machine-parts-tongjie1600kgs-uni-valve\/#primaryimage","url":"https:\/\/panwinjet.com\/wp-content\/uploads\/2025\/09\/TJ-Pump-3-2.png","contentUrl":"https:\/\/panwinjet.com\/wp-content\/uploads\/2025\/09\/TJ-Pump-3-2.png","width":1055,"height":905},{"@type":"BreadcrumbList","@id":"https:\/\/panwinjet.com\/product\/16000psi-pressure-water-blasting-cleaning-machine-parts-tongjie1600kgs-uni-valve\/#breadcrumb","itemListElement":[{"@type":"ListItem","position":1,"name":"\u9996\u9875","item":"https:\/\/panwinjet.com\/"},{"@type":"ListItem","position":2,"name":"PRODUCT","item":"https:\/\/panwinjet.com\/product\/"},{"@type":"ListItem","position":3,"name":"16000psi Pressure Water blasting cleaning machine parts Tongjie1600Kgs Uni-Valve"}]},{"@type":"WebSite","@id":"https:\/\/panwinjet.com\/#website","url":"https:\/\/panwinjet.com\/","name":"Panwin Machinery&amp;Equipment","description":"Shenzhen Panwin Machinery&amp;Equipment Co.Ltd","potentialAction":[{"@type":"SearchAction","target":{"@type":"EntryPoint","urlTemplate":"https:\/\/panwinjet.com\/?s={search_term_string}"},"query-input":{"@type":"PropertyValueSpecification","valueRequired":true,"valueName":"search_term_string"}}],"inLanguage":"es"}]}},"_links":{"self":[{"href":"https:\/\/panwinjet.com\/es\/wp-json\/wp\/v2\/product\/1118","targetHints":{"allow":["GET"]}}],"collection":[{"href":"https:\/\/panwinjet.com\/es\/wp-json\/wp\/v2\/product"}],"about":[{"href":"https:\/\/panwinjet.com\/es\/wp-json\/wp\/v2\/types\/product"}],"wp:featuredmedia":[{"embeddable":true,"href":"https:\/\/panwinjet.com\/es\/wp-json\/wp\/v2\/media\/1122"}],"wp:attachment":[{"href":"https:\/\/panwinjet.com\/es\/wp-json\/wp\/v2\/media?parent=1118"}],"wp:term":[{"taxonomy":"product_brand","embeddable":true,"href":"https:\/\/panwinjet.com\/es\/wp-json\/wp\/v2\/product_brand?post=1118"},{"taxonomy":"product_cat","embeddable":true,"href":"https:\/\/panwinjet.com\/es\/wp-json\/wp\/v2\/product_cat?post=1118"},{"taxonomy":"product_tag","embeddable":true,"href":"https:\/\/panwinjet.com\/es\/wp-json\/wp\/v2\/product_tag?post=1118"}],"curies":[{"name":"wp","href":"https:\/\/api.w.org\/{rel}","templated":true}]}}