{"id":1109,"date":"2025-09-20T07:38:55","date_gmt":"2025-09-20T07:38:55","guid":{"rendered":"https:\/\/panwinjet.com\/?post_type=product&#038;p=1109"},"modified":"2025-09-20T07:38:56","modified_gmt":"2025-09-20T07:38:56","slug":"hydro-water-blasting-industry-cleaning-machine-parts-tongjie-40k2800-kgs-uni-valve-assemblies","status":"publish","type":"product","link":"https:\/\/panwinjet.com\/es\/producto\/hydro-water-blasting-industry-cleaning-machine-parts-tongjie-40k2800-kgs-uni-valve-assemblies\/","title":{"rendered":"Piezas para m\u00e1quinas de limpieza industrial con chorro de agua a presi\u00f3n Tongjie 40K2800 Kgs Conjuntos Uni-Valve"},"content":{"rendered":"<p>Piezas para m\u00e1quinas de limpieza industrial con chorro de agua a presi\u00f3n Tongjie 40K2800Kgs Conjuntos de v\u00e1lvulas Uni-Valve<\/p>\n<p><strong><b>\u00a0Introducci\u00f3n de <\/b><\/strong>Piezas para m\u00e1quinas de limpieza industrial con chorro de agua a presi\u00f3n TJ 40K2800Kgs Conjuntos de v\u00e1lvulas Uni<\/p>\n<p>Le ofrecemos repuestos para m\u00e1quinas de limpieza industrial con chorro de agua a presi\u00f3n, como el conjunto de v\u00e1lvula Uni-Valve TJ 40K2800Kgs, de alta calidad y a un precio competitivo. Esta v\u00e1lvula Uni-Valve TJ 40K2800Kgs es de TJ, fabricante l\u00edder de bombas en China, reconocido por su tecnolog\u00eda avanzada. Con una presi\u00f3n de 40 kpsi, esta bomba cumple con los requisitos para la mayor\u00eda de las aplicaciones de limpieza con chorro de agua, como la limpieza de superficies y tuber\u00edas.<\/p>","protected":false},"excerpt":{"rendered":"<p>Este conjunto de v\u00e1lvulas Uni-Valve TJ 40K2800Kgs para m\u00e1quinas de limpieza industrial con chorro de agua Panwin Hydro est\u00e1 fabricado con acero inoxidable de alta calidad, mano de obra superior y excelente calidad, y esta v\u00e1lvula Uni-Valve es duradera y confiable.<\/p>\n<p><img decoding=\"async\" class=\"aligncenter size-full wp-image-1116 lazyload\" data-src=\"https:\/\/panwinjet.com\/wp-content\/uploads\/2025\/09\/TJ-Pump-3.png\" alt=\"\" width=\"1055\" height=\"905\" data-srcset=\"https:\/\/panwinjet.com\/wp-content\/uploads\/2025\/09\/TJ-Pump-3.png 1055w, https:\/\/panwinjet.com\/wp-content\/uploads\/2025\/09\/TJ-Pump-3-500x429.png 500w, https:\/\/panwinjet.com\/wp-content\/uploads\/2025\/09\/TJ-Pump-3-300x257.png 300w, https:\/\/panwinjet.com\/wp-content\/uploads\/2025\/09\/TJ-Pump-3-768x659.png 768w, https:\/\/panwinjet.com\/wp-content\/uploads\/2025\/09\/TJ-Pump-3-87x75.png 87w, https:\/\/panwinjet.com\/wp-content\/uploads\/2025\/09\/TJ-Pump-3-480x412.png 480w, https:\/\/panwinjet.com\/wp-content\/uploads\/2025\/09\/TJ-Pump-3-800x686.png 800w\" data-sizes=\"(max-width:767px) 480px, (max-width:1055px) 100vw, 1055px\" src=\"data:image\/svg+xml;base64,PHN2ZyB3aWR0aD0iMSIgaGVpZ2h0PSIxIiB4bWxucz0iaHR0cDovL3d3dy53My5vcmcvMjAwMC9zdmciPjwvc3ZnPg==\" style=\"--smush-placeholder-width: 1055px; --smush-placeholder-aspect-ratio: 1055\/905;\" \/><\/p>\n<p><strong><b>\u00a0Caracter\u00edsticas y aplicaciones de <\/b><\/strong>Piezas para m\u00e1quinas de limpieza industrial con chorro de agua a presi\u00f3n TJ 40K2800Kgs Conjuntos de v\u00e1lvulas Uni<\/p>\n<p>Este conjunto de v\u00e1lvulas Uni-Valve para m\u00e1quinas de limpieza industrial con chorro de agua a presi\u00f3n TJ 40K2800Kgs es totalmente compatible con la bomba TJ de 40kpsi, l\u00edder y reconocida en China. Presenta caracter\u00edsticas ventajosas en la fabricaci\u00f3n de sellos y destaca por sus 3 puntos principales:<\/p>\n<ul>\n<li>Acero inoxidable de alta calidad<\/li>\n<li>Excelente mano de obra<\/li>\n<li>Tolerancias de sellado ajustadas<\/li>\n<\/ul>","protected":false},"featured_media":1115,"template":"","meta":[],"product_brand":[],"product_cat":[6],"product_tag":[],"class_list":{"0":"post-1109","1":"product","2":"type-product","3":"status-publish","4":"has-post-thumbnail","6":"product_cat-uni-valves-for-uhp-pump","8":"first","9":"instock","10":"shipping-taxable","11":"product-type-simple"},"yoast_head":"<!-- This site is optimized with the Yoast SEO plugin v24.9 - https:\/\/yoast.com\/wordpress\/plugins\/seo\/ -->\n<title>Hydro water blasting Industry cleaning machine parts Tongjie 40K2800 Kgs Uni-Valve Assemblies - Panwin Machinery&amp;Equipment<\/title>\n<meta name=\"robots\" content=\"index, follow, max-snippet:-1, max-image-preview:large, max-video-preview:-1\" \/>\n<link rel=\"canonical\" href=\"https:\/\/panwinjet.com\/es\/producto\/hydro-water-blasting-industry-cleaning-machine-parts-tongjie-40k2800-kgs-uni-valve-assemblies\/\" \/>\n<meta property=\"og:locale\" content=\"es_ES\" \/>\n<meta property=\"og:type\" content=\"article\" \/>\n<meta property=\"og:title\" content=\"Hydro water blasting Industry cleaning machine parts Tongjie 40K2800 Kgs Uni-Valve Assemblies - Panwin Machinery&amp;Equipment\" \/>\n<meta property=\"og:description\" content=\"This Panwin Hydro water blasting Industry cleaning machine parts TJ 40K2800Kgs Uni-Valve assemblies is made of High-classed quality stainless steel, superior craftsmanship and excellent quality, and this Uni Valve is durable and reliable.    \u00a0Feature And Application of Hydro water blasting Industry cleaning machine parts TJ 40K2800Kgs Uni-ValveAssemblies  This Hydro\u00a0water blasting Industry cleaning machine parts TJ 40K2800Kgs Uni-Valve\u00a0Assemblies is totally compatible with the China leading and famous pump TJ for 40kpsi Pump, it has advantage features in sealing manufactures, and we features 3 major points:   High-grade quality stainless Steel  Excellent craftsmanship  Tight seal tolerances\" \/>\n<meta property=\"og:url\" content=\"https:\/\/panwinjet.com\/es\/producto\/hydro-water-blasting-industry-cleaning-machine-parts-tongjie-40k2800-kgs-uni-valve-assemblies\/\" \/>\n<meta property=\"og:site_name\" content=\"Panwin Machinery&amp;Equipment\" \/>\n<meta property=\"article:modified_time\" content=\"2025-09-20T07:38:56+00:00\" \/>\n<meta property=\"og:image\" content=\"https:\/\/panwinjet.com\/wp-content\/uploads\/2025\/09\/TJ-40K-Uni-Valve-6-scaled.jpg\" \/>\n\t<meta property=\"og:image:width\" content=\"1920\" \/>\n\t<meta property=\"og:image:height\" content=\"2560\" \/>\n\t<meta property=\"og:image:type\" content=\"image\/jpeg\" \/>\n<meta name=\"twitter:card\" content=\"summary_large_image\" \/>\n<meta name=\"twitter:label1\" content=\"Tiempo de lectura\" \/>\n\t<meta name=\"twitter:data1\" content=\"1 minuto\" \/>\n<script type=\"application\/ld+json\" class=\"yoast-schema-graph\">{\"@context\":\"https:\/\/schema.org\",\"@graph\":[{\"@type\":\"WebPage\",\"@id\":\"https:\/\/panwinjet.com\/product\/hydro-water-blasting-industry-cleaning-machine-parts-tongjie-40k2800-kgs-uni-valve-assemblies\/\",\"url\":\"https:\/\/panwinjet.com\/product\/hydro-water-blasting-industry-cleaning-machine-parts-tongjie-40k2800-kgs-uni-valve-assemblies\/\",\"name\":\"Hydro water blasting Industry cleaning machine parts Tongjie 40K2800 Kgs Uni-Valve Assemblies - Panwin Machinery&amp;Equipment\",\"isPartOf\":{\"@id\":\"https:\/\/panwinjet.com\/#website\"},\"primaryImageOfPage\":{\"@id\":\"https:\/\/panwinjet.com\/product\/hydro-water-blasting-industry-cleaning-machine-parts-tongjie-40k2800-kgs-uni-valve-assemblies\/#primaryimage\"},\"image\":{\"@id\":\"https:\/\/panwinjet.com\/product\/hydro-water-blasting-industry-cleaning-machine-parts-tongjie-40k2800-kgs-uni-valve-assemblies\/#primaryimage\"},\"thumbnailUrl\":\"https:\/\/panwinjet.com\/wp-content\/uploads\/2025\/09\/TJ-40K-Uni-Valve-6-scaled.jpg\",\"datePublished\":\"2025-09-20T07:38:55+00:00\",\"dateModified\":\"2025-09-20T07:38:56+00:00\",\"breadcrumb\":{\"@id\":\"https:\/\/panwinjet.com\/product\/hydro-water-blasting-industry-cleaning-machine-parts-tongjie-40k2800-kgs-uni-valve-assemblies\/#breadcrumb\"},\"inLanguage\":\"es\",\"potentialAction\":[{\"@type\":\"ReadAction\",\"target\":[\"https:\/\/panwinjet.com\/product\/hydro-water-blasting-industry-cleaning-machine-parts-tongjie-40k2800-kgs-uni-valve-assemblies\/\"]}]},{\"@type\":\"ImageObject\",\"inLanguage\":\"es\",\"@id\":\"https:\/\/panwinjet.com\/product\/hydro-water-blasting-industry-cleaning-machine-parts-tongjie-40k2800-kgs-uni-valve-assemblies\/#primaryimage\",\"url\":\"https:\/\/panwinjet.com\/wp-content\/uploads\/2025\/09\/TJ-40K-Uni-Valve-6-scaled.jpg\",\"contentUrl\":\"https:\/\/panwinjet.com\/wp-content\/uploads\/2025\/09\/TJ-40K-Uni-Valve-6-scaled.jpg\",\"width\":1920,\"height\":2560},{\"@type\":\"BreadcrumbList\",\"@id\":\"https:\/\/panwinjet.com\/product\/hydro-water-blasting-industry-cleaning-machine-parts-tongjie-40k2800-kgs-uni-valve-assemblies\/#breadcrumb\",\"itemListElement\":[{\"@type\":\"ListItem\",\"position\":1,\"name\":\"\u9996\u9875\",\"item\":\"https:\/\/panwinjet.com\/\"},{\"@type\":\"ListItem\",\"position\":2,\"name\":\"PRODUCT\",\"item\":\"https:\/\/panwinjet.com\/product\/\"},{\"@type\":\"ListItem\",\"position\":3,\"name\":\"Hydro water blasting Industry cleaning machine parts Tongjie 40K2800 Kgs Uni-Valve Assemblies\"}]},{\"@type\":\"WebSite\",\"@id\":\"https:\/\/panwinjet.com\/#website\",\"url\":\"https:\/\/panwinjet.com\/\",\"name\":\"Panwin Machinery&amp;Equipment\",\"description\":\"Shenzhen Panwin Machinery&amp;Equipment Co.Ltd\",\"potentialAction\":[{\"@type\":\"SearchAction\",\"target\":{\"@type\":\"EntryPoint\",\"urlTemplate\":\"https:\/\/panwinjet.com\/?s={search_term_string}\"},\"query-input\":{\"@type\":\"PropertyValueSpecification\",\"valueRequired\":true,\"valueName\":\"search_term_string\"}}],\"inLanguage\":\"es\"}]}<\/script>\n<!-- \/ Yoast SEO plugin. -->","yoast_head_json":{"title":"Hydro water blasting Industry cleaning machine parts Tongjie 40K2800 Kgs Uni-Valve Assemblies - Panwin Machinery&amp;Equipment","robots":{"index":"index","follow":"follow","max-snippet":"max-snippet:-1","max-image-preview":"max-image-preview:large","max-video-preview":"max-video-preview:-1"},"canonical":"https:\/\/panwinjet.com\/es\/producto\/hydro-water-blasting-industry-cleaning-machine-parts-tongjie-40k2800-kgs-uni-valve-assemblies\/","og_locale":"es_ES","og_type":"article","og_title":"Hydro water blasting Industry cleaning machine parts Tongjie 40K2800 Kgs Uni-Valve Assemblies - Panwin Machinery&amp;Equipment","og_description":"This Panwin Hydro water blasting Industry cleaning machine parts TJ 40K2800Kgs Uni-Valve assemblies is made of High-classed quality stainless steel, superior craftsmanship and excellent quality, and this Uni Valve is durable and reliable.    \u00a0Feature And Application of Hydro water blasting Industry cleaning machine parts TJ 40K2800Kgs Uni-ValveAssemblies  This Hydro\u00a0water blasting Industry cleaning machine parts TJ 40K2800Kgs Uni-Valve\u00a0Assemblies is totally compatible with the China leading and famous pump TJ for 40kpsi Pump, it has advantage features in sealing manufactures, and we features 3 major points:   High-grade quality stainless Steel  Excellent craftsmanship  Tight seal tolerances","og_url":"https:\/\/panwinjet.com\/es\/producto\/hydro-water-blasting-industry-cleaning-machine-parts-tongjie-40k2800-kgs-uni-valve-assemblies\/","og_site_name":"Panwin Machinery&amp;Equipment","article_modified_time":"2025-09-20T07:38:56+00:00","og_image":[{"width":1920,"height":2560,"url":"https:\/\/panwinjet.com\/wp-content\/uploads\/2025\/09\/TJ-40K-Uni-Valve-6-scaled.jpg","type":"image\/jpeg"}],"twitter_card":"summary_large_image","twitter_misc":{"Tiempo de lectura":"1 minuto"},"schema":{"@context":"https:\/\/schema.org","@graph":[{"@type":"WebPage","@id":"https:\/\/panwinjet.com\/product\/hydro-water-blasting-industry-cleaning-machine-parts-tongjie-40k2800-kgs-uni-valve-assemblies\/","url":"https:\/\/panwinjet.com\/product\/hydro-water-blasting-industry-cleaning-machine-parts-tongjie-40k2800-kgs-uni-valve-assemblies\/","name":"Hydro water blasting Industry cleaning machine parts Tongjie 40K2800 Kgs Uni-Valve Assemblies - Panwin Machinery&amp;Equipment","isPartOf":{"@id":"https:\/\/panwinjet.com\/#website"},"primaryImageOfPage":{"@id":"https:\/\/panwinjet.com\/product\/hydro-water-blasting-industry-cleaning-machine-parts-tongjie-40k2800-kgs-uni-valve-assemblies\/#primaryimage"},"image":{"@id":"https:\/\/panwinjet.com\/product\/hydro-water-blasting-industry-cleaning-machine-parts-tongjie-40k2800-kgs-uni-valve-assemblies\/#primaryimage"},"thumbnailUrl":"https:\/\/panwinjet.com\/wp-content\/uploads\/2025\/09\/TJ-40K-Uni-Valve-6-scaled.jpg","datePublished":"2025-09-20T07:38:55+00:00","dateModified":"2025-09-20T07:38:56+00:00","breadcrumb":{"@id":"https:\/\/panwinjet.com\/product\/hydro-water-blasting-industry-cleaning-machine-parts-tongjie-40k2800-kgs-uni-valve-assemblies\/#breadcrumb"},"inLanguage":"es","potentialAction":[{"@type":"ReadAction","target":["https:\/\/panwinjet.com\/product\/hydro-water-blasting-industry-cleaning-machine-parts-tongjie-40k2800-kgs-uni-valve-assemblies\/"]}]},{"@type":"ImageObject","inLanguage":"es","@id":"https:\/\/panwinjet.com\/product\/hydro-water-blasting-industry-cleaning-machine-parts-tongjie-40k2800-kgs-uni-valve-assemblies\/#primaryimage","url":"https:\/\/panwinjet.com\/wp-content\/uploads\/2025\/09\/TJ-40K-Uni-Valve-6-scaled.jpg","contentUrl":"https:\/\/panwinjet.com\/wp-content\/uploads\/2025\/09\/TJ-40K-Uni-Valve-6-scaled.jpg","width":1920,"height":2560},{"@type":"BreadcrumbList","@id":"https:\/\/panwinjet.com\/product\/hydro-water-blasting-industry-cleaning-machine-parts-tongjie-40k2800-kgs-uni-valve-assemblies\/#breadcrumb","itemListElement":[{"@type":"ListItem","position":1,"name":"\u9996\u9875","item":"https:\/\/panwinjet.com\/"},{"@type":"ListItem","position":2,"name":"PRODUCT","item":"https:\/\/panwinjet.com\/product\/"},{"@type":"ListItem","position":3,"name":"Hydro water blasting Industry cleaning machine parts Tongjie 40K2800 Kgs Uni-Valve Assemblies"}]},{"@type":"WebSite","@id":"https:\/\/panwinjet.com\/#website","url":"https:\/\/panwinjet.com\/","name":"Panwin Machinery&amp;Equipment","description":"Shenzhen Panwin Machinery&amp;Equipment Co.Ltd","potentialAction":[{"@type":"SearchAction","target":{"@type":"EntryPoint","urlTemplate":"https:\/\/panwinjet.com\/?s={search_term_string}"},"query-input":{"@type":"PropertyValueSpecification","valueRequired":true,"valueName":"search_term_string"}}],"inLanguage":"es"}]}},"_links":{"self":[{"href":"https:\/\/panwinjet.com\/es\/wp-json\/wp\/v2\/product\/1109","targetHints":{"allow":["GET"]}}],"collection":[{"href":"https:\/\/panwinjet.com\/es\/wp-json\/wp\/v2\/product"}],"about":[{"href":"https:\/\/panwinjet.com\/es\/wp-json\/wp\/v2\/types\/product"}],"wp:featuredmedia":[{"embeddable":true,"href":"https:\/\/panwinjet.com\/es\/wp-json\/wp\/v2\/media\/1115"}],"wp:attachment":[{"href":"https:\/\/panwinjet.com\/es\/wp-json\/wp\/v2\/media?parent=1109"}],"wp:term":[{"taxonomy":"product_brand","embeddable":true,"href":"https:\/\/panwinjet.com\/es\/wp-json\/wp\/v2\/product_brand?post=1109"},{"taxonomy":"product_cat","embeddable":true,"href":"https:\/\/panwinjet.com\/es\/wp-json\/wp\/v2\/product_cat?post=1109"},{"taxonomy":"product_tag","embeddable":true,"href":"https:\/\/panwinjet.com\/es\/wp-json\/wp\/v2\/product_tag?post=1109"}],"curies":[{"name":"wp","href":"https:\/\/api.w.org\/{rel}","templated":true}]}}